{"id":33040,"date":"2023-10-31T16:46:49","date_gmt":"2023-10-31T16:46:49","guid":{"rendered":"https:\/\/therninc.wpenginepowered.com\/industries\/denmark-wastewater-treatment-aalborg\/"},"modified":"2023-10-31T16:50:37","modified_gmt":"2023-10-31T16:50:37","slug":"denmark-wastewater-treatment-aalborg","status":"publish","type":"page","link":"https:\/\/thern.com\/nl\/portfolio\/denmark-wastewater-treatment-aalborg\/","title":{"rendered":"Denmark Wastewater Treatment Aalborg"},"content":{"rendered":"<div class=\"wpb-content-wrapper\"><p>[vc_section full_width=&#8221;stretch_row&#8221; content_placement=&#8221;middle&#8221; css=&#8221;.vc_custom_1692983716171{padding-top: 0px !important;background: #dddddd url(https:\/\/thern.com\/wp-content\/uploads\/2023\/07\/Thern-Inc_About-Hero.jpg?id=343) !important;background-position: center !important;background-repeat: no-repeat !important;background-size: cover !important;}&#8221;][vc_row full_width=&#8221;stretch_row&#8221; css=&#8221;.vc_custom_1692983676181{padding-top: 50px !important;padding-bottom: 70px !important;background-color: rgba(0,0,0,0.5) !important;*background-color: rgb(0,0,0) !important;}&#8221;][vc_column][vc_custom_heading text=&#8221;Afvalwaterzuivering voor Aalborg&#8221; font_container=&#8221;tag:h1|text_align:left|color:%23ffffff&#8221; use_theme_fonts=&#8221;yes&#8221; css_animation=&#8221;fadeInLeft&#8221;][\/vc_column][\/vc_row][\/vc_section][vc_row full_width=&#8221;stretch_row&#8221; equal_height=&#8221;yes&#8221; css=&#8221;.vc_custom_1692985496191{padding-top: 65px !important;padding-bottom: 35px !important;}&#8221;][vc_column css_animation=&#8221;fadeInLeft&#8221; width=&#8221;1\/2&#8243;][vc_custom_heading text=&#8221;Uitdaging: reductie van kosten voor de waterzuivering&#8221; font_container=&#8221;tag:h4|text_align:left|color:%23900000&#8243; use_theme_fonts=&#8221;yes&#8221;][vc_column_text]Aalborg in Denemarken is een groeiende stad qua inwoners maar trekt ook steeds meer toerisme aan. Aalborg heeft de laatste jaren twee nieuwe afvalwaterzuiveringsinstallaties gebouwd. De ene behandeld onder andere water van cruiseschepen en de andere onder andere zuivert afvalwater van het academische ziekenhuis. Om de kosten zo laag mogelijk te houden stond de eindgebruiker open voor de meest effici\u00ebnt manier om de pompen en mixers te onderhouden.[\/vc_column_text][vc_custom_heading text=&#8221;Oplossing: 1 kraan in plaats van 8&#8243; font_container=&#8221;tag:h4|text_align:left|color:%23900000&#8243; use_theme_fonts=&#8221;yes&#8221;][vc_column_text]Thern heeft in samenwerking me de lokale partner de behoefte van de klant ge\u00ebvalueerd en gezamenlijk advies uitgebracht voor de meest effici\u00ebnte oplossing, dit was in dit geval \u00e9\u00e9n draagbare kraan (volledig RVS) en acht (permanent ge\u00efnstalleerde) voeten (tevens RVS). In plaats van acht permanent ge\u00efnstalleerde kranen gaf de klant de voorkeur aan slechts \u00e9\u00e9n kraan en acht voeten die men gebruikt voor het onderhoud aan alle acht pompen.[\/vc_column_text][vc_custom_heading text=&#8221;Result&#8221; font_container=&#8221;tag:h4|text_align:left|color:%23900000&#8243; use_theme_fonts=&#8221;yes&#8221;][vc_column_text]De eindgebruiker heeft de initi\u00eble investering kunnen reduceren door \u00e9\u00e9n kraan en meerdere voeten toe te passen daarnaast zijn ook de jaarlijkse kosten voor inspectie van hef- en hijsmiddelen lager.[\/vc_column_text][vc_btn title=&#8221;Keer terug naar Industrie\u00ebn&#8221; style=&#8221;custom&#8221; custom_background=&#8221;#c71a32&#8243; custom_text=&#8221;#ffffff&#8221; shape=&#8221;square&#8221; size=&#8221;lg&#8221; align=&#8221;left&#8221; i_icon_fontawesome=&#8221;fas fa-angle-left&#8221; add_icon=&#8221;true&#8221; link=&#8221;url:%2Fnl%2Findustries%2F|title:Return%20to%20Industries&#8221;][\/vc_column][vc_column css_animation=&#8221;fadeInRight&#8221; width=&#8221;1\/2&#8243;][vc_gallery interval=&#8221;0&#8243; images=&#8221;32997,33003,33009,33015,33021,33027,33033&#8243; img_size=&#8221;full&#8221;][\/vc_column][\/vc_row][vc_row full_width=&#8221;stretch_row&#8221; css=&#8221;.vc_custom_1692985441183{padding-top: 35px !important;padding-bottom: 35px !important;}&#8221;][vc_column width=&#8221;1\/6&#8243;][\/vc_column][vc_column css_animation=&#8221;fadeInUp&#8221; width=&#8221;4\/6&#8243;][vc_custom_heading text=&#8221;We zijn hier om te helpen&#8221; font_container=&#8221;tag:h2|text_align:center|color:%230a0a0a&#8221; use_theme_fonts=&#8221;yes&#8221; css=&#8221;.vc_custom_1696542454879{margin-bottom: 0px !important;}&#8221;][vc_column_text]<\/p>\n<p style=\"text-align: center;\">Vragen hebben? Het vriendelijke en deskundige verkoop- en servicepersoneel van Thern staat klaar om u te helpen.<\/p>\n<p>[\/vc_column_text][vc_btn title=&#8221;Neem contact met ons op&#8221; style=&#8221;custom&#8221; custom_background=&#8221;#c71a32&#8243; custom_text=&#8221;#ffffff&#8221; shape=&#8221;square&#8221; size=&#8221;lg&#8221; align=&#8221;center&#8221; i_align=&#8221;right&#8221; i_icon_fontawesome=&#8221;fas fa-angle-right&#8221; add_icon=&#8221;true&#8221; link=&#8221;url:%2Fnl%2Fcontact%2F|title:Contact&#8221;][\/vc_column][vc_column width=&#8221;1\/6&#8243;][\/vc_column][\/vc_row]<\/p>\n<\/div>","protected":false},"excerpt":{"rendered":"<p>[vc_section full_width=&#8221;stretch_row&#8221; content_placement=&#8221;middle&#8221; css=&#8221;.vc_custom_1692983716171{padding-top: 0px !important;background: #dddddd url(https:\/\/thern.com\/wp-content\/uploads\/2023\/07\/Thern-Inc_About-Hero.jpg?id=343) !important;background-position: center !important;background-repeat: no-repeat !important;background-size: cover !important;}&#8221;][vc_row full_width=&#8221;stretch_row&#8221; css=&#8221;.vc_custom_1692983676181{padding-top: 50px !important;padding-bottom: 70px !important;background-color: rgba(0,0,0,0.5) !important;*background-color: rgb(0,0,0) !important;}&#8221;][vc_column][vc_custom_heading text=&#8221;Afvalwaterzuivering voor Aalborg&#8221; font_container=&#8221;tag:h1|text_align:left|color:%23ffffff&#8221; use_theme_fonts=&#8221;yes&#8221; css_animation=&#8221;fadeInLeft&#8221;][\/vc_column][\/vc_row][\/vc_section][vc_row full_width=&#8221;stretch_row&#8221; equal_height=&#8221;yes&#8221; css=&#8221;.vc_custom_1692985496191{padding-top: 65px !important;padding-bottom: 35px !important;}&#8221;][vc_column css_animation=&#8221;fadeInLeft&#8221; width=&#8221;1\/2&#8243;][vc_custom_heading text=&#8221;Uitdaging: reductie van kosten voor de waterzuivering&#8221; font_container=&#8221;tag:h4|text_align:left|color:%23900000&#8243; use_theme_fonts=&#8221;yes&#8221;][vc_column_text]Aalborg in Denemarken is een groeiende stad &#8230; <a title=\"Denmark Wastewater Treatment Aalborg\" class=\"read-more\" href=\"https:\/\/thern.com\/nl\/portfolio\/denmark-wastewater-treatment-aalborg\/\" aria-label=\"More on Denmark Wastewater Treatment Aalborg\">Read more<\/a><\/p>\n","protected":false},"author":1,"featured_media":0,"parent":30089,"menu_order":0,"comment_status":"closed","ping_status":"closed","template":"","meta":{"footnotes":""},"class_list":["post-33040","page","type-page","status-publish"],"yoast_head":"<!-- This site is optimized with the Yoast SEO plugin v27.3 - https:\/\/yoast.com\/product\/yoast-seo-wordpress\/ -->\n<title>Afvalwaterzuivering voor Aalborg | Thern\u00ae Winches &amp; Cranes<\/title>\n<meta name=\"description\" content=\"Draagbare kranen voor pompen.\" \/>\n<meta name=\"robots\" content=\"index, follow, max-snippet:-1, max-image-preview:large, max-video-preview:-1\" \/>\n<link rel=\"canonical\" href=\"https:\/\/thern.com\/nl\/portfolio\/denmark-wastewater-treatment-aalborg\/\" \/>\n<meta property=\"og:locale\" content=\"nl_NL\" \/>\n<meta property=\"og:type\" content=\"article\" \/>\n<meta property=\"og:title\" content=\"Afvalwaterzuivering voor Aalborg | Thern\u00ae Winches &amp; Cranes\" \/>\n<meta property=\"og:description\" content=\"Draagbare kranen voor pompen.\" \/>\n<meta property=\"og:url\" content=\"https:\/\/thern.com\/nl\/portfolio\/denmark-wastewater-treatment-aalborg\/\" \/>\n<meta property=\"og:site_name\" content=\"Thern\u00ae Winches &amp; Cranes\" \/>\n<meta property=\"article:publisher\" content=\"https:\/\/www.facebook.com\/ThernInc\/\" \/>\n<meta property=\"article:modified_time\" content=\"2023-10-31T16:50:37+00:00\" \/>\n<meta name=\"twitter:card\" content=\"summary_large_image\" \/>\n<meta name=\"twitter:label1\" content=\"Geschatte leestijd\" \/>\n\t<meta name=\"twitter:data1\" content=\"2 minuten\" \/>\n<script type=\"application\/ld+json\" class=\"yoast-schema-graph\">{\"@context\":\"https:\\\/\\\/schema.org\",\"@graph\":[{\"@type\":\"WebPage\",\"@id\":\"https:\\\/\\\/thern.com\\\/nl\\\/portfolio\\\/denmark-wastewater-treatment-aalborg\\\/\",\"url\":\"https:\\\/\\\/thern.com\\\/nl\\\/portfolio\\\/denmark-wastewater-treatment-aalborg\\\/\",\"name\":\"Afvalwaterzuivering voor Aalborg | Thern\u00ae Winches &amp; Cranes\",\"isPartOf\":{\"@id\":\"https:\\\/\\\/thern.com\\\/nl\\\/#website\"},\"datePublished\":\"2023-10-31T16:46:49+00:00\",\"dateModified\":\"2023-10-31T16:50:37+00:00\",\"description\":\"Draagbare kranen voor pompen.\",\"breadcrumb\":{\"@id\":\"https:\\\/\\\/thern.com\\\/nl\\\/portfolio\\\/denmark-wastewater-treatment-aalborg\\\/#breadcrumb\"},\"inLanguage\":\"nl-NL\",\"potentialAction\":[{\"@type\":\"ReadAction\",\"target\":[\"https:\\\/\\\/thern.com\\\/nl\\\/portfolio\\\/denmark-wastewater-treatment-aalborg\\\/\"]}]},{\"@type\":\"BreadcrumbList\",\"@id\":\"https:\\\/\\\/thern.com\\\/nl\\\/portfolio\\\/denmark-wastewater-treatment-aalborg\\\/#breadcrumb\",\"itemListElement\":[{\"@type\":\"ListItem\",\"position\":1,\"name\":\"Home\",\"item\":\"https:\\\/\\\/thern.com\\\/nl\\\/\"},{\"@type\":\"ListItem\",\"position\":2,\"name\":\"Portfolio\",\"item\":\"https:\\\/\\\/thern.com\\\/nl\\\/portfolio\\\/\"},{\"@type\":\"ListItem\",\"position\":3,\"name\":\"Denmark Wastewater Treatment Aalborg\"}]},{\"@type\":\"WebSite\",\"@id\":\"https:\\\/\\\/thern.com\\\/nl\\\/#website\",\"url\":\"https:\\\/\\\/thern.com\\\/nl\\\/\",\"name\":\"Thern\u00ae Winches &amp; Cranes\",\"description\":\"Leave the Heavy Lifting to Us\",\"publisher\":{\"@id\":\"https:\\\/\\\/thern.com\\\/nl\\\/#organization\"},\"potentialAction\":[{\"@type\":\"SearchAction\",\"target\":{\"@type\":\"EntryPoint\",\"urlTemplate\":\"https:\\\/\\\/thern.com\\\/nl\\\/?s={search_term_string}\"},\"query-input\":{\"@type\":\"PropertyValueSpecification\",\"valueRequired\":true,\"valueName\":\"search_term_string\"}}],\"inLanguage\":\"nl-NL\"},{\"@type\":\"Organization\",\"@id\":\"https:\\\/\\\/thern.com\\\/nl\\\/#organization\",\"name\":\"Thern\u00ae Winches &amp; Cranes\",\"url\":\"https:\\\/\\\/thern.com\\\/nl\\\/\",\"logo\":{\"@type\":\"ImageObject\",\"inLanguage\":\"nl-NL\",\"@id\":\"https:\\\/\\\/thern.com\\\/nl\\\/#\\\/schema\\\/logo\\\/image\\\/\",\"url\":\"https:\\\/\\\/thern.com\\\/wp-content\\\/uploads\\\/2023\\\/11\\\/Logo_SaveForWeb-outline-FINAL-01.svg\",\"contentUrl\":\"https:\\\/\\\/thern.com\\\/wp-content\\\/uploads\\\/2023\\\/11\\\/Logo_SaveForWeb-outline-FINAL-01.svg\",\"caption\":\"Thern\u00ae Winches &amp; Cranes\"},\"image\":{\"@id\":\"https:\\\/\\\/thern.com\\\/nl\\\/#\\\/schema\\\/logo\\\/image\\\/\"},\"sameAs\":[\"https:\\\/\\\/www.facebook.com\\\/ThernInc\\\/\",\"https:\\\/\\\/www.linkedin.com\\\/company\\\/thern-inc-\\\/\",\"https:\\\/\\\/www.youtube.com\\\/user\\\/ThernStage\"]}]}<\/script>\n<!-- \/ Yoast SEO plugin. -->","yoast_head_json":{"title":"Afvalwaterzuivering voor Aalborg | Thern\u00ae Winches &amp; Cranes","description":"Draagbare kranen voor pompen.","robots":{"index":"index","follow":"follow","max-snippet":"max-snippet:-1","max-image-preview":"max-image-preview:large","max-video-preview":"max-video-preview:-1"},"canonical":"https:\/\/thern.com\/nl\/portfolio\/denmark-wastewater-treatment-aalborg\/","og_locale":"nl_NL","og_type":"article","og_title":"Afvalwaterzuivering voor Aalborg | Thern\u00ae Winches &amp; Cranes","og_description":"Draagbare kranen voor pompen.","og_url":"https:\/\/thern.com\/nl\/portfolio\/denmark-wastewater-treatment-aalborg\/","og_site_name":"Thern\u00ae Winches &amp; Cranes","article_publisher":"https:\/\/www.facebook.com\/ThernInc\/","article_modified_time":"2023-10-31T16:50:37+00:00","twitter_card":"summary_large_image","twitter_misc":{"Geschatte leestijd":"2 minuten"},"schema":{"@context":"https:\/\/schema.org","@graph":[{"@type":"WebPage","@id":"https:\/\/thern.com\/nl\/portfolio\/denmark-wastewater-treatment-aalborg\/","url":"https:\/\/thern.com\/nl\/portfolio\/denmark-wastewater-treatment-aalborg\/","name":"Afvalwaterzuivering voor Aalborg | Thern\u00ae Winches &amp; Cranes","isPartOf":{"@id":"https:\/\/thern.com\/nl\/#website"},"datePublished":"2023-10-31T16:46:49+00:00","dateModified":"2023-10-31T16:50:37+00:00","description":"Draagbare kranen voor pompen.","breadcrumb":{"@id":"https:\/\/thern.com\/nl\/portfolio\/denmark-wastewater-treatment-aalborg\/#breadcrumb"},"inLanguage":"nl-NL","potentialAction":[{"@type":"ReadAction","target":["https:\/\/thern.com\/nl\/portfolio\/denmark-wastewater-treatment-aalborg\/"]}]},{"@type":"BreadcrumbList","@id":"https:\/\/thern.com\/nl\/portfolio\/denmark-wastewater-treatment-aalborg\/#breadcrumb","itemListElement":[{"@type":"ListItem","position":1,"name":"Home","item":"https:\/\/thern.com\/nl\/"},{"@type":"ListItem","position":2,"name":"Portfolio","item":"https:\/\/thern.com\/nl\/portfolio\/"},{"@type":"ListItem","position":3,"name":"Denmark Wastewater Treatment Aalborg"}]},{"@type":"WebSite","@id":"https:\/\/thern.com\/nl\/#website","url":"https:\/\/thern.com\/nl\/","name":"Thern\u00ae Winches &amp; Cranes","description":"Leave the Heavy Lifting to Us","publisher":{"@id":"https:\/\/thern.com\/nl\/#organization"},"potentialAction":[{"@type":"SearchAction","target":{"@type":"EntryPoint","urlTemplate":"https:\/\/thern.com\/nl\/?s={search_term_string}"},"query-input":{"@type":"PropertyValueSpecification","valueRequired":true,"valueName":"search_term_string"}}],"inLanguage":"nl-NL"},{"@type":"Organization","@id":"https:\/\/thern.com\/nl\/#organization","name":"Thern\u00ae Winches &amp; Cranes","url":"https:\/\/thern.com\/nl\/","logo":{"@type":"ImageObject","inLanguage":"nl-NL","@id":"https:\/\/thern.com\/nl\/#\/schema\/logo\/image\/","url":"https:\/\/thern.com\/wp-content\/uploads\/2023\/11\/Logo_SaveForWeb-outline-FINAL-01.svg","contentUrl":"https:\/\/thern.com\/wp-content\/uploads\/2023\/11\/Logo_SaveForWeb-outline-FINAL-01.svg","caption":"Thern\u00ae Winches &amp; Cranes"},"image":{"@id":"https:\/\/thern.com\/nl\/#\/schema\/logo\/image\/"},"sameAs":["https:\/\/www.facebook.com\/ThernInc\/","https:\/\/www.linkedin.com\/company\/thern-inc-\/","https:\/\/www.youtube.com\/user\/ThernStage"]}]}},"_links":{"self":[{"href":"https:\/\/thern.com\/nl\/wp-json\/wp\/v2\/pages\/33040","targetHints":{"allow":["GET"]}}],"collection":[{"href":"https:\/\/thern.com\/nl\/wp-json\/wp\/v2\/pages"}],"about":[{"href":"https:\/\/thern.com\/nl\/wp-json\/wp\/v2\/types\/page"}],"author":[{"embeddable":true,"href":"https:\/\/thern.com\/nl\/wp-json\/wp\/v2\/users\/1"}],"replies":[{"embeddable":true,"href":"https:\/\/thern.com\/nl\/wp-json\/wp\/v2\/comments?post=33040"}],"version-history":[{"count":0,"href":"https:\/\/thern.com\/nl\/wp-json\/wp\/v2\/pages\/33040\/revisions"}],"up":[{"embeddable":true,"href":"https:\/\/thern.com\/nl\/wp-json\/wp\/v2\/pages\/30089"}],"wp:attachment":[{"href":"https:\/\/thern.com\/nl\/wp-json\/wp\/v2\/media?parent=33040"}],"curies":[{"name":"wp","href":"https:\/\/api.w.org\/{rel}","templated":true}]}}