{"id":32978,"date":"2023-10-31T16:22:48","date_gmt":"2023-10-31T16:22:48","guid":{"rendered":"https:\/\/therninc.wpenginepowered.com\/industries\/spain-wastewater-for-meat-processing\/"},"modified":"2023-12-07T19:41:44","modified_gmt":"2023-12-07T19:41:44","slug":"spain-wastewater-for-meat-processing","status":"publish","type":"page","link":"https:\/\/thern.com\/nl\/portfolio\/spain-wastewater-for-meat-processing\/","title":{"rendered":"Spain Wastewater for Meat Processing"},"content":{"rendered":"<div class=\"wpb-content-wrapper\"><p>[vc_section full_width=&#8221;stretch_row&#8221; content_placement=&#8221;middle&#8221; css=&#8221;.vc_custom_1692983716171{padding-top: 0px !important;background: #dddddd url(https:\/\/thern.com\/wp-content\/uploads\/2023\/07\/Thern-Inc_About-Hero.jpg?id=343) !important;background-position: center !important;background-repeat: no-repeat !important;background-size: cover !important;}&#8221;][vc_row full_width=&#8221;stretch_row&#8221; css=&#8221;.vc_custom_1692983676181{padding-top: 50px !important;padding-bottom: 70px !important;background-color: rgba(0,0,0,0.5) !important;*background-color: rgb(0,0,0) !important;}&#8221;][vc_column][vc_custom_heading text=&#8221;Industri\u00eble Afvalwaterzuivering voor vleesverwerker&#8221; font_container=&#8221;tag:h1|text_align:left|color:%23ffffff&#8221; use_theme_fonts=&#8221;yes&#8221; css_animation=&#8221;fadeInLeft&#8221;][\/vc_column][\/vc_row][\/vc_section][vc_row full_width=&#8221;stretch_row&#8221; equal_height=&#8221;yes&#8221; css=&#8221;.vc_custom_1692985496191{padding-top: 65px !important;padding-bottom: 35px !important;}&#8221;][vc_column css_animation=&#8221;fadeInLeft&#8221; width=&#8221;1\/2&#8243;][vc_custom_heading text=&#8221;Uitdaging: reduceren van jaarlijkse kosten voor het inspecteren van kranen&#8221; font_container=&#8221;tag:h4|text_align:left|color:%23900000&#8243; use_theme_fonts=&#8221;yes&#8221;][vc_column_text]Een industri\u00eble afvalwaterzuivering in Spanje zuivert het proceswater dat gebruikt wordt gedurende het productieproces voor het produceren van vlees. Zoals gebruikelijke dienen de pompen en mixers jaarlijks ge\u00efnspecteerd, gereinigd en onderhouden te worden om op die manier een goede werking en effici\u00ebnte te kunnen waarborgen.<\/p>\n<p>Normaliter worden de pompen en mixers uit d e bassins gehesen met stationair ge\u00efnstalleerde kranen, deze kranen moeten jaarlijks ge\u00efnspecteerd en getest worden. De Thern klant (design &amp; build company) die de bouw verzorgde was van mening dat een investering in \u00e9\u00e9n kraan en meerdere voeten een betere investering is dan permanent ge\u00efnstalleerde kranen, zeker gezien veel pompen en mixers slecht \u00e9\u00e9n keer per jaar uit de bassins gehaald worden. De klant gaf de voorkeur aan een draagbare kraan en meerdere vast ge\u00efnstalleerde voeten. Dit biedt de eigenaar de mogelijkheid om de kraan eenvoudig te gebruiken van de ene pomp\/ mixer\/ tank naar de volgende.<br \/>\n[\/vc_column_text][vc_custom_heading text=&#8221;Oplossing: minder kranen, lagere investering, lagere jaarlijkse kosten&#8221; font_container=&#8221;tag:h4|text_align:left|color:%23900000&#8243; use_theme_fonts=&#8221;yes&#8221;][vc_column_text]De Thern klant (design &amp; build company) heeft \u00e9\u00e9n kraan aangeschaft en vijf voeten. De Thern draagbare kranen zijn licht in gewicht, draagbaar en makkelijk in gebruik. De draagbare oplossing maakt de aanschaf en het jaarlijks testen van meerdere kranen overbodig.[\/vc_column_text][vc_custom_heading text=&#8221;Result&#8221; font_container=&#8221;tag:h4|text_align:left|color:%23900000&#8243; use_theme_fonts=&#8221;yes&#8221;][vc_column_text]Door gebruik te maken van slechts \u00e9\u00e9n kraan voor het heffen en hijsen van pompen en mixers uit de verschillende bassins heeft de design &amp; build company de investering in hef- en hijsmiddelen kunnen reduceren en tevens de jaarlijkse keuringskosten voor de eindgebruiker.<\/p>\n<p>De klant is tevreden met de oplossing en Thern werkt in nauwe samenwerking met de klant aan nieuwe projecten waarvoor reeds opdrachten zijn verkregen.<br \/>\n[\/vc_column_text][vc_btn title=&#8221;Keer terug naar Industrie\u00ebn&#8221; style=&#8221;custom&#8221; custom_background=&#8221;#c71a32&#8243; custom_text=&#8221;#ffffff&#8221; shape=&#8221;square&#8221; size=&#8221;lg&#8221; align=&#8221;left&#8221; i_icon_fontawesome=&#8221;fas fa-angle-left&#8221; add_icon=&#8221;true&#8221; link=&#8221;url:%2Fnl%2Findustries%2F|title:Return%20to%20Industries&#8221;][\/vc_column][vc_column css_animation=&#8221;fadeInRight&#8221; width=&#8221;1\/2&#8243;][vc_gallery type=&#8221;nivo&#8221; interval=&#8221;0&#8243; images=&#8221;32965,32971&#8243; img_size=&#8221;full&#8221;][\/vc_column][\/vc_row][vc_row full_width=&#8221;stretch_row&#8221; css=&#8221;.vc_custom_1692985441183{padding-top: 35px !important;padding-bottom: 35px !important;}&#8221;][vc_column width=&#8221;1\/6&#8243;][\/vc_column][vc_column css_animation=&#8221;fadeInUp&#8221; width=&#8221;4\/6&#8243;][vc_custom_heading text=&#8221;We zijn hier om te helpen&#8221; font_container=&#8221;tag:h2|text_align:center|color:%230a0a0a&#8221; use_theme_fonts=&#8221;yes&#8221; css=&#8221;.vc_custom_1696542454879{margin-bottom: 0px !important;}&#8221;][vc_column_text]<\/p>\n<p style=\"text-align: center;\">Vragen hebben? Het vriendelijke en deskundige verkoop- en servicepersoneel van Thern staat klaar om u te helpen.<\/p>\n<p>[\/vc_column_text][vc_btn title=&#8221;Neem contact met ons op&#8221; style=&#8221;custom&#8221; custom_background=&#8221;#c71a32&#8243; custom_text=&#8221;#ffffff&#8221; shape=&#8221;square&#8221; size=&#8221;lg&#8221; align=&#8221;center&#8221; i_align=&#8221;right&#8221; i_icon_fontawesome=&#8221;fas fa-angle-right&#8221; add_icon=&#8221;true&#8221; link=&#8221;url:%2Fnl%2Fcontact%2F|title:Contact&#8221;][\/vc_column][vc_column width=&#8221;1\/6&#8243;][\/vc_column][\/vc_row]<\/p>\n<\/div>","protected":false},"excerpt":{"rendered":"<p>[vc_section full_width=&#8221;stretch_row&#8221; content_placement=&#8221;middle&#8221; css=&#8221;.vc_custom_1692983716171{padding-top: 0px !important;background: #dddddd url(https:\/\/thern.com\/wp-content\/uploads\/2023\/07\/Thern-Inc_About-Hero.jpg?id=343) !important;background-position: center !important;background-repeat: no-repeat !important;background-size: cover !important;}&#8221;][vc_row full_width=&#8221;stretch_row&#8221; css=&#8221;.vc_custom_1692983676181{padding-top: 50px !important;padding-bottom: 70px !important;background-color: rgba(0,0,0,0.5) !important;*background-color: rgb(0,0,0) !important;}&#8221;][vc_column][vc_custom_heading text=&#8221;Industri\u00eble Afvalwaterzuivering voor vleesverwerker&#8221; font_container=&#8221;tag:h1|text_align:left|color:%23ffffff&#8221; use_theme_fonts=&#8221;yes&#8221; css_animation=&#8221;fadeInLeft&#8221;][\/vc_column][\/vc_row][\/vc_section][vc_row full_width=&#8221;stretch_row&#8221; equal_height=&#8221;yes&#8221; css=&#8221;.vc_custom_1692985496191{padding-top: 65px !important;padding-bottom: 35px !important;}&#8221;][vc_column css_animation=&#8221;fadeInLeft&#8221; width=&#8221;1\/2&#8243;][vc_custom_heading text=&#8221;Uitdaging: reduceren van jaarlijkse kosten voor het inspecteren van kranen&#8221; font_container=&#8221;tag:h4|text_align:left|color:%23900000&#8243; use_theme_fonts=&#8221;yes&#8221;][vc_column_text]Een industri\u00eble afvalwaterzuivering &#8230; <a title=\"Spain Wastewater for Meat Processing\" class=\"read-more\" href=\"https:\/\/thern.com\/nl\/portfolio\/spain-wastewater-for-meat-processing\/\" aria-label=\"More on Spain Wastewater for Meat Processing\">Read more<\/a><\/p>\n","protected":false},"author":1,"featured_media":0,"parent":30089,"menu_order":0,"comment_status":"closed","ping_status":"closed","template":"","meta":{"footnotes":""},"class_list":["post-32978","page","type-page","status-publish"],"yoast_head":"<!-- This site is optimized with the Yoast SEO plugin v27.5 - https:\/\/yoast.com\/product\/yoast-seo-wordpress\/ -->\n<title>Industri\u00eble Afvalwaterzuivering voor vleesverwerker | Thern\u00ae Winches &amp; Cranes<\/title>\n<meta name=\"description\" content=\"Een industri\u00eble afvalwaterzuivering in Spanje zuivert het proceswater dat gebruikt wordt gedurende het productieproces voor het produceren van vlees.\" \/>\n<meta name=\"robots\" content=\"noindex, nofollow\" \/>\n<meta property=\"og:locale\" content=\"nl_NL\" \/>\n<meta property=\"og:type\" content=\"article\" \/>\n<meta property=\"og:title\" content=\"Industri\u00eble Afvalwaterzuivering voor vleesverwerker | Thern\u00ae Winches &amp; Cranes\" \/>\n<meta property=\"og:description\" content=\"Een industri\u00eble afvalwaterzuivering in Spanje zuivert het proceswater dat gebruikt wordt gedurende het productieproces voor het produceren van vlees.\" \/>\n<meta property=\"og:url\" content=\"https:\/\/thern.com\/nl\/portfolio\/spain-wastewater-for-meat-processing\/\" \/>\n<meta property=\"og:site_name\" content=\"Thern\u00ae Winches &amp; Cranes\" \/>\n<meta property=\"article:publisher\" content=\"https:\/\/www.facebook.com\/ThernInc\/\" \/>\n<meta property=\"article:modified_time\" content=\"2023-12-07T19:41:44+00:00\" \/>\n<meta name=\"twitter:card\" content=\"summary_large_image\" \/>\n<meta name=\"twitter:label1\" content=\"Geschatte leestijd\" \/>\n\t<meta name=\"twitter:data1\" content=\"2 minuten\" \/>\n<script type=\"application\/ld+json\" class=\"yoast-schema-graph\">{\"@context\":\"https:\\\/\\\/schema.org\",\"@graph\":[{\"@type\":\"WebPage\",\"@id\":\"https:\\\/\\\/thern.com\\\/nl\\\/portfolio\\\/spain-wastewater-for-meat-processing\\\/\",\"url\":\"https:\\\/\\\/thern.com\\\/nl\\\/portfolio\\\/spain-wastewater-for-meat-processing\\\/\",\"name\":\"Industri\u00eble Afvalwaterzuivering voor vleesverwerker | Thern\u00ae Winches &amp; Cranes\",\"isPartOf\":{\"@id\":\"https:\\\/\\\/thern.com\\\/nl\\\/#website\"},\"datePublished\":\"2023-10-31T16:22:48+00:00\",\"dateModified\":\"2023-12-07T19:41:44+00:00\",\"description\":\"Een industri\u00eble afvalwaterzuivering in Spanje zuivert het proceswater dat gebruikt wordt gedurende het productieproces voor het produceren van vlees.\",\"breadcrumb\":{\"@id\":\"https:\\\/\\\/thern.com\\\/nl\\\/portfolio\\\/spain-wastewater-for-meat-processing\\\/#breadcrumb\"},\"inLanguage\":\"nl-NL\",\"potentialAction\":[{\"@type\":\"ReadAction\",\"target\":[\"https:\\\/\\\/thern.com\\\/nl\\\/portfolio\\\/spain-wastewater-for-meat-processing\\\/\"]}]},{\"@type\":\"BreadcrumbList\",\"@id\":\"https:\\\/\\\/thern.com\\\/nl\\\/portfolio\\\/spain-wastewater-for-meat-processing\\\/#breadcrumb\",\"itemListElement\":[{\"@type\":\"ListItem\",\"position\":1,\"name\":\"Home\",\"item\":\"https:\\\/\\\/thern.com\\\/nl\\\/\"},{\"@type\":\"ListItem\",\"position\":2,\"name\":\"Portfolio\",\"item\":\"https:\\\/\\\/thern.com\\\/nl\\\/portfolio\\\/\"},{\"@type\":\"ListItem\",\"position\":3,\"name\":\"Spain Wastewater for Meat Processing\"}]},{\"@type\":\"WebSite\",\"@id\":\"https:\\\/\\\/thern.com\\\/nl\\\/#website\",\"url\":\"https:\\\/\\\/thern.com\\\/nl\\\/\",\"name\":\"Thern\u00ae Winches &amp; Cranes\",\"description\":\"Leave the Heavy Lifting to Us\",\"publisher\":{\"@id\":\"https:\\\/\\\/thern.com\\\/nl\\\/#organization\"},\"potentialAction\":[{\"@type\":\"SearchAction\",\"target\":{\"@type\":\"EntryPoint\",\"urlTemplate\":\"https:\\\/\\\/thern.com\\\/nl\\\/?s={search_term_string}\"},\"query-input\":{\"@type\":\"PropertyValueSpecification\",\"valueRequired\":true,\"valueName\":\"search_term_string\"}}],\"inLanguage\":\"nl-NL\"},{\"@type\":\"Organization\",\"@id\":\"https:\\\/\\\/thern.com\\\/nl\\\/#organization\",\"name\":\"Thern\u00ae Winches &amp; Cranes\",\"url\":\"https:\\\/\\\/thern.com\\\/nl\\\/\",\"logo\":{\"@type\":\"ImageObject\",\"inLanguage\":\"nl-NL\",\"@id\":\"https:\\\/\\\/thern.com\\\/nl\\\/#\\\/schema\\\/logo\\\/image\\\/\",\"url\":\"https:\\\/\\\/thern.com\\\/wp-content\\\/uploads\\\/2023\\\/11\\\/Logo_SaveForWeb-outline-FINAL-01.svg\",\"contentUrl\":\"https:\\\/\\\/thern.com\\\/wp-content\\\/uploads\\\/2023\\\/11\\\/Logo_SaveForWeb-outline-FINAL-01.svg\",\"caption\":\"Thern\u00ae Winches &amp; Cranes\"},\"image\":{\"@id\":\"https:\\\/\\\/thern.com\\\/nl\\\/#\\\/schema\\\/logo\\\/image\\\/\"},\"sameAs\":[\"https:\\\/\\\/www.facebook.com\\\/ThernInc\\\/\",\"https:\\\/\\\/www.linkedin.com\\\/company\\\/thern-inc-\\\/\",\"https:\\\/\\\/www.youtube.com\\\/user\\\/ThernStage\"]}]}<\/script>\n<!-- \/ Yoast SEO plugin. -->","yoast_head_json":{"title":"Industri\u00eble Afvalwaterzuivering voor vleesverwerker | Thern\u00ae Winches &amp; Cranes","description":"Een industri\u00eble afvalwaterzuivering in Spanje zuivert het proceswater dat gebruikt wordt gedurende het productieproces voor het produceren van vlees.","robots":{"index":"noindex","follow":"nofollow"},"og_locale":"nl_NL","og_type":"article","og_title":"Industri\u00eble Afvalwaterzuivering voor vleesverwerker | Thern\u00ae Winches &amp; Cranes","og_description":"Een industri\u00eble afvalwaterzuivering in Spanje zuivert het proceswater dat gebruikt wordt gedurende het productieproces voor het produceren van vlees.","og_url":"https:\/\/thern.com\/nl\/portfolio\/spain-wastewater-for-meat-processing\/","og_site_name":"Thern\u00ae Winches &amp; Cranes","article_publisher":"https:\/\/www.facebook.com\/ThernInc\/","article_modified_time":"2023-12-07T19:41:44+00:00","twitter_card":"summary_large_image","twitter_misc":{"Geschatte leestijd":"2 minuten"},"schema":{"@context":"https:\/\/schema.org","@graph":[{"@type":"WebPage","@id":"https:\/\/thern.com\/nl\/portfolio\/spain-wastewater-for-meat-processing\/","url":"https:\/\/thern.com\/nl\/portfolio\/spain-wastewater-for-meat-processing\/","name":"Industri\u00eble Afvalwaterzuivering voor vleesverwerker | Thern\u00ae Winches &amp; Cranes","isPartOf":{"@id":"https:\/\/thern.com\/nl\/#website"},"datePublished":"2023-10-31T16:22:48+00:00","dateModified":"2023-12-07T19:41:44+00:00","description":"Een industri\u00eble afvalwaterzuivering in Spanje zuivert het proceswater dat gebruikt wordt gedurende het productieproces voor het produceren van vlees.","breadcrumb":{"@id":"https:\/\/thern.com\/nl\/portfolio\/spain-wastewater-for-meat-processing\/#breadcrumb"},"inLanguage":"nl-NL","potentialAction":[{"@type":"ReadAction","target":["https:\/\/thern.com\/nl\/portfolio\/spain-wastewater-for-meat-processing\/"]}]},{"@type":"BreadcrumbList","@id":"https:\/\/thern.com\/nl\/portfolio\/spain-wastewater-for-meat-processing\/#breadcrumb","itemListElement":[{"@type":"ListItem","position":1,"name":"Home","item":"https:\/\/thern.com\/nl\/"},{"@type":"ListItem","position":2,"name":"Portfolio","item":"https:\/\/thern.com\/nl\/portfolio\/"},{"@type":"ListItem","position":3,"name":"Spain Wastewater for Meat Processing"}]},{"@type":"WebSite","@id":"https:\/\/thern.com\/nl\/#website","url":"https:\/\/thern.com\/nl\/","name":"Thern\u00ae Winches &amp; Cranes","description":"Leave the Heavy Lifting to Us","publisher":{"@id":"https:\/\/thern.com\/nl\/#organization"},"potentialAction":[{"@type":"SearchAction","target":{"@type":"EntryPoint","urlTemplate":"https:\/\/thern.com\/nl\/?s={search_term_string}"},"query-input":{"@type":"PropertyValueSpecification","valueRequired":true,"valueName":"search_term_string"}}],"inLanguage":"nl-NL"},{"@type":"Organization","@id":"https:\/\/thern.com\/nl\/#organization","name":"Thern\u00ae Winches &amp; Cranes","url":"https:\/\/thern.com\/nl\/","logo":{"@type":"ImageObject","inLanguage":"nl-NL","@id":"https:\/\/thern.com\/nl\/#\/schema\/logo\/image\/","url":"https:\/\/thern.com\/wp-content\/uploads\/2023\/11\/Logo_SaveForWeb-outline-FINAL-01.svg","contentUrl":"https:\/\/thern.com\/wp-content\/uploads\/2023\/11\/Logo_SaveForWeb-outline-FINAL-01.svg","caption":"Thern\u00ae Winches &amp; Cranes"},"image":{"@id":"https:\/\/thern.com\/nl\/#\/schema\/logo\/image\/"},"sameAs":["https:\/\/www.facebook.com\/ThernInc\/","https:\/\/www.linkedin.com\/company\/thern-inc-\/","https:\/\/www.youtube.com\/user\/ThernStage"]}]}},"_links":{"self":[{"href":"https:\/\/thern.com\/nl\/wp-json\/wp\/v2\/pages\/32978","targetHints":{"allow":["GET"]}}],"collection":[{"href":"https:\/\/thern.com\/nl\/wp-json\/wp\/v2\/pages"}],"about":[{"href":"https:\/\/thern.com\/nl\/wp-json\/wp\/v2\/types\/page"}],"author":[{"embeddable":true,"href":"https:\/\/thern.com\/nl\/wp-json\/wp\/v2\/users\/1"}],"replies":[{"embeddable":true,"href":"https:\/\/thern.com\/nl\/wp-json\/wp\/v2\/comments?post=32978"}],"version-history":[{"count":0,"href":"https:\/\/thern.com\/nl\/wp-json\/wp\/v2\/pages\/32978\/revisions"}],"up":[{"embeddable":true,"href":"https:\/\/thern.com\/nl\/wp-json\/wp\/v2\/pages\/30089"}],"wp:attachment":[{"href":"https:\/\/thern.com\/nl\/wp-json\/wp\/v2\/media?parent=32978"}],"curies":[{"name":"wp","href":"https:\/\/api.w.org\/{rel}","templated":true}]}}