{"id":32949,"date":"2023-10-31T16:06:57","date_gmt":"2023-10-31T16:06:57","guid":{"rendered":"https:\/\/therninc.wpenginepowered.com\/industries\/luxemburg-wastewater-nachtmanderscheid-putscheid\/"},"modified":"2023-10-31T16:10:52","modified_gmt":"2023-10-31T16:10:52","slug":"luxemburg-wastewater-nachtmanderscheid-putscheid","status":"publish","type":"page","link":"https:\/\/thern.com\/nl\/portfolio\/luxemburg-wastewater-nachtmanderscheid-putscheid\/","title":{"rendered":"Luxemburg Wastewater Nachtmanderscheid and Putscheid"},"content":{"rendered":"<div class=\"wpb-content-wrapper\"><p>[vc_section full_width=&#8221;stretch_row&#8221; content_placement=&#8221;middle&#8221; css=&#8221;.vc_custom_1692983716171{padding-top: 0px !important;background: #dddddd url(https:\/\/thern.com\/wp-content\/uploads\/2023\/07\/Thern-Inc_About-Hero.jpg?id=343) !important;background-position: center !important;background-repeat: no-repeat !important;background-size: cover !important;}&#8221;][vc_row full_width=&#8221;stretch_row&#8221; css=&#8221;.vc_custom_1692983676181{padding-top: 50px !important;padding-bottom: 70px !important;background-color: rgba(0,0,0,0.5) !important;*background-color: rgb(0,0,0) !important;}&#8221;][vc_column][vc_custom_heading text=&#8221;Afvalwaterzuivering Nachtmanderscheid and Putscheid&#8221; font_container=&#8221;tag:h1|text_align:left|color:%23ffffff&#8221; use_theme_fonts=&#8221;yes&#8221; css_animation=&#8221;fadeInLeft&#8221;][\/vc_column][\/vc_row][\/vc_section][vc_row full_width=&#8221;stretch_row&#8221; equal_height=&#8221;yes&#8221; css=&#8221;.vc_custom_1692985496191{padding-top: 65px !important;padding-bottom: 35px !important;}&#8221;][vc_column css_animation=&#8221;fadeInLeft&#8221; width=&#8221;1\/2&#8243;][vc_custom_heading text=&#8221;Uitdaging: het verlagen van de onderhoudskosten&#8221; font_container=&#8221;tag:h4|text_align:left|color:%23900000&#8243; use_theme_fonts=&#8221;yes&#8221;][vc_column_text]De Luxemburgse economie blijft groeien ondanks de nasleep van de Covid-19-pandemie. Het land investeert in innovatie, ondersteunt startende ondernemingen en realiseert duurzame groei terwijl de zorg voor het milieu en de natuurlijke omgeving ook hoog in het vaandel staan. Om de aanhoudende groei en welvaart te ondersteunen zijn er twee relatief kleine zuiveringsinstallaties gebouwd.<\/p>\n<p>De eigenaar\/ operator wilde de kosten ten aanzien van de kranen voor de zuiveringsinstallatie beperken. Dit was de reden dat de klant de voorkeur gaf aan draagbare kranen voor het onderhouden van pompen en mixers in de verschillende bassins in plaats van permanent ge\u00efnstalleerde kranen<br \/>\n[\/vc_column_text][vc_custom_heading text=&#8221;Oplossing: draagbare kranen &#8221; font_container=&#8221;tag:h4|text_align:left|color:%23900000&#8243; use_theme_fonts=&#8221;yes&#8221;][vc_column_text]De eigenaar selecteerde per zuivering \u00e9\u00e9n kraan daarnaast werden er meerdere voeten (permanent) ge\u00efnstalleerd op plaatsen waar de pompen en mixers in de bassins geplaatst zijn. De kraan wordt eenvoudig en snel meegenomen van de ene locatie (pomp en\/ of mixer) naar de volgende. De klant koos ook voor permanent ge\u00efnstalleerde staalkabels voor iedere pomp en\/of mixer.[\/vc_column_text][vc_custom_heading text=&#8221;Resultaat&#8221; font_container=&#8221;tag:h4|text_align:left|color:%23900000&#8243; use_theme_fonts=&#8221;yes&#8221;][vc_column_text]De eigenaar is zeer te tevreden met de Thern draagbare kranen, de oplossing wordt ervaren als licht in gewicht, kwalitatief goed en gebruiksvriendelijk. Het gebruik van \u00e9\u00e9n kraan voor meerdere locaties reduceert de jaarlijkse kosten voor het testen en inspectie van hef- en hijsmiddelen.<\/p>\n<p>De eigenaar is dermate tevreden dat de draagbare Thern kranen onderdeel zijn van het bestek\/ de specificatie van toekomstig te bouwen waterzuiveringsinstallaties. De lokale Thern partner installeert en test de kranen alvorens deze vrijgegeven worden voor gebruik.<br \/>\n[\/vc_column_text][vc_btn title=&#8221;Keer terug naar Industrie\u00ebn&#8221; style=&#8221;custom&#8221; custom_background=&#8221;#c71a32&#8243; custom_text=&#8221;#ffffff&#8221; shape=&#8221;square&#8221; size=&#8221;lg&#8221; align=&#8221;left&#8221; i_icon_fontawesome=&#8221;fas fa-angle-left&#8221; add_icon=&#8221;true&#8221; link=&#8221;url:%2Fnl%2Findustries%2F|title:Return%20to%20Industries&#8221;][\/vc_column][vc_column css_animation=&#8221;fadeInRight&#8221; width=&#8221;1\/2&#8243;][vc_gallery type=&#8221;nivo&#8221; interval=&#8221;0&#8243; images=&#8221;32875,32941,32935,32929,32923,32917,32911,32905,32899,32893,32887,32881&#8243; img_size=&#8221;full&#8221;][\/vc_column][\/vc_row][vc_row full_width=&#8221;stretch_row&#8221; css=&#8221;.vc_custom_1692985441183{padding-top: 35px !important;padding-bottom: 35px !important;}&#8221;][vc_column width=&#8221;1\/6&#8243;][\/vc_column][vc_column css_animation=&#8221;fadeInUp&#8221; width=&#8221;4\/6&#8243;][vc_custom_heading text=&#8221;We zijn hier om te helpen&#8221; font_container=&#8221;tag:h2|text_align:center|color:%230a0a0a&#8221; use_theme_fonts=&#8221;yes&#8221; css=&#8221;.vc_custom_1696542454879{margin-bottom: 0px !important;}&#8221;][vc_column_text]<\/p>\n<p style=\"text-align: center;\">Vragen hebben? Het vriendelijke en deskundige verkoop- en servicepersoneel van Thern staat klaar om u te helpen.<\/p>\n<p>[\/vc_column_text][vc_btn title=&#8221;Neem contact met ons op&#8221; style=&#8221;custom&#8221; custom_background=&#8221;#c71a32&#8243; custom_text=&#8221;#ffffff&#8221; shape=&#8221;square&#8221; size=&#8221;lg&#8221; align=&#8221;center&#8221; i_align=&#8221;right&#8221; i_icon_fontawesome=&#8221;fas fa-angle-right&#8221; add_icon=&#8221;true&#8221; link=&#8221;url:%2Fnl%2Fcontact%2F|title:Contact&#8221;][\/vc_column][vc_column width=&#8221;1\/6&#8243;][\/vc_column][\/vc_row]<\/p>\n<\/div>","protected":false},"excerpt":{"rendered":"<p>[vc_section full_width=&#8221;stretch_row&#8221; content_placement=&#8221;middle&#8221; css=&#8221;.vc_custom_1692983716171{padding-top: 0px !important;background: #dddddd url(https:\/\/thern.com\/wp-content\/uploads\/2023\/07\/Thern-Inc_About-Hero.jpg?id=343) !important;background-position: center !important;background-repeat: no-repeat !important;background-size: cover !important;}&#8221;][vc_row full_width=&#8221;stretch_row&#8221; css=&#8221;.vc_custom_1692983676181{padding-top: 50px !important;padding-bottom: 70px !important;background-color: rgba(0,0,0,0.5) !important;*background-color: rgb(0,0,0) !important;}&#8221;][vc_column][vc_custom_heading text=&#8221;Afvalwaterzuivering Nachtmanderscheid and Putscheid&#8221; font_container=&#8221;tag:h1|text_align:left|color:%23ffffff&#8221; use_theme_fonts=&#8221;yes&#8221; css_animation=&#8221;fadeInLeft&#8221;][\/vc_column][\/vc_row][\/vc_section][vc_row full_width=&#8221;stretch_row&#8221; equal_height=&#8221;yes&#8221; css=&#8221;.vc_custom_1692985496191{padding-top: 65px !important;padding-bottom: 35px !important;}&#8221;][vc_column css_animation=&#8221;fadeInLeft&#8221; width=&#8221;1\/2&#8243;][vc_custom_heading text=&#8221;Uitdaging: het verlagen van de onderhoudskosten&#8221; font_container=&#8221;tag:h4|text_align:left|color:%23900000&#8243; use_theme_fonts=&#8221;yes&#8221;][vc_column_text]De Luxemburgse economie blijft groeien ondanks de &#8230; <a title=\"Luxemburg Wastewater Nachtmanderscheid and Putscheid\" class=\"read-more\" href=\"https:\/\/thern.com\/nl\/portfolio\/luxemburg-wastewater-nachtmanderscheid-putscheid\/\" aria-label=\"More on Luxemburg Wastewater Nachtmanderscheid and Putscheid\">Read more<\/a><\/p>\n","protected":false},"author":1,"featured_media":0,"parent":30089,"menu_order":0,"comment_status":"closed","ping_status":"closed","template":"","meta":{"footnotes":""},"class_list":["post-32949","page","type-page","status-publish"],"yoast_head":"<!-- This site is optimized with the Yoast SEO plugin v27.3 - https:\/\/yoast.com\/product\/yoast-seo-wordpress\/ -->\n<title>Afvalwaterzuivering Nachtmanderscheid and Putscheid | Thern\u00ae Winches &amp; Cranes<\/title>\n<meta name=\"description\" content=\"Draagbare kranen voor pompen en mixers.\" \/>\n<meta name=\"robots\" content=\"noindex, nofollow\" \/>\n<meta property=\"og:locale\" content=\"nl_NL\" \/>\n<meta property=\"og:type\" content=\"article\" \/>\n<meta property=\"og:title\" content=\"Afvalwaterzuivering Nachtmanderscheid and Putscheid | Thern\u00ae Winches &amp; Cranes\" \/>\n<meta property=\"og:description\" content=\"Draagbare kranen voor pompen en mixers.\" \/>\n<meta property=\"og:url\" content=\"https:\/\/thern.com\/nl\/portfolio\/luxemburg-wastewater-nachtmanderscheid-putscheid\/\" \/>\n<meta property=\"og:site_name\" content=\"Thern\u00ae Winches &amp; Cranes\" \/>\n<meta property=\"article:publisher\" content=\"https:\/\/www.facebook.com\/ThernInc\/\" \/>\n<meta property=\"article:modified_time\" content=\"2023-10-31T16:10:52+00:00\" \/>\n<meta name=\"twitter:card\" content=\"summary_large_image\" \/>\n<meta name=\"twitter:label1\" content=\"Geschatte leestijd\" \/>\n\t<meta name=\"twitter:data1\" content=\"2 minuten\" \/>\n<script type=\"application\/ld+json\" class=\"yoast-schema-graph\">{\"@context\":\"https:\\\/\\\/schema.org\",\"@graph\":[{\"@type\":\"WebPage\",\"@id\":\"https:\\\/\\\/thern.com\\\/nl\\\/portfolio\\\/luxemburg-wastewater-nachtmanderscheid-putscheid\\\/\",\"url\":\"https:\\\/\\\/thern.com\\\/nl\\\/portfolio\\\/luxemburg-wastewater-nachtmanderscheid-putscheid\\\/\",\"name\":\"Afvalwaterzuivering Nachtmanderscheid and Putscheid | Thern\u00ae Winches &amp; Cranes\",\"isPartOf\":{\"@id\":\"https:\\\/\\\/thern.com\\\/nl\\\/#website\"},\"datePublished\":\"2023-10-31T16:06:57+00:00\",\"dateModified\":\"2023-10-31T16:10:52+00:00\",\"description\":\"Draagbare kranen voor pompen en mixers.\",\"breadcrumb\":{\"@id\":\"https:\\\/\\\/thern.com\\\/nl\\\/portfolio\\\/luxemburg-wastewater-nachtmanderscheid-putscheid\\\/#breadcrumb\"},\"inLanguage\":\"nl-NL\",\"potentialAction\":[{\"@type\":\"ReadAction\",\"target\":[\"https:\\\/\\\/thern.com\\\/nl\\\/portfolio\\\/luxemburg-wastewater-nachtmanderscheid-putscheid\\\/\"]}]},{\"@type\":\"BreadcrumbList\",\"@id\":\"https:\\\/\\\/thern.com\\\/nl\\\/portfolio\\\/luxemburg-wastewater-nachtmanderscheid-putscheid\\\/#breadcrumb\",\"itemListElement\":[{\"@type\":\"ListItem\",\"position\":1,\"name\":\"Home\",\"item\":\"https:\\\/\\\/thern.com\\\/nl\\\/\"},{\"@type\":\"ListItem\",\"position\":2,\"name\":\"Portfolio\",\"item\":\"https:\\\/\\\/thern.com\\\/nl\\\/portfolio\\\/\"},{\"@type\":\"ListItem\",\"position\":3,\"name\":\"Luxemburg Wastewater Nachtmanderscheid and Putscheid\"}]},{\"@type\":\"WebSite\",\"@id\":\"https:\\\/\\\/thern.com\\\/nl\\\/#website\",\"url\":\"https:\\\/\\\/thern.com\\\/nl\\\/\",\"name\":\"Thern\u00ae Winches &amp; Cranes\",\"description\":\"Leave the Heavy Lifting to Us\",\"publisher\":{\"@id\":\"https:\\\/\\\/thern.com\\\/nl\\\/#organization\"},\"potentialAction\":[{\"@type\":\"SearchAction\",\"target\":{\"@type\":\"EntryPoint\",\"urlTemplate\":\"https:\\\/\\\/thern.com\\\/nl\\\/?s={search_term_string}\"},\"query-input\":{\"@type\":\"PropertyValueSpecification\",\"valueRequired\":true,\"valueName\":\"search_term_string\"}}],\"inLanguage\":\"nl-NL\"},{\"@type\":\"Organization\",\"@id\":\"https:\\\/\\\/thern.com\\\/nl\\\/#organization\",\"name\":\"Thern\u00ae Winches &amp; Cranes\",\"url\":\"https:\\\/\\\/thern.com\\\/nl\\\/\",\"logo\":{\"@type\":\"ImageObject\",\"inLanguage\":\"nl-NL\",\"@id\":\"https:\\\/\\\/thern.com\\\/nl\\\/#\\\/schema\\\/logo\\\/image\\\/\",\"url\":\"https:\\\/\\\/thern.com\\\/wp-content\\\/uploads\\\/2023\\\/11\\\/Logo_SaveForWeb-outline-FINAL-01.svg\",\"contentUrl\":\"https:\\\/\\\/thern.com\\\/wp-content\\\/uploads\\\/2023\\\/11\\\/Logo_SaveForWeb-outline-FINAL-01.svg\",\"caption\":\"Thern\u00ae Winches &amp; Cranes\"},\"image\":{\"@id\":\"https:\\\/\\\/thern.com\\\/nl\\\/#\\\/schema\\\/logo\\\/image\\\/\"},\"sameAs\":[\"https:\\\/\\\/www.facebook.com\\\/ThernInc\\\/\",\"https:\\\/\\\/www.linkedin.com\\\/company\\\/thern-inc-\\\/\",\"https:\\\/\\\/www.youtube.com\\\/user\\\/ThernStage\"]}]}<\/script>\n<!-- \/ Yoast SEO plugin. -->","yoast_head_json":{"title":"Afvalwaterzuivering Nachtmanderscheid and Putscheid | Thern\u00ae Winches &amp; Cranes","description":"Draagbare kranen voor pompen en mixers.","robots":{"index":"noindex","follow":"nofollow"},"og_locale":"nl_NL","og_type":"article","og_title":"Afvalwaterzuivering Nachtmanderscheid and Putscheid | Thern\u00ae Winches &amp; Cranes","og_description":"Draagbare kranen voor pompen en mixers.","og_url":"https:\/\/thern.com\/nl\/portfolio\/luxemburg-wastewater-nachtmanderscheid-putscheid\/","og_site_name":"Thern\u00ae Winches &amp; Cranes","article_publisher":"https:\/\/www.facebook.com\/ThernInc\/","article_modified_time":"2023-10-31T16:10:52+00:00","twitter_card":"summary_large_image","twitter_misc":{"Geschatte leestijd":"2 minuten"},"schema":{"@context":"https:\/\/schema.org","@graph":[{"@type":"WebPage","@id":"https:\/\/thern.com\/nl\/portfolio\/luxemburg-wastewater-nachtmanderscheid-putscheid\/","url":"https:\/\/thern.com\/nl\/portfolio\/luxemburg-wastewater-nachtmanderscheid-putscheid\/","name":"Afvalwaterzuivering Nachtmanderscheid and Putscheid | Thern\u00ae Winches &amp; Cranes","isPartOf":{"@id":"https:\/\/thern.com\/nl\/#website"},"datePublished":"2023-10-31T16:06:57+00:00","dateModified":"2023-10-31T16:10:52+00:00","description":"Draagbare kranen voor pompen en mixers.","breadcrumb":{"@id":"https:\/\/thern.com\/nl\/portfolio\/luxemburg-wastewater-nachtmanderscheid-putscheid\/#breadcrumb"},"inLanguage":"nl-NL","potentialAction":[{"@type":"ReadAction","target":["https:\/\/thern.com\/nl\/portfolio\/luxemburg-wastewater-nachtmanderscheid-putscheid\/"]}]},{"@type":"BreadcrumbList","@id":"https:\/\/thern.com\/nl\/portfolio\/luxemburg-wastewater-nachtmanderscheid-putscheid\/#breadcrumb","itemListElement":[{"@type":"ListItem","position":1,"name":"Home","item":"https:\/\/thern.com\/nl\/"},{"@type":"ListItem","position":2,"name":"Portfolio","item":"https:\/\/thern.com\/nl\/portfolio\/"},{"@type":"ListItem","position":3,"name":"Luxemburg Wastewater Nachtmanderscheid and Putscheid"}]},{"@type":"WebSite","@id":"https:\/\/thern.com\/nl\/#website","url":"https:\/\/thern.com\/nl\/","name":"Thern\u00ae Winches &amp; Cranes","description":"Leave the Heavy Lifting to Us","publisher":{"@id":"https:\/\/thern.com\/nl\/#organization"},"potentialAction":[{"@type":"SearchAction","target":{"@type":"EntryPoint","urlTemplate":"https:\/\/thern.com\/nl\/?s={search_term_string}"},"query-input":{"@type":"PropertyValueSpecification","valueRequired":true,"valueName":"search_term_string"}}],"inLanguage":"nl-NL"},{"@type":"Organization","@id":"https:\/\/thern.com\/nl\/#organization","name":"Thern\u00ae Winches &amp; Cranes","url":"https:\/\/thern.com\/nl\/","logo":{"@type":"ImageObject","inLanguage":"nl-NL","@id":"https:\/\/thern.com\/nl\/#\/schema\/logo\/image\/","url":"https:\/\/thern.com\/wp-content\/uploads\/2023\/11\/Logo_SaveForWeb-outline-FINAL-01.svg","contentUrl":"https:\/\/thern.com\/wp-content\/uploads\/2023\/11\/Logo_SaveForWeb-outline-FINAL-01.svg","caption":"Thern\u00ae Winches &amp; Cranes"},"image":{"@id":"https:\/\/thern.com\/nl\/#\/schema\/logo\/image\/"},"sameAs":["https:\/\/www.facebook.com\/ThernInc\/","https:\/\/www.linkedin.com\/company\/thern-inc-\/","https:\/\/www.youtube.com\/user\/ThernStage"]}]}},"_links":{"self":[{"href":"https:\/\/thern.com\/nl\/wp-json\/wp\/v2\/pages\/32949","targetHints":{"allow":["GET"]}}],"collection":[{"href":"https:\/\/thern.com\/nl\/wp-json\/wp\/v2\/pages"}],"about":[{"href":"https:\/\/thern.com\/nl\/wp-json\/wp\/v2\/types\/page"}],"author":[{"embeddable":true,"href":"https:\/\/thern.com\/nl\/wp-json\/wp\/v2\/users\/1"}],"replies":[{"embeddable":true,"href":"https:\/\/thern.com\/nl\/wp-json\/wp\/v2\/comments?post=32949"}],"version-history":[{"count":0,"href":"https:\/\/thern.com\/nl\/wp-json\/wp\/v2\/pages\/32949\/revisions"}],"up":[{"embeddable":true,"href":"https:\/\/thern.com\/nl\/wp-json\/wp\/v2\/pages\/30089"}],"wp:attachment":[{"href":"https:\/\/thern.com\/nl\/wp-json\/wp\/v2\/media?parent=32949"}],"curies":[{"name":"wp","href":"https:\/\/api.w.org\/{rel}","templated":true}]}}