{"id":30465,"date":"2023-07-12T18:01:07","date_gmt":"2023-07-12T18:01:07","guid":{"rendered":"https:\/\/therninc.wpenginepowered.com\/industries\/"},"modified":"2023-11-01T18:32:21","modified_gmt":"2023-11-01T18:32:21","slug":"industries","status":"publish","type":"page","link":"https:\/\/thern.com\/nl\/industries\/","title":{"rendered":"Industries"},"content":{"rendered":"<div class=\"wpb-content-wrapper\"><p>[vc_section full_width=&#8221;stretch_row&#8221; full_height=&#8221;yes&#8221; content_placement=&#8221;bottom&#8221; css=&#8221;.vc_custom_1689185033305{background-image: url(https:\/\/thern.com\/wp-content\/uploads\/2023\/07\/Thern-Inc_Industries-Hero.jpg?id=520) !important;background-position: center !important;background-repeat: no-repeat !important;background-size: cover !important;}&#8221;][vc_row full_width=&#8221;stretch_row&#8221; css=&#8221;.vc_custom_1689100740503{padding-bottom: 95px !important;background-color: rgba(0,0,0,0.5) !important;*background-color: rgb(0,0,0) !important;}&#8221;][vc_column][vc_custom_heading text=&#8221;Industrie\u00ebn&#8221; font_container=&#8221;tag:h1|text_align:left|color:%23ffffff&#8221; use_theme_fonts=&#8221;yes&#8221; css_animation=&#8221;fadeInLeft&#8221;][\/vc_column][\/vc_row][\/vc_section][vc_row full_width=&#8221;stretch_row&#8221; equal_height=&#8221;yes&#8221; content_placement=&#8221;middle&#8221; css=&#8221;.vc_custom_1689180629506{padding-bottom: 35px !important;background-color: #c71a32 !important;}&#8221;][vc_column css_animation=&#8221;fadeInLeft&#8221; width=&#8221;2\/3&#8243;][vc_custom_heading text=&#8221;Industrietoepassingen voor Thern-kranen en lieren&#8221; font_container=&#8221;tag:h2|text_align:left|color:%23ffffff&#8221; use_theme_fonts=&#8221;yes&#8221;][\/vc_column][vc_column width=&#8221;1\/3&#8243;][\/vc_column][\/vc_row][vc_row equal_height=&#8221;yes&#8221; content_placement=&#8221;bottom&#8221;][vc_column css_animation=&#8221;fadeInLeft&#8221; width=&#8221;1\/3&#8243;][vc_custom_heading text=&#8221;THERN LIEREN &amp; KRANEN KUNNEN WORDEN GEVONDEN VOOR HET HEFFEN, TREKKEN EN POSITIONEREN VAN LADINGEN IN VRIJWEL ELKE VOORGESTELDE INDUSTRIE:&#8221; font_container=&#8221;tag:h6|text_align:left|color:%23990000&#8243; use_theme_fonts=&#8221;yes&#8221;][vc_column_text]Van lucht- en ruimtevaart tot olie en gas, mijnbouw tot afvalwater, productie tot constructie en nog veel meer. Onze draagbare davitkranen worden gezien bij het hijsen van dompelpompen in afvalwaterzuiveringsinstallaties over de hele wereld.<\/p>\n<p>Onze industri\u00eble handlieren maken snel werk van zware lasten in de productie. Zelfs op talloze boorplatforms vindt u onze heavy-duty luchtlieren onder zware omstandigheden hard aan het werk. In welke branche u ook werkzaam bent, Thern-lieren en -kranen maken elke klus eenvoudiger en effici\u00ebnter. Hoe divers de toepassingen ook zijn, \u00e9\u00e9n ding verbindt ze allemaal: Thern verplaatst het allemaal van groot naar klein.[\/vc_column_text][\/vc_column][vc_column css_animation=&#8221;fadeInRight&#8221; width=&#8221;2\/3&#8243;][vc_single_image image=&#8221;22372&#8243; img_size=&#8221;full&#8221; alignment=&#8221;center&#8221; css=&#8221;.vc_custom_1691515491498{margin-bottom: 0px !important;}&#8221;][\/vc_column][\/vc_row][vc_section full_width=&#8221;stretch_row&#8221; css=&#8221;.vc_custom_1696003107500{background-color: #ececec !important;}&#8221; el_class=&#8221;industries-section&#8221;][vc_row css_animation=&#8221;fadeInUp&#8221;][vc_column width=&#8221;1\/4&#8243;][vc_custom_heading text=&#8221;ONTDEK INDUSTRIE\u00cbN EN TOEPASSINGEN&#8221; font_container=&#8221;tag:h6|text_align:left|color:%23990000&#8243; use_theme_fonts=&#8221;yes&#8221;][\/vc_column][vc_column width=&#8221;3\/4&#8243;][\/vc_column][\/vc_row][vc_row gap=&#8221;3&#8243; css_animation=&#8221;fadeInUp&#8221; el_class=&#8221;industries-row white-arrow&#8221;][vc_column width=&#8221;1\/3&#8243; css=&#8221;.vc_custom_1691512178171{background-image: url(https:\/\/thern.com\/wp-content\/uploads\/2023\/08\/Thern_Industries-WaterWastewater.jpg?id=22351) !important;background-position: center !important;background-repeat: no-repeat !important;background-size: cover !important;}&#8221;][vc_custom_heading text=&#8221;Water \/<br \/>\nAfvalwater&#8221; font_container=&#8221;tag:h5|text_align:left|color:%23ffffff&#8221; use_theme_fonts=&#8221;yes&#8221; link=&#8221;url:%2Fnl%2Findustries%2Fwater-wastewater%2F|title:View%20Water%20Wastewater%20Industry&#8221;][\/vc_column][vc_column width=&#8221;1\/3&#8243; css=&#8221;.vc_custom_1691512191088{background-image: url(https:\/\/thern.com\/wp-content\/uploads\/2023\/08\/Thern_Industries-Construction.jpg?id=22350) !important;background-position: center !important;background-repeat: no-repeat !important;background-size: cover !important;}&#8221;][vc_custom_heading text=&#8221;Bouw&#8221; font_container=&#8221;tag:h5|text_align:left|color:%23ffffff&#8221; use_theme_fonts=&#8221;yes&#8221; link=&#8221;url:%2Fnl%2Findustries%2Fconstruction|title:View%20Construction%20Industry&#8221;][\/vc_column][vc_column width=&#8221;1\/3&#8243; css=&#8221;.vc_custom_1691513215155{background-image: url(https:\/\/thern.com\/wp-content\/uploads\/2023\/08\/Thern_Industries-Manufacturing.jpg?id=22353) !important;background-position: center !important;background-repeat: no-repeat !important;background-size: cover !important;}&#8221;][vc_custom_heading text=&#8221;Productie&#8221; font_container=&#8221;tag:h5|text_align:left|color:%23ffffff&#8221; use_theme_fonts=&#8221;yes&#8221; link=&#8221;url:%2Fnl%2Findustries%2Fmanufacturing%2F|title:View%20Manufacturing%20Industry&#8221;][\/vc_column][\/vc_row][vc_row gap=&#8221;3&#8243; css_animation=&#8221;fadeInUp&#8221; el_class=&#8221;industries-row white-arrow&#8221;][vc_column width=&#8221;1\/3&#8243; css=&#8221;.vc_custom_1691513627295{background-image: url(https:\/\/thern.com\/wp-content\/uploads\/2023\/08\/Thern_Industries-Theater.jpg?id=22355) !important;background-position: center !important;background-repeat: no-repeat !important;background-size: cover !important;}&#8221;][vc_custom_heading text=&#8221;Theater&#8221; font_container=&#8221;tag:h5|text_align:left|color:%23ffffff&#8221; use_theme_fonts=&#8221;yes&#8221; link=&#8221;url:%2Fnl%2Findustries%2Ftheater%2F|title:View%20Theater%20Industry&#8221;][\/vc_column][vc_column width=&#8221;1\/3&#8243; css=&#8221;.vc_custom_1691514238478{background-image: url(https:\/\/thern.com\/wp-content\/uploads\/2023\/08\/Thern_Industries-Bulk-Handling.jpg?id=22357) !important;background-position: center !important;background-repeat: no-repeat !important;background-size: cover !important;}&#8221;][vc_custom_heading text=&#8221;Bulkverwerking&#8221; font_container=&#8221;tag:h5|text_align:left|color:%23ffffff&#8221; use_theme_fonts=&#8221;yes&#8221; link=&#8221;url:%2Fnl%2Findustries%2Fbulk-material-handling%2F|title:View%20Bulk%20Handling%20Industry&#8221;][\/vc_column][vc_column width=&#8221;1\/3&#8243; css=&#8221;.vc_custom_1691514326905{background-image: url(https:\/\/thern.com\/wp-content\/uploads\/2023\/08\/Thern_Industries-Oil-Gas.jpg?id=22359) !important;background-position: center !important;background-repeat: no-repeat !important;background-size: cover !important;}&#8221;][vc_custom_heading text=&#8221;Olie gas&#8221; font_container=&#8221;tag:h5|text_align:left|color:%23ffffff&#8221; use_theme_fonts=&#8221;yes&#8221; link=&#8221;url:%2Fnl%2Findustries%2Foil-and-gas%2F|title:View%20Oil%20%26%20Gas%20Industry&#8221;][\/vc_column][\/vc_row][vc_row gap=&#8221;3&#8243; css_animation=&#8221;fadeInUp&#8221; el_class=&#8221;industries-row white-arrow&#8221; css=&#8221;.vc_custom_1698863551531{padding-bottom: 35px !important;}&#8221;][vc_column width=&#8221;1\/3&#8243; css=&#8221;.vc_custom_1691514400825{background-image: url(https:\/\/thern.com\/wp-content\/uploads\/2023\/08\/Thern_Industries-Mining.jpg?id=22361) !important;background-position: center !important;background-repeat: no-repeat !important;background-size: cover !important;}&#8221;][vc_custom_heading text=&#8221;Mijnbouw&#8221; font_container=&#8221;tag:h5|text_align:left|color:%23ffffff&#8221; use_theme_fonts=&#8221;yes&#8221; link=&#8221;url:%2Fnl%2Findustries%2Fmining%2F|title:View%20Mining%20Industry&#8221;][\/vc_column][vc_column width=&#8221;1\/3&#8243; css=&#8221;.vc_custom_1691514451237{background-image: url(https:\/\/thern.com\/wp-content\/uploads\/2023\/08\/Thern_Industries-Defense.jpg?id=22363) !important;background-position: center !important;background-repeat: no-repeat !important;background-size: cover !important;}&#8221;][vc_custom_heading text=&#8221;Verdediging&#8221; font_container=&#8221;tag:h5|text_align:left|color:%23ffffff&#8221; use_theme_fonts=&#8221;yes&#8221; link=&#8221;url:%2Fnl%2Findustries%2Fdefense%2F|title:View%20Defense%20Industry&#8221;][\/vc_column][vc_column width=&#8221;1\/3&#8243; css=&#8221;.vc_custom_1691514660455{background-image: url(https:\/\/thern.com\/wp-content\/uploads\/2023\/08\/Thern_Industries-OEMS.jpg?id=22365) !important;background-position: center !important;background-repeat: no-repeat !important;background-size: cover !important;}&#8221;][vc_custom_heading text=&#8221;OEMS&#8221; font_container=&#8221;tag:h5|text_align:left|color:%23ffffff&#8221; use_theme_fonts=&#8221;yes&#8221; link=&#8221;url:%2Fnl%2Findustries%2Foems%2F|title:View%20OEMs%20Industry&#8221;][\/vc_column][\/vc_row][\/vc_section][vc_row css=&#8221;.vc_custom_1689183432752{padding-top: 35px !important;padding-bottom: 35px !important;}&#8221;][vc_column width=&#8221;1\/6&#8243;][\/vc_column][vc_column css_animation=&#8221;fadeInUp&#8221; width=&#8221;4\/6&#8243;][vc_custom_heading text=&#8221;We zijn hier om te helpen&#8221; font_container=&#8221;tag:h2|text_align:center|color:%230a0a0a&#8221; use_theme_fonts=&#8221;yes&#8221; css=&#8221;.vc_custom_1695760734443{margin-bottom: 0px !important;}&#8221;][vc_column_text]<\/p>\n<p style=\"text-align: center;\">Vragen hebben? Het vriendelijke en deskundige verkoop- en servicepersoneel van Thern staat klaar om u te helpen.<\/p>\n<p>[\/vc_column_text][vc_btn title=&#8221;Neem contact met ons op&#8221; style=&#8221;custom&#8221; custom_background=&#8221;#c71a32&#8243; custom_text=&#8221;#ffffff&#8221; shape=&#8221;square&#8221; size=&#8221;lg&#8221; align=&#8221;center&#8221; i_align=&#8221;right&#8221; i_icon_fontawesome=&#8221;fas fa-angle-right&#8221; add_icon=&#8221;true&#8221; link=&#8221;url:%2Fnl%2Fcontact%2F|title:Contact&#8221;][\/vc_column][vc_column width=&#8221;1\/6&#8243;][\/vc_column][\/vc_row]<\/p>\n<\/div>","protected":false},"excerpt":{"rendered":"<p>[vc_section full_width=&#8221;stretch_row&#8221; full_height=&#8221;yes&#8221; content_placement=&#8221;bottom&#8221; css=&#8221;.vc_custom_1689185033305{background-image: url(https:\/\/thern.com\/wp-content\/uploads\/2023\/07\/Thern-Inc_Industries-Hero.jpg?id=520) !important;background-position: center !important;background-repeat: no-repeat !important;background-size: cover !important;}&#8221;][vc_row full_width=&#8221;stretch_row&#8221; css=&#8221;.vc_custom_1689100740503{padding-bottom: 95px !important;background-color: rgba(0,0,0,0.5) !important;*background-color: rgb(0,0,0) !important;}&#8221;][vc_column][vc_custom_heading text=&#8221;Industrie\u00ebn&#8221; font_container=&#8221;tag:h1|text_align:left|color:%23ffffff&#8221; use_theme_fonts=&#8221;yes&#8221; css_animation=&#8221;fadeInLeft&#8221;][\/vc_column][\/vc_row][\/vc_section][vc_row full_width=&#8221;stretch_row&#8221; equal_height=&#8221;yes&#8221; content_placement=&#8221;middle&#8221; css=&#8221;.vc_custom_1689180629506{padding-bottom: 35px !important;background-color: #c71a32 !important;}&#8221;][vc_column css_animation=&#8221;fadeInLeft&#8221; width=&#8221;2\/3&#8243;][vc_custom_heading text=&#8221;Industrietoepassingen voor Thern-kranen en lieren&#8221; font_container=&#8221;tag:h2|text_align:left|color:%23ffffff&#8221; use_theme_fonts=&#8221;yes&#8221;][\/vc_column][vc_column width=&#8221;1\/3&#8243;][\/vc_column][\/vc_row][vc_row equal_height=&#8221;yes&#8221; content_placement=&#8221;bottom&#8221;][vc_column css_animation=&#8221;fadeInLeft&#8221; width=&#8221;1\/3&#8243;][vc_custom_heading text=&#8221;THERN LIEREN &amp; KRANEN KUNNEN WORDEN GEVONDEN VOOR &#8230; <a title=\"Industries\" class=\"read-more\" href=\"https:\/\/thern.com\/nl\/industries\/\" aria-label=\"More on Industries\">Read more<\/a><\/p>\n","protected":false},"author":1,"featured_media":0,"parent":0,"menu_order":0,"comment_status":"closed","ping_status":"closed","template":"","meta":{"footnotes":""},"class_list":["post-30465","page","type-page","status-publish"],"yoast_head":"<!-- This site is optimized with the Yoast SEO plugin v27.4 - https:\/\/yoast.com\/product\/yoast-seo-wordpress\/ -->\n<title>Industrie\u00ebn en toepassingen voor kranen en lieren | Thern, Inc.<\/title>\n<meta name=\"description\" content=\"Thern lieren en kranen zijn te vinden voor het heffen, trekken en positioneren van lasten in vrijwel elke denkbare branche. Ontdek de industrie\u00ebn die wij bedienen!\" \/>\n<meta name=\"robots\" content=\"index, follow, max-snippet:-1, max-image-preview:large, max-video-preview:-1\" \/>\n<link rel=\"canonical\" href=\"https:\/\/thern.com\/nl\/industries\/\" \/>\n<meta property=\"og:locale\" content=\"nl_NL\" \/>\n<meta property=\"og:type\" content=\"article\" \/>\n<meta property=\"og:title\" content=\"Industrie\u00ebn en toepassingen voor kranen en lieren | Thern, Inc.\" \/>\n<meta property=\"og:description\" content=\"Thern lieren en kranen zijn te vinden voor het heffen, trekken en positioneren van lasten in vrijwel elke denkbare branche. Ontdek de industrie\u00ebn die wij bedienen!\" \/>\n<meta property=\"og:url\" content=\"https:\/\/thern.com\/nl\/industries\/\" \/>\n<meta property=\"og:site_name\" content=\"Thern\u00ae Winches &amp; Cranes\" \/>\n<meta property=\"article:publisher\" content=\"https:\/\/www.facebook.com\/ThernInc\/\" \/>\n<meta property=\"article:modified_time\" content=\"2023-11-01T18:32:21+00:00\" \/>\n<meta name=\"twitter:card\" content=\"summary_large_image\" \/>\n<meta name=\"twitter:label1\" content=\"Geschatte leestijd\" \/>\n\t<meta name=\"twitter:data1\" content=\"2 minuten\" \/>\n<script type=\"application\/ld+json\" class=\"yoast-schema-graph\">{\"@context\":\"https:\\\/\\\/schema.org\",\"@graph\":[{\"@type\":\"WebPage\",\"@id\":\"https:\\\/\\\/thern.com\\\/nl\\\/industries\\\/\",\"url\":\"https:\\\/\\\/thern.com\\\/nl\\\/industries\\\/\",\"name\":\"Industrie\u00ebn en toepassingen voor kranen en lieren | Thern, Inc.\",\"isPartOf\":{\"@id\":\"https:\\\/\\\/thern.com\\\/nl\\\/#website\"},\"datePublished\":\"2023-07-12T18:01:07+00:00\",\"dateModified\":\"2023-11-01T18:32:21+00:00\",\"description\":\"Thern lieren en kranen zijn te vinden voor het heffen, trekken en positioneren van lasten in vrijwel elke denkbare branche. Ontdek de industrie\u00ebn die wij bedienen!\",\"breadcrumb\":{\"@id\":\"https:\\\/\\\/thern.com\\\/nl\\\/industries\\\/#breadcrumb\"},\"inLanguage\":\"nl-NL\",\"potentialAction\":[{\"@type\":\"ReadAction\",\"target\":[\"https:\\\/\\\/thern.com\\\/nl\\\/industries\\\/\"]}]},{\"@type\":\"BreadcrumbList\",\"@id\":\"https:\\\/\\\/thern.com\\\/nl\\\/industries\\\/#breadcrumb\",\"itemListElement\":[{\"@type\":\"ListItem\",\"position\":1,\"name\":\"Home\",\"item\":\"https:\\\/\\\/thern.com\\\/nl\\\/\"},{\"@type\":\"ListItem\",\"position\":2,\"name\":\"Industries\"}]},{\"@type\":\"WebSite\",\"@id\":\"https:\\\/\\\/thern.com\\\/nl\\\/#website\",\"url\":\"https:\\\/\\\/thern.com\\\/nl\\\/\",\"name\":\"Thern\u00ae Winches &amp; Cranes\",\"description\":\"Leave the Heavy Lifting to Us\",\"publisher\":{\"@id\":\"https:\\\/\\\/thern.com\\\/nl\\\/#organization\"},\"potentialAction\":[{\"@type\":\"SearchAction\",\"target\":{\"@type\":\"EntryPoint\",\"urlTemplate\":\"https:\\\/\\\/thern.com\\\/nl\\\/?s={search_term_string}\"},\"query-input\":{\"@type\":\"PropertyValueSpecification\",\"valueRequired\":true,\"valueName\":\"search_term_string\"}}],\"inLanguage\":\"nl-NL\"},{\"@type\":\"Organization\",\"@id\":\"https:\\\/\\\/thern.com\\\/nl\\\/#organization\",\"name\":\"Thern\u00ae Winches &amp; Cranes\",\"url\":\"https:\\\/\\\/thern.com\\\/nl\\\/\",\"logo\":{\"@type\":\"ImageObject\",\"inLanguage\":\"nl-NL\",\"@id\":\"https:\\\/\\\/thern.com\\\/nl\\\/#\\\/schema\\\/logo\\\/image\\\/\",\"url\":\"https:\\\/\\\/thern.com\\\/wp-content\\\/uploads\\\/2023\\\/11\\\/Logo_SaveForWeb-outline-FINAL-01.svg\",\"contentUrl\":\"https:\\\/\\\/thern.com\\\/wp-content\\\/uploads\\\/2023\\\/11\\\/Logo_SaveForWeb-outline-FINAL-01.svg\",\"caption\":\"Thern\u00ae Winches &amp; Cranes\"},\"image\":{\"@id\":\"https:\\\/\\\/thern.com\\\/nl\\\/#\\\/schema\\\/logo\\\/image\\\/\"},\"sameAs\":[\"https:\\\/\\\/www.facebook.com\\\/ThernInc\\\/\",\"https:\\\/\\\/www.linkedin.com\\\/company\\\/thern-inc-\\\/\",\"https:\\\/\\\/www.youtube.com\\\/user\\\/ThernStage\"]}]}<\/script>\n<!-- \/ Yoast SEO plugin. -->","yoast_head_json":{"title":"Industrie\u00ebn en toepassingen voor kranen en lieren | Thern, Inc.","description":"Thern lieren en kranen zijn te vinden voor het heffen, trekken en positioneren van lasten in vrijwel elke denkbare branche. Ontdek de industrie\u00ebn die wij bedienen!","robots":{"index":"index","follow":"follow","max-snippet":"max-snippet:-1","max-image-preview":"max-image-preview:large","max-video-preview":"max-video-preview:-1"},"canonical":"https:\/\/thern.com\/nl\/industries\/","og_locale":"nl_NL","og_type":"article","og_title":"Industrie\u00ebn en toepassingen voor kranen en lieren | Thern, Inc.","og_description":"Thern lieren en kranen zijn te vinden voor het heffen, trekken en positioneren van lasten in vrijwel elke denkbare branche. Ontdek de industrie\u00ebn die wij bedienen!","og_url":"https:\/\/thern.com\/nl\/industries\/","og_site_name":"Thern\u00ae Winches &amp; Cranes","article_publisher":"https:\/\/www.facebook.com\/ThernInc\/","article_modified_time":"2023-11-01T18:32:21+00:00","twitter_card":"summary_large_image","twitter_misc":{"Geschatte leestijd":"2 minuten"},"schema":{"@context":"https:\/\/schema.org","@graph":[{"@type":"WebPage","@id":"https:\/\/thern.com\/nl\/industries\/","url":"https:\/\/thern.com\/nl\/industries\/","name":"Industrie\u00ebn en toepassingen voor kranen en lieren | Thern, Inc.","isPartOf":{"@id":"https:\/\/thern.com\/nl\/#website"},"datePublished":"2023-07-12T18:01:07+00:00","dateModified":"2023-11-01T18:32:21+00:00","description":"Thern lieren en kranen zijn te vinden voor het heffen, trekken en positioneren van lasten in vrijwel elke denkbare branche. Ontdek de industrie\u00ebn die wij bedienen!","breadcrumb":{"@id":"https:\/\/thern.com\/nl\/industries\/#breadcrumb"},"inLanguage":"nl-NL","potentialAction":[{"@type":"ReadAction","target":["https:\/\/thern.com\/nl\/industries\/"]}]},{"@type":"BreadcrumbList","@id":"https:\/\/thern.com\/nl\/industries\/#breadcrumb","itemListElement":[{"@type":"ListItem","position":1,"name":"Home","item":"https:\/\/thern.com\/nl\/"},{"@type":"ListItem","position":2,"name":"Industries"}]},{"@type":"WebSite","@id":"https:\/\/thern.com\/nl\/#website","url":"https:\/\/thern.com\/nl\/","name":"Thern\u00ae Winches &amp; Cranes","description":"Leave the Heavy Lifting to Us","publisher":{"@id":"https:\/\/thern.com\/nl\/#organization"},"potentialAction":[{"@type":"SearchAction","target":{"@type":"EntryPoint","urlTemplate":"https:\/\/thern.com\/nl\/?s={search_term_string}"},"query-input":{"@type":"PropertyValueSpecification","valueRequired":true,"valueName":"search_term_string"}}],"inLanguage":"nl-NL"},{"@type":"Organization","@id":"https:\/\/thern.com\/nl\/#organization","name":"Thern\u00ae Winches &amp; Cranes","url":"https:\/\/thern.com\/nl\/","logo":{"@type":"ImageObject","inLanguage":"nl-NL","@id":"https:\/\/thern.com\/nl\/#\/schema\/logo\/image\/","url":"https:\/\/thern.com\/wp-content\/uploads\/2023\/11\/Logo_SaveForWeb-outline-FINAL-01.svg","contentUrl":"https:\/\/thern.com\/wp-content\/uploads\/2023\/11\/Logo_SaveForWeb-outline-FINAL-01.svg","caption":"Thern\u00ae Winches &amp; Cranes"},"image":{"@id":"https:\/\/thern.com\/nl\/#\/schema\/logo\/image\/"},"sameAs":["https:\/\/www.facebook.com\/ThernInc\/","https:\/\/www.linkedin.com\/company\/thern-inc-\/","https:\/\/www.youtube.com\/user\/ThernStage"]}]}},"_links":{"self":[{"href":"https:\/\/thern.com\/nl\/wp-json\/wp\/v2\/pages\/30465","targetHints":{"allow":["GET"]}}],"collection":[{"href":"https:\/\/thern.com\/nl\/wp-json\/wp\/v2\/pages"}],"about":[{"href":"https:\/\/thern.com\/nl\/wp-json\/wp\/v2\/types\/page"}],"author":[{"embeddable":true,"href":"https:\/\/thern.com\/nl\/wp-json\/wp\/v2\/users\/1"}],"replies":[{"embeddable":true,"href":"https:\/\/thern.com\/nl\/wp-json\/wp\/v2\/comments?post=30465"}],"version-history":[{"count":0,"href":"https:\/\/thern.com\/nl\/wp-json\/wp\/v2\/pages\/30465\/revisions"}],"wp:attachment":[{"href":"https:\/\/thern.com\/nl\/wp-json\/wp\/v2\/media?parent=30465"}],"curies":[{"name":"wp","href":"https:\/\/api.w.org\/{rel}","templated":true}]}}