{"id":30247,"date":"2023-08-17T16:07:04","date_gmt":"2023-08-17T16:07:04","guid":{"rendered":"https:\/\/therninc.wpenginepowered.com\/portfolio\/ivanpah-solar\/"},"modified":"2023-12-07T18:06:46","modified_gmt":"2023-12-07T18:06:46","slug":"ivanpah-solar","status":"publish","type":"page","link":"https:\/\/thern.com\/nl\/portfolio\/ivanpah-solar\/","title":{"rendered":"Ivanpah Solar"},"content":{"rendered":"<div class=\"wpb-content-wrapper\"><p>[vc_section full_width=&#8221;stretch_row&#8221; content_placement=&#8221;middle&#8221; css=&#8221;.vc_custom_1693342558431{padding-top: 0px !important;background-image: url(https:\/\/thern.com\/wp-content\/uploads\/2023\/07\/Thern-Inc_Portfolio-Hero.jpg?id=481) !important;background-position: center !important;background-repeat: no-repeat !important;background-size: cover !important;}&#8221;][vc_row full_width=&#8221;stretch_row&#8221; css=&#8221;.vc_custom_1693342565152{padding-top: 50px !important;padding-bottom: 70px !important;background-color: rgba(0,0,0,0.5) !important;*background-color: rgb(0,0,0) !important;}&#8221;][vc_column][vc_custom_heading text=&#8221;Portfolio&#8221; font_container=&#8221;tag:h1|text_align:left|color:%23ffffff&#8221; use_theme_fonts=&#8221;yes&#8221; css_animation=&#8221;fadeInLeft&#8221;][\/vc_column][\/vc_row][\/vc_section][vc_row full_width=&#8221;stretch_row&#8221; equal_height=&#8221;yes&#8221; content_placement=&#8221;middle&#8221; css=&#8221;.vc_custom_1689180629506{padding-bottom: 35px !important;background-color: #c71a32 !important;}&#8221;][vc_column width=&#8221;2\/3&#8243;][vc_custom_heading text=&#8221;Zonneopwekkingslier voor Ivanpah Solar&#8221; font_container=&#8221;tag:h2|text_align:left|color:%23ffffff&#8221; use_theme_fonts=&#8221;yes&#8221; css_animation=&#8221;fadeInLeft&#8221;][\/vc_column][vc_column width=&#8221;1\/3&#8243;][\/vc_column][\/vc_row][vc_row equal_height=&#8221;yes&#8221; css=&#8221;.vc_custom_1693342535345{padding-bottom: 35px !important;}&#8221;][vc_column css_animation=&#8221;fadeInLeft&#8221; width=&#8221;1\/2&#8243;][vc_column_text]<\/p>\n<section class=\"av_textblock_section\">\n<div class=\"avia_textblock\">\n<p>De toekomst van energieopwekking ligt in de Mojave-woestijn! Veertig mijl ten zuidwesten van Las Vegas, net over de grens in Californi\u00eb, bouwde BrightSource Limitless, in samenwerking met NRG Solar en Google, &#8217;s werelds grootste zonnepaneel bestaande uit drie collectortorens en 170.000 heliostaten (reflectoren) eromheen. Met een nominale output van 377 megawatt verdubbelt deze faciliteit effectief de hoeveelheid zonne-energie in de Verenigde Staten.<\/p>\n<p>Speciale 4HBP40M-S1 elektrische lieren van Thern zijn ge\u00efnstalleerd en worden gebruikt voor onderhoudswerkzaamheden, \u00e9\u00e9n lier zit in de top van elke toren. Elke lier is omgekeerd gemonteerd en heeft een niet-standaard trommel die genoeg staalkabel kan bevatten om de 400 voet hijsafstand te overbruggen en een roterende eindschakelaar.<\/p>\n<\/div>\n<\/section>\n<p>[\/vc_column_text][vc_btn title=&#8221;Terug naar portfolio&#8221; style=&#8221;custom&#8221; custom_background=&#8221;#c71a32&#8243; custom_text=&#8221;#ffffff&#8221; shape=&#8221;square&#8221; size=&#8221;lg&#8221; align=&#8221;left&#8221; i_icon_fontawesome=&#8221;fas fa-angle-left&#8221; add_icon=&#8221;true&#8221; link=&#8221;url:https%3A%2F%2Fthern.com%2Fnl%2Fportfolio%2F|title:Portfolio|&#8221;][\/vc_column][vc_column css_animation=&#8221;fadeInRight&#8221; width=&#8221;1\/2&#8243;][vc_gallery type=&#8221;flexslider_slide&#8221; interval=&#8221;0&#8243; images=&#8221;23786,23787,23788,23789,23790&#8243; img_size=&#8221;full&#8221; onclick=&#8221;&#8221;][vc_single_image image=&#8221;22874&#8243; img_size=&#8221;full&#8221;][\/vc_column][\/vc_row][vc_row full_width=&#8221;stretch_row&#8221; css=&#8221;.vc_custom_1693342543045{padding-top: 35px !important;padding-bottom: 35px !important;background-color: #efefef !important;}&#8221;][vc_column width=&#8221;1\/6&#8243;][\/vc_column][vc_column css_animation=&#8221;fadeInUp&#8221; width=&#8221;4\/6&#8243;][vc_custom_heading text=&#8221;We zijn er om te helpen&#8221; font_container=&#8221;tag:h2|text_align:center|color:%230a0a0a&#8221; use_theme_fonts=&#8221;yes&#8221; css=&#8221;.vc_custom_1689180978485{margin-bottom: 0px !important;}&#8221;][vc_column_text]<\/p>\n<p style=\"text-align: center;\">Heb je vragen? Het vriendelijke en deskundige verkoop- en servicepersoneel van Thern staat te popelen om je te helpen.<\/p>\n<p>[\/vc_column_text][vc_btn title=&#8221;Neem contact met ons op&#8221; style=&#8221;custom&#8221; custom_background=&#8221;#c71a32&#8243; custom_text=&#8221;#ffffff&#8221; shape=&#8221;square&#8221; size=&#8221;lg&#8221; align=&#8221;center&#8221; i_align=&#8221;right&#8221; i_icon_fontawesome=&#8221;fas fa-angle-right&#8221; add_icon=&#8221;true&#8221; link=&#8221;url:https%3A%2F%2Fthern.com%2Fnl%2Fcontact%2F|title:Neem%20contact%20op%20met|&#8221;][\/vc_column][vc_column width=&#8221;1\/6&#8243;][\/vc_column][\/vc_row]<\/p>\n<\/div>","protected":false},"excerpt":{"rendered":"<p>[vc_section full_width=&#8221;stretch_row&#8221; content_placement=&#8221;middle&#8221; css=&#8221;.vc_custom_1693342558431{padding-top: 0px !important;background-image: url(https:\/\/thern.com\/wp-content\/uploads\/2023\/07\/Thern-Inc_Portfolio-Hero.jpg?id=481) !important;background-position: center !important;background-repeat: no-repeat !important;background-size: cover !important;}&#8221;][vc_row full_width=&#8221;stretch_row&#8221; css=&#8221;.vc_custom_1693342565152{padding-top: 50px !important;padding-bottom: 70px !important;background-color: rgba(0,0,0,0.5) !important;*background-color: rgb(0,0,0) !important;}&#8221;][vc_column][vc_custom_heading text=&#8221;Portfolio&#8221; font_container=&#8221;tag:h1|text_align:left|color:%23ffffff&#8221; use_theme_fonts=&#8221;yes&#8221; css_animation=&#8221;fadeInLeft&#8221;][\/vc_column][\/vc_row][\/vc_section][vc_row full_width=&#8221;stretch_row&#8221; equal_height=&#8221;yes&#8221; content_placement=&#8221;middle&#8221; css=&#8221;.vc_custom_1689180629506{padding-bottom: 35px !important;background-color: #c71a32 !important;}&#8221;][vc_column width=&#8221;2\/3&#8243;][vc_custom_heading text=&#8221;Zonneopwekkingslier voor Ivanpah Solar&#8221; font_container=&#8221;tag:h2|text_align:left|color:%23ffffff&#8221; use_theme_fonts=&#8221;yes&#8221; css_animation=&#8221;fadeInLeft&#8221;][\/vc_column][vc_column width=&#8221;1\/3&#8243;][\/vc_column][\/vc_row][vc_row equal_height=&#8221;yes&#8221; css=&#8221;.vc_custom_1693342535345{padding-bottom: 35px !important;}&#8221;][vc_column css_animation=&#8221;fadeInLeft&#8221; width=&#8221;1\/2&#8243;][vc_column_text] De toekomst van energieopwekking &#8230; <a title=\"Ivanpah Solar\" class=\"read-more\" href=\"https:\/\/thern.com\/nl\/portfolio\/ivanpah-solar\/\" aria-label=\"More on Ivanpah Solar\">Read more<\/a><\/p>\n","protected":false},"author":1,"featured_media":0,"parent":30089,"menu_order":0,"comment_status":"closed","ping_status":"closed","template":"","meta":{"footnotes":""},"class_list":["post-30247","page","type-page","status-publish"],"yoast_head":"<!-- This site is optimized with the Yoast SEO plugin v27.3 - https:\/\/yoast.com\/product\/yoast-seo-wordpress\/ -->\n<title>Zonneopwekkingslier voor Ivanpah Solar | Thern, Inc.<\/title>\n<meta name=\"description\" content=\"De toekomst van energieopwekking ligt in de Mojave-woestijn! Veertig mijl ten zuidwesten van Las Vegas, net over de grens in Californi\u00eb, bouwde BrightSource Limitless, in samenwerking met NRG Solar en Google, &#039;s werelds grootste zonnepaneel bestaande uit drie collectortorens en 170.000 heliostaten (reflectoren) eromheen.\" \/>\n<meta name=\"robots\" content=\"index, follow, max-snippet:-1, max-image-preview:large, max-video-preview:-1\" \/>\n<link rel=\"canonical\" href=\"https:\/\/thern.com\/nl\/portfolio\/ivanpah-solar\/\" \/>\n<meta property=\"og:locale\" content=\"nl_NL\" \/>\n<meta property=\"og:type\" content=\"article\" \/>\n<meta property=\"og:title\" content=\"Zonneopwekkingslier voor Ivanpah Solar | Thern, Inc.\" \/>\n<meta property=\"og:description\" content=\"De toekomst van energieopwekking ligt in de Mojave-woestijn! Veertig mijl ten zuidwesten van Las Vegas, net over de grens in Californi\u00eb, bouwde BrightSource Limitless, in samenwerking met NRG Solar en Google, &#039;s werelds grootste zonnepaneel bestaande uit drie collectortorens en 170.000 heliostaten (reflectoren) eromheen.\" \/>\n<meta property=\"og:url\" content=\"https:\/\/thern.com\/nl\/portfolio\/ivanpah-solar\/\" \/>\n<meta property=\"og:site_name\" content=\"Thern\u00ae Winches &amp; Cranes\" \/>\n<meta property=\"article:publisher\" content=\"https:\/\/www.facebook.com\/ThernInc\/\" \/>\n<meta property=\"article:modified_time\" content=\"2023-12-07T18:06:46+00:00\" \/>\n<meta name=\"twitter:card\" content=\"summary_large_image\" \/>\n<meta name=\"twitter:label1\" content=\"Geschatte leestijd\" \/>\n\t<meta name=\"twitter:data1\" content=\"2 minuten\" \/>\n<script type=\"application\/ld+json\" class=\"yoast-schema-graph\">{\"@context\":\"https:\\\/\\\/schema.org\",\"@graph\":[{\"@type\":\"WebPage\",\"@id\":\"https:\\\/\\\/thern.com\\\/nl\\\/portfolio\\\/ivanpah-solar\\\/\",\"url\":\"https:\\\/\\\/thern.com\\\/nl\\\/portfolio\\\/ivanpah-solar\\\/\",\"name\":\"Zonneopwekkingslier voor Ivanpah Solar | Thern, Inc.\",\"isPartOf\":{\"@id\":\"https:\\\/\\\/thern.com\\\/nl\\\/#website\"},\"datePublished\":\"2023-08-17T16:07:04+00:00\",\"dateModified\":\"2023-12-07T18:06:46+00:00\",\"description\":\"De toekomst van energieopwekking ligt in de Mojave-woestijn! Veertig mijl ten zuidwesten van Las Vegas, net over de grens in Californi\u00eb, bouwde BrightSource Limitless, in samenwerking met NRG Solar en Google, 's werelds grootste zonnepaneel bestaande uit drie collectortorens en 170.000 heliostaten (reflectoren) eromheen.\",\"breadcrumb\":{\"@id\":\"https:\\\/\\\/thern.com\\\/nl\\\/portfolio\\\/ivanpah-solar\\\/#breadcrumb\"},\"inLanguage\":\"nl-NL\",\"potentialAction\":[{\"@type\":\"ReadAction\",\"target\":[\"https:\\\/\\\/thern.com\\\/nl\\\/portfolio\\\/ivanpah-solar\\\/\"]}]},{\"@type\":\"BreadcrumbList\",\"@id\":\"https:\\\/\\\/thern.com\\\/nl\\\/portfolio\\\/ivanpah-solar\\\/#breadcrumb\",\"itemListElement\":[{\"@type\":\"ListItem\",\"position\":1,\"name\":\"Home\",\"item\":\"https:\\\/\\\/thern.com\\\/nl\\\/\"},{\"@type\":\"ListItem\",\"position\":2,\"name\":\"Portfolio\",\"item\":\"https:\\\/\\\/thern.com\\\/nl\\\/portfolio\\\/\"},{\"@type\":\"ListItem\",\"position\":3,\"name\":\"Ivanpah Solar\"}]},{\"@type\":\"WebSite\",\"@id\":\"https:\\\/\\\/thern.com\\\/nl\\\/#website\",\"url\":\"https:\\\/\\\/thern.com\\\/nl\\\/\",\"name\":\"Thern\u00ae Winches &amp; Cranes\",\"description\":\"Leave the Heavy Lifting to Us\",\"publisher\":{\"@id\":\"https:\\\/\\\/thern.com\\\/nl\\\/#organization\"},\"potentialAction\":[{\"@type\":\"SearchAction\",\"target\":{\"@type\":\"EntryPoint\",\"urlTemplate\":\"https:\\\/\\\/thern.com\\\/nl\\\/?s={search_term_string}\"},\"query-input\":{\"@type\":\"PropertyValueSpecification\",\"valueRequired\":true,\"valueName\":\"search_term_string\"}}],\"inLanguage\":\"nl-NL\"},{\"@type\":\"Organization\",\"@id\":\"https:\\\/\\\/thern.com\\\/nl\\\/#organization\",\"name\":\"Thern\u00ae Winches &amp; Cranes\",\"url\":\"https:\\\/\\\/thern.com\\\/nl\\\/\",\"logo\":{\"@type\":\"ImageObject\",\"inLanguage\":\"nl-NL\",\"@id\":\"https:\\\/\\\/thern.com\\\/nl\\\/#\\\/schema\\\/logo\\\/image\\\/\",\"url\":\"https:\\\/\\\/thern.com\\\/wp-content\\\/uploads\\\/2023\\\/11\\\/Logo_SaveForWeb-outline-FINAL-01.svg\",\"contentUrl\":\"https:\\\/\\\/thern.com\\\/wp-content\\\/uploads\\\/2023\\\/11\\\/Logo_SaveForWeb-outline-FINAL-01.svg\",\"caption\":\"Thern\u00ae Winches &amp; Cranes\"},\"image\":{\"@id\":\"https:\\\/\\\/thern.com\\\/nl\\\/#\\\/schema\\\/logo\\\/image\\\/\"},\"sameAs\":[\"https:\\\/\\\/www.facebook.com\\\/ThernInc\\\/\",\"https:\\\/\\\/www.linkedin.com\\\/company\\\/thern-inc-\\\/\",\"https:\\\/\\\/www.youtube.com\\\/user\\\/ThernStage\"]}]}<\/script>\n<!-- \/ Yoast SEO plugin. -->","yoast_head_json":{"title":"Zonneopwekkingslier voor Ivanpah Solar | Thern, Inc.","description":"De toekomst van energieopwekking ligt in de Mojave-woestijn! Veertig mijl ten zuidwesten van Las Vegas, net over de grens in Californi\u00eb, bouwde BrightSource Limitless, in samenwerking met NRG Solar en Google, 's werelds grootste zonnepaneel bestaande uit drie collectortorens en 170.000 heliostaten (reflectoren) eromheen.","robots":{"index":"index","follow":"follow","max-snippet":"max-snippet:-1","max-image-preview":"max-image-preview:large","max-video-preview":"max-video-preview:-1"},"canonical":"https:\/\/thern.com\/nl\/portfolio\/ivanpah-solar\/","og_locale":"nl_NL","og_type":"article","og_title":"Zonneopwekkingslier voor Ivanpah Solar | Thern, Inc.","og_description":"De toekomst van energieopwekking ligt in de Mojave-woestijn! Veertig mijl ten zuidwesten van Las Vegas, net over de grens in Californi\u00eb, bouwde BrightSource Limitless, in samenwerking met NRG Solar en Google, 's werelds grootste zonnepaneel bestaande uit drie collectortorens en 170.000 heliostaten (reflectoren) eromheen.","og_url":"https:\/\/thern.com\/nl\/portfolio\/ivanpah-solar\/","og_site_name":"Thern\u00ae Winches &amp; Cranes","article_publisher":"https:\/\/www.facebook.com\/ThernInc\/","article_modified_time":"2023-12-07T18:06:46+00:00","twitter_card":"summary_large_image","twitter_misc":{"Geschatte leestijd":"2 minuten"},"schema":{"@context":"https:\/\/schema.org","@graph":[{"@type":"WebPage","@id":"https:\/\/thern.com\/nl\/portfolio\/ivanpah-solar\/","url":"https:\/\/thern.com\/nl\/portfolio\/ivanpah-solar\/","name":"Zonneopwekkingslier voor Ivanpah Solar | Thern, Inc.","isPartOf":{"@id":"https:\/\/thern.com\/nl\/#website"},"datePublished":"2023-08-17T16:07:04+00:00","dateModified":"2023-12-07T18:06:46+00:00","description":"De toekomst van energieopwekking ligt in de Mojave-woestijn! Veertig mijl ten zuidwesten van Las Vegas, net over de grens in Californi\u00eb, bouwde BrightSource Limitless, in samenwerking met NRG Solar en Google, 's werelds grootste zonnepaneel bestaande uit drie collectortorens en 170.000 heliostaten (reflectoren) eromheen.","breadcrumb":{"@id":"https:\/\/thern.com\/nl\/portfolio\/ivanpah-solar\/#breadcrumb"},"inLanguage":"nl-NL","potentialAction":[{"@type":"ReadAction","target":["https:\/\/thern.com\/nl\/portfolio\/ivanpah-solar\/"]}]},{"@type":"BreadcrumbList","@id":"https:\/\/thern.com\/nl\/portfolio\/ivanpah-solar\/#breadcrumb","itemListElement":[{"@type":"ListItem","position":1,"name":"Home","item":"https:\/\/thern.com\/nl\/"},{"@type":"ListItem","position":2,"name":"Portfolio","item":"https:\/\/thern.com\/nl\/portfolio\/"},{"@type":"ListItem","position":3,"name":"Ivanpah Solar"}]},{"@type":"WebSite","@id":"https:\/\/thern.com\/nl\/#website","url":"https:\/\/thern.com\/nl\/","name":"Thern\u00ae Winches &amp; Cranes","description":"Leave the Heavy Lifting to Us","publisher":{"@id":"https:\/\/thern.com\/nl\/#organization"},"potentialAction":[{"@type":"SearchAction","target":{"@type":"EntryPoint","urlTemplate":"https:\/\/thern.com\/nl\/?s={search_term_string}"},"query-input":{"@type":"PropertyValueSpecification","valueRequired":true,"valueName":"search_term_string"}}],"inLanguage":"nl-NL"},{"@type":"Organization","@id":"https:\/\/thern.com\/nl\/#organization","name":"Thern\u00ae Winches &amp; Cranes","url":"https:\/\/thern.com\/nl\/","logo":{"@type":"ImageObject","inLanguage":"nl-NL","@id":"https:\/\/thern.com\/nl\/#\/schema\/logo\/image\/","url":"https:\/\/thern.com\/wp-content\/uploads\/2023\/11\/Logo_SaveForWeb-outline-FINAL-01.svg","contentUrl":"https:\/\/thern.com\/wp-content\/uploads\/2023\/11\/Logo_SaveForWeb-outline-FINAL-01.svg","caption":"Thern\u00ae Winches &amp; Cranes"},"image":{"@id":"https:\/\/thern.com\/nl\/#\/schema\/logo\/image\/"},"sameAs":["https:\/\/www.facebook.com\/ThernInc\/","https:\/\/www.linkedin.com\/company\/thern-inc-\/","https:\/\/www.youtube.com\/user\/ThernStage"]}]}},"_links":{"self":[{"href":"https:\/\/thern.com\/nl\/wp-json\/wp\/v2\/pages\/30247","targetHints":{"allow":["GET"]}}],"collection":[{"href":"https:\/\/thern.com\/nl\/wp-json\/wp\/v2\/pages"}],"about":[{"href":"https:\/\/thern.com\/nl\/wp-json\/wp\/v2\/types\/page"}],"author":[{"embeddable":true,"href":"https:\/\/thern.com\/nl\/wp-json\/wp\/v2\/users\/1"}],"replies":[{"embeddable":true,"href":"https:\/\/thern.com\/nl\/wp-json\/wp\/v2\/comments?post=30247"}],"version-history":[{"count":0,"href":"https:\/\/thern.com\/nl\/wp-json\/wp\/v2\/pages\/30247\/revisions"}],"up":[{"embeddable":true,"href":"https:\/\/thern.com\/nl\/wp-json\/wp\/v2\/pages\/30089"}],"wp:attachment":[{"href":"https:\/\/thern.com\/nl\/wp-json\/wp\/v2\/media?parent=30247"}],"curies":[{"name":"wp","href":"https:\/\/api.w.org\/{rel}","templated":true}]}}