{"id":32859,"date":"2023-10-31T14:08:32","date_gmt":"2023-10-31T14:08:32","guid":{"rendered":"https:\/\/therninc.wpenginepowered.com\/industries\/luxemburg-wastewater-treatment-plant\/"},"modified":"2023-10-31T14:23:04","modified_gmt":"2023-10-31T14:23:04","slug":"luxemburg-wastewater-treatment-plant","status":"publish","type":"page","link":"https:\/\/thern.com\/it\/portfolio\/luxemburg-wastewater-treatment-plant\/","title":{"rendered":"Luxemburg Wastewater Treatment Plant"},"content":{"rendered":"<div class=\"wpb-content-wrapper\"><p>[vc_section full_width=&#8221;stretch_row&#8221; content_placement=&#8221;middle&#8221; css=&#8221;.vc_custom_1692983716171{padding-top: 0px !important;background: #dddddd url(https:\/\/thern.com\/wp-content\/uploads\/2023\/07\/Thern-Inc_About-Hero.jpg?id=343) !important;background-position: center !important;background-repeat: no-repeat !important;background-size: cover !important;}&#8221;][vc_row full_width=&#8221;stretch_row&#8221; css=&#8221;.vc_custom_1692983676181{padding-top: 50px !important;padding-bottom: 70px !important;background-color: rgba(0,0,0,0.5) !important;*background-color: rgb(0,0,0) !important;}&#8221;][vc_column][vc_custom_heading text=&#8221;Impianto di trattamento delle acque reflue di Petingen&#8221; font_container=&#8221;tag:h1|text_align:left|color:%23ffffff&#8221; use_theme_fonts=&#8221;yes&#8221; css_animation=&#8221;fadeInLeft&#8221;][\/vc_column][\/vc_row][\/vc_section][vc_row full_width=&#8221;stretch_row&#8221; equal_height=&#8221;yes&#8221; css=&#8221;.vc_custom_1692985496191{padding-top: 65px !important;padding-bottom: 35px !important;}&#8221;][vc_column css_animation=&#8221;fadeInLeft&#8221; width=&#8221;1\/2&#8243;][vc_custom_heading text=&#8221;Sfida: Aumentare l&#8217;efficienza senza compromettere la sicurezza&#8221; font_container=&#8221;tag:h4|text_align:left|color:%23900000&#8243; use_theme_fonts=&#8221;yes&#8221;][vc_column_text]L&#8217;impianto di trattamento delle acque reflue di Petingen, Lussemburgo, \u00e8 un impianto a fanghi attivi a due stadi con tre cascate ciascuno. In corso di ammodernamento per aumentare la capacit\u00e0 da 50.000 PE a 115.000 PE. Oltre ad aumentare la capacit\u00e0, il management desiderava migliorare l&#8217;efficienza operativa e ridurre il consumo energetico. Un altro obiettivo dell&#8217;aggiornamento era aumentare la sicurezza.<\/p>\n<p>Parte dell&#8217;infrastruttura comprende una variet\u00e0 di pompe e miscelatori, che sono parte integrante del processo di trattamento delle acque reflue. Pompe e miscelatori devono essere regolarmente rimossi dai serbatoi di trattamento per l&#8217;ispezione e la manutenzione, operazione che richiede una gru e un argano.<\/p>\n<p>Le gru fisse utilizzate dall&#8217;operatore dell&#8217;impianto erano grandi, pesanti e difficili da usare. Pertanto, il proprietario\/operatore ha deciso di esplorare alternative come parte del retrofit. I paranchi dovrebbero essere in grado di sollevare i pesanti miscelatori e le pompe oltre la parete di sicurezza del serbatoio. Dovrebbero anche essere pi\u00f9 leggeri, pi\u00f9 facili da usare e portatili.<br \/>\n[\/vc_column_text][vc_custom_heading text=&#8221;Soluzione: Funzionamento su misura e sicuro&#8221; font_container=&#8221;tag:h4|text_align:left|color:%23900000&#8243; use_theme_fonts=&#8221;yes&#8221;][vc_column_text]Thern raccomanda gru a bandiera portatili per impieghi gravosi con estensioni della base per aumentare l&#8217;altezza di lavoro. Le estensioni della base consentono ai bracci della gru di bilanciare facilmente le pompe e miscelatori sulle rotaie di sicurezza e nei serbatoi. Gli operatori rimangono sempre dietro il guardrail, aumentando la sicurezza dell&#8217;operatore. Thern ha anche consigliato diverse basi per gru che l&#8217;operatore potesse ancorare in modo permanente accanto ai serbatoi. Quest&#8217;ultimo ha consentito all&#8217;operatore di spostare le gru portatile da una stazione all&#8217;altra in modo rapido ed efficiente, riducendo la necessit\u00e0 di gru aggiuntive.[\/vc_column_text][vc_custom_heading text=&#8221;Risultato&#8221; font_container=&#8221;tag:h4|text_align:left|color:%23900000&#8243; use_theme_fonts=&#8221;yes&#8221;][vc_column_text]Il proprietario\/operatore ha approvato la soluzione e ha acquistato due gru a bandiera portatili Thern e basi sufficienti per ospitare ogni serbatoio contenente una pompa e\/o un miscelatore. Oltre all&#8217;ispezione e all&#8217;assistenza, le gru vengono utilizzate anche per modificare l&#8217;altezza dei miscelatori al variare delle condizioni.[\/vc_column_text][vc_btn title=&#8221;Ritorno alle industrie&#8221; style=&#8221;custom&#8221; custom_background=&#8221;#c71a32&#8243; custom_text=&#8221;#ffffff&#8221; shape=&#8221;square&#8221; size=&#8221;lg&#8221; align=&#8221;left&#8221; i_icon_fontawesome=&#8221;fas fa-angle-left&#8221; add_icon=&#8221;true&#8221; link=&#8221;url:%2Fit%2Findustries%2F|title:Return%20to%20Industries&#8221;][\/vc_column][vc_column css_animation=&#8221;fadeInRight&#8221; width=&#8221;1\/2&#8243;][vc_gallery type=&#8221;nivo&#8221; interval=&#8221;0&#8243; images=&#8221;32759,32765,32771,32777,32783,32789,32795,32801,32807,32813,32819,32825,32831,32837,32843,32849&#8243; img_size=&#8221;full&#8221;][\/vc_column][\/vc_row][vc_row full_width=&#8221;stretch_row&#8221; css=&#8221;.vc_custom_1696543302281{padding-top: 35px !important;padding-bottom: 35px !important;}&#8221;][vc_column width=&#8221;1\/6&#8243;][\/vc_column][vc_column css_animation=&#8221;fadeInUp&#8221; width=&#8221;4\/6&#8243;][vc_custom_heading text=&#8221;Siamo qui per aiutare&#8221; font_container=&#8221;tag:h2|text_align:center|color:%230a0a0a&#8221; use_theme_fonts=&#8221;yes&#8221; css=&#8221;.vc_custom_1696543236626{margin-bottom: 0px !important;}&#8221;][vc_column_text]<\/p>\n<p style=\"text-align: center;\">Hai domande? Il personale di vendita e di assistenza amichevole e competente di Thern \u00e8 pronto ad assistervi.<\/p>\n<p>[\/vc_column_text][vc_btn title=&#8221;Contattaci&#8221; style=&#8221;custom&#8221; custom_background=&#8221;#c71a32&#8243; custom_text=&#8221;#ffffff&#8221; shape=&#8221;square&#8221; size=&#8221;lg&#8221; align=&#8221;center&#8221; i_align=&#8221;right&#8221; i_icon_fontawesome=&#8221;fas fa-angle-right&#8221; add_icon=&#8221;true&#8221; link=&#8221;url:%2Fit%2Fcontact%2F|title:Contact&#8221;][\/vc_column][vc_column width=&#8221;1\/6&#8243;][\/vc_column][\/vc_row]<\/p>\n<\/div>","protected":false},"excerpt":{"rendered":"<p>[vc_section full_width=&#8221;stretch_row&#8221; content_placement=&#8221;middle&#8221; css=&#8221;.vc_custom_1692983716171{padding-top: 0px !important;background: #dddddd url(https:\/\/thern.com\/wp-content\/uploads\/2023\/07\/Thern-Inc_About-Hero.jpg?id=343) !important;background-position: center !important;background-repeat: no-repeat !important;background-size: cover !important;}&#8221;][vc_row full_width=&#8221;stretch_row&#8221; css=&#8221;.vc_custom_1692983676181{padding-top: 50px !important;padding-bottom: 70px !important;background-color: rgba(0,0,0,0.5) !important;*background-color: rgb(0,0,0) !important;}&#8221;][vc_column][vc_custom_heading text=&#8221;Impianto di trattamento delle acque reflue di Petingen&#8221; font_container=&#8221;tag:h1|text_align:left|color:%23ffffff&#8221; use_theme_fonts=&#8221;yes&#8221; css_animation=&#8221;fadeInLeft&#8221;][\/vc_column][\/vc_row][\/vc_section][vc_row full_width=&#8221;stretch_row&#8221; equal_height=&#8221;yes&#8221; css=&#8221;.vc_custom_1692985496191{padding-top: 65px !important;padding-bottom: 35px !important;}&#8221;][vc_column css_animation=&#8221;fadeInLeft&#8221; width=&#8221;1\/2&#8243;][vc_custom_heading text=&#8221;Sfida: Aumentare l&#8217;efficienza senza compromettere la sicurezza&#8221; font_container=&#8221;tag:h4|text_align:left|color:%23900000&#8243; use_theme_fonts=&#8221;yes&#8221;][vc_column_text]L&#8217;impianto di &#8230; <a title=\"Luxemburg Wastewater Treatment Plant\" class=\"read-more\" href=\"https:\/\/thern.com\/it\/portfolio\/luxemburg-wastewater-treatment-plant\/\" aria-label=\"More on Luxemburg Wastewater Treatment Plant\">Read more<\/a><\/p>\n","protected":false},"author":1,"featured_media":0,"parent":30092,"menu_order":0,"comment_status":"closed","ping_status":"closed","template":"","meta":{"footnotes":""},"class_list":["post-32859","page","type-page","status-publish"],"yoast_head":"<!-- This site is optimized with the Yoast SEO plugin v27.3 - https:\/\/yoast.com\/product\/yoast-seo-wordpress\/ -->\n<title>Impianto di trattamento delle acque reflue di Petingen | Thern\u00ae Winches &amp; Cranes<\/title>\n<meta name=\"description\" content=\"Gru a bandiera portatili per carico e scarico di pompe acqua e miscelatori.\" \/>\n<meta name=\"robots\" content=\"index, follow, max-snippet:-1, max-image-preview:large, max-video-preview:-1\" \/>\n<link rel=\"canonical\" href=\"https:\/\/thern.com\/it\/portfolio\/luxemburg-wastewater-treatment-plant\/\" \/>\n<meta property=\"og:locale\" content=\"it_IT\" \/>\n<meta property=\"og:type\" content=\"article\" \/>\n<meta property=\"og:title\" content=\"Impianto di trattamento delle acque reflue di Petingen | Thern\u00ae Winches &amp; Cranes\" \/>\n<meta property=\"og:description\" content=\"Gru a bandiera portatili per carico e scarico di pompe acqua e miscelatori.\" \/>\n<meta property=\"og:url\" content=\"https:\/\/thern.com\/it\/portfolio\/luxemburg-wastewater-treatment-plant\/\" \/>\n<meta property=\"og:site_name\" content=\"Thern\u00ae Winches &amp; Cranes\" \/>\n<meta property=\"article:publisher\" content=\"https:\/\/www.facebook.com\/ThernInc\/\" \/>\n<meta property=\"article:modified_time\" content=\"2023-10-31T14:23:04+00:00\" \/>\n<meta name=\"twitter:card\" content=\"summary_large_image\" \/>\n<meta name=\"twitter:label1\" content=\"Tempo di lettura stimato\" \/>\n\t<meta name=\"twitter:data1\" content=\"2 minuti\" \/>\n<script type=\"application\/ld+json\" class=\"yoast-schema-graph\">{\"@context\":\"https:\\\/\\\/schema.org\",\"@graph\":[{\"@type\":\"WebPage\",\"@id\":\"https:\\\/\\\/thern.com\\\/it\\\/portfolio\\\/luxemburg-wastewater-treatment-plant\\\/\",\"url\":\"https:\\\/\\\/thern.com\\\/it\\\/portfolio\\\/luxemburg-wastewater-treatment-plant\\\/\",\"name\":\"Impianto di trattamento delle acque reflue di Petingen | Thern\u00ae Winches &amp; Cranes\",\"isPartOf\":{\"@id\":\"https:\\\/\\\/thern.com\\\/it\\\/#website\"},\"datePublished\":\"2023-10-31T14:08:32+00:00\",\"dateModified\":\"2023-10-31T14:23:04+00:00\",\"description\":\"Gru a bandiera portatili per carico e scarico di pompe acqua e miscelatori.\",\"breadcrumb\":{\"@id\":\"https:\\\/\\\/thern.com\\\/it\\\/portfolio\\\/luxemburg-wastewater-treatment-plant\\\/#breadcrumb\"},\"inLanguage\":\"it-IT\",\"potentialAction\":[{\"@type\":\"ReadAction\",\"target\":[\"https:\\\/\\\/thern.com\\\/it\\\/portfolio\\\/luxemburg-wastewater-treatment-plant\\\/\"]}]},{\"@type\":\"BreadcrumbList\",\"@id\":\"https:\\\/\\\/thern.com\\\/it\\\/portfolio\\\/luxemburg-wastewater-treatment-plant\\\/#breadcrumb\",\"itemListElement\":[{\"@type\":\"ListItem\",\"position\":1,\"name\":\"Home\",\"item\":\"https:\\\/\\\/thern.com\\\/it\\\/\"},{\"@type\":\"ListItem\",\"position\":2,\"name\":\"Portfolio\",\"item\":\"https:\\\/\\\/thern.com\\\/it\\\/portfolio\\\/\"},{\"@type\":\"ListItem\",\"position\":3,\"name\":\"Luxemburg Wastewater Treatment Plant\"}]},{\"@type\":\"WebSite\",\"@id\":\"https:\\\/\\\/thern.com\\\/it\\\/#website\",\"url\":\"https:\\\/\\\/thern.com\\\/it\\\/\",\"name\":\"Thern\u00ae Winches &amp; Cranes\",\"description\":\"Leave the Heavy Lifting to Us\",\"publisher\":{\"@id\":\"https:\\\/\\\/thern.com\\\/it\\\/#organization\"},\"potentialAction\":[{\"@type\":\"SearchAction\",\"target\":{\"@type\":\"EntryPoint\",\"urlTemplate\":\"https:\\\/\\\/thern.com\\\/it\\\/?s={search_term_string}\"},\"query-input\":{\"@type\":\"PropertyValueSpecification\",\"valueRequired\":true,\"valueName\":\"search_term_string\"}}],\"inLanguage\":\"it-IT\"},{\"@type\":\"Organization\",\"@id\":\"https:\\\/\\\/thern.com\\\/it\\\/#organization\",\"name\":\"Thern\u00ae Winches &amp; Cranes\",\"url\":\"https:\\\/\\\/thern.com\\\/it\\\/\",\"logo\":{\"@type\":\"ImageObject\",\"inLanguage\":\"it-IT\",\"@id\":\"https:\\\/\\\/thern.com\\\/it\\\/#\\\/schema\\\/logo\\\/image\\\/\",\"url\":\"https:\\\/\\\/thern.com\\\/wp-content\\\/uploads\\\/2023\\\/11\\\/Logo_SaveForWeb-outline-FINAL-01.svg\",\"contentUrl\":\"https:\\\/\\\/thern.com\\\/wp-content\\\/uploads\\\/2023\\\/11\\\/Logo_SaveForWeb-outline-FINAL-01.svg\",\"caption\":\"Thern\u00ae Winches &amp; Cranes\"},\"image\":{\"@id\":\"https:\\\/\\\/thern.com\\\/it\\\/#\\\/schema\\\/logo\\\/image\\\/\"},\"sameAs\":[\"https:\\\/\\\/www.facebook.com\\\/ThernInc\\\/\",\"https:\\\/\\\/www.linkedin.com\\\/company\\\/thern-inc-\\\/\",\"https:\\\/\\\/www.youtube.com\\\/user\\\/ThernStage\"]}]}<\/script>\n<!-- \/ Yoast SEO plugin. -->","yoast_head_json":{"title":"Impianto di trattamento delle acque reflue di Petingen | Thern\u00ae Winches &amp; Cranes","description":"Gru a bandiera portatili per carico e scarico di pompe acqua e miscelatori.","robots":{"index":"index","follow":"follow","max-snippet":"max-snippet:-1","max-image-preview":"max-image-preview:large","max-video-preview":"max-video-preview:-1"},"canonical":"https:\/\/thern.com\/it\/portfolio\/luxemburg-wastewater-treatment-plant\/","og_locale":"it_IT","og_type":"article","og_title":"Impianto di trattamento delle acque reflue di Petingen | Thern\u00ae Winches &amp; Cranes","og_description":"Gru a bandiera portatili per carico e scarico di pompe acqua e miscelatori.","og_url":"https:\/\/thern.com\/it\/portfolio\/luxemburg-wastewater-treatment-plant\/","og_site_name":"Thern\u00ae Winches &amp; Cranes","article_publisher":"https:\/\/www.facebook.com\/ThernInc\/","article_modified_time":"2023-10-31T14:23:04+00:00","twitter_card":"summary_large_image","twitter_misc":{"Tempo di lettura stimato":"2 minuti"},"schema":{"@context":"https:\/\/schema.org","@graph":[{"@type":"WebPage","@id":"https:\/\/thern.com\/it\/portfolio\/luxemburg-wastewater-treatment-plant\/","url":"https:\/\/thern.com\/it\/portfolio\/luxemburg-wastewater-treatment-plant\/","name":"Impianto di trattamento delle acque reflue di Petingen | Thern\u00ae Winches &amp; Cranes","isPartOf":{"@id":"https:\/\/thern.com\/it\/#website"},"datePublished":"2023-10-31T14:08:32+00:00","dateModified":"2023-10-31T14:23:04+00:00","description":"Gru a bandiera portatili per carico e scarico di pompe acqua e miscelatori.","breadcrumb":{"@id":"https:\/\/thern.com\/it\/portfolio\/luxemburg-wastewater-treatment-plant\/#breadcrumb"},"inLanguage":"it-IT","potentialAction":[{"@type":"ReadAction","target":["https:\/\/thern.com\/it\/portfolio\/luxemburg-wastewater-treatment-plant\/"]}]},{"@type":"BreadcrumbList","@id":"https:\/\/thern.com\/it\/portfolio\/luxemburg-wastewater-treatment-plant\/#breadcrumb","itemListElement":[{"@type":"ListItem","position":1,"name":"Home","item":"https:\/\/thern.com\/it\/"},{"@type":"ListItem","position":2,"name":"Portfolio","item":"https:\/\/thern.com\/it\/portfolio\/"},{"@type":"ListItem","position":3,"name":"Luxemburg Wastewater Treatment Plant"}]},{"@type":"WebSite","@id":"https:\/\/thern.com\/it\/#website","url":"https:\/\/thern.com\/it\/","name":"Thern\u00ae Winches &amp; Cranes","description":"Leave the Heavy Lifting to Us","publisher":{"@id":"https:\/\/thern.com\/it\/#organization"},"potentialAction":[{"@type":"SearchAction","target":{"@type":"EntryPoint","urlTemplate":"https:\/\/thern.com\/it\/?s={search_term_string}"},"query-input":{"@type":"PropertyValueSpecification","valueRequired":true,"valueName":"search_term_string"}}],"inLanguage":"it-IT"},{"@type":"Organization","@id":"https:\/\/thern.com\/it\/#organization","name":"Thern\u00ae Winches &amp; Cranes","url":"https:\/\/thern.com\/it\/","logo":{"@type":"ImageObject","inLanguage":"it-IT","@id":"https:\/\/thern.com\/it\/#\/schema\/logo\/image\/","url":"https:\/\/thern.com\/wp-content\/uploads\/2023\/11\/Logo_SaveForWeb-outline-FINAL-01.svg","contentUrl":"https:\/\/thern.com\/wp-content\/uploads\/2023\/11\/Logo_SaveForWeb-outline-FINAL-01.svg","caption":"Thern\u00ae Winches &amp; Cranes"},"image":{"@id":"https:\/\/thern.com\/it\/#\/schema\/logo\/image\/"},"sameAs":["https:\/\/www.facebook.com\/ThernInc\/","https:\/\/www.linkedin.com\/company\/thern-inc-\/","https:\/\/www.youtube.com\/user\/ThernStage"]}]}},"_links":{"self":[{"href":"https:\/\/thern.com\/it\/wp-json\/wp\/v2\/pages\/32859","targetHints":{"allow":["GET"]}}],"collection":[{"href":"https:\/\/thern.com\/it\/wp-json\/wp\/v2\/pages"}],"about":[{"href":"https:\/\/thern.com\/it\/wp-json\/wp\/v2\/types\/page"}],"author":[{"embeddable":true,"href":"https:\/\/thern.com\/it\/wp-json\/wp\/v2\/users\/1"}],"replies":[{"embeddable":true,"href":"https:\/\/thern.com\/it\/wp-json\/wp\/v2\/comments?post=32859"}],"version-history":[{"count":0,"href":"https:\/\/thern.com\/it\/wp-json\/wp\/v2\/pages\/32859\/revisions"}],"up":[{"embeddable":true,"href":"https:\/\/thern.com\/it\/wp-json\/wp\/v2\/pages\/30092"}],"wp:attachment":[{"href":"https:\/\/thern.com\/it\/wp-json\/wp\/v2\/media?parent=32859"}],"curies":[{"name":"wp","href":"https:\/\/api.w.org\/{rel}","templated":true}]}}