{"id":32179,"date":"2023-08-29T14:52:02","date_gmt":"2023-08-29T14:52:02","guid":{"rendered":"https:\/\/therninc.wpenginepowered.com\/dredge-barge-positioning-winches\/"},"modified":"2023-10-06T04:26:32","modified_gmt":"2023-10-06T04:26:32","slug":"dredge-barge-positioning-winches","status":"publish","type":"page","link":"https:\/\/thern.com\/it\/industries\/mining\/dredge-barge-positioning-winches\/","title":{"rendered":"Dredge &#038; Barge Positioning Winches"},"content":{"rendered":"<div class=\"wpb-content-wrapper\"><p>[vc_section full_width=&#8221;stretch_row&#8221; content_placement=&#8221;middle&#8221; css=&#8221;.vc_custom_1693320243905{padding-top: 0px !important;background-image: url(https:\/\/thern.com\/wp-content\/uploads\/2023\/08\/Thern-Industry-Header-Banners-mining.jpg?id=23602) !important;background-position: center !important;background-repeat: no-repeat !important;background-size: cover !important;}&#8221;][vc_row full_width=&#8221;stretch_row&#8221; css=&#8221;.vc_custom_1692983676181{padding-top: 50px !important;padding-bottom: 70px !important;background-color: rgba(0,0,0,0.5) !important;*background-color: rgb(0,0,0) !important;}&#8221;][vc_column][vc_custom_heading text=&#8221;Argani per il posizionamento di draghe e chiatte&#8221; font_container=&#8221;tag:h1|text_align:left|color:%23ffffff&#8221; use_theme_fonts=&#8221;yes&#8221; css_animation=&#8221;fadeInLeft&#8221;][\/vc_column][\/vc_row][\/vc_section][vc_row equal_height=&#8221;yes&#8221; css=&#8221;.vc_custom_1692984692373{padding-top: 65px !important;padding-bottom: 35px !important;}&#8221;][vc_column css_animation=&#8221;fadeInLeft&#8221; width=&#8221;1\/2&#8243;][vc_column_text]Che il vostro stagno sia grande o piccolo, progettiamo un sistema di argano per il posizionamento della draga su misura per le vostre specifiche, completo di sofisticati pacchetti di controllo che forniscono una precisione millimetrica.<\/p>\n<p>Argani per posizionamento draga | Costruito su misura per i materiali Coram<\/p>\n<p>Thern ha fornito a Coram Materials quattro argani HS16M per posizionare e sostenere una chiatta da 600 tonnellate per dragare 1.000 tonnellate di sabbia all&#8217;ora.<\/p>\n<p>\u201cTutto ci\u00f2 che utilizziamo \u00e8 un avviatore reversibile trasversale. Lo abbiamo configurato in modo che gli argani possano essere azionati tramite pulsanti posti accanto ad essi o a distanza tramite interruttori nella cabina di comando.&#8221; Gli argani manovrano con precisione l&#8217;attrezzatura ovunque l&#8217;operatore richieda che sia sull&#8217;acqua, fornendo allo stesso tempo una tensione costante per mantenerla costantemente saldamente in posizione. &#8220;Gli argani [hanno] funzionato come ci aspettavamo&#8221;, ha detto Hoobler. \u201cIl fattore pi\u00f9 importante del loro funzionamento \u00e8 la capacit\u00e0 di tenuta dei freni e non sono mai stati sopraffatti dal vento. Per quanto riguarda la potenza di trazione, ci piace la combinazione di velocit\u00e0 ed economia di questo verricello\u201d.<\/p>\n<p>Argani marini e per la movimentazione di materiali sfusi<\/p>\n<p>Gli argani elettrici Thern forniscono la potenza e il controllo necessari per una movimentazione affidabile di carichi pesanti. Dal posizionamento di chiatte al traino di vagoni ferroviari, dal posizionamento di scivoli di carico alle attrezzature di sollevamento, i nostri argani funzionano in tutte le aree della movimentazione marittima e di rinfuse. Gli argani Thern vengono utilizzati anche per sollevare e abbassare le passerelle sulle navi e sulle piattaforme petrolifere offshore.[\/vc_column_text][vc_btn title=&#8221;Ritorno alle industrie&#8221; style=&#8221;custom&#8221; custom_background=&#8221;#c71a32&#8243; custom_text=&#8221;#ffffff&#8221; shape=&#8221;square&#8221; size=&#8221;lg&#8221; align=&#8221;left&#8221; i_icon_fontawesome=&#8221;fas fa-angle-left&#8221; add_icon=&#8221;true&#8221; link=&#8221;url:%2Fit%2Findustries%2F|title:Return%20to%20Industries&#8221;][\/vc_column][vc_column css_animation=&#8221;fadeInRight&#8221; width=&#8221;1\/2&#8243;][vc_gallery type=&#8221;flexslider_slide&#8221; interval=&#8221;0&#8243; images=&#8221;23626,23627&#8243; img_size=&#8221;full&#8221; onclick=&#8221;&#8221;][\/vc_column][\/vc_row][vc_row full_width=&#8221;stretch_row&#8221; css=&#8221;.vc_custom_1696543302281{padding-top: 35px !important;padding-bottom: 35px !important;}&#8221;][vc_column width=&#8221;1\/6&#8243;][\/vc_column][vc_column css_animation=&#8221;fadeInUp&#8221; width=&#8221;4\/6&#8243;][vc_custom_heading text=&#8221;Siamo qui per aiutare&#8221; font_container=&#8221;tag:h2|text_align:center|color:%230a0a0a&#8221; use_theme_fonts=&#8221;yes&#8221; css=&#8221;.vc_custom_1696543236626{margin-bottom: 0px !important;}&#8221;][vc_column_text]<\/p>\n<p style=\"text-align: center;\">Hai domande? Il personale di vendita e di assistenza amichevole e competente di Thern \u00e8 pronto ad assistervi.<\/p>\n<p>[\/vc_column_text][vc_btn title=&#8221;Contattaci&#8221; style=&#8221;custom&#8221; custom_background=&#8221;#c71a32&#8243; custom_text=&#8221;#ffffff&#8221; shape=&#8221;square&#8221; size=&#8221;lg&#8221; align=&#8221;center&#8221; i_align=&#8221;right&#8221; i_icon_fontawesome=&#8221;fas fa-angle-right&#8221; add_icon=&#8221;true&#8221; link=&#8221;url:%2Fit%2Fcontact%2F|title:Contact&#8221;][\/vc_column][vc_column width=&#8221;1\/6&#8243;][\/vc_column][\/vc_row]<\/p>\n<\/div>","protected":false},"excerpt":{"rendered":"<p>[vc_section full_width=&#8221;stretch_row&#8221; content_placement=&#8221;middle&#8221; css=&#8221;.vc_custom_1693320243905{padding-top: 0px !important;background-image: url(https:\/\/thern.com\/wp-content\/uploads\/2023\/08\/Thern-Industry-Header-Banners-mining.jpg?id=23602) !important;background-position: center !important;background-repeat: no-repeat !important;background-size: cover !important;}&#8221;][vc_row full_width=&#8221;stretch_row&#8221; css=&#8221;.vc_custom_1692983676181{padding-top: 50px !important;padding-bottom: 70px !important;background-color: rgba(0,0,0,0.5) !important;*background-color: rgb(0,0,0) !important;}&#8221;][vc_column][vc_custom_heading text=&#8221;Argani per il posizionamento di draghe e chiatte&#8221; font_container=&#8221;tag:h1|text_align:left|color:%23ffffff&#8221; use_theme_fonts=&#8221;yes&#8221; css_animation=&#8221;fadeInLeft&#8221;][\/vc_column][\/vc_row][\/vc_section][vc_row equal_height=&#8221;yes&#8221; css=&#8221;.vc_custom_1692984692373{padding-top: 65px !important;padding-bottom: 35px !important;}&#8221;][vc_column css_animation=&#8221;fadeInLeft&#8221; width=&#8221;1\/2&#8243;][vc_column_text]Che il vostro stagno sia grande o piccolo, progettiamo un sistema di argano &#8230; <a title=\"Dredge &#038; Barge Positioning Winches\" class=\"read-more\" href=\"https:\/\/thern.com\/it\/industries\/mining\/dredge-barge-positioning-winches\/\" aria-label=\"More on Dredge &#038; Barge Positioning Winches\">Read more<\/a><\/p>\n","protected":false},"author":1,"featured_media":0,"parent":32463,"menu_order":0,"comment_status":"closed","ping_status":"closed","template":"","meta":{"footnotes":""},"class_list":["post-32179","page","type-page","status-publish"],"yoast_head":"<!-- This site is optimized with the Yoast SEO plugin v27.4 - https:\/\/yoast.com\/product\/yoast-seo-wordpress\/ -->\n<title>Argani di posizionamento per draghe e chiatte - Attrezzature di sollevamento per l&#039;industria mineraria | Thern\u00ae Winches &amp; Cranes<\/title>\n<meta name=\"description\" content=\"I sistemi di argano di posizionamento della draga Thern sono personalizzati in base alle vostre specifiche, completi di sofisticati pacchetti di controllo che forniscono una precisione millimetrica.\" \/>\n<meta name=\"robots\" content=\"index, follow, max-snippet:-1, max-image-preview:large, max-video-preview:-1\" \/>\n<link rel=\"canonical\" href=\"https:\/\/thern.com\/it\/industries\/mining\/dredge-barge-positioning-winches\/\" \/>\n<meta property=\"og:locale\" content=\"it_IT\" \/>\n<meta property=\"og:type\" content=\"article\" \/>\n<meta property=\"og:title\" content=\"Argani di posizionamento per draghe e chiatte - Attrezzature di sollevamento per l&#039;industria mineraria | Thern\u00ae Winches &amp; Cranes\" \/>\n<meta property=\"og:description\" content=\"I sistemi di argano di posizionamento della draga Thern sono personalizzati in base alle vostre specifiche, completi di sofisticati pacchetti di controllo che forniscono una precisione millimetrica.\" \/>\n<meta property=\"og:url\" content=\"https:\/\/thern.com\/it\/industries\/mining\/dredge-barge-positioning-winches\/\" \/>\n<meta property=\"og:site_name\" content=\"Thern\u00ae Winches &amp; Cranes\" \/>\n<meta property=\"article:publisher\" content=\"https:\/\/www.facebook.com\/ThernInc\/\" \/>\n<meta property=\"article:modified_time\" content=\"2023-10-06T04:26:32+00:00\" \/>\n<meta name=\"twitter:card\" content=\"summary_large_image\" \/>\n<meta name=\"twitter:label1\" content=\"Tempo di lettura stimato\" \/>\n\t<meta name=\"twitter:data1\" content=\"2 minuti\" \/>\n<script type=\"application\/ld+json\" class=\"yoast-schema-graph\">{\"@context\":\"https:\\\/\\\/schema.org\",\"@graph\":[{\"@type\":\"WebPage\",\"@id\":\"https:\\\/\\\/thern.com\\\/it\\\/industries\\\/mining\\\/dredge-barge-positioning-winches\\\/\",\"url\":\"https:\\\/\\\/thern.com\\\/it\\\/industries\\\/mining\\\/dredge-barge-positioning-winches\\\/\",\"name\":\"Argani di posizionamento per draghe e chiatte - Attrezzature di sollevamento per l'industria mineraria | Thern\u00ae Winches &amp; Cranes\",\"isPartOf\":{\"@id\":\"https:\\\/\\\/thern.com\\\/it\\\/#website\"},\"datePublished\":\"2023-08-29T14:52:02+00:00\",\"dateModified\":\"2023-10-06T04:26:32+00:00\",\"description\":\"I sistemi di argano di posizionamento della draga Thern sono personalizzati in base alle vostre specifiche, completi di sofisticati pacchetti di controllo che forniscono una precisione millimetrica.\",\"breadcrumb\":{\"@id\":\"https:\\\/\\\/thern.com\\\/it\\\/industries\\\/mining\\\/dredge-barge-positioning-winches\\\/#breadcrumb\"},\"inLanguage\":\"it-IT\",\"potentialAction\":[{\"@type\":\"ReadAction\",\"target\":[\"https:\\\/\\\/thern.com\\\/it\\\/industries\\\/mining\\\/dredge-barge-positioning-winches\\\/\"]}]},{\"@type\":\"BreadcrumbList\",\"@id\":\"https:\\\/\\\/thern.com\\\/it\\\/industries\\\/mining\\\/dredge-barge-positioning-winches\\\/#breadcrumb\",\"itemListElement\":[{\"@type\":\"ListItem\",\"position\":1,\"name\":\"Home\",\"item\":\"https:\\\/\\\/thern.com\\\/it\\\/\"},{\"@type\":\"ListItem\",\"position\":2,\"name\":\"Industries\",\"item\":\"https:\\\/\\\/thern.com\\\/it\\\/industries\\\/\"},{\"@type\":\"ListItem\",\"position\":3,\"name\":\"Mining\",\"item\":\"https:\\\/\\\/thern.com\\\/it\\\/industries\\\/mining\\\/\"},{\"@type\":\"ListItem\",\"position\":4,\"name\":\"Dredge &#038; Barge Positioning Winches\"}]},{\"@type\":\"WebSite\",\"@id\":\"https:\\\/\\\/thern.com\\\/it\\\/#website\",\"url\":\"https:\\\/\\\/thern.com\\\/it\\\/\",\"name\":\"Thern\u00ae Winches &amp; Cranes\",\"description\":\"Leave the Heavy Lifting to Us\",\"publisher\":{\"@id\":\"https:\\\/\\\/thern.com\\\/it\\\/#organization\"},\"potentialAction\":[{\"@type\":\"SearchAction\",\"target\":{\"@type\":\"EntryPoint\",\"urlTemplate\":\"https:\\\/\\\/thern.com\\\/it\\\/?s={search_term_string}\"},\"query-input\":{\"@type\":\"PropertyValueSpecification\",\"valueRequired\":true,\"valueName\":\"search_term_string\"}}],\"inLanguage\":\"it-IT\"},{\"@type\":\"Organization\",\"@id\":\"https:\\\/\\\/thern.com\\\/it\\\/#organization\",\"name\":\"Thern\u00ae Winches &amp; Cranes\",\"url\":\"https:\\\/\\\/thern.com\\\/it\\\/\",\"logo\":{\"@type\":\"ImageObject\",\"inLanguage\":\"it-IT\",\"@id\":\"https:\\\/\\\/thern.com\\\/it\\\/#\\\/schema\\\/logo\\\/image\\\/\",\"url\":\"https:\\\/\\\/thern.com\\\/wp-content\\\/uploads\\\/2023\\\/11\\\/Logo_SaveForWeb-outline-FINAL-01.svg\",\"contentUrl\":\"https:\\\/\\\/thern.com\\\/wp-content\\\/uploads\\\/2023\\\/11\\\/Logo_SaveForWeb-outline-FINAL-01.svg\",\"caption\":\"Thern\u00ae Winches &amp; Cranes\"},\"image\":{\"@id\":\"https:\\\/\\\/thern.com\\\/it\\\/#\\\/schema\\\/logo\\\/image\\\/\"},\"sameAs\":[\"https:\\\/\\\/www.facebook.com\\\/ThernInc\\\/\",\"https:\\\/\\\/www.linkedin.com\\\/company\\\/thern-inc-\\\/\",\"https:\\\/\\\/www.youtube.com\\\/user\\\/ThernStage\"]}]}<\/script>\n<!-- \/ Yoast SEO plugin. -->","yoast_head_json":{"title":"Argani di posizionamento per draghe e chiatte - Attrezzature di sollevamento per l'industria mineraria | Thern\u00ae Winches &amp; Cranes","description":"I sistemi di argano di posizionamento della draga Thern sono personalizzati in base alle vostre specifiche, completi di sofisticati pacchetti di controllo che forniscono una precisione millimetrica.","robots":{"index":"index","follow":"follow","max-snippet":"max-snippet:-1","max-image-preview":"max-image-preview:large","max-video-preview":"max-video-preview:-1"},"canonical":"https:\/\/thern.com\/it\/industries\/mining\/dredge-barge-positioning-winches\/","og_locale":"it_IT","og_type":"article","og_title":"Argani di posizionamento per draghe e chiatte - Attrezzature di sollevamento per l'industria mineraria | Thern\u00ae Winches &amp; Cranes","og_description":"I sistemi di argano di posizionamento della draga Thern sono personalizzati in base alle vostre specifiche, completi di sofisticati pacchetti di controllo che forniscono una precisione millimetrica.","og_url":"https:\/\/thern.com\/it\/industries\/mining\/dredge-barge-positioning-winches\/","og_site_name":"Thern\u00ae Winches &amp; Cranes","article_publisher":"https:\/\/www.facebook.com\/ThernInc\/","article_modified_time":"2023-10-06T04:26:32+00:00","twitter_card":"summary_large_image","twitter_misc":{"Tempo di lettura stimato":"2 minuti"},"schema":{"@context":"https:\/\/schema.org","@graph":[{"@type":"WebPage","@id":"https:\/\/thern.com\/it\/industries\/mining\/dredge-barge-positioning-winches\/","url":"https:\/\/thern.com\/it\/industries\/mining\/dredge-barge-positioning-winches\/","name":"Argani di posizionamento per draghe e chiatte - Attrezzature di sollevamento per l'industria mineraria | Thern\u00ae Winches &amp; Cranes","isPartOf":{"@id":"https:\/\/thern.com\/it\/#website"},"datePublished":"2023-08-29T14:52:02+00:00","dateModified":"2023-10-06T04:26:32+00:00","description":"I sistemi di argano di posizionamento della draga Thern sono personalizzati in base alle vostre specifiche, completi di sofisticati pacchetti di controllo che forniscono una precisione millimetrica.","breadcrumb":{"@id":"https:\/\/thern.com\/it\/industries\/mining\/dredge-barge-positioning-winches\/#breadcrumb"},"inLanguage":"it-IT","potentialAction":[{"@type":"ReadAction","target":["https:\/\/thern.com\/it\/industries\/mining\/dredge-barge-positioning-winches\/"]}]},{"@type":"BreadcrumbList","@id":"https:\/\/thern.com\/it\/industries\/mining\/dredge-barge-positioning-winches\/#breadcrumb","itemListElement":[{"@type":"ListItem","position":1,"name":"Home","item":"https:\/\/thern.com\/it\/"},{"@type":"ListItem","position":2,"name":"Industries","item":"https:\/\/thern.com\/it\/industries\/"},{"@type":"ListItem","position":3,"name":"Mining","item":"https:\/\/thern.com\/it\/industries\/mining\/"},{"@type":"ListItem","position":4,"name":"Dredge &#038; Barge Positioning Winches"}]},{"@type":"WebSite","@id":"https:\/\/thern.com\/it\/#website","url":"https:\/\/thern.com\/it\/","name":"Thern\u00ae Winches &amp; Cranes","description":"Leave the Heavy Lifting to Us","publisher":{"@id":"https:\/\/thern.com\/it\/#organization"},"potentialAction":[{"@type":"SearchAction","target":{"@type":"EntryPoint","urlTemplate":"https:\/\/thern.com\/it\/?s={search_term_string}"},"query-input":{"@type":"PropertyValueSpecification","valueRequired":true,"valueName":"search_term_string"}}],"inLanguage":"it-IT"},{"@type":"Organization","@id":"https:\/\/thern.com\/it\/#organization","name":"Thern\u00ae Winches &amp; Cranes","url":"https:\/\/thern.com\/it\/","logo":{"@type":"ImageObject","inLanguage":"it-IT","@id":"https:\/\/thern.com\/it\/#\/schema\/logo\/image\/","url":"https:\/\/thern.com\/wp-content\/uploads\/2023\/11\/Logo_SaveForWeb-outline-FINAL-01.svg","contentUrl":"https:\/\/thern.com\/wp-content\/uploads\/2023\/11\/Logo_SaveForWeb-outline-FINAL-01.svg","caption":"Thern\u00ae Winches &amp; Cranes"},"image":{"@id":"https:\/\/thern.com\/it\/#\/schema\/logo\/image\/"},"sameAs":["https:\/\/www.facebook.com\/ThernInc\/","https:\/\/www.linkedin.com\/company\/thern-inc-\/","https:\/\/www.youtube.com\/user\/ThernStage"]}]}},"_links":{"self":[{"href":"https:\/\/thern.com\/it\/wp-json\/wp\/v2\/pages\/32179","targetHints":{"allow":["GET"]}}],"collection":[{"href":"https:\/\/thern.com\/it\/wp-json\/wp\/v2\/pages"}],"about":[{"href":"https:\/\/thern.com\/it\/wp-json\/wp\/v2\/types\/page"}],"author":[{"embeddable":true,"href":"https:\/\/thern.com\/it\/wp-json\/wp\/v2\/users\/1"}],"replies":[{"embeddable":true,"href":"https:\/\/thern.com\/it\/wp-json\/wp\/v2\/comments?post=32179"}],"version-history":[{"count":0,"href":"https:\/\/thern.com\/it\/wp-json\/wp\/v2\/pages\/32179\/revisions"}],"up":[{"embeddable":true,"href":"https:\/\/thern.com\/it\/wp-json\/wp\/v2\/pages\/32463"}],"wp:attachment":[{"href":"https:\/\/thern.com\/it\/wp-json\/wp\/v2\/media?parent=32179"}],"curies":[{"name":"wp","href":"https:\/\/api.w.org\/{rel}","templated":true}]}}