{"id":32166,"date":"2023-08-29T14:50:58","date_gmt":"2023-08-29T14:50:58","guid":{"rendered":"https:\/\/therninc.wpenginepowered.com\/rail-car-cart-pulling-winches\/"},"modified":"2023-10-06T04:00:20","modified_gmt":"2023-10-06T04:00:20","slug":"rail-car-cart-pulling-winches","status":"publish","type":"page","link":"https:\/\/thern.com\/it\/industries\/mining\/rail-car-cart-pulling-winches\/","title":{"rendered":"Rail Car &#038; Cart Pulling Winches"},"content":{"rendered":"<div class=\"wpb-content-wrapper\"><p>[vc_section full_width=&#8221;stretch_row&#8221; content_placement=&#8221;middle&#8221; css=&#8221;.vc_custom_1693320243905{padding-top: 0px !important;background-image: url(https:\/\/thern.com\/wp-content\/uploads\/2023\/08\/Thern-Industry-Header-Banners-mining.jpg?id=23602) !important;background-position: center !important;background-repeat: no-repeat !important;background-size: cover !important;}&#8221;][vc_row full_width=&#8221;stretch_row&#8221; css=&#8221;.vc_custom_1692983676181{padding-top: 50px !important;padding-bottom: 70px !important;background-color: rgba(0,0,0,0.5) !important;*background-color: rgb(0,0,0) !important;}&#8221;][vc_column][vc_custom_heading text=&#8221;Argani per vagoni ferroviari e carrelli&#8221; font_container=&#8221;tag:h1|text_align:left|color:%23ffffff&#8221; use_theme_fonts=&#8221;yes&#8221; css_animation=&#8221;fadeInLeft&#8221;][\/vc_column][\/vc_row][\/vc_section][vc_row equal_height=&#8221;yes&#8221; css=&#8221;.vc_custom_1692984692373{padding-top: 65px !important;padding-bottom: 35px !important;}&#8221;][vc_column css_animation=&#8221;fadeInLeft&#8221; width=&#8221;1\/2&#8243;][vc_column_text]Gli argani elettrici completamente personalizzabili di Thern forniscono un funzionamento potente per il posizionamento dei vagoni ferroviari nei terminali di carico, negli scali ferroviari e nei binari secondari.<\/p>\n<p>Argano da tiro per vagoni ferroviari e carrelli | Costruito su misura per una miniera di pomice<\/p>\n<p>Nell\u2019angolo sudorientale dell\u2019Idaho si trova la piccola citt\u00e0 di Malad City, una comunit\u00e0 situata sul giacimento di pomice bianca pi\u00f9 puro del mondo.<\/p>\n<p>Essere il pi\u00f9 grande fornitore di pomice al mondo significa che ogni giorno c\u2019\u00e8 un enorme volume di materiale da spostare fuori dal suo stabilimento. Come molte operazioni di massa, la ferrovia \u00e8 il metodo principale per trasportare innumerevoli tonnellate di materiale. I vagoni ferroviari vengono costantemente posizionati, riempiti e fatti uscire dall&#8217;impianto di carico.<\/p>\n<p>Thern ha dotato l&#8217;attivit\u00e0 mineraria di una coppia di argani elettrici 4HS16MC per aiutare a posizionare con precisione le auto durante il processo di carico. Gli argani fornivano una potenza elevata, in grado di spostare pi\u00f9 vagoni ferroviari a pieno carico alla volta. Utilizzato in questa veste, un sistema a verricello aiuta a fornire un mezzo pi\u00f9 gestibile per posizionare i vagoni ferroviari durante il carico, semplificando il processo e risparmiando tempo e denaro.[\/vc_column_text][vc_btn title=&#8221;Ritorno alle industrie&#8221; style=&#8221;custom&#8221; custom_background=&#8221;#c71a32&#8243; custom_text=&#8221;#ffffff&#8221; shape=&#8221;square&#8221; size=&#8221;lg&#8221; align=&#8221;left&#8221; i_icon_fontawesome=&#8221;fas fa-angle-left&#8221; add_icon=&#8221;true&#8221; link=&#8221;url:%2Fit%2Findustries%2F|title:Return%20to%20Industries&#8221;][\/vc_column][vc_column css_animation=&#8221;fadeInRight&#8221; width=&#8221;1\/2&#8243;][vc_gallery type=&#8221;flexslider_slide&#8221; interval=&#8221;0&#8243; images=&#8221;23622,23623&#8243; img_size=&#8221;full&#8221; onclick=&#8221;&#8221;][\/vc_column][\/vc_row][vc_row full_width=&#8221;stretch_row&#8221; css=&#8221;.vc_custom_1696543302281{padding-top: 35px !important;padding-bottom: 35px !important;}&#8221;][vc_column width=&#8221;1\/6&#8243;][\/vc_column][vc_column css_animation=&#8221;fadeInUp&#8221; width=&#8221;4\/6&#8243;][vc_custom_heading text=&#8221;Siamo qui per aiutare&#8221; font_container=&#8221;tag:h2|text_align:center|color:%230a0a0a&#8221; use_theme_fonts=&#8221;yes&#8221; css=&#8221;.vc_custom_1696543236626{margin-bottom: 0px !important;}&#8221;][vc_column_text]<\/p>\n<p style=\"text-align: center;\">Hai domande? Il personale di vendita e di assistenza amichevole e competente di Thern \u00e8 pronto ad assistervi.<\/p>\n<p>[\/vc_column_text][vc_btn title=&#8221;Contattaci&#8221; style=&#8221;custom&#8221; custom_background=&#8221;#c71a32&#8243; custom_text=&#8221;#ffffff&#8221; shape=&#8221;square&#8221; size=&#8221;lg&#8221; align=&#8221;center&#8221; i_align=&#8221;right&#8221; i_icon_fontawesome=&#8221;fas fa-angle-right&#8221; add_icon=&#8221;true&#8221; link=&#8221;url:%2Fit%2Fcontact%2F|title:Contact&#8221;][\/vc_column][vc_column width=&#8221;1\/6&#8243;][\/vc_column][\/vc_row]<\/p>\n<\/div>","protected":false},"excerpt":{"rendered":"<p>[vc_section full_width=&#8221;stretch_row&#8221; content_placement=&#8221;middle&#8221; css=&#8221;.vc_custom_1693320243905{padding-top: 0px !important;background-image: url(https:\/\/thern.com\/wp-content\/uploads\/2023\/08\/Thern-Industry-Header-Banners-mining.jpg?id=23602) !important;background-position: center !important;background-repeat: no-repeat !important;background-size: cover !important;}&#8221;][vc_row full_width=&#8221;stretch_row&#8221; css=&#8221;.vc_custom_1692983676181{padding-top: 50px !important;padding-bottom: 70px !important;background-color: rgba(0,0,0,0.5) !important;*background-color: rgb(0,0,0) !important;}&#8221;][vc_column][vc_custom_heading text=&#8221;Argani per vagoni ferroviari e carrelli&#8221; font_container=&#8221;tag:h1|text_align:left|color:%23ffffff&#8221; use_theme_fonts=&#8221;yes&#8221; css_animation=&#8221;fadeInLeft&#8221;][\/vc_column][\/vc_row][\/vc_section][vc_row equal_height=&#8221;yes&#8221; css=&#8221;.vc_custom_1692984692373{padding-top: 65px !important;padding-bottom: 35px !important;}&#8221;][vc_column css_animation=&#8221;fadeInLeft&#8221; width=&#8221;1\/2&#8243;][vc_column_text]Gli argani elettrici completamente personalizzabili di Thern forniscono un funzionamento potente per il posizionamento dei &#8230; <a title=\"Rail Car &#038; Cart Pulling Winches\" class=\"read-more\" href=\"https:\/\/thern.com\/it\/industries\/mining\/rail-car-cart-pulling-winches\/\" aria-label=\"More on Rail Car &#038; Cart Pulling Winches\">Read more<\/a><\/p>\n","protected":false},"author":1,"featured_media":0,"parent":32463,"menu_order":0,"comment_status":"closed","ping_status":"closed","template":"","meta":{"footnotes":""},"class_list":["post-32166","page","type-page","status-publish"],"yoast_head":"<!-- This site is optimized with the Yoast SEO plugin v27.5 - https:\/\/yoast.com\/product\/yoast-seo-wordpress\/ -->\n<title>Argano da traino per vagoni ferroviari e carrelli - Attrezzatura di sollevamento per l&#039;industria mineraria | Thern\u00ae Winches &amp; Cranes<\/title>\n<meta name=\"description\" content=\"Gli argani elettrici completamente personalizzabili di Thern forniscono un funzionamento potente per il posizionamento dei vagoni ferroviari nei terminal di carico, negli scali ferroviari e nei binari laterali.\" \/>\n<meta name=\"robots\" content=\"index, follow, max-snippet:-1, max-image-preview:large, max-video-preview:-1\" \/>\n<link rel=\"canonical\" href=\"https:\/\/thern.com\/it\/industries\/mining\/rail-car-cart-pulling-winches\/\" \/>\n<meta property=\"og:locale\" content=\"it_IT\" \/>\n<meta property=\"og:type\" content=\"article\" \/>\n<meta property=\"og:title\" content=\"Argano da traino per vagoni ferroviari e carrelli - Attrezzatura di sollevamento per l&#039;industria mineraria | Thern\u00ae Winches &amp; Cranes\" \/>\n<meta property=\"og:description\" content=\"Gli argani elettrici completamente personalizzabili di Thern forniscono un funzionamento potente per il posizionamento dei vagoni ferroviari nei terminal di carico, negli scali ferroviari e nei binari laterali.\" \/>\n<meta property=\"og:url\" content=\"https:\/\/thern.com\/it\/industries\/mining\/rail-car-cart-pulling-winches\/\" \/>\n<meta property=\"og:site_name\" content=\"Thern\u00ae Winches &amp; Cranes\" \/>\n<meta property=\"article:publisher\" content=\"https:\/\/www.facebook.com\/ThernInc\/\" \/>\n<meta property=\"article:modified_time\" content=\"2023-10-06T04:00:20+00:00\" \/>\n<meta name=\"twitter:card\" content=\"summary_large_image\" \/>\n<meta name=\"twitter:label1\" content=\"Tempo di lettura stimato\" \/>\n\t<meta name=\"twitter:data1\" content=\"2 minuti\" \/>\n<script type=\"application\/ld+json\" class=\"yoast-schema-graph\">{\"@context\":\"https:\\\/\\\/schema.org\",\"@graph\":[{\"@type\":\"WebPage\",\"@id\":\"https:\\\/\\\/thern.com\\\/it\\\/industries\\\/mining\\\/rail-car-cart-pulling-winches\\\/\",\"url\":\"https:\\\/\\\/thern.com\\\/it\\\/industries\\\/mining\\\/rail-car-cart-pulling-winches\\\/\",\"name\":\"Argano da traino per vagoni ferroviari e carrelli - Attrezzatura di sollevamento per l'industria mineraria | Thern\u00ae Winches &amp; Cranes\",\"isPartOf\":{\"@id\":\"https:\\\/\\\/thern.com\\\/it\\\/#website\"},\"datePublished\":\"2023-08-29T14:50:58+00:00\",\"dateModified\":\"2023-10-06T04:00:20+00:00\",\"description\":\"Gli argani elettrici completamente personalizzabili di Thern forniscono un funzionamento potente per il posizionamento dei vagoni ferroviari nei terminal di carico, negli scali ferroviari e nei binari laterali.\",\"breadcrumb\":{\"@id\":\"https:\\\/\\\/thern.com\\\/it\\\/industries\\\/mining\\\/rail-car-cart-pulling-winches\\\/#breadcrumb\"},\"inLanguage\":\"it-IT\",\"potentialAction\":[{\"@type\":\"ReadAction\",\"target\":[\"https:\\\/\\\/thern.com\\\/it\\\/industries\\\/mining\\\/rail-car-cart-pulling-winches\\\/\"]}]},{\"@type\":\"BreadcrumbList\",\"@id\":\"https:\\\/\\\/thern.com\\\/it\\\/industries\\\/mining\\\/rail-car-cart-pulling-winches\\\/#breadcrumb\",\"itemListElement\":[{\"@type\":\"ListItem\",\"position\":1,\"name\":\"Home\",\"item\":\"https:\\\/\\\/thern.com\\\/it\\\/\"},{\"@type\":\"ListItem\",\"position\":2,\"name\":\"Industries\",\"item\":\"https:\\\/\\\/thern.com\\\/it\\\/industries\\\/\"},{\"@type\":\"ListItem\",\"position\":3,\"name\":\"Mining\",\"item\":\"https:\\\/\\\/thern.com\\\/it\\\/industries\\\/mining\\\/\"},{\"@type\":\"ListItem\",\"position\":4,\"name\":\"Rail Car &#038; Cart Pulling Winches\"}]},{\"@type\":\"WebSite\",\"@id\":\"https:\\\/\\\/thern.com\\\/it\\\/#website\",\"url\":\"https:\\\/\\\/thern.com\\\/it\\\/\",\"name\":\"Thern\u00ae Winches &amp; Cranes\",\"description\":\"Leave the Heavy Lifting to Us\",\"publisher\":{\"@id\":\"https:\\\/\\\/thern.com\\\/it\\\/#organization\"},\"potentialAction\":[{\"@type\":\"SearchAction\",\"target\":{\"@type\":\"EntryPoint\",\"urlTemplate\":\"https:\\\/\\\/thern.com\\\/it\\\/?s={search_term_string}\"},\"query-input\":{\"@type\":\"PropertyValueSpecification\",\"valueRequired\":true,\"valueName\":\"search_term_string\"}}],\"inLanguage\":\"it-IT\"},{\"@type\":\"Organization\",\"@id\":\"https:\\\/\\\/thern.com\\\/it\\\/#organization\",\"name\":\"Thern\u00ae Winches &amp; Cranes\",\"url\":\"https:\\\/\\\/thern.com\\\/it\\\/\",\"logo\":{\"@type\":\"ImageObject\",\"inLanguage\":\"it-IT\",\"@id\":\"https:\\\/\\\/thern.com\\\/it\\\/#\\\/schema\\\/logo\\\/image\\\/\",\"url\":\"https:\\\/\\\/thern.com\\\/wp-content\\\/uploads\\\/2023\\\/11\\\/Logo_SaveForWeb-outline-FINAL-01.svg\",\"contentUrl\":\"https:\\\/\\\/thern.com\\\/wp-content\\\/uploads\\\/2023\\\/11\\\/Logo_SaveForWeb-outline-FINAL-01.svg\",\"caption\":\"Thern\u00ae Winches &amp; Cranes\"},\"image\":{\"@id\":\"https:\\\/\\\/thern.com\\\/it\\\/#\\\/schema\\\/logo\\\/image\\\/\"},\"sameAs\":[\"https:\\\/\\\/www.facebook.com\\\/ThernInc\\\/\",\"https:\\\/\\\/www.linkedin.com\\\/company\\\/thern-inc-\\\/\",\"https:\\\/\\\/www.youtube.com\\\/user\\\/ThernStage\"]}]}<\/script>\n<!-- \/ Yoast SEO plugin. -->","yoast_head_json":{"title":"Argano da traino per vagoni ferroviari e carrelli - Attrezzatura di sollevamento per l'industria mineraria | Thern\u00ae Winches &amp; Cranes","description":"Gli argani elettrici completamente personalizzabili di Thern forniscono un funzionamento potente per il posizionamento dei vagoni ferroviari nei terminal di carico, negli scali ferroviari e nei binari laterali.","robots":{"index":"index","follow":"follow","max-snippet":"max-snippet:-1","max-image-preview":"max-image-preview:large","max-video-preview":"max-video-preview:-1"},"canonical":"https:\/\/thern.com\/it\/industries\/mining\/rail-car-cart-pulling-winches\/","og_locale":"it_IT","og_type":"article","og_title":"Argano da traino per vagoni ferroviari e carrelli - Attrezzatura di sollevamento per l'industria mineraria | Thern\u00ae Winches &amp; Cranes","og_description":"Gli argani elettrici completamente personalizzabili di Thern forniscono un funzionamento potente per il posizionamento dei vagoni ferroviari nei terminal di carico, negli scali ferroviari e nei binari laterali.","og_url":"https:\/\/thern.com\/it\/industries\/mining\/rail-car-cart-pulling-winches\/","og_site_name":"Thern\u00ae Winches &amp; Cranes","article_publisher":"https:\/\/www.facebook.com\/ThernInc\/","article_modified_time":"2023-10-06T04:00:20+00:00","twitter_card":"summary_large_image","twitter_misc":{"Tempo di lettura stimato":"2 minuti"},"schema":{"@context":"https:\/\/schema.org","@graph":[{"@type":"WebPage","@id":"https:\/\/thern.com\/it\/industries\/mining\/rail-car-cart-pulling-winches\/","url":"https:\/\/thern.com\/it\/industries\/mining\/rail-car-cart-pulling-winches\/","name":"Argano da traino per vagoni ferroviari e carrelli - Attrezzatura di sollevamento per l'industria mineraria | Thern\u00ae Winches &amp; Cranes","isPartOf":{"@id":"https:\/\/thern.com\/it\/#website"},"datePublished":"2023-08-29T14:50:58+00:00","dateModified":"2023-10-06T04:00:20+00:00","description":"Gli argani elettrici completamente personalizzabili di Thern forniscono un funzionamento potente per il posizionamento dei vagoni ferroviari nei terminal di carico, negli scali ferroviari e nei binari laterali.","breadcrumb":{"@id":"https:\/\/thern.com\/it\/industries\/mining\/rail-car-cart-pulling-winches\/#breadcrumb"},"inLanguage":"it-IT","potentialAction":[{"@type":"ReadAction","target":["https:\/\/thern.com\/it\/industries\/mining\/rail-car-cart-pulling-winches\/"]}]},{"@type":"BreadcrumbList","@id":"https:\/\/thern.com\/it\/industries\/mining\/rail-car-cart-pulling-winches\/#breadcrumb","itemListElement":[{"@type":"ListItem","position":1,"name":"Home","item":"https:\/\/thern.com\/it\/"},{"@type":"ListItem","position":2,"name":"Industries","item":"https:\/\/thern.com\/it\/industries\/"},{"@type":"ListItem","position":3,"name":"Mining","item":"https:\/\/thern.com\/it\/industries\/mining\/"},{"@type":"ListItem","position":4,"name":"Rail Car &#038; Cart Pulling Winches"}]},{"@type":"WebSite","@id":"https:\/\/thern.com\/it\/#website","url":"https:\/\/thern.com\/it\/","name":"Thern\u00ae Winches &amp; Cranes","description":"Leave the Heavy Lifting to Us","publisher":{"@id":"https:\/\/thern.com\/it\/#organization"},"potentialAction":[{"@type":"SearchAction","target":{"@type":"EntryPoint","urlTemplate":"https:\/\/thern.com\/it\/?s={search_term_string}"},"query-input":{"@type":"PropertyValueSpecification","valueRequired":true,"valueName":"search_term_string"}}],"inLanguage":"it-IT"},{"@type":"Organization","@id":"https:\/\/thern.com\/it\/#organization","name":"Thern\u00ae Winches &amp; Cranes","url":"https:\/\/thern.com\/it\/","logo":{"@type":"ImageObject","inLanguage":"it-IT","@id":"https:\/\/thern.com\/it\/#\/schema\/logo\/image\/","url":"https:\/\/thern.com\/wp-content\/uploads\/2023\/11\/Logo_SaveForWeb-outline-FINAL-01.svg","contentUrl":"https:\/\/thern.com\/wp-content\/uploads\/2023\/11\/Logo_SaveForWeb-outline-FINAL-01.svg","caption":"Thern\u00ae Winches &amp; Cranes"},"image":{"@id":"https:\/\/thern.com\/it\/#\/schema\/logo\/image\/"},"sameAs":["https:\/\/www.facebook.com\/ThernInc\/","https:\/\/www.linkedin.com\/company\/thern-inc-\/","https:\/\/www.youtube.com\/user\/ThernStage"]}]}},"_links":{"self":[{"href":"https:\/\/thern.com\/it\/wp-json\/wp\/v2\/pages\/32166","targetHints":{"allow":["GET"]}}],"collection":[{"href":"https:\/\/thern.com\/it\/wp-json\/wp\/v2\/pages"}],"about":[{"href":"https:\/\/thern.com\/it\/wp-json\/wp\/v2\/types\/page"}],"author":[{"embeddable":true,"href":"https:\/\/thern.com\/it\/wp-json\/wp\/v2\/users\/1"}],"replies":[{"embeddable":true,"href":"https:\/\/thern.com\/it\/wp-json\/wp\/v2\/comments?post=32166"}],"version-history":[{"count":0,"href":"https:\/\/thern.com\/it\/wp-json\/wp\/v2\/pages\/32166\/revisions"}],"up":[{"embeddable":true,"href":"https:\/\/thern.com\/it\/wp-json\/wp\/v2\/pages\/32463"}],"wp:attachment":[{"href":"https:\/\/thern.com\/it\/wp-json\/wp\/v2\/media?parent=32166"}],"curies":[{"name":"wp","href":"https:\/\/api.w.org\/{rel}","templated":true}]}}