{"id":31949,"date":"2023-08-28T17:46:58","date_gmt":"2023-08-28T17:46:58","guid":{"rendered":"https:\/\/therninc.wpenginepowered.com\/elevator-installation-hoists\/"},"modified":"2023-10-06T01:20:43","modified_gmt":"2023-10-06T01:20:43","slug":"elevator-installation-hoists","status":"publish","type":"page","link":"https:\/\/thern.com\/it\/industries\/construction\/elevator-installation-hoists\/","title":{"rendered":"Elevator Installation Hoists"},"content":{"rendered":"<div class=\"wpb-content-wrapper\"><p>[vc_section full_width=&#8221;stretch_row&#8221; content_placement=&#8221;middle&#8221; css=&#8221;.vc_custom_1693242578193{padding-top: 0px !important;background-image: url(https:\/\/thern.com\/wp-content\/uploads\/2023\/08\/Thern-Industry-Header-Banners-Bulk-Handing-.jpg?id=23436) !important;background-position: center !important;background-repeat: no-repeat !important;background-size: cover !important;}&#8221;][vc_row full_width=&#8221;stretch_row&#8221; css=&#8221;.vc_custom_1692983676181{padding-top: 50px !important;padding-bottom: 70px !important;background-color: rgba(0,0,0,0.5) !important;*background-color: rgb(0,0,0) !important;}&#8221;][vc_column][vc_custom_heading text=&#8221;Montacarichi per installazione ascensori&#8221; font_container=&#8221;tag:h1|text_align:left|color:%23ffffff&#8221; use_theme_fonts=&#8221;yes&#8221; css_animation=&#8221;fadeInLeft&#8221;][\/vc_column][\/vc_row][\/vc_section][vc_row equal_height=&#8221;yes&#8221; css=&#8221;.vc_custom_1692984692373{padding-top: 65px !important;padding-bottom: 35px !important;}&#8221;][vc_column css_animation=&#8221;fadeInLeft&#8221; width=&#8221;1\/2&#8243;][vc_column_text]Altezze di sollevamento non standard sono una considerazione comune per gli ascensori e le installazioni di ascensori. Gli argani elettrici Thern possono combinare la potenza di sollevamento con tamburi pi\u00f9 grandi e pacchetti di controllo specializzati per gestire con precisione sollevamenti di grande capacit\u00e0 ad altezze maggiori.<\/p>\n<p>Montacarichi per installazione ascensore | Realizzato su misura per One World Trade Center<\/p>\n<p>A New York City, un grande lavoro richiede grandi responsabilit\u00e0 e Thern non \u00e8 estraneo al grande palcoscenico. Ecco perch\u00e9 un&#8217;importante azienda di ascensori industriali ha scelto Thern per costruire un argano in grado di gestire i lavori pi\u00f9 difficili. Lo speciale verricello elettrico 4HPF25M \u00e8 stato utilizzato nel cantiere della Torre 1 del One World Trade Center per sollevare materiali per l&#8217;installazione e il posizionamento dell&#8217;ascensore durante la costruzione della torre. Il cliente aveva una serie di esigenze particolari, alle quali Thern ha risposto con un argano personalizzato. Le principali caratteristiche di progettazione sono una maggiore capacit\u00e0 della fune metallica per facilitare altezze di sollevamento non standard, un&#8217;elevata velocit\u00e0 della linea e un sofisticato pacchetto di controllo della velocit\u00e0 variabile montato sull&#8217;unit\u00e0. Inoltre, l&#8217;argano doveva soddisfare determinati limiti di dimensione ed essere completamente trasportabile utilizzando un transpallet. L&#8217;argano di Thern \u00e8 stato utilizzato per sollevare le guide dell&#8217;ascensore sui piani designati per lo stoccaggio e la facile accessibilit\u00e0, a quel punto l&#8217;argano \u00e8 stato quindi utilizzato per manovrare le diciassette guide da 21.000 libbre in posizione per l&#8217;installazione, nonch\u00e9 i cavi da 9.000 libbre. Dopo che tutte le guide sono state installate, l&#8217;argano di Therns \u00e8 stato utilizzato per sollevare e installare le cabine dell&#8217;ascensore da 50.000 libbre. Il completamento \u00e8 previsto per il 2014, la Torre 1 raggiunger\u00e0 un&#8217;altezza totale di 1.776 piedi con guglia: l&#8217;altezza di 1.776 \u00e8 stata scelta per indicare l&#8217;anno in cui gli Stati Uniti hanno dichiarato la propria indipendenza.[\/vc_column_text][vc_btn title=&#8221;Ritorno alle industrie&#8221; style=&#8221;custom&#8221; custom_background=&#8221;#c71a32&#8243; custom_text=&#8221;#ffffff&#8221; shape=&#8221;square&#8221; size=&#8221;lg&#8221; align=&#8221;left&#8221; i_icon_fontawesome=&#8221;fas fa-angle-left&#8221; add_icon=&#8221;true&#8221; link=&#8221;url:%2Fit%2Findustries%2F|title:Return%20to%20Industries&#8221;][\/vc_column][vc_column css_animation=&#8221;fadeInRight&#8221; width=&#8221;1\/2&#8243;][vc_gallery type=&#8221;flexslider_slide&#8221; interval=&#8221;0&#8243; images=&#8221;23496,23497&#8243; img_size=&#8221;full&#8221; onclick=&#8221;&#8221; css=&#8221;.vc_custom_1693244821708{margin-bottom: 0px !important;}&#8221;][vc_single_image image=&#8221;23477&#8243; img_size=&#8221;full&#8221; alignment=&#8221;center&#8221;][\/vc_column][\/vc_row][vc_row full_width=&#8221;stretch_row&#8221; css=&#8221;.vc_custom_1696543302281{padding-top: 35px !important;padding-bottom: 35px !important;}&#8221;][vc_column width=&#8221;1\/6&#8243;][\/vc_column][vc_column css_animation=&#8221;fadeInUp&#8221; width=&#8221;4\/6&#8243;][vc_custom_heading text=&#8221;Siamo qui per aiutare&#8221; font_container=&#8221;tag:h2|text_align:center|color:%230a0a0a&#8221; use_theme_fonts=&#8221;yes&#8221; css=&#8221;.vc_custom_1696543236626{margin-bottom: 0px !important;}&#8221;][vc_column_text]<\/p>\n<p style=\"text-align: center;\">Hai domande? Il personale di vendita e di assistenza amichevole e competente di Thern \u00e8 pronto ad assistervi.<\/p>\n<p>[\/vc_column_text][vc_btn title=&#8221;Contattaci&#8221; style=&#8221;custom&#8221; custom_background=&#8221;#c71a32&#8243; custom_text=&#8221;#ffffff&#8221; shape=&#8221;square&#8221; size=&#8221;lg&#8221; align=&#8221;center&#8221; i_align=&#8221;right&#8221; i_icon_fontawesome=&#8221;fas fa-angle-right&#8221; add_icon=&#8221;true&#8221; link=&#8221;url:%2Fit%2Fcontact%2F|title:Contact&#8221;][\/vc_column][vc_column width=&#8221;1\/6&#8243;][\/vc_column][\/vc_row]<\/p>\n<\/div>","protected":false},"excerpt":{"rendered":"<p>[vc_section full_width=&#8221;stretch_row&#8221; content_placement=&#8221;middle&#8221; css=&#8221;.vc_custom_1693242578193{padding-top: 0px !important;background-image: url(https:\/\/thern.com\/wp-content\/uploads\/2023\/08\/Thern-Industry-Header-Banners-Bulk-Handing-.jpg?id=23436) !important;background-position: center !important;background-repeat: no-repeat !important;background-size: cover !important;}&#8221;][vc_row full_width=&#8221;stretch_row&#8221; css=&#8221;.vc_custom_1692983676181{padding-top: 50px !important;padding-bottom: 70px !important;background-color: rgba(0,0,0,0.5) !important;*background-color: rgb(0,0,0) !important;}&#8221;][vc_column][vc_custom_heading text=&#8221;Montacarichi per installazione ascensori&#8221; font_container=&#8221;tag:h1|text_align:left|color:%23ffffff&#8221; use_theme_fonts=&#8221;yes&#8221; css_animation=&#8221;fadeInLeft&#8221;][\/vc_column][\/vc_row][\/vc_section][vc_row equal_height=&#8221;yes&#8221; css=&#8221;.vc_custom_1692984692373{padding-top: 65px !important;padding-bottom: 35px !important;}&#8221;][vc_column css_animation=&#8221;fadeInLeft&#8221; width=&#8221;1\/2&#8243;][vc_column_text]Altezze di sollevamento non standard sono una considerazione comune per gli ascensori e le installazioni di ascensori. &#8230; <a title=\"Elevator Installation Hoists\" class=\"read-more\" href=\"https:\/\/thern.com\/it\/industries\/construction\/elevator-installation-hoists\/\" aria-label=\"More on Elevator Installation Hoists\">Read more<\/a><\/p>\n","protected":false},"author":1,"featured_media":0,"parent":32397,"menu_order":0,"comment_status":"closed","ping_status":"closed","template":"","meta":{"footnotes":""},"class_list":["post-31949","page","type-page","status-publish"],"yoast_head":"<!-- This site is optimized with the Yoast SEO plugin v27.3 - https:\/\/yoast.com\/product\/yoast-seo-wordpress\/ -->\n<title>Montacarichi per installazione ascensori - Attrezzature di sollevamento per l&#039;edilizia | Thern\u00ae Winches &amp; Cranes<\/title>\n<meta name=\"description\" content=\"Gli argani per l&#039;installazione di ascensori Thern combinano potenza di sollevamento e controllo specializzato per accogliere con precisione ascensori di grande capacit\u00e0 ad altezze maggiori.\" \/>\n<meta name=\"robots\" content=\"index, follow, max-snippet:-1, max-image-preview:large, max-video-preview:-1\" \/>\n<link rel=\"canonical\" href=\"https:\/\/thern.com\/it\/industries\/construction\/elevator-installation-hoists\/\" \/>\n<meta property=\"og:locale\" content=\"it_IT\" \/>\n<meta property=\"og:type\" content=\"article\" \/>\n<meta property=\"og:title\" content=\"Montacarichi per installazione ascensori - Attrezzature di sollevamento per l&#039;edilizia | Thern\u00ae Winches &amp; Cranes\" \/>\n<meta property=\"og:description\" content=\"Gli argani per l&#039;installazione di ascensori Thern combinano potenza di sollevamento e controllo specializzato per accogliere con precisione ascensori di grande capacit\u00e0 ad altezze maggiori.\" \/>\n<meta property=\"og:url\" content=\"https:\/\/thern.com\/it\/industries\/construction\/elevator-installation-hoists\/\" \/>\n<meta property=\"og:site_name\" content=\"Thern\u00ae Winches &amp; Cranes\" \/>\n<meta property=\"article:publisher\" content=\"https:\/\/www.facebook.com\/ThernInc\/\" \/>\n<meta property=\"article:modified_time\" content=\"2023-10-06T01:20:43+00:00\" \/>\n<meta name=\"twitter:card\" content=\"summary_large_image\" \/>\n<meta name=\"twitter:label1\" content=\"Tempo di lettura stimato\" \/>\n\t<meta name=\"twitter:data1\" content=\"2 minuti\" \/>\n<script type=\"application\/ld+json\" class=\"yoast-schema-graph\">{\"@context\":\"https:\\\/\\\/schema.org\",\"@graph\":[{\"@type\":\"WebPage\",\"@id\":\"https:\\\/\\\/thern.com\\\/it\\\/industries\\\/construction\\\/elevator-installation-hoists\\\/\",\"url\":\"https:\\\/\\\/thern.com\\\/it\\\/industries\\\/construction\\\/elevator-installation-hoists\\\/\",\"name\":\"Montacarichi per installazione ascensori - Attrezzature di sollevamento per l'edilizia | Thern\u00ae Winches &amp; Cranes\",\"isPartOf\":{\"@id\":\"https:\\\/\\\/thern.com\\\/it\\\/#website\"},\"datePublished\":\"2023-08-28T17:46:58+00:00\",\"dateModified\":\"2023-10-06T01:20:43+00:00\",\"description\":\"Gli argani per l'installazione di ascensori Thern combinano potenza di sollevamento e controllo specializzato per accogliere con precisione ascensori di grande capacit\u00e0 ad altezze maggiori.\",\"breadcrumb\":{\"@id\":\"https:\\\/\\\/thern.com\\\/it\\\/industries\\\/construction\\\/elevator-installation-hoists\\\/#breadcrumb\"},\"inLanguage\":\"it-IT\",\"potentialAction\":[{\"@type\":\"ReadAction\",\"target\":[\"https:\\\/\\\/thern.com\\\/it\\\/industries\\\/construction\\\/elevator-installation-hoists\\\/\"]}]},{\"@type\":\"BreadcrumbList\",\"@id\":\"https:\\\/\\\/thern.com\\\/it\\\/industries\\\/construction\\\/elevator-installation-hoists\\\/#breadcrumb\",\"itemListElement\":[{\"@type\":\"ListItem\",\"position\":1,\"name\":\"Home\",\"item\":\"https:\\\/\\\/thern.com\\\/it\\\/\"},{\"@type\":\"ListItem\",\"position\":2,\"name\":\"Industries\",\"item\":\"https:\\\/\\\/thern.com\\\/it\\\/industries\\\/\"},{\"@type\":\"ListItem\",\"position\":3,\"name\":\"Construction\",\"item\":\"https:\\\/\\\/thern.com\\\/it\\\/industries\\\/construction\\\/\"},{\"@type\":\"ListItem\",\"position\":4,\"name\":\"Elevator Installation Hoists\"}]},{\"@type\":\"WebSite\",\"@id\":\"https:\\\/\\\/thern.com\\\/it\\\/#website\",\"url\":\"https:\\\/\\\/thern.com\\\/it\\\/\",\"name\":\"Thern\u00ae Winches &amp; Cranes\",\"description\":\"Leave the Heavy Lifting to Us\",\"publisher\":{\"@id\":\"https:\\\/\\\/thern.com\\\/it\\\/#organization\"},\"potentialAction\":[{\"@type\":\"SearchAction\",\"target\":{\"@type\":\"EntryPoint\",\"urlTemplate\":\"https:\\\/\\\/thern.com\\\/it\\\/?s={search_term_string}\"},\"query-input\":{\"@type\":\"PropertyValueSpecification\",\"valueRequired\":true,\"valueName\":\"search_term_string\"}}],\"inLanguage\":\"it-IT\"},{\"@type\":\"Organization\",\"@id\":\"https:\\\/\\\/thern.com\\\/it\\\/#organization\",\"name\":\"Thern\u00ae Winches &amp; Cranes\",\"url\":\"https:\\\/\\\/thern.com\\\/it\\\/\",\"logo\":{\"@type\":\"ImageObject\",\"inLanguage\":\"it-IT\",\"@id\":\"https:\\\/\\\/thern.com\\\/it\\\/#\\\/schema\\\/logo\\\/image\\\/\",\"url\":\"https:\\\/\\\/thern.com\\\/wp-content\\\/uploads\\\/2023\\\/11\\\/Logo_SaveForWeb-outline-FINAL-01.svg\",\"contentUrl\":\"https:\\\/\\\/thern.com\\\/wp-content\\\/uploads\\\/2023\\\/11\\\/Logo_SaveForWeb-outline-FINAL-01.svg\",\"caption\":\"Thern\u00ae Winches &amp; Cranes\"},\"image\":{\"@id\":\"https:\\\/\\\/thern.com\\\/it\\\/#\\\/schema\\\/logo\\\/image\\\/\"},\"sameAs\":[\"https:\\\/\\\/www.facebook.com\\\/ThernInc\\\/\",\"https:\\\/\\\/www.linkedin.com\\\/company\\\/thern-inc-\\\/\",\"https:\\\/\\\/www.youtube.com\\\/user\\\/ThernStage\"]}]}<\/script>\n<!-- \/ Yoast SEO plugin. -->","yoast_head_json":{"title":"Montacarichi per installazione ascensori - Attrezzature di sollevamento per l'edilizia | Thern\u00ae Winches &amp; Cranes","description":"Gli argani per l'installazione di ascensori Thern combinano potenza di sollevamento e controllo specializzato per accogliere con precisione ascensori di grande capacit\u00e0 ad altezze maggiori.","robots":{"index":"index","follow":"follow","max-snippet":"max-snippet:-1","max-image-preview":"max-image-preview:large","max-video-preview":"max-video-preview:-1"},"canonical":"https:\/\/thern.com\/it\/industries\/construction\/elevator-installation-hoists\/","og_locale":"it_IT","og_type":"article","og_title":"Montacarichi per installazione ascensori - Attrezzature di sollevamento per l'edilizia | Thern\u00ae Winches &amp; Cranes","og_description":"Gli argani per l'installazione di ascensori Thern combinano potenza di sollevamento e controllo specializzato per accogliere con precisione ascensori di grande capacit\u00e0 ad altezze maggiori.","og_url":"https:\/\/thern.com\/it\/industries\/construction\/elevator-installation-hoists\/","og_site_name":"Thern\u00ae Winches &amp; Cranes","article_publisher":"https:\/\/www.facebook.com\/ThernInc\/","article_modified_time":"2023-10-06T01:20:43+00:00","twitter_card":"summary_large_image","twitter_misc":{"Tempo di lettura stimato":"2 minuti"},"schema":{"@context":"https:\/\/schema.org","@graph":[{"@type":"WebPage","@id":"https:\/\/thern.com\/it\/industries\/construction\/elevator-installation-hoists\/","url":"https:\/\/thern.com\/it\/industries\/construction\/elevator-installation-hoists\/","name":"Montacarichi per installazione ascensori - Attrezzature di sollevamento per l'edilizia | Thern\u00ae Winches &amp; Cranes","isPartOf":{"@id":"https:\/\/thern.com\/it\/#website"},"datePublished":"2023-08-28T17:46:58+00:00","dateModified":"2023-10-06T01:20:43+00:00","description":"Gli argani per l'installazione di ascensori Thern combinano potenza di sollevamento e controllo specializzato per accogliere con precisione ascensori di grande capacit\u00e0 ad altezze maggiori.","breadcrumb":{"@id":"https:\/\/thern.com\/it\/industries\/construction\/elevator-installation-hoists\/#breadcrumb"},"inLanguage":"it-IT","potentialAction":[{"@type":"ReadAction","target":["https:\/\/thern.com\/it\/industries\/construction\/elevator-installation-hoists\/"]}]},{"@type":"BreadcrumbList","@id":"https:\/\/thern.com\/it\/industries\/construction\/elevator-installation-hoists\/#breadcrumb","itemListElement":[{"@type":"ListItem","position":1,"name":"Home","item":"https:\/\/thern.com\/it\/"},{"@type":"ListItem","position":2,"name":"Industries","item":"https:\/\/thern.com\/it\/industries\/"},{"@type":"ListItem","position":3,"name":"Construction","item":"https:\/\/thern.com\/it\/industries\/construction\/"},{"@type":"ListItem","position":4,"name":"Elevator Installation Hoists"}]},{"@type":"WebSite","@id":"https:\/\/thern.com\/it\/#website","url":"https:\/\/thern.com\/it\/","name":"Thern\u00ae Winches &amp; Cranes","description":"Leave the Heavy Lifting to Us","publisher":{"@id":"https:\/\/thern.com\/it\/#organization"},"potentialAction":[{"@type":"SearchAction","target":{"@type":"EntryPoint","urlTemplate":"https:\/\/thern.com\/it\/?s={search_term_string}"},"query-input":{"@type":"PropertyValueSpecification","valueRequired":true,"valueName":"search_term_string"}}],"inLanguage":"it-IT"},{"@type":"Organization","@id":"https:\/\/thern.com\/it\/#organization","name":"Thern\u00ae Winches &amp; Cranes","url":"https:\/\/thern.com\/it\/","logo":{"@type":"ImageObject","inLanguage":"it-IT","@id":"https:\/\/thern.com\/it\/#\/schema\/logo\/image\/","url":"https:\/\/thern.com\/wp-content\/uploads\/2023\/11\/Logo_SaveForWeb-outline-FINAL-01.svg","contentUrl":"https:\/\/thern.com\/wp-content\/uploads\/2023\/11\/Logo_SaveForWeb-outline-FINAL-01.svg","caption":"Thern\u00ae Winches &amp; Cranes"},"image":{"@id":"https:\/\/thern.com\/it\/#\/schema\/logo\/image\/"},"sameAs":["https:\/\/www.facebook.com\/ThernInc\/","https:\/\/www.linkedin.com\/company\/thern-inc-\/","https:\/\/www.youtube.com\/user\/ThernStage"]}]}},"_links":{"self":[{"href":"https:\/\/thern.com\/it\/wp-json\/wp\/v2\/pages\/31949","targetHints":{"allow":["GET"]}}],"collection":[{"href":"https:\/\/thern.com\/it\/wp-json\/wp\/v2\/pages"}],"about":[{"href":"https:\/\/thern.com\/it\/wp-json\/wp\/v2\/types\/page"}],"author":[{"embeddable":true,"href":"https:\/\/thern.com\/it\/wp-json\/wp\/v2\/users\/1"}],"replies":[{"embeddable":true,"href":"https:\/\/thern.com\/it\/wp-json\/wp\/v2\/comments?post=31949"}],"version-history":[{"count":0,"href":"https:\/\/thern.com\/it\/wp-json\/wp\/v2\/pages\/31949\/revisions"}],"up":[{"embeddable":true,"href":"https:\/\/thern.com\/it\/wp-json\/wp\/v2\/pages\/32397"}],"wp:attachment":[{"href":"https:\/\/thern.com\/it\/wp-json\/wp\/v2\/media?parent=31949"}],"curies":[{"name":"wp","href":"https:\/\/api.w.org\/{rel}","templated":true}]}}