{"id":31734,"date":"2023-08-25T17:17:13","date_gmt":"2023-08-25T17:17:13","guid":{"rendered":"https:\/\/therninc.wpenginepowered.com\/pump-hoists\/"},"modified":"2023-10-05T22:21:31","modified_gmt":"2023-10-05T22:21:31","slug":"pump-hoists","status":"publish","type":"page","link":"https:\/\/thern.com\/it\/industries\/water-wastewater\/pump-hoists\/","title":{"rendered":"Pump Hoists"},"content":{"rendered":"<div class=\"wpb-content-wrapper\"><p>[vc_section full_width=&#8221;stretch_row&#8221; content_placement=&#8221;middle&#8221; css=&#8221;.vc_custom_1692983716171{padding-top: 0px !important;background: #dddddd url(https:\/\/thern.com\/wp-content\/uploads\/2023\/07\/Thern-Inc_About-Hero.jpg?id=343) !important;background-position: center !important;background-repeat: no-repeat !important;background-size: cover !important;}&#8221;][vc_row full_width=&#8221;stretch_row&#8221; css=&#8221;.vc_custom_1692983676181{padding-top: 50px !important;padding-bottom: 70px !important;background-color: rgba(0,0,0,0.5) !important;*background-color: rgb(0,0,0) !important;}&#8221;][vc_column][vc_custom_heading text=&#8221;Montacarichi a pompa&#8221; font_container=&#8221;tag:h1|text_align:left|color:%23ffffff&#8221; use_theme_fonts=&#8221;yes&#8221; css_animation=&#8221;fadeInLeft&#8221;][\/vc_column][\/vc_row][\/vc_section][vc_row full_width=&#8221;stretch_row&#8221; equal_height=&#8221;yes&#8221; css=&#8221;.vc_custom_1692985496191{padding-top: 65px !important;padding-bottom: 35px !important;}&#8221;][vc_column css_animation=&#8221;fadeInLeft&#8221; width=&#8221;1\/2&#8243;][vc_custom_heading text=&#8221;Quale gru \u00e8 la migliore per sollevare la mia pompa per acqua\/acque reflue?&#8221; font_container=&#8221;tag:h4|text_align:left|color:%23900000&#8243; use_theme_fonts=&#8221;yes&#8221;][vc_column_text]La migliore gru per sollevare una pompa per l&#8217;acqua\/le acque reflue \u00e8 una gru con gru,\u00a0perch\u00e9 sono durevoli e facili da usare, consentendo la rimozione e l&#8217;installazione sicura ed efficiente dell&#8217;attrezzatura. Le gru con gru possono essere modificate e personalizzate per operazioni specifiche dell&#8217;impianto di acqua\/acque reflue quando necessario, rendendole la scelta migliore per il sollevamento, l&#8217;abbassamento e lo spostamento delle pompe rispetto ad altri paranchi per pompe di acqua\/acque reflue o sostituti temporanei.<\/p>\n<p>Essendo la scelta preferita tra gli impianti di trattamento delle acque reflue, i paranchi specializzati per pompe di Thern sono dotati di gru per gru portatili o fisse configurate con argani manuali o elettrici. Gli argani manuali offrono una soluzione di sollevamento efficace quando non \u00e8 disponibile alcuna fonte di alimentazione. Quando \u00e8 disponibile energia, Thern offre il funzionamento CA, CC, pneumatico o idraulico per sollevare rapidamente le pompe per la manutenzione o la riparazione. Le gru con gru portatili sono facilmente trasportabili e rapidamente installabili nelle stazioni di sollevamento; tuttavia, se il vostro sito richiede uno sbraccio pi\u00f9 lungo, una gru con gru fissa \u00e8 la scelta ideale. Scopri di seguito le nostre domande pi\u00f9 frequenti e le relative risposte. Siamo qui per aiutarti, quindi mettiti in contatto con noi per iniziare una conversazione![\/vc_column_text][vc_btn title=&#8221;Ritorno alle industrie&#8221; style=&#8221;custom&#8221; custom_background=&#8221;#c71a32&#8243; custom_text=&#8221;#ffffff&#8221; shape=&#8221;square&#8221; size=&#8221;lg&#8221; align=&#8221;left&#8221; i_icon_fontawesome=&#8221;fas fa-angle-left&#8221; add_icon=&#8221;true&#8221; link=&#8221;url:%2Fit%2Findustries%2F|title:Return%20to%20Industries&#8221;][\/vc_column][vc_column css_animation=&#8221;fadeInRight&#8221; width=&#8221;1\/2&#8243;][vc_single_image image=&#8221;23373&#8243; img_size=&#8221;full&#8221;][\/vc_column][\/vc_row][vc_row full_width=&#8221;stretch_row&#8221; css=&#8221;.vc_custom_1692985479997{padding-top: 35px !important;padding-bottom: 35px !important;background-color: #efefef !important;}&#8221;][vc_column css_animation=&#8221;fadeInLeft&#8221; width=&#8221;1\/6&#8243;][vc_single_image image=&#8221;23379&#8243; img_size=&#8221;full&#8221; alignment=&#8221;center&#8221;][\/vc_column][vc_column css_animation=&#8221;fadeInUp&#8221; width=&#8221;2\/3&#8243;][vc_custom_heading text=&#8221;Domande frequenti sui paranchi a pompa&#8221; font_container=&#8221;tag:h4|text_align:center|color:%23900000&#8243; use_theme_fonts=&#8221;yes&#8221;][vc_tta_accordion][vc_tta_section title=&#8221;What crane is best for me to lift my water\/wastewater pump that weighs under 1,000 lbs?&#8221; tab_id=&#8221;1692984126546-6564ddb6-82dd&#8221;][vc_column_text]Our First Mate, Ensign 500, and Commander 500 portable davit cranes with capacities of 500\u2013850 lbs are recommended for lifts under 1,000 lbs. Each of these models will provide users with features such as extra hook height, streamlined set-up\/disassembly, ergonomic operation, and more. Contact us for product suggestions that are customized to your unique requirements, technical specifications, and facility design.[\/vc_column_text][\/vc_tta_section][vc_tta_section title=&#8221;What crane is best for me to lift my water\/wastewater pump that weighs over 1,000 lbs?&#8221; tab_id=&#8221;1692984179205-9de5cb33-02bb&#8221;][vc_column_text]Our Ensign 1000, Commander 1000, and Commander 2000 portable davit cranes with capacities of 1,200\u20132,000 lbs are recommended for lifts over 1,000 lbs. Depending on the model, the cranes offer varying features such as multiple boom lengths\/angles, streamlined set-up\/disassembly, ergonomic operation, and more. Contact us for product suggestions that are customized to your unique requirements, technical specifications, and facility design.[\/vc_column_text][\/vc_tta_section][vc_tta_section title=&#8221;What crane is best for me to lift my water\/wastewater pump that weighs over 2,000 lbs?&#8221; tab_id=&#8221;1692984195864-17c16340-135a&#8221;][vc_column_text]For pump lifts of up to 3,000 lbs, our stationary Captain 2000, Captain 2500, and Admiral 3000 cranes are an ideal solution. Each of these models will provide users with features such as extended boom lengths, 360\u00b0 rotation, a quick-disconnect anchor, and more. Contact us for product suggestions that are customized to your unique requirements, technical specifications, and facility design.[\/vc_column_text][\/vc_tta_section][vc_tta_section title=&#8221;I work at a small water\/wastewater facility, so which cranes provide the most economical solution for a lighter load?&#8221; tab_id=&#8221;1692984217880-cefba368-3b0e&#8221;][vc_column_text]Our First Mate portable davit crane is affordable, lightweight, and perfect for a wide variety of simple jobs, up to 850 lbs, where adjustable reach is not required. Other economical options to lift a lighter load include our Ensign 500 and Commander 500 portable davit cranes with capacities of 500 lbs and 650 lbs, respectively. The Ensign 500 is specially designed for clearance, lift height, and ergonomic operation, while the Commander 500 is a popular lightweight model with an adjustable boom that\u2019s ideal for smaller loads. Contact us for product suggestions that are customized to your unique requirements, technical specifications, and facility design.[\/vc_column_text][\/vc_tta_section][vc_tta_section title=&#8221;I work at a large water\/wastewater facility, so which cranes provide the most effective and cost-saving solution for lifting numerous pumps?&#8221; tab_id=&#8221;1692984230458-b4a6e878-478c&#8221;][vc_column_text]Since this can be a complicated question that requires a more in-depth conversation, we encourage you to contact us directly. Depending on your situation, you may benefit from buying many bases and fewer cranes to meet your project goals and budget. Larger cranes may also be ideal based on the sizes of the pumps.[\/vc_column_text][\/vc_tta_section][vc_tta_section title=&#8221;What cranes can effectively lift duplex or triplex pumps?&#8221; tab_id=&#8221;1692984245101-6ed28c45-d8a2&#8243;][vc_column_text]Start a conversation with us to discuss base placement and the reach required to lift each pump. We can provide product suggestions that are customized to your unique requirements, technical specifications, and facility design.[\/vc_column_text][\/vc_tta_section][vc_tta_section title=&#8221;Which cranes can be easily transported for quick set up at lift stations?&#8221; tab_id=&#8221;1692984259113-9bb2546a-9b51&#8243;][vc_column_text]Thern\u2019s entire collection of portable davit cranes offer easy assembly and quick disassembly for effortless transport from base to base or storage. Contact us for product suggestions that are customized to your unique requirements, technical specifications, and facility design.[\/vc_column_text][\/vc_tta_section][vc_tta_section title=&#8221;Do you have cranes that feature extended booms and hook heights to accommodate lifts over tall railings or obstructions?&#8221; tab_id=&#8221;1692984275133-59ffbb8d-4cec&#8221;][vc_column_text]Our economical Ensign 500 and Ensign 1000 portable davit cranes are specially designed for clearance, lift height, and ergonomic operation. Our Commander series also offers maximum flexibility with multiple boom lengths and angles to choose from. An optional base extension is available to provide additional hook height without affecting the rating of the crane for our First Mate and Commander Series. Contact us for product suggestions that are customized to your unique requirements, technical specifications, and facility design.[\/vc_column_text][\/vc_tta_section][\/vc_tta_accordion][\/vc_column][vc_column css_animation=&#8221;fadeInRight&#8221; width=&#8221;1\/6&#8243;][vc_single_image image=&#8221;23380&#8243; img_size=&#8221;full&#8221; alignment=&#8221;center&#8221;][\/vc_column][\/vc_row][vc_row full_width=&#8221;stretch_row&#8221; css=&#8221;.vc_custom_1696544493257{padding-top: 35px !important;padding-bottom: 35px !important;}&#8221;][vc_column width=&#8221;1\/6&#8243;][\/vc_column][vc_column css_animation=&#8221;fadeInUp&#8221; width=&#8221;4\/6&#8243;][vc_custom_heading text=&#8221;Siamo qui per aiutare&#8221; font_container=&#8221;tag:h2|text_align:center|color:%230a0a0a&#8221; use_theme_fonts=&#8221;yes&#8221; css=&#8221;.vc_custom_1696543236626{margin-bottom: 0px !important;}&#8221;][vc_column_text]<\/p>\n<p style=\"text-align: center;\">Hai domande? Il personale di vendita e di assistenza amichevole e competente di Thern \u00e8 pronto ad assistervi.<\/p>\n<p>[\/vc_column_text][vc_btn title=&#8221;Contattaci&#8221; style=&#8221;custom&#8221; custom_background=&#8221;#c71a32&#8243; custom_text=&#8221;#ffffff&#8221; shape=&#8221;square&#8221; size=&#8221;lg&#8221; align=&#8221;center&#8221; i_align=&#8221;right&#8221; i_icon_fontawesome=&#8221;fas fa-angle-right&#8221; add_icon=&#8221;true&#8221; link=&#8221;url:%2Fit%2Fcontact%2F|title:Contact&#8221;][\/vc_column][vc_column width=&#8221;1\/6&#8243;][\/vc_column][\/vc_row]<\/p>\n<\/div>","protected":false},"excerpt":{"rendered":"<p>[vc_section full_width=&#8221;stretch_row&#8221; content_placement=&#8221;middle&#8221; css=&#8221;.vc_custom_1692983716171{padding-top: 0px !important;background: #dddddd url(https:\/\/thern.com\/wp-content\/uploads\/2023\/07\/Thern-Inc_About-Hero.jpg?id=343) !important;background-position: center !important;background-repeat: no-repeat !important;background-size: cover !important;}&#8221;][vc_row full_width=&#8221;stretch_row&#8221; css=&#8221;.vc_custom_1692983676181{padding-top: 50px !important;padding-bottom: 70px !important;background-color: rgba(0,0,0,0.5) !important;*background-color: rgb(0,0,0) !important;}&#8221;][vc_column][vc_custom_heading text=&#8221;Montacarichi a pompa&#8221; font_container=&#8221;tag:h1|text_align:left|color:%23ffffff&#8221; use_theme_fonts=&#8221;yes&#8221; css_animation=&#8221;fadeInLeft&#8221;][\/vc_column][\/vc_row][\/vc_section][vc_row full_width=&#8221;stretch_row&#8221; equal_height=&#8221;yes&#8221; css=&#8221;.vc_custom_1692985496191{padding-top: 65px !important;padding-bottom: 35px !important;}&#8221;][vc_column css_animation=&#8221;fadeInLeft&#8221; width=&#8221;1\/2&#8243;][vc_custom_heading text=&#8221;Quale gru \u00e8 la migliore per sollevare la mia pompa per acqua\/acque reflue?&#8221; font_container=&#8221;tag:h4|text_align:left|color:%23900000&#8243; use_theme_fonts=&#8221;yes&#8221;][vc_column_text]La &#8230; <a title=\"Pump Hoists\" class=\"read-more\" href=\"https:\/\/thern.com\/it\/industries\/water-wastewater\/pump-hoists\/\" aria-label=\"More on Pump Hoists\">Read more<\/a><\/p>\n","protected":false},"author":1,"featured_media":0,"parent":32356,"menu_order":0,"comment_status":"closed","ping_status":"closed","template":"","meta":{"footnotes":""},"class_list":["post-31734","page","type-page","status-publish"],"yoast_head":"<!-- This site is optimized with the Yoast SEO plugin v27.4 - https:\/\/yoast.com\/product\/yoast-seo-wordpress\/ -->\n<title>Pompa acqua\/acque reflue | Thern\u00ae Winches &amp; Cranes<\/title>\n<meta name=\"description\" content=\"Quale gru \u00e8 la migliore per sollevare una pompa per l&#039;acqua\/le acque reflue? Una gru con gru perch\u00e9 sono durevoli, facili da usare e possono essere personalizzate per qualsiasi applicazione.\" \/>\n<meta name=\"robots\" content=\"index, follow, max-snippet:-1, max-image-preview:large, max-video-preview:-1\" \/>\n<link rel=\"canonical\" href=\"https:\/\/thern.com\/it\/industries\/water-wastewater\/pump-hoists\/\" \/>\n<meta property=\"og:locale\" content=\"it_IT\" \/>\n<meta property=\"og:type\" content=\"article\" \/>\n<meta property=\"og:title\" content=\"Pompa acqua\/acque reflue | Thern\u00ae Winches &amp; Cranes\" \/>\n<meta property=\"og:description\" content=\"Quale gru \u00e8 la migliore per sollevare una pompa per l&#039;acqua\/le acque reflue? Una gru con gru perch\u00e9 sono durevoli, facili da usare e possono essere personalizzate per qualsiasi applicazione.\" \/>\n<meta property=\"og:url\" content=\"https:\/\/thern.com\/it\/industries\/water-wastewater\/pump-hoists\/\" \/>\n<meta property=\"og:site_name\" content=\"Thern\u00ae Winches &amp; Cranes\" \/>\n<meta property=\"article:publisher\" content=\"https:\/\/www.facebook.com\/ThernInc\/\" \/>\n<meta property=\"article:modified_time\" content=\"2023-10-05T22:21:31+00:00\" \/>\n<meta name=\"twitter:card\" content=\"summary_large_image\" \/>\n<meta name=\"twitter:label1\" content=\"Tempo di lettura stimato\" \/>\n\t<meta name=\"twitter:data1\" content=\"5 minuti\" \/>\n<script type=\"application\/ld+json\" class=\"yoast-schema-graph\">{\"@context\":\"https:\\\/\\\/schema.org\",\"@graph\":[{\"@type\":\"WebPage\",\"@id\":\"https:\\\/\\\/thern.com\\\/it\\\/industries\\\/water-wastewater\\\/pump-hoists\\\/\",\"url\":\"https:\\\/\\\/thern.com\\\/it\\\/industries\\\/water-wastewater\\\/pump-hoists\\\/\",\"name\":\"Pompa acqua\\\/acque reflue | Thern\u00ae Winches &amp; Cranes\",\"isPartOf\":{\"@id\":\"https:\\\/\\\/thern.com\\\/it\\\/#website\"},\"datePublished\":\"2023-08-25T17:17:13+00:00\",\"dateModified\":\"2023-10-05T22:21:31+00:00\",\"description\":\"Quale gru \u00e8 la migliore per sollevare una pompa per l'acqua\\\/le acque reflue? Una gru con gru perch\u00e9 sono durevoli, facili da usare e possono essere personalizzate per qualsiasi applicazione.\",\"breadcrumb\":{\"@id\":\"https:\\\/\\\/thern.com\\\/it\\\/industries\\\/water-wastewater\\\/pump-hoists\\\/#breadcrumb\"},\"inLanguage\":\"it-IT\",\"potentialAction\":[{\"@type\":\"ReadAction\",\"target\":[\"https:\\\/\\\/thern.com\\\/it\\\/industries\\\/water-wastewater\\\/pump-hoists\\\/\"]}]},{\"@type\":\"BreadcrumbList\",\"@id\":\"https:\\\/\\\/thern.com\\\/it\\\/industries\\\/water-wastewater\\\/pump-hoists\\\/#breadcrumb\",\"itemListElement\":[{\"@type\":\"ListItem\",\"position\":1,\"name\":\"Home\",\"item\":\"https:\\\/\\\/thern.com\\\/it\\\/\"},{\"@type\":\"ListItem\",\"position\":2,\"name\":\"Industries\",\"item\":\"https:\\\/\\\/thern.com\\\/it\\\/industries\\\/\"},{\"@type\":\"ListItem\",\"position\":3,\"name\":\"Water Wastewater\",\"item\":\"https:\\\/\\\/thern.com\\\/it\\\/industries\\\/water-wastewater\\\/\"},{\"@type\":\"ListItem\",\"position\":4,\"name\":\"Pump Hoists\"}]},{\"@type\":\"WebSite\",\"@id\":\"https:\\\/\\\/thern.com\\\/it\\\/#website\",\"url\":\"https:\\\/\\\/thern.com\\\/it\\\/\",\"name\":\"Thern\u00ae Winches &amp; Cranes\",\"description\":\"Leave the Heavy Lifting to Us\",\"publisher\":{\"@id\":\"https:\\\/\\\/thern.com\\\/it\\\/#organization\"},\"potentialAction\":[{\"@type\":\"SearchAction\",\"target\":{\"@type\":\"EntryPoint\",\"urlTemplate\":\"https:\\\/\\\/thern.com\\\/it\\\/?s={search_term_string}\"},\"query-input\":{\"@type\":\"PropertyValueSpecification\",\"valueRequired\":true,\"valueName\":\"search_term_string\"}}],\"inLanguage\":\"it-IT\"},{\"@type\":\"Organization\",\"@id\":\"https:\\\/\\\/thern.com\\\/it\\\/#organization\",\"name\":\"Thern\u00ae Winches &amp; Cranes\",\"url\":\"https:\\\/\\\/thern.com\\\/it\\\/\",\"logo\":{\"@type\":\"ImageObject\",\"inLanguage\":\"it-IT\",\"@id\":\"https:\\\/\\\/thern.com\\\/it\\\/#\\\/schema\\\/logo\\\/image\\\/\",\"url\":\"https:\\\/\\\/thern.com\\\/wp-content\\\/uploads\\\/2023\\\/11\\\/Logo_SaveForWeb-outline-FINAL-01.svg\",\"contentUrl\":\"https:\\\/\\\/thern.com\\\/wp-content\\\/uploads\\\/2023\\\/11\\\/Logo_SaveForWeb-outline-FINAL-01.svg\",\"caption\":\"Thern\u00ae Winches &amp; Cranes\"},\"image\":{\"@id\":\"https:\\\/\\\/thern.com\\\/it\\\/#\\\/schema\\\/logo\\\/image\\\/\"},\"sameAs\":[\"https:\\\/\\\/www.facebook.com\\\/ThernInc\\\/\",\"https:\\\/\\\/www.linkedin.com\\\/company\\\/thern-inc-\\\/\",\"https:\\\/\\\/www.youtube.com\\\/user\\\/ThernStage\"]}]}<\/script>\n<!-- \/ Yoast SEO plugin. -->","yoast_head_json":{"title":"Pompa acqua\/acque reflue | Thern\u00ae Winches &amp; Cranes","description":"Quale gru \u00e8 la migliore per sollevare una pompa per l'acqua\/le acque reflue? Una gru con gru perch\u00e9 sono durevoli, facili da usare e possono essere personalizzate per qualsiasi applicazione.","robots":{"index":"index","follow":"follow","max-snippet":"max-snippet:-1","max-image-preview":"max-image-preview:large","max-video-preview":"max-video-preview:-1"},"canonical":"https:\/\/thern.com\/it\/industries\/water-wastewater\/pump-hoists\/","og_locale":"it_IT","og_type":"article","og_title":"Pompa acqua\/acque reflue | Thern\u00ae Winches &amp; Cranes","og_description":"Quale gru \u00e8 la migliore per sollevare una pompa per l'acqua\/le acque reflue? Una gru con gru perch\u00e9 sono durevoli, facili da usare e possono essere personalizzate per qualsiasi applicazione.","og_url":"https:\/\/thern.com\/it\/industries\/water-wastewater\/pump-hoists\/","og_site_name":"Thern\u00ae Winches &amp; Cranes","article_publisher":"https:\/\/www.facebook.com\/ThernInc\/","article_modified_time":"2023-10-05T22:21:31+00:00","twitter_card":"summary_large_image","twitter_misc":{"Tempo di lettura stimato":"5 minuti"},"schema":{"@context":"https:\/\/schema.org","@graph":[{"@type":"WebPage","@id":"https:\/\/thern.com\/it\/industries\/water-wastewater\/pump-hoists\/","url":"https:\/\/thern.com\/it\/industries\/water-wastewater\/pump-hoists\/","name":"Pompa acqua\/acque reflue | Thern\u00ae Winches &amp; Cranes","isPartOf":{"@id":"https:\/\/thern.com\/it\/#website"},"datePublished":"2023-08-25T17:17:13+00:00","dateModified":"2023-10-05T22:21:31+00:00","description":"Quale gru \u00e8 la migliore per sollevare una pompa per l'acqua\/le acque reflue? Una gru con gru perch\u00e9 sono durevoli, facili da usare e possono essere personalizzate per qualsiasi applicazione.","breadcrumb":{"@id":"https:\/\/thern.com\/it\/industries\/water-wastewater\/pump-hoists\/#breadcrumb"},"inLanguage":"it-IT","potentialAction":[{"@type":"ReadAction","target":["https:\/\/thern.com\/it\/industries\/water-wastewater\/pump-hoists\/"]}]},{"@type":"BreadcrumbList","@id":"https:\/\/thern.com\/it\/industries\/water-wastewater\/pump-hoists\/#breadcrumb","itemListElement":[{"@type":"ListItem","position":1,"name":"Home","item":"https:\/\/thern.com\/it\/"},{"@type":"ListItem","position":2,"name":"Industries","item":"https:\/\/thern.com\/it\/industries\/"},{"@type":"ListItem","position":3,"name":"Water Wastewater","item":"https:\/\/thern.com\/it\/industries\/water-wastewater\/"},{"@type":"ListItem","position":4,"name":"Pump Hoists"}]},{"@type":"WebSite","@id":"https:\/\/thern.com\/it\/#website","url":"https:\/\/thern.com\/it\/","name":"Thern\u00ae Winches &amp; Cranes","description":"Leave the Heavy Lifting to Us","publisher":{"@id":"https:\/\/thern.com\/it\/#organization"},"potentialAction":[{"@type":"SearchAction","target":{"@type":"EntryPoint","urlTemplate":"https:\/\/thern.com\/it\/?s={search_term_string}"},"query-input":{"@type":"PropertyValueSpecification","valueRequired":true,"valueName":"search_term_string"}}],"inLanguage":"it-IT"},{"@type":"Organization","@id":"https:\/\/thern.com\/it\/#organization","name":"Thern\u00ae Winches &amp; Cranes","url":"https:\/\/thern.com\/it\/","logo":{"@type":"ImageObject","inLanguage":"it-IT","@id":"https:\/\/thern.com\/it\/#\/schema\/logo\/image\/","url":"https:\/\/thern.com\/wp-content\/uploads\/2023\/11\/Logo_SaveForWeb-outline-FINAL-01.svg","contentUrl":"https:\/\/thern.com\/wp-content\/uploads\/2023\/11\/Logo_SaveForWeb-outline-FINAL-01.svg","caption":"Thern\u00ae Winches &amp; Cranes"},"image":{"@id":"https:\/\/thern.com\/it\/#\/schema\/logo\/image\/"},"sameAs":["https:\/\/www.facebook.com\/ThernInc\/","https:\/\/www.linkedin.com\/company\/thern-inc-\/","https:\/\/www.youtube.com\/user\/ThernStage"]}]}},"_links":{"self":[{"href":"https:\/\/thern.com\/it\/wp-json\/wp\/v2\/pages\/31734","targetHints":{"allow":["GET"]}}],"collection":[{"href":"https:\/\/thern.com\/it\/wp-json\/wp\/v2\/pages"}],"about":[{"href":"https:\/\/thern.com\/it\/wp-json\/wp\/v2\/types\/page"}],"author":[{"embeddable":true,"href":"https:\/\/thern.com\/it\/wp-json\/wp\/v2\/users\/1"}],"replies":[{"embeddable":true,"href":"https:\/\/thern.com\/it\/wp-json\/wp\/v2\/comments?post=31734"}],"version-history":[{"count":0,"href":"https:\/\/thern.com\/it\/wp-json\/wp\/v2\/pages\/31734\/revisions"}],"up":[{"embeddable":true,"href":"https:\/\/thern.com\/it\/wp-json\/wp\/v2\/pages\/32356"}],"wp:attachment":[{"href":"https:\/\/thern.com\/it\/wp-json\/wp\/v2\/media?parent=31734"}],"curies":[{"name":"wp","href":"https:\/\/api.w.org\/{rel}","templated":true}]}}