{"id":31100,"date":"2023-08-22T14:56:42","date_gmt":"2023-08-22T14:56:42","guid":{"rendered":"https:\/\/therninc.wpenginepowered.com\/capstan-winch\/"},"modified":"2023-10-03T19:09:01","modified_gmt":"2023-10-03T19:09:01","slug":"capstan-winch","status":"publish","type":"page","link":"https:\/\/thern.com\/it\/winches\/portable-electric-winches\/capstan-winch\/","title":{"rendered":"Capstan Winch"},"content":{"rendered":"<div class=\"wpb-content-wrapper\"><p>[vc_section full_width=&#8221;stretch_row&#8221; full_height=&#8221;yes&#8221; content_placement=&#8221;bottom&#8221; video_bg=&#8221;yes&#8221; video_bg_url=&#8221;https:\/\/www.youtube.com\/watch?v=hHLPI_wtZ3w&#8221; css=&#8221;.vc_custom_1695830183207{padding-top: 0px !important;background-color: #000000 !important;background-position: center !important;background-repeat: no-repeat !important;background-size: cover !important;}&#8221;][vc_row full_width=&#8221;stretch_row&#8221; css=&#8221;.vc_custom_1691686038929{padding-top: 50px !important;padding-bottom: 70px !important;background-color: rgba(0,0,0,0.35) !important;*background-color: rgb(0,0,0) !important;}&#8221;][vc_column][vc_custom_heading text=&#8221;Liberty<sup>\u00ae<\/sup> Serie&#8221; font_container=&#8221;tag:h1|text_align:left|color:%23ffffff&#8221; use_theme_fonts=&#8221;yes&#8221; css_animation=&#8221;fadeInLeft&#8221;][\/vc_column][\/vc_row][\/vc_section][vc_row full_width=&#8221;stretch_row&#8221; css=&#8221;.vc_custom_1692039753206{padding-top: 65px !important;padding-bottom: 35px !important;}&#8221;][vc_column css_animation=&#8221;fadeInLeft&#8221; width=&#8221;1\/2&#8243;][vc_column_text]<\/p>\n<h4>VERRICELLO PORTATILE CON BASE GIREVOLE<\/h4>\n<p>L&#8217;argano a cabestano Thern Liberty\u00ae Series con base girevole integrata offre robustezza portatile per sollevare, tirare e tensionare praticamente a qualsiasi angolazione. Ancora pi\u00f9 importante, il funzionamento silenzioso migliora la comunicazione del team per una maggiore produttivit\u00e0. Tra gli altri usi, \u00e8 perfetto per progetti di costruzione di vani ascensore e torri cellulari. La finitura verniciata a polvere e i componenti resistenti alla corrosione garantiscono un funzionamento affidabile per molti anni.[\/vc_column_text][vc_custom_heading text=&#8221;I fatti in breve&#8221; font_container=&#8221;tag:h4|text_align:left|color:%23000000&#8243; use_theme_fonts=&#8221;yes&#8221;][vc_column_text]<\/p>\n<ul>\n<li>Capacit\u00e0 fino a 2.000 libbre (900 kg)<\/li>\n<li>Funzionamento silenzioso<\/li>\n<li>Ciclo di lavoro esteso<\/li>\n<li>Estremamente portatile<\/li>\n<li>Funzionalit\u00e0 di sicurezza migliorate<\/li>\n<li>Produttivit\u00e0 incrementata<\/li>\n<li>Senza manutenzione<\/li>\n<li>Garanzia leader del settore<\/li>\n<\/ul>\n<p>[\/vc_column_text][vc_custom_heading text=&#8221;Modelli di serie&#8221; font_container=&#8221;tag:h4|text_align:left|color:%23000000&#8243; use_theme_fonts=&#8221;yes&#8221;][vc_column_text]<\/p>\n<ul>\n<li>3CP1S-AFS<\/li>\n<li>3CP1M-AFS<\/li>\n<li>3CP2S-AFS<\/li>\n<\/ul>\n<p>[\/vc_column_text][vc_custom_heading text=&#8221;Hai bisogno di un preventivo?&#8221; font_container=&#8221;tag:h4|text_align:left|color:%23000000&#8243; use_theme_fonts=&#8221;yes&#8221;][vc_column_text]Se non sei sicuro del prodotto di cui hai bisogno e desideri un preventivo, compila il modulo di richiesta.[\/vc_column_text][vc_btn title=&#8221;Ottieni un preventivo&#8221; style=&#8221;custom&#8221; custom_background=&#8221;#c71a32&#8243; custom_text=&#8221;#ffffff&#8221; shape=&#8221;square&#8221; size=&#8221;lg&#8221; align=&#8221;left&#8221; i_align=&#8221;right&#8221; i_icon_fontawesome=&#8221;fas fa-angle-right&#8221; add_icon=&#8221;true&#8221; link=&#8221;url:%2Fit%2Fcontact%2F%3Fquery_type%3Dwinch-inquiry|title:Crane%20Inquiry&#8221;][\/vc_column][vc_column css_animation=&#8221;fadeInRight&#8221; width=&#8221;1\/2&#8243;][vc_single_image image=&#8221;23005&#8243; img_size=&#8221;full&#8221; alignment=&#8221;center&#8221;][vc_row_inner][vc_column_inner width=&#8221;1\/4&#8243;][vc_single_image image=&#8221;22667&#8243; img_size=&#8221;full&#8221; el_class=&#8221;iso-img&#8221;][\/vc_column_inner][vc_column_inner width=&#8221;3\/4&#8243;][vc_column_text]<em><b>Capstan Winch <\/b>\u2014 3CP1S-AFS \/ 3CP1M-AFS (Supporto girevole\/Supporto fisso).<\/em>[\/vc_column_text][\/vc_column_inner][\/vc_row_inner][\/vc_column][\/vc_row][vc_row css_animation=&#8221;fadeInUp&#8221;][vc_column][vc_separator border_width=&#8221;2&#8243;][\/vc_column][\/vc_row][vc_row css_animation=&#8221;fadeInUp&#8221; css=&#8221;.vc_custom_1695051560180{padding-top: 35px !important;padding-bottom: 35px !important;}&#8221;][vc_column][vc_tta_tabs section_title_tag=&#8221;p&#8221; shape=&#8221;square&#8221; color=&#8221;white&#8221; spacing=&#8221;3&#8243; active_section=&#8221;1&#8243; el_class=&#8221;product-table&#8221;][vc_tta_section title=&#8221;Features&#8221; tab_id=&#8221;1692207850226-d4d67dc2-b36d&#8221;][vc_raw_html]JTVCc3BfZWFzeWFjY29yZGlvbiUyMGlkJTNEJTIyMjMwMDYlMjIlNUQ=[\/vc_raw_html][\/vc_tta_section][vc_tta_section title=&#8221;Performance Specs&#8221; tab_id=&#8221;1692039789431-ca69a18a-2782&#8243;][vc_single_image image=&#8221;23739&#8243; img_size=&#8221;full&#8221; alignment=&#8221;center&#8221; onclick=&#8221;img_link_large&#8221;][\/vc_tta_section][vc_tta_section title=&#8221;Accessories\/Options&#8221; tab_id=&#8221;1692039948045-056967c6-6c73&#8243;][vc_raw_html]JTVCc3BfZWFzeWFjY29yZGlvbiUyMGlkJTNEJTIyMjMwMDglMjIlNUQ=[\/vc_raw_html][\/vc_tta_section][vc_tta_section title=&#8221;Dimensions&#8221; tab_id=&#8221;1692039955917-a587e6bc-620b&#8221;][vc_single_image image=&#8221;23738&#8243; img_size=&#8221;full&#8221; alignment=&#8221;center&#8221; onclick=&#8221;img_link_large&#8221;][vc_single_image image=&#8221;23737&#8243; img_size=&#8221;full&#8221; alignment=&#8221;center&#8221; onclick=&#8221;img_link_large&#8221;][\/vc_tta_section][vc_tta_section title=&#8221;Resources&#8221; tab_id=&#8221;1692039964442-bee59ceb-d9fb&#8221;][vc_column_text]<\/p>\n<h4>Owner&#8217;s Manual<\/h4>\n<p><a href=\"\/wp-content\/uploads\/2023\/08\/A21392-E-1122_3CP-Liberty-Series-Capstan-Winches.pdf\" target=\"_blank\" rel=\"noopener\">3CP Liberty Series Capstan Winches (A21392-E-1122)<\/a><\/p>\n<h4>Product Sheet<\/h4>\n<p><a href=\"\/wp-content\/uploads\/2023\/08\/Liberty-Capstan-Product-Sheet_PS3CP-B-0922.pdf\" target=\"_blank\" rel=\"noopener\">Liberty Capstan Product Sheet (PS3CP-B-0922)<\/a><\/p>\n<h4>At A Glance<\/h4>\n<p><a href=\"\/wp-content\/uploads\/2023\/08\/Thern-Winches-at-a-Glance_WAAG-A-0221.pdf\" target=\"_blank\" rel=\"noopener\">Thern Winches At A Glance<\/a><\/p>\n<h4>Industrial Brochure<\/h4>\n<p><a href=\"\/wp-content\/uploads\/2023\/08\/Thern-Industrial-Brochure_BRIN-A-0221.pdf\" target=\"_blank\" rel=\"noopener\">Thern Industrial Brochure (BRIN-A-0221)<\/a>[\/vc_column_text][\/vc_tta_section][\/vc_tta_tabs][\/vc_column][\/vc_row][vc_row full_width=&#8221;stretch_row&#8221; css=&#8221;.vc_custom_1692043286515{padding-top: 35px !important;padding-bottom: 65px !important;background-color: #ececec !important;}&#8221; el_class=&#8221;frequently-paired-with&#8221;][vc_column][vc_custom_heading text=&#8221;Spesso abbinato a&#8221; font_container=&#8221;tag:h2|text_align:center|color:%23000000&#8243; use_theme_fonts=&#8221;yes&#8221; css_animation=&#8221;fadeInUp&#8221; css=&#8221;.vc_custom_1696347531488{padding-bottom: 35px !important;}&#8221;][\/vc_column][vc_column css_animation=&#8221;fadeInUp&#8221; width=&#8221;1\/3&#8243;][vc_single_image image=&#8221;22695&#8243; img_size=&#8221;full&#8221; alignment=&#8221;center&#8221; onclick=&#8221;custom_link&#8221; link=&#8221;\/it\/custom-engineering-services\/&#8221;][vc_custom_heading text=&#8221;Gru e argani personalizzati&#8221; font_container=&#8221;tag:h4|text_align:center|color:%23000000&#8243; use_theme_fonts=&#8221;yes&#8221;][\/vc_column][vc_column css_animation=&#8221;fadeInUp&#8221; width=&#8221;1\/3&#8243;][vc_single_image image=&#8221;22696&#8243; img_size=&#8221;full&#8221; alignment=&#8221;center&#8221; onclick=&#8221;custom_link&#8221; link=&#8221;\/it\/winches\/electric-controls\/&#8221;][vc_custom_heading text=&#8221;Controlli elettrici&#8221; font_container=&#8221;tag:h4|text_align:center|color:%23000000&#8243; use_theme_fonts=&#8221;yes&#8221;][\/vc_column][vc_column css_animation=&#8221;fadeInUp&#8221; width=&#8221;1\/3&#8243;][vc_single_image image=&#8221;22697&#8243; img_size=&#8221;full&#8221; alignment=&#8221;center&#8221; onclick=&#8221;custom_link&#8221; link=&#8221;\/it\/ropes-and-rigging\/&#8221;][vc_custom_heading text=&#8221;Assemblaggi di funi metalliche&#8221; font_container=&#8221;tag:h4|text_align:center|color:%23000000&#8243; use_theme_fonts=&#8221;yes&#8221;][\/vc_column][\/vc_row]<\/p>\n<\/div>","protected":false},"excerpt":{"rendered":"<p>[vc_section full_width=&#8221;stretch_row&#8221; full_height=&#8221;yes&#8221; content_placement=&#8221;bottom&#8221; video_bg=&#8221;yes&#8221; video_bg_url=&#8221;https:\/\/www.youtube.com\/watch?v=hHLPI_wtZ3w&#8221; css=&#8221;.vc_custom_1695830183207{padding-top: 0px !important;background-color: #000000 !important;background-position: center !important;background-repeat: no-repeat !important;background-size: cover !important;}&#8221;][vc_row full_width=&#8221;stretch_row&#8221; css=&#8221;.vc_custom_1691686038929{padding-top: 50px !important;padding-bottom: 70px !important;background-color: rgba(0,0,0,0.35) !important;*background-color: rgb(0,0,0) !important;}&#8221;][vc_column][vc_custom_heading text=&#8221;Liberty\u00ae Serie&#8221; font_container=&#8221;tag:h1|text_align:left|color:%23ffffff&#8221; use_theme_fonts=&#8221;yes&#8221; css_animation=&#8221;fadeInLeft&#8221;][\/vc_column][\/vc_row][\/vc_section][vc_row full_width=&#8221;stretch_row&#8221; css=&#8221;.vc_custom_1692039753206{padding-top: 65px !important;padding-bottom: 35px !important;}&#8221;][vc_column css_animation=&#8221;fadeInLeft&#8221; width=&#8221;1\/2&#8243;][vc_column_text] VERRICELLO PORTATILE CON BASE GIREVOLE L&#8217;argano a cabestano Thern Liberty\u00ae Series con base girevole integrata &#8230; <a title=\"Capstan Winch\" class=\"read-more\" href=\"https:\/\/thern.com\/it\/winches\/portable-electric-winches\/capstan-winch\/\" aria-label=\"More on Capstan Winch\">Read more<\/a><\/p>\n","protected":false},"author":1,"featured_media":0,"parent":32296,"menu_order":0,"comment_status":"closed","ping_status":"closed","template":"","meta":{"footnotes":""},"class_list":["post-31100","page","type-page","status-publish"],"yoast_head":"<!-- This site is optimized with the Yoast SEO plugin v27.3 - https:\/\/yoast.com\/product\/yoast-seo-wordpress\/ -->\n<title>Serie Liberty: forza e prestazioni portatili | Thern\u00ae Winches &amp; Cranes<\/title>\n<meta name=\"description\" content=\"L&#039;argano a cabestano della serie Thern Liberty offre robustezza e prestazioni portatili. Ancora pi\u00f9 importante, funzionamento silenzioso per una maggiore produttivit\u00e0.\" \/>\n<meta name=\"robots\" content=\"index, follow, max-snippet:-1, max-image-preview:large, max-video-preview:-1\" \/>\n<link rel=\"canonical\" href=\"https:\/\/thern.com\/it\/winches\/portable-electric-winches\/capstan-winch\/\" \/>\n<meta property=\"og:locale\" content=\"it_IT\" \/>\n<meta property=\"og:type\" content=\"article\" \/>\n<meta property=\"og:title\" content=\"Serie Liberty: forza e prestazioni portatili | Thern\u00ae Winches &amp; Cranes\" \/>\n<meta property=\"og:description\" content=\"L&#039;argano a cabestano della serie Thern Liberty offre robustezza e prestazioni portatili. Ancora pi\u00f9 importante, funzionamento silenzioso per una maggiore produttivit\u00e0.\" \/>\n<meta property=\"og:url\" content=\"https:\/\/thern.com\/it\/winches\/portable-electric-winches\/capstan-winch\/\" \/>\n<meta property=\"og:site_name\" content=\"Thern\u00ae Winches &amp; Cranes\" \/>\n<meta property=\"article:publisher\" content=\"https:\/\/www.facebook.com\/ThernInc\/\" \/>\n<meta property=\"article:modified_time\" content=\"2023-10-03T19:09:01+00:00\" \/>\n<meta name=\"twitter:card\" content=\"summary_large_image\" \/>\n<meta name=\"twitter:label1\" content=\"Tempo di lettura stimato\" \/>\n\t<meta name=\"twitter:data1\" content=\"2 minuti\" \/>\n<script type=\"application\/ld+json\" class=\"yoast-schema-graph\">{\"@context\":\"https:\\\/\\\/schema.org\",\"@graph\":[{\"@type\":\"WebPage\",\"@id\":\"https:\\\/\\\/thern.com\\\/it\\\/winches\\\/portable-electric-winches\\\/capstan-winch\\\/\",\"url\":\"https:\\\/\\\/thern.com\\\/it\\\/winches\\\/portable-electric-winches\\\/capstan-winch\\\/\",\"name\":\"Serie Liberty: forza e prestazioni portatili | Thern\u00ae Winches &amp; Cranes\",\"isPartOf\":{\"@id\":\"https:\\\/\\\/thern.com\\\/it\\\/#website\"},\"datePublished\":\"2023-08-22T14:56:42+00:00\",\"dateModified\":\"2023-10-03T19:09:01+00:00\",\"description\":\"L'argano a cabestano della serie Thern Liberty offre robustezza e prestazioni portatili. Ancora pi\u00f9 importante, funzionamento silenzioso per una maggiore produttivit\u00e0.\",\"breadcrumb\":{\"@id\":\"https:\\\/\\\/thern.com\\\/it\\\/winches\\\/portable-electric-winches\\\/capstan-winch\\\/#breadcrumb\"},\"inLanguage\":\"it-IT\",\"potentialAction\":[{\"@type\":\"ReadAction\",\"target\":[\"https:\\\/\\\/thern.com\\\/it\\\/winches\\\/portable-electric-winches\\\/capstan-winch\\\/\"]}]},{\"@type\":\"BreadcrumbList\",\"@id\":\"https:\\\/\\\/thern.com\\\/it\\\/winches\\\/portable-electric-winches\\\/capstan-winch\\\/#breadcrumb\",\"itemListElement\":[{\"@type\":\"ListItem\",\"position\":1,\"name\":\"Home\",\"item\":\"https:\\\/\\\/thern.com\\\/it\\\/\"},{\"@type\":\"ListItem\",\"position\":2,\"name\":\"Winches\",\"item\":\"https:\\\/\\\/thern.com\\\/it\\\/winches\\\/\"},{\"@type\":\"ListItem\",\"position\":3,\"name\":\"Portable Electric Winches\",\"item\":\"https:\\\/\\\/thern.com\\\/it\\\/winches\\\/portable-electric-winches\\\/\"},{\"@type\":\"ListItem\",\"position\":4,\"name\":\"Capstan Winch\"}]},{\"@type\":\"WebSite\",\"@id\":\"https:\\\/\\\/thern.com\\\/it\\\/#website\",\"url\":\"https:\\\/\\\/thern.com\\\/it\\\/\",\"name\":\"Thern\u00ae Winches &amp; Cranes\",\"description\":\"Leave the Heavy Lifting to Us\",\"publisher\":{\"@id\":\"https:\\\/\\\/thern.com\\\/it\\\/#organization\"},\"potentialAction\":[{\"@type\":\"SearchAction\",\"target\":{\"@type\":\"EntryPoint\",\"urlTemplate\":\"https:\\\/\\\/thern.com\\\/it\\\/?s={search_term_string}\"},\"query-input\":{\"@type\":\"PropertyValueSpecification\",\"valueRequired\":true,\"valueName\":\"search_term_string\"}}],\"inLanguage\":\"it-IT\"},{\"@type\":\"Organization\",\"@id\":\"https:\\\/\\\/thern.com\\\/it\\\/#organization\",\"name\":\"Thern\u00ae Winches &amp; Cranes\",\"url\":\"https:\\\/\\\/thern.com\\\/it\\\/\",\"logo\":{\"@type\":\"ImageObject\",\"inLanguage\":\"it-IT\",\"@id\":\"https:\\\/\\\/thern.com\\\/it\\\/#\\\/schema\\\/logo\\\/image\\\/\",\"url\":\"https:\\\/\\\/thern.com\\\/wp-content\\\/uploads\\\/2023\\\/11\\\/Logo_SaveForWeb-outline-FINAL-01.svg\",\"contentUrl\":\"https:\\\/\\\/thern.com\\\/wp-content\\\/uploads\\\/2023\\\/11\\\/Logo_SaveForWeb-outline-FINAL-01.svg\",\"caption\":\"Thern\u00ae Winches &amp; Cranes\"},\"image\":{\"@id\":\"https:\\\/\\\/thern.com\\\/it\\\/#\\\/schema\\\/logo\\\/image\\\/\"},\"sameAs\":[\"https:\\\/\\\/www.facebook.com\\\/ThernInc\\\/\",\"https:\\\/\\\/www.linkedin.com\\\/company\\\/thern-inc-\\\/\",\"https:\\\/\\\/www.youtube.com\\\/user\\\/ThernStage\"]}]}<\/script>\n<!-- \/ Yoast SEO plugin. -->","yoast_head_json":{"title":"Serie Liberty: forza e prestazioni portatili | Thern\u00ae Winches &amp; Cranes","description":"L'argano a cabestano della serie Thern Liberty offre robustezza e prestazioni portatili. Ancora pi\u00f9 importante, funzionamento silenzioso per una maggiore produttivit\u00e0.","robots":{"index":"index","follow":"follow","max-snippet":"max-snippet:-1","max-image-preview":"max-image-preview:large","max-video-preview":"max-video-preview:-1"},"canonical":"https:\/\/thern.com\/it\/winches\/portable-electric-winches\/capstan-winch\/","og_locale":"it_IT","og_type":"article","og_title":"Serie Liberty: forza e prestazioni portatili | Thern\u00ae Winches &amp; Cranes","og_description":"L'argano a cabestano della serie Thern Liberty offre robustezza e prestazioni portatili. Ancora pi\u00f9 importante, funzionamento silenzioso per una maggiore produttivit\u00e0.","og_url":"https:\/\/thern.com\/it\/winches\/portable-electric-winches\/capstan-winch\/","og_site_name":"Thern\u00ae Winches &amp; Cranes","article_publisher":"https:\/\/www.facebook.com\/ThernInc\/","article_modified_time":"2023-10-03T19:09:01+00:00","twitter_card":"summary_large_image","twitter_misc":{"Tempo di lettura stimato":"2 minuti"},"schema":{"@context":"https:\/\/schema.org","@graph":[{"@type":"WebPage","@id":"https:\/\/thern.com\/it\/winches\/portable-electric-winches\/capstan-winch\/","url":"https:\/\/thern.com\/it\/winches\/portable-electric-winches\/capstan-winch\/","name":"Serie Liberty: forza e prestazioni portatili | Thern\u00ae Winches &amp; Cranes","isPartOf":{"@id":"https:\/\/thern.com\/it\/#website"},"datePublished":"2023-08-22T14:56:42+00:00","dateModified":"2023-10-03T19:09:01+00:00","description":"L'argano a cabestano della serie Thern Liberty offre robustezza e prestazioni portatili. Ancora pi\u00f9 importante, funzionamento silenzioso per una maggiore produttivit\u00e0.","breadcrumb":{"@id":"https:\/\/thern.com\/it\/winches\/portable-electric-winches\/capstan-winch\/#breadcrumb"},"inLanguage":"it-IT","potentialAction":[{"@type":"ReadAction","target":["https:\/\/thern.com\/it\/winches\/portable-electric-winches\/capstan-winch\/"]}]},{"@type":"BreadcrumbList","@id":"https:\/\/thern.com\/it\/winches\/portable-electric-winches\/capstan-winch\/#breadcrumb","itemListElement":[{"@type":"ListItem","position":1,"name":"Home","item":"https:\/\/thern.com\/it\/"},{"@type":"ListItem","position":2,"name":"Winches","item":"https:\/\/thern.com\/it\/winches\/"},{"@type":"ListItem","position":3,"name":"Portable Electric Winches","item":"https:\/\/thern.com\/it\/winches\/portable-electric-winches\/"},{"@type":"ListItem","position":4,"name":"Capstan Winch"}]},{"@type":"WebSite","@id":"https:\/\/thern.com\/it\/#website","url":"https:\/\/thern.com\/it\/","name":"Thern\u00ae Winches &amp; Cranes","description":"Leave the Heavy Lifting to Us","publisher":{"@id":"https:\/\/thern.com\/it\/#organization"},"potentialAction":[{"@type":"SearchAction","target":{"@type":"EntryPoint","urlTemplate":"https:\/\/thern.com\/it\/?s={search_term_string}"},"query-input":{"@type":"PropertyValueSpecification","valueRequired":true,"valueName":"search_term_string"}}],"inLanguage":"it-IT"},{"@type":"Organization","@id":"https:\/\/thern.com\/it\/#organization","name":"Thern\u00ae Winches &amp; Cranes","url":"https:\/\/thern.com\/it\/","logo":{"@type":"ImageObject","inLanguage":"it-IT","@id":"https:\/\/thern.com\/it\/#\/schema\/logo\/image\/","url":"https:\/\/thern.com\/wp-content\/uploads\/2023\/11\/Logo_SaveForWeb-outline-FINAL-01.svg","contentUrl":"https:\/\/thern.com\/wp-content\/uploads\/2023\/11\/Logo_SaveForWeb-outline-FINAL-01.svg","caption":"Thern\u00ae Winches &amp; Cranes"},"image":{"@id":"https:\/\/thern.com\/it\/#\/schema\/logo\/image\/"},"sameAs":["https:\/\/www.facebook.com\/ThernInc\/","https:\/\/www.linkedin.com\/company\/thern-inc-\/","https:\/\/www.youtube.com\/user\/ThernStage"]}]}},"_links":{"self":[{"href":"https:\/\/thern.com\/it\/wp-json\/wp\/v2\/pages\/31100","targetHints":{"allow":["GET"]}}],"collection":[{"href":"https:\/\/thern.com\/it\/wp-json\/wp\/v2\/pages"}],"about":[{"href":"https:\/\/thern.com\/it\/wp-json\/wp\/v2\/types\/page"}],"author":[{"embeddable":true,"href":"https:\/\/thern.com\/it\/wp-json\/wp\/v2\/users\/1"}],"replies":[{"embeddable":true,"href":"https:\/\/thern.com\/it\/wp-json\/wp\/v2\/comments?post=31100"}],"version-history":[{"count":0,"href":"https:\/\/thern.com\/it\/wp-json\/wp\/v2\/pages\/31100\/revisions"}],"up":[{"embeddable":true,"href":"https:\/\/thern.com\/it\/wp-json\/wp\/v2\/pages\/32296"}],"wp:attachment":[{"href":"https:\/\/thern.com\/it\/wp-json\/wp\/v2\/media?parent=31100"}],"curies":[{"name":"wp","href":"https:\/\/api.w.org\/{rel}","templated":true}]}}