{"id":30643,"date":"2023-07-27T19:52:30","date_gmt":"2023-07-27T19:52:30","guid":{"rendered":"https:\/\/therninc.wpenginepowered.com\/thern-advantage\/"},"modified":"2023-09-27T01:02:44","modified_gmt":"2023-09-27T01:02:44","slug":"thern-advantage","status":"publish","type":"page","link":"https:\/\/thern.com\/it\/thern-advantage\/","title":{"rendered":"Thern Advantage"},"content":{"rendered":"<div class=\"wpb-content-wrapper\"><p>[vc_section full_width=&#8221;stretch_row&#8221; full_height=&#8221;yes&#8221; content_placement=&#8221;bottom&#8221; css=&#8221;.vc_custom_1690487607663{background-image: url(https:\/\/thern.com\/wp-content\/uploads\/2023\/07\/Thern-Inc-Thern-Advantage-Hero.jpg?id=559) !important;background-position: center !important;background-repeat: no-repeat !important;background-size: cover !important;}&#8221;][vc_row full_width=&#8221;stretch_row&#8221; css=&#8221;.vc_custom_1690487583285{padding-bottom: 95px !important;background-color: rgba(0,0,0,0.5) !important;*background-color: rgb(0,0,0) !important;}&#8221;][vc_column][vc_custom_heading text=&#8221;Thern<br \/>\nAdvantage&#8221; font_container=&#8221;tag:h1|text_align:left|color:%23ffffff&#8221; use_theme_fonts=&#8221;yes&#8221; css_animation=&#8221;fadeInLeft&#8221;][\/vc_column][\/vc_row][\/vc_section][vc_row full_width=&#8221;stretch_row&#8221; equal_height=&#8221;yes&#8221; content_placement=&#8221;middle&#8221; css=&#8221;.vc_custom_1689180629506{padding-bottom: 35px !important;background-color: #c71a32 !important;}&#8221;][vc_column css_animation=&#8221;fadeInLeft&#8221; width=&#8221;2\/3&#8243;][vc_custom_heading text=&#8221;La qualit\u00e0 eccezionale \u00e8 in tutto ci\u00f2 che facciamo&#8221; font_container=&#8221;tag:h2|text_align:left|color:%23ffffff&#8221; use_theme_fonts=&#8221;yes&#8221;][\/vc_column][vc_column width=&#8221;1\/3&#8243;][\/vc_column][\/vc_row][vc_section full_width=&#8221;stretch_row&#8221; full_height=&#8221;yes&#8221; content_placement=&#8221;middle&#8221; css=&#8221;.vc_custom_1694708355422{background-image: url(https:\/\/thern.com\/wp-content\/uploads\/2023\/07\/Asset-1-1.png?id=566) !important;background-position: center !important;background-repeat: no-repeat !important;background-size: cover !important;}&#8221; el_class=&#8221;map-container&#8221;][vc_row content_placement=&#8221;middle&#8221;][vc_column css_animation=&#8221;fadeInLeft&#8221; width=&#8221;1\/2&#8243;][vc_single_image image=&#8221;567&#8243; img_size=&#8221;full&#8221; alignment=&#8221;center&#8221;][\/vc_column][vc_column css_animation=&#8221;fadeInRight&#8221; width=&#8221;1\/2&#8243; el_class=&#8221;map-content&#8221;][vc_column_text]<\/p>\n<p style=\"text-align: left;\">Qualsiasi produttore pu\u00f2 dire di costruire una gru o un argano migliore, ma noi sosteniamo questa affermazione con una solida reputazione di prodotti affidabili scelti pi\u00f9 e pi\u00f9 volte dalle aziende di tutto il mondo. Con una storia che dura da oltre settant&#8217;anni, Thern ha fornito soluzioni straordinarie ad alcuni GRANDI progetti in tutto il mondo. I nuovi clienti potrebbero chiedersi: &#8220;Cosa pu\u00f2 fare quella piccola azienda del Midwest?&#8221;, Mentre i clienti di lunga data si chiedono: &#8220;Cosa non possono fare?&#8221;<\/p>\n<p>[\/vc_column_text][\/vc_column][\/vc_row][\/vc_section][vc_section full_width=&#8221;stretch_row&#8221; css=&#8221;.vc_custom_1691518704529{padding-top: 0px !important;background-image: url(https:\/\/thern.com\/wp-content\/uploads\/2023\/08\/Thern_Thern-Advantage-Difference.jpg?id=22385) !important;background-position: center !important;background-repeat: no-repeat !important;background-size: cover !important;}&#8221; el_class=&#8221;thern-difference&#8221;][vc_row full_width=&#8221;stretch_row&#8221; content_placement=&#8221;middle&#8221; css=&#8221;.vc_custom_1690488908709{padding-bottom: 35px !important;background-color: rgba(0,0,0,0.25) !important;*background-color: rgb(0,0,0) !important;}&#8221;][vc_column][vc_custom_heading text=&#8221;Ci\u00f2 che ci rende diversi&#8221; font_container=&#8221;tag:h2|text_align:left|color:%23ffffff&#8221; use_theme_fonts=&#8221;yes&#8221; css_animation=&#8221;fadeInUp&#8221;][\/vc_column][\/vc_row][vc_row css=&#8221;.vc_custom_1691510870436{padding-top: 15px !important;padding-bottom: 15px !important;}&#8221;][vc_column css_animation=&#8221;fadeInUp&#8221; width=&#8221;1\/4&#8243;][vc_icon icon_fontawesome=&#8221;fas fa-cog&#8221; color=&#8221;custom&#8221; custom_color=&#8221;#c71a32&#8243;][vc_custom_heading text=&#8221;Interno<br \/>\nIngegneria&#8221; font_container=&#8221;tag:h5|text_align:left|color:%23c71a32&#8243; use_theme_fonts=&#8221;yes&#8221;][vc_column_text]<\/p>\n<p style=\"text-align: left;\">Mettendo insieme decenni di conoscenza, i nostri esperti ingegneri interni consultano, progettano e apportano le modifiche necessarie per fornire soluzioni insuperabili per qualsiasi applicazione.<\/p>\n<p>[\/vc_column_text][\/vc_column][vc_column css_animation=&#8221;fadeInUp&#8221; width=&#8221;1\/4&#8243;][vc_icon icon_fontawesome=&#8221;fas fa-trophy&#8221; color=&#8221;custom&#8221; custom_color=&#8221;#c71a32&#8243;][vc_custom_heading text=&#8221;QUALIT\u00c0<br \/>\nNORME&#8221; font_container=&#8221;tag:h5|text_align:left|color:%23c71a32&#8243; use_theme_fonts=&#8221;yes&#8221;][vc_column_text]<\/p>\n<p style=\"text-align: left;\">Essendo un&#8217;azienda certificata ISO 9001:2015, ci assicuriamo che ogni prodotto che produciamo negli Stati Uniti soddisfi i nostri rigorosi standard di qualit\u00e0 e sia accuratamente testato per prestazioni e durata.<\/p>\n<p>[\/vc_column_text][\/vc_column][vc_column css_animation=&#8221;fadeInUp&#8221; width=&#8221;1\/4&#8243;][vc_icon icon_fontawesome=&#8221;fas fa-history&#8221; color=&#8221;custom&#8221; custom_color=&#8221;#c71a32&#8243;][vc_custom_heading text=&#8221;PRESTO<br \/>\nGIRARSI&#8221; font_container=&#8221;tag:h5|text_align:left|color:%23c71a32&#8243; use_theme_fonts=&#8221;yes&#8221;][vc_column_text]<\/p>\n<p style=\"text-align: left;\">Siamo orgogliosi di offrire tempi di consegna eccezionali su cui puoi contare. Possiamo spedire la maggior parte dei prodotti standard entro due giorni dall&#8217;effettuazione dell&#8217;ordine. Anche i nostri prodotti personalizzati hanno un design modulare con tempi di consegna che competono con la consegna dei prodotti standard da parte della concorrenza.<\/p>\n<p>[\/vc_column_text][\/vc_column][vc_column css_animation=&#8221;fadeInUp&#8221; width=&#8221;1\/4&#8243;][vc_icon icon_fontawesome=&#8221;far fa-star&#8221; color=&#8221;custom&#8221; custom_color=&#8221;#c71a32&#8243;][vc_custom_heading text=&#8221;SOLIDO<br \/>\nGARANZIA&#8221; font_container=&#8221;tag:h5|text_align:left|color:%23c71a32&#8243; use_theme_fonts=&#8221;yes&#8221;][vc_column_text]<\/p>\n<p style=\"text-align: left;\">Stai tranquillo perch\u00e9 garantiamo una durata di servizio costante per i tuoi prodotti Thern offrendo una solida garanzia limitata di due anni per garantire la completa soddisfazione del cliente.<\/p>\n<p>[\/vc_column_text][\/vc_column][\/vc_row][\/vc_section][vc_row css=&#8221;.vc_custom_1692303123026{padding-top: 65px !important;padding-bottom: 35px !important;}&#8221;][vc_column width=&#8221;1\/6&#8243;][\/vc_column][vc_column css_animation=&#8221;fadeInUp&#8221; width=&#8221;4\/6&#8243;][vc_custom_heading text=&#8221;Siamo qui per aiutare&#8221; font_container=&#8221;tag:h2|text_align:center|color:%230a0a0a&#8221; use_theme_fonts=&#8221;yes&#8221;][vc_column_text]<\/p>\n<p style=\"text-align: center;\">Hai domande? Il personale di vendita e di assistenza amichevole e competente di Thern \u00e8 pronto ad assistervi.<\/p>\n<p>[\/vc_column_text][vc_btn title=&#8221;Contattaci&#8221; style=&#8221;custom&#8221; custom_background=&#8221;#c71a32&#8243; custom_text=&#8221;#ffffff&#8221; shape=&#8221;square&#8221; size=&#8221;lg&#8221; align=&#8221;center&#8221; link=&#8221;url:%2Fit%2Fcontact%2F|title:Contact&#8221;][\/vc_column][vc_column width=&#8221;1\/6&#8243;][\/vc_column][\/vc_row]<\/p>\n<\/div>","protected":false},"excerpt":{"rendered":"<p>[vc_section full_width=&#8221;stretch_row&#8221; full_height=&#8221;yes&#8221; content_placement=&#8221;bottom&#8221; css=&#8221;.vc_custom_1690487607663{background-image: url(https:\/\/thern.com\/wp-content\/uploads\/2023\/07\/Thern-Inc-Thern-Advantage-Hero.jpg?id=559) !important;background-position: center !important;background-repeat: no-repeat !important;background-size: cover !important;}&#8221;][vc_row full_width=&#8221;stretch_row&#8221; css=&#8221;.vc_custom_1690487583285{padding-bottom: 95px !important;background-color: rgba(0,0,0,0.5) !important;*background-color: rgb(0,0,0) !important;}&#8221;][vc_column][vc_custom_heading text=&#8221;Thern Advantage&#8221; font_container=&#8221;tag:h1|text_align:left|color:%23ffffff&#8221; use_theme_fonts=&#8221;yes&#8221; css_animation=&#8221;fadeInLeft&#8221;][\/vc_column][\/vc_row][\/vc_section][vc_row full_width=&#8221;stretch_row&#8221; equal_height=&#8221;yes&#8221; content_placement=&#8221;middle&#8221; css=&#8221;.vc_custom_1689180629506{padding-bottom: 35px !important;background-color: #c71a32 !important;}&#8221;][vc_column css_animation=&#8221;fadeInLeft&#8221; width=&#8221;2\/3&#8243;][vc_custom_heading text=&#8221;La qualit\u00e0 eccezionale \u00e8 in tutto ci\u00f2 che facciamo&#8221; font_container=&#8221;tag:h2|text_align:left|color:%23ffffff&#8221; use_theme_fonts=&#8221;yes&#8221;][\/vc_column][vc_column width=&#8221;1\/3&#8243;][\/vc_column][\/vc_row][vc_section full_width=&#8221;stretch_row&#8221; full_height=&#8221;yes&#8221; content_placement=&#8221;middle&#8221; css=&#8221;.vc_custom_1694708355422{background-image: url(https:\/\/thern.com\/wp-content\/uploads\/2023\/07\/Asset-1-1.png?id=566) !important;background-position: center &#8230; <a title=\"Thern Advantage\" class=\"read-more\" href=\"https:\/\/thern.com\/it\/thern-advantage\/\" aria-label=\"More on Thern Advantage\">Read more<\/a><\/p>\n","protected":false},"author":1,"featured_media":0,"parent":0,"menu_order":0,"comment_status":"closed","ping_status":"closed","template":"","meta":{"footnotes":""},"class_list":["post-30643","page","type-page","status-publish"],"yoast_head":"<!-- This site is optimized with the Yoast SEO plugin v27.3 - https:\/\/yoast.com\/product\/yoast-seo-wordpress\/ -->\n<title>Il vantaggio Thern - Argani e gru Thern | Thern, Inc.<\/title>\n<meta name=\"description\" content=\"Perch\u00e9 scegliere Argani e Gru Thern? Scopri il vantaggio Thern e scopri il nostro impegno per l&#039;eccellenza in tutto ci\u00f2 che facciamo!\" \/>\n<meta name=\"robots\" content=\"index, follow, max-snippet:-1, max-image-preview:large, max-video-preview:-1\" \/>\n<link rel=\"canonical\" href=\"https:\/\/thern.com\/it\/thern-advantage\/\" \/>\n<meta property=\"og:locale\" content=\"it_IT\" \/>\n<meta property=\"og:type\" content=\"article\" \/>\n<meta property=\"og:title\" content=\"Il vantaggio Thern - Argani e gru Thern | Thern, Inc.\" \/>\n<meta property=\"og:description\" content=\"Perch\u00e9 scegliere Argani e Gru Thern? Scopri il vantaggio Thern e scopri il nostro impegno per l&#039;eccellenza in tutto ci\u00f2 che facciamo!\" \/>\n<meta property=\"og:url\" content=\"https:\/\/thern.com\/it\/thern-advantage\/\" \/>\n<meta property=\"og:site_name\" content=\"Thern\u00ae Winches &amp; Cranes\" \/>\n<meta property=\"article:publisher\" content=\"https:\/\/www.facebook.com\/ThernInc\/\" \/>\n<meta property=\"article:modified_time\" content=\"2023-09-27T01:02:44+00:00\" \/>\n<meta name=\"twitter:card\" content=\"summary_large_image\" \/>\n<meta name=\"twitter:label1\" content=\"Tempo di lettura stimato\" \/>\n\t<meta name=\"twitter:data1\" content=\"2 minuti\" \/>\n<script type=\"application\/ld+json\" class=\"yoast-schema-graph\">{\"@context\":\"https:\\\/\\\/schema.org\",\"@graph\":[{\"@type\":\"WebPage\",\"@id\":\"https:\\\/\\\/thern.com\\\/it\\\/thern-advantage\\\/\",\"url\":\"https:\\\/\\\/thern.com\\\/it\\\/thern-advantage\\\/\",\"name\":\"Il vantaggio Thern - Argani e gru Thern | Thern, Inc.\",\"isPartOf\":{\"@id\":\"https:\\\/\\\/thern.com\\\/it\\\/#website\"},\"datePublished\":\"2023-07-27T19:52:30+00:00\",\"dateModified\":\"2023-09-27T01:02:44+00:00\",\"description\":\"Perch\u00e9 scegliere Argani e Gru Thern? Scopri il vantaggio Thern e scopri il nostro impegno per l'eccellenza in tutto ci\u00f2 che facciamo!\",\"breadcrumb\":{\"@id\":\"https:\\\/\\\/thern.com\\\/it\\\/thern-advantage\\\/#breadcrumb\"},\"inLanguage\":\"it-IT\",\"potentialAction\":[{\"@type\":\"ReadAction\",\"target\":[\"https:\\\/\\\/thern.com\\\/it\\\/thern-advantage\\\/\"]}]},{\"@type\":\"BreadcrumbList\",\"@id\":\"https:\\\/\\\/thern.com\\\/it\\\/thern-advantage\\\/#breadcrumb\",\"itemListElement\":[{\"@type\":\"ListItem\",\"position\":1,\"name\":\"Home\",\"item\":\"https:\\\/\\\/thern.com\\\/it\\\/\"},{\"@type\":\"ListItem\",\"position\":2,\"name\":\"Thern Advantage\"}]},{\"@type\":\"WebSite\",\"@id\":\"https:\\\/\\\/thern.com\\\/it\\\/#website\",\"url\":\"https:\\\/\\\/thern.com\\\/it\\\/\",\"name\":\"Thern\u00ae Winches &amp; Cranes\",\"description\":\"Leave the Heavy Lifting to Us\",\"publisher\":{\"@id\":\"https:\\\/\\\/thern.com\\\/it\\\/#organization\"},\"potentialAction\":[{\"@type\":\"SearchAction\",\"target\":{\"@type\":\"EntryPoint\",\"urlTemplate\":\"https:\\\/\\\/thern.com\\\/it\\\/?s={search_term_string}\"},\"query-input\":{\"@type\":\"PropertyValueSpecification\",\"valueRequired\":true,\"valueName\":\"search_term_string\"}}],\"inLanguage\":\"it-IT\"},{\"@type\":\"Organization\",\"@id\":\"https:\\\/\\\/thern.com\\\/it\\\/#organization\",\"name\":\"Thern\u00ae Winches &amp; Cranes\",\"url\":\"https:\\\/\\\/thern.com\\\/it\\\/\",\"logo\":{\"@type\":\"ImageObject\",\"inLanguage\":\"it-IT\",\"@id\":\"https:\\\/\\\/thern.com\\\/it\\\/#\\\/schema\\\/logo\\\/image\\\/\",\"url\":\"https:\\\/\\\/thern.com\\\/wp-content\\\/uploads\\\/2023\\\/11\\\/Logo_SaveForWeb-outline-FINAL-01.svg\",\"contentUrl\":\"https:\\\/\\\/thern.com\\\/wp-content\\\/uploads\\\/2023\\\/11\\\/Logo_SaveForWeb-outline-FINAL-01.svg\",\"caption\":\"Thern\u00ae Winches &amp; Cranes\"},\"image\":{\"@id\":\"https:\\\/\\\/thern.com\\\/it\\\/#\\\/schema\\\/logo\\\/image\\\/\"},\"sameAs\":[\"https:\\\/\\\/www.facebook.com\\\/ThernInc\\\/\",\"https:\\\/\\\/www.linkedin.com\\\/company\\\/thern-inc-\\\/\",\"https:\\\/\\\/www.youtube.com\\\/user\\\/ThernStage\"]}]}<\/script>\n<!-- \/ Yoast SEO plugin. -->","yoast_head_json":{"title":"Il vantaggio Thern - Argani e gru Thern | Thern, Inc.","description":"Perch\u00e9 scegliere Argani e Gru Thern? Scopri il vantaggio Thern e scopri il nostro impegno per l'eccellenza in tutto ci\u00f2 che facciamo!","robots":{"index":"index","follow":"follow","max-snippet":"max-snippet:-1","max-image-preview":"max-image-preview:large","max-video-preview":"max-video-preview:-1"},"canonical":"https:\/\/thern.com\/it\/thern-advantage\/","og_locale":"it_IT","og_type":"article","og_title":"Il vantaggio Thern - Argani e gru Thern | Thern, Inc.","og_description":"Perch\u00e9 scegliere Argani e Gru Thern? Scopri il vantaggio Thern e scopri il nostro impegno per l'eccellenza in tutto ci\u00f2 che facciamo!","og_url":"https:\/\/thern.com\/it\/thern-advantage\/","og_site_name":"Thern\u00ae Winches &amp; Cranes","article_publisher":"https:\/\/www.facebook.com\/ThernInc\/","article_modified_time":"2023-09-27T01:02:44+00:00","twitter_card":"summary_large_image","twitter_misc":{"Tempo di lettura stimato":"2 minuti"},"schema":{"@context":"https:\/\/schema.org","@graph":[{"@type":"WebPage","@id":"https:\/\/thern.com\/it\/thern-advantage\/","url":"https:\/\/thern.com\/it\/thern-advantage\/","name":"Il vantaggio Thern - Argani e gru Thern | Thern, Inc.","isPartOf":{"@id":"https:\/\/thern.com\/it\/#website"},"datePublished":"2023-07-27T19:52:30+00:00","dateModified":"2023-09-27T01:02:44+00:00","description":"Perch\u00e9 scegliere Argani e Gru Thern? Scopri il vantaggio Thern e scopri il nostro impegno per l'eccellenza in tutto ci\u00f2 che facciamo!","breadcrumb":{"@id":"https:\/\/thern.com\/it\/thern-advantage\/#breadcrumb"},"inLanguage":"it-IT","potentialAction":[{"@type":"ReadAction","target":["https:\/\/thern.com\/it\/thern-advantage\/"]}]},{"@type":"BreadcrumbList","@id":"https:\/\/thern.com\/it\/thern-advantage\/#breadcrumb","itemListElement":[{"@type":"ListItem","position":1,"name":"Home","item":"https:\/\/thern.com\/it\/"},{"@type":"ListItem","position":2,"name":"Thern Advantage"}]},{"@type":"WebSite","@id":"https:\/\/thern.com\/it\/#website","url":"https:\/\/thern.com\/it\/","name":"Thern\u00ae Winches &amp; Cranes","description":"Leave the Heavy Lifting to Us","publisher":{"@id":"https:\/\/thern.com\/it\/#organization"},"potentialAction":[{"@type":"SearchAction","target":{"@type":"EntryPoint","urlTemplate":"https:\/\/thern.com\/it\/?s={search_term_string}"},"query-input":{"@type":"PropertyValueSpecification","valueRequired":true,"valueName":"search_term_string"}}],"inLanguage":"it-IT"},{"@type":"Organization","@id":"https:\/\/thern.com\/it\/#organization","name":"Thern\u00ae Winches &amp; Cranes","url":"https:\/\/thern.com\/it\/","logo":{"@type":"ImageObject","inLanguage":"it-IT","@id":"https:\/\/thern.com\/it\/#\/schema\/logo\/image\/","url":"https:\/\/thern.com\/wp-content\/uploads\/2023\/11\/Logo_SaveForWeb-outline-FINAL-01.svg","contentUrl":"https:\/\/thern.com\/wp-content\/uploads\/2023\/11\/Logo_SaveForWeb-outline-FINAL-01.svg","caption":"Thern\u00ae Winches &amp; Cranes"},"image":{"@id":"https:\/\/thern.com\/it\/#\/schema\/logo\/image\/"},"sameAs":["https:\/\/www.facebook.com\/ThernInc\/","https:\/\/www.linkedin.com\/company\/thern-inc-\/","https:\/\/www.youtube.com\/user\/ThernStage"]}]}},"_links":{"self":[{"href":"https:\/\/thern.com\/it\/wp-json\/wp\/v2\/pages\/30643","targetHints":{"allow":["GET"]}}],"collection":[{"href":"https:\/\/thern.com\/it\/wp-json\/wp\/v2\/pages"}],"about":[{"href":"https:\/\/thern.com\/it\/wp-json\/wp\/v2\/types\/page"}],"author":[{"embeddable":true,"href":"https:\/\/thern.com\/it\/wp-json\/wp\/v2\/users\/1"}],"replies":[{"embeddable":true,"href":"https:\/\/thern.com\/it\/wp-json\/wp\/v2\/comments?post=30643"}],"version-history":[{"count":0,"href":"https:\/\/thern.com\/it\/wp-json\/wp\/v2\/pages\/30643\/revisions"}],"wp:attachment":[{"href":"https:\/\/thern.com\/it\/wp-json\/wp\/v2\/media?parent=30643"}],"curies":[{"name":"wp","href":"https:\/\/api.w.org\/{rel}","templated":true}]}}