{"id":30606,"date":"2023-08-17T19:27:39","date_gmt":"2023-08-17T19:27:39","guid":{"rendered":"https:\/\/therninc.wpenginepowered.com\/testimonials\/equipcorp-united-machine-tool\/"},"modified":"2023-09-27T15:08:39","modified_gmt":"2023-09-27T15:08:39","slug":"equipcorp-united-machine-tool","status":"publish","type":"page","link":"https:\/\/thern.com\/it\/testimonials\/equipcorp-united-machine-tool\/","title":{"rendered":"Equipcorp-United Machine Tool"},"content":{"rendered":"<div class=\"wpb-content-wrapper\"><p>[vc_section full_width=&#8221;stretch_row&#8221; content_placement=&#8221;bottom&#8221; css=&#8221;.vc_custom_1692299549917{padding-top: 0px !important;background-image: url(https:\/\/thern.com\/wp-content\/uploads\/2023\/07\/Asset-1.png?id=344) !important;background-position: center !important;background-repeat: no-repeat !important;background-size: cover !important;}&#8221;][vc_row full_width=&#8221;stretch_row&#8221; css=&#8221;.vc_custom_1692299519679{padding-top: 50px !important;padding-bottom: 70px !important;background-color: rgba(0,0,0,0.5) !important;*background-color: rgb(0,0,0) !important;}&#8221;][vc_column][vc_custom_heading text=&#8221;Equipcorp-United Machine Tool&#8221; font_container=&#8221;tag:h1|text_align:left|color:%23ffffff&#8221; use_theme_fonts=&#8221;yes&#8221; css_animation=&#8221;fadeInLeft&#8221;][\/vc_column][\/vc_row][\/vc_section][vc_row full_width=&#8221;stretch_row&#8221; equal_height=&#8221;yes&#8221; content_placement=&#8221;middle&#8221; css=&#8221;.vc_custom_1689180629506{padding-bottom: 35px !important;background-color: #c71a32 !important;}&#8221;][vc_column width=&#8221;2\/3&#8243;][vc_custom_heading text=&#8221;Thern supera le aspettative&#8221; font_container=&#8221;tag:h2|text_align:left|color:%23ffffff&#8221; use_theme_fonts=&#8221;yes&#8221; css_animation=&#8221;fadeInLeft&#8221;][\/vc_column][vc_column width=&#8221;1\/3&#8243;][\/vc_column][\/vc_row][vc_row equal_height=&#8221;yes&#8221; css=&#8221;.vc_custom_1692299451924{padding-bottom: 35px !important;}&#8221;][vc_column css_animation=&#8221;fadeInLeft&#8221; width=&#8221;1\/2&#8243;][vc_column_text]<\/p>\n<section class=\"av_textblock_section\">\n<div class=\"avia_textblock\">\n<p>In qualit\u00e0 di leader nel noleggio industriale con una forte attenzione al sollevamento e al verricello, \u00e8 fondamentale che Equipment Corps abbia accesso ad attrezzature di qualit\u00e0 come quelle fornite da Thern. Dal nostro ordine iniziale del piccolo argano da costruzione, fino alla nostra ultima aggiunta alla linea completa di Thern Air Tuggers, la vostra azienda ha superato le nostre aspettative con attrezzature di qualit\u00e0, affidabili e sapientemente progettate che siamo orgogliosi di offrire in tutto il Canada.<\/p>\n<p>Il tuo continuo impegno nel fornire soluzioni di acquisto creative ha assicurato che Thern sar\u00e0 una componente importante della nostra offerta di flotta per gli anni a venire. Vorremmo ringraziarvi personalmente per tutti i vostri sforzi a nome nostro e in particolare Justin McProud per aver risolto le nostre numerose richieste e aver sempre risolto il problema. Inoltre, devo anche elogiare Doug Coughlin dell&#8217;azienda Raebrooke per aver fornito supporto esperto in vendite e marketing e per aver fornito molti contatti che hanno portato a vendite.<\/p>\n<p>La nostra continua collaborazione pu\u00f2 solo significare un grande successo, vi ringrazio ancora.<\/p>\n<p>Cordiali saluti,<br \/>\nTim Bedard<br \/>\nProprietario<br \/>\nDave Kisel<br \/>\nDirettore delle vendite<br \/>\nMike Orzel<br \/>\nDirettore generale<br \/>\nEquipment Corps Inc.\/United Machine Tool Corp.<\/p>\n<\/div>\n<\/section>\n<p>[\/vc_column_text][vc_btn title=&#8221;Ritorna alle testimonianze&#8221; style=&#8221;custom&#8221; custom_background=&#8221;#c71a32&#8243; custom_text=&#8221;#ffffff&#8221; shape=&#8221;square&#8221; size=&#8221;lg&#8221; align=&#8221;left&#8221; i_icon_fontawesome=&#8221;fas fa-angle-left&#8221; add_icon=&#8221;true&#8221; link=&#8221;url:%2Fit%2Ftestimonials%2F|title:Return%20to%20Testimonials&#8221;][\/vc_column][vc_column css_animation=&#8221;fadeInRight&#8221; width=&#8221;1\/2&#8243;][vc_single_image image=&#8221;22904&#8243; img_size=&#8221;full&#8221; alignment=&#8221;center&#8221;][\/vc_column][\/vc_row]<\/p>\n<\/div>","protected":false},"excerpt":{"rendered":"<p>[vc_section full_width=&#8221;stretch_row&#8221; content_placement=&#8221;bottom&#8221; css=&#8221;.vc_custom_1692299549917{padding-top: 0px !important;background-image: url(https:\/\/thern.com\/wp-content\/uploads\/2023\/07\/Asset-1.png?id=344) !important;background-position: center !important;background-repeat: no-repeat !important;background-size: cover !important;}&#8221;][vc_row full_width=&#8221;stretch_row&#8221; css=&#8221;.vc_custom_1692299519679{padding-top: 50px !important;padding-bottom: 70px !important;background-color: rgba(0,0,0,0.5) !important;*background-color: rgb(0,0,0) !important;}&#8221;][vc_column][vc_custom_heading text=&#8221;Equipcorp-United Machine Tool&#8221; font_container=&#8221;tag:h1|text_align:left|color:%23ffffff&#8221; use_theme_fonts=&#8221;yes&#8221; css_animation=&#8221;fadeInLeft&#8221;][\/vc_column][\/vc_row][\/vc_section][vc_row full_width=&#8221;stretch_row&#8221; equal_height=&#8221;yes&#8221; content_placement=&#8221;middle&#8221; css=&#8221;.vc_custom_1689180629506{padding-bottom: 35px !important;background-color: #c71a32 !important;}&#8221;][vc_column width=&#8221;2\/3&#8243;][vc_custom_heading text=&#8221;Thern supera le aspettative&#8221; font_container=&#8221;tag:h2|text_align:left|color:%23ffffff&#8221; use_theme_fonts=&#8221;yes&#8221; css_animation=&#8221;fadeInLeft&#8221;][\/vc_column][vc_column width=&#8221;1\/3&#8243;][\/vc_column][\/vc_row][vc_row equal_height=&#8221;yes&#8221; css=&#8221;.vc_custom_1692299451924{padding-bottom: 35px !important;}&#8221;][vc_column css_animation=&#8221;fadeInLeft&#8221; width=&#8221;1\/2&#8243;][vc_column_text] In qualit\u00e0 &#8230; <a title=\"Equipcorp-United Machine Tool\" class=\"read-more\" href=\"https:\/\/thern.com\/it\/testimonials\/equipcorp-united-machine-tool\/\" aria-label=\"More on Equipcorp-United Machine Tool\">Read more<\/a><\/p>\n","protected":false},"author":1,"featured_media":0,"parent":30550,"menu_order":0,"comment_status":"closed","ping_status":"closed","template":"","meta":{"footnotes":""},"class_list":["post-30606","page","type-page","status-publish"],"yoast_head":"<!-- This site is optimized with the Yoast SEO plugin v27.4 - https:\/\/yoast.com\/product\/yoast-seo-wordpress\/ -->\n<title>Equipment Corps - Progetti di ingegneria personalizzata | Thern, Inc.<\/title>\n<meta name=\"description\" content=\"In qualit\u00e0 di leader nel noleggio industriale con una forte attenzione al sollevamento e al verricello, \u00e8 fondamentale che Equipment Corps disponga di attrezzature di qualit\u00e0 fornite da Thern.\" \/>\n<meta name=\"robots\" content=\"index, follow, max-snippet:-1, max-image-preview:large, max-video-preview:-1\" \/>\n<link rel=\"canonical\" href=\"https:\/\/thern.com\/it\/testimonials\/equipcorp-united-machine-tool\/\" \/>\n<meta property=\"og:locale\" content=\"it_IT\" \/>\n<meta property=\"og:type\" content=\"article\" \/>\n<meta property=\"og:title\" content=\"Equipment Corps - Progetti di ingegneria personalizzata | Thern, Inc.\" \/>\n<meta property=\"og:description\" content=\"In qualit\u00e0 di leader nel noleggio industriale con una forte attenzione al sollevamento e al verricello, \u00e8 fondamentale che Equipment Corps disponga di attrezzature di qualit\u00e0 fornite da Thern.\" \/>\n<meta property=\"og:url\" content=\"https:\/\/thern.com\/it\/testimonials\/equipcorp-united-machine-tool\/\" \/>\n<meta property=\"og:site_name\" content=\"Thern\u00ae Winches &amp; Cranes\" \/>\n<meta property=\"article:publisher\" content=\"https:\/\/www.facebook.com\/ThernInc\/\" \/>\n<meta property=\"article:modified_time\" content=\"2023-09-27T15:08:39+00:00\" \/>\n<meta name=\"twitter:card\" content=\"summary_large_image\" \/>\n<meta name=\"twitter:label1\" content=\"Tempo di lettura stimato\" \/>\n\t<meta name=\"twitter:data1\" content=\"2 minuti\" \/>\n<script type=\"application\/ld+json\" class=\"yoast-schema-graph\">{\"@context\":\"https:\\\/\\\/schema.org\",\"@graph\":[{\"@type\":\"WebPage\",\"@id\":\"https:\\\/\\\/thern.com\\\/it\\\/testimonials\\\/equipcorp-united-machine-tool\\\/\",\"url\":\"https:\\\/\\\/thern.com\\\/it\\\/testimonials\\\/equipcorp-united-machine-tool\\\/\",\"name\":\"Equipment Corps - Progetti di ingegneria personalizzata | Thern, Inc.\",\"isPartOf\":{\"@id\":\"https:\\\/\\\/thern.com\\\/it\\\/#website\"},\"datePublished\":\"2023-08-17T19:27:39+00:00\",\"dateModified\":\"2023-09-27T15:08:39+00:00\",\"description\":\"In qualit\u00e0 di leader nel noleggio industriale con una forte attenzione al sollevamento e al verricello, \u00e8 fondamentale che Equipment Corps disponga di attrezzature di qualit\u00e0 fornite da Thern.\",\"breadcrumb\":{\"@id\":\"https:\\\/\\\/thern.com\\\/it\\\/testimonials\\\/equipcorp-united-machine-tool\\\/#breadcrumb\"},\"inLanguage\":\"it-IT\",\"potentialAction\":[{\"@type\":\"ReadAction\",\"target\":[\"https:\\\/\\\/thern.com\\\/it\\\/testimonials\\\/equipcorp-united-machine-tool\\\/\"]}]},{\"@type\":\"BreadcrumbList\",\"@id\":\"https:\\\/\\\/thern.com\\\/it\\\/testimonials\\\/equipcorp-united-machine-tool\\\/#breadcrumb\",\"itemListElement\":[{\"@type\":\"ListItem\",\"position\":1,\"name\":\"Home\",\"item\":\"https:\\\/\\\/thern.com\\\/it\\\/\"},{\"@type\":\"ListItem\",\"position\":2,\"name\":\"Testimonials\",\"item\":\"https:\\\/\\\/thern.com\\\/it\\\/testimonials\\\/\"},{\"@type\":\"ListItem\",\"position\":3,\"name\":\"Equipcorp-United Machine Tool\"}]},{\"@type\":\"WebSite\",\"@id\":\"https:\\\/\\\/thern.com\\\/it\\\/#website\",\"url\":\"https:\\\/\\\/thern.com\\\/it\\\/\",\"name\":\"Thern\u00ae Winches &amp; Cranes\",\"description\":\"Leave the Heavy Lifting to Us\",\"publisher\":{\"@id\":\"https:\\\/\\\/thern.com\\\/it\\\/#organization\"},\"potentialAction\":[{\"@type\":\"SearchAction\",\"target\":{\"@type\":\"EntryPoint\",\"urlTemplate\":\"https:\\\/\\\/thern.com\\\/it\\\/?s={search_term_string}\"},\"query-input\":{\"@type\":\"PropertyValueSpecification\",\"valueRequired\":true,\"valueName\":\"search_term_string\"}}],\"inLanguage\":\"it-IT\"},{\"@type\":\"Organization\",\"@id\":\"https:\\\/\\\/thern.com\\\/it\\\/#organization\",\"name\":\"Thern\u00ae Winches &amp; Cranes\",\"url\":\"https:\\\/\\\/thern.com\\\/it\\\/\",\"logo\":{\"@type\":\"ImageObject\",\"inLanguage\":\"it-IT\",\"@id\":\"https:\\\/\\\/thern.com\\\/it\\\/#\\\/schema\\\/logo\\\/image\\\/\",\"url\":\"https:\\\/\\\/thern.com\\\/wp-content\\\/uploads\\\/2023\\\/11\\\/Logo_SaveForWeb-outline-FINAL-01.svg\",\"contentUrl\":\"https:\\\/\\\/thern.com\\\/wp-content\\\/uploads\\\/2023\\\/11\\\/Logo_SaveForWeb-outline-FINAL-01.svg\",\"caption\":\"Thern\u00ae Winches &amp; Cranes\"},\"image\":{\"@id\":\"https:\\\/\\\/thern.com\\\/it\\\/#\\\/schema\\\/logo\\\/image\\\/\"},\"sameAs\":[\"https:\\\/\\\/www.facebook.com\\\/ThernInc\\\/\",\"https:\\\/\\\/www.linkedin.com\\\/company\\\/thern-inc-\\\/\",\"https:\\\/\\\/www.youtube.com\\\/user\\\/ThernStage\"]}]}<\/script>\n<!-- \/ Yoast SEO plugin. -->","yoast_head_json":{"title":"Equipment Corps - Progetti di ingegneria personalizzata | Thern, Inc.","description":"In qualit\u00e0 di leader nel noleggio industriale con una forte attenzione al sollevamento e al verricello, \u00e8 fondamentale che Equipment Corps disponga di attrezzature di qualit\u00e0 fornite da Thern.","robots":{"index":"index","follow":"follow","max-snippet":"max-snippet:-1","max-image-preview":"max-image-preview:large","max-video-preview":"max-video-preview:-1"},"canonical":"https:\/\/thern.com\/it\/testimonials\/equipcorp-united-machine-tool\/","og_locale":"it_IT","og_type":"article","og_title":"Equipment Corps - Progetti di ingegneria personalizzata | Thern, Inc.","og_description":"In qualit\u00e0 di leader nel noleggio industriale con una forte attenzione al sollevamento e al verricello, \u00e8 fondamentale che Equipment Corps disponga di attrezzature di qualit\u00e0 fornite da Thern.","og_url":"https:\/\/thern.com\/it\/testimonials\/equipcorp-united-machine-tool\/","og_site_name":"Thern\u00ae Winches &amp; Cranes","article_publisher":"https:\/\/www.facebook.com\/ThernInc\/","article_modified_time":"2023-09-27T15:08:39+00:00","twitter_card":"summary_large_image","twitter_misc":{"Tempo di lettura stimato":"2 minuti"},"schema":{"@context":"https:\/\/schema.org","@graph":[{"@type":"WebPage","@id":"https:\/\/thern.com\/it\/testimonials\/equipcorp-united-machine-tool\/","url":"https:\/\/thern.com\/it\/testimonials\/equipcorp-united-machine-tool\/","name":"Equipment Corps - Progetti di ingegneria personalizzata | Thern, Inc.","isPartOf":{"@id":"https:\/\/thern.com\/it\/#website"},"datePublished":"2023-08-17T19:27:39+00:00","dateModified":"2023-09-27T15:08:39+00:00","description":"In qualit\u00e0 di leader nel noleggio industriale con una forte attenzione al sollevamento e al verricello, \u00e8 fondamentale che Equipment Corps disponga di attrezzature di qualit\u00e0 fornite da Thern.","breadcrumb":{"@id":"https:\/\/thern.com\/it\/testimonials\/equipcorp-united-machine-tool\/#breadcrumb"},"inLanguage":"it-IT","potentialAction":[{"@type":"ReadAction","target":["https:\/\/thern.com\/it\/testimonials\/equipcorp-united-machine-tool\/"]}]},{"@type":"BreadcrumbList","@id":"https:\/\/thern.com\/it\/testimonials\/equipcorp-united-machine-tool\/#breadcrumb","itemListElement":[{"@type":"ListItem","position":1,"name":"Home","item":"https:\/\/thern.com\/it\/"},{"@type":"ListItem","position":2,"name":"Testimonials","item":"https:\/\/thern.com\/it\/testimonials\/"},{"@type":"ListItem","position":3,"name":"Equipcorp-United Machine Tool"}]},{"@type":"WebSite","@id":"https:\/\/thern.com\/it\/#website","url":"https:\/\/thern.com\/it\/","name":"Thern\u00ae Winches &amp; Cranes","description":"Leave the Heavy Lifting to Us","publisher":{"@id":"https:\/\/thern.com\/it\/#organization"},"potentialAction":[{"@type":"SearchAction","target":{"@type":"EntryPoint","urlTemplate":"https:\/\/thern.com\/it\/?s={search_term_string}"},"query-input":{"@type":"PropertyValueSpecification","valueRequired":true,"valueName":"search_term_string"}}],"inLanguage":"it-IT"},{"@type":"Organization","@id":"https:\/\/thern.com\/it\/#organization","name":"Thern\u00ae Winches &amp; Cranes","url":"https:\/\/thern.com\/it\/","logo":{"@type":"ImageObject","inLanguage":"it-IT","@id":"https:\/\/thern.com\/it\/#\/schema\/logo\/image\/","url":"https:\/\/thern.com\/wp-content\/uploads\/2023\/11\/Logo_SaveForWeb-outline-FINAL-01.svg","contentUrl":"https:\/\/thern.com\/wp-content\/uploads\/2023\/11\/Logo_SaveForWeb-outline-FINAL-01.svg","caption":"Thern\u00ae Winches &amp; Cranes"},"image":{"@id":"https:\/\/thern.com\/it\/#\/schema\/logo\/image\/"},"sameAs":["https:\/\/www.facebook.com\/ThernInc\/","https:\/\/www.linkedin.com\/company\/thern-inc-\/","https:\/\/www.youtube.com\/user\/ThernStage"]}]}},"_links":{"self":[{"href":"https:\/\/thern.com\/it\/wp-json\/wp\/v2\/pages\/30606","targetHints":{"allow":["GET"]}}],"collection":[{"href":"https:\/\/thern.com\/it\/wp-json\/wp\/v2\/pages"}],"about":[{"href":"https:\/\/thern.com\/it\/wp-json\/wp\/v2\/types\/page"}],"author":[{"embeddable":true,"href":"https:\/\/thern.com\/it\/wp-json\/wp\/v2\/users\/1"}],"replies":[{"embeddable":true,"href":"https:\/\/thern.com\/it\/wp-json\/wp\/v2\/comments?post=30606"}],"version-history":[{"count":0,"href":"https:\/\/thern.com\/it\/wp-json\/wp\/v2\/pages\/30606\/revisions"}],"up":[{"embeddable":true,"href":"https:\/\/thern.com\/it\/wp-json\/wp\/v2\/pages\/30550"}],"wp:attachment":[{"href":"https:\/\/thern.com\/it\/wp-json\/wp\/v2\/media?parent=30606"}],"curies":[{"name":"wp","href":"https:\/\/api.w.org\/{rel}","templated":true}]}}