{"id":30577,"date":"2023-08-17T19:15:26","date_gmt":"2023-08-17T19:15:26","guid":{"rendered":"https:\/\/therninc.wpenginepowered.com\/testimonials\/conexus-art-centre\/"},"modified":"2023-09-26T23:42:28","modified_gmt":"2023-09-26T23:42:28","slug":"conexus-art-centre","status":"publish","type":"page","link":"https:\/\/thern.com\/it\/testimonials\/conexus-art-centre\/","title":{"rendered":"Conexus Art Centre"},"content":{"rendered":"<div class=\"wpb-content-wrapper\"><p>[vc_section full_width=&#8221;stretch_row&#8221; content_placement=&#8221;bottom&#8221; css=&#8221;.vc_custom_1692299549917{padding-top: 0px !important;background-image: url(https:\/\/thern.com\/wp-content\/uploads\/2023\/07\/Asset-1.png?id=344) !important;background-position: center !important;background-repeat: no-repeat !important;background-size: cover !important;}&#8221;][vc_row full_width=&#8221;stretch_row&#8221; css=&#8221;.vc_custom_1692299519679{padding-top: 50px !important;padding-bottom: 70px !important;background-color: rgba(0,0,0,0.5) !important;*background-color: rgb(0,0,0) !important;}&#8221;][vc_column][vc_custom_heading text=&#8221;Conexus Art Centre&#8221; font_container=&#8221;tag:h1|text_align:left|color:%23ffffff&#8221; use_theme_fonts=&#8221;yes&#8221; css_animation=&#8221;fadeInLeft&#8221;][\/vc_column][\/vc_row][\/vc_section][vc_row full_width=&#8221;stretch_row&#8221; equal_height=&#8221;yes&#8221; content_placement=&#8221;middle&#8221; css=&#8221;.vc_custom_1689180629506{padding-bottom: 35px !important;background-color: #c71a32 !important;}&#8221;][vc_column css_animation=&#8221;fadeInLeft&#8221; width=&#8221;1\/2&#8243;][vc_custom_heading text=&#8221;Sistema di volo da palco&#8221; font_container=&#8221;tag:h2|text_align:left|color:%23ffffff&#8221; use_theme_fonts=&#8221;yes&#8221; css_animation=&#8221;none&#8221;][\/vc_column][vc_column css_animation=&#8221;fadeInRight&#8221; width=&#8221;1\/2&#8243;][vc_column_text]<span style=\"color: #ffffff;\">Il Conexus Arts Center necessitava di un sistema sostitutivo per i palchi. Thern ha fornito una soluzione personalizzata di qualit\u00e0 superiore per soddisfare le esigenze del progetto.<\/span>[\/vc_column_text][\/vc_column][\/vc_row][vc_row equal_height=&#8221;yes&#8221; css=&#8221;.vc_custom_1692299451924{padding-bottom: 35px !important;}&#8221;][vc_column css_animation=&#8221;fadeInLeft&#8221; width=&#8221;1\/2&#8243;][vc_column_text]<\/p>\n<section class=\"av_textblock_section\">\n<div class=\"avia_textblock\">\n<p><strong>Sistema di volo da palco | Progettato e costruito su misura per Conexus Art Center<\/strong><\/p>\n<p>&#8220;Nell&#8217;agosto del 2011, il Conexus Arts Center ha identificato alcuni problemi relativi al sistema di volo sul palco che ritenevamo dovessero essere risolti. Si \u00e8 deciso che l&#8217;approccio migliore sarebbe stato quello di affidare a un consulente una valutazione dell&#8217;intero sistema. Jay Glerum \u00e8 stato incaricato di completare l&#8217;ispezione e fornire un rapporto sulle condizioni generali del sistema di mosca del Centro. Il rapporto di Jay concludeva che era necessaria la sostituzione dell\u2019intero sistema di mosca.<\/p>\n<p>Con l\u2019assistenza di Jay, sono state redatte le specifiche ed \u00e8 stata avviata la procedura di gara che ha portato ad una serie di proposte da parte delle aziende interessate. Dopo aver esaminato le proposte, abbiamo ritenuto che il sistema BRICKHOUSE di Thern fosse pi\u00f9 adatto alle nostre esigenze e il progetto \u00e8 stato premiato.<\/p>\n<p>\u00c8 stato stabilito che l&#8217;unica finestra disponibile per la rimozione e l&#8217;installazione di un nuovo sistema sarebbe stata il mese di luglio 2012. A questo punto, rimanevano solo circa tre mesi per la produzione, l&#8217;assemblaggio, la spedizione e l&#8217;installazione dell&#8217;attrezzatura. pronto per l&#8217;installazione.<\/p>\n<p>Le discussioni con Thern, Jay Glerum e il Centro hanno sollevato grandi preoccupazioni riguardo al tempo limitato a disposizione per produrre e consegnare l&#8217;attrezzatura. Un&#8217;altra grande preoccupazione era il breve tempo a disposizione per la rimozione del vecchio sistema e l&#8217;installazione di quello nuovo. Eravamo a un punto in cui pensavamo che il progetto dovesse essere rinviato a un periodo successivo poich\u00e9 sembrava che il piano esistente avesse poche possibilit\u00e0 di successo.<\/p>\n<p>A questo punto Michael Kunz di Thern \u00e8 stato fortemente coinvolto e ha ideato una cronologia dettagliata che delineava l&#8217;ambito del lavoro, il fabbisogno di manodopera e le tempistiche assegnate per ciascun aspetto del progetto. Michael ci ha assicurato che avrebbe potuto far funzionare questo piano e che il progetto sarebbe stato completato in tempo. Parte del piano di Michael era quello di venire a Regina e supervisionare personalmente la rimozione del sistema di mosche esistente; che secondo l&#8217;accordo era di competenza del Conexus Arts Centre. Michael \u00e8 venuto a Regina e ha riunito una squadra locale, composta da alcuni dei migliori tecnici di scena e montatori del settore, per completare il progetto.<\/p>\n<p>Grazie all\u2019incredibile conoscenza, capacit\u00e0 organizzativa e capacit\u00e0 di gestire le persone di Michael, il progetto si \u00e8 svolto senza intoppi dall\u2019inizio alla fine. L&#8217;ispezione finale, alla quale hanno partecipato Michael Kunz e il team di Thern, nonch\u00e9 Jay Glerum, si \u00e8 svolta nei tempi previsti e ha comportato la necessit\u00e0 di apportare alcune piccole modifiche al sistema.<\/p>\n<p>Consiglio vivamente Thern e il loro team. Abbiamo riscontrato che sono molto professionali e che i loro prodotti sono di altissima qualit\u00e0 sotto ogni aspetto. In breve, siamo estremamente soddisfatti del processo che ha portato al completamento di questo progetto con il risultato finale\u201d. \u2013\u00a0Jim McCrum,\u00a0direttore esecutivo | Centro artistico Conexus<\/p>\n<\/div>\n<\/section>\n<p>[\/vc_column_text][vc_btn title=&#8221;Ritorna alle testimonianze&#8221; style=&#8221;custom&#8221; custom_background=&#8221;#c71a32&#8243; custom_text=&#8221;#ffffff&#8221; shape=&#8221;square&#8221; size=&#8221;lg&#8221; align=&#8221;left&#8221; i_icon_fontawesome=&#8221;fas fa-angle-left&#8221; add_icon=&#8221;true&#8221; link=&#8221;url:%2Fit%2Ftestimonials%2F|title:Return%20to%20Testimonials&#8221;][\/vc_column][vc_column css_animation=&#8221;fadeInRight&#8221; width=&#8221;1\/2&#8243;][vc_single_image image=&#8221;22902&#8243; img_size=&#8221;full&#8221; alignment=&#8221;center&#8221;][\/vc_column][\/vc_row]<\/p>\n<\/div>","protected":false},"excerpt":{"rendered":"<p>[vc_section full_width=&#8221;stretch_row&#8221; content_placement=&#8221;bottom&#8221; css=&#8221;.vc_custom_1692299549917{padding-top: 0px !important;background-image: url(https:\/\/thern.com\/wp-content\/uploads\/2023\/07\/Asset-1.png?id=344) !important;background-position: center !important;background-repeat: no-repeat !important;background-size: cover !important;}&#8221;][vc_row full_width=&#8221;stretch_row&#8221; css=&#8221;.vc_custom_1692299519679{padding-top: 50px !important;padding-bottom: 70px !important;background-color: rgba(0,0,0,0.5) !important;*background-color: rgb(0,0,0) !important;}&#8221;][vc_column][vc_custom_heading text=&#8221;Conexus Art Centre&#8221; font_container=&#8221;tag:h1|text_align:left|color:%23ffffff&#8221; use_theme_fonts=&#8221;yes&#8221; css_animation=&#8221;fadeInLeft&#8221;][\/vc_column][\/vc_row][\/vc_section][vc_row full_width=&#8221;stretch_row&#8221; equal_height=&#8221;yes&#8221; content_placement=&#8221;middle&#8221; css=&#8221;.vc_custom_1689180629506{padding-bottom: 35px !important;background-color: #c71a32 !important;}&#8221;][vc_column css_animation=&#8221;fadeInLeft&#8221; width=&#8221;1\/2&#8243;][vc_custom_heading text=&#8221;Sistema di volo da palco&#8221; font_container=&#8221;tag:h2|text_align:left|color:%23ffffff&#8221; use_theme_fonts=&#8221;yes&#8221; css_animation=&#8221;none&#8221;][\/vc_column][vc_column css_animation=&#8221;fadeInRight&#8221; width=&#8221;1\/2&#8243;][vc_column_text]Il Conexus Arts Center necessitava di &#8230; <a title=\"Conexus Art Centre\" class=\"read-more\" href=\"https:\/\/thern.com\/it\/testimonials\/conexus-art-centre\/\" aria-label=\"More on Conexus Art Centre\">Read more<\/a><\/p>\n","protected":false},"author":1,"featured_media":0,"parent":30550,"menu_order":0,"comment_status":"closed","ping_status":"closed","template":"","meta":{"footnotes":""},"class_list":["post-30577","page","type-page","status-publish"],"yoast_head":"<!-- This site is optimized with the Yoast SEO plugin v27.4 - https:\/\/yoast.com\/product\/yoast-seo-wordpress\/ -->\n<title>Stage Fly System - Progetti di ingegneria personalizzati | Thern, Inc.<\/title>\n<meta name=\"description\" content=\"Il centro d&#039;arte Conexus necessitava di un sistema di volo sostitutivo. Thern ha fornito una soluzione personalizzata superiore per soddisfare le esigenze del progetto.\" \/>\n<meta name=\"robots\" content=\"index, follow, max-snippet:-1, max-image-preview:large, max-video-preview:-1\" \/>\n<link rel=\"canonical\" href=\"https:\/\/thern.com\/it\/testimonials\/conexus-art-centre\/\" \/>\n<meta property=\"og:locale\" content=\"it_IT\" \/>\n<meta property=\"og:type\" content=\"article\" \/>\n<meta property=\"og:title\" content=\"Stage Fly System - Progetti di ingegneria personalizzati | Thern, Inc.\" \/>\n<meta property=\"og:description\" content=\"Il centro d&#039;arte Conexus necessitava di un sistema di volo sostitutivo. Thern ha fornito una soluzione personalizzata superiore per soddisfare le esigenze del progetto.\" \/>\n<meta property=\"og:url\" content=\"https:\/\/thern.com\/it\/testimonials\/conexus-art-centre\/\" \/>\n<meta property=\"og:site_name\" content=\"Thern\u00ae Winches &amp; Cranes\" \/>\n<meta property=\"article:publisher\" content=\"https:\/\/www.facebook.com\/ThernInc\/\" \/>\n<meta property=\"article:modified_time\" content=\"2023-09-26T23:42:28+00:00\" \/>\n<meta name=\"twitter:card\" content=\"summary_large_image\" \/>\n<meta name=\"twitter:label1\" content=\"Tempo di lettura stimato\" \/>\n\t<meta name=\"twitter:data1\" content=\"3 minuti\" \/>\n<script type=\"application\/ld+json\" class=\"yoast-schema-graph\">{\"@context\":\"https:\\\/\\\/schema.org\",\"@graph\":[{\"@type\":\"WebPage\",\"@id\":\"https:\\\/\\\/thern.com\\\/it\\\/testimonials\\\/conexus-art-centre\\\/\",\"url\":\"https:\\\/\\\/thern.com\\\/it\\\/testimonials\\\/conexus-art-centre\\\/\",\"name\":\"Stage Fly System - Progetti di ingegneria personalizzati | Thern, Inc.\",\"isPartOf\":{\"@id\":\"https:\\\/\\\/thern.com\\\/it\\\/#website\"},\"datePublished\":\"2023-08-17T19:15:26+00:00\",\"dateModified\":\"2023-09-26T23:42:28+00:00\",\"description\":\"Il centro d'arte Conexus necessitava di un sistema di volo sostitutivo. Thern ha fornito una soluzione personalizzata superiore per soddisfare le esigenze del progetto.\",\"breadcrumb\":{\"@id\":\"https:\\\/\\\/thern.com\\\/it\\\/testimonials\\\/conexus-art-centre\\\/#breadcrumb\"},\"inLanguage\":\"it-IT\",\"potentialAction\":[{\"@type\":\"ReadAction\",\"target\":[\"https:\\\/\\\/thern.com\\\/it\\\/testimonials\\\/conexus-art-centre\\\/\"]}]},{\"@type\":\"BreadcrumbList\",\"@id\":\"https:\\\/\\\/thern.com\\\/it\\\/testimonials\\\/conexus-art-centre\\\/#breadcrumb\",\"itemListElement\":[{\"@type\":\"ListItem\",\"position\":1,\"name\":\"Home\",\"item\":\"https:\\\/\\\/thern.com\\\/it\\\/\"},{\"@type\":\"ListItem\",\"position\":2,\"name\":\"Testimonials\",\"item\":\"https:\\\/\\\/thern.com\\\/it\\\/testimonials\\\/\"},{\"@type\":\"ListItem\",\"position\":3,\"name\":\"Conexus Art Centre\"}]},{\"@type\":\"WebSite\",\"@id\":\"https:\\\/\\\/thern.com\\\/it\\\/#website\",\"url\":\"https:\\\/\\\/thern.com\\\/it\\\/\",\"name\":\"Thern\u00ae Winches &amp; Cranes\",\"description\":\"Leave the Heavy Lifting to Us\",\"publisher\":{\"@id\":\"https:\\\/\\\/thern.com\\\/it\\\/#organization\"},\"potentialAction\":[{\"@type\":\"SearchAction\",\"target\":{\"@type\":\"EntryPoint\",\"urlTemplate\":\"https:\\\/\\\/thern.com\\\/it\\\/?s={search_term_string}\"},\"query-input\":{\"@type\":\"PropertyValueSpecification\",\"valueRequired\":true,\"valueName\":\"search_term_string\"}}],\"inLanguage\":\"it-IT\"},{\"@type\":\"Organization\",\"@id\":\"https:\\\/\\\/thern.com\\\/it\\\/#organization\",\"name\":\"Thern\u00ae Winches &amp; Cranes\",\"url\":\"https:\\\/\\\/thern.com\\\/it\\\/\",\"logo\":{\"@type\":\"ImageObject\",\"inLanguage\":\"it-IT\",\"@id\":\"https:\\\/\\\/thern.com\\\/it\\\/#\\\/schema\\\/logo\\\/image\\\/\",\"url\":\"https:\\\/\\\/thern.com\\\/wp-content\\\/uploads\\\/2023\\\/11\\\/Logo_SaveForWeb-outline-FINAL-01.svg\",\"contentUrl\":\"https:\\\/\\\/thern.com\\\/wp-content\\\/uploads\\\/2023\\\/11\\\/Logo_SaveForWeb-outline-FINAL-01.svg\",\"caption\":\"Thern\u00ae Winches &amp; Cranes\"},\"image\":{\"@id\":\"https:\\\/\\\/thern.com\\\/it\\\/#\\\/schema\\\/logo\\\/image\\\/\"},\"sameAs\":[\"https:\\\/\\\/www.facebook.com\\\/ThernInc\\\/\",\"https:\\\/\\\/www.linkedin.com\\\/company\\\/thern-inc-\\\/\",\"https:\\\/\\\/www.youtube.com\\\/user\\\/ThernStage\"]}]}<\/script>\n<!-- \/ Yoast SEO plugin. -->","yoast_head_json":{"title":"Stage Fly System - Progetti di ingegneria personalizzati | Thern, Inc.","description":"Il centro d'arte Conexus necessitava di un sistema di volo sostitutivo. Thern ha fornito una soluzione personalizzata superiore per soddisfare le esigenze del progetto.","robots":{"index":"index","follow":"follow","max-snippet":"max-snippet:-1","max-image-preview":"max-image-preview:large","max-video-preview":"max-video-preview:-1"},"canonical":"https:\/\/thern.com\/it\/testimonials\/conexus-art-centre\/","og_locale":"it_IT","og_type":"article","og_title":"Stage Fly System - Progetti di ingegneria personalizzati | Thern, Inc.","og_description":"Il centro d'arte Conexus necessitava di un sistema di volo sostitutivo. Thern ha fornito una soluzione personalizzata superiore per soddisfare le esigenze del progetto.","og_url":"https:\/\/thern.com\/it\/testimonials\/conexus-art-centre\/","og_site_name":"Thern\u00ae Winches &amp; Cranes","article_publisher":"https:\/\/www.facebook.com\/ThernInc\/","article_modified_time":"2023-09-26T23:42:28+00:00","twitter_card":"summary_large_image","twitter_misc":{"Tempo di lettura stimato":"3 minuti"},"schema":{"@context":"https:\/\/schema.org","@graph":[{"@type":"WebPage","@id":"https:\/\/thern.com\/it\/testimonials\/conexus-art-centre\/","url":"https:\/\/thern.com\/it\/testimonials\/conexus-art-centre\/","name":"Stage Fly System - Progetti di ingegneria personalizzati | Thern, Inc.","isPartOf":{"@id":"https:\/\/thern.com\/it\/#website"},"datePublished":"2023-08-17T19:15:26+00:00","dateModified":"2023-09-26T23:42:28+00:00","description":"Il centro d'arte Conexus necessitava di un sistema di volo sostitutivo. Thern ha fornito una soluzione personalizzata superiore per soddisfare le esigenze del progetto.","breadcrumb":{"@id":"https:\/\/thern.com\/it\/testimonials\/conexus-art-centre\/#breadcrumb"},"inLanguage":"it-IT","potentialAction":[{"@type":"ReadAction","target":["https:\/\/thern.com\/it\/testimonials\/conexus-art-centre\/"]}]},{"@type":"BreadcrumbList","@id":"https:\/\/thern.com\/it\/testimonials\/conexus-art-centre\/#breadcrumb","itemListElement":[{"@type":"ListItem","position":1,"name":"Home","item":"https:\/\/thern.com\/it\/"},{"@type":"ListItem","position":2,"name":"Testimonials","item":"https:\/\/thern.com\/it\/testimonials\/"},{"@type":"ListItem","position":3,"name":"Conexus Art Centre"}]},{"@type":"WebSite","@id":"https:\/\/thern.com\/it\/#website","url":"https:\/\/thern.com\/it\/","name":"Thern\u00ae Winches &amp; Cranes","description":"Leave the Heavy Lifting to Us","publisher":{"@id":"https:\/\/thern.com\/it\/#organization"},"potentialAction":[{"@type":"SearchAction","target":{"@type":"EntryPoint","urlTemplate":"https:\/\/thern.com\/it\/?s={search_term_string}"},"query-input":{"@type":"PropertyValueSpecification","valueRequired":true,"valueName":"search_term_string"}}],"inLanguage":"it-IT"},{"@type":"Organization","@id":"https:\/\/thern.com\/it\/#organization","name":"Thern\u00ae Winches &amp; Cranes","url":"https:\/\/thern.com\/it\/","logo":{"@type":"ImageObject","inLanguage":"it-IT","@id":"https:\/\/thern.com\/it\/#\/schema\/logo\/image\/","url":"https:\/\/thern.com\/wp-content\/uploads\/2023\/11\/Logo_SaveForWeb-outline-FINAL-01.svg","contentUrl":"https:\/\/thern.com\/wp-content\/uploads\/2023\/11\/Logo_SaveForWeb-outline-FINAL-01.svg","caption":"Thern\u00ae Winches &amp; Cranes"},"image":{"@id":"https:\/\/thern.com\/it\/#\/schema\/logo\/image\/"},"sameAs":["https:\/\/www.facebook.com\/ThernInc\/","https:\/\/www.linkedin.com\/company\/thern-inc-\/","https:\/\/www.youtube.com\/user\/ThernStage"]}]}},"_links":{"self":[{"href":"https:\/\/thern.com\/it\/wp-json\/wp\/v2\/pages\/30577","targetHints":{"allow":["GET"]}}],"collection":[{"href":"https:\/\/thern.com\/it\/wp-json\/wp\/v2\/pages"}],"about":[{"href":"https:\/\/thern.com\/it\/wp-json\/wp\/v2\/types\/page"}],"author":[{"embeddable":true,"href":"https:\/\/thern.com\/it\/wp-json\/wp\/v2\/users\/1"}],"replies":[{"embeddable":true,"href":"https:\/\/thern.com\/it\/wp-json\/wp\/v2\/comments?post=30577"}],"version-history":[{"count":0,"href":"https:\/\/thern.com\/it\/wp-json\/wp\/v2\/pages\/30577\/revisions"}],"up":[{"embeddable":true,"href":"https:\/\/thern.com\/it\/wp-json\/wp\/v2\/pages\/30550"}],"wp:attachment":[{"href":"https:\/\/thern.com\/it\/wp-json\/wp\/v2\/media?parent=30577"}],"curies":[{"name":"wp","href":"https:\/\/api.w.org\/{rel}","templated":true}]}}