{"id":30561,"date":"2023-08-17T19:10:29","date_gmt":"2023-08-17T19:10:29","guid":{"rendered":"https:\/\/therninc.wpenginepowered.com\/testimonials\/yorktown-mixer-hoist\/"},"modified":"2023-09-26T23:12:50","modified_gmt":"2023-09-26T23:12:50","slug":"yorktown-mixer-hoist","status":"publish","type":"page","link":"https:\/\/thern.com\/it\/testimonials\/yorktown-mixer-hoist\/","title":{"rendered":"Yorktown Mixer Hoist"},"content":{"rendered":"<div class=\"wpb-content-wrapper\"><p>[vc_section full_width=&#8221;stretch_row&#8221; content_placement=&#8221;bottom&#8221; css=&#8221;.vc_custom_1692299549917{padding-top: 0px !important;background-image: url(https:\/\/thern.com\/wp-content\/uploads\/2023\/07\/Asset-1.png?id=344) !important;background-position: center !important;background-repeat: no-repeat !important;background-size: cover !important;}&#8221;][vc_row full_width=&#8221;stretch_row&#8221; css=&#8221;.vc_custom_1692299519679{padding-top: 50px !important;padding-bottom: 70px !important;background-color: rgba(0,0,0,0.5) !important;*background-color: rgb(0,0,0) !important;}&#8221;][vc_column][vc_custom_heading text=&#8221;Yorktown Mischeraufzug&#8221; font_container=&#8221;tag:h1|text_align:left|color:%23ffffff&#8221; use_theme_fonts=&#8221;yes&#8221; css_animation=&#8221;fadeInLeft&#8221;][\/vc_column][\/vc_row][\/vc_section][vc_row full_width=&#8221;stretch_row&#8221; equal_height=&#8221;yes&#8221; content_placement=&#8221;middle&#8221; css=&#8221;.vc_custom_1689180629506{padding-bottom: 35px !important;background-color: #c71a32 !important;}&#8221;][vc_column css_animation=&#8221;fadeInLeft&#8221; width=&#8221;1\/2&#8243;][vc_custom_heading text=&#8221;Yorktowns Mischaufzug f\u00fcr anaerobe Fermentertanks&#8221; font_container=&#8221;tag:h2|text_align:left|color:%23ffffff&#8221; use_theme_fonts=&#8221;yes&#8221;][\/vc_column][vc_column css_animation=&#8221;fadeInRight&#8221; width=&#8221;1\/2&#8243;][vc_column_text]<span style=\"color: #ffffff;\">Yorktown suchte nach einer L\u00f6sung, um den Mischer effektiv aus dem anaeroben Faulbeh\u00e4lter zu heben, der sich fast 30 Fu\u00df \u00fcber dem Boden befindet. Sie wollten eine Hebevorrichtung, mit der der Mischer aus dem Tank gehoben, gedreht und auf die Ladefl\u00e4che eines Lastwagens abgesetzt werden konnte, ohne dass der Mischer abgesetzt werden musste, um die Hebevorrichtung neu zu positionieren.<\/span>[\/vc_column_text][\/vc_column][\/vc_row][vc_row equal_height=&#8221;yes&#8221; css=&#8221;.vc_custom_1692299451924{padding-bottom: 35px !important;}&#8221;][vc_column css_animation=&#8221;fadeInLeft&#8221; width=&#8221;1\/2&#8243;][vc_column_text]<\/p>\n<section class=\"av_textblock_section\">\n<div class=\"avia_textblock\">\n<p><strong>Mischeraufzug | Entworfen und ma\u00dfgeschneidert f\u00fcr den Mischer von BBC Pump &amp; Equipment<\/strong><\/p>\n<p>Grant Kissel vom BBC Pump &amp; Equipment Municipal-Team zeigte Yorktown eine L\u00f6sung f\u00fcr sein Problem: den Davitkran der Thern 5PT30-Serie mit einer Tragf\u00e4higkeit von 3.000 Pfund und einer Reichweite von \u00fcber 9 Fu\u00df. Der Kunde bestand darauf, dass er den Mischer nicht manuell aus dem Tank herausdrehen wollte. Die L\u00f6sung war eine 115-V-Elektrowinde mit einer 6 Fu\u00df langen H\u00e4ngesteuerung f\u00fcr eine einfache Bedienung. Sie montierten den 24\u2033x24\u2033-Sockel oben auf dem 18\u2018 breiten Tank und stellten sicher, dass dieser Heber auch auf langen Strecken standhalten w\u00fcrde, also fertigten sie eine ma\u00dfgeschneiderte Montageplatte an, die \u00fcber die kleine Plattform reichte, die sie sichern konnten Befestigen Sie sie mithilfe einiger Winkeleisenhalterungen aus Edelstahl an der Wand. Sie befestigten die beiden vorderen L\u00f6cher der Grundplatte mit Hilti-Ankern in der oberen Betonwand und f\u00fchrten dann ein 5\/8\u2033-Edelstahl-Gewinde durch die gesamte Tankwand, um ihre rostfreien Winkelhalterungen zu befestigen. Yorktown-exteriorBBC Pump ist stolz darauf, sagen zu k\u00f6nnen, dass Yorktown mit dem Hebezeug und seiner einfachen Bedienung \u00e4u\u00dferst zufrieden ist und sich darauf verlassen kann, dass die Verwendung des neuen Thern-Hebezeugs viel sicherer und kosteng\u00fcnstiger ist als die Anmietung eines Krans zum Ziehen des Mischers Sie m\u00fcssen es warten.<\/p>\n<\/div>\n<\/section>\n<p>[\/vc_column_text][vc_btn title=&#8221;Zur\u00fcck zu Erfahrungsberichten&#8221; style=&#8221;custom&#8221; custom_background=&#8221;#c71a32&#8243; custom_text=&#8221;#ffffff&#8221; shape=&#8221;square&#8221; size=&#8221;lg&#8221; align=&#8221;left&#8221; i_icon_fontawesome=&#8221;fas fa-angle-left&#8221; add_icon=&#8221;true&#8221; link=&#8221;url:%2Fit%2Ftestimonials%2F|title:Return%20to%20Testimonials&#8221;][\/vc_column][vc_column css_animation=&#8221;fadeInRight&#8221; width=&#8221;1\/2&#8243;][vc_single_image image=&#8221;22895&#8243; img_size=&#8221;full&#8221; alignment=&#8221;center&#8221;][\/vc_column][\/vc_row]<\/p>\n<\/div>","protected":false},"excerpt":{"rendered":"<p>[vc_section full_width=&#8221;stretch_row&#8221; content_placement=&#8221;bottom&#8221; css=&#8221;.vc_custom_1692299549917{padding-top: 0px !important;background-image: url(https:\/\/thern.com\/wp-content\/uploads\/2023\/07\/Asset-1.png?id=344) !important;background-position: center !important;background-repeat: no-repeat !important;background-size: cover !important;}&#8221;][vc_row full_width=&#8221;stretch_row&#8221; css=&#8221;.vc_custom_1692299519679{padding-top: 50px !important;padding-bottom: 70px !important;background-color: rgba(0,0,0,0.5) !important;*background-color: rgb(0,0,0) !important;}&#8221;][vc_column][vc_custom_heading text=&#8221;Yorktown Mischeraufzug&#8221; font_container=&#8221;tag:h1|text_align:left|color:%23ffffff&#8221; use_theme_fonts=&#8221;yes&#8221; css_animation=&#8221;fadeInLeft&#8221;][\/vc_column][\/vc_row][\/vc_section][vc_row full_width=&#8221;stretch_row&#8221; equal_height=&#8221;yes&#8221; content_placement=&#8221;middle&#8221; css=&#8221;.vc_custom_1689180629506{padding-bottom: 35px !important;background-color: #c71a32 !important;}&#8221;][vc_column css_animation=&#8221;fadeInLeft&#8221; width=&#8221;1\/2&#8243;][vc_custom_heading text=&#8221;Yorktowns Mischaufzug f\u00fcr anaerobe Fermentertanks&#8221; font_container=&#8221;tag:h2|text_align:left|color:%23ffffff&#8221; use_theme_fonts=&#8221;yes&#8221;][\/vc_column][vc_column css_animation=&#8221;fadeInRight&#8221; width=&#8221;1\/2&#8243;][vc_column_text]Yorktown suchte nach einer L\u00f6sung, um den Mischer &#8230; <a title=\"Yorktown Mixer Hoist\" class=\"read-more\" href=\"https:\/\/thern.com\/it\/testimonials\/yorktown-mixer-hoist\/\" aria-label=\"More on Yorktown Mixer Hoist\">Read more<\/a><\/p>\n","protected":false},"author":1,"featured_media":0,"parent":30550,"menu_order":0,"comment_status":"closed","ping_status":"closed","template":"","meta":{"footnotes":""},"class_list":["post-30561","page","type-page","status-publish"],"yoast_head":"<!-- This site is optimized with the Yoast SEO plugin v27.3 - https:\/\/yoast.com\/product\/yoast-seo-wordpress\/ -->\n<title>Yorktown Mixer Hebezeug \u2013 Kundenspezifische technische Projekte | Thern, Inc.<\/title>\n<meta name=\"description\" content=\"Thern provided Yorktown a solution to effectively lift their mixer out of their anaerobic digester tank, which stands almost 30 feet above the ground.\" \/>\n<meta name=\"robots\" content=\"index, follow, max-snippet:-1, max-image-preview:large, max-video-preview:-1\" \/>\n<link rel=\"canonical\" href=\"https:\/\/thern.com\/it\/testimonials\/yorktown-mixer-hoist\/\" \/>\n<meta property=\"og:locale\" content=\"it_IT\" \/>\n<meta property=\"og:type\" content=\"article\" \/>\n<meta property=\"og:title\" content=\"Yorktown Mixer Hebezeug \u2013 Kundenspezifische technische Projekte | Thern, Inc.\" \/>\n<meta property=\"og:description\" content=\"Thern provided Yorktown a solution to effectively lift their mixer out of their anaerobic digester tank, which stands almost 30 feet above the ground.\" \/>\n<meta property=\"og:url\" content=\"https:\/\/thern.com\/it\/testimonials\/yorktown-mixer-hoist\/\" \/>\n<meta property=\"og:site_name\" content=\"Thern\u00ae Winches &amp; Cranes\" \/>\n<meta property=\"article:publisher\" content=\"https:\/\/www.facebook.com\/ThernInc\/\" \/>\n<meta property=\"article:modified_time\" content=\"2023-09-26T23:12:50+00:00\" \/>\n<meta name=\"twitter:card\" content=\"summary_large_image\" \/>\n<meta name=\"twitter:label1\" content=\"Tempo di lettura stimato\" \/>\n\t<meta name=\"twitter:data1\" content=\"2 minuti\" \/>\n<script type=\"application\/ld+json\" class=\"yoast-schema-graph\">{\"@context\":\"https:\\\/\\\/schema.org\",\"@graph\":[{\"@type\":\"WebPage\",\"@id\":\"https:\\\/\\\/thern.com\\\/it\\\/testimonials\\\/yorktown-mixer-hoist\\\/\",\"url\":\"https:\\\/\\\/thern.com\\\/it\\\/testimonials\\\/yorktown-mixer-hoist\\\/\",\"name\":\"Yorktown Mixer Hebezeug \u2013 Kundenspezifische technische Projekte | Thern, Inc.\",\"isPartOf\":{\"@id\":\"https:\\\/\\\/thern.com\\\/it\\\/#website\"},\"datePublished\":\"2023-08-17T19:10:29+00:00\",\"dateModified\":\"2023-09-26T23:12:50+00:00\",\"description\":\"Thern provided Yorktown a solution to effectively lift their mixer out of their anaerobic digester tank, which stands almost 30 feet above the ground.\",\"breadcrumb\":{\"@id\":\"https:\\\/\\\/thern.com\\\/it\\\/testimonials\\\/yorktown-mixer-hoist\\\/#breadcrumb\"},\"inLanguage\":\"it-IT\",\"potentialAction\":[{\"@type\":\"ReadAction\",\"target\":[\"https:\\\/\\\/thern.com\\\/it\\\/testimonials\\\/yorktown-mixer-hoist\\\/\"]}]},{\"@type\":\"BreadcrumbList\",\"@id\":\"https:\\\/\\\/thern.com\\\/it\\\/testimonials\\\/yorktown-mixer-hoist\\\/#breadcrumb\",\"itemListElement\":[{\"@type\":\"ListItem\",\"position\":1,\"name\":\"Home\",\"item\":\"https:\\\/\\\/thern.com\\\/it\\\/\"},{\"@type\":\"ListItem\",\"position\":2,\"name\":\"Testimonials\",\"item\":\"https:\\\/\\\/thern.com\\\/it\\\/testimonials\\\/\"},{\"@type\":\"ListItem\",\"position\":3,\"name\":\"Yorktown Mixer Hoist\"}]},{\"@type\":\"WebSite\",\"@id\":\"https:\\\/\\\/thern.com\\\/it\\\/#website\",\"url\":\"https:\\\/\\\/thern.com\\\/it\\\/\",\"name\":\"Thern\u00ae Winches &amp; Cranes\",\"description\":\"Leave the Heavy Lifting to Us\",\"publisher\":{\"@id\":\"https:\\\/\\\/thern.com\\\/it\\\/#organization\"},\"potentialAction\":[{\"@type\":\"SearchAction\",\"target\":{\"@type\":\"EntryPoint\",\"urlTemplate\":\"https:\\\/\\\/thern.com\\\/it\\\/?s={search_term_string}\"},\"query-input\":{\"@type\":\"PropertyValueSpecification\",\"valueRequired\":true,\"valueName\":\"search_term_string\"}}],\"inLanguage\":\"it-IT\"},{\"@type\":\"Organization\",\"@id\":\"https:\\\/\\\/thern.com\\\/it\\\/#organization\",\"name\":\"Thern\u00ae Winches &amp; Cranes\",\"url\":\"https:\\\/\\\/thern.com\\\/it\\\/\",\"logo\":{\"@type\":\"ImageObject\",\"inLanguage\":\"it-IT\",\"@id\":\"https:\\\/\\\/thern.com\\\/it\\\/#\\\/schema\\\/logo\\\/image\\\/\",\"url\":\"https:\\\/\\\/thern.com\\\/wp-content\\\/uploads\\\/2023\\\/11\\\/Logo_SaveForWeb-outline-FINAL-01.svg\",\"contentUrl\":\"https:\\\/\\\/thern.com\\\/wp-content\\\/uploads\\\/2023\\\/11\\\/Logo_SaveForWeb-outline-FINAL-01.svg\",\"caption\":\"Thern\u00ae Winches &amp; Cranes\"},\"image\":{\"@id\":\"https:\\\/\\\/thern.com\\\/it\\\/#\\\/schema\\\/logo\\\/image\\\/\"},\"sameAs\":[\"https:\\\/\\\/www.facebook.com\\\/ThernInc\\\/\",\"https:\\\/\\\/www.linkedin.com\\\/company\\\/thern-inc-\\\/\",\"https:\\\/\\\/www.youtube.com\\\/user\\\/ThernStage\"]}]}<\/script>\n<!-- \/ Yoast SEO plugin. -->","yoast_head_json":{"title":"Yorktown Mixer Hebezeug \u2013 Kundenspezifische technische Projekte | Thern, Inc.","description":"Thern provided Yorktown a solution to effectively lift their mixer out of their anaerobic digester tank, which stands almost 30 feet above the ground.","robots":{"index":"index","follow":"follow","max-snippet":"max-snippet:-1","max-image-preview":"max-image-preview:large","max-video-preview":"max-video-preview:-1"},"canonical":"https:\/\/thern.com\/it\/testimonials\/yorktown-mixer-hoist\/","og_locale":"it_IT","og_type":"article","og_title":"Yorktown Mixer Hebezeug \u2013 Kundenspezifische technische Projekte | Thern, Inc.","og_description":"Thern provided Yorktown a solution to effectively lift their mixer out of their anaerobic digester tank, which stands almost 30 feet above the ground.","og_url":"https:\/\/thern.com\/it\/testimonials\/yorktown-mixer-hoist\/","og_site_name":"Thern\u00ae Winches &amp; Cranes","article_publisher":"https:\/\/www.facebook.com\/ThernInc\/","article_modified_time":"2023-09-26T23:12:50+00:00","twitter_card":"summary_large_image","twitter_misc":{"Tempo di lettura stimato":"2 minuti"},"schema":{"@context":"https:\/\/schema.org","@graph":[{"@type":"WebPage","@id":"https:\/\/thern.com\/it\/testimonials\/yorktown-mixer-hoist\/","url":"https:\/\/thern.com\/it\/testimonials\/yorktown-mixer-hoist\/","name":"Yorktown Mixer Hebezeug \u2013 Kundenspezifische technische Projekte | Thern, Inc.","isPartOf":{"@id":"https:\/\/thern.com\/it\/#website"},"datePublished":"2023-08-17T19:10:29+00:00","dateModified":"2023-09-26T23:12:50+00:00","description":"Thern provided Yorktown a solution to effectively lift their mixer out of their anaerobic digester tank, which stands almost 30 feet above the ground.","breadcrumb":{"@id":"https:\/\/thern.com\/it\/testimonials\/yorktown-mixer-hoist\/#breadcrumb"},"inLanguage":"it-IT","potentialAction":[{"@type":"ReadAction","target":["https:\/\/thern.com\/it\/testimonials\/yorktown-mixer-hoist\/"]}]},{"@type":"BreadcrumbList","@id":"https:\/\/thern.com\/it\/testimonials\/yorktown-mixer-hoist\/#breadcrumb","itemListElement":[{"@type":"ListItem","position":1,"name":"Home","item":"https:\/\/thern.com\/it\/"},{"@type":"ListItem","position":2,"name":"Testimonials","item":"https:\/\/thern.com\/it\/testimonials\/"},{"@type":"ListItem","position":3,"name":"Yorktown Mixer Hoist"}]},{"@type":"WebSite","@id":"https:\/\/thern.com\/it\/#website","url":"https:\/\/thern.com\/it\/","name":"Thern\u00ae Winches &amp; Cranes","description":"Leave the Heavy Lifting to Us","publisher":{"@id":"https:\/\/thern.com\/it\/#organization"},"potentialAction":[{"@type":"SearchAction","target":{"@type":"EntryPoint","urlTemplate":"https:\/\/thern.com\/it\/?s={search_term_string}"},"query-input":{"@type":"PropertyValueSpecification","valueRequired":true,"valueName":"search_term_string"}}],"inLanguage":"it-IT"},{"@type":"Organization","@id":"https:\/\/thern.com\/it\/#organization","name":"Thern\u00ae Winches &amp; Cranes","url":"https:\/\/thern.com\/it\/","logo":{"@type":"ImageObject","inLanguage":"it-IT","@id":"https:\/\/thern.com\/it\/#\/schema\/logo\/image\/","url":"https:\/\/thern.com\/wp-content\/uploads\/2023\/11\/Logo_SaveForWeb-outline-FINAL-01.svg","contentUrl":"https:\/\/thern.com\/wp-content\/uploads\/2023\/11\/Logo_SaveForWeb-outline-FINAL-01.svg","caption":"Thern\u00ae Winches &amp; Cranes"},"image":{"@id":"https:\/\/thern.com\/it\/#\/schema\/logo\/image\/"},"sameAs":["https:\/\/www.facebook.com\/ThernInc\/","https:\/\/www.linkedin.com\/company\/thern-inc-\/","https:\/\/www.youtube.com\/user\/ThernStage"]}]}},"_links":{"self":[{"href":"https:\/\/thern.com\/it\/wp-json\/wp\/v2\/pages\/30561","targetHints":{"allow":["GET"]}}],"collection":[{"href":"https:\/\/thern.com\/it\/wp-json\/wp\/v2\/pages"}],"about":[{"href":"https:\/\/thern.com\/it\/wp-json\/wp\/v2\/types\/page"}],"author":[{"embeddable":true,"href":"https:\/\/thern.com\/it\/wp-json\/wp\/v2\/users\/1"}],"replies":[{"embeddable":true,"href":"https:\/\/thern.com\/it\/wp-json\/wp\/v2\/comments?post=30561"}],"version-history":[{"count":0,"href":"https:\/\/thern.com\/it\/wp-json\/wp\/v2\/pages\/30561\/revisions"}],"up":[{"embeddable":true,"href":"https:\/\/thern.com\/it\/wp-json\/wp\/v2\/pages\/30550"}],"wp:attachment":[{"href":"https:\/\/thern.com\/it\/wp-json\/wp\/v2\/media?parent=30561"}],"curies":[{"name":"wp","href":"https:\/\/api.w.org\/{rel}","templated":true}]}}