{"id":30530,"date":"2023-07-11T18:48:46","date_gmt":"2023-07-11T18:48:46","guid":{"rendered":"https:\/\/therninc.wpenginepowered.com\/?page_id=30530"},"modified":"2023-09-26T22:38:02","modified_gmt":"2023-09-26T22:38:02","slug":"about","status":"publish","type":"page","link":"https:\/\/thern.com\/it\/about\/","title":{"rendered":"About"},"content":{"rendered":"<div class=\"wpb-content-wrapper\"><p>[vc_section full_width=&#8221;stretch_row&#8221; full_height=&#8221;yes&#8221; content_placement=&#8221;bottom&#8221; css=&#8221;.vc_custom_1689101152808{background-image: url(https:\/\/thern.com\/wp-content\/uploads\/2023\/07\/Thern-Inc_About-Hero.jpg?id=343) !important;background-position: center !important;background-repeat: no-repeat !important;background-size: cover !important;}&#8221;][vc_row full_width=&#8221;stretch_row&#8221; css=&#8221;.vc_custom_1689100740503{padding-bottom: 95px !important;background-color: rgba(0,0,0,0.5) !important;*background-color: rgb(0,0,0) !important;}&#8221;][vc_column][vc_custom_heading text=&#8221;Di&#8221; font_container=&#8221;tag:h1|text_align:left|color:%23ffffff&#8221; use_theme_fonts=&#8221;yes&#8221; css_animation=&#8221;fadeInLeft&#8221;][\/vc_column][\/vc_row][\/vc_section][vc_row full_width=&#8221;stretch_row&#8221; equal_height=&#8221;yes&#8221; content_placement=&#8221;middle&#8221; css=&#8221;.vc_custom_1689100747582{padding-bottom: 35px !important;background-color: #c71a32 !important;}&#8221;][vc_column][vc_custom_heading text=&#8221;Thern Winches &amp; Cranes&#8221; font_container=&#8221;tag:h2|text_align:left|color:%23ffffff&#8221; use_theme_fonts=&#8221;yes&#8221; css_animation=&#8221;fadeInLeft&#8221;][\/vc_column][\/vc_row][vc_row full_width=&#8221;stretch_row&#8221; el_class=&#8221;history-container&#8221;][vc_column css_animation=&#8221;fadeInLeft&#8221; width=&#8221;1\/2&#8243; el_class=&#8221;left-content&#8221;][vc_custom_heading text=&#8221;SOLUZIONI DI SOLLEVAMENTO PRODOTTE DA UN NOME DI CUI FIDUCIA&#8221; font_container=&#8221;tag:h6|text_align:left|color:%23990000&#8243; use_theme_fonts=&#8221;yes&#8221;][vc_column_text]Thern, Inc. \u00e8 un produttore di argani e gru a conduzione familiare con sede nel cuore del Midwest, negli Stati Uniti, un luogo dove il duro lavoro, l&#8217;onest\u00e0 e l&#8217;eccellenza operativa continuano a essere valori fondamentali. Durabilit\u00e0, affidabilit\u00e0, qualit\u00e0 e un servizio eccezionale sono al centro della nostra attenzione. Con un forte staff tecnico e la reputazione di tempi di consegna eccezionali, Thern \u00e8 in grado di gestire anche i progetti pi\u00f9 impegnativi.[\/vc_column_text][\/vc_column][vc_column css_animation=&#8221;fadeInRight&#8221; width=&#8221;1\/2&#8243; el_class=&#8221;right-content&#8221;][vc_row_inner content_placement=&#8221;bottom&#8221; gap=&#8221;15&#8243; el_class=&#8221;white-arrow&#8221;][vc_column_inner width=&#8221;1\/2&#8243; css=&#8221;.vc_custom_1691520627954{background-image: url(https:\/\/thern.com\/wp-content\/uploads\/2023\/08\/Thern_About-History-1.jpg?id=22388) !important;background-position: center !important;background-repeat: no-repeat !important;background-size: cover !important;}&#8221;][vc_custom_heading text=&#8221;Scoprire<br \/>\nLa nostra storia&#8221; font_container=&#8221;tag:h5|text_align:left|color:%23ffffff&#8221; use_theme_fonts=&#8221;yes&#8221; link=&#8221;url:%2Fit%2Fhistory%2F|title:View%20Thern&#8217;s%20History&#8221;][\/vc_column_inner][vc_column_inner width=&#8221;1\/2&#8243; css=&#8221;.vc_custom_1691521628686{background-image: url(https:\/\/thern.com\/wp-content\/uploads\/2023\/08\/Thern_About-History-2.jpg?id=22392) !important;background-position: center !important;background-repeat: no-repeat !important;background-size: cover !important;}&#8221;][vc_custom_heading text=&#8221;The Thern<br \/>\nAdvantage&#8221; font_container=&#8221;tag:h5|text_align:left|color:%23ffffff&#8221; use_theme_fonts=&#8221;yes&#8221; link=&#8221;url:%2Fit%2Fthern-advantage%2F|title:View%20the%20Thern%20Advantage&#8221;][\/vc_column_inner][\/vc_row_inner][\/vc_column][\/vc_row][vc_row content_placement=&#8221;middle&#8221; css_animation=&#8221;fadeInUp&#8221; css=&#8221;.vc_custom_1695047243233{padding-bottom: 15px !important;}&#8221;][vc_column width=&#8221;1\/2&#8243;][vc_row_inner content_placement=&#8221;middle&#8221; el_class=&#8221;black-arrow&#8221;][vc_column_inner width=&#8221;1\/4&#8243;][\/vc_column_inner][vc_column_inner width=&#8221;1\/2&#8243;][vc_custom_heading text=&#8221;Carriere<br \/>\na Thern&#8221; font_container=&#8221;tag:h5|text_align:left|color:%23000000&#8243; use_theme_fonts=&#8221;yes&#8221; link=&#8221;url:%2Fcareers%2F|title:Apply%20for%20a%20Thern%20Career&#8221;][\/vc_column_inner][vc_column_inner width=&#8221;1\/4&#8243;][\/vc_column_inner][\/vc_row_inner][\/vc_column][vc_column width=&#8221;1\/2&#8243;][vc_row_inner content_placement=&#8221;middle&#8221; el_class=&#8221;black-arrow&#8221;][vc_column_inner width=&#8221;1\/4&#8243;][\/vc_column_inner][vc_column_inner width=&#8221;1\/2&#8243;][vc_custom_heading text=&#8221;Cliente<br \/>\nTestimonianze&#8221; font_container=&#8221;tag:h5|text_align:left|color:%23000000&#8243; use_theme_fonts=&#8221;yes&#8221; link=&#8221;url:%2Ftestimonials%2F|title:View%20Thern%20Testimonials&#8221;][\/vc_column_inner][vc_column_inner width=&#8221;1\/4&#8243;][\/vc_column_inner][\/vc_row_inner][\/vc_column][\/vc_row][vc_row full_width=&#8221;stretch_row&#8221; css=&#8221;.vc_custom_1695398298707{background-image: url(https:\/\/thern.com\/wp-content\/uploads\/2023\/07\/Asset-1.png?id=344) !important;background-position: center !important;background-repeat: no-repeat !important;background-size: cover !important;}&#8221; el_class=&#8221;adjust-bknd&#8221;][vc_column][vc_empty_space height=&#8221;250px&#8221;][vc_btn add_icon=&#8221;true&#8221; el_class=&#8221;do-not-show&#8221;][\/vc_column][\/vc_row]<\/p>\n<\/div>","protected":false},"excerpt":{"rendered":"<p>[vc_section full_width=&#8221;stretch_row&#8221; full_height=&#8221;yes&#8221; content_placement=&#8221;bottom&#8221; css=&#8221;.vc_custom_1689101152808{background-image: url(https:\/\/thern.com\/wp-content\/uploads\/2023\/07\/Thern-Inc_About-Hero.jpg?id=343) !important;background-position: center !important;background-repeat: no-repeat !important;background-size: cover !important;}&#8221;][vc_row full_width=&#8221;stretch_row&#8221; css=&#8221;.vc_custom_1689100740503{padding-bottom: 95px !important;background-color: rgba(0,0,0,0.5) !important;*background-color: rgb(0,0,0) !important;}&#8221;][vc_column][vc_custom_heading text=&#8221;Di&#8221; font_container=&#8221;tag:h1|text_align:left|color:%23ffffff&#8221; use_theme_fonts=&#8221;yes&#8221; css_animation=&#8221;fadeInLeft&#8221;][\/vc_column][\/vc_row][\/vc_section][vc_row full_width=&#8221;stretch_row&#8221; equal_height=&#8221;yes&#8221; content_placement=&#8221;middle&#8221; css=&#8221;.vc_custom_1689100747582{padding-bottom: 35px !important;background-color: #c71a32 !important;}&#8221;][vc_column][vc_custom_heading text=&#8221;Thern Winches &amp; Cranes&#8221; font_container=&#8221;tag:h2|text_align:left|color:%23ffffff&#8221; use_theme_fonts=&#8221;yes&#8221; css_animation=&#8221;fadeInLeft&#8221;][\/vc_column][\/vc_row][vc_row full_width=&#8221;stretch_row&#8221; el_class=&#8221;history-container&#8221;][vc_column css_animation=&#8221;fadeInLeft&#8221; width=&#8221;1\/2&#8243; el_class=&#8221;left-content&#8221;][vc_custom_heading text=&#8221;SOLUZIONI DI SOLLEVAMENTO PRODOTTE DA UN NOME DI CUI FIDUCIA&#8221; &#8230; <a title=\"About\" class=\"read-more\" href=\"https:\/\/thern.com\/it\/about\/\" aria-label=\"More on About\">Read more<\/a><\/p>\n","protected":false},"author":1,"featured_media":0,"parent":0,"menu_order":0,"comment_status":"closed","ping_status":"closed","template":"","meta":{"footnotes":""},"class_list":["post-30530","page","type-page","status-publish"],"yoast_head":"<!-- This site is optimized with the Yoast SEO plugin v27.3 - https:\/\/yoast.com\/product\/yoast-seo-wordpress\/ -->\n<title>Thern, Inc.: Chi siamo: argani e gru di alta qualit\u00e0 realizzati negli Stati Uniti<\/title>\n<meta name=\"description\" content=\"Thern, Inc. \u00e8 un produttore di argani e gru a conduzione familiare con sede nel cuore del Midwest degli Stati Uniti.\" \/>\n<meta name=\"robots\" content=\"index, follow, max-snippet:-1, max-image-preview:large, max-video-preview:-1\" \/>\n<link rel=\"canonical\" href=\"https:\/\/thern.com\/it\/about\/\" \/>\n<meta property=\"og:locale\" content=\"it_IT\" \/>\n<meta property=\"og:type\" content=\"article\" \/>\n<meta property=\"og:title\" content=\"Thern, Inc.: Chi siamo: argani e gru di alta qualit\u00e0 realizzati negli Stati Uniti\" \/>\n<meta property=\"og:description\" content=\"Thern, Inc. \u00e8 un produttore di argani e gru a conduzione familiare con sede nel cuore del Midwest degli Stati Uniti.\" \/>\n<meta property=\"og:url\" content=\"https:\/\/thern.com\/it\/about\/\" \/>\n<meta property=\"og:site_name\" content=\"Thern\u00ae Winches &amp; Cranes\" \/>\n<meta property=\"article:publisher\" content=\"https:\/\/www.facebook.com\/ThernInc\/\" \/>\n<meta property=\"article:modified_time\" content=\"2023-09-26T22:38:02+00:00\" \/>\n<meta name=\"twitter:card\" content=\"summary_large_image\" \/>\n<meta name=\"twitter:label1\" content=\"Tempo di lettura stimato\" \/>\n\t<meta name=\"twitter:data1\" content=\"1 minuto\" \/>\n<script type=\"application\/ld+json\" class=\"yoast-schema-graph\">{\"@context\":\"https:\\\/\\\/schema.org\",\"@graph\":[{\"@type\":\"WebPage\",\"@id\":\"https:\\\/\\\/thern.com\\\/it\\\/about\\\/\",\"url\":\"https:\\\/\\\/thern.com\\\/it\\\/about\\\/\",\"name\":\"Thern, Inc.: Chi siamo: argani e gru di alta qualit\u00e0 realizzati negli Stati Uniti\",\"isPartOf\":{\"@id\":\"https:\\\/\\\/thern.com\\\/it\\\/#website\"},\"datePublished\":\"2023-07-11T18:48:46+00:00\",\"dateModified\":\"2023-09-26T22:38:02+00:00\",\"description\":\"Thern, Inc. \u00e8 un produttore di argani e gru a conduzione familiare con sede nel cuore del Midwest degli Stati Uniti.\",\"breadcrumb\":{\"@id\":\"https:\\\/\\\/thern.com\\\/it\\\/about\\\/#breadcrumb\"},\"inLanguage\":\"it-IT\",\"potentialAction\":[{\"@type\":\"ReadAction\",\"target\":[\"https:\\\/\\\/thern.com\\\/it\\\/about\\\/\"]}]},{\"@type\":\"BreadcrumbList\",\"@id\":\"https:\\\/\\\/thern.com\\\/it\\\/about\\\/#breadcrumb\",\"itemListElement\":[{\"@type\":\"ListItem\",\"position\":1,\"name\":\"Home\",\"item\":\"https:\\\/\\\/thern.com\\\/it\\\/\"},{\"@type\":\"ListItem\",\"position\":2,\"name\":\"About\"}]},{\"@type\":\"WebSite\",\"@id\":\"https:\\\/\\\/thern.com\\\/it\\\/#website\",\"url\":\"https:\\\/\\\/thern.com\\\/it\\\/\",\"name\":\"Thern\u00ae Winches &amp; Cranes\",\"description\":\"Leave the Heavy Lifting to Us\",\"publisher\":{\"@id\":\"https:\\\/\\\/thern.com\\\/it\\\/#organization\"},\"potentialAction\":[{\"@type\":\"SearchAction\",\"target\":{\"@type\":\"EntryPoint\",\"urlTemplate\":\"https:\\\/\\\/thern.com\\\/it\\\/?s={search_term_string}\"},\"query-input\":{\"@type\":\"PropertyValueSpecification\",\"valueRequired\":true,\"valueName\":\"search_term_string\"}}],\"inLanguage\":\"it-IT\"},{\"@type\":\"Organization\",\"@id\":\"https:\\\/\\\/thern.com\\\/it\\\/#organization\",\"name\":\"Thern\u00ae Winches &amp; Cranes\",\"url\":\"https:\\\/\\\/thern.com\\\/it\\\/\",\"logo\":{\"@type\":\"ImageObject\",\"inLanguage\":\"it-IT\",\"@id\":\"https:\\\/\\\/thern.com\\\/it\\\/#\\\/schema\\\/logo\\\/image\\\/\",\"url\":\"https:\\\/\\\/thern.com\\\/wp-content\\\/uploads\\\/2023\\\/11\\\/Logo_SaveForWeb-outline-FINAL-01.svg\",\"contentUrl\":\"https:\\\/\\\/thern.com\\\/wp-content\\\/uploads\\\/2023\\\/11\\\/Logo_SaveForWeb-outline-FINAL-01.svg\",\"caption\":\"Thern\u00ae Winches &amp; Cranes\"},\"image\":{\"@id\":\"https:\\\/\\\/thern.com\\\/it\\\/#\\\/schema\\\/logo\\\/image\\\/\"},\"sameAs\":[\"https:\\\/\\\/www.facebook.com\\\/ThernInc\\\/\",\"https:\\\/\\\/www.linkedin.com\\\/company\\\/thern-inc-\\\/\",\"https:\\\/\\\/www.youtube.com\\\/user\\\/ThernStage\"]}]}<\/script>\n<!-- \/ Yoast SEO plugin. -->","yoast_head_json":{"title":"Thern, Inc.: Chi siamo: argani e gru di alta qualit\u00e0 realizzati negli Stati Uniti","description":"Thern, Inc. \u00e8 un produttore di argani e gru a conduzione familiare con sede nel cuore del Midwest degli Stati Uniti.","robots":{"index":"index","follow":"follow","max-snippet":"max-snippet:-1","max-image-preview":"max-image-preview:large","max-video-preview":"max-video-preview:-1"},"canonical":"https:\/\/thern.com\/it\/about\/","og_locale":"it_IT","og_type":"article","og_title":"Thern, Inc.: Chi siamo: argani e gru di alta qualit\u00e0 realizzati negli Stati Uniti","og_description":"Thern, Inc. \u00e8 un produttore di argani e gru a conduzione familiare con sede nel cuore del Midwest degli Stati Uniti.","og_url":"https:\/\/thern.com\/it\/about\/","og_site_name":"Thern\u00ae Winches &amp; Cranes","article_publisher":"https:\/\/www.facebook.com\/ThernInc\/","article_modified_time":"2023-09-26T22:38:02+00:00","twitter_card":"summary_large_image","twitter_misc":{"Tempo di lettura stimato":"1 minuto"},"schema":{"@context":"https:\/\/schema.org","@graph":[{"@type":"WebPage","@id":"https:\/\/thern.com\/it\/about\/","url":"https:\/\/thern.com\/it\/about\/","name":"Thern, Inc.: Chi siamo: argani e gru di alta qualit\u00e0 realizzati negli Stati Uniti","isPartOf":{"@id":"https:\/\/thern.com\/it\/#website"},"datePublished":"2023-07-11T18:48:46+00:00","dateModified":"2023-09-26T22:38:02+00:00","description":"Thern, Inc. \u00e8 un produttore di argani e gru a conduzione familiare con sede nel cuore del Midwest degli Stati Uniti.","breadcrumb":{"@id":"https:\/\/thern.com\/it\/about\/#breadcrumb"},"inLanguage":"it-IT","potentialAction":[{"@type":"ReadAction","target":["https:\/\/thern.com\/it\/about\/"]}]},{"@type":"BreadcrumbList","@id":"https:\/\/thern.com\/it\/about\/#breadcrumb","itemListElement":[{"@type":"ListItem","position":1,"name":"Home","item":"https:\/\/thern.com\/it\/"},{"@type":"ListItem","position":2,"name":"About"}]},{"@type":"WebSite","@id":"https:\/\/thern.com\/it\/#website","url":"https:\/\/thern.com\/it\/","name":"Thern\u00ae Winches &amp; Cranes","description":"Leave the Heavy Lifting to Us","publisher":{"@id":"https:\/\/thern.com\/it\/#organization"},"potentialAction":[{"@type":"SearchAction","target":{"@type":"EntryPoint","urlTemplate":"https:\/\/thern.com\/it\/?s={search_term_string}"},"query-input":{"@type":"PropertyValueSpecification","valueRequired":true,"valueName":"search_term_string"}}],"inLanguage":"it-IT"},{"@type":"Organization","@id":"https:\/\/thern.com\/it\/#organization","name":"Thern\u00ae Winches &amp; Cranes","url":"https:\/\/thern.com\/it\/","logo":{"@type":"ImageObject","inLanguage":"it-IT","@id":"https:\/\/thern.com\/it\/#\/schema\/logo\/image\/","url":"https:\/\/thern.com\/wp-content\/uploads\/2023\/11\/Logo_SaveForWeb-outline-FINAL-01.svg","contentUrl":"https:\/\/thern.com\/wp-content\/uploads\/2023\/11\/Logo_SaveForWeb-outline-FINAL-01.svg","caption":"Thern\u00ae Winches &amp; Cranes"},"image":{"@id":"https:\/\/thern.com\/it\/#\/schema\/logo\/image\/"},"sameAs":["https:\/\/www.facebook.com\/ThernInc\/","https:\/\/www.linkedin.com\/company\/thern-inc-\/","https:\/\/www.youtube.com\/user\/ThernStage"]}]}},"_links":{"self":[{"href":"https:\/\/thern.com\/it\/wp-json\/wp\/v2\/pages\/30530","targetHints":{"allow":["GET"]}}],"collection":[{"href":"https:\/\/thern.com\/it\/wp-json\/wp\/v2\/pages"}],"about":[{"href":"https:\/\/thern.com\/it\/wp-json\/wp\/v2\/types\/page"}],"author":[{"embeddable":true,"href":"https:\/\/thern.com\/it\/wp-json\/wp\/v2\/users\/1"}],"replies":[{"embeddable":true,"href":"https:\/\/thern.com\/it\/wp-json\/wp\/v2\/comments?post=30530"}],"version-history":[{"count":0,"href":"https:\/\/thern.com\/it\/wp-json\/wp\/v2\/pages\/30530\/revisions"}],"wp:attachment":[{"href":"https:\/\/thern.com\/it\/wp-json\/wp\/v2\/media?parent=30530"}],"curies":[{"name":"wp","href":"https:\/\/api.w.org\/{rel}","templated":true}]}}