{"id":30296,"date":"2023-08-17T16:13:10","date_gmt":"2023-08-17T16:13:10","guid":{"rendered":"https:\/\/therninc.wpenginepowered.com\/portfolio\/audubon-bridge\/"},"modified":"2023-09-26T18:03:47","modified_gmt":"2023-09-26T18:03:47","slug":"audubon-bridge","status":"publish","type":"page","link":"https:\/\/thern.com\/it\/portfolio\/audubon-bridge\/","title":{"rendered":"Audubon Bridge"},"content":{"rendered":"<div class=\"wpb-content-wrapper\"><p>[vc_section full_width=&#8221;stretch_row&#8221; content_placement=&#8221;middle&#8221; css=&#8221;.vc_custom_1693342768620{padding-top: 0px !important;background-image: url(https:\/\/thern.com\/wp-content\/uploads\/2023\/07\/Thern-Inc_Portfolio-Hero.jpg?id=481) !important;background-position: center !important;background-repeat: no-repeat !important;background-size: cover !important;}&#8221;][vc_row full_width=&#8221;stretch_row&#8221; css=&#8221;.vc_custom_1694633974358{padding-top: 50px !important;padding-bottom: 70px !important;background-color: rgba(0,0,0,0.5) !important;*background-color: rgb(0,0,0) !important;}&#8221;][vc_column][vc_custom_heading text=&#8221;Portafoglio&#8221; font_container=&#8221;tag:h1|text_align:left|color:%23ffffff&#8221; use_theme_fonts=&#8221;yes&#8221; css_animation=&#8221;fadeInLeft&#8221;][\/vc_column][\/vc_row][\/vc_section][vc_row full_width=&#8221;stretch_row&#8221; equal_height=&#8221;yes&#8221; content_placement=&#8221;middle&#8221; css=&#8221;.vc_custom_1689180629506{padding-bottom: 35px !important;background-color: #c71a32 !important;}&#8221;][vc_column width=&#8221;2\/3&#8243;][vc_custom_heading text=&#8221;Argano del ponte Audubon&#8221; font_container=&#8221;tag:h2|text_align:left|color:%23ffffff&#8221; use_theme_fonts=&#8221;yes&#8221; css_animation=&#8221;fadeInLeft&#8221;][\/vc_column][vc_column width=&#8221;1\/3&#8243;][\/vc_column][\/vc_row][vc_row equal_height=&#8221;yes&#8221; css=&#8221;.vc_custom_1693342778202{padding-bottom: 35px !important;}&#8221;][vc_column css_animation=&#8221;fadeInLeft&#8221; width=&#8221;1\/2&#8243;][vc_column_text]<\/p>\n<section class=\"av_textblock_section\">\n<div class=\"avia_textblock\">\n<p><strong>Argano per strallo a ponte progettato e costruito su misura per il progetto del ponte John James Audubon<\/strong><\/p>\n<p>Gli stralli del ponte Audubon sono stati posizionati con argani per stralli Thern per impieghi gravosi.<\/p>\n<p>Dotato di corsie di marcia larghe 11 piedi per ogni direzione, di una spalla esterna larga 8 piedi e di una spalla interna larga 2 piedi, l&#8217;impalcato del ponte \u00e8 sostenuto da 136 stralli, ciascuno dei quali \u00e8 ancorato a una delle due torri alte 520 piedi del ponte. Ciascuna torre \u00e8 ancorata da 42 pozzi trivellati, infissi a 180 piedi nell&#8217;alveo del fiume.<\/p>\n<\/div>\n<\/section>\n<p>[\/vc_column_text][vc_btn title=&#8221;Torna al portafoglio&#8221; style=&#8221;custom&#8221; custom_background=&#8221;#c71a32&#8243; custom_text=&#8221;#ffffff&#8221; shape=&#8221;square&#8221; size=&#8221;lg&#8221; align=&#8221;left&#8221; i_icon_fontawesome=&#8221;fas fa-angle-left&#8221; add_icon=&#8221;true&#8221; link=&#8221;url:https%3A%2F%2Fthern.com%2Fit%2Fportfolio%2F|title:Portafoglio|&#8221;][\/vc_column][vc_column css_animation=&#8221;fadeInRight&#8221; width=&#8221;1\/2&#8243;][vc_gallery type=&#8221;flexslider_slide&#8221; interval=&#8221;0&#8243; images=&#8221;23795,23796,23797&#8243; img_size=&#8221;full&#8221; onclick=&#8221;&#8221;][vc_single_image image=&#8221;22881&#8243; img_size=&#8221;full&#8221; alignment=&#8221;center&#8221;][\/vc_column][\/vc_row][vc_row full_width=&#8221;stretch_row&#8221; css=&#8221;.vc_custom_1693342815377{padding-top: 35px !important;padding-bottom: 35px !important;background-color: #efefef !important;}&#8221;][vc_column width=&#8221;1\/6&#8243;][\/vc_column][vc_column css_animation=&#8221;fadeInUp&#8221; width=&#8221;4\/6&#8243;][vc_custom_heading text=&#8221;Siamo qui per aiutarvi&#8221; font_container=&#8221;tag:h2|text_align:center|color:%230a0a0a&#8221; use_theme_fonts=&#8221;yes&#8221; css=&#8221;.vc_custom_1689180978485{margin-bottom: 0px !important;}&#8221;][vc_column_text]<\/p>\n<p style=\"text-align: center;\">Avete domande? Il personale di vendita e assistenza di Thern, cordiale e competente, \u00e8 pronto ad assistervi.<\/p>\n<p>[\/vc_column_text][vc_btn title=&#8221;Contatto&#8221; style=&#8221;custom&#8221; custom_background=&#8221;#c71a32&#8243; custom_text=&#8221;#ffffff&#8221; shape=&#8221;square&#8221; size=&#8221;lg&#8221; align=&#8221;center&#8221; i_align=&#8221;right&#8221; i_icon_fontawesome=&#8221;fas fa-angle-right&#8221; add_icon=&#8221;true&#8221; link=&#8221;url:https%3A%2F%2Fthern.com%2Fcontact%2F|title:Contatto|&#8221;][\/vc_column][vc_column width=&#8221;1\/6&#8243;][\/vc_column][\/vc_row]<\/p>\n<\/div>","protected":false},"excerpt":{"rendered":"<p>[vc_section full_width=&#8221;stretch_row&#8221; content_placement=&#8221;middle&#8221; css=&#8221;.vc_custom_1693342768620{padding-top: 0px !important;background-image: url(https:\/\/thern.com\/wp-content\/uploads\/2023\/07\/Thern-Inc_Portfolio-Hero.jpg?id=481) !important;background-position: center !important;background-repeat: no-repeat !important;background-size: cover !important;}&#8221;][vc_row full_width=&#8221;stretch_row&#8221; css=&#8221;.vc_custom_1694633974358{padding-top: 50px !important;padding-bottom: 70px !important;background-color: rgba(0,0,0,0.5) !important;*background-color: rgb(0,0,0) !important;}&#8221;][vc_column][vc_custom_heading text=&#8221;Portafoglio&#8221; font_container=&#8221;tag:h1|text_align:left|color:%23ffffff&#8221; use_theme_fonts=&#8221;yes&#8221; css_animation=&#8221;fadeInLeft&#8221;][\/vc_column][\/vc_row][\/vc_section][vc_row full_width=&#8221;stretch_row&#8221; equal_height=&#8221;yes&#8221; content_placement=&#8221;middle&#8221; css=&#8221;.vc_custom_1689180629506{padding-bottom: 35px !important;background-color: #c71a32 !important;}&#8221;][vc_column width=&#8221;2\/3&#8243;][vc_custom_heading text=&#8221;Argano del ponte Audubon&#8221; font_container=&#8221;tag:h2|text_align:left|color:%23ffffff&#8221; use_theme_fonts=&#8221;yes&#8221; css_animation=&#8221;fadeInLeft&#8221;][\/vc_column][vc_column width=&#8221;1\/3&#8243;][\/vc_column][\/vc_row][vc_row equal_height=&#8221;yes&#8221; css=&#8221;.vc_custom_1693342778202{padding-bottom: 35px !important;}&#8221;][vc_column css_animation=&#8221;fadeInLeft&#8221; width=&#8221;1\/2&#8243;][vc_column_text] Argano per strallo a &#8230; <a title=\"Audubon Bridge\" class=\"read-more\" href=\"https:\/\/thern.com\/it\/portfolio\/audubon-bridge\/\" aria-label=\"More on Audubon Bridge\">Read more<\/a><\/p>\n","protected":false},"author":1,"featured_media":0,"parent":30092,"menu_order":0,"comment_status":"closed","ping_status":"closed","template":"","meta":{"footnotes":""},"class_list":["post-30296","page","type-page","status-publish"],"yoast_head":"<!-- This site is optimized with the Yoast SEO plugin v27.4 - https:\/\/yoast.com\/product\/yoast-seo-wordpress\/ -->\n<title>Argano a strallo per cavi del ponte Audubon - Progetti di ingegneria personalizzata | Thern<\/title>\n<meta name=\"description\" content=\"Progettati e costruiti su misura per il progetto del ponte John James Audubon, gli stralli sono stati posizionati con argani per stralli Thern per impieghi gravosi.\" \/>\n<meta name=\"robots\" content=\"index, follow, max-snippet:-1, max-image-preview:large, max-video-preview:-1\" \/>\n<link rel=\"canonical\" href=\"https:\/\/thern.com\/it\/portfolio\/audubon-bridge\/\" \/>\n<meta property=\"og:locale\" content=\"it_IT\" \/>\n<meta property=\"og:type\" content=\"article\" \/>\n<meta property=\"og:title\" content=\"Argano a strallo per cavi del ponte Audubon - Progetti di ingegneria personalizzata | Thern\" \/>\n<meta property=\"og:description\" content=\"Progettati e costruiti su misura per il progetto del ponte John James Audubon, gli stralli sono stati posizionati con argani per stralli Thern per impieghi gravosi.\" \/>\n<meta property=\"og:url\" content=\"https:\/\/thern.com\/it\/portfolio\/audubon-bridge\/\" \/>\n<meta property=\"og:site_name\" content=\"Thern\u00ae Winches &amp; Cranes\" \/>\n<meta property=\"article:publisher\" content=\"https:\/\/www.facebook.com\/ThernInc\/\" \/>\n<meta property=\"article:modified_time\" content=\"2023-09-26T18:03:47+00:00\" \/>\n<meta name=\"twitter:card\" content=\"summary_large_image\" \/>\n<meta name=\"twitter:label1\" content=\"Tempo di lettura stimato\" \/>\n\t<meta name=\"twitter:data1\" content=\"1 minuto\" \/>\n<script type=\"application\/ld+json\" class=\"yoast-schema-graph\">{\"@context\":\"https:\\\/\\\/schema.org\",\"@graph\":[{\"@type\":\"WebPage\",\"@id\":\"https:\\\/\\\/thern.com\\\/it\\\/portfolio\\\/audubon-bridge\\\/\",\"url\":\"https:\\\/\\\/thern.com\\\/it\\\/portfolio\\\/audubon-bridge\\\/\",\"name\":\"Argano a strallo per cavi del ponte Audubon - Progetti di ingegneria personalizzata | Thern\",\"isPartOf\":{\"@id\":\"https:\\\/\\\/thern.com\\\/it\\\/#website\"},\"datePublished\":\"2023-08-17T16:13:10+00:00\",\"dateModified\":\"2023-09-26T18:03:47+00:00\",\"description\":\"Progettati e costruiti su misura per il progetto del ponte John James Audubon, gli stralli sono stati posizionati con argani per stralli Thern per impieghi gravosi.\",\"breadcrumb\":{\"@id\":\"https:\\\/\\\/thern.com\\\/it\\\/portfolio\\\/audubon-bridge\\\/#breadcrumb\"},\"inLanguage\":\"it-IT\",\"potentialAction\":[{\"@type\":\"ReadAction\",\"target\":[\"https:\\\/\\\/thern.com\\\/it\\\/portfolio\\\/audubon-bridge\\\/\"]}]},{\"@type\":\"BreadcrumbList\",\"@id\":\"https:\\\/\\\/thern.com\\\/it\\\/portfolio\\\/audubon-bridge\\\/#breadcrumb\",\"itemListElement\":[{\"@type\":\"ListItem\",\"position\":1,\"name\":\"Home\",\"item\":\"https:\\\/\\\/thern.com\\\/it\\\/\"},{\"@type\":\"ListItem\",\"position\":2,\"name\":\"Portfolio\",\"item\":\"https:\\\/\\\/thern.com\\\/it\\\/portfolio\\\/\"},{\"@type\":\"ListItem\",\"position\":3,\"name\":\"Audubon Bridge\"}]},{\"@type\":\"WebSite\",\"@id\":\"https:\\\/\\\/thern.com\\\/it\\\/#website\",\"url\":\"https:\\\/\\\/thern.com\\\/it\\\/\",\"name\":\"Thern\u00ae Winches &amp; Cranes\",\"description\":\"Leave the Heavy Lifting to Us\",\"publisher\":{\"@id\":\"https:\\\/\\\/thern.com\\\/it\\\/#organization\"},\"potentialAction\":[{\"@type\":\"SearchAction\",\"target\":{\"@type\":\"EntryPoint\",\"urlTemplate\":\"https:\\\/\\\/thern.com\\\/it\\\/?s={search_term_string}\"},\"query-input\":{\"@type\":\"PropertyValueSpecification\",\"valueRequired\":true,\"valueName\":\"search_term_string\"}}],\"inLanguage\":\"it-IT\"},{\"@type\":\"Organization\",\"@id\":\"https:\\\/\\\/thern.com\\\/it\\\/#organization\",\"name\":\"Thern\u00ae Winches &amp; Cranes\",\"url\":\"https:\\\/\\\/thern.com\\\/it\\\/\",\"logo\":{\"@type\":\"ImageObject\",\"inLanguage\":\"it-IT\",\"@id\":\"https:\\\/\\\/thern.com\\\/it\\\/#\\\/schema\\\/logo\\\/image\\\/\",\"url\":\"https:\\\/\\\/thern.com\\\/wp-content\\\/uploads\\\/2023\\\/11\\\/Logo_SaveForWeb-outline-FINAL-01.svg\",\"contentUrl\":\"https:\\\/\\\/thern.com\\\/wp-content\\\/uploads\\\/2023\\\/11\\\/Logo_SaveForWeb-outline-FINAL-01.svg\",\"caption\":\"Thern\u00ae Winches &amp; Cranes\"},\"image\":{\"@id\":\"https:\\\/\\\/thern.com\\\/it\\\/#\\\/schema\\\/logo\\\/image\\\/\"},\"sameAs\":[\"https:\\\/\\\/www.facebook.com\\\/ThernInc\\\/\",\"https:\\\/\\\/www.linkedin.com\\\/company\\\/thern-inc-\\\/\",\"https:\\\/\\\/www.youtube.com\\\/user\\\/ThernStage\"]}]}<\/script>\n<!-- \/ Yoast SEO plugin. -->","yoast_head_json":{"title":"Argano a strallo per cavi del ponte Audubon - Progetti di ingegneria personalizzata | Thern","description":"Progettati e costruiti su misura per il progetto del ponte John James Audubon, gli stralli sono stati posizionati con argani per stralli Thern per impieghi gravosi.","robots":{"index":"index","follow":"follow","max-snippet":"max-snippet:-1","max-image-preview":"max-image-preview:large","max-video-preview":"max-video-preview:-1"},"canonical":"https:\/\/thern.com\/it\/portfolio\/audubon-bridge\/","og_locale":"it_IT","og_type":"article","og_title":"Argano a strallo per cavi del ponte Audubon - Progetti di ingegneria personalizzata | Thern","og_description":"Progettati e costruiti su misura per il progetto del ponte John James Audubon, gli stralli sono stati posizionati con argani per stralli Thern per impieghi gravosi.","og_url":"https:\/\/thern.com\/it\/portfolio\/audubon-bridge\/","og_site_name":"Thern\u00ae Winches &amp; Cranes","article_publisher":"https:\/\/www.facebook.com\/ThernInc\/","article_modified_time":"2023-09-26T18:03:47+00:00","twitter_card":"summary_large_image","twitter_misc":{"Tempo di lettura stimato":"1 minuto"},"schema":{"@context":"https:\/\/schema.org","@graph":[{"@type":"WebPage","@id":"https:\/\/thern.com\/it\/portfolio\/audubon-bridge\/","url":"https:\/\/thern.com\/it\/portfolio\/audubon-bridge\/","name":"Argano a strallo per cavi del ponte Audubon - Progetti di ingegneria personalizzata | Thern","isPartOf":{"@id":"https:\/\/thern.com\/it\/#website"},"datePublished":"2023-08-17T16:13:10+00:00","dateModified":"2023-09-26T18:03:47+00:00","description":"Progettati e costruiti su misura per il progetto del ponte John James Audubon, gli stralli sono stati posizionati con argani per stralli Thern per impieghi gravosi.","breadcrumb":{"@id":"https:\/\/thern.com\/it\/portfolio\/audubon-bridge\/#breadcrumb"},"inLanguage":"it-IT","potentialAction":[{"@type":"ReadAction","target":["https:\/\/thern.com\/it\/portfolio\/audubon-bridge\/"]}]},{"@type":"BreadcrumbList","@id":"https:\/\/thern.com\/it\/portfolio\/audubon-bridge\/#breadcrumb","itemListElement":[{"@type":"ListItem","position":1,"name":"Home","item":"https:\/\/thern.com\/it\/"},{"@type":"ListItem","position":2,"name":"Portfolio","item":"https:\/\/thern.com\/it\/portfolio\/"},{"@type":"ListItem","position":3,"name":"Audubon Bridge"}]},{"@type":"WebSite","@id":"https:\/\/thern.com\/it\/#website","url":"https:\/\/thern.com\/it\/","name":"Thern\u00ae Winches &amp; Cranes","description":"Leave the Heavy Lifting to Us","publisher":{"@id":"https:\/\/thern.com\/it\/#organization"},"potentialAction":[{"@type":"SearchAction","target":{"@type":"EntryPoint","urlTemplate":"https:\/\/thern.com\/it\/?s={search_term_string}"},"query-input":{"@type":"PropertyValueSpecification","valueRequired":true,"valueName":"search_term_string"}}],"inLanguage":"it-IT"},{"@type":"Organization","@id":"https:\/\/thern.com\/it\/#organization","name":"Thern\u00ae Winches &amp; Cranes","url":"https:\/\/thern.com\/it\/","logo":{"@type":"ImageObject","inLanguage":"it-IT","@id":"https:\/\/thern.com\/it\/#\/schema\/logo\/image\/","url":"https:\/\/thern.com\/wp-content\/uploads\/2023\/11\/Logo_SaveForWeb-outline-FINAL-01.svg","contentUrl":"https:\/\/thern.com\/wp-content\/uploads\/2023\/11\/Logo_SaveForWeb-outline-FINAL-01.svg","caption":"Thern\u00ae Winches &amp; Cranes"},"image":{"@id":"https:\/\/thern.com\/it\/#\/schema\/logo\/image\/"},"sameAs":["https:\/\/www.facebook.com\/ThernInc\/","https:\/\/www.linkedin.com\/company\/thern-inc-\/","https:\/\/www.youtube.com\/user\/ThernStage"]}]}},"_links":{"self":[{"href":"https:\/\/thern.com\/it\/wp-json\/wp\/v2\/pages\/30296","targetHints":{"allow":["GET"]}}],"collection":[{"href":"https:\/\/thern.com\/it\/wp-json\/wp\/v2\/pages"}],"about":[{"href":"https:\/\/thern.com\/it\/wp-json\/wp\/v2\/types\/page"}],"author":[{"embeddable":true,"href":"https:\/\/thern.com\/it\/wp-json\/wp\/v2\/users\/1"}],"replies":[{"embeddable":true,"href":"https:\/\/thern.com\/it\/wp-json\/wp\/v2\/comments?post=30296"}],"version-history":[{"count":0,"href":"https:\/\/thern.com\/it\/wp-json\/wp\/v2\/pages\/30296\/revisions"}],"up":[{"embeddable":true,"href":"https:\/\/thern.com\/it\/wp-json\/wp\/v2\/pages\/30092"}],"wp:attachment":[{"href":"https:\/\/thern.com\/it\/wp-json\/wp\/v2\/media?parent=30296"}],"curies":[{"name":"wp","href":"https:\/\/api.w.org\/{rel}","templated":true}]}}