{"id":30092,"date":"2023-07-12T16:52:07","date_gmt":"2023-07-12T16:52:07","guid":{"rendered":"https:\/\/therninc.wpenginepowered.com\/portfolio\/"},"modified":"2023-11-01T18:42:13","modified_gmt":"2023-11-01T18:42:13","slug":"portfolio","status":"publish","type":"page","link":"https:\/\/thern.com\/it\/portfolio\/","title":{"rendered":"Portfolio"},"content":{"rendered":"<div class=\"wpb-content-wrapper\"><p>[vc_section full_width=&#8221;stretch_row&#8221; full_height=&#8221;yes&#8221; content_placement=&#8221;bottom&#8221; css=&#8221;.vc_custom_1689181163916{background-image: url(https:\/\/thern.com\/wp-content\/uploads\/2023\/07\/Thern-Inc_Portfolio-Hero.jpg?id=481) !important;background-position: center !important;background-repeat: no-repeat !important;background-size: cover !important;}&#8221;][vc_row full_width=&#8221;stretch_row&#8221; css=&#8221;.vc_custom_1689100740503{padding-bottom: 95px !important;background-color: rgba(0,0,0,0.5) !important;*background-color: rgb(0,0,0) !important;}&#8221;][vc_column][vc_custom_heading text=&#8221;Portafoglio&#8221; font_container=&#8221;tag:h1|text_align:left|color:%23ffffff&#8221; use_theme_fonts=&#8221;yes&#8221; css_animation=&#8221;fadeInLeft&#8221;][\/vc_column][\/vc_row][\/vc_section][vc_row full_width=&#8221;stretch_row&#8221; equal_height=&#8221;yes&#8221; content_placement=&#8221;middle&#8221; css=&#8221;.vc_custom_1689180629506{padding-bottom: 35px !important;background-color: #c71a32 !important;}&#8221;][vc_column css_animation=&#8221;fadeInLeft&#8221; width=&#8221;1\/2&#8243;][vc_custom_heading text=&#8221;Progetti di argani e gru Thern&#8221; font_container=&#8221;tag:h2|text_align:left|color:%23ffffff&#8221; use_theme_fonts=&#8221;yes&#8221;][\/vc_column][vc_column css_animation=&#8221;fadeInRight&#8221; width=&#8221;1\/2&#8243;][vc_column_text css=&#8221;.vc_custom_1695743754935{margin-bottom: 0px !important;}&#8221;]<span style=\"color: #ffffff;\">Unsere Winden und Kr\u00e4ne spielen eine essenzielle Rolle in den Herzen von Amerikas gr\u00f6\u00dften und prominentesten Projekten. Bei anspruchsvollen Projekten k\u00f6nnen Sie sich auf die Leistung von Therns Maschinen verlassen. Unsere Expertise mit kundenspezifischen Sonderbauten erlaubt es uns, Winden und Kr\u00e4ne f\u00fcr fast jede Anwendung herzustellen.<\/span>[\/vc_column_text][\/vc_column][\/vc_row][vc_row full_width=&#8221;stretch_row&#8221; equal_height=&#8221;yes&#8221; content_placement=&#8221;middle&#8221; css=&#8221;.vc_custom_1689181121051{background-color: #ececec !important;}&#8221;][vc_column css_animation=&#8221;fadeInUp&#8221; width=&#8221;1\/2&#8243;][vc_custom_heading text=&#8221;ESPLORA LE NOSTRE SOLUZIONI DI SOLLEVAMENTO UNICHE E PERSONALIZZATE, PROGETTATE E IMPLEMENTATE IN UN&#8217;AMPIA VARIET\u00c0 DI APPLICAZIONI QUI SOTTO!&#8221; font_container=&#8221;tag:h6|text_align:left|color:%23990000&#8243; use_theme_fonts=&#8221;yes&#8221;][\/vc_column][vc_column width=&#8221;1\/2&#8243;][\/vc_column][\/vc_row][vc_section][vc_row full_width=&#8221;stretch_row&#8221; gap=&#8221;3&#8243; css_animation=&#8221;none&#8221; el_class=&#8221;industries-row white-arrow&#8221; css=&#8221;.vc_custom_1698864119086{background-color: #ececec !important;}&#8221;][vc_column css_animation=&#8221;fadeInUp&#8221; width=&#8221;1\/3&#8243; css=&#8221;.vc_custom_1695047052969{background-image: url(https:\/\/thern.com\/wp-content\/uploads\/2023\/07\/Thern-TimesSquare.jpg?id=490) !important;background-position: center !important;background-repeat: no-repeat !important;background-size: cover !important;}&#8221;][vc_custom_heading text=&#8221;Times<br \/>\nSquare&#8221; font_container=&#8221;tag:h5|text_align:left|color:%23ffffff&#8221; use_theme_fonts=&#8221;yes&#8221; link=&#8221;url:%2Fit%2Fportfolio%2Ftimes-square%2F|title:View%20Times%20Square%20Portfolio&#8221;][\/vc_column][vc_column css_animation=&#8221;fadeInUp&#8221; width=&#8221;1\/3&#8243; css=&#8221;.vc_custom_1698781803422{background-image: url(https:\/\/thern.com\/wp-content\/uploads\/2023\/10\/Thern_Germany-WW-Treatment-Plant_One.jpg?id=32616) !important;background-position: center !important;background-repeat: no-repeat !important;background-size: cover !important;}&#8221;][vc_custom_heading text=&#8221;Germany<br \/>\nWastewater<br \/>\nTreatment<br \/>\nPlant&#8221; font_container=&#8221;tag:h5|text_align:left|color:%23ffffff&#8221; use_theme_fonts=&#8221;yes&#8221; link=&#8221;url:%2Fit%2Fportfolio%2Fgermany-wastewater-treatment-plant%2F|title:View%20Germany%20Wastewater%20Treatment%20Plant&#8221;][\/vc_column][vc_column css_animation=&#8221;fadeInUp&#8221; width=&#8221;1\/3&#8243; css=&#8221;.vc_custom_1695047062315{background-image: url(https:\/\/thern.com\/wp-content\/uploads\/2023\/07\/areostatproduction1.jpg?id=494) !important;background-position: center !important;background-repeat: no-repeat !important;background-size: cover !important;}&#8221;][vc_custom_heading text=&#8221;Waupaca<br \/>\nFoundry&#8221; font_container=&#8221;tag:h5|text_align:left|color:%23ffffff&#8221; use_theme_fonts=&#8221;yes&#8221; link=&#8221;url:%2Fit%2Fportfolio%2Fwaupaca-foundry%2F|title:View%20Waepaca%20Foundry%20Portfolio&#8221;][\/vc_column][\/vc_row][vc_row full_width=&#8221;stretch_row&#8221; gap=&#8221;3&#8243; css_animation=&#8221;none&#8221; el_class=&#8221;industries-row white-arrow&#8221; css=&#8221;.vc_custom_1698864127509{background-color: #ececec !important;}&#8221;][vc_column css_animation=&#8221;fadeInUp&#8221; width=&#8221;1\/3&#8243; css=&#8221;.vc_custom_1695047111637{background-image: url(https:\/\/thern.com\/wp-content\/uploads\/2023\/07\/shuttle-pad4.jpg?id=506) !important;background-position: center !important;background-repeat: no-repeat !important;background-size: cover !important;}&#8221;][vc_custom_heading text=&#8221;NASA<br \/>\nShuttle<br \/>\nPad&#8221; font_container=&#8221;tag:h5|text_align:left|color:%23ffffff&#8221; use_theme_fonts=&#8221;yes&#8221; link=&#8221;url:%2Fit%2Fportfolio%2Fnasa-shuttle-pad%2F|title:View%20NASA%20Shuttle%20Pad%20Portfolio&#8221;][\/vc_column][vc_column css_animation=&#8221;fadeInUp&#8221; width=&#8221;1\/3&#8243; css=&#8221;.vc_custom_1695047116554{background-image: url(https:\/\/thern.com\/wp-content\/uploads\/2023\/07\/radial3.jpg?id=504) !important;background-position: center !important;background-repeat: no-repeat !important;background-size: cover !important;}&#8221;][vc_custom_heading text=&#8221;Radial<br \/>\nGravel<br \/>\nStacker&#8221; font_container=&#8221;tag:h5|text_align:left|color:%23ffffff&#8221; use_theme_fonts=&#8221;yes&#8221; link=&#8221;url:%2Fit%2Fportfolio%2Fradial-gravel-stacker%2F|title:View%20Radial%20Gravel%20Stacker%20Portfolio&#8221;][\/vc_column][vc_column css_animation=&#8221;fadeInUp&#8221; width=&#8221;1\/3&#8243; css=&#8221;.vc_custom_1695047121233{background-image: url(https:\/\/thern.com\/wp-content\/uploads\/2023\/07\/BARGE-POSITIONING4.jpg?id=500) !important;background-position: center !important;background-repeat: no-repeat !important;background-size: cover !important;}&#8221;][vc_custom_heading text=&#8221;Barge<br \/>\nPositioning&#8221; font_container=&#8221;tag:h5|text_align:left|color:%23ffffff&#8221; use_theme_fonts=&#8221;yes&#8221; link=&#8221;url:%2Fit%2Fportfolio%2Fbarge-positioning%2F|title:View%20Barge%20Positioning%20Portfolio&#8221;][\/vc_column][\/vc_row][vc_row full_width=&#8221;stretch_row&#8221; gap=&#8221;3&#8243; css_animation=&#8221;none&#8221; el_class=&#8221;industries-row white-arrow&#8221; css=&#8221;.vc_custom_1698864132619{background-color: #ececec !important;}&#8221;][vc_column css_animation=&#8221;fadeInUp&#8221; width=&#8221;1\/3&#8243; css=&#8221;.vc_custom_1698781824646{background-image: url(https:\/\/thern.com\/wp-content\/uploads\/2023\/10\/Thern_Gantry-Davit-Crane_Four.jpg?id=32690) !important;background-position: center !important;background-repeat: no-repeat !important;background-size: cover !important;}&#8221;][vc_custom_heading text=&#8221;Gantry<br \/>\nDavit Crane&#8221; font_container=&#8221;tag:h5|text_align:left|color:%23ffffff&#8221; use_theme_fonts=&#8221;yes&#8221; link=&#8221;url:%2Fit%2Fportfolio%2Fgantry-davit-crane%2F|title:View%20Gantry%20Davit%20Crane&#8221;][\/vc_column][vc_column css_animation=&#8221;fadeInUp&#8221; width=&#8221;1\/3&#8243; css=&#8221;.vc_custom_1698782107938{background-image: url(https:\/\/thern.com\/wp-content\/uploads\/2023\/10\/Thern_Winch-Aerospace_Three.jpg?id=32712) !important;background-position: center !important;background-repeat: no-repeat !important;background-size: cover !important;}&#8221;][vc_custom_heading text=&#8221;Spain Winch<br \/>\nfor Aerospace&#8221; font_container=&#8221;tag:h5|text_align:left|color:%23ffffff&#8221; use_theme_fonts=&#8221;yes&#8221; link=&#8221;url:%2Fit%2Fportfolio%2Fspain-winch-for-aerospace%2F|title:Spain%20Winch%20for%20Aerospace&#8221;][\/vc_column][vc_column css_animation=&#8221;fadeInUp&#8221; width=&#8221;1\/3&#8243; css=&#8221;.vc_custom_1698782165141{background-image: url(https:\/\/thern.com\/wp-content\/uploads\/2023\/10\/Thern_Luxemburg-Wastewater_One.jpg?id=32755) !important;background-position: center !important;background-repeat: no-repeat !important;background-size: cover !important;}&#8221;][vc_custom_heading text=&#8221;Luxemburg<br \/>\nWastewater<br \/>\nTreatment<br \/>\nPlant&#8221; font_container=&#8221;tag:h5|text_align:left|color:%23ffffff&#8221; use_theme_fonts=&#8221;yes&#8221; link=&#8221;url:%2Fit%2Fportfolio%2Fluxemburg-wastewater-treatment-plant%2F|title:Luxemburg%20Wastewater%20Treatment%20Plant&#8221;][\/vc_column][\/vc_row][vc_row full_width=&#8221;stretch_row&#8221; gap=&#8221;3&#8243; css_animation=&#8221;none&#8221; el_class=&#8221;industries-row white-arrow&#8221; css=&#8221;.vc_custom_1698864138076{background-color: #ececec !important;}&#8221;][vc_column css_animation=&#8221;fadeInUp&#8221; width=&#8221;1\/3&#8243; css=&#8221;.vc_custom_1698782213609{background-image: url(https:\/\/thern.com\/wp-content\/uploads\/2023\/10\/Thern_Nachtmanderscheid_Seven.jpg?id=32919) !important;background-position: center !important;background-repeat: no-repeat !important;background-size: cover !important;}&#8221;][vc_custom_heading text=&#8221;Luxemburg<br \/>\nWastewater<br \/>\nNachtmander-<br \/>\nscheid and<br \/>\nPutscheid&#8221; font_container=&#8221;tag:h5|text_align:left|color:%23ffffff&#8221; use_theme_fonts=&#8221;yes&#8221; link=&#8221;url:%2Fit%2Fportfolio%2Fluxemburg-wastewater-nachtmanderscheid-putscheid%2F|title:View%20Luxemburg%20Wastewater%20Nachtmanderscheid%20and%20Putscheid&#8221;][\/vc_column][vc_column css_animation=&#8221;fadeInUp&#8221; width=&#8221;1\/3&#8243; css=&#8221;.vc_custom_1698782238184{background-image: url(https:\/\/thern.com\/wp-content\/uploads\/2023\/10\/Thern_Spain-WW-Meat-Process_One.jpg?id=32973) !important;background-position: center !important;background-repeat: no-repeat !important;background-size: cover !important;}&#8221;][vc_custom_heading text=&#8221;Spain<br \/>\nWastewater<br \/>\nfor Meat<br \/>\nProcessing&#8221; font_container=&#8221;tag:h5|text_align:left|color:%23ffffff&#8221; use_theme_fonts=&#8221;yes&#8221; link=&#8221;url:%2Fit%2Fportfolio%2Fspain-wastewater-for-meat-processing%2F|title:View%20Spain%20Wastewater%20for%20Meat%20Processing&#8221;][\/vc_column][vc_column css_animation=&#8221;fadeInUp&#8221; width=&#8221;1\/3&#8243; css=&#8221;.vc_custom_1698782262751{background-image: url(https:\/\/thern.com\/wp-content\/uploads\/2023\/10\/Thern_Denmark-WW-Treatment_Seven.jpg?id=33005) !important;background-position: center !important;background-repeat: no-repeat !important;background-size: cover !important;}&#8221;][vc_custom_heading text=&#8221;Denmark<br \/>\nWastewater<br \/>\nTreatment<br \/>\nAalborg&#8221; font_container=&#8221;tag:h5|text_align:left|color:%23ffffff&#8221; use_theme_fonts=&#8221;yes&#8221; link=&#8221;url:%2Fit%2Fportfolio%2Fdenmark-wastewater-treatment-aalborg%2F|title:View%20Denmark%20Wastewater%20Treatment%20Aalborg&#8221;][\/vc_column][\/vc_row][vc_row full_width=&#8221;stretch_row&#8221; gap=&#8221;3&#8243; css_animation=&#8221;none&#8221; el_class=&#8221;industries-row white-arrow&#8221; css=&#8221;.vc_custom_1698864144071{padding-bottom: 35px !important;background-color: #ececec !important;}&#8221;][vc_column css_animation=&#8221;fadeInUp&#8221; width=&#8221;1\/3&#8243; css=&#8221;.vc_custom_1698782280131{background-image: url(https:\/\/thern.com\/wp-content\/uploads\/2023\/10\/Thern_Spain-Scotland-Renewable-Energy_Five.jpg?id=33065) !important;background-position: center !important;background-repeat: no-repeat !important;background-size: cover !important;}&#8221;][vc_custom_heading text=&#8221;Spain<br \/>\nand Scotland<br \/>\nRenewable<br \/>\nEnergy&#8221; font_container=&#8221;tag:h5|text_align:left|color:%23ffffff&#8221; use_theme_fonts=&#8221;yes&#8221; link=&#8221;url:%2Fit%2Fportfolio%2Fspain-scotland-renewable-energy%2F|title:View%20Spain%20and%20Scotland%20Renewable%20Energy&#8221;][\/vc_column][vc_column css_animation=&#8221;fadeInUp&#8221; width=&#8221;1\/3&#8243; css=&#8221;.vc_custom_1698782302025{background-image: url(https:\/\/thern.com\/wp-content\/uploads\/2023\/10\/Thern_Ireland-Atex-Rated-Zone_Two.jpg?id=33124) !important;background-position: center !important;background-repeat: no-repeat !important;background-size: cover !important;}&#8221;][vc_custom_heading text=&#8221;Ireland<br \/>\nAtex<br \/>\nRated Zone&#8221; font_container=&#8221;tag:h5|text_align:left|color:%23ffffff&#8221; use_theme_fonts=&#8221;yes&#8221; link=&#8221;url:%2Fit%2Fportfolio%2Fireland-atex-rated-zone%2F|title:View%20Ireland%20Atex%20Rated%20Zone&#8221;][\/vc_column][vc_column css_animation=&#8221;fadeInUp&#8221; width=&#8221;1\/3&#8243; css=&#8221;.vc_custom_1698782317262{background-image: url(https:\/\/thern.com\/wp-content\/uploads\/2023\/10\/Thern_United-Arab-Fire-Truck_One.jpg?id=33159) !important;background-position: center !important;background-repeat: no-repeat !important;background-size: cover !important;}&#8221;][vc_custom_heading text=&#8221;United Arab<br \/>\nEmirate<br \/>\nBristol<br \/>\nFire Truck&#8221; font_container=&#8221;tag:h5|text_align:left|color:%23ffffff&#8221; use_theme_fonts=&#8221;yes&#8221; link=&#8221;url:%2Fit%2Fportfolio%2Funited-arab-emirates-bristol-fire-truck%2F|title:View%20United%20Arab%20Emirates%20Bristol%20Fire%20Truck&#8221;][\/vc_column][\/vc_row][\/vc_section][vc_row css=&#8221;.vc_custom_1689183432752{padding-top: 35px !important;padding-bottom: 35px !important;}&#8221;][vc_column width=&#8221;1\/6&#8243;][\/vc_column][vc_column css_animation=&#8221;fadeInUp&#8221; width=&#8221;4\/6&#8243;][vc_custom_heading text=&#8221;Siamo qui per aiutare&#8221; font_container=&#8221;tag:h2|text_align:center|color:%230a0a0a&#8221; use_theme_fonts=&#8221;yes&#8221; css=&#8221;.vc_custom_1695755586505{margin-bottom: 0px !important;}&#8221;][vc_column_text css=&#8221;.vc_custom_1695755592590{margin-bottom: 25px !important;}&#8221;]<\/p>\n<p style=\"text-align: center;\">Hai domande? Il personale di vendita e di assistenza amichevole e competente di Thern \u00e8 pronto ad assistervi.<\/p>\n<p>[\/vc_column_text][vc_btn title=&#8221;Contattaci&#8221; style=&#8221;custom&#8221; custom_background=&#8221;#c71a32&#8243; custom_text=&#8221;#ffffff&#8221; shape=&#8221;square&#8221; size=&#8221;lg&#8221; align=&#8221;center&#8221; i_align=&#8221;right&#8221; i_icon_fontawesome=&#8221;fas fa-angle-right&#8221; add_icon=&#8221;true&#8221; link=&#8221;url:https%3A%2F%2Fthern.com%2Fit%2Fcontact%2F|title:Contact&#8221;][\/vc_column][vc_column width=&#8221;1\/6&#8243;][\/vc_column][\/vc_row]<\/p>\n<\/div>","protected":false},"excerpt":{"rendered":"<p>[vc_section full_width=&#8221;stretch_row&#8221; full_height=&#8221;yes&#8221; content_placement=&#8221;bottom&#8221; css=&#8221;.vc_custom_1689181163916{background-image: url(https:\/\/thern.com\/wp-content\/uploads\/2023\/07\/Thern-Inc_Portfolio-Hero.jpg?id=481) !important;background-position: center !important;background-repeat: no-repeat !important;background-size: cover !important;}&#8221;][vc_row full_width=&#8221;stretch_row&#8221; css=&#8221;.vc_custom_1689100740503{padding-bottom: 95px !important;background-color: rgba(0,0,0,0.5) !important;*background-color: rgb(0,0,0) !important;}&#8221;][vc_column][vc_custom_heading text=&#8221;Portafoglio&#8221; font_container=&#8221;tag:h1|text_align:left|color:%23ffffff&#8221; use_theme_fonts=&#8221;yes&#8221; css_animation=&#8221;fadeInLeft&#8221;][\/vc_column][\/vc_row][\/vc_section][vc_row full_width=&#8221;stretch_row&#8221; equal_height=&#8221;yes&#8221; content_placement=&#8221;middle&#8221; css=&#8221;.vc_custom_1689180629506{padding-bottom: 35px !important;background-color: #c71a32 !important;}&#8221;][vc_column css_animation=&#8221;fadeInLeft&#8221; width=&#8221;1\/2&#8243;][vc_custom_heading text=&#8221;Progetti di argani e gru Thern&#8221; font_container=&#8221;tag:h2|text_align:left|color:%23ffffff&#8221; use_theme_fonts=&#8221;yes&#8221;][\/vc_column][vc_column css_animation=&#8221;fadeInRight&#8221; width=&#8221;1\/2&#8243;][vc_column_text css=&#8221;.vc_custom_1695743754935{margin-bottom: 0px !important;}&#8221;]Unsere Winden und Kr\u00e4ne spielen eine essenzielle Rolle &#8230; <a title=\"Portfolio\" class=\"read-more\" href=\"https:\/\/thern.com\/it\/portfolio\/\" aria-label=\"More on Portfolio\">Read more<\/a><\/p>\n","protected":false},"author":1,"featured_media":0,"parent":0,"menu_order":0,"comment_status":"closed","ping_status":"closed","template":"","meta":{"footnotes":""},"class_list":["post-30092","page","type-page","status-publish"],"yoast_head":"<!-- This site is optimized with the Yoast SEO plugin v27.4 - https:\/\/yoast.com\/product\/yoast-seo-wordpress\/ -->\n<title>Thern, Inc: il nostro portfolio: esplora i nostri progetti di argani e gru<\/title>\n<meta name=\"description\" content=\"Le esclusive soluzioni di sollevamento personalizzate di Thern sono state progettate e implementate in un&#039;ampia variet\u00e0 di applicazioni e settori. Sfoglia i nostri progetti!\" \/>\n<meta name=\"robots\" content=\"index, follow, max-snippet:-1, max-image-preview:large, max-video-preview:-1\" \/>\n<link rel=\"canonical\" href=\"https:\/\/thern.com\/it\/portfolio\/\" \/>\n<meta property=\"og:locale\" content=\"it_IT\" \/>\n<meta property=\"og:type\" content=\"article\" \/>\n<meta property=\"og:title\" content=\"Thern, Inc: il nostro portfolio: esplora i nostri progetti di argani e gru\" \/>\n<meta property=\"og:description\" content=\"Le esclusive soluzioni di sollevamento personalizzate di Thern sono state progettate e implementate in un&#039;ampia variet\u00e0 di applicazioni e settori. Sfoglia i nostri progetti!\" \/>\n<meta property=\"og:url\" content=\"https:\/\/thern.com\/it\/portfolio\/\" \/>\n<meta property=\"og:site_name\" content=\"Thern\u00ae Winches &amp; Cranes\" \/>\n<meta property=\"article:publisher\" content=\"https:\/\/www.facebook.com\/ThernInc\/\" \/>\n<meta property=\"article:modified_time\" content=\"2023-11-01T18:42:13+00:00\" \/>\n<meta name=\"twitter:card\" content=\"summary_large_image\" \/>\n<meta name=\"twitter:label1\" content=\"Tempo di lettura stimato\" \/>\n\t<meta name=\"twitter:data1\" content=\"3 minuti\" \/>\n<script type=\"application\/ld+json\" class=\"yoast-schema-graph\">{\"@context\":\"https:\\\/\\\/schema.org\",\"@graph\":[{\"@type\":\"WebPage\",\"@id\":\"https:\\\/\\\/thern.com\\\/it\\\/portfolio\\\/\",\"url\":\"https:\\\/\\\/thern.com\\\/it\\\/portfolio\\\/\",\"name\":\"Thern, Inc: il nostro portfolio: esplora i nostri progetti di argani e gru\",\"isPartOf\":{\"@id\":\"https:\\\/\\\/thern.com\\\/it\\\/#website\"},\"datePublished\":\"2023-07-12T16:52:07+00:00\",\"dateModified\":\"2023-11-01T18:42:13+00:00\",\"description\":\"Le esclusive soluzioni di sollevamento personalizzate di Thern sono state progettate e implementate in un'ampia variet\u00e0 di applicazioni e settori. Sfoglia i nostri progetti!\",\"breadcrumb\":{\"@id\":\"https:\\\/\\\/thern.com\\\/it\\\/portfolio\\\/#breadcrumb\"},\"inLanguage\":\"it-IT\",\"potentialAction\":[{\"@type\":\"ReadAction\",\"target\":[\"https:\\\/\\\/thern.com\\\/it\\\/portfolio\\\/\"]}]},{\"@type\":\"BreadcrumbList\",\"@id\":\"https:\\\/\\\/thern.com\\\/it\\\/portfolio\\\/#breadcrumb\",\"itemListElement\":[{\"@type\":\"ListItem\",\"position\":1,\"name\":\"Home\",\"item\":\"https:\\\/\\\/thern.com\\\/it\\\/\"},{\"@type\":\"ListItem\",\"position\":2,\"name\":\"Portfolio\"}]},{\"@type\":\"WebSite\",\"@id\":\"https:\\\/\\\/thern.com\\\/it\\\/#website\",\"url\":\"https:\\\/\\\/thern.com\\\/it\\\/\",\"name\":\"Thern\u00ae Winches &amp; Cranes\",\"description\":\"Leave the Heavy Lifting to Us\",\"publisher\":{\"@id\":\"https:\\\/\\\/thern.com\\\/it\\\/#organization\"},\"potentialAction\":[{\"@type\":\"SearchAction\",\"target\":{\"@type\":\"EntryPoint\",\"urlTemplate\":\"https:\\\/\\\/thern.com\\\/it\\\/?s={search_term_string}\"},\"query-input\":{\"@type\":\"PropertyValueSpecification\",\"valueRequired\":true,\"valueName\":\"search_term_string\"}}],\"inLanguage\":\"it-IT\"},{\"@type\":\"Organization\",\"@id\":\"https:\\\/\\\/thern.com\\\/it\\\/#organization\",\"name\":\"Thern\u00ae Winches &amp; Cranes\",\"url\":\"https:\\\/\\\/thern.com\\\/it\\\/\",\"logo\":{\"@type\":\"ImageObject\",\"inLanguage\":\"it-IT\",\"@id\":\"https:\\\/\\\/thern.com\\\/it\\\/#\\\/schema\\\/logo\\\/image\\\/\",\"url\":\"https:\\\/\\\/thern.com\\\/wp-content\\\/uploads\\\/2023\\\/11\\\/Logo_SaveForWeb-outline-FINAL-01.svg\",\"contentUrl\":\"https:\\\/\\\/thern.com\\\/wp-content\\\/uploads\\\/2023\\\/11\\\/Logo_SaveForWeb-outline-FINAL-01.svg\",\"caption\":\"Thern\u00ae Winches &amp; Cranes\"},\"image\":{\"@id\":\"https:\\\/\\\/thern.com\\\/it\\\/#\\\/schema\\\/logo\\\/image\\\/\"},\"sameAs\":[\"https:\\\/\\\/www.facebook.com\\\/ThernInc\\\/\",\"https:\\\/\\\/www.linkedin.com\\\/company\\\/thern-inc-\\\/\",\"https:\\\/\\\/www.youtube.com\\\/user\\\/ThernStage\"]}]}<\/script>\n<!-- \/ Yoast SEO plugin. -->","yoast_head_json":{"title":"Thern, Inc: il nostro portfolio: esplora i nostri progetti di argani e gru","description":"Le esclusive soluzioni di sollevamento personalizzate di Thern sono state progettate e implementate in un'ampia variet\u00e0 di applicazioni e settori. Sfoglia i nostri progetti!","robots":{"index":"index","follow":"follow","max-snippet":"max-snippet:-1","max-image-preview":"max-image-preview:large","max-video-preview":"max-video-preview:-1"},"canonical":"https:\/\/thern.com\/it\/portfolio\/","og_locale":"it_IT","og_type":"article","og_title":"Thern, Inc: il nostro portfolio: esplora i nostri progetti di argani e gru","og_description":"Le esclusive soluzioni di sollevamento personalizzate di Thern sono state progettate e implementate in un'ampia variet\u00e0 di applicazioni e settori. Sfoglia i nostri progetti!","og_url":"https:\/\/thern.com\/it\/portfolio\/","og_site_name":"Thern\u00ae Winches &amp; Cranes","article_publisher":"https:\/\/www.facebook.com\/ThernInc\/","article_modified_time":"2023-11-01T18:42:13+00:00","twitter_card":"summary_large_image","twitter_misc":{"Tempo di lettura stimato":"3 minuti"},"schema":{"@context":"https:\/\/schema.org","@graph":[{"@type":"WebPage","@id":"https:\/\/thern.com\/it\/portfolio\/","url":"https:\/\/thern.com\/it\/portfolio\/","name":"Thern, Inc: il nostro portfolio: esplora i nostri progetti di argani e gru","isPartOf":{"@id":"https:\/\/thern.com\/it\/#website"},"datePublished":"2023-07-12T16:52:07+00:00","dateModified":"2023-11-01T18:42:13+00:00","description":"Le esclusive soluzioni di sollevamento personalizzate di Thern sono state progettate e implementate in un'ampia variet\u00e0 di applicazioni e settori. Sfoglia i nostri progetti!","breadcrumb":{"@id":"https:\/\/thern.com\/it\/portfolio\/#breadcrumb"},"inLanguage":"it-IT","potentialAction":[{"@type":"ReadAction","target":["https:\/\/thern.com\/it\/portfolio\/"]}]},{"@type":"BreadcrumbList","@id":"https:\/\/thern.com\/it\/portfolio\/#breadcrumb","itemListElement":[{"@type":"ListItem","position":1,"name":"Home","item":"https:\/\/thern.com\/it\/"},{"@type":"ListItem","position":2,"name":"Portfolio"}]},{"@type":"WebSite","@id":"https:\/\/thern.com\/it\/#website","url":"https:\/\/thern.com\/it\/","name":"Thern\u00ae Winches &amp; Cranes","description":"Leave the Heavy Lifting to Us","publisher":{"@id":"https:\/\/thern.com\/it\/#organization"},"potentialAction":[{"@type":"SearchAction","target":{"@type":"EntryPoint","urlTemplate":"https:\/\/thern.com\/it\/?s={search_term_string}"},"query-input":{"@type":"PropertyValueSpecification","valueRequired":true,"valueName":"search_term_string"}}],"inLanguage":"it-IT"},{"@type":"Organization","@id":"https:\/\/thern.com\/it\/#organization","name":"Thern\u00ae Winches &amp; Cranes","url":"https:\/\/thern.com\/it\/","logo":{"@type":"ImageObject","inLanguage":"it-IT","@id":"https:\/\/thern.com\/it\/#\/schema\/logo\/image\/","url":"https:\/\/thern.com\/wp-content\/uploads\/2023\/11\/Logo_SaveForWeb-outline-FINAL-01.svg","contentUrl":"https:\/\/thern.com\/wp-content\/uploads\/2023\/11\/Logo_SaveForWeb-outline-FINAL-01.svg","caption":"Thern\u00ae Winches &amp; Cranes"},"image":{"@id":"https:\/\/thern.com\/it\/#\/schema\/logo\/image\/"},"sameAs":["https:\/\/www.facebook.com\/ThernInc\/","https:\/\/www.linkedin.com\/company\/thern-inc-\/","https:\/\/www.youtube.com\/user\/ThernStage"]}]}},"_links":{"self":[{"href":"https:\/\/thern.com\/it\/wp-json\/wp\/v2\/pages\/30092","targetHints":{"allow":["GET"]}}],"collection":[{"href":"https:\/\/thern.com\/it\/wp-json\/wp\/v2\/pages"}],"about":[{"href":"https:\/\/thern.com\/it\/wp-json\/wp\/v2\/types\/page"}],"author":[{"embeddable":true,"href":"https:\/\/thern.com\/it\/wp-json\/wp\/v2\/users\/1"}],"replies":[{"embeddable":true,"href":"https:\/\/thern.com\/it\/wp-json\/wp\/v2\/comments?post=30092"}],"version-history":[{"count":0,"href":"https:\/\/thern.com\/it\/wp-json\/wp\/v2\/pages\/30092\/revisions"}],"wp:attachment":[{"href":"https:\/\/thern.com\/it\/wp-json\/wp\/v2\/media?parent=30092"}],"curies":[{"name":"wp","href":"https:\/\/api.w.org\/{rel}","templated":true}]}}