{"id":33041,"date":"2023-10-31T16:46:49","date_gmt":"2023-10-31T16:46:49","guid":{"rendered":"https:\/\/therninc.wpenginepowered.com\/industries\/denmark-wastewater-treatment-aalborg\/"},"modified":"2023-10-31T18:13:31","modified_gmt":"2023-10-31T18:13:31","slug":"denmark-wastewater-treatment-aalborg","status":"publish","type":"page","link":"https:\/\/thern.com\/fr\/portfolio\/denmark-wastewater-treatment-aalborg\/","title":{"rendered":"Denmark Wastewater Treatment Aalborg"},"content":{"rendered":"<div class=\"wpb-content-wrapper\"><p>[vc_section full_width=\u00a0\u00bbstretch_row\u00a0\u00bb content_placement=\u00a0\u00bbmiddle\u00a0\u00bb css=\u00a0\u00bb.vc_custom_1692983716171{padding-top: 0px !important;background: #dddddd url(https:\/\/thern.com\/wp-content\/uploads\/2023\/07\/Thern-Inc_About-Hero.jpg?id=343) !important;background-position: center !important;background-repeat: no-repeat !important;background-size: cover !important;}\u00a0\u00bb][vc_row full_width=\u00a0\u00bbstretch_row\u00a0\u00bb css=\u00a0\u00bb.vc_custom_1692983676181{padding-top: 50px !important;padding-bottom: 70px !important;background-color: rgba(0,0,0,0.5) !important;*background-color: rgb(0,0,0) !important;}\u00a0\u00bb][vc_column][vc_custom_heading text=\u00a0\u00bbTraitement des eaux us\u00e9es Aalborg\u00a0\u00bb font_container=\u00a0\u00bbtag:h1|text_align:left|color:%23ffffff\u00a0\u00bb use_theme_fonts=\u00a0\u00bbyes\u00a0\u00bb css_animation=\u00a0\u00bbfadeInLeft\u00a0\u00bb][\/vc_column][\/vc_row][\/vc_section][vc_row full_width=\u00a0\u00bbstretch_row\u00a0\u00bb equal_height=\u00a0\u00bbyes\u00a0\u00bb css=\u00a0\u00bb.vc_custom_1692985496191{padding-top: 65px !important;padding-bottom: 35px !important;}\u00a0\u00bb][vc_column css_animation=\u00a0\u00bbfadeInLeft\u00a0\u00bb width=\u00a0\u00bb1\/2&Prime;][vc_custom_heading text=\u00a0\u00bbD\u00e9fi : r\u00e9duire les co\u00fbts de construction de la station\u00a0\u00bb font_container=\u00a0\u00bbtag:h4|text_align:left|color:%23900000&Prime; use_theme_fonts=\u00a0\u00bbyes\u00a0\u00bb][vc_column_text]Aalborg, au Danemark, est une communaut\u00e9 en pleine expansion et une destination touristique. Elle a con\u00e7u et construit deux nouvelles stations d\u2019\u00e9puration au cours des derni\u00e8res ann\u00e9es. L\u2019une traite les eaux us\u00e9es des bateaux de croisi\u00e8re et l\u2019autre \u00e9limine les macro-polluants et les micropolluants des eaux us\u00e9es g\u00e9n\u00e9r\u00e9es par l\u2019h\u00f4pital universitaire d\u2019Aalborg. Afin de minimiser les co\u00fbts d\u2019infrastructure de la derni\u00e8re station d\u2019\u00e9puration, l\u2019op\u00e9rateur \u00e9tait pr\u00eat \u00e0 explorer les moyens les plus rentables de maintenir et d\u2019entretenir les agitateurs et les pompes de ses bassins de traitement. [\/vc_column_text][vc_custom_heading text=\u00a0\u00bbSolution : 1 grue au lieu de 8&Prime; font_container=\u00a0\u00bbtag:h4|text_align:left|color:%23900000&Prime; use_theme_fonts=\u00a0\u00bbyes\u00a0\u00bb][vc_column_text]Thern a travaill\u00e9 avec son partenaire de distribution local pour \u00e9valuer les besoins de la station d\u2019\u00e9puration. Ensemble, ils ont recommand\u00e9 une solution rentable comprenant l\u2019achat d\u2019une seule grue \u00e0 bossoirs portable en acier inoxydable et de huit bases de grues en acier inoxydable pouvant \u00eatre install\u00e9es de mani\u00e8re permanente \u00e0 c\u00f4t\u00e9 des bassins de traitement. Au lieu d\u2019acheter et d\u2019installer huit grues permanentes, l\u2019op\u00e9rateur pouvait d\u00e9placer la grue portable d\u2019une base \u00e0 l\u2019autre pour soulever et abaisser les pompes et les agitateurs des r\u00e9servoirs \u00e0 des fins de maintenance ou d\u2019entretien.[\/vc_column_text][vc_custom_heading text=\u00a0\u00bbR\u00e9sultat\u00a0\u00bb font_container=\u00a0\u00bbtag:h4|text_align:left|color:%23900000&Prime; use_theme_fonts=\u00a0\u00bbyes\u00a0\u00bb][vc_column_text]L\u2019op\u00e9rateur a pu r\u00e9duire ses co\u00fbts d\u2019infrastructure initiaux en achetant une grue et plusieurs bases. En outre, l\u2019op\u00e9rateur a r\u00e9duit les frais annuels d\u2019inspection et de test de plusieurs grues.[\/vc_column_text][vc_btn title=\u00a0\u00bbRetour aux secteurs\u00a0\u00bb style=\u00a0\u00bbcustom\u00a0\u00bb custom_background=\u00a0\u00bb#c71a32&Prime; custom_text=\u00a0\u00bb#ffffff\u00a0\u00bb shape=\u00a0\u00bbsquare\u00a0\u00bb size=\u00a0\u00bblg\u00a0\u00bb align=\u00a0\u00bbleft\u00a0\u00bb i_icon_fontawesome=\u00a0\u00bbfas fa-angle-left\u00a0\u00bb add_icon=\u00a0\u00bbtrue\u00a0\u00bb link=\u00a0\u00bburl:%2Ffr%2Findustries%2F|title:Return%20to%20Industries\u00a0\u00bb][\/vc_column][vc_column css_animation=\u00a0\u00bbfadeInRight\u00a0\u00bb width=\u00a0\u00bb1\/2&Prime;][vc_gallery interval=\u00a0\u00bb0&Prime; images=\u00a0\u00bb32997,33003,33009,33015,33021,33027,33033&Prime; img_size=\u00a0\u00bbfull\u00a0\u00bb][\/vc_column][\/vc_row][vc_row full_width=\u00a0\u00bbstretch_row\u00a0\u00bb css=\u00a0\u00bb.vc_custom_1692985441183{padding-top: 35px !important;padding-bottom: 35px !important;}\u00a0\u00bb][vc_column width=\u00a0\u00bb1\/6&Prime;][\/vc_column][vc_column css_animation=\u00a0\u00bbfadeInUp\u00a0\u00bb width=\u00a0\u00bb4\/6&Prime;][vc_custom_heading text=\u00a0\u00bbSiamo qui per aiutare\u00a0\u00bb font_container=\u00a0\u00bbtag:h2|text_align:center|color:%230a0a0a\u00a0\u00bb use_theme_fonts=\u00a0\u00bbyes\u00a0\u00bb css=\u00a0\u00bb.vc_custom_1696543236626{margin-bottom: 0px !important;}\u00a0\u00bb][vc_column_text]<\/p>\n<p style=\"text-align: center;\">Hai domande? Il personale di vendita e di assistenza amichevole e competente di Thern \u00e8 pronto ad assistervi.<\/p>\n<p>[\/vc_column_text][vc_btn title=\u00a0\u00bbContattaci\u00a0\u00bb style=\u00a0\u00bbcustom\u00a0\u00bb custom_background=\u00a0\u00bb#c71a32&Prime; custom_text=\u00a0\u00bb#ffffff\u00a0\u00bb shape=\u00a0\u00bbsquare\u00a0\u00bb size=\u00a0\u00bblg\u00a0\u00bb align=\u00a0\u00bbcenter\u00a0\u00bb i_align=\u00a0\u00bbright\u00a0\u00bb i_icon_fontawesome=\u00a0\u00bbfas fa-angle-right\u00a0\u00bb add_icon=\u00a0\u00bbtrue\u00a0\u00bb link=\u00a0\u00bburl:%2Fit%2Fcontact%2F|title:Contact\u00a0\u00bb][\/vc_column][vc_column width=\u00a0\u00bb1\/6&Prime;][\/vc_column][\/vc_row]<\/p>\n<\/div>","protected":false},"excerpt":{"rendered":"<p>[vc_section full_width=\u00a0\u00bbstretch_row\u00a0\u00bb content_placement=\u00a0\u00bbmiddle\u00a0\u00bb css=\u00a0\u00bb.vc_custom_1692983716171{padding-top: 0px !important;background: #dddddd url(https:\/\/thern.com\/wp-content\/uploads\/2023\/07\/Thern-Inc_About-Hero.jpg?id=343) !important;background-position: center !important;background-repeat: no-repeat !important;background-size: cover !important;}\u00a0\u00bb][vc_row full_width=\u00a0\u00bbstretch_row\u00a0\u00bb css=\u00a0\u00bb.vc_custom_1692983676181{padding-top: 50px !important;padding-bottom: 70px !important;background-color: rgba(0,0,0,0.5) !important;*background-color: rgb(0,0,0) !important;}\u00a0\u00bb][vc_column][vc_custom_heading text=\u00a0\u00bbTraitement des eaux us\u00e9es Aalborg\u00a0\u00bb font_container=\u00a0\u00bbtag:h1|text_align:left|color:%23ffffff\u00a0\u00bb use_theme_fonts=\u00a0\u00bbyes\u00a0\u00bb css_animation=\u00a0\u00bbfadeInLeft\u00a0\u00bb][\/vc_column][\/vc_row][\/vc_section][vc_row full_width=\u00a0\u00bbstretch_row\u00a0\u00bb equal_height=\u00a0\u00bbyes\u00a0\u00bb css=\u00a0\u00bb.vc_custom_1692985496191{padding-top: 65px !important;padding-bottom: 35px !important;}\u00a0\u00bb][vc_column css_animation=\u00a0\u00bbfadeInLeft\u00a0\u00bb width=\u00a0\u00bb1\/2&Prime;][vc_custom_heading text=\u00a0\u00bbD\u00e9fi : r\u00e9duire les co\u00fbts de construction de la station\u00a0\u00bb font_container=\u00a0\u00bbtag:h4|text_align:left|color:%23900000&Prime; use_theme_fonts=\u00a0\u00bbyes\u00a0\u00bb][vc_column_text]Aalborg, au &#8230; <a title=\"Denmark Wastewater Treatment Aalborg\" class=\"read-more\" href=\"https:\/\/thern.com\/fr\/portfolio\/denmark-wastewater-treatment-aalborg\/\" aria-label=\"More on Denmark Wastewater Treatment Aalborg\">Read more<\/a><\/p>\n","protected":false},"author":1,"featured_media":0,"parent":30090,"menu_order":0,"comment_status":"closed","ping_status":"closed","template":"","meta":{"footnotes":""},"class_list":["post-33041","page","type-page","status-publish"],"yoast_head":"<!-- This site is optimized with the Yoast SEO plugin v27.3 - https:\/\/yoast.com\/product\/yoast-seo-wordpress\/ -->\n<title>Traitement des eaux us\u00e9es Aalborg | Thern\u00ae Winches &amp; Cranes<\/title>\n<meta name=\"description\" content=\"Grues \u00e0 bossoirs portables pour abaisser et soulever les pompes.\" \/>\n<meta name=\"robots\" content=\"index, follow, max-snippet:-1, max-image-preview:large, max-video-preview:-1\" \/>\n<link rel=\"canonical\" href=\"https:\/\/thern.com\/fr\/portfolio\/denmark-wastewater-treatment-aalborg\/\" \/>\n<meta property=\"og:locale\" content=\"fr_FR\" \/>\n<meta property=\"og:type\" content=\"article\" \/>\n<meta property=\"og:title\" content=\"Traitement des eaux us\u00e9es Aalborg | Thern\u00ae Winches &amp; Cranes\" \/>\n<meta property=\"og:description\" content=\"Grues \u00e0 bossoirs portables pour abaisser et soulever les pompes.\" \/>\n<meta property=\"og:url\" content=\"https:\/\/thern.com\/fr\/portfolio\/denmark-wastewater-treatment-aalborg\/\" \/>\n<meta property=\"og:site_name\" content=\"Thern\u00ae Winches &amp; Cranes\" \/>\n<meta property=\"article:publisher\" content=\"https:\/\/www.facebook.com\/ThernInc\/\" \/>\n<meta property=\"article:modified_time\" content=\"2023-10-31T18:13:31+00:00\" \/>\n<meta name=\"twitter:card\" content=\"summary_large_image\" \/>\n<meta name=\"twitter:label1\" content=\"Dur\u00e9e de lecture estim\u00e9e\" \/>\n\t<meta name=\"twitter:data1\" content=\"2 minutes\" \/>\n<script type=\"application\/ld+json\" class=\"yoast-schema-graph\">{\"@context\":\"https:\\\/\\\/schema.org\",\"@graph\":[{\"@type\":\"WebPage\",\"@id\":\"https:\\\/\\\/thern.com\\\/fr\\\/portfolio\\\/denmark-wastewater-treatment-aalborg\\\/\",\"url\":\"https:\\\/\\\/thern.com\\\/fr\\\/portfolio\\\/denmark-wastewater-treatment-aalborg\\\/\",\"name\":\"Traitement des eaux us\u00e9es Aalborg | Thern\u00ae Winches &amp; Cranes\",\"isPartOf\":{\"@id\":\"https:\\\/\\\/thern.com\\\/fr\\\/#website\"},\"datePublished\":\"2023-10-31T16:46:49+00:00\",\"dateModified\":\"2023-10-31T18:13:31+00:00\",\"description\":\"Grues \u00e0 bossoirs portables pour abaisser et soulever les pompes.\",\"breadcrumb\":{\"@id\":\"https:\\\/\\\/thern.com\\\/fr\\\/portfolio\\\/denmark-wastewater-treatment-aalborg\\\/#breadcrumb\"},\"inLanguage\":\"fr-FR\",\"potentialAction\":[{\"@type\":\"ReadAction\",\"target\":[\"https:\\\/\\\/thern.com\\\/fr\\\/portfolio\\\/denmark-wastewater-treatment-aalborg\\\/\"]}]},{\"@type\":\"BreadcrumbList\",\"@id\":\"https:\\\/\\\/thern.com\\\/fr\\\/portfolio\\\/denmark-wastewater-treatment-aalborg\\\/#breadcrumb\",\"itemListElement\":[{\"@type\":\"ListItem\",\"position\":1,\"name\":\"Home\",\"item\":\"https:\\\/\\\/thern.com\\\/fr\\\/\"},{\"@type\":\"ListItem\",\"position\":2,\"name\":\"Portfolio\",\"item\":\"https:\\\/\\\/thern.com\\\/fr\\\/portfolio\\\/\"},{\"@type\":\"ListItem\",\"position\":3,\"name\":\"Denmark Wastewater Treatment Aalborg\"}]},{\"@type\":\"WebSite\",\"@id\":\"https:\\\/\\\/thern.com\\\/fr\\\/#website\",\"url\":\"https:\\\/\\\/thern.com\\\/fr\\\/\",\"name\":\"Thern\u00ae Winches &amp; Cranes\",\"description\":\"Leave the Heavy Lifting to Us\",\"publisher\":{\"@id\":\"https:\\\/\\\/thern.com\\\/fr\\\/#organization\"},\"potentialAction\":[{\"@type\":\"SearchAction\",\"target\":{\"@type\":\"EntryPoint\",\"urlTemplate\":\"https:\\\/\\\/thern.com\\\/fr\\\/?s={search_term_string}\"},\"query-input\":{\"@type\":\"PropertyValueSpecification\",\"valueRequired\":true,\"valueName\":\"search_term_string\"}}],\"inLanguage\":\"fr-FR\"},{\"@type\":\"Organization\",\"@id\":\"https:\\\/\\\/thern.com\\\/fr\\\/#organization\",\"name\":\"Thern\u00ae Winches &amp; Cranes\",\"url\":\"https:\\\/\\\/thern.com\\\/fr\\\/\",\"logo\":{\"@type\":\"ImageObject\",\"inLanguage\":\"fr-FR\",\"@id\":\"https:\\\/\\\/thern.com\\\/fr\\\/#\\\/schema\\\/logo\\\/image\\\/\",\"url\":\"https:\\\/\\\/thern.com\\\/wp-content\\\/uploads\\\/2023\\\/11\\\/Logo_SaveForWeb-outline-FINAL-01.svg\",\"contentUrl\":\"https:\\\/\\\/thern.com\\\/wp-content\\\/uploads\\\/2023\\\/11\\\/Logo_SaveForWeb-outline-FINAL-01.svg\",\"caption\":\"Thern\u00ae Winches &amp; Cranes\"},\"image\":{\"@id\":\"https:\\\/\\\/thern.com\\\/fr\\\/#\\\/schema\\\/logo\\\/image\\\/\"},\"sameAs\":[\"https:\\\/\\\/www.facebook.com\\\/ThernInc\\\/\",\"https:\\\/\\\/www.linkedin.com\\\/company\\\/thern-inc-\\\/\",\"https:\\\/\\\/www.youtube.com\\\/user\\\/ThernStage\"]}]}<\/script>\n<!-- \/ Yoast SEO plugin. -->","yoast_head_json":{"title":"Traitement des eaux us\u00e9es Aalborg | Thern\u00ae Winches &amp; Cranes","description":"Grues \u00e0 bossoirs portables pour abaisser et soulever les pompes.","robots":{"index":"index","follow":"follow","max-snippet":"max-snippet:-1","max-image-preview":"max-image-preview:large","max-video-preview":"max-video-preview:-1"},"canonical":"https:\/\/thern.com\/fr\/portfolio\/denmark-wastewater-treatment-aalborg\/","og_locale":"fr_FR","og_type":"article","og_title":"Traitement des eaux us\u00e9es Aalborg | Thern\u00ae Winches &amp; Cranes","og_description":"Grues \u00e0 bossoirs portables pour abaisser et soulever les pompes.","og_url":"https:\/\/thern.com\/fr\/portfolio\/denmark-wastewater-treatment-aalborg\/","og_site_name":"Thern\u00ae Winches &amp; Cranes","article_publisher":"https:\/\/www.facebook.com\/ThernInc\/","article_modified_time":"2023-10-31T18:13:31+00:00","twitter_card":"summary_large_image","twitter_misc":{"Dur\u00e9e de lecture estim\u00e9e":"2 minutes"},"schema":{"@context":"https:\/\/schema.org","@graph":[{"@type":"WebPage","@id":"https:\/\/thern.com\/fr\/portfolio\/denmark-wastewater-treatment-aalborg\/","url":"https:\/\/thern.com\/fr\/portfolio\/denmark-wastewater-treatment-aalborg\/","name":"Traitement des eaux us\u00e9es Aalborg | Thern\u00ae Winches &amp; Cranes","isPartOf":{"@id":"https:\/\/thern.com\/fr\/#website"},"datePublished":"2023-10-31T16:46:49+00:00","dateModified":"2023-10-31T18:13:31+00:00","description":"Grues \u00e0 bossoirs portables pour abaisser et soulever les pompes.","breadcrumb":{"@id":"https:\/\/thern.com\/fr\/portfolio\/denmark-wastewater-treatment-aalborg\/#breadcrumb"},"inLanguage":"fr-FR","potentialAction":[{"@type":"ReadAction","target":["https:\/\/thern.com\/fr\/portfolio\/denmark-wastewater-treatment-aalborg\/"]}]},{"@type":"BreadcrumbList","@id":"https:\/\/thern.com\/fr\/portfolio\/denmark-wastewater-treatment-aalborg\/#breadcrumb","itemListElement":[{"@type":"ListItem","position":1,"name":"Home","item":"https:\/\/thern.com\/fr\/"},{"@type":"ListItem","position":2,"name":"Portfolio","item":"https:\/\/thern.com\/fr\/portfolio\/"},{"@type":"ListItem","position":3,"name":"Denmark Wastewater Treatment Aalborg"}]},{"@type":"WebSite","@id":"https:\/\/thern.com\/fr\/#website","url":"https:\/\/thern.com\/fr\/","name":"Thern\u00ae Winches &amp; Cranes","description":"Leave the Heavy Lifting to Us","publisher":{"@id":"https:\/\/thern.com\/fr\/#organization"},"potentialAction":[{"@type":"SearchAction","target":{"@type":"EntryPoint","urlTemplate":"https:\/\/thern.com\/fr\/?s={search_term_string}"},"query-input":{"@type":"PropertyValueSpecification","valueRequired":true,"valueName":"search_term_string"}}],"inLanguage":"fr-FR"},{"@type":"Organization","@id":"https:\/\/thern.com\/fr\/#organization","name":"Thern\u00ae Winches &amp; Cranes","url":"https:\/\/thern.com\/fr\/","logo":{"@type":"ImageObject","inLanguage":"fr-FR","@id":"https:\/\/thern.com\/fr\/#\/schema\/logo\/image\/","url":"https:\/\/thern.com\/wp-content\/uploads\/2023\/11\/Logo_SaveForWeb-outline-FINAL-01.svg","contentUrl":"https:\/\/thern.com\/wp-content\/uploads\/2023\/11\/Logo_SaveForWeb-outline-FINAL-01.svg","caption":"Thern\u00ae Winches &amp; Cranes"},"image":{"@id":"https:\/\/thern.com\/fr\/#\/schema\/logo\/image\/"},"sameAs":["https:\/\/www.facebook.com\/ThernInc\/","https:\/\/www.linkedin.com\/company\/thern-inc-\/","https:\/\/www.youtube.com\/user\/ThernStage"]}]}},"_links":{"self":[{"href":"https:\/\/thern.com\/fr\/wp-json\/wp\/v2\/pages\/33041","targetHints":{"allow":["GET"]}}],"collection":[{"href":"https:\/\/thern.com\/fr\/wp-json\/wp\/v2\/pages"}],"about":[{"href":"https:\/\/thern.com\/fr\/wp-json\/wp\/v2\/types\/page"}],"author":[{"embeddable":true,"href":"https:\/\/thern.com\/fr\/wp-json\/wp\/v2\/users\/1"}],"replies":[{"embeddable":true,"href":"https:\/\/thern.com\/fr\/wp-json\/wp\/v2\/comments?post=33041"}],"version-history":[{"count":0,"href":"https:\/\/thern.com\/fr\/wp-json\/wp\/v2\/pages\/33041\/revisions"}],"up":[{"embeddable":true,"href":"https:\/\/thern.com\/fr\/wp-json\/wp\/v2\/pages\/30090"}],"wp:attachment":[{"href":"https:\/\/thern.com\/fr\/wp-json\/wp\/v2\/media?parent=33041"}],"curies":[{"name":"wp","href":"https:\/\/api.w.org\/{rel}","templated":true}]}}