{"id":32979,"date":"2023-10-31T16:22:48","date_gmt":"2023-10-31T16:22:48","guid":{"rendered":"https:\/\/therninc.wpenginepowered.com\/industries\/spain-wastewater-for-meat-processing\/"},"modified":"2023-10-31T18:13:31","modified_gmt":"2023-10-31T18:13:31","slug":"spain-wastewater-for-meat-processing","status":"publish","type":"page","link":"https:\/\/thern.com\/fr\/portfolio\/spain-wastewater-for-meat-processing\/","title":{"rendered":"Spain Wastewater for Meat Processing"},"content":{"rendered":"<div class=\"wpb-content-wrapper\"><p>[vc_section full_width=\u00a0\u00bbstretch_row\u00a0\u00bb content_placement=\u00a0\u00bbmiddle\u00a0\u00bb css=\u00a0\u00bb.vc_custom_1692983716171{padding-top: 0px !important;background: #dddddd url(https:\/\/thern.com\/wp-content\/uploads\/2023\/07\/Thern-Inc_About-Hero.jpg?id=343) !important;background-position: center !important;background-repeat: no-repeat !important;background-size: cover !important;}\u00a0\u00bb][vc_row full_width=\u00a0\u00bbstretch_row\u00a0\u00bb css=\u00a0\u00bb.vc_custom_1692983676181{padding-top: 50px !important;padding-bottom: 70px !important;background-color: rgba(0,0,0,0.5) !important;*background-color: rgb(0,0,0) !important;}\u00a0\u00bb][vc_column][vc_custom_heading text=\u00a0\u00bbStation d\u2019\u00e9puration des eaux us\u00e9es industrielles pour la transformation de la viande\u00a0\u00bb font_container=\u00a0\u00bbtag:h1|text_align:left|color:%23ffffff\u00a0\u00bb use_theme_fonts=\u00a0\u00bbyes\u00a0\u00bb css_animation=\u00a0\u00bbfadeInLeft\u00a0\u00bb][\/vc_column][\/vc_row][\/vc_section][vc_row full_width=\u00a0\u00bbstretch_row\u00a0\u00bb equal_height=\u00a0\u00bbyes\u00a0\u00bb css=\u00a0\u00bb.vc_custom_1692985496191{padding-top: 65px !important;padding-bottom: 35px !important;}\u00a0\u00bb][vc_column css_animation=\u00a0\u00bbfadeInLeft\u00a0\u00bb width=\u00a0\u00bb1\/2&Prime;][vc_custom_heading text=\u00a0\u00bbD\u00e9fi : r\u00e9duire le co\u00fbt annuel de l\u2019inspection des \u00e9quipements de levage\u00a0\u00bb font_container=\u00a0\u00bbtag:h4|text_align:left|color:%23900000&Prime; use_theme_fonts=\u00a0\u00bbyes\u00a0\u00bb][vc_column_text]En Espagne, une installation de traitement des eaux us\u00e9es r\u00e9pond aux besoins d\u2019une usine locale de transformation de la viande en traitant ses eaux de traitement. Comme dans toutes les stations d\u2019\u00e9puration, les pompes et les agitateurs doivent \u00eatre inspect\u00e9s et test\u00e9s chaque ann\u00e9e pour garantir leur bon fonctionnement et leur efficacit\u00e9.<\/p>\n<p>En r\u00e8gle g\u00e9n\u00e9rale, les pompes et les agitateurs sont soulev\u00e9s hors des bassins de traitement \u00e0 l\u2019aide de grues install\u00e9es en permanence, qui doivent \u00eatre inspect\u00e9es et test\u00e9es chaque ann\u00e9e. Une entreprise de conception\/construction associ\u00e9e \u00e0 l\u2019installation a estim\u00e9 que l\u2019investissement dans un \u00e9quipement de levage permanent \u2014 qui n\u2019est utilis\u00e9 qu\u2019une fois par an \u2014 n\u2019\u00e9tait pas un bon investissement. Elle a pr\u00e9conis\u00e9 l\u2019utilisation de grues portables et de bases de grues permanentes qui pourraient \u00eatre ancr\u00e9es pr\u00e8s de chaque bassin de traitement. Cette approche permettrait \u00e0 l\u2019exploitant de l\u2019installation de d\u00e9placer la grue mobile d\u2019une base \u00e0 l\u2019autre (et d\u2019un r\u00e9servoir \u00e0 l\u2019autre) en fonction des besoins.<br \/>\n[\/vc_column_text][vc_custom_heading text=\u00a0\u00bbSolution : moins de grues, moins d\u2019investissements et moins de co\u00fbts annuels\u00a0\u00bb font_container=\u00a0\u00bbtag:h4|text_align:left|color:%23900000&Prime; use_theme_fonts=\u00a0\u00bbyes\u00a0\u00bb][vc_column_text]L\u2019op\u00e9rateur a achet\u00e9 une grue \u00e0 bossoirs portable Thern avec cinq bases \u00e0 la place. Les grues \u00e0 bossoirs portables Thern sont l\u00e9g\u00e8res, mobiles et faciles \u00e0 installer. La solution portable a permis d\u2019\u00e9viter l\u2019achat de plusieurs grues, qui n\u00e9cessiteraient des tests et une maintenance annuelle.[\/vc_column_text][vc_custom_heading text=\u00a0\u00bbR\u00e9sultat\u00a0\u00bb font_container=\u00a0\u00bbtag:h4|text_align:left|color:%23900000&Prime; use_theme_fonts=\u00a0\u00bbyes\u00a0\u00bb][vc_column_text]En r\u00e9duisant le nombre de grues n\u00e9cessaires pour soulever et abaisser les agitateurs et les pompes \u00e0 l\u2019int\u00e9rieur et \u00e0 l\u2019ext\u00e9rieur des bassins de traitement, l\u2019entreprise de conception\/construction a r\u00e9duit l\u2019investissement de l\u2019op\u00e9rateur en \u00e9quipement tout en r\u00e9duisant les co\u00fbts annuels d\u2019inspection et de test associ\u00e9s \u00e0 de multiples grues.<\/p>\n<p>Le client est satisfait de la solution et Thern travaille sur d\u2019autres projets avec l\u2019entreprise de conception\/construction. L\u2019entreprise s\u2019est vue confier de nouvelles missions pour la fourniture de grues \u00e0 bossoirs, de bases et autres pour d\u2019autres projets de l\u2019entreprise de conception\/construction.<br \/>\n[\/vc_column_text][vc_btn title=\u00a0\u00bbRetour aux secteurs\u00a0\u00bb style=\u00a0\u00bbcustom\u00a0\u00bb custom_background=\u00a0\u00bb#c71a32&Prime; custom_text=\u00a0\u00bb#ffffff\u00a0\u00bb shape=\u00a0\u00bbsquare\u00a0\u00bb size=\u00a0\u00bblg\u00a0\u00bb align=\u00a0\u00bbleft\u00a0\u00bb i_icon_fontawesome=\u00a0\u00bbfas fa-angle-left\u00a0\u00bb add_icon=\u00a0\u00bbtrue\u00a0\u00bb link=\u00a0\u00bburl:%2Ffr%2Findustries%2F|title:Return%20to%20Industries\u00a0\u00bb][\/vc_column][vc_column css_animation=\u00a0\u00bbfadeInRight\u00a0\u00bb width=\u00a0\u00bb1\/2&Prime;][vc_gallery interval=\u00a0\u00bb0&Prime; images=\u00a0\u00bb32965,32971&Prime; img_size=\u00a0\u00bbfull\u00a0\u00bb][\/vc_column][\/vc_row][vc_row full_width=\u00a0\u00bbstretch_row\u00a0\u00bb css=\u00a0\u00bb.vc_custom_1692985441183{padding-top: 35px !important;padding-bottom: 35px !important;}\u00a0\u00bb][vc_column width=\u00a0\u00bb1\/6&Prime;][\/vc_column][vc_column css_animation=\u00a0\u00bbfadeInUp\u00a0\u00bb width=\u00a0\u00bb4\/6&Prime;][vc_custom_heading text=\u00a0\u00bbSiamo qui per aiutare\u00a0\u00bb font_container=\u00a0\u00bbtag:h2|text_align:center|color:%230a0a0a\u00a0\u00bb use_theme_fonts=\u00a0\u00bbyes\u00a0\u00bb css=\u00a0\u00bb.vc_custom_1696543236626{margin-bottom: 0px !important;}\u00a0\u00bb][vc_column_text]<\/p>\n<p style=\"text-align: center;\">Hai domande? Il personale di vendita e di assistenza amichevole e competente di Thern \u00e8 pronto ad assistervi.<\/p>\n<p>[\/vc_column_text][vc_btn title=\u00a0\u00bbContattaci\u00a0\u00bb style=\u00a0\u00bbcustom\u00a0\u00bb custom_background=\u00a0\u00bb#c71a32&Prime; custom_text=\u00a0\u00bb#ffffff\u00a0\u00bb shape=\u00a0\u00bbsquare\u00a0\u00bb size=\u00a0\u00bblg\u00a0\u00bb align=\u00a0\u00bbcenter\u00a0\u00bb i_align=\u00a0\u00bbright\u00a0\u00bb i_icon_fontawesome=\u00a0\u00bbfas fa-angle-right\u00a0\u00bb add_icon=\u00a0\u00bbtrue\u00a0\u00bb link=\u00a0\u00bburl:%2Fit%2Fcontact%2F|title:Contact\u00a0\u00bb][\/vc_column][vc_column width=\u00a0\u00bb1\/6&Prime;][\/vc_column][\/vc_row]<\/p>\n<\/div>","protected":false},"excerpt":{"rendered":"<p>[vc_section full_width=\u00a0\u00bbstretch_row\u00a0\u00bb content_placement=\u00a0\u00bbmiddle\u00a0\u00bb css=\u00a0\u00bb.vc_custom_1692983716171{padding-top: 0px !important;background: #dddddd url(https:\/\/thern.com\/wp-content\/uploads\/2023\/07\/Thern-Inc_About-Hero.jpg?id=343) !important;background-position: center !important;background-repeat: no-repeat !important;background-size: cover !important;}\u00a0\u00bb][vc_row full_width=\u00a0\u00bbstretch_row\u00a0\u00bb css=\u00a0\u00bb.vc_custom_1692983676181{padding-top: 50px !important;padding-bottom: 70px !important;background-color: rgba(0,0,0,0.5) !important;*background-color: rgb(0,0,0) !important;}\u00a0\u00bb][vc_column][vc_custom_heading text=\u00a0\u00bbStation d\u2019\u00e9puration des eaux us\u00e9es industrielles pour la transformation de la viande\u00a0\u00bb font_container=\u00a0\u00bbtag:h1|text_align:left|color:%23ffffff\u00a0\u00bb use_theme_fonts=\u00a0\u00bbyes\u00a0\u00bb css_animation=\u00a0\u00bbfadeInLeft\u00a0\u00bb][\/vc_column][\/vc_row][\/vc_section][vc_row full_width=\u00a0\u00bbstretch_row\u00a0\u00bb equal_height=\u00a0\u00bbyes\u00a0\u00bb css=\u00a0\u00bb.vc_custom_1692985496191{padding-top: 65px !important;padding-bottom: 35px !important;}\u00a0\u00bb][vc_column css_animation=\u00a0\u00bbfadeInLeft\u00a0\u00bb width=\u00a0\u00bb1\/2&Prime;][vc_custom_heading text=\u00a0\u00bbD\u00e9fi : r\u00e9duire le co\u00fbt annuel &#8230; <a title=\"Spain Wastewater for Meat Processing\" class=\"read-more\" href=\"https:\/\/thern.com\/fr\/portfolio\/spain-wastewater-for-meat-processing\/\" aria-label=\"More on Spain Wastewater for Meat Processing\">Read more<\/a><\/p>\n","protected":false},"author":1,"featured_media":0,"parent":30090,"menu_order":0,"comment_status":"closed","ping_status":"closed","template":"","meta":{"footnotes":""},"class_list":["post-32979","page","type-page","status-publish"],"yoast_head":"<!-- This site is optimized with the Yoast SEO plugin v27.3 - https:\/\/yoast.com\/product\/yoast-seo-wordpress\/ -->\n<title>Station d\u2019\u00e9puration des eaux us\u00e9es industrielles pour la transformation de la viande | Thern\u00ae Winches &amp; Cranes<\/title>\n<meta name=\"description\" content=\"Grues \u00e0 bossoirs portables pour abaisser et soulever les pompes et les agitateurs .\" \/>\n<meta name=\"robots\" content=\"noindex, nofollow\" \/>\n<meta property=\"og:locale\" content=\"fr_FR\" \/>\n<meta property=\"og:type\" content=\"article\" \/>\n<meta property=\"og:title\" content=\"Station d\u2019\u00e9puration des eaux us\u00e9es industrielles pour la transformation de la viande | Thern\u00ae Winches &amp; Cranes\" \/>\n<meta property=\"og:description\" content=\"Grues \u00e0 bossoirs portables pour abaisser et soulever les pompes et les agitateurs .\" \/>\n<meta property=\"og:url\" content=\"https:\/\/thern.com\/fr\/portfolio\/spain-wastewater-for-meat-processing\/\" \/>\n<meta property=\"og:site_name\" content=\"Thern\u00ae Winches &amp; Cranes\" \/>\n<meta property=\"article:publisher\" content=\"https:\/\/www.facebook.com\/ThernInc\/\" \/>\n<meta property=\"article:modified_time\" content=\"2023-10-31T18:13:31+00:00\" \/>\n<meta name=\"twitter:card\" content=\"summary_large_image\" \/>\n<meta name=\"twitter:label1\" content=\"Dur\u00e9e de lecture estim\u00e9e\" \/>\n\t<meta name=\"twitter:data1\" content=\"2 minutes\" \/>\n<script type=\"application\/ld+json\" class=\"yoast-schema-graph\">{\"@context\":\"https:\\\/\\\/schema.org\",\"@graph\":[{\"@type\":\"WebPage\",\"@id\":\"https:\\\/\\\/thern.com\\\/fr\\\/portfolio\\\/spain-wastewater-for-meat-processing\\\/\",\"url\":\"https:\\\/\\\/thern.com\\\/fr\\\/portfolio\\\/spain-wastewater-for-meat-processing\\\/\",\"name\":\"Station d\u2019\u00e9puration des eaux us\u00e9es industrielles pour la transformation de la viande | Thern\u00ae Winches &amp; Cranes\",\"isPartOf\":{\"@id\":\"https:\\\/\\\/thern.com\\\/fr\\\/#website\"},\"datePublished\":\"2023-10-31T16:22:48+00:00\",\"dateModified\":\"2023-10-31T18:13:31+00:00\",\"description\":\"Grues \u00e0 bossoirs portables pour abaisser et soulever les pompes et les agitateurs .\",\"breadcrumb\":{\"@id\":\"https:\\\/\\\/thern.com\\\/fr\\\/portfolio\\\/spain-wastewater-for-meat-processing\\\/#breadcrumb\"},\"inLanguage\":\"fr-FR\",\"potentialAction\":[{\"@type\":\"ReadAction\",\"target\":[\"https:\\\/\\\/thern.com\\\/fr\\\/portfolio\\\/spain-wastewater-for-meat-processing\\\/\"]}]},{\"@type\":\"BreadcrumbList\",\"@id\":\"https:\\\/\\\/thern.com\\\/fr\\\/portfolio\\\/spain-wastewater-for-meat-processing\\\/#breadcrumb\",\"itemListElement\":[{\"@type\":\"ListItem\",\"position\":1,\"name\":\"Home\",\"item\":\"https:\\\/\\\/thern.com\\\/fr\\\/\"},{\"@type\":\"ListItem\",\"position\":2,\"name\":\"Portfolio\",\"item\":\"https:\\\/\\\/thern.com\\\/fr\\\/portfolio\\\/\"},{\"@type\":\"ListItem\",\"position\":3,\"name\":\"Spain Wastewater for Meat Processing\"}]},{\"@type\":\"WebSite\",\"@id\":\"https:\\\/\\\/thern.com\\\/fr\\\/#website\",\"url\":\"https:\\\/\\\/thern.com\\\/fr\\\/\",\"name\":\"Thern\u00ae Winches &amp; Cranes\",\"description\":\"Leave the Heavy Lifting to Us\",\"publisher\":{\"@id\":\"https:\\\/\\\/thern.com\\\/fr\\\/#organization\"},\"potentialAction\":[{\"@type\":\"SearchAction\",\"target\":{\"@type\":\"EntryPoint\",\"urlTemplate\":\"https:\\\/\\\/thern.com\\\/fr\\\/?s={search_term_string}\"},\"query-input\":{\"@type\":\"PropertyValueSpecification\",\"valueRequired\":true,\"valueName\":\"search_term_string\"}}],\"inLanguage\":\"fr-FR\"},{\"@type\":\"Organization\",\"@id\":\"https:\\\/\\\/thern.com\\\/fr\\\/#organization\",\"name\":\"Thern\u00ae Winches &amp; Cranes\",\"url\":\"https:\\\/\\\/thern.com\\\/fr\\\/\",\"logo\":{\"@type\":\"ImageObject\",\"inLanguage\":\"fr-FR\",\"@id\":\"https:\\\/\\\/thern.com\\\/fr\\\/#\\\/schema\\\/logo\\\/image\\\/\",\"url\":\"https:\\\/\\\/thern.com\\\/wp-content\\\/uploads\\\/2023\\\/11\\\/Logo_SaveForWeb-outline-FINAL-01.svg\",\"contentUrl\":\"https:\\\/\\\/thern.com\\\/wp-content\\\/uploads\\\/2023\\\/11\\\/Logo_SaveForWeb-outline-FINAL-01.svg\",\"caption\":\"Thern\u00ae Winches &amp; Cranes\"},\"image\":{\"@id\":\"https:\\\/\\\/thern.com\\\/fr\\\/#\\\/schema\\\/logo\\\/image\\\/\"},\"sameAs\":[\"https:\\\/\\\/www.facebook.com\\\/ThernInc\\\/\",\"https:\\\/\\\/www.linkedin.com\\\/company\\\/thern-inc-\\\/\",\"https:\\\/\\\/www.youtube.com\\\/user\\\/ThernStage\"]}]}<\/script>\n<!-- \/ Yoast SEO plugin. -->","yoast_head_json":{"title":"Station d\u2019\u00e9puration des eaux us\u00e9es industrielles pour la transformation de la viande | Thern\u00ae Winches &amp; Cranes","description":"Grues \u00e0 bossoirs portables pour abaisser et soulever les pompes et les agitateurs .","robots":{"index":"noindex","follow":"nofollow"},"og_locale":"fr_FR","og_type":"article","og_title":"Station d\u2019\u00e9puration des eaux us\u00e9es industrielles pour la transformation de la viande | Thern\u00ae Winches &amp; Cranes","og_description":"Grues \u00e0 bossoirs portables pour abaisser et soulever les pompes et les agitateurs .","og_url":"https:\/\/thern.com\/fr\/portfolio\/spain-wastewater-for-meat-processing\/","og_site_name":"Thern\u00ae Winches &amp; Cranes","article_publisher":"https:\/\/www.facebook.com\/ThernInc\/","article_modified_time":"2023-10-31T18:13:31+00:00","twitter_card":"summary_large_image","twitter_misc":{"Dur\u00e9e de lecture estim\u00e9e":"2 minutes"},"schema":{"@context":"https:\/\/schema.org","@graph":[{"@type":"WebPage","@id":"https:\/\/thern.com\/fr\/portfolio\/spain-wastewater-for-meat-processing\/","url":"https:\/\/thern.com\/fr\/portfolio\/spain-wastewater-for-meat-processing\/","name":"Station d\u2019\u00e9puration des eaux us\u00e9es industrielles pour la transformation de la viande | Thern\u00ae Winches &amp; Cranes","isPartOf":{"@id":"https:\/\/thern.com\/fr\/#website"},"datePublished":"2023-10-31T16:22:48+00:00","dateModified":"2023-10-31T18:13:31+00:00","description":"Grues \u00e0 bossoirs portables pour abaisser et soulever les pompes et les agitateurs .","breadcrumb":{"@id":"https:\/\/thern.com\/fr\/portfolio\/spain-wastewater-for-meat-processing\/#breadcrumb"},"inLanguage":"fr-FR","potentialAction":[{"@type":"ReadAction","target":["https:\/\/thern.com\/fr\/portfolio\/spain-wastewater-for-meat-processing\/"]}]},{"@type":"BreadcrumbList","@id":"https:\/\/thern.com\/fr\/portfolio\/spain-wastewater-for-meat-processing\/#breadcrumb","itemListElement":[{"@type":"ListItem","position":1,"name":"Home","item":"https:\/\/thern.com\/fr\/"},{"@type":"ListItem","position":2,"name":"Portfolio","item":"https:\/\/thern.com\/fr\/portfolio\/"},{"@type":"ListItem","position":3,"name":"Spain Wastewater for Meat Processing"}]},{"@type":"WebSite","@id":"https:\/\/thern.com\/fr\/#website","url":"https:\/\/thern.com\/fr\/","name":"Thern\u00ae Winches &amp; Cranes","description":"Leave the Heavy Lifting to Us","publisher":{"@id":"https:\/\/thern.com\/fr\/#organization"},"potentialAction":[{"@type":"SearchAction","target":{"@type":"EntryPoint","urlTemplate":"https:\/\/thern.com\/fr\/?s={search_term_string}"},"query-input":{"@type":"PropertyValueSpecification","valueRequired":true,"valueName":"search_term_string"}}],"inLanguage":"fr-FR"},{"@type":"Organization","@id":"https:\/\/thern.com\/fr\/#organization","name":"Thern\u00ae Winches &amp; Cranes","url":"https:\/\/thern.com\/fr\/","logo":{"@type":"ImageObject","inLanguage":"fr-FR","@id":"https:\/\/thern.com\/fr\/#\/schema\/logo\/image\/","url":"https:\/\/thern.com\/wp-content\/uploads\/2023\/11\/Logo_SaveForWeb-outline-FINAL-01.svg","contentUrl":"https:\/\/thern.com\/wp-content\/uploads\/2023\/11\/Logo_SaveForWeb-outline-FINAL-01.svg","caption":"Thern\u00ae Winches &amp; Cranes"},"image":{"@id":"https:\/\/thern.com\/fr\/#\/schema\/logo\/image\/"},"sameAs":["https:\/\/www.facebook.com\/ThernInc\/","https:\/\/www.linkedin.com\/company\/thern-inc-\/","https:\/\/www.youtube.com\/user\/ThernStage"]}]}},"_links":{"self":[{"href":"https:\/\/thern.com\/fr\/wp-json\/wp\/v2\/pages\/32979","targetHints":{"allow":["GET"]}}],"collection":[{"href":"https:\/\/thern.com\/fr\/wp-json\/wp\/v2\/pages"}],"about":[{"href":"https:\/\/thern.com\/fr\/wp-json\/wp\/v2\/types\/page"}],"author":[{"embeddable":true,"href":"https:\/\/thern.com\/fr\/wp-json\/wp\/v2\/users\/1"}],"replies":[{"embeddable":true,"href":"https:\/\/thern.com\/fr\/wp-json\/wp\/v2\/comments?post=32979"}],"version-history":[{"count":0,"href":"https:\/\/thern.com\/fr\/wp-json\/wp\/v2\/pages\/32979\/revisions"}],"up":[{"embeddable":true,"href":"https:\/\/thern.com\/fr\/wp-json\/wp\/v2\/pages\/30090"}],"wp:attachment":[{"href":"https:\/\/thern.com\/fr\/wp-json\/wp\/v2\/media?parent=32979"}],"curies":[{"name":"wp","href":"https:\/\/api.w.org\/{rel}","templated":true}]}}