{"id":32950,"date":"2023-10-31T16:06:57","date_gmt":"2023-10-31T16:06:57","guid":{"rendered":"https:\/\/therninc.wpenginepowered.com\/industries\/luxemburg-wastewater-nachtmanderscheid-putscheid\/"},"modified":"2023-12-07T19:46:16","modified_gmt":"2023-12-07T19:46:16","slug":"luxemburg-wastewater-nachtmanderscheid-putscheid","status":"publish","type":"page","link":"https:\/\/thern.com\/fr\/portfolio\/luxemburg-wastewater-nachtmanderscheid-putscheid\/","title":{"rendered":"Luxemburg Wastewater Nachtmanderscheid and Putscheid"},"content":{"rendered":"<div class=\"wpb-content-wrapper\"><p>[vc_section full_width=\u00a0\u00bbstretch_row\u00a0\u00bb content_placement=\u00a0\u00bbmiddle\u00a0\u00bb css=\u00a0\u00bb.vc_custom_1692983716171{padding-top: 0px !important;background: #dddddd url(https:\/\/thern.com\/wp-content\/uploads\/2023\/07\/Thern-Inc_About-Hero.jpg?id=343) !important;background-position: center !important;background-repeat: no-repeat !important;background-size: cover !important;}\u00a0\u00bb][vc_row full_width=\u00a0\u00bbstretch_row\u00a0\u00bb css=\u00a0\u00bb.vc_custom_1692983676181{padding-top: 50px !important;padding-bottom: 70px !important;background-color: rgba(0,0,0,0.5) !important;*background-color: rgb(0,0,0) !important;}\u00a0\u00bb][vc_column][vc_custom_heading text=\u00a0\u00bbStation d\u2019\u00e9puration des eaux us\u00e9es de Nachtmanderscheid et Putscheid\u00a0\u00bb font_container=\u00a0\u00bbtag:h1|text_align:left|color:%23ffffff\u00a0\u00bb use_theme_fonts=\u00a0\u00bbyes\u00a0\u00bb css_animation=\u00a0\u00bbfadeInLeft\u00a0\u00bb][\/vc_column][\/vc_row][\/vc_section][vc_row full_width=\u00a0\u00bbstretch_row\u00a0\u00bb equal_height=\u00a0\u00bbyes\u00a0\u00bb css=\u00a0\u00bb.vc_custom_1692985496191{padding-top: 65px !important;padding-bottom: 35px !important;}\u00a0\u00bb][vc_column css_animation=\u00a0\u00bbfadeInLeft\u00a0\u00bb width=\u00a0\u00bb1\/2&Prime;][vc_custom_heading text=\u00a0\u00bbD\u00e9fi : r\u00e9duire les co\u00fbts de maintenance\u00a0\u00bb font_container=\u00a0\u00bbtag:h4|text_align:left|color:%23900000&Prime; use_theme_fonts=\u00a0\u00bbyes\u00a0\u00bb][vc_column_text]L\u2019\u00e9conomie luxembourgeoise continue de cro\u00eetre malgr\u00e9 les s\u00e9quelles de l\u2019\u00e9pid\u00e9mie de la Covid-19. Le pays investit dans l\u2019innovation, soutient les jeunes entreprises et parvient \u00e0 une croissance durable tout en respectant son environnement naturel. Pour soutenir sa croissance et sa prosp\u00e9rit\u00e9, il a choisi de construire deux stations d\u2019\u00e9puration relativement petites.<\/p>\n<p>L\u2019op\u00e9rateur souhaitait g\u00e9rer les d\u00e9penses relatives aux infrastructures des stations. Pour ce faire, il a pr\u00e9f\u00e9r\u00e9 utiliser des grues portables plut\u00f4t que des grues install\u00e9es en permanence pour aider \u00e0 la maintenance et \u00e0 l\u2019entretien des pompes et des agitateurs des r\u00e9servoirs d\u2019eaux us\u00e9es.<br \/>\n[\/vc_column_text][vc_custom_heading text=\u00a0\u00bbSolution : grues portables pour r\u00e9duire le temps consacr\u00e9 \u00e0 la maintenance\u00a0\u00bb font_container=\u00a0\u00bbtag:h4|text_align:left|color:%23900000&Prime; use_theme_fonts=\u00a0\u00bbyes\u00a0\u00bb][vc_column_text]L\u2019op\u00e9rateur a choisi une grue \u00e0 bossoir portable Thern pour chaque site. Il a \u00e9galement achet\u00e9 plusieurs bases de grue qui peuvent \u00eatre ancr\u00e9es de mani\u00e8re permanente \u00e0 des points strat\u00e9giques adjacents \u00e0 chaque bassin de traitement. Ainsi, une grue pouvait \u00eatre d\u00e9plac\u00e9e facilement et rapidement d\u2019un endroit \u00e0 l\u2019autre. L\u2019op\u00e9rateur a \u00e9galement sp\u00e9cifi\u00e9 un ensemble de c\u00e2bles m\u00e9talliques sur mesure pour chaque pompe et chaque agitateur sur chaque site.[\/vc_column_text][vc_custom_heading text=\u00a0\u00bbR\u00e9sultat \u00a0\u00bb font_container=\u00a0\u00bbtag:h4|text_align:left|color:%23900000&Prime; use_theme_fonts=\u00a0\u00bbyes\u00a0\u00bb][vc_column_text]L\u2019op\u00e9rateur a \u00e9t\u00e9 ravi des grues \u00e0 bossoir portables Thern, qui se sont r\u00e9v\u00e9l\u00e9es l\u00e9g\u00e8res, robustes et faciles \u00e0 utiliser. La possibilit\u00e9 d\u2019utiliser une seule grue sur chaque site a \u00e9galement permis de r\u00e9duire les co\u00fbts annuels d\u2019inspection et de test de plusieurs grues.<\/p>\n<p>L\u2019op\u00e9rateur pr\u00e9voit de sp\u00e9cifier les grues \u00e0 bossoirs portables de Thern pour ses op\u00e9rations actuelles et futures. Le partenaire local de Thern a install\u00e9 et test\u00e9 les grues pour la soci\u00e9t\u00e9 d\u2019installation technique afin de faciliter les approbations.<br \/>\n[\/vc_column_text][vc_btn title=\u00a0\u00bbRetour aux secteurs\u00a0\u00bb style=\u00a0\u00bbcustom\u00a0\u00bb custom_background=\u00a0\u00bb#c71a32&Prime; custom_text=\u00a0\u00bb#ffffff\u00a0\u00bb shape=\u00a0\u00bbsquare\u00a0\u00bb size=\u00a0\u00bblg\u00a0\u00bb align=\u00a0\u00bbleft\u00a0\u00bb i_icon_fontawesome=\u00a0\u00bbfas fa-angle-left\u00a0\u00bb add_icon=\u00a0\u00bbtrue\u00a0\u00bb link=\u00a0\u00bburl:%2Ffr%2Findustries%2F|title:Return%20to%20Industries\u00a0\u00bb][\/vc_column][vc_column css_animation=\u00a0\u00bbfadeInRight\u00a0\u00bb width=\u00a0\u00bb1\/2&Prime;][vc_gallery type=\u00a0\u00bbnivo\u00a0\u00bb interval=\u00a0\u00bb0&Prime; images=\u00a0\u00bb32875,32941,32935,32929,32923,32917,32911,32905,32899,32893,32887,32881&Prime; img_size=\u00a0\u00bbfull\u00a0\u00bb][\/vc_column][\/vc_row][vc_row full_width=\u00a0\u00bbstretch_row\u00a0\u00bb css=\u00a0\u00bb.vc_custom_1692985441183{padding-top: 35px !important;padding-bottom: 35px !important;}\u00a0\u00bb][vc_column width=\u00a0\u00bb1\/6&Prime;][\/vc_column][vc_column css_animation=\u00a0\u00bbfadeInUp\u00a0\u00bb width=\u00a0\u00bb4\/6&Prime;][vc_custom_heading text=\u00a0\u00bbSiamo qui per aiutare\u00a0\u00bb font_container=\u00a0\u00bbtag:h2|text_align:center|color:%230a0a0a\u00a0\u00bb use_theme_fonts=\u00a0\u00bbyes\u00a0\u00bb css=\u00a0\u00bb.vc_custom_1696543236626{margin-bottom: 0px !important;}\u00a0\u00bb][vc_column_text]<\/p>\n<p style=\"text-align: center;\">Hai domande? Il personale di vendita e di assistenza amichevole e competente di Thern \u00e8 pronto ad assistervi.<\/p>\n<p>[\/vc_column_text][vc_btn title=\u00a0\u00bbContattaci\u00a0\u00bb style=\u00a0\u00bbcustom\u00a0\u00bb custom_background=\u00a0\u00bb#c71a32&Prime; custom_text=\u00a0\u00bb#ffffff\u00a0\u00bb shape=\u00a0\u00bbsquare\u00a0\u00bb size=\u00a0\u00bblg\u00a0\u00bb align=\u00a0\u00bbcenter\u00a0\u00bb i_align=\u00a0\u00bbright\u00a0\u00bb i_icon_fontawesome=\u00a0\u00bbfas fa-angle-right\u00a0\u00bb add_icon=\u00a0\u00bbtrue\u00a0\u00bb link=\u00a0\u00bburl:%2Fit%2Fcontact%2F|title:Contact\u00a0\u00bb][\/vc_column][vc_column width=\u00a0\u00bb1\/6&Prime;][\/vc_column][\/vc_row]<\/p>\n<\/div>","protected":false},"excerpt":{"rendered":"<p>[vc_section full_width=\u00a0\u00bbstretch_row\u00a0\u00bb content_placement=\u00a0\u00bbmiddle\u00a0\u00bb css=\u00a0\u00bb.vc_custom_1692983716171{padding-top: 0px !important;background: #dddddd url(https:\/\/thern.com\/wp-content\/uploads\/2023\/07\/Thern-Inc_About-Hero.jpg?id=343) !important;background-position: center !important;background-repeat: no-repeat !important;background-size: cover !important;}\u00a0\u00bb][vc_row full_width=\u00a0\u00bbstretch_row\u00a0\u00bb css=\u00a0\u00bb.vc_custom_1692983676181{padding-top: 50px !important;padding-bottom: 70px !important;background-color: rgba(0,0,0,0.5) !important;*background-color: rgb(0,0,0) !important;}\u00a0\u00bb][vc_column][vc_custom_heading text=\u00a0\u00bbStation d\u2019\u00e9puration des eaux us\u00e9es de Nachtmanderscheid et Putscheid\u00a0\u00bb font_container=\u00a0\u00bbtag:h1|text_align:left|color:%23ffffff\u00a0\u00bb use_theme_fonts=\u00a0\u00bbyes\u00a0\u00bb css_animation=\u00a0\u00bbfadeInLeft\u00a0\u00bb][\/vc_column][\/vc_row][\/vc_section][vc_row full_width=\u00a0\u00bbstretch_row\u00a0\u00bb equal_height=\u00a0\u00bbyes\u00a0\u00bb css=\u00a0\u00bb.vc_custom_1692985496191{padding-top: 65px !important;padding-bottom: 35px !important;}\u00a0\u00bb][vc_column css_animation=\u00a0\u00bbfadeInLeft\u00a0\u00bb width=\u00a0\u00bb1\/2&Prime;][vc_custom_heading text=\u00a0\u00bbD\u00e9fi : r\u00e9duire les co\u00fbts de maintenance\u00a0\u00bb font_container=\u00a0\u00bbtag:h4|text_align:left|color:%23900000&Prime; use_theme_fonts=\u00a0\u00bbyes\u00a0\u00bb][vc_column_text]L\u2019\u00e9conomie &#8230; <a title=\"Luxemburg Wastewater Nachtmanderscheid and Putscheid\" class=\"read-more\" href=\"https:\/\/thern.com\/fr\/portfolio\/luxemburg-wastewater-nachtmanderscheid-putscheid\/\" aria-label=\"More on Luxemburg Wastewater Nachtmanderscheid and Putscheid\">Read more<\/a><\/p>\n","protected":false},"author":1,"featured_media":0,"parent":30090,"menu_order":0,"comment_status":"closed","ping_status":"closed","template":"","meta":{"footnotes":""},"class_list":["post-32950","page","type-page","status-publish"],"yoast_head":"<!-- This site is optimized with the Yoast SEO plugin v27.5 - https:\/\/yoast.com\/product\/yoast-seo-wordpress\/ -->\n<title>Station d\u2019\u00e9puration des eaux us\u00e9es de Nachtmanderscheid et Putscheid | Thern\u00ae Winches &amp; Cranes<\/title>\n<meta name=\"description\" content=\"L\u2019\u00e9conomie luxembourgeoise continue de cro\u00eetre malgr\u00e9 les s\u00e9quelles de l\u2019\u00e9pid\u00e9mie de la Covid-19. Le pays investit dans l\u2019innovation, soutient les jeunes entreprises et parvient \u00e0 une croissance durable tout en respectant son environnement naturel.\" \/>\n<meta name=\"robots\" content=\"index, follow, max-snippet:-1, max-image-preview:large, max-video-preview:-1\" \/>\n<link rel=\"canonical\" href=\"https:\/\/thern.com\/fr\/portfolio\/luxemburg-wastewater-nachtmanderscheid-putscheid\/\" \/>\n<meta property=\"og:locale\" content=\"fr_FR\" \/>\n<meta property=\"og:type\" content=\"article\" \/>\n<meta property=\"og:title\" content=\"Station d\u2019\u00e9puration des eaux us\u00e9es de Nachtmanderscheid et Putscheid | Thern\u00ae Winches &amp; Cranes\" \/>\n<meta property=\"og:description\" content=\"L\u2019\u00e9conomie luxembourgeoise continue de cro\u00eetre malgr\u00e9 les s\u00e9quelles de l\u2019\u00e9pid\u00e9mie de la Covid-19. Le pays investit dans l\u2019innovation, soutient les jeunes entreprises et parvient \u00e0 une croissance durable tout en respectant son environnement naturel.\" \/>\n<meta property=\"og:url\" content=\"https:\/\/thern.com\/fr\/portfolio\/luxemburg-wastewater-nachtmanderscheid-putscheid\/\" \/>\n<meta property=\"og:site_name\" content=\"Thern\u00ae Winches &amp; Cranes\" \/>\n<meta property=\"article:publisher\" content=\"https:\/\/www.facebook.com\/ThernInc\/\" \/>\n<meta property=\"article:modified_time\" content=\"2023-12-07T19:46:16+00:00\" \/>\n<meta name=\"twitter:card\" content=\"summary_large_image\" \/>\n<meta name=\"twitter:label1\" content=\"Dur\u00e9e de lecture estim\u00e9e\" \/>\n\t<meta name=\"twitter:data1\" content=\"2 minutes\" \/>\n<script type=\"application\/ld+json\" class=\"yoast-schema-graph\">{\"@context\":\"https:\\\/\\\/schema.org\",\"@graph\":[{\"@type\":\"WebPage\",\"@id\":\"https:\\\/\\\/thern.com\\\/fr\\\/portfolio\\\/luxemburg-wastewater-nachtmanderscheid-putscheid\\\/\",\"url\":\"https:\\\/\\\/thern.com\\\/fr\\\/portfolio\\\/luxemburg-wastewater-nachtmanderscheid-putscheid\\\/\",\"name\":\"Station d\u2019\u00e9puration des eaux us\u00e9es de Nachtmanderscheid et Putscheid | Thern\u00ae Winches &amp; Cranes\",\"isPartOf\":{\"@id\":\"https:\\\/\\\/thern.com\\\/fr\\\/#website\"},\"datePublished\":\"2023-10-31T16:06:57+00:00\",\"dateModified\":\"2023-12-07T19:46:16+00:00\",\"description\":\"L\u2019\u00e9conomie luxembourgeoise continue de cro\u00eetre malgr\u00e9 les s\u00e9quelles de l\u2019\u00e9pid\u00e9mie de la Covid-19. Le pays investit dans l\u2019innovation, soutient les jeunes entreprises et parvient \u00e0 une croissance durable tout en respectant son environnement naturel.\",\"breadcrumb\":{\"@id\":\"https:\\\/\\\/thern.com\\\/fr\\\/portfolio\\\/luxemburg-wastewater-nachtmanderscheid-putscheid\\\/#breadcrumb\"},\"inLanguage\":\"fr-FR\",\"potentialAction\":[{\"@type\":\"ReadAction\",\"target\":[\"https:\\\/\\\/thern.com\\\/fr\\\/portfolio\\\/luxemburg-wastewater-nachtmanderscheid-putscheid\\\/\"]}]},{\"@type\":\"BreadcrumbList\",\"@id\":\"https:\\\/\\\/thern.com\\\/fr\\\/portfolio\\\/luxemburg-wastewater-nachtmanderscheid-putscheid\\\/#breadcrumb\",\"itemListElement\":[{\"@type\":\"ListItem\",\"position\":1,\"name\":\"Home\",\"item\":\"https:\\\/\\\/thern.com\\\/fr\\\/\"},{\"@type\":\"ListItem\",\"position\":2,\"name\":\"Portfolio\",\"item\":\"https:\\\/\\\/thern.com\\\/fr\\\/portfolio\\\/\"},{\"@type\":\"ListItem\",\"position\":3,\"name\":\"Luxemburg Wastewater Nachtmanderscheid and Putscheid\"}]},{\"@type\":\"WebSite\",\"@id\":\"https:\\\/\\\/thern.com\\\/fr\\\/#website\",\"url\":\"https:\\\/\\\/thern.com\\\/fr\\\/\",\"name\":\"Thern\u00ae Winches &amp; Cranes\",\"description\":\"Leave the Heavy Lifting to Us\",\"publisher\":{\"@id\":\"https:\\\/\\\/thern.com\\\/fr\\\/#organization\"},\"potentialAction\":[{\"@type\":\"SearchAction\",\"target\":{\"@type\":\"EntryPoint\",\"urlTemplate\":\"https:\\\/\\\/thern.com\\\/fr\\\/?s={search_term_string}\"},\"query-input\":{\"@type\":\"PropertyValueSpecification\",\"valueRequired\":true,\"valueName\":\"search_term_string\"}}],\"inLanguage\":\"fr-FR\"},{\"@type\":\"Organization\",\"@id\":\"https:\\\/\\\/thern.com\\\/fr\\\/#organization\",\"name\":\"Thern\u00ae Winches &amp; Cranes\",\"url\":\"https:\\\/\\\/thern.com\\\/fr\\\/\",\"logo\":{\"@type\":\"ImageObject\",\"inLanguage\":\"fr-FR\",\"@id\":\"https:\\\/\\\/thern.com\\\/fr\\\/#\\\/schema\\\/logo\\\/image\\\/\",\"url\":\"https:\\\/\\\/thern.com\\\/wp-content\\\/uploads\\\/2023\\\/11\\\/Logo_SaveForWeb-outline-FINAL-01.svg\",\"contentUrl\":\"https:\\\/\\\/thern.com\\\/wp-content\\\/uploads\\\/2023\\\/11\\\/Logo_SaveForWeb-outline-FINAL-01.svg\",\"caption\":\"Thern\u00ae Winches &amp; Cranes\"},\"image\":{\"@id\":\"https:\\\/\\\/thern.com\\\/fr\\\/#\\\/schema\\\/logo\\\/image\\\/\"},\"sameAs\":[\"https:\\\/\\\/www.facebook.com\\\/ThernInc\\\/\",\"https:\\\/\\\/www.linkedin.com\\\/company\\\/thern-inc-\\\/\",\"https:\\\/\\\/www.youtube.com\\\/user\\\/ThernStage\"]}]}<\/script>\n<!-- \/ Yoast SEO plugin. -->","yoast_head_json":{"title":"Station d\u2019\u00e9puration des eaux us\u00e9es de Nachtmanderscheid et Putscheid | Thern\u00ae Winches &amp; Cranes","description":"L\u2019\u00e9conomie luxembourgeoise continue de cro\u00eetre malgr\u00e9 les s\u00e9quelles de l\u2019\u00e9pid\u00e9mie de la Covid-19. Le pays investit dans l\u2019innovation, soutient les jeunes entreprises et parvient \u00e0 une croissance durable tout en respectant son environnement naturel.","robots":{"index":"index","follow":"follow","max-snippet":"max-snippet:-1","max-image-preview":"max-image-preview:large","max-video-preview":"max-video-preview:-1"},"canonical":"https:\/\/thern.com\/fr\/portfolio\/luxemburg-wastewater-nachtmanderscheid-putscheid\/","og_locale":"fr_FR","og_type":"article","og_title":"Station d\u2019\u00e9puration des eaux us\u00e9es de Nachtmanderscheid et Putscheid | Thern\u00ae Winches &amp; Cranes","og_description":"L\u2019\u00e9conomie luxembourgeoise continue de cro\u00eetre malgr\u00e9 les s\u00e9quelles de l\u2019\u00e9pid\u00e9mie de la Covid-19. Le pays investit dans l\u2019innovation, soutient les jeunes entreprises et parvient \u00e0 une croissance durable tout en respectant son environnement naturel.","og_url":"https:\/\/thern.com\/fr\/portfolio\/luxemburg-wastewater-nachtmanderscheid-putscheid\/","og_site_name":"Thern\u00ae Winches &amp; Cranes","article_publisher":"https:\/\/www.facebook.com\/ThernInc\/","article_modified_time":"2023-12-07T19:46:16+00:00","twitter_card":"summary_large_image","twitter_misc":{"Dur\u00e9e de lecture estim\u00e9e":"2 minutes"},"schema":{"@context":"https:\/\/schema.org","@graph":[{"@type":"WebPage","@id":"https:\/\/thern.com\/fr\/portfolio\/luxemburg-wastewater-nachtmanderscheid-putscheid\/","url":"https:\/\/thern.com\/fr\/portfolio\/luxemburg-wastewater-nachtmanderscheid-putscheid\/","name":"Station d\u2019\u00e9puration des eaux us\u00e9es de Nachtmanderscheid et Putscheid | Thern\u00ae Winches &amp; Cranes","isPartOf":{"@id":"https:\/\/thern.com\/fr\/#website"},"datePublished":"2023-10-31T16:06:57+00:00","dateModified":"2023-12-07T19:46:16+00:00","description":"L\u2019\u00e9conomie luxembourgeoise continue de cro\u00eetre malgr\u00e9 les s\u00e9quelles de l\u2019\u00e9pid\u00e9mie de la Covid-19. Le pays investit dans l\u2019innovation, soutient les jeunes entreprises et parvient \u00e0 une croissance durable tout en respectant son environnement naturel.","breadcrumb":{"@id":"https:\/\/thern.com\/fr\/portfolio\/luxemburg-wastewater-nachtmanderscheid-putscheid\/#breadcrumb"},"inLanguage":"fr-FR","potentialAction":[{"@type":"ReadAction","target":["https:\/\/thern.com\/fr\/portfolio\/luxemburg-wastewater-nachtmanderscheid-putscheid\/"]}]},{"@type":"BreadcrumbList","@id":"https:\/\/thern.com\/fr\/portfolio\/luxemburg-wastewater-nachtmanderscheid-putscheid\/#breadcrumb","itemListElement":[{"@type":"ListItem","position":1,"name":"Home","item":"https:\/\/thern.com\/fr\/"},{"@type":"ListItem","position":2,"name":"Portfolio","item":"https:\/\/thern.com\/fr\/portfolio\/"},{"@type":"ListItem","position":3,"name":"Luxemburg Wastewater Nachtmanderscheid and Putscheid"}]},{"@type":"WebSite","@id":"https:\/\/thern.com\/fr\/#website","url":"https:\/\/thern.com\/fr\/","name":"Thern\u00ae Winches &amp; Cranes","description":"Leave the Heavy Lifting to Us","publisher":{"@id":"https:\/\/thern.com\/fr\/#organization"},"potentialAction":[{"@type":"SearchAction","target":{"@type":"EntryPoint","urlTemplate":"https:\/\/thern.com\/fr\/?s={search_term_string}"},"query-input":{"@type":"PropertyValueSpecification","valueRequired":true,"valueName":"search_term_string"}}],"inLanguage":"fr-FR"},{"@type":"Organization","@id":"https:\/\/thern.com\/fr\/#organization","name":"Thern\u00ae Winches &amp; Cranes","url":"https:\/\/thern.com\/fr\/","logo":{"@type":"ImageObject","inLanguage":"fr-FR","@id":"https:\/\/thern.com\/fr\/#\/schema\/logo\/image\/","url":"https:\/\/thern.com\/wp-content\/uploads\/2023\/11\/Logo_SaveForWeb-outline-FINAL-01.svg","contentUrl":"https:\/\/thern.com\/wp-content\/uploads\/2023\/11\/Logo_SaveForWeb-outline-FINAL-01.svg","caption":"Thern\u00ae Winches &amp; Cranes"},"image":{"@id":"https:\/\/thern.com\/fr\/#\/schema\/logo\/image\/"},"sameAs":["https:\/\/www.facebook.com\/ThernInc\/","https:\/\/www.linkedin.com\/company\/thern-inc-\/","https:\/\/www.youtube.com\/user\/ThernStage"]}]}},"_links":{"self":[{"href":"https:\/\/thern.com\/fr\/wp-json\/wp\/v2\/pages\/32950","targetHints":{"allow":["GET"]}}],"collection":[{"href":"https:\/\/thern.com\/fr\/wp-json\/wp\/v2\/pages"}],"about":[{"href":"https:\/\/thern.com\/fr\/wp-json\/wp\/v2\/types\/page"}],"author":[{"embeddable":true,"href":"https:\/\/thern.com\/fr\/wp-json\/wp\/v2\/users\/1"}],"replies":[{"embeddable":true,"href":"https:\/\/thern.com\/fr\/wp-json\/wp\/v2\/comments?post=32950"}],"version-history":[{"count":0,"href":"https:\/\/thern.com\/fr\/wp-json\/wp\/v2\/pages\/32950\/revisions"}],"up":[{"embeddable":true,"href":"https:\/\/thern.com\/fr\/wp-json\/wp\/v2\/pages\/30090"}],"wp:attachment":[{"href":"https:\/\/thern.com\/fr\/wp-json\/wp\/v2\/media?parent=32950"}],"curies":[{"name":"wp","href":"https:\/\/api.w.org\/{rel}","templated":true}]}}