{"id":32497,"date":"2023-08-22T20:23:52","date_gmt":"2023-08-22T20:23:52","guid":{"rendered":"https:\/\/therninc.wpenginepowered.com\/winches\/air-winches\/"},"modified":"2023-10-10T20:18:11","modified_gmt":"2023-10-10T20:18:11","slug":"air-winches","status":"publish","type":"page","link":"https:\/\/thern.com\/fr\/winches\/air-winches\/","title":{"rendered":"Air Winches"},"content":{"rendered":"<div class=\"wpb-content-wrapper\"><p>[vc_section full_width=\u00a0\u00bbstretch_row\u00a0\u00bb content_placement=\u00a0\u00bbmiddle\u00a0\u00bb css=\u00a0\u00bb.vc_custom_1692902633353{padding-top: 0px !important;background-image: url(https:\/\/thern.com\/wp-content\/uploads\/2023\/08\/Thern_Winches-Hero.jpg?id=22442) !important;background-position: center !important;background-repeat: no-repeat !important;background-size: cover !important;}\u00a0\u00bb][vc_row full_width=\u00a0\u00bbstretch_row\u00a0\u00bb css=\u00a0\u00bb.vc_custom_1692902626178{padding-top: 50px !important;padding-bottom: 70px !important;background-color: rgba(0,0,0,0.5) !important;*background-color: rgb(0,0,0) !important;}\u00a0\u00bb][vc_column][vc_custom_heading text=\u00a0\u00bbTreuils pneumatiques\u00a0\u00bb font_container=\u00a0\u00bbtag:h1|text_align:left|color:%23ffffff\u00a0\u00bb use_theme_fonts=\u00a0\u00bbyes\u00a0\u00bb css_animation=\u00a0\u00bbfadeInLeft\u00a0\u00bb][\/vc_column][\/vc_row][\/vc_section][vc_row full_width=\u00a0\u00bbstretch_row\u00a0\u00bb equal_height=\u00a0\u00bbyes\u00a0\u00bb content_placement=\u00a0\u00bbmiddle\u00a0\u00bb css=\u00a0\u00bb.vc_custom_1689180629506{padding-bottom: 35px !important;background-color: #c71a32 !important;}\u00a0\u00bb][vc_column css_animation=\u00a0\u00bbfadeInLeft\u00a0\u00bb width=\u00a0\u00bb1\/2&Prime;][vc_custom_heading text=\u00a0\u00bbThern Treuils\u00a0\u00bb font_container=\u00a0\u00bbtag:h2|text_align:left|color:%23ffffff\u00a0\u00bb use_theme_fonts=\u00a0\u00bbyes\u00a0\u00bb][vc_custom_heading text=\u00a0\u00bbTirez, soulevez, positionnez et tendez en toute confiance\u00a0\u00bb font_container=\u00a0\u00bbtag:h3|text_align:left|color:%23ffffff\u00a0\u00bb use_theme_fonts=\u00a0\u00bbyes\u00a0\u00bb][\/vc_column][vc_column width=\u00a0\u00bb1\/2&Prime; el_class=\u00a0\u00bbdo-not-show\u00a0\u00bb][\/vc_column][\/vc_row][vc_section el_id=\u00a0\u00bbrotate-containers\u00a0\u00bb css=\u00a0\u00bb.vc_custom_1692817472416{padding-top: 35px !important;padding-bottom: 35px !important;}\u00a0\u00bb][vc_row][vc_column width=\u00a0\u00bb1\/6&Prime; el_class=\u00a0\u00bbdo-not-show\u00a0\u00bb][\/vc_column][vc_column width=\u00a0\u00bb2\/3&Prime;][vc_column_text css_animation=\u00a0\u00bbfadeInUp\u00a0\u00bb]<\/p>\n<p style=\"text-align: center;\">Lorsque vous devez soulever, abaisser ou positionner une charge lourde, Thern fournit des treuils pneumatiques fiables n\u00e9cessaires pour effectuer le travail efficacement. De la construction au secteur maritime en passant par la fabrication et plus encore, nos treuils pneumatiques sont construits de mani\u00e8re robuste pour r\u00e9pondre aux exigences du travail dans n&rsquo;importe quel environnement et dans une grande vari\u00e9t\u00e9 d&rsquo;applications.<\/p>\n<p>[\/vc_column_text][\/vc_column][vc_column width=\u00a0\u00bb1\/6&Prime; el_class=\u00a0\u00bbdo-not-show\u00a0\u00bb][\/vc_column][\/vc_row][vc_row el_id=\u00a0\u00bbproduct-change\u00a0\u00bb css=\u00a0\u00bb.vc_custom_1692902861747{padding-bottom: 65px !important;}\u00a0\u00bb][vc_column css_animation=\u00a0\u00bbfadeInUp\u00a0\u00bb][vc_row_inner el_class=\u00a0\u00bbheadline-container\u00a0\u00bb][vc_column_inner width=\u00a0\u00bb1\/3&Prime;][vc_custom_heading text=\u00a0\u00bbC S\u00e9rie\u00a0\u00bb font_container=\u00a0\u00bbtag:h6|text_align:center|color:%23990000&Prime; use_theme_fonts=\u00a0\u00bbyes\u00a0\u00bb css=\u00a0\u00bb.vc_custom_1696969081900{margin-bottom: 0px !important;}\u00a0\u00bb el_class=\u00a0\u00bbheadline-one active\u00a0\u00bb][\/vc_column_inner][vc_column_inner width=\u00a0\u00bb1\/3&Prime;][vc_custom_heading text=\u00a0\u00bbMini S\u00e9rie\u00a0\u00bb font_container=\u00a0\u00bbtag:h6|text_align:center|color:%23990000&Prime; use_theme_fonts=\u00a0\u00bbyes\u00a0\u00bb css=\u00a0\u00bb.vc_custom_1696969085823{margin-bottom: 0px !important;}\u00a0\u00bb el_class=\u00a0\u00bbheadline-two\u00a0\u00bb][\/vc_column_inner][vc_column_inner width=\u00a0\u00bb1\/3&Prime;][vc_custom_heading text=\u00a0\u00bbBig Red Legacy S\u00e9rie\u00a0\u00bb font_container=\u00a0\u00bbtag:h6|text_align:center|color:%23990000&Prime; use_theme_fonts=\u00a0\u00bbyes\u00a0\u00bb css=\u00a0\u00bb.vc_custom_1696969090290{margin-bottom: 0px !important;}\u00a0\u00bb el_class=\u00a0\u00bbheadline-three\u00a0\u00bb][\/vc_column_inner][\/vc_row_inner][\/vc_column][\/vc_row][vc_row css_animation=\u00a0\u00bbfadeIn\u00a0\u00bb el_class=\u00a0\u00bbcontainer-one active\u00a0\u00bb el_id=\u00a0\u00bbcontainer-one\u00a0\u00bb][vc_column][vc_single_image image=\u00a0\u00bb23087&Prime; img_size=\u00a0\u00bbfull\u00a0\u00bb alignment=\u00a0\u00bbcenter\u00a0\u00bb][vc_row_inner][vc_column_inner width=\u00a0\u00bb1\/2&Prime;][vc_column_text el_class=\u00a0\u00bbcontent-one active\u00a0\u00bb]<\/p>\n<h3><span style=\"color: #900000;\">TA5C Treuil pneumatique<\/span><\/h3>\n<p><strong><span style=\"color: #900000;\">C S\u00c9RIE<\/span><\/strong><br \/>\n<strong><span style=\"color: #900000;\">Capacit\u00e9 jusqu&rsquo;\u00e0 10 tonnes<\/span><\/strong>[\/vc_column_text][\/vc_column_inner][vc_column_inner width=\u00a0\u00bb1\/2&Prime;][vc_btn title=\u00a0\u00bbExplorer C S\u00e9rie\u00a0\u00bb style=\u00a0\u00bbcustom\u00a0\u00bb custom_background=\u00a0\u00bb#c71a32&Prime; custom_text=\u00a0\u00bb#ffffff\u00a0\u00bb shape=\u00a0\u00bbsquare\u00a0\u00bb size=\u00a0\u00bblg\u00a0\u00bb align=\u00a0\u00bbcenter\u00a0\u00bb i_align=\u00a0\u00bbright\u00a0\u00bb i_icon_fontawesome=\u00a0\u00bbfas fa-angle-right\u00a0\u00bb add_icon=\u00a0\u00bbtrue\u00a0\u00bb el_class=\u00a0\u00bbbutton-one active\u00a0\u00bb link=\u00a0\u00bburl:%2Ffr%2Fwinches%2Fair-winches%2Fc-series%2F|title:Explore%20C%20Series\u00a0\u00bb][vc_btn title=\u00a0\u00bbExplorez tous les treuils\u00a0\u00bb style=\u00a0\u00bbcustom\u00a0\u00bb custom_background=\u00a0\u00bb#666666&Prime; custom_text=\u00a0\u00bb#ffffff\u00a0\u00bb shape=\u00a0\u00bbsquare\u00a0\u00bb size=\u00a0\u00bblg\u00a0\u00bb align=\u00a0\u00bbcenter\u00a0\u00bb i_align=\u00a0\u00bbright\u00a0\u00bb i_icon_fontawesome=\u00a0\u00bbfas fa-angle-right\u00a0\u00bb add_icon=\u00a0\u00bbtrue\u00a0\u00bb el_class=\u00a0\u00bbbutton-one active grey-btn\u00a0\u00bb link=\u00a0\u00bburl:%2Ffr%2Fwinches%2F|title:Air%20Winches\u00a0\u00bb][\/vc_column_inner][\/vc_row_inner][\/vc_column][\/vc_row][vc_row css_animation=\u00a0\u00bbfadeIn\u00a0\u00bb el_class=\u00a0\u00bbcontainer-two\u00a0\u00bb el_id=\u00a0\u00bbcontainer-two\u00a0\u00bb][vc_column][vc_single_image image=\u00a0\u00bb23095&Prime; img_size=\u00a0\u00bbfull\u00a0\u00bb alignment=\u00a0\u00bbcenter\u00a0\u00bb][vc_row_inner][vc_column_inner width=\u00a0\u00bb1\/2&Prime;][vc_column_text el_class=\u00a0\u00bbcontent-one active\u00a0\u00bb]<\/p>\n<h3><span style=\"color: #900000;\">MTA1000 &amp; MTA2000 Remorqueurs a\u00e9riens<\/span><\/h3>\n<p><strong><span style=\"color: #900000;\">MINI S\u00c9RIE<\/span><\/strong><br \/>\n<strong><span style=\"color: #900000;\">Capacit\u00e9s allant jusqu&rsquo;\u00e0 1 400 et 2 700 lb<\/span><\/strong>[\/vc_column_text][\/vc_column_inner][vc_column_inner width=\u00a0\u00bb1\/2&Prime;][vc_btn title=\u00a0\u00bbExplorer Mini S\u00e9rie\u00a0\u00bb style=\u00a0\u00bbcustom\u00a0\u00bb custom_background=\u00a0\u00bb#c71a32&Prime; custom_text=\u00a0\u00bb#ffffff\u00a0\u00bb shape=\u00a0\u00bbsquare\u00a0\u00bb size=\u00a0\u00bblg\u00a0\u00bb align=\u00a0\u00bbcenter\u00a0\u00bb i_align=\u00a0\u00bbright\u00a0\u00bb i_icon_fontawesome=\u00a0\u00bbfas fa-angle-right\u00a0\u00bb add_icon=\u00a0\u00bbtrue\u00a0\u00bb el_class=\u00a0\u00bbbutton-one active\u00a0\u00bb link=\u00a0\u00bburl:%2Ffr%2Fwinches%2Fair-winches%2Fmini-ta-series%2F|title:Explore%20Mini%20TA%20Series\u00a0\u00bb][vc_btn title=\u00a0\u00bbExplorez tous les treuils\u00a0\u00bb style=\u00a0\u00bbcustom\u00a0\u00bb custom_background=\u00a0\u00bb#666666&Prime; custom_text=\u00a0\u00bb#ffffff\u00a0\u00bb shape=\u00a0\u00bbsquare\u00a0\u00bb size=\u00a0\u00bblg\u00a0\u00bb align=\u00a0\u00bbcenter\u00a0\u00bb i_align=\u00a0\u00bbright\u00a0\u00bb i_icon_fontawesome=\u00a0\u00bbfas fa-angle-right\u00a0\u00bb add_icon=\u00a0\u00bbtrue\u00a0\u00bb el_class=\u00a0\u00bbbutton-one active grey-btn\u00a0\u00bb link=\u00a0\u00bburl:%2Ffr%2Fwinches%2F|title:Air%20Winches\u00a0\u00bb][\/vc_column_inner][\/vc_row_inner][\/vc_column][\/vc_row][vc_row css_animation=\u00a0\u00bbfadeIn\u00a0\u00bb el_class=\u00a0\u00bbcontainer-three\u00a0\u00bb el_id=\u00a0\u00bbcontainer-three\u00a0\u00bb][vc_column][vc_single_image image=\u00a0\u00bb23104&Prime; img_size=\u00a0\u00bbfull\u00a0\u00bb alignment=\u00a0\u00bbcenter\u00a0\u00bb][vc_row_inner][vc_column_inner width=\u00a0\u00bb1\/2&Prime;][vc_column_text el_class=\u00a0\u00bbcontent-one active\u00a0\u00bb]<\/p>\n<h3><span style=\"color: #900000;\">TA2.5 Treuil pneumatique<\/span><\/h3>\n<p><strong><span style=\"color: #900000;\">BIG RED LEGACY S\u00c9RIE<\/span><\/strong><br \/>\n<strong><span style=\"color: #900000;\">Capacit\u00e9 jusqu&rsquo;\u00e0 15\u00a0700 lb<\/span><\/strong>[\/vc_column_text][\/vc_column_inner][vc_column_inner width=\u00a0\u00bb1\/2&Prime;][vc_btn title=\u00a0\u00bbExplorer Big Red Legacy S\u00e9rie\u00a0\u00bb style=\u00a0\u00bbcustom\u00a0\u00bb custom_background=\u00a0\u00bb#c71a32&Prime; custom_text=\u00a0\u00bb#ffffff\u00a0\u00bb shape=\u00a0\u00bbsquare\u00a0\u00bb size=\u00a0\u00bblg\u00a0\u00bb align=\u00a0\u00bbcenter\u00a0\u00bb i_align=\u00a0\u00bbright\u00a0\u00bb i_icon_fontawesome=\u00a0\u00bbfas fa-angle-right\u00a0\u00bb add_icon=\u00a0\u00bbtrue\u00a0\u00bb el_class=\u00a0\u00bbbutton-one active\u00a0\u00bb link=\u00a0\u00bburl:%2Ffr%2Fwinches%2Fair-winches%2Fbig-red-legacy-series%2F|title:Explore%20Big%20Red%20Legacy\u00a0\u00bb][vc_btn title=\u00a0\u00bbExplorez tous les treuils\u00a0\u00bb style=\u00a0\u00bbcustom\u00a0\u00bb custom_background=\u00a0\u00bb#666666&Prime; custom_text=\u00a0\u00bb#ffffff\u00a0\u00bb shape=\u00a0\u00bbsquare\u00a0\u00bb size=\u00a0\u00bblg\u00a0\u00bb align=\u00a0\u00bbcenter\u00a0\u00bb i_align=\u00a0\u00bbright\u00a0\u00bb i_icon_fontawesome=\u00a0\u00bbfas fa-angle-right\u00a0\u00bb add_icon=\u00a0\u00bbtrue\u00a0\u00bb el_class=\u00a0\u00bbbutton-one active grey-btn\u00a0\u00bb link=\u00a0\u00bburl:%2Ffr%2Fwinches%2F|title:Air%20Winches\u00a0\u00bb][\/vc_column_inner][\/vc_row_inner][\/vc_column][\/vc_row][\/vc_section][vc_row full_width=\u00a0\u00bbstretch_row\u00a0\u00bb css=\u00a0\u00bb.vc_custom_1689696517169{padding-top: 35px !important;padding-bottom: 35px !important;background-color: #ececec !important;}\u00a0\u00bb][vc_column][vc_custom_heading text=\u00a0\u00bbVous ne voyez pas ce que vous recherchez ?\u00a0\u00bb font_container=\u00a0\u00bbtag:h2|text_align:center|color:%230a0a0a\u00a0\u00bb use_theme_fonts=\u00a0\u00bbyes\u00a0\u00bb css_animation=\u00a0\u00bbfadeInUp\u00a0\u00bb css=\u00a0\u00bb.vc_custom_1696801219771{margin-bottom: 0px !important;}\u00a0\u00bb][\/vc_column][vc_column width=\u00a0\u00bb1\/6&Prime; el_class=\u00a0\u00bbdo-not-show\u00a0\u00bb][\/vc_column][vc_column css_animation=\u00a0\u00bbfadeInUp\u00a0\u00bb width=\u00a0\u00bb2\/3&Prime;][vc_column_text]<\/p>\n<p style=\"text-align: center;\">Si vous avez des besoins particuliers en mati\u00e8re de produits, appelez-nous simplement\u00a0! Nos \u00e9quipes d&rsquo;ing\u00e9nierie et de production sont expertes dans la modification de mod\u00e8les existants et dans la conception d&rsquo;un treuil personnalis\u00e9 pour vos besoins sp\u00e9cifiques. En fait, plus de 60 % de notre activit\u00e9 concerne l\u2019ing\u00e9nierie sur mesure, alors n\u2019h\u00e9sitez pas \u00e0 nous contacter si vous ne voyez pas ce que vous souhaitez sur notre site ou dans notre catalogue. Nous sommes sp\u00e9cialis\u00e9s dans le traitement rapide des commandes personnalis\u00e9es.<\/p>\n<p>[\/vc_column_text][vc_btn title=\u00a0\u00bbServices d&rsquo;ing\u00e9nierie personnalis\u00e9s\u00a0\u00bb style=\u00a0\u00bbcustom\u00a0\u00bb custom_background=\u00a0\u00bb#c71a32&Prime; custom_text=\u00a0\u00bb#ffffff\u00a0\u00bb shape=\u00a0\u00bbsquare\u00a0\u00bb size=\u00a0\u00bblg\u00a0\u00bb align=\u00a0\u00bbcenter\u00a0\u00bb i_align=\u00a0\u00bbright\u00a0\u00bb i_icon_fontawesome=\u00a0\u00bbfas fa-angle-right\u00a0\u00bb add_icon=\u00a0\u00bbtrue\u00a0\u00bb link=\u00a0\u00bburl:%2Ffr%2Fcustom-engineering-services%2F|title:Custom%20Engineering%20Services\u00a0\u00bb][\/vc_column][vc_column width=\u00a0\u00bb1\/6&Prime; el_class=\u00a0\u00bbdo-not-show\u00a0\u00bb][\/vc_column][\/vc_row]<\/p>\n<\/div>","protected":false},"excerpt":{"rendered":"<p>[vc_section full_width=\u00a0\u00bbstretch_row\u00a0\u00bb content_placement=\u00a0\u00bbmiddle\u00a0\u00bb css=\u00a0\u00bb.vc_custom_1692902633353{padding-top: 0px !important;background-image: url(https:\/\/thern.com\/wp-content\/uploads\/2023\/08\/Thern_Winches-Hero.jpg?id=22442) !important;background-position: center !important;background-repeat: no-repeat !important;background-size: cover !important;}\u00a0\u00bb][vc_row full_width=\u00a0\u00bbstretch_row\u00a0\u00bb css=\u00a0\u00bb.vc_custom_1692902626178{padding-top: 50px !important;padding-bottom: 70px !important;background-color: rgba(0,0,0,0.5) !important;*background-color: rgb(0,0,0) !important;}\u00a0\u00bb][vc_column][vc_custom_heading text=\u00a0\u00bbTreuils pneumatiques\u00a0\u00bb font_container=\u00a0\u00bbtag:h1|text_align:left|color:%23ffffff\u00a0\u00bb use_theme_fonts=\u00a0\u00bbyes\u00a0\u00bb css_animation=\u00a0\u00bbfadeInLeft\u00a0\u00bb][\/vc_column][\/vc_row][\/vc_section][vc_row full_width=\u00a0\u00bbstretch_row\u00a0\u00bb equal_height=\u00a0\u00bbyes\u00a0\u00bb content_placement=\u00a0\u00bbmiddle\u00a0\u00bb css=\u00a0\u00bb.vc_custom_1689180629506{padding-bottom: 35px !important;background-color: #c71a32 !important;}\u00a0\u00bb][vc_column css_animation=\u00a0\u00bbfadeInLeft\u00a0\u00bb width=\u00a0\u00bb1\/2&Prime;][vc_custom_heading text=\u00a0\u00bbThern Treuils\u00a0\u00bb font_container=\u00a0\u00bbtag:h2|text_align:left|color:%23ffffff\u00a0\u00bb use_theme_fonts=\u00a0\u00bbyes\u00a0\u00bb][vc_custom_heading text=\u00a0\u00bbTirez, soulevez, positionnez et tendez en toute confiance\u00a0\u00bb font_container=\u00a0\u00bbtag:h3|text_align:left|color:%23ffffff\u00a0\u00bb use_theme_fonts=\u00a0\u00bbyes\u00a0\u00bb][\/vc_column][vc_column width=\u00a0\u00bb1\/2&Prime; el_class=\u00a0\u00bbdo-not-show\u00a0\u00bb][\/vc_column][\/vc_row][vc_section &#8230; <a title=\"Air Winches\" class=\"read-more\" href=\"https:\/\/thern.com\/fr\/winches\/air-winches\/\" aria-label=\"More on Air Winches\">Read more<\/a><\/p>\n","protected":false},"author":1,"featured_media":0,"parent":30939,"menu_order":0,"comment_status":"closed","ping_status":"closed","template":"","meta":{"footnotes":""},"class_list":["post-32497","page","type-page","status-publish"],"yoast_head":"<!-- This site is optimized with the Yoast SEO plugin v27.4 - https:\/\/yoast.com\/product\/yoast-seo-wordpress\/ -->\n<title>Treuils pneumatiques - Treuils pneumatiques robustes Thern | Thern\u00ae Winches &amp; Cranes<\/title>\n<meta name=\"description\" content=\"Les treuils pneumatiques robustes Thern sont con\u00e7us pour durer, vous offrant un contr\u00f4le, une pr\u00e9cision et des performances ultimes. Fabriqu\u00e9 aux \u00c9tats-Unis!\" \/>\n<meta name=\"robots\" content=\"index, follow, max-snippet:-1, max-image-preview:large, max-video-preview:-1\" \/>\n<link rel=\"canonical\" href=\"https:\/\/thern.com\/fr\/winches\/air-winches\/\" \/>\n<meta property=\"og:locale\" content=\"fr_FR\" \/>\n<meta property=\"og:type\" content=\"article\" \/>\n<meta property=\"og:title\" content=\"Treuils pneumatiques - Treuils pneumatiques robustes Thern | Thern\u00ae Winches &amp; Cranes\" \/>\n<meta property=\"og:description\" content=\"Les treuils pneumatiques robustes Thern sont con\u00e7us pour durer, vous offrant un contr\u00f4le, une pr\u00e9cision et des performances ultimes. Fabriqu\u00e9 aux \u00c9tats-Unis!\" \/>\n<meta property=\"og:url\" content=\"https:\/\/thern.com\/fr\/winches\/air-winches\/\" \/>\n<meta property=\"og:site_name\" content=\"Thern\u00ae Winches &amp; Cranes\" \/>\n<meta property=\"article:publisher\" content=\"https:\/\/www.facebook.com\/ThernInc\/\" \/>\n<meta property=\"article:modified_time\" content=\"2023-10-10T20:18:11+00:00\" \/>\n<meta name=\"twitter:card\" content=\"summary_large_image\" \/>\n<meta name=\"twitter:label1\" content=\"Dur\u00e9e de lecture estim\u00e9e\" \/>\n\t<meta name=\"twitter:data1\" content=\"3 minutes\" \/>\n<script type=\"application\/ld+json\" class=\"yoast-schema-graph\">{\"@context\":\"https:\\\/\\\/schema.org\",\"@graph\":[{\"@type\":\"WebPage\",\"@id\":\"https:\\\/\\\/thern.com\\\/fr\\\/winches\\\/air-winches\\\/\",\"url\":\"https:\\\/\\\/thern.com\\\/fr\\\/winches\\\/air-winches\\\/\",\"name\":\"Treuils pneumatiques - Treuils pneumatiques robustes Thern | Thern\u00ae Winches &amp; Cranes\",\"isPartOf\":{\"@id\":\"https:\\\/\\\/thern.com\\\/fr\\\/#website\"},\"datePublished\":\"2023-08-22T20:23:52+00:00\",\"dateModified\":\"2023-10-10T20:18:11+00:00\",\"description\":\"Les treuils pneumatiques robustes Thern sont con\u00e7us pour durer, vous offrant un contr\u00f4le, une pr\u00e9cision et des performances ultimes. Fabriqu\u00e9 aux \u00c9tats-Unis!\",\"breadcrumb\":{\"@id\":\"https:\\\/\\\/thern.com\\\/fr\\\/winches\\\/air-winches\\\/#breadcrumb\"},\"inLanguage\":\"fr-FR\",\"potentialAction\":[{\"@type\":\"ReadAction\",\"target\":[\"https:\\\/\\\/thern.com\\\/fr\\\/winches\\\/air-winches\\\/\"]}]},{\"@type\":\"BreadcrumbList\",\"@id\":\"https:\\\/\\\/thern.com\\\/fr\\\/winches\\\/air-winches\\\/#breadcrumb\",\"itemListElement\":[{\"@type\":\"ListItem\",\"position\":1,\"name\":\"Home\",\"item\":\"https:\\\/\\\/thern.com\\\/fr\\\/\"},{\"@type\":\"ListItem\",\"position\":2,\"name\":\"Winches\",\"item\":\"https:\\\/\\\/thern.com\\\/fr\\\/winches\\\/\"},{\"@type\":\"ListItem\",\"position\":3,\"name\":\"Air Winches\"}]},{\"@type\":\"WebSite\",\"@id\":\"https:\\\/\\\/thern.com\\\/fr\\\/#website\",\"url\":\"https:\\\/\\\/thern.com\\\/fr\\\/\",\"name\":\"Thern\u00ae Winches &amp; Cranes\",\"description\":\"Leave the Heavy Lifting to Us\",\"publisher\":{\"@id\":\"https:\\\/\\\/thern.com\\\/fr\\\/#organization\"},\"potentialAction\":[{\"@type\":\"SearchAction\",\"target\":{\"@type\":\"EntryPoint\",\"urlTemplate\":\"https:\\\/\\\/thern.com\\\/fr\\\/?s={search_term_string}\"},\"query-input\":{\"@type\":\"PropertyValueSpecification\",\"valueRequired\":true,\"valueName\":\"search_term_string\"}}],\"inLanguage\":\"fr-FR\"},{\"@type\":\"Organization\",\"@id\":\"https:\\\/\\\/thern.com\\\/fr\\\/#organization\",\"name\":\"Thern\u00ae Winches &amp; Cranes\",\"url\":\"https:\\\/\\\/thern.com\\\/fr\\\/\",\"logo\":{\"@type\":\"ImageObject\",\"inLanguage\":\"fr-FR\",\"@id\":\"https:\\\/\\\/thern.com\\\/fr\\\/#\\\/schema\\\/logo\\\/image\\\/\",\"url\":\"https:\\\/\\\/thern.com\\\/wp-content\\\/uploads\\\/2023\\\/11\\\/Logo_SaveForWeb-outline-FINAL-01.svg\",\"contentUrl\":\"https:\\\/\\\/thern.com\\\/wp-content\\\/uploads\\\/2023\\\/11\\\/Logo_SaveForWeb-outline-FINAL-01.svg\",\"caption\":\"Thern\u00ae Winches &amp; Cranes\"},\"image\":{\"@id\":\"https:\\\/\\\/thern.com\\\/fr\\\/#\\\/schema\\\/logo\\\/image\\\/\"},\"sameAs\":[\"https:\\\/\\\/www.facebook.com\\\/ThernInc\\\/\",\"https:\\\/\\\/www.linkedin.com\\\/company\\\/thern-inc-\\\/\",\"https:\\\/\\\/www.youtube.com\\\/user\\\/ThernStage\"]}]}<\/script>\n<!-- \/ Yoast SEO plugin. -->","yoast_head_json":{"title":"Treuils pneumatiques - Treuils pneumatiques robustes Thern | Thern\u00ae Winches &amp; Cranes","description":"Les treuils pneumatiques robustes Thern sont con\u00e7us pour durer, vous offrant un contr\u00f4le, une pr\u00e9cision et des performances ultimes. Fabriqu\u00e9 aux \u00c9tats-Unis!","robots":{"index":"index","follow":"follow","max-snippet":"max-snippet:-1","max-image-preview":"max-image-preview:large","max-video-preview":"max-video-preview:-1"},"canonical":"https:\/\/thern.com\/fr\/winches\/air-winches\/","og_locale":"fr_FR","og_type":"article","og_title":"Treuils pneumatiques - Treuils pneumatiques robustes Thern | Thern\u00ae Winches &amp; Cranes","og_description":"Les treuils pneumatiques robustes Thern sont con\u00e7us pour durer, vous offrant un contr\u00f4le, une pr\u00e9cision et des performances ultimes. Fabriqu\u00e9 aux \u00c9tats-Unis!","og_url":"https:\/\/thern.com\/fr\/winches\/air-winches\/","og_site_name":"Thern\u00ae Winches &amp; Cranes","article_publisher":"https:\/\/www.facebook.com\/ThernInc\/","article_modified_time":"2023-10-10T20:18:11+00:00","twitter_card":"summary_large_image","twitter_misc":{"Dur\u00e9e de lecture estim\u00e9e":"3 minutes"},"schema":{"@context":"https:\/\/schema.org","@graph":[{"@type":"WebPage","@id":"https:\/\/thern.com\/fr\/winches\/air-winches\/","url":"https:\/\/thern.com\/fr\/winches\/air-winches\/","name":"Treuils pneumatiques - Treuils pneumatiques robustes Thern | Thern\u00ae Winches &amp; Cranes","isPartOf":{"@id":"https:\/\/thern.com\/fr\/#website"},"datePublished":"2023-08-22T20:23:52+00:00","dateModified":"2023-10-10T20:18:11+00:00","description":"Les treuils pneumatiques robustes Thern sont con\u00e7us pour durer, vous offrant un contr\u00f4le, une pr\u00e9cision et des performances ultimes. Fabriqu\u00e9 aux \u00c9tats-Unis!","breadcrumb":{"@id":"https:\/\/thern.com\/fr\/winches\/air-winches\/#breadcrumb"},"inLanguage":"fr-FR","potentialAction":[{"@type":"ReadAction","target":["https:\/\/thern.com\/fr\/winches\/air-winches\/"]}]},{"@type":"BreadcrumbList","@id":"https:\/\/thern.com\/fr\/winches\/air-winches\/#breadcrumb","itemListElement":[{"@type":"ListItem","position":1,"name":"Home","item":"https:\/\/thern.com\/fr\/"},{"@type":"ListItem","position":2,"name":"Winches","item":"https:\/\/thern.com\/fr\/winches\/"},{"@type":"ListItem","position":3,"name":"Air Winches"}]},{"@type":"WebSite","@id":"https:\/\/thern.com\/fr\/#website","url":"https:\/\/thern.com\/fr\/","name":"Thern\u00ae Winches &amp; Cranes","description":"Leave the Heavy Lifting to Us","publisher":{"@id":"https:\/\/thern.com\/fr\/#organization"},"potentialAction":[{"@type":"SearchAction","target":{"@type":"EntryPoint","urlTemplate":"https:\/\/thern.com\/fr\/?s={search_term_string}"},"query-input":{"@type":"PropertyValueSpecification","valueRequired":true,"valueName":"search_term_string"}}],"inLanguage":"fr-FR"},{"@type":"Organization","@id":"https:\/\/thern.com\/fr\/#organization","name":"Thern\u00ae Winches &amp; Cranes","url":"https:\/\/thern.com\/fr\/","logo":{"@type":"ImageObject","inLanguage":"fr-FR","@id":"https:\/\/thern.com\/fr\/#\/schema\/logo\/image\/","url":"https:\/\/thern.com\/wp-content\/uploads\/2023\/11\/Logo_SaveForWeb-outline-FINAL-01.svg","contentUrl":"https:\/\/thern.com\/wp-content\/uploads\/2023\/11\/Logo_SaveForWeb-outline-FINAL-01.svg","caption":"Thern\u00ae Winches &amp; Cranes"},"image":{"@id":"https:\/\/thern.com\/fr\/#\/schema\/logo\/image\/"},"sameAs":["https:\/\/www.facebook.com\/ThernInc\/","https:\/\/www.linkedin.com\/company\/thern-inc-\/","https:\/\/www.youtube.com\/user\/ThernStage"]}]}},"_links":{"self":[{"href":"https:\/\/thern.com\/fr\/wp-json\/wp\/v2\/pages\/32497","targetHints":{"allow":["GET"]}}],"collection":[{"href":"https:\/\/thern.com\/fr\/wp-json\/wp\/v2\/pages"}],"about":[{"href":"https:\/\/thern.com\/fr\/wp-json\/wp\/v2\/types\/page"}],"author":[{"embeddable":true,"href":"https:\/\/thern.com\/fr\/wp-json\/wp\/v2\/users\/1"}],"replies":[{"embeddable":true,"href":"https:\/\/thern.com\/fr\/wp-json\/wp\/v2\/comments?post=32497"}],"version-history":[{"count":0,"href":"https:\/\/thern.com\/fr\/wp-json\/wp\/v2\/pages\/32497\/revisions"}],"up":[{"embeddable":true,"href":"https:\/\/thern.com\/fr\/wp-json\/wp\/v2\/pages\/30939"}],"wp:attachment":[{"href":"https:\/\/thern.com\/fr\/wp-json\/wp\/v2\/media?parent=32497"}],"curies":[{"name":"wp","href":"https:\/\/api.w.org\/{rel}","templated":true}]}}