{"id":32377,"date":"2023-08-28T16:56:18","date_gmt":"2023-08-28T16:56:18","guid":{"rendered":"https:\/\/therninc.wpenginepowered.com\/industries\/bulk-material-handling\/"},"modified":"2023-10-09T19:21:57","modified_gmt":"2023-10-09T19:21:57","slug":"bulk-material-handling","status":"publish","type":"page","link":"https:\/\/thern.com\/fr\/industries\/bulk-material-handling\/","title":{"rendered":"Bulk Material Handling"},"content":{"rendered":"<div class=\"wpb-content-wrapper\"><p>[vc_section full_width=\u00a0\u00bbstretch_row\u00a0\u00bb content_placement=\u00a0\u00bbmiddle\u00a0\u00bb css=\u00a0\u00bb.vc_custom_1693243763362{padding-top: 0px !important;background-image: url(https:\/\/thern.com\/wp-content\/uploads\/2023\/08\/Thern-Industry-Header-Banners-Bulk-Handing-.jpg?id=23436) !important;background-position: center !important;background-repeat: no-repeat !important;background-size: cover !important;}\u00a0\u00bb][vc_row full_width=\u00a0\u00bbstretch_row\u00a0\u00bb css=\u00a0\u00bb.vc_custom_1691686038929{padding-top: 50px !important;padding-bottom: 70px !important;background-color: rgba(0,0,0,0.35) !important;*background-color: rgb(0,0,0) !important;}\u00a0\u00bb][vc_column][vc_custom_heading text=\u00a0\u00bbManutention de mat\u00e9riaux en vrac\u00a0\u00bb font_container=\u00a0\u00bbtag:h1|text_align:left|color:%23ffffff\u00a0\u00bb use_theme_fonts=\u00a0\u00bbyes\u00a0\u00bb css_animation=\u00a0\u00bbfadeInLeft\u00a0\u00bb][\/vc_column][\/vc_row][\/vc_section][vc_row full_width=\u00a0\u00bbstretch_row\u00a0\u00bb equal_height=\u00a0\u00bbyes\u00a0\u00bb content_placement=\u00a0\u00bbmiddle\u00a0\u00bb css=\u00a0\u00bb.vc_custom_1689180629506{padding-bottom: 35px !important;background-color: #c71a32 !important;}\u00a0\u00bb][vc_column css_animation=\u00a0\u00bbfadeInLeft\u00a0\u00bb width=\u00a0\u00bb2\/3&Prime;][vc_custom_heading text=\u00a0\u00bbGrues et treuils pour la manutention de mat\u00e9riaux en vrac\u00a0\u00bb font_container=\u00a0\u00bbtag:h2|text_align:left|color:%23ffffff\u00a0\u00bb use_theme_fonts=\u00a0\u00bbyes\u00a0\u00bb][\/vc_column][vc_column width=\u00a0\u00bb1\/3&Prime; el_class=\u00a0\u00bbdo-not-show\u00a0\u00bb][\/vc_column][\/vc_row][vc_row css=\u00a0\u00bb.vc_custom_1691698080911{padding-top: 15px !important;}\u00a0\u00bb][vc_column width=\u00a0\u00bb1\/6&Prime; el_class=\u00a0\u00bbdo-not-show\u00a0\u00bb][\/vc_column][vc_column css_animation=\u00a0\u00bbfadeInUp\u00a0\u00bb width=\u00a0\u00bb2\/3&Prime;][vc_column_text]<\/p>\n<p style=\"text-align: center;\">Dans la gare de triage, le chantier naval ou partout o\u00f9 un \u00e9quipement de levage de mat\u00e9riaux en vrac est n\u00e9cessaire, les treuils \u00e9lectriques Thern fournissent la puissance et le contr\u00f4le n\u00e9cessaires pour une manutention fiable de mat\u00e9riaux en vrac de charges lourdes. Notre large gamme de produits, notamment des grues pour produits en vrac et des treuils pour produits en vrac, offre la solution la mieux adapt\u00e9e \u00e0 votre application, permettant ainsi \u00e0 votre exploitation d&rsquo;\u00e9conomiser un temps et de l&rsquo;argent pr\u00e9cieux.<\/p>\n<p style=\"text-align: center;\">D\u00e9couvrez ci-dessous les\u00a0grues et treuils sur mesure\u00a0que nous avons d\u00e9velopp\u00e9s pour les applications de manutention de mat\u00e9riaux en vrac\u00a0!<\/p>\n<p>[\/vc_column_text][\/vc_column][vc_column width=\u00a0\u00bb1\/6&Prime; el_class=\u00a0\u00bbdo-not-show\u00a0\u00bb][\/vc_column][\/vc_row][vc_section el_id=\u00a0\u00bbrotate-containers\u00a0\u00bb css=\u00a0\u00bb.vc_custom_1692817472416{padding-top: 35px !important;padding-bottom: 35px !important;}\u00a0\u00bb][vc_row css_animation=\u00a0\u00bbfadeInUp\u00a0\u00bb el_id=\u00a0\u00bbproduct-change\u00a0\u00bb][vc_column][vc_row_inner el_class=\u00a0\u00bbheadline-container\u00a0\u00bb][vc_column_inner width=\u00a0\u00bb1\/3&Prime;][vc_custom_heading text=\u00a0\u00bbTreuils de r\u00e9ception de convoyeur\u00a0\u00bb font_container=\u00a0\u00bbtag:h6|text_align:left|color:%23990000&Prime; use_theme_fonts=\u00a0\u00bbyes\u00a0\u00bb css=\u00a0\u00bb.vc_custom_1696879167225{margin-bottom: 0px !important;}\u00a0\u00bb el_class=\u00a0\u00bbheadline-one active\u00a0\u00bb][\/vc_column_inner][vc_column_inner width=\u00a0\u00bb1\/3&Prime;][vc_custom_heading text=\u00a0\u00bbTreuils de positionnement de barge\u00a0\u00bb font_container=\u00a0\u00bbtag:h6|text_align:left|color:%23990000&Prime; use_theme_fonts=\u00a0\u00bbyes\u00a0\u00bb css=\u00a0\u00bb.vc_custom_1696879173525{margin-bottom: 0px !important;}\u00a0\u00bb el_class=\u00a0\u00bbheadline-two\u00a0\u00bb][\/vc_column_inner][vc_column_inner width=\u00a0\u00bb1\/3&Prime;][vc_custom_heading text=\u00a0\u00bbTreuils de positionnement de wagons\u00a0\u00bb font_container=\u00a0\u00bbtag:h6|text_align:left|color:%23990000&Prime; use_theme_fonts=\u00a0\u00bbyes\u00a0\u00bb css=\u00a0\u00bb.vc_custom_1696879179836{margin-bottom: 0px !important;}\u00a0\u00bb el_class=\u00a0\u00bbheadline-three\u00a0\u00bb][\/vc_column_inner][vc_column_inner width=\u00a0\u00bb1\/3&Prime;][vc_custom_heading text=\u00a0\u00bbGrues utilitaires pour silos \u00e0 longue lev\u00e9e\u00a0\u00bb font_container=\u00a0\u00bbtag:h6|text_align:left|color:%23990000&Prime; use_theme_fonts=\u00a0\u00bbyes\u00a0\u00bb css=\u00a0\u00bb.vc_custom_1696879185379{margin-bottom: 0px !important;}\u00a0\u00bb el_class=\u00a0\u00bbheadline-four\u00a0\u00bb][\/vc_column_inner][vc_column_inner width=\u00a0\u00bb1\/3&Prime;][vc_custom_heading text=\u00a0\u00bbTreuils de goulotte de chargement\u00a0\u00bb font_container=\u00a0\u00bbtag:h6|text_align:left|color:%23990000&Prime; use_theme_fonts=\u00a0\u00bbyes\u00a0\u00bb css=\u00a0\u00bb.vc_custom_1696879191833{margin-bottom: 0px !important;}\u00a0\u00bb el_class=\u00a0\u00bbheadline-five\u00a0\u00bb][\/vc_column_inner][vc_column_inner width=\u00a0\u00bb1\/3&Prime;][vc_custom_heading text=\u00a0\u00bbTreuils radiaux pour empileurs\u00a0\u00bb font_container=\u00a0\u00bbtag:h6|text_align:left|color:%23990000&Prime; use_theme_fonts=\u00a0\u00bbyes\u00a0\u00bb css=\u00a0\u00bb.vc_custom_1696879197792{margin-bottom: 0px !important;}\u00a0\u00bb el_class=\u00a0\u00bbheadline-six\u00a0\u00bb][\/vc_column_inner][\/vc_row_inner][\/vc_column][\/vc_row][vc_row css_animation=\u00a0\u00bbfadeInUp\u00a0\u00bb el_class=\u00a0\u00bbcontainer-one active\u00a0\u00bb el_id=\u00a0\u00bbcontainer-one\u00a0\u00bb][vc_column][vc_single_image image=\u00a0\u00bb28783&Prime; img_size=\u00a0\u00bbfull\u00a0\u00bb alignment=\u00a0\u00bbcenter\u00a0\u00bb][vc_row_inner][vc_column_inner width=\u00a0\u00bb1\/2&Prime;][vc_column_text el_class=\u00a0\u00bbcontent-one active\u00a0\u00bb]<\/p>\n<h3><span style=\"color: #900000;\">Treuil de r\u00e9ception du convoyeur<\/span><\/h3>\n<p>[\/vc_column_text][\/vc_column_inner][vc_column_inner width=\u00a0\u00bb1\/2&Prime;][vc_btn title=\u00a0\u00bbApprendre encore plus\u00a0\u00bb style=\u00a0\u00bbcustom\u00a0\u00bb custom_background=\u00a0\u00bb#c71a32&Prime; custom_text=\u00a0\u00bb#ffffff\u00a0\u00bb shape=\u00a0\u00bbsquare\u00a0\u00bb size=\u00a0\u00bblg\u00a0\u00bb align=\u00a0\u00bbcenter\u00a0\u00bb i_align=\u00a0\u00bbright\u00a0\u00bb i_icon_fontawesome=\u00a0\u00bbfas fa-angle-right\u00a0\u00bb add_icon=\u00a0\u00bbtrue\u00a0\u00bb el_class=\u00a0\u00bbbutton-one active\u00a0\u00bb link=\u00a0\u00bburl:%2Ffr%2Findustries%2Fbulk-material-handling%2Fconveyor-take-up-winches%2F|title:Explore%20Conveyor%20Winches\u00a0\u00bb][\/vc_column_inner][\/vc_row_inner][\/vc_column][\/vc_row][vc_row el_class=\u00a0\u00bbcontainer-two\u00a0\u00bb el_id=\u00a0\u00bbcontainer-two\u00a0\u00bb][vc_column][vc_single_image image=\u00a0\u00bb23422&Prime; img_size=\u00a0\u00bbfull\u00a0\u00bb alignment=\u00a0\u00bbcenter\u00a0\u00bb][vc_row_inner][vc_column_inner width=\u00a0\u00bb1\/2&Prime;][vc_column_text el_class=\u00a0\u00bbcontent-one active\u00a0\u00bb]<\/p>\n<h3><span style=\"color: #900000;\">Treuil de positionnement de barge<\/span><\/h3>\n<p>[\/vc_column_text][\/vc_column_inner][vc_column_inner width=\u00a0\u00bb1\/2&Prime;][vc_btn title=\u00a0\u00bbApprendre encore plus\u00a0\u00bb style=\u00a0\u00bbcustom\u00a0\u00bb custom_background=\u00a0\u00bb#c71a32&Prime; custom_text=\u00a0\u00bb#ffffff\u00a0\u00bb shape=\u00a0\u00bbsquare\u00a0\u00bb size=\u00a0\u00bblg\u00a0\u00bb align=\u00a0\u00bbcenter\u00a0\u00bb i_align=\u00a0\u00bbright\u00a0\u00bb i_icon_fontawesome=\u00a0\u00bbfas fa-angle-right\u00a0\u00bb add_icon=\u00a0\u00bbtrue\u00a0\u00bb el_class=\u00a0\u00bbbutton-one active\u00a0\u00bb link=\u00a0\u00bburl:%2Ffr%2Findustries%2Fbulk-material-handling%2Fbarge-positioning-winches%2F|title:Explore%20Barge%20Positioning%20Winches\u00a0\u00bb][\/vc_column_inner][\/vc_row_inner][\/vc_column][\/vc_row][vc_row el_class=\u00a0\u00bbcontainer-three\u00a0\u00bb el_id=\u00a0\u00bbcontainer-three\u00a0\u00bb][vc_column][vc_single_image image=\u00a0\u00bb23421&Prime; img_size=\u00a0\u00bbfull\u00a0\u00bb alignment=\u00a0\u00bbcenter\u00a0\u00bb][vc_row_inner][vc_column_inner width=\u00a0\u00bb1\/2&Prime;][vc_column_text el_class=\u00a0\u00bbcontent-one active\u00a0\u00bb]<\/p>\n<h3><span style=\"color: #900000;\">Treuil de positionnement de wagon<\/span><\/h3>\n<p>[\/vc_column_text][\/vc_column_inner][vc_column_inner width=\u00a0\u00bb1\/2&Prime;][vc_btn title=\u00a0\u00bbApprendre encore plus\u00a0\u00bb style=\u00a0\u00bbcustom\u00a0\u00bb custom_background=\u00a0\u00bb#c71a32&Prime; custom_text=\u00a0\u00bb#ffffff\u00a0\u00bb shape=\u00a0\u00bbsquare\u00a0\u00bb size=\u00a0\u00bblg\u00a0\u00bb align=\u00a0\u00bbcenter\u00a0\u00bb i_align=\u00a0\u00bbright\u00a0\u00bb i_icon_fontawesome=\u00a0\u00bbfas fa-angle-right\u00a0\u00bb add_icon=\u00a0\u00bbtrue\u00a0\u00bb el_class=\u00a0\u00bbbutton-one active\u00a0\u00bb link=\u00a0\u00bburl:%2Ffr%2Findustries%2Fbulk-material-handling%2Frail-car-positioning%2F|title:Explore%20Railcar%20Positioning%20Winches\u00a0\u00bb][\/vc_column_inner][\/vc_row_inner][\/vc_column][\/vc_row][vc_row el_class=\u00a0\u00bbcontainer-four\u00a0\u00bb el_id=\u00a0\u00bbcontainer-four\u00a0\u00bb][vc_column][vc_single_image image=\u00a0\u00bb23420&Prime; img_size=\u00a0\u00bbfull\u00a0\u00bb alignment=\u00a0\u00bbcenter\u00a0\u00bb][vc_row_inner][vc_column_inner width=\u00a0\u00bb1\/2&Prime;][vc_column_text el_class=\u00a0\u00bbcontent-one active\u00a0\u00bb]<\/p>\n<h3><span style=\"color: #900000;\">Grue utilitaire pour silo \u00e0 longue lev\u00e9e<\/span><\/h3>\n<p>[\/vc_column_text][\/vc_column_inner][vc_column_inner width=\u00a0\u00bb1\/2&Prime;][vc_btn title=\u00a0\u00bbApprendre encore plus\u00a0\u00bb style=\u00a0\u00bbcustom\u00a0\u00bb custom_background=\u00a0\u00bb#c71a32&Prime; custom_text=\u00a0\u00bb#ffffff\u00a0\u00bb shape=\u00a0\u00bbsquare\u00a0\u00bb size=\u00a0\u00bblg\u00a0\u00bb align=\u00a0\u00bbcenter\u00a0\u00bb i_align=\u00a0\u00bbright\u00a0\u00bb i_icon_fontawesome=\u00a0\u00bbfas fa-angle-right\u00a0\u00bb add_icon=\u00a0\u00bbtrue\u00a0\u00bb el_class=\u00a0\u00bbbutton-one active\u00a0\u00bb link=\u00a0\u00bburl:%2Ffr%2Findustries%2Fbulk-material-handling%2Flong-lift-silo-utility-cranes%2F|title:Explore%20Long%20Lift%20Silo%20Utility%20Cranes\u00a0\u00bb][\/vc_column_inner][\/vc_row_inner][\/vc_column][\/vc_row][vc_row el_class=\u00a0\u00bbcontainer-five\u00a0\u00bb el_id=\u00a0\u00bbcontainer-five\u00a0\u00bb][vc_column][vc_single_image image=\u00a0\u00bb23459&Prime; img_size=\u00a0\u00bbfull\u00a0\u00bb alignment=\u00a0\u00bbcenter\u00a0\u00bb][vc_row_inner][vc_column_inner width=\u00a0\u00bb1\/2&Prime;][vc_column_text el_class=\u00a0\u00bbcontent-one active\u00a0\u00bb]<\/p>\n<h3><span style=\"color: #900000;\">Treuil de goulotte de chargement<\/span><\/h3>\n<p>[\/vc_column_text][\/vc_column_inner][vc_column_inner width=\u00a0\u00bb1\/2&Prime;][vc_btn title=\u00a0\u00bbApprendre encore plus\u00a0\u00bb style=\u00a0\u00bbcustom\u00a0\u00bb custom_background=\u00a0\u00bb#c71a32&Prime; custom_text=\u00a0\u00bb#ffffff\u00a0\u00bb shape=\u00a0\u00bbsquare\u00a0\u00bb size=\u00a0\u00bblg\u00a0\u00bb align=\u00a0\u00bbcenter\u00a0\u00bb i_align=\u00a0\u00bbright\u00a0\u00bb i_icon_fontawesome=\u00a0\u00bbfas fa-angle-right\u00a0\u00bb add_icon=\u00a0\u00bbtrue\u00a0\u00bb el_class=\u00a0\u00bbbutton-one active\u00a0\u00bb link=\u00a0\u00bburl:%2Ffr%2Findustries%2Fbulk-material-handling%2Fload-out-chute-winches%2F|title:Explore%20Load-Out%20Chute%20Winches\u00a0\u00bb][\/vc_column_inner][\/vc_row_inner][\/vc_column][\/vc_row][vc_row el_class=\u00a0\u00bbcontainer-six\u00a0\u00bb el_id=\u00a0\u00bbcontainer-six\u00a0\u00bb][vc_column][vc_single_image image=\u00a0\u00bb23467&Prime; img_size=\u00a0\u00bbfull\u00a0\u00bb alignment=\u00a0\u00bbcenter\u00a0\u00bb][vc_row_inner][vc_column_inner width=\u00a0\u00bb1\/2&Prime;][vc_column_text el_class=\u00a0\u00bbcontent-one active\u00a0\u00bb]<\/p>\n<h3><span style=\"color: #900000;\">Treuil de gerbeur radial<\/span><\/h3>\n<p>[\/vc_column_text][\/vc_column_inner][vc_column_inner width=\u00a0\u00bb1\/2&Prime;][vc_btn title=\u00a0\u00bbApprendre encore plus\u00a0\u00bb style=\u00a0\u00bbcustom\u00a0\u00bb custom_background=\u00a0\u00bb#c71a32&Prime; custom_text=\u00a0\u00bb#ffffff\u00a0\u00bb shape=\u00a0\u00bbsquare\u00a0\u00bb size=\u00a0\u00bblg\u00a0\u00bb align=\u00a0\u00bbcenter\u00a0\u00bb i_align=\u00a0\u00bbright\u00a0\u00bb i_icon_fontawesome=\u00a0\u00bbfas fa-angle-right\u00a0\u00bb add_icon=\u00a0\u00bbtrue\u00a0\u00bb el_class=\u00a0\u00bbbutton-one active\u00a0\u00bb link=\u00a0\u00bburl:%2Ffr%2Findustries%2Fbulk-material-handling%2Fradial-stacker-winches%2F|title:Explore%20Radial%20Stacker%20Winches\u00a0\u00bb][\/vc_column_inner][\/vc_row_inner][\/vc_column][\/vc_row][\/vc_section][vc_row full_width=\u00a0\u00bbstretch_row\u00a0\u00bb css=\u00a0\u00bb.vc_custom_1689696517169{padding-top: 35px !important;padding-bottom: 35px !important;background-color: #ececec !important;}\u00a0\u00bb][vc_column][vc_custom_heading text=\u00a0\u00bbVous ne voyez pas ce que vous recherchez ?\u00a0\u00bb font_container=\u00a0\u00bbtag:h2|text_align:center|color:%230a0a0a\u00a0\u00bb use_theme_fonts=\u00a0\u00bbyes\u00a0\u00bb css_animation=\u00a0\u00bbfadeInUp\u00a0\u00bb css=\u00a0\u00bb.vc_custom_1696801219771{margin-bottom: 0px !important;}\u00a0\u00bb][\/vc_column][vc_column width=\u00a0\u00bb1\/6&Prime; el_class=\u00a0\u00bbdo-not-show\u00a0\u00bb][\/vc_column][vc_column css_animation=\u00a0\u00bbfadeInUp\u00a0\u00bb width=\u00a0\u00bb2\/3&Prime;][vc_column_text]<\/p>\n<p style=\"text-align: center;\">Si vous avez des besoins particuliers en mati\u00e8re de produits, appelez-nous simplement\u00a0! Nos \u00e9quipes d&rsquo;ing\u00e9nierie et de production sont expertes dans la modification de mod\u00e8les existants et dans la conception d&rsquo;un treuil personnalis\u00e9 pour vos besoins sp\u00e9cifiques. En fait, plus de 60 % de notre activit\u00e9 concerne l\u2019ing\u00e9nierie sur mesure, alors n\u2019h\u00e9sitez pas \u00e0 nous contacter si vous ne voyez pas ce que vous souhaitez sur notre site ou dans notre catalogue. Nous sommes sp\u00e9cialis\u00e9s dans le traitement rapide des commandes personnalis\u00e9es.<\/p>\n<p>[\/vc_column_text][vc_btn title=\u00a0\u00bbServices d&rsquo;ing\u00e9nierie personnalis\u00e9s\u00a0\u00bb style=\u00a0\u00bbcustom\u00a0\u00bb custom_background=\u00a0\u00bb#c71a32&Prime; custom_text=\u00a0\u00bb#ffffff\u00a0\u00bb shape=\u00a0\u00bbsquare\u00a0\u00bb size=\u00a0\u00bblg\u00a0\u00bb align=\u00a0\u00bbcenter\u00a0\u00bb i_align=\u00a0\u00bbright\u00a0\u00bb i_icon_fontawesome=\u00a0\u00bbfas fa-angle-right\u00a0\u00bb add_icon=\u00a0\u00bbtrue\u00a0\u00bb link=\u00a0\u00bburl:%2Ffr%2Fcustom-engineering-services%2F|title:Custom%20Engineering%20Services\u00a0\u00bb][\/vc_column][vc_column width=\u00a0\u00bb1\/6&Prime; el_class=\u00a0\u00bbdo-not-show\u00a0\u00bb][\/vc_column][\/vc_row]<\/p>\n<\/div>","protected":false},"excerpt":{"rendered":"<p>[vc_section full_width=\u00a0\u00bbstretch_row\u00a0\u00bb content_placement=\u00a0\u00bbmiddle\u00a0\u00bb css=\u00a0\u00bb.vc_custom_1693243763362{padding-top: 0px !important;background-image: url(https:\/\/thern.com\/wp-content\/uploads\/2023\/08\/Thern-Industry-Header-Banners-Bulk-Handing-.jpg?id=23436) !important;background-position: center !important;background-repeat: no-repeat !important;background-size: cover !important;}\u00a0\u00bb][vc_row full_width=\u00a0\u00bbstretch_row\u00a0\u00bb css=\u00a0\u00bb.vc_custom_1691686038929{padding-top: 50px !important;padding-bottom: 70px !important;background-color: rgba(0,0,0,0.35) !important;*background-color: rgb(0,0,0) !important;}\u00a0\u00bb][vc_column][vc_custom_heading text=\u00a0\u00bbManutention de mat\u00e9riaux en vrac\u00a0\u00bb font_container=\u00a0\u00bbtag:h1|text_align:left|color:%23ffffff\u00a0\u00bb use_theme_fonts=\u00a0\u00bbyes\u00a0\u00bb css_animation=\u00a0\u00bbfadeInLeft\u00a0\u00bb][\/vc_column][\/vc_row][\/vc_section][vc_row full_width=\u00a0\u00bbstretch_row\u00a0\u00bb equal_height=\u00a0\u00bbyes\u00a0\u00bb content_placement=\u00a0\u00bbmiddle\u00a0\u00bb css=\u00a0\u00bb.vc_custom_1689180629506{padding-bottom: 35px !important;background-color: #c71a32 !important;}\u00a0\u00bb][vc_column css_animation=\u00a0\u00bbfadeInLeft\u00a0\u00bb width=\u00a0\u00bb2\/3&Prime;][vc_custom_heading text=\u00a0\u00bbGrues et treuils pour la manutention de mat\u00e9riaux en vrac\u00a0\u00bb font_container=\u00a0\u00bbtag:h2|text_align:left|color:%23ffffff\u00a0\u00bb use_theme_fonts=\u00a0\u00bbyes\u00a0\u00bb][\/vc_column][vc_column width=\u00a0\u00bb1\/3&Prime; &#8230; <a title=\"Bulk Material Handling\" class=\"read-more\" href=\"https:\/\/thern.com\/fr\/industries\/bulk-material-handling\/\" aria-label=\"More on Bulk Material Handling\">Read more<\/a><\/p>\n","protected":false},"author":1,"featured_media":0,"parent":30466,"menu_order":0,"comment_status":"closed","ping_status":"closed","template":"","meta":{"footnotes":""},"class_list":["post-32377","page","type-page","status-publish"],"yoast_head":"<!-- This site is optimized with the Yoast SEO plugin v27.3 - https:\/\/yoast.com\/product\/yoast-seo-wordpress\/ -->\n<title>\u00c9quipement de manutention de mat\u00e9riaux en vrac - Grues et treuils | Thern\u00ae Winches &amp; Cranes<\/title>\n<meta name=\"description\" content=\"La vaste gamme de produits de Thern, notamment les grues et les treuils pour mat\u00e9riaux en vrac, constitue la solution la mieux adapt\u00e9e pour permettre \u00e0 votre exploitation d&#039;\u00e9conomiser du temps et de l&#039;argent pr\u00e9cieux.\" \/>\n<meta name=\"robots\" content=\"index, follow, max-snippet:-1, max-image-preview:large, max-video-preview:-1\" \/>\n<link rel=\"canonical\" href=\"https:\/\/thern.com\/fr\/industries\/bulk-material-handling\/\" \/>\n<meta property=\"og:locale\" content=\"fr_FR\" \/>\n<meta property=\"og:type\" content=\"article\" \/>\n<meta property=\"og:title\" content=\"\u00c9quipement de manutention de mat\u00e9riaux en vrac - Grues et treuils | Thern\u00ae Winches &amp; Cranes\" \/>\n<meta property=\"og:description\" content=\"La vaste gamme de produits de Thern, notamment les grues et les treuils pour mat\u00e9riaux en vrac, constitue la solution la mieux adapt\u00e9e pour permettre \u00e0 votre exploitation d&#039;\u00e9conomiser du temps et de l&#039;argent pr\u00e9cieux.\" \/>\n<meta property=\"og:url\" content=\"https:\/\/thern.com\/fr\/industries\/bulk-material-handling\/\" \/>\n<meta property=\"og:site_name\" content=\"Thern\u00ae Winches &amp; Cranes\" \/>\n<meta property=\"article:publisher\" content=\"https:\/\/www.facebook.com\/ThernInc\/\" \/>\n<meta property=\"article:modified_time\" content=\"2023-10-09T19:21:57+00:00\" \/>\n<meta name=\"twitter:card\" content=\"summary_large_image\" \/>\n<meta name=\"twitter:label1\" content=\"Dur\u00e9e de lecture estim\u00e9e\" \/>\n\t<meta name=\"twitter:data1\" content=\"3 minutes\" \/>\n<script type=\"application\/ld+json\" class=\"yoast-schema-graph\">{\"@context\":\"https:\\\/\\\/schema.org\",\"@graph\":[{\"@type\":\"WebPage\",\"@id\":\"https:\\\/\\\/thern.com\\\/fr\\\/industries\\\/bulk-material-handling\\\/\",\"url\":\"https:\\\/\\\/thern.com\\\/fr\\\/industries\\\/bulk-material-handling\\\/\",\"name\":\"\u00c9quipement de manutention de mat\u00e9riaux en vrac - Grues et treuils | Thern\u00ae Winches &amp; Cranes\",\"isPartOf\":{\"@id\":\"https:\\\/\\\/thern.com\\\/fr\\\/#website\"},\"datePublished\":\"2023-08-28T16:56:18+00:00\",\"dateModified\":\"2023-10-09T19:21:57+00:00\",\"description\":\"La vaste gamme de produits de Thern, notamment les grues et les treuils pour mat\u00e9riaux en vrac, constitue la solution la mieux adapt\u00e9e pour permettre \u00e0 votre exploitation d'\u00e9conomiser du temps et de l'argent pr\u00e9cieux.\",\"breadcrumb\":{\"@id\":\"https:\\\/\\\/thern.com\\\/fr\\\/industries\\\/bulk-material-handling\\\/#breadcrumb\"},\"inLanguage\":\"fr-FR\",\"potentialAction\":[{\"@type\":\"ReadAction\",\"target\":[\"https:\\\/\\\/thern.com\\\/fr\\\/industries\\\/bulk-material-handling\\\/\"]}]},{\"@type\":\"BreadcrumbList\",\"@id\":\"https:\\\/\\\/thern.com\\\/fr\\\/industries\\\/bulk-material-handling\\\/#breadcrumb\",\"itemListElement\":[{\"@type\":\"ListItem\",\"position\":1,\"name\":\"Home\",\"item\":\"https:\\\/\\\/thern.com\\\/fr\\\/\"},{\"@type\":\"ListItem\",\"position\":2,\"name\":\"Industries\",\"item\":\"https:\\\/\\\/thern.com\\\/fr\\\/industries\\\/\"},{\"@type\":\"ListItem\",\"position\":3,\"name\":\"Bulk Material Handling\"}]},{\"@type\":\"WebSite\",\"@id\":\"https:\\\/\\\/thern.com\\\/fr\\\/#website\",\"url\":\"https:\\\/\\\/thern.com\\\/fr\\\/\",\"name\":\"Thern\u00ae Winches &amp; Cranes\",\"description\":\"Leave the Heavy Lifting to Us\",\"publisher\":{\"@id\":\"https:\\\/\\\/thern.com\\\/fr\\\/#organization\"},\"potentialAction\":[{\"@type\":\"SearchAction\",\"target\":{\"@type\":\"EntryPoint\",\"urlTemplate\":\"https:\\\/\\\/thern.com\\\/fr\\\/?s={search_term_string}\"},\"query-input\":{\"@type\":\"PropertyValueSpecification\",\"valueRequired\":true,\"valueName\":\"search_term_string\"}}],\"inLanguage\":\"fr-FR\"},{\"@type\":\"Organization\",\"@id\":\"https:\\\/\\\/thern.com\\\/fr\\\/#organization\",\"name\":\"Thern\u00ae Winches &amp; Cranes\",\"url\":\"https:\\\/\\\/thern.com\\\/fr\\\/\",\"logo\":{\"@type\":\"ImageObject\",\"inLanguage\":\"fr-FR\",\"@id\":\"https:\\\/\\\/thern.com\\\/fr\\\/#\\\/schema\\\/logo\\\/image\\\/\",\"url\":\"https:\\\/\\\/thern.com\\\/wp-content\\\/uploads\\\/2023\\\/11\\\/Logo_SaveForWeb-outline-FINAL-01.svg\",\"contentUrl\":\"https:\\\/\\\/thern.com\\\/wp-content\\\/uploads\\\/2023\\\/11\\\/Logo_SaveForWeb-outline-FINAL-01.svg\",\"caption\":\"Thern\u00ae Winches &amp; Cranes\"},\"image\":{\"@id\":\"https:\\\/\\\/thern.com\\\/fr\\\/#\\\/schema\\\/logo\\\/image\\\/\"},\"sameAs\":[\"https:\\\/\\\/www.facebook.com\\\/ThernInc\\\/\",\"https:\\\/\\\/www.linkedin.com\\\/company\\\/thern-inc-\\\/\",\"https:\\\/\\\/www.youtube.com\\\/user\\\/ThernStage\"]}]}<\/script>\n<!-- \/ Yoast SEO plugin. -->","yoast_head_json":{"title":"\u00c9quipement de manutention de mat\u00e9riaux en vrac - Grues et treuils | Thern\u00ae Winches &amp; Cranes","description":"La vaste gamme de produits de Thern, notamment les grues et les treuils pour mat\u00e9riaux en vrac, constitue la solution la mieux adapt\u00e9e pour permettre \u00e0 votre exploitation d'\u00e9conomiser du temps et de l'argent pr\u00e9cieux.","robots":{"index":"index","follow":"follow","max-snippet":"max-snippet:-1","max-image-preview":"max-image-preview:large","max-video-preview":"max-video-preview:-1"},"canonical":"https:\/\/thern.com\/fr\/industries\/bulk-material-handling\/","og_locale":"fr_FR","og_type":"article","og_title":"\u00c9quipement de manutention de mat\u00e9riaux en vrac - Grues et treuils | Thern\u00ae Winches &amp; Cranes","og_description":"La vaste gamme de produits de Thern, notamment les grues et les treuils pour mat\u00e9riaux en vrac, constitue la solution la mieux adapt\u00e9e pour permettre \u00e0 votre exploitation d'\u00e9conomiser du temps et de l'argent pr\u00e9cieux.","og_url":"https:\/\/thern.com\/fr\/industries\/bulk-material-handling\/","og_site_name":"Thern\u00ae Winches &amp; Cranes","article_publisher":"https:\/\/www.facebook.com\/ThernInc\/","article_modified_time":"2023-10-09T19:21:57+00:00","twitter_card":"summary_large_image","twitter_misc":{"Dur\u00e9e de lecture estim\u00e9e":"3 minutes"},"schema":{"@context":"https:\/\/schema.org","@graph":[{"@type":"WebPage","@id":"https:\/\/thern.com\/fr\/industries\/bulk-material-handling\/","url":"https:\/\/thern.com\/fr\/industries\/bulk-material-handling\/","name":"\u00c9quipement de manutention de mat\u00e9riaux en vrac - Grues et treuils | Thern\u00ae Winches &amp; Cranes","isPartOf":{"@id":"https:\/\/thern.com\/fr\/#website"},"datePublished":"2023-08-28T16:56:18+00:00","dateModified":"2023-10-09T19:21:57+00:00","description":"La vaste gamme de produits de Thern, notamment les grues et les treuils pour mat\u00e9riaux en vrac, constitue la solution la mieux adapt\u00e9e pour permettre \u00e0 votre exploitation d'\u00e9conomiser du temps et de l'argent pr\u00e9cieux.","breadcrumb":{"@id":"https:\/\/thern.com\/fr\/industries\/bulk-material-handling\/#breadcrumb"},"inLanguage":"fr-FR","potentialAction":[{"@type":"ReadAction","target":["https:\/\/thern.com\/fr\/industries\/bulk-material-handling\/"]}]},{"@type":"BreadcrumbList","@id":"https:\/\/thern.com\/fr\/industries\/bulk-material-handling\/#breadcrumb","itemListElement":[{"@type":"ListItem","position":1,"name":"Home","item":"https:\/\/thern.com\/fr\/"},{"@type":"ListItem","position":2,"name":"Industries","item":"https:\/\/thern.com\/fr\/industries\/"},{"@type":"ListItem","position":3,"name":"Bulk Material Handling"}]},{"@type":"WebSite","@id":"https:\/\/thern.com\/fr\/#website","url":"https:\/\/thern.com\/fr\/","name":"Thern\u00ae Winches &amp; Cranes","description":"Leave the Heavy Lifting to Us","publisher":{"@id":"https:\/\/thern.com\/fr\/#organization"},"potentialAction":[{"@type":"SearchAction","target":{"@type":"EntryPoint","urlTemplate":"https:\/\/thern.com\/fr\/?s={search_term_string}"},"query-input":{"@type":"PropertyValueSpecification","valueRequired":true,"valueName":"search_term_string"}}],"inLanguage":"fr-FR"},{"@type":"Organization","@id":"https:\/\/thern.com\/fr\/#organization","name":"Thern\u00ae Winches &amp; Cranes","url":"https:\/\/thern.com\/fr\/","logo":{"@type":"ImageObject","inLanguage":"fr-FR","@id":"https:\/\/thern.com\/fr\/#\/schema\/logo\/image\/","url":"https:\/\/thern.com\/wp-content\/uploads\/2023\/11\/Logo_SaveForWeb-outline-FINAL-01.svg","contentUrl":"https:\/\/thern.com\/wp-content\/uploads\/2023\/11\/Logo_SaveForWeb-outline-FINAL-01.svg","caption":"Thern\u00ae Winches &amp; Cranes"},"image":{"@id":"https:\/\/thern.com\/fr\/#\/schema\/logo\/image\/"},"sameAs":["https:\/\/www.facebook.com\/ThernInc\/","https:\/\/www.linkedin.com\/company\/thern-inc-\/","https:\/\/www.youtube.com\/user\/ThernStage"]}]}},"_links":{"self":[{"href":"https:\/\/thern.com\/fr\/wp-json\/wp\/v2\/pages\/32377","targetHints":{"allow":["GET"]}}],"collection":[{"href":"https:\/\/thern.com\/fr\/wp-json\/wp\/v2\/pages"}],"about":[{"href":"https:\/\/thern.com\/fr\/wp-json\/wp\/v2\/types\/page"}],"author":[{"embeddable":true,"href":"https:\/\/thern.com\/fr\/wp-json\/wp\/v2\/users\/1"}],"replies":[{"embeddable":true,"href":"https:\/\/thern.com\/fr\/wp-json\/wp\/v2\/comments?post=32377"}],"version-history":[{"count":0,"href":"https:\/\/thern.com\/fr\/wp-json\/wp\/v2\/pages\/32377\/revisions"}],"up":[{"embeddable":true,"href":"https:\/\/thern.com\/fr\/wp-json\/wp\/v2\/pages\/30466"}],"wp:attachment":[{"href":"https:\/\/thern.com\/fr\/wp-json\/wp\/v2\/media?parent=32377"}],"curies":[{"name":"wp","href":"https:\/\/api.w.org\/{rel}","templated":true}]}}