{"id":32223,"date":"2023-08-29T15:21:15","date_gmt":"2023-08-29T15:21:15","guid":{"rendered":"https:\/\/therninc.wpenginepowered.com\/industries\/oems\/"},"modified":"2023-10-08T21:01:09","modified_gmt":"2023-10-08T21:01:09","slug":"oems","status":"publish","type":"page","link":"https:\/\/thern.com\/fr\/industries\/oems\/","title":{"rendered":"OEMs"},"content":{"rendered":"<div class=\"wpb-content-wrapper\"><p>[vc_section full_width=\u00a0\u00bbstretch_row\u00a0\u00bb content_placement=\u00a0\u00bbmiddle\u00a0\u00bb css=\u00a0\u00bb.vc_custom_1693321004337{padding-top: 0px !important;background-image: url(https:\/\/thern.com\/wp-content\/uploads\/2023\/08\/Skyhook-crane-in-Stow-mode-scaled-1.jpg?id=23642) !important;background-position: center !important;background-repeat: no-repeat !important;background-size: cover !important;}\u00a0\u00bb][vc_row full_width=\u00a0\u00bbstretch_row\u00a0\u00bb css=\u00a0\u00bb.vc_custom_1692983676181{padding-top: 50px !important;padding-bottom: 70px !important;background-color: rgba(0,0,0,0.5) !important;*background-color: rgb(0,0,0) !important;}\u00a0\u00bb][vc_column][vc_custom_heading text=\u00a0\u00bbOEM\u00a0\u00bb font_container=\u00a0\u00bbtag:h1|text_align:left|color:%23ffffff\u00a0\u00bb use_theme_fonts=\u00a0\u00bbyes\u00a0\u00bb css_animation=\u00a0\u00bbfadeInLeft\u00a0\u00bb][\/vc_column][\/vc_row][\/vc_section][vc_row equal_height=\u00a0\u00bbyes\u00a0\u00bb css=\u00a0\u00bb.vc_custom_1692984692373{padding-top: 65px !important;padding-bottom: 35px !important;}\u00a0\u00bb][vc_column css_animation=\u00a0\u00bbfadeInLeft\u00a0\u00bb width=\u00a0\u00bb1\/2&Prime;][vc_column_text]<\/p>\n<section class=\"av_textblock_section\">\n<div class=\"avia_textblock\">\n<h3>LES OEM DU MONDE ENTIER COMPTENT SUR THERN<\/h3>\n<p>Les OEM, ou fabricants d&rsquo;\u00e9quipement d&rsquo;origine, font confiance \u00e0 Thern lorsqu&rsquo;ils ont besoin de leur \u00e9quipement pour effectuer des op\u00e9rations de levage, d&rsquo;abaissement ou de positionnement. Forts de plusieurs d\u00e9cennies d&rsquo;exp\u00e9rience, nous nous sp\u00e9cialisons dans la conception et la fabrication de ces solutions afin que nos clients OEM puissent se concentrer sur d&rsquo;autres t\u00e2ches importantes afin de cr\u00e9er un produit final de la plus haute qualit\u00e9 pour leurs clients.<\/p>\n<p>Des \u00e9quipementiers qui utilisent un treuil manuel personnalis\u00e9 pour leur grue utilitaire sp\u00e9cialis\u00e9e pour avions aux treuils durables pour faire fonctionner de grandes portes de tente et abaisser\/lever des murs d&rsquo;escalade, Thern poss\u00e8de les solutions et l&rsquo;expertise n\u00e9cessaires pour sur\u00e9lever votre \u00e9quipement pour n&rsquo;importe quelle industrie et environnement.<\/p>\n<p>Besoin d&rsquo;un treuil ou d&rsquo;une grue enti\u00e8rement personnalis\u00e9 ? Nous avons ce qu\u2019il vous faut avec l\u2019aide de notre \u00e9quipe d\u2019ing\u00e9nieurs professionnels internes. Si l&rsquo;application n\u00e9cessite que Thern con\u00e7oive un produit et un syst\u00e8me de contr\u00f4le personnalis\u00e9s pour r\u00e9pondre \u00e0 vos besoins sp\u00e9cifiques, nous commen\u00e7ons par utiliser nos conceptions modulaires pour faire gagner du temps et de l&rsquo;argent \u00e0 nos clients OEM. Lorsque vous int\u00e9grez un treuil ou une grue Thern dans votre produit\/plate-forme, soyez assur\u00e9 que votre client b\u00e9n\u00e9ficiera d&rsquo;un fonctionnement sans probl\u00e8me pendant de nombreuses ann\u00e9es.<\/p>\n<\/div>\n<\/section>\n<p>[\/vc_column_text][vc_btn title=\u00a0\u00bbRetour aux secteurs\u00a0\u00bb style=\u00a0\u00bbcustom\u00a0\u00bb custom_background=\u00a0\u00bb#c71a32&Prime; custom_text=\u00a0\u00bb#ffffff\u00a0\u00bb shape=\u00a0\u00bbsquare\u00a0\u00bb size=\u00a0\u00bblg\u00a0\u00bb align=\u00a0\u00bbleft\u00a0\u00bb i_icon_fontawesome=\u00a0\u00bbfas fa-angle-left\u00a0\u00bb add_icon=\u00a0\u00bbtrue\u00a0\u00bb link=\u00a0\u00bburl:%2Ffr%2Findustries%2F|title:Return%20to%20Industries\u00a0\u00bb][\/vc_column][vc_column css_animation=\u00a0\u00bbfadeInRight\u00a0\u00bb width=\u00a0\u00bb1\/2&Prime;][vc_gallery type=\u00a0\u00bbflexslider_slide\u00a0\u00bb interval=\u00a0\u00bb0&Prime; images=\u00a0\u00bb23643,23644,23645,23646,23647,23648,23649,23650,23651,23652,23653,23654,23655&Prime; img_size=\u00a0\u00bbfull\u00a0\u00bb onclick=\u00a0\u00bb\u00a0\u00bb][\/vc_column][\/vc_row][vc_row full_width=\u00a0\u00bbstretch_row\u00a0\u00bb css=\u00a0\u00bb.vc_custom_1692985441183{padding-top: 35px !important;padding-bottom: 35px !important;}\u00a0\u00bb][vc_column width=\u00a0\u00bb1\/6&Prime;][\/vc_column][vc_column css_animation=\u00a0\u00bbfadeInUp\u00a0\u00bb width=\u00a0\u00bb4\/6&Prime;][vc_custom_heading text=\u00a0\u00bbSiamo qui per aiutare\u00a0\u00bb font_container=\u00a0\u00bbtag:h2|text_align:center|color:%230a0a0a\u00a0\u00bb use_theme_fonts=\u00a0\u00bbyes\u00a0\u00bb css=\u00a0\u00bb.vc_custom_1696543236626{margin-bottom: 0px !important;}\u00a0\u00bb][vc_column_text]<\/p>\n<p style=\"text-align: center;\">Hai domande? Il personale di vendita e di assistenza amichevole e competente di Thern \u00e8 pronto ad assistervi.<\/p>\n<p>[\/vc_column_text][vc_btn title=\u00a0\u00bbContattaci\u00a0\u00bb style=\u00a0\u00bbcustom\u00a0\u00bb custom_background=\u00a0\u00bb#c71a32&Prime; custom_text=\u00a0\u00bb#ffffff\u00a0\u00bb shape=\u00a0\u00bbsquare\u00a0\u00bb size=\u00a0\u00bblg\u00a0\u00bb align=\u00a0\u00bbcenter\u00a0\u00bb i_align=\u00a0\u00bbright\u00a0\u00bb i_icon_fontawesome=\u00a0\u00bbfas fa-angle-right\u00a0\u00bb add_icon=\u00a0\u00bbtrue\u00a0\u00bb link=\u00a0\u00bburl:%2Fit%2Fcontact%2F|title:Contact\u00a0\u00bb][\/vc_column][vc_column width=\u00a0\u00bb1\/6&Prime;][\/vc_column][\/vc_row]<\/p>\n<\/div>","protected":false},"excerpt":{"rendered":"<p>[vc_section full_width=\u00a0\u00bbstretch_row\u00a0\u00bb content_placement=\u00a0\u00bbmiddle\u00a0\u00bb css=\u00a0\u00bb.vc_custom_1693321004337{padding-top: 0px !important;background-image: url(https:\/\/thern.com\/wp-content\/uploads\/2023\/08\/Skyhook-crane-in-Stow-mode-scaled-1.jpg?id=23642) !important;background-position: center !important;background-repeat: no-repeat !important;background-size: cover !important;}\u00a0\u00bb][vc_row full_width=\u00a0\u00bbstretch_row\u00a0\u00bb css=\u00a0\u00bb.vc_custom_1692983676181{padding-top: 50px !important;padding-bottom: 70px !important;background-color: rgba(0,0,0,0.5) !important;*background-color: rgb(0,0,0) !important;}\u00a0\u00bb][vc_column][vc_custom_heading text=\u00a0\u00bbOEM\u00a0\u00bb font_container=\u00a0\u00bbtag:h1|text_align:left|color:%23ffffff\u00a0\u00bb use_theme_fonts=\u00a0\u00bbyes\u00a0\u00bb css_animation=\u00a0\u00bbfadeInLeft\u00a0\u00bb][\/vc_column][\/vc_row][\/vc_section][vc_row equal_height=\u00a0\u00bbyes\u00a0\u00bb css=\u00a0\u00bb.vc_custom_1692984692373{padding-top: 65px !important;padding-bottom: 35px !important;}\u00a0\u00bb][vc_column css_animation=\u00a0\u00bbfadeInLeft\u00a0\u00bb width=\u00a0\u00bb1\/2&Prime;][vc_column_text] LES OEM DU MONDE ENTIER COMPTENT SUR THERN Les OEM, ou fabricants d&rsquo;\u00e9quipement d&rsquo;origine, font confiance \u00e0 Thern lorsqu&rsquo;ils &#8230; <a title=\"OEMs\" class=\"read-more\" href=\"https:\/\/thern.com\/fr\/industries\/oems\/\" aria-label=\"More on OEMs\">Read more<\/a><\/p>\n","protected":false},"author":1,"featured_media":0,"parent":30466,"menu_order":0,"comment_status":"closed","ping_status":"closed","template":"","meta":{"footnotes":""},"class_list":["post-32223","page","type-page","status-publish"],"yoast_head":"<!-- This site is optimized with the Yoast SEO plugin v27.6 - https:\/\/yoast.com\/product\/yoast-seo-wordpress\/ -->\n<title>OEM - les industries | Thern\u00ae Winches &amp; Cranes<\/title>\n<meta name=\"description\" content=\"Les OEM, ou fabricants d&#039;\u00e9quipement d&#039;origine, font confiance \u00e0 Thern lorsqu&#039;ils ont besoin de leur \u00e9quipement pour effectuer des op\u00e9rations de levage, d&#039;abaissement ou de positionnement.\" \/>\n<meta name=\"robots\" content=\"index, follow, max-snippet:-1, max-image-preview:large, max-video-preview:-1\" \/>\n<link rel=\"canonical\" href=\"https:\/\/thern.com\/fr\/industries\/oems\/\" \/>\n<meta property=\"og:locale\" content=\"fr_FR\" \/>\n<meta property=\"og:type\" content=\"article\" \/>\n<meta property=\"og:title\" content=\"OEM - les industries | Thern\u00ae Winches &amp; Cranes\" \/>\n<meta property=\"og:description\" content=\"Les OEM, ou fabricants d&#039;\u00e9quipement d&#039;origine, font confiance \u00e0 Thern lorsqu&#039;ils ont besoin de leur \u00e9quipement pour effectuer des op\u00e9rations de levage, d&#039;abaissement ou de positionnement.\" \/>\n<meta property=\"og:url\" content=\"https:\/\/thern.com\/fr\/industries\/oems\/\" \/>\n<meta property=\"og:site_name\" content=\"Thern\u00ae Winches &amp; Cranes\" \/>\n<meta property=\"article:publisher\" content=\"https:\/\/www.facebook.com\/ThernInc\/\" \/>\n<meta property=\"article:modified_time\" content=\"2023-10-08T21:01:09+00:00\" \/>\n<meta name=\"twitter:card\" content=\"summary_large_image\" \/>\n<meta name=\"twitter:label1\" content=\"Dur\u00e9e de lecture estim\u00e9e\" \/>\n\t<meta name=\"twitter:data1\" content=\"2 minutes\" \/>\n<script type=\"application\/ld+json\" class=\"yoast-schema-graph\">{\"@context\":\"https:\\\/\\\/schema.org\",\"@graph\":[{\"@type\":\"WebPage\",\"@id\":\"https:\\\/\\\/thern.com\\\/fr\\\/industries\\\/oems\\\/\",\"url\":\"https:\\\/\\\/thern.com\\\/fr\\\/industries\\\/oems\\\/\",\"name\":\"OEM - les industries | Thern\u00ae Winches &amp; Cranes\",\"isPartOf\":{\"@id\":\"https:\\\/\\\/thern.com\\\/fr\\\/#website\"},\"datePublished\":\"2023-08-29T15:21:15+00:00\",\"dateModified\":\"2023-10-08T21:01:09+00:00\",\"description\":\"Les OEM, ou fabricants d'\u00e9quipement d'origine, font confiance \u00e0 Thern lorsqu'ils ont besoin de leur \u00e9quipement pour effectuer des op\u00e9rations de levage, d'abaissement ou de positionnement.\",\"breadcrumb\":{\"@id\":\"https:\\\/\\\/thern.com\\\/fr\\\/industries\\\/oems\\\/#breadcrumb\"},\"inLanguage\":\"fr-FR\",\"potentialAction\":[{\"@type\":\"ReadAction\",\"target\":[\"https:\\\/\\\/thern.com\\\/fr\\\/industries\\\/oems\\\/\"]}]},{\"@type\":\"BreadcrumbList\",\"@id\":\"https:\\\/\\\/thern.com\\\/fr\\\/industries\\\/oems\\\/#breadcrumb\",\"itemListElement\":[{\"@type\":\"ListItem\",\"position\":1,\"name\":\"Home\",\"item\":\"https:\\\/\\\/thern.com\\\/fr\\\/\"},{\"@type\":\"ListItem\",\"position\":2,\"name\":\"Industries\",\"item\":\"https:\\\/\\\/thern.com\\\/fr\\\/industries\\\/\"},{\"@type\":\"ListItem\",\"position\":3,\"name\":\"OEMs\"}]},{\"@type\":\"WebSite\",\"@id\":\"https:\\\/\\\/thern.com\\\/fr\\\/#website\",\"url\":\"https:\\\/\\\/thern.com\\\/fr\\\/\",\"name\":\"Thern\u00ae Winches &amp; Cranes\",\"description\":\"Leave the Heavy Lifting to Us\",\"publisher\":{\"@id\":\"https:\\\/\\\/thern.com\\\/fr\\\/#organization\"},\"potentialAction\":[{\"@type\":\"SearchAction\",\"target\":{\"@type\":\"EntryPoint\",\"urlTemplate\":\"https:\\\/\\\/thern.com\\\/fr\\\/?s={search_term_string}\"},\"query-input\":{\"@type\":\"PropertyValueSpecification\",\"valueRequired\":true,\"valueName\":\"search_term_string\"}}],\"inLanguage\":\"fr-FR\"},{\"@type\":\"Organization\",\"@id\":\"https:\\\/\\\/thern.com\\\/fr\\\/#organization\",\"name\":\"Thern\u00ae Winches &amp; Cranes\",\"url\":\"https:\\\/\\\/thern.com\\\/fr\\\/\",\"logo\":{\"@type\":\"ImageObject\",\"inLanguage\":\"fr-FR\",\"@id\":\"https:\\\/\\\/thern.com\\\/fr\\\/#\\\/schema\\\/logo\\\/image\\\/\",\"url\":\"https:\\\/\\\/thern.com\\\/wp-content\\\/uploads\\\/2023\\\/11\\\/Logo_SaveForWeb-outline-FINAL-01.svg\",\"contentUrl\":\"https:\\\/\\\/thern.com\\\/wp-content\\\/uploads\\\/2023\\\/11\\\/Logo_SaveForWeb-outline-FINAL-01.svg\",\"caption\":\"Thern\u00ae Winches &amp; Cranes\"},\"image\":{\"@id\":\"https:\\\/\\\/thern.com\\\/fr\\\/#\\\/schema\\\/logo\\\/image\\\/\"},\"sameAs\":[\"https:\\\/\\\/www.facebook.com\\\/ThernInc\\\/\",\"https:\\\/\\\/www.linkedin.com\\\/company\\\/thern-inc-\\\/\",\"https:\\\/\\\/www.youtube.com\\\/user\\\/ThernStage\"]}]}<\/script>\n<!-- \/ Yoast SEO plugin. -->","yoast_head_json":{"title":"OEM - les industries | Thern\u00ae Winches &amp; Cranes","description":"Les OEM, ou fabricants d'\u00e9quipement d'origine, font confiance \u00e0 Thern lorsqu'ils ont besoin de leur \u00e9quipement pour effectuer des op\u00e9rations de levage, d'abaissement ou de positionnement.","robots":{"index":"index","follow":"follow","max-snippet":"max-snippet:-1","max-image-preview":"max-image-preview:large","max-video-preview":"max-video-preview:-1"},"canonical":"https:\/\/thern.com\/fr\/industries\/oems\/","og_locale":"fr_FR","og_type":"article","og_title":"OEM - les industries | Thern\u00ae Winches &amp; Cranes","og_description":"Les OEM, ou fabricants d'\u00e9quipement d'origine, font confiance \u00e0 Thern lorsqu'ils ont besoin de leur \u00e9quipement pour effectuer des op\u00e9rations de levage, d'abaissement ou de positionnement.","og_url":"https:\/\/thern.com\/fr\/industries\/oems\/","og_site_name":"Thern\u00ae Winches &amp; Cranes","article_publisher":"https:\/\/www.facebook.com\/ThernInc\/","article_modified_time":"2023-10-08T21:01:09+00:00","twitter_card":"summary_large_image","twitter_misc":{"Dur\u00e9e de lecture estim\u00e9e":"2 minutes"},"schema":{"@context":"https:\/\/schema.org","@graph":[{"@type":"WebPage","@id":"https:\/\/thern.com\/fr\/industries\/oems\/","url":"https:\/\/thern.com\/fr\/industries\/oems\/","name":"OEM - les industries | Thern\u00ae Winches &amp; Cranes","isPartOf":{"@id":"https:\/\/thern.com\/fr\/#website"},"datePublished":"2023-08-29T15:21:15+00:00","dateModified":"2023-10-08T21:01:09+00:00","description":"Les OEM, ou fabricants d'\u00e9quipement d'origine, font confiance \u00e0 Thern lorsqu'ils ont besoin de leur \u00e9quipement pour effectuer des op\u00e9rations de levage, d'abaissement ou de positionnement.","breadcrumb":{"@id":"https:\/\/thern.com\/fr\/industries\/oems\/#breadcrumb"},"inLanguage":"fr-FR","potentialAction":[{"@type":"ReadAction","target":["https:\/\/thern.com\/fr\/industries\/oems\/"]}]},{"@type":"BreadcrumbList","@id":"https:\/\/thern.com\/fr\/industries\/oems\/#breadcrumb","itemListElement":[{"@type":"ListItem","position":1,"name":"Home","item":"https:\/\/thern.com\/fr\/"},{"@type":"ListItem","position":2,"name":"Industries","item":"https:\/\/thern.com\/fr\/industries\/"},{"@type":"ListItem","position":3,"name":"OEMs"}]},{"@type":"WebSite","@id":"https:\/\/thern.com\/fr\/#website","url":"https:\/\/thern.com\/fr\/","name":"Thern\u00ae Winches &amp; Cranes","description":"Leave the Heavy Lifting to Us","publisher":{"@id":"https:\/\/thern.com\/fr\/#organization"},"potentialAction":[{"@type":"SearchAction","target":{"@type":"EntryPoint","urlTemplate":"https:\/\/thern.com\/fr\/?s={search_term_string}"},"query-input":{"@type":"PropertyValueSpecification","valueRequired":true,"valueName":"search_term_string"}}],"inLanguage":"fr-FR"},{"@type":"Organization","@id":"https:\/\/thern.com\/fr\/#organization","name":"Thern\u00ae Winches &amp; Cranes","url":"https:\/\/thern.com\/fr\/","logo":{"@type":"ImageObject","inLanguage":"fr-FR","@id":"https:\/\/thern.com\/fr\/#\/schema\/logo\/image\/","url":"https:\/\/thern.com\/wp-content\/uploads\/2023\/11\/Logo_SaveForWeb-outline-FINAL-01.svg","contentUrl":"https:\/\/thern.com\/wp-content\/uploads\/2023\/11\/Logo_SaveForWeb-outline-FINAL-01.svg","caption":"Thern\u00ae Winches &amp; Cranes"},"image":{"@id":"https:\/\/thern.com\/fr\/#\/schema\/logo\/image\/"},"sameAs":["https:\/\/www.facebook.com\/ThernInc\/","https:\/\/www.linkedin.com\/company\/thern-inc-\/","https:\/\/www.youtube.com\/user\/ThernStage"]}]}},"_links":{"self":[{"href":"https:\/\/thern.com\/fr\/wp-json\/wp\/v2\/pages\/32223","targetHints":{"allow":["GET"]}}],"collection":[{"href":"https:\/\/thern.com\/fr\/wp-json\/wp\/v2\/pages"}],"about":[{"href":"https:\/\/thern.com\/fr\/wp-json\/wp\/v2\/types\/page"}],"author":[{"embeddable":true,"href":"https:\/\/thern.com\/fr\/wp-json\/wp\/v2\/users\/1"}],"replies":[{"embeddable":true,"href":"https:\/\/thern.com\/fr\/wp-json\/wp\/v2\/comments?post=32223"}],"version-history":[{"count":0,"href":"https:\/\/thern.com\/fr\/wp-json\/wp\/v2\/pages\/32223\/revisions"}],"up":[{"embeddable":true,"href":"https:\/\/thern.com\/fr\/wp-json\/wp\/v2\/pages\/30466"}],"wp:attachment":[{"href":"https:\/\/thern.com\/fr\/wp-json\/wp\/v2\/media?parent=32223"}],"curies":[{"name":"wp","href":"https:\/\/api.w.org\/{rel}","templated":true}]}}