{"id":32061,"date":"2023-08-29T14:17:09","date_gmt":"2023-08-29T14:17:09","guid":{"rendered":"https:\/\/therninc.wpenginepowered.com\/flare-tip-boom-winches\/"},"modified":"2023-10-06T02:45:35","modified_gmt":"2023-10-06T02:45:35","slug":"flare-tip-boom-winches","status":"publish","type":"page","link":"https:\/\/thern.com\/fr\/industries\/oil-and-gas\/flare-tip-boom-winches\/","title":{"rendered":"Flare Tip Boom Winches"},"content":{"rendered":"<div class=\"wpb-content-wrapper\"><p>[vc_section full_width=\u00a0\u00bbstretch_row\u00a0\u00bb content_placement=\u00a0\u00bbmiddle\u00a0\u00bb css=\u00a0\u00bb.vc_custom_1693318583633{padding-top: 0px !important;background-image: url(https:\/\/thern.com\/wp-content\/uploads\/2023\/08\/Thern-Industry-Header-Banners-oil-and-gas.jpg?id=23569) !important;background-position: center !important;background-repeat: no-repeat !important;background-size: cover !important;}\u00a0\u00bb][vc_row full_width=\u00a0\u00bbstretch_row\u00a0\u00bb css=\u00a0\u00bb.vc_custom_1692983676181{padding-top: 50px !important;padding-bottom: 70px !important;background-color: rgba(0,0,0,0.5) !important;*background-color: rgb(0,0,0) !important;}\u00a0\u00bb][vc_column][vc_custom_heading text=\u00a0\u00bbTreuils \u00e0 fl\u00e8che \u00e0 pointe \u00e9vas\u00e9e\u00a0\u00bb font_container=\u00a0\u00bbtag:h1|text_align:left|color:%23ffffff\u00a0\u00bb use_theme_fonts=\u00a0\u00bbyes\u00a0\u00bb css_animation=\u00a0\u00bbfadeInLeft\u00a0\u00bb][\/vc_column][\/vc_row][\/vc_section][vc_row equal_height=\u00a0\u00bbyes\u00a0\u00bb css=\u00a0\u00bb.vc_custom_1692984692373{padding-top: 65px !important;padding-bottom: 35px !important;}\u00a0\u00bb][vc_column css_animation=\u00a0\u00bbfadeInLeft\u00a0\u00bb width=\u00a0\u00bb1\/2&Prime;][vc_column_text]D\u00e9ployez et r\u00e9cup\u00e9rez les pointes de torch\u00e8re et les fl\u00e8ches rapidement et facilement gr\u00e2ce aux syst\u00e8mes de treuil personnalis\u00e9s de Thern. Les packages de contr\u00f4le permettent le fonctionnement du syst\u00e8me local et distant.<\/p>\n<p>Treuil de fl\u00e8che \u00e9vas\u00e9e | Construit sur mesure pour Expro Americas, LLC<\/p>\n<p>Expro avait besoin d&rsquo;\u00e9quiper deux plates-formes p\u00e9troli\u00e8res offshore d&rsquo;une solution de levage pour d\u00e9ployer et r\u00e9tracter les rampes torch\u00e8res.<\/p>\n<p>Thern a fourni quatre treuils de traction de fl\u00e8che \u00e9vas\u00e9e \u00e0 installer sur les plates-formes p\u00e9troli\u00e8res offshore d&rsquo;Expro Americas. Deux des treuils n\u00e9cessitaient des tambours personnalis\u00e9s pour s&rsquo;adapter \u00e0 un angle de flotte tr\u00e8s court. Les quatre treuils \u00e9taient \u00e9quip\u00e9s de protections de tambour, de silencieux, de filtres-r\u00e9gulateurs-lubrificateurs, de goupilles de verrouillage \u00e0 ressort et ont \u00e9t\u00e9 test\u00e9s en charge ABS \u00e0 125 %.[\/vc_column_text][vc_btn title=\u00a0\u00bbRetour aux secteurs\u00a0\u00bb style=\u00a0\u00bbcustom\u00a0\u00bb custom_background=\u00a0\u00bb#c71a32&Prime; custom_text=\u00a0\u00bb#ffffff\u00a0\u00bb shape=\u00a0\u00bbsquare\u00a0\u00bb size=\u00a0\u00bblg\u00a0\u00bb align=\u00a0\u00bbleft\u00a0\u00bb i_icon_fontawesome=\u00a0\u00bbfas fa-angle-left\u00a0\u00bb add_icon=\u00a0\u00bbtrue\u00a0\u00bb link=\u00a0\u00bburl:%2Ffr%2Findustries%2F|title:Return%20to%20Industries\u00a0\u00bb][\/vc_column][vc_column css_animation=\u00a0\u00bbfadeInRight\u00a0\u00bb width=\u00a0\u00bb1\/2&Prime;][vc_gallery type=\u00a0\u00bbflexslider_slide\u00a0\u00bb interval=\u00a0\u00bb0&Prime; images=\u00a0\u00bb23579,23580,23581&Prime; img_size=\u00a0\u00bbfull\u00a0\u00bb onclick=\u00a0\u00bb\u00a0\u00bb][\/vc_column][\/vc_row][vc_row full_width=\u00a0\u00bbstretch_row\u00a0\u00bb css=\u00a0\u00bb.vc_custom_1692985441183{padding-top: 35px !important;padding-bottom: 35px !important;}\u00a0\u00bb][vc_column width=\u00a0\u00bb1\/6&Prime;][\/vc_column][vc_column css_animation=\u00a0\u00bbfadeInUp\u00a0\u00bb width=\u00a0\u00bb4\/6&Prime;][vc_custom_heading text=\u00a0\u00bbSiamo qui per aiutare\u00a0\u00bb font_container=\u00a0\u00bbtag:h2|text_align:center|color:%230a0a0a\u00a0\u00bb use_theme_fonts=\u00a0\u00bbyes\u00a0\u00bb css=\u00a0\u00bb.vc_custom_1696543236626{margin-bottom: 0px !important;}\u00a0\u00bb][vc_column_text]<\/p>\n<p style=\"text-align: center;\">Hai domande? Il personale di vendita e di assistenza amichevole e competente di Thern \u00e8 pronto ad assistervi.<\/p>\n<p>[\/vc_column_text][vc_btn title=\u00a0\u00bbContattaci\u00a0\u00bb style=\u00a0\u00bbcustom\u00a0\u00bb custom_background=\u00a0\u00bb#c71a32&Prime; custom_text=\u00a0\u00bb#ffffff\u00a0\u00bb shape=\u00a0\u00bbsquare\u00a0\u00bb size=\u00a0\u00bblg\u00a0\u00bb align=\u00a0\u00bbcenter\u00a0\u00bb i_align=\u00a0\u00bbright\u00a0\u00bb i_icon_fontawesome=\u00a0\u00bbfas fa-angle-right\u00a0\u00bb add_icon=\u00a0\u00bbtrue\u00a0\u00bb link=\u00a0\u00bburl:%2Fit%2Fcontact%2F|title:Contact\u00a0\u00bb][\/vc_column][vc_column width=\u00a0\u00bb1\/6&Prime;][\/vc_column][\/vc_row]<\/p>\n<\/div>","protected":false},"excerpt":{"rendered":"<p>[vc_section full_width=\u00a0\u00bbstretch_row\u00a0\u00bb content_placement=\u00a0\u00bbmiddle\u00a0\u00bb css=\u00a0\u00bb.vc_custom_1693318583633{padding-top: 0px !important;background-image: url(https:\/\/thern.com\/wp-content\/uploads\/2023\/08\/Thern-Industry-Header-Banners-oil-and-gas.jpg?id=23569) !important;background-position: center !important;background-repeat: no-repeat !important;background-size: cover !important;}\u00a0\u00bb][vc_row full_width=\u00a0\u00bbstretch_row\u00a0\u00bb css=\u00a0\u00bb.vc_custom_1692983676181{padding-top: 50px !important;padding-bottom: 70px !important;background-color: rgba(0,0,0,0.5) !important;*background-color: rgb(0,0,0) !important;}\u00a0\u00bb][vc_column][vc_custom_heading text=\u00a0\u00bbTreuils \u00e0 fl\u00e8che \u00e0 pointe \u00e9vas\u00e9e\u00a0\u00bb font_container=\u00a0\u00bbtag:h1|text_align:left|color:%23ffffff\u00a0\u00bb use_theme_fonts=\u00a0\u00bbyes\u00a0\u00bb css_animation=\u00a0\u00bbfadeInLeft\u00a0\u00bb][\/vc_column][\/vc_row][\/vc_section][vc_row equal_height=\u00a0\u00bbyes\u00a0\u00bb css=\u00a0\u00bb.vc_custom_1692984692373{padding-top: 65px !important;padding-bottom: 35px !important;}\u00a0\u00bb][vc_column css_animation=\u00a0\u00bbfadeInLeft\u00a0\u00bb width=\u00a0\u00bb1\/2&Prime;][vc_column_text]D\u00e9ployez et r\u00e9cup\u00e9rez les pointes de torch\u00e8re et les fl\u00e8ches rapidement et facilement gr\u00e2ce aux &#8230; <a title=\"Flare Tip Boom Winches\" class=\"read-more\" href=\"https:\/\/thern.com\/fr\/industries\/oil-and-gas\/flare-tip-boom-winches\/\" aria-label=\"More on Flare Tip Boom Winches\">Read more<\/a><\/p>\n","protected":false},"author":1,"featured_media":0,"parent":32440,"menu_order":0,"comment_status":"closed","ping_status":"closed","template":"","meta":{"footnotes":""},"class_list":["post-32061","page","type-page","status-publish"],"yoast_head":"<!-- This site is optimized with the Yoast SEO plugin v27.6 - https:\/\/yoast.com\/product\/yoast-seo-wordpress\/ -->\n<title>Treuils \u00e0 fl\u00e8che \u00e9vas\u00e9e - \u00c9quipement de levage pour l&#039;industrie p\u00e9troli\u00e8re et gazi\u00e8re | Thern\u00ae Winches &amp; Cranes<\/title>\n<meta name=\"description\" content=\"Les syst\u00e8mes de treuil personnalis\u00e9s de qualit\u00e9 sup\u00e9rieure de Thern rendent le d\u00e9ploiement et la r\u00e9cup\u00e9ration des pointes de fus\u00e9e et des fl\u00e8ches rapides et pratiques.\" \/>\n<meta name=\"robots\" content=\"index, follow, max-snippet:-1, max-image-preview:large, max-video-preview:-1\" \/>\n<link rel=\"canonical\" href=\"https:\/\/thern.com\/fr\/industries\/oil-and-gas\/flare-tip-boom-winches\/\" \/>\n<meta property=\"og:locale\" content=\"fr_FR\" \/>\n<meta property=\"og:type\" content=\"article\" \/>\n<meta property=\"og:title\" content=\"Treuils \u00e0 fl\u00e8che \u00e9vas\u00e9e - \u00c9quipement de levage pour l&#039;industrie p\u00e9troli\u00e8re et gazi\u00e8re | Thern\u00ae Winches &amp; Cranes\" \/>\n<meta property=\"og:description\" content=\"Les syst\u00e8mes de treuil personnalis\u00e9s de qualit\u00e9 sup\u00e9rieure de Thern rendent le d\u00e9ploiement et la r\u00e9cup\u00e9ration des pointes de fus\u00e9e et des fl\u00e8ches rapides et pratiques.\" \/>\n<meta property=\"og:url\" content=\"https:\/\/thern.com\/fr\/industries\/oil-and-gas\/flare-tip-boom-winches\/\" \/>\n<meta property=\"og:site_name\" content=\"Thern\u00ae Winches &amp; Cranes\" \/>\n<meta property=\"article:publisher\" content=\"https:\/\/www.facebook.com\/ThernInc\/\" \/>\n<meta property=\"article:modified_time\" content=\"2023-10-06T02:45:35+00:00\" \/>\n<meta name=\"twitter:card\" content=\"summary_large_image\" \/>\n<meta name=\"twitter:label1\" content=\"Dur\u00e9e de lecture estim\u00e9e\" \/>\n\t<meta name=\"twitter:data1\" content=\"1 minute\" \/>\n<script type=\"application\/ld+json\" class=\"yoast-schema-graph\">{\"@context\":\"https:\\\/\\\/schema.org\",\"@graph\":[{\"@type\":\"WebPage\",\"@id\":\"https:\\\/\\\/thern.com\\\/fr\\\/industries\\\/oil-and-gas\\\/flare-tip-boom-winches\\\/\",\"url\":\"https:\\\/\\\/thern.com\\\/fr\\\/industries\\\/oil-and-gas\\\/flare-tip-boom-winches\\\/\",\"name\":\"Treuils \u00e0 fl\u00e8che \u00e9vas\u00e9e - \u00c9quipement de levage pour l'industrie p\u00e9troli\u00e8re et gazi\u00e8re | Thern\u00ae Winches &amp; Cranes\",\"isPartOf\":{\"@id\":\"https:\\\/\\\/thern.com\\\/fr\\\/#website\"},\"datePublished\":\"2023-08-29T14:17:09+00:00\",\"dateModified\":\"2023-10-06T02:45:35+00:00\",\"description\":\"Les syst\u00e8mes de treuil personnalis\u00e9s de qualit\u00e9 sup\u00e9rieure de Thern rendent le d\u00e9ploiement et la r\u00e9cup\u00e9ration des pointes de fus\u00e9e et des fl\u00e8ches rapides et pratiques.\",\"breadcrumb\":{\"@id\":\"https:\\\/\\\/thern.com\\\/fr\\\/industries\\\/oil-and-gas\\\/flare-tip-boom-winches\\\/#breadcrumb\"},\"inLanguage\":\"fr-FR\",\"potentialAction\":[{\"@type\":\"ReadAction\",\"target\":[\"https:\\\/\\\/thern.com\\\/fr\\\/industries\\\/oil-and-gas\\\/flare-tip-boom-winches\\\/\"]}]},{\"@type\":\"BreadcrumbList\",\"@id\":\"https:\\\/\\\/thern.com\\\/fr\\\/industries\\\/oil-and-gas\\\/flare-tip-boom-winches\\\/#breadcrumb\",\"itemListElement\":[{\"@type\":\"ListItem\",\"position\":1,\"name\":\"Home\",\"item\":\"https:\\\/\\\/thern.com\\\/fr\\\/\"},{\"@type\":\"ListItem\",\"position\":2,\"name\":\"Industries\",\"item\":\"https:\\\/\\\/thern.com\\\/fr\\\/industries\\\/\"},{\"@type\":\"ListItem\",\"position\":3,\"name\":\"Oil and Gas\",\"item\":\"https:\\\/\\\/thern.com\\\/fr\\\/industries\\\/oil-and-gas\\\/\"},{\"@type\":\"ListItem\",\"position\":4,\"name\":\"Flare Tip Boom Winches\"}]},{\"@type\":\"WebSite\",\"@id\":\"https:\\\/\\\/thern.com\\\/fr\\\/#website\",\"url\":\"https:\\\/\\\/thern.com\\\/fr\\\/\",\"name\":\"Thern\u00ae Winches &amp; Cranes\",\"description\":\"Leave the Heavy Lifting to Us\",\"publisher\":{\"@id\":\"https:\\\/\\\/thern.com\\\/fr\\\/#organization\"},\"potentialAction\":[{\"@type\":\"SearchAction\",\"target\":{\"@type\":\"EntryPoint\",\"urlTemplate\":\"https:\\\/\\\/thern.com\\\/fr\\\/?s={search_term_string}\"},\"query-input\":{\"@type\":\"PropertyValueSpecification\",\"valueRequired\":true,\"valueName\":\"search_term_string\"}}],\"inLanguage\":\"fr-FR\"},{\"@type\":\"Organization\",\"@id\":\"https:\\\/\\\/thern.com\\\/fr\\\/#organization\",\"name\":\"Thern\u00ae Winches &amp; Cranes\",\"url\":\"https:\\\/\\\/thern.com\\\/fr\\\/\",\"logo\":{\"@type\":\"ImageObject\",\"inLanguage\":\"fr-FR\",\"@id\":\"https:\\\/\\\/thern.com\\\/fr\\\/#\\\/schema\\\/logo\\\/image\\\/\",\"url\":\"https:\\\/\\\/thern.com\\\/wp-content\\\/uploads\\\/2023\\\/11\\\/Logo_SaveForWeb-outline-FINAL-01.svg\",\"contentUrl\":\"https:\\\/\\\/thern.com\\\/wp-content\\\/uploads\\\/2023\\\/11\\\/Logo_SaveForWeb-outline-FINAL-01.svg\",\"caption\":\"Thern\u00ae Winches &amp; Cranes\"},\"image\":{\"@id\":\"https:\\\/\\\/thern.com\\\/fr\\\/#\\\/schema\\\/logo\\\/image\\\/\"},\"sameAs\":[\"https:\\\/\\\/www.facebook.com\\\/ThernInc\\\/\",\"https:\\\/\\\/www.linkedin.com\\\/company\\\/thern-inc-\\\/\",\"https:\\\/\\\/www.youtube.com\\\/user\\\/ThernStage\"]}]}<\/script>\n<!-- \/ Yoast SEO plugin. -->","yoast_head_json":{"title":"Treuils \u00e0 fl\u00e8che \u00e9vas\u00e9e - \u00c9quipement de levage pour l'industrie p\u00e9troli\u00e8re et gazi\u00e8re | Thern\u00ae Winches &amp; Cranes","description":"Les syst\u00e8mes de treuil personnalis\u00e9s de qualit\u00e9 sup\u00e9rieure de Thern rendent le d\u00e9ploiement et la r\u00e9cup\u00e9ration des pointes de fus\u00e9e et des fl\u00e8ches rapides et pratiques.","robots":{"index":"index","follow":"follow","max-snippet":"max-snippet:-1","max-image-preview":"max-image-preview:large","max-video-preview":"max-video-preview:-1"},"canonical":"https:\/\/thern.com\/fr\/industries\/oil-and-gas\/flare-tip-boom-winches\/","og_locale":"fr_FR","og_type":"article","og_title":"Treuils \u00e0 fl\u00e8che \u00e9vas\u00e9e - \u00c9quipement de levage pour l'industrie p\u00e9troli\u00e8re et gazi\u00e8re | Thern\u00ae Winches &amp; Cranes","og_description":"Les syst\u00e8mes de treuil personnalis\u00e9s de qualit\u00e9 sup\u00e9rieure de Thern rendent le d\u00e9ploiement et la r\u00e9cup\u00e9ration des pointes de fus\u00e9e et des fl\u00e8ches rapides et pratiques.","og_url":"https:\/\/thern.com\/fr\/industries\/oil-and-gas\/flare-tip-boom-winches\/","og_site_name":"Thern\u00ae Winches &amp; Cranes","article_publisher":"https:\/\/www.facebook.com\/ThernInc\/","article_modified_time":"2023-10-06T02:45:35+00:00","twitter_card":"summary_large_image","twitter_misc":{"Dur\u00e9e de lecture estim\u00e9e":"1 minute"},"schema":{"@context":"https:\/\/schema.org","@graph":[{"@type":"WebPage","@id":"https:\/\/thern.com\/fr\/industries\/oil-and-gas\/flare-tip-boom-winches\/","url":"https:\/\/thern.com\/fr\/industries\/oil-and-gas\/flare-tip-boom-winches\/","name":"Treuils \u00e0 fl\u00e8che \u00e9vas\u00e9e - \u00c9quipement de levage pour l'industrie p\u00e9troli\u00e8re et gazi\u00e8re | Thern\u00ae Winches &amp; Cranes","isPartOf":{"@id":"https:\/\/thern.com\/fr\/#website"},"datePublished":"2023-08-29T14:17:09+00:00","dateModified":"2023-10-06T02:45:35+00:00","description":"Les syst\u00e8mes de treuil personnalis\u00e9s de qualit\u00e9 sup\u00e9rieure de Thern rendent le d\u00e9ploiement et la r\u00e9cup\u00e9ration des pointes de fus\u00e9e et des fl\u00e8ches rapides et pratiques.","breadcrumb":{"@id":"https:\/\/thern.com\/fr\/industries\/oil-and-gas\/flare-tip-boom-winches\/#breadcrumb"},"inLanguage":"fr-FR","potentialAction":[{"@type":"ReadAction","target":["https:\/\/thern.com\/fr\/industries\/oil-and-gas\/flare-tip-boom-winches\/"]}]},{"@type":"BreadcrumbList","@id":"https:\/\/thern.com\/fr\/industries\/oil-and-gas\/flare-tip-boom-winches\/#breadcrumb","itemListElement":[{"@type":"ListItem","position":1,"name":"Home","item":"https:\/\/thern.com\/fr\/"},{"@type":"ListItem","position":2,"name":"Industries","item":"https:\/\/thern.com\/fr\/industries\/"},{"@type":"ListItem","position":3,"name":"Oil and Gas","item":"https:\/\/thern.com\/fr\/industries\/oil-and-gas\/"},{"@type":"ListItem","position":4,"name":"Flare Tip Boom Winches"}]},{"@type":"WebSite","@id":"https:\/\/thern.com\/fr\/#website","url":"https:\/\/thern.com\/fr\/","name":"Thern\u00ae Winches &amp; Cranes","description":"Leave the Heavy Lifting to Us","publisher":{"@id":"https:\/\/thern.com\/fr\/#organization"},"potentialAction":[{"@type":"SearchAction","target":{"@type":"EntryPoint","urlTemplate":"https:\/\/thern.com\/fr\/?s={search_term_string}"},"query-input":{"@type":"PropertyValueSpecification","valueRequired":true,"valueName":"search_term_string"}}],"inLanguage":"fr-FR"},{"@type":"Organization","@id":"https:\/\/thern.com\/fr\/#organization","name":"Thern\u00ae Winches &amp; Cranes","url":"https:\/\/thern.com\/fr\/","logo":{"@type":"ImageObject","inLanguage":"fr-FR","@id":"https:\/\/thern.com\/fr\/#\/schema\/logo\/image\/","url":"https:\/\/thern.com\/wp-content\/uploads\/2023\/11\/Logo_SaveForWeb-outline-FINAL-01.svg","contentUrl":"https:\/\/thern.com\/wp-content\/uploads\/2023\/11\/Logo_SaveForWeb-outline-FINAL-01.svg","caption":"Thern\u00ae Winches &amp; Cranes"},"image":{"@id":"https:\/\/thern.com\/fr\/#\/schema\/logo\/image\/"},"sameAs":["https:\/\/www.facebook.com\/ThernInc\/","https:\/\/www.linkedin.com\/company\/thern-inc-\/","https:\/\/www.youtube.com\/user\/ThernStage"]}]}},"_links":{"self":[{"href":"https:\/\/thern.com\/fr\/wp-json\/wp\/v2\/pages\/32061","targetHints":{"allow":["GET"]}}],"collection":[{"href":"https:\/\/thern.com\/fr\/wp-json\/wp\/v2\/pages"}],"about":[{"href":"https:\/\/thern.com\/fr\/wp-json\/wp\/v2\/types\/page"}],"author":[{"embeddable":true,"href":"https:\/\/thern.com\/fr\/wp-json\/wp\/v2\/users\/1"}],"replies":[{"embeddable":true,"href":"https:\/\/thern.com\/fr\/wp-json\/wp\/v2\/comments?post=32061"}],"version-history":[{"count":0,"href":"https:\/\/thern.com\/fr\/wp-json\/wp\/v2\/pages\/32061\/revisions"}],"up":[{"embeddable":true,"href":"https:\/\/thern.com\/fr\/wp-json\/wp\/v2\/pages\/32440"}],"wp:attachment":[{"href":"https:\/\/thern.com\/fr\/wp-json\/wp\/v2\/media?parent=32061"}],"curies":[{"name":"wp","href":"https:\/\/api.w.org\/{rel}","templated":true}]}}