{"id":31775,"date":"2023-08-25T17:36:56","date_gmt":"2023-08-25T17:36:56","guid":{"rendered":"https:\/\/therninc.wpenginepowered.com\/bar-screen-winches\/"},"modified":"2023-10-05T22:32:23","modified_gmt":"2023-10-05T22:32:23","slug":"bar-screen-winches","status":"publish","type":"page","link":"https:\/\/thern.com\/fr\/industries\/water-wastewater\/bar-screen-winches\/","title":{"rendered":"Bar Screen Winches"},"content":{"rendered":"<div class=\"wpb-content-wrapper\"><p>[vc_section full_width=\u00a0\u00bbstretch_row\u00a0\u00bb content_placement=\u00a0\u00bbmiddle\u00a0\u00bb css=\u00a0\u00bb.vc_custom_1692984542564{padding-top: 0px !important;background-image: url(https:\/\/thern.com\/wp-content\/uploads\/2023\/07\/Thern-Inc_About-Hero.jpg?id=343) !important;background-position: center !important;background-repeat: no-repeat !important;background-size: cover !important;}\u00a0\u00bb][vc_row full_width=\u00a0\u00bbstretch_row\u00a0\u00bb css=\u00a0\u00bb.vc_custom_1692983676181{padding-top: 50px !important;padding-bottom: 70px !important;background-color: rgba(0,0,0,0.5) !important;*background-color: rgb(0,0,0) !important;}\u00a0\u00bb][vc_column][vc_custom_heading text=\u00a0\u00bbTreuils pour \u00e9crans \u00e0 barres\u00a0\u00bb font_container=\u00a0\u00bbtag:h1|text_align:left|color:%23ffffff\u00a0\u00bb use_theme_fonts=\u00a0\u00bbyes\u00a0\u00bb css_animation=\u00a0\u00bbfadeInLeft\u00a0\u00bb][\/vc_column][\/vc_row][\/vc_section][vc_row equal_height=\u00a0\u00bbyes\u00a0\u00bb css=\u00a0\u00bb.vc_custom_1692984692373{padding-top: 65px !important;padding-bottom: 35px !important;}\u00a0\u00bb][vc_column css_animation=\u00a0\u00bbfadeInLeft\u00a0\u00bb width=\u00a0\u00bb1\/2&Prime;][vc_column_text]Ajustez la position des tamis et des filtres \u00e0 distance gr\u00e2ce \u00e0 des treuils \u00e0 barres programmables et t\u00e9l\u00e9command\u00e9s. Les configurations disponibles de montage au sol, au mur et au plafond permettent aux syst\u00e8mes Thern de s&rsquo;adapter \u00e0 votre installation et \u00e0 votre application, quelle que soit la disposition.<\/p>\n<p>Treuil d&rsquo;\u00e9cran \u00e0 barre | Con\u00e7u sur mesure pour l&rsquo;installation de traitement des eaux us\u00e9es de Blackwater<\/p>\n<p>Les treuils \u00e9lectriques modifi\u00e9s de la s\u00e9rie 4HW fonctionnent comme des palans pour lever et abaisser les tamis pour un nettoyage p\u00e9riodique dans une usine de traitement des eaux us\u00e9es. Les tamis filtrent l&rsquo;eau lors de la premi\u00e8re \u00e9tape de purification. Un point d&rsquo;attache secondaire est utilis\u00e9 pour maintenir l&rsquo;\u00e9cran en position relev\u00e9e. Les treuils sont modifi\u00e9s avec des tambours rainur\u00e9s allong\u00e9s pour un fonctionnement monocouche, ainsi que des moteurs et des interrupteurs de fin de course antid\u00e9flagrants en raison de l&rsquo;environnement explosif.[\/vc_column_text][vc_btn title=\u00a0\u00bbRetour aux secteurs\u00a0\u00bb style=\u00a0\u00bbcustom\u00a0\u00bb custom_background=\u00a0\u00bb#c71a32&Prime; custom_text=\u00a0\u00bb#ffffff\u00a0\u00bb shape=\u00a0\u00bbsquare\u00a0\u00bb size=\u00a0\u00bblg\u00a0\u00bb align=\u00a0\u00bbleft\u00a0\u00bb i_icon_fontawesome=\u00a0\u00bbfas fa-angle-left\u00a0\u00bb add_icon=\u00a0\u00bbtrue\u00a0\u00bb link=\u00a0\u00bburl:%2Ffr%2Findustries%2F|title:Return%20to%20Industries\u00a0\u00bb][\/vc_column][vc_column css_animation=\u00a0\u00bbfadeInRight\u00a0\u00bb width=\u00a0\u00bb1\/2&Prime;][vc_gallery type=\u00a0\u00bbflexslider_slide\u00a0\u00bb interval=\u00a0\u00bb0&Prime; images=\u00a0\u00bb23395,23398,23397&Prime; img_size=\u00a0\u00bbfull\u00a0\u00bb][vc_single_image image=\u00a0\u00bb23396&Prime; img_size=\u00a0\u00bbfull\u00a0\u00bb alignment=\u00a0\u00bbcenter\u00a0\u00bb][\/vc_column][\/vc_row][vc_row full_width=\u00a0\u00bbstretch_row\u00a0\u00bb css=\u00a0\u00bb.vc_custom_1692985441183{padding-top: 35px !important;padding-bottom: 35px !important;}\u00a0\u00bb][vc_column width=\u00a0\u00bb1\/6&Prime;][\/vc_column][vc_column css_animation=\u00a0\u00bbfadeInUp\u00a0\u00bb width=\u00a0\u00bb4\/6&Prime;][vc_custom_heading text=\u00a0\u00bbSiamo qui per aiutare\u00a0\u00bb font_container=\u00a0\u00bbtag:h2|text_align:center|color:%230a0a0a\u00a0\u00bb use_theme_fonts=\u00a0\u00bbyes\u00a0\u00bb css=\u00a0\u00bb.vc_custom_1696543236626{margin-bottom: 0px !important;}\u00a0\u00bb][vc_column_text]<\/p>\n<p style=\"text-align: center;\">Hai domande? Il personale di vendita e di assistenza amichevole e competente di Thern \u00e8 pronto ad assistervi.<\/p>\n<p>[\/vc_column_text][vc_btn title=\u00a0\u00bbContattaci\u00a0\u00bb style=\u00a0\u00bbcustom\u00a0\u00bb custom_background=\u00a0\u00bb#c71a32&Prime; custom_text=\u00a0\u00bb#ffffff\u00a0\u00bb shape=\u00a0\u00bbsquare\u00a0\u00bb size=\u00a0\u00bblg\u00a0\u00bb align=\u00a0\u00bbcenter\u00a0\u00bb i_align=\u00a0\u00bbright\u00a0\u00bb i_icon_fontawesome=\u00a0\u00bbfas fa-angle-right\u00a0\u00bb add_icon=\u00a0\u00bbtrue\u00a0\u00bb link=\u00a0\u00bburl:%2Fit%2Fcontact%2F|title:Contact\u00a0\u00bb][\/vc_column][vc_column width=\u00a0\u00bb1\/6&Prime;][\/vc_column][\/vc_row]<\/p>\n<\/div>","protected":false},"excerpt":{"rendered":"<p>[vc_section full_width=\u00a0\u00bbstretch_row\u00a0\u00bb content_placement=\u00a0\u00bbmiddle\u00a0\u00bb css=\u00a0\u00bb.vc_custom_1692984542564{padding-top: 0px !important;background-image: url(https:\/\/thern.com\/wp-content\/uploads\/2023\/07\/Thern-Inc_About-Hero.jpg?id=343) !important;background-position: center !important;background-repeat: no-repeat !important;background-size: cover !important;}\u00a0\u00bb][vc_row full_width=\u00a0\u00bbstretch_row\u00a0\u00bb css=\u00a0\u00bb.vc_custom_1692983676181{padding-top: 50px !important;padding-bottom: 70px !important;background-color: rgba(0,0,0,0.5) !important;*background-color: rgb(0,0,0) !important;}\u00a0\u00bb][vc_column][vc_custom_heading text=\u00a0\u00bbTreuils pour \u00e9crans \u00e0 barres\u00a0\u00bb font_container=\u00a0\u00bbtag:h1|text_align:left|color:%23ffffff\u00a0\u00bb use_theme_fonts=\u00a0\u00bbyes\u00a0\u00bb css_animation=\u00a0\u00bbfadeInLeft\u00a0\u00bb][\/vc_column][\/vc_row][\/vc_section][vc_row equal_height=\u00a0\u00bbyes\u00a0\u00bb css=\u00a0\u00bb.vc_custom_1692984692373{padding-top: 65px !important;padding-bottom: 35px !important;}\u00a0\u00bb][vc_column css_animation=\u00a0\u00bbfadeInLeft\u00a0\u00bb width=\u00a0\u00bb1\/2&Prime;][vc_column_text]Ajustez la position des tamis et des filtres \u00e0 distance gr\u00e2ce \u00e0 des treuils \u00e0 barres &#8230; <a title=\"Bar Screen Winches\" class=\"read-more\" href=\"https:\/\/thern.com\/fr\/industries\/water-wastewater\/bar-screen-winches\/\" aria-label=\"More on Bar Screen Winches\">Read more<\/a><\/p>\n","protected":false},"author":1,"featured_media":0,"parent":32354,"menu_order":0,"comment_status":"closed","ping_status":"closed","template":"","meta":{"footnotes":""},"class_list":["post-31775","page","type-page","status-publish"],"yoast_head":"<!-- This site is optimized with the Yoast SEO plugin v27.4 - https:\/\/yoast.com\/product\/yoast-seo-wordpress\/ -->\n<title>Treuils \u00e0 tamis \u00e0 barres - \u00c9quipement de levage pour stations d&#039;\u00e9puration des eaux us\u00e9es | Thern\u00ae Winches &amp; Cranes<\/title>\n<meta name=\"description\" content=\"Les treuils \u00e0 tamis \u00e0 barres Thern sont la solution id\u00e9ale et fiable pour ajuster et positionner les tamis et les filtres dans les usines de traitement de l&#039;eau et des eaux us\u00e9es.\" \/>\n<meta name=\"robots\" content=\"index, follow, max-snippet:-1, max-image-preview:large, max-video-preview:-1\" \/>\n<link rel=\"canonical\" href=\"https:\/\/thern.com\/fr\/industries\/water-wastewater\/bar-screen-winches\/\" \/>\n<meta property=\"og:locale\" content=\"fr_FR\" \/>\n<meta property=\"og:type\" content=\"article\" \/>\n<meta property=\"og:title\" content=\"Treuils \u00e0 tamis \u00e0 barres - \u00c9quipement de levage pour stations d&#039;\u00e9puration des eaux us\u00e9es | Thern\u00ae Winches &amp; Cranes\" \/>\n<meta property=\"og:description\" content=\"Les treuils \u00e0 tamis \u00e0 barres Thern sont la solution id\u00e9ale et fiable pour ajuster et positionner les tamis et les filtres dans les usines de traitement de l&#039;eau et des eaux us\u00e9es.\" \/>\n<meta property=\"og:url\" content=\"https:\/\/thern.com\/fr\/industries\/water-wastewater\/bar-screen-winches\/\" \/>\n<meta property=\"og:site_name\" content=\"Thern\u00ae Winches &amp; Cranes\" \/>\n<meta property=\"article:publisher\" content=\"https:\/\/www.facebook.com\/ThernInc\/\" \/>\n<meta property=\"article:modified_time\" content=\"2023-10-05T22:32:23+00:00\" \/>\n<meta name=\"twitter:card\" content=\"summary_large_image\" \/>\n<meta name=\"twitter:label1\" content=\"Dur\u00e9e de lecture estim\u00e9e\" \/>\n\t<meta name=\"twitter:data1\" content=\"2 minutes\" \/>\n<script type=\"application\/ld+json\" class=\"yoast-schema-graph\">{\"@context\":\"https:\\\/\\\/schema.org\",\"@graph\":[{\"@type\":\"WebPage\",\"@id\":\"https:\\\/\\\/thern.com\\\/fr\\\/industries\\\/water-wastewater\\\/bar-screen-winches\\\/\",\"url\":\"https:\\\/\\\/thern.com\\\/fr\\\/industries\\\/water-wastewater\\\/bar-screen-winches\\\/\",\"name\":\"Treuils \u00e0 tamis \u00e0 barres - \u00c9quipement de levage pour stations d'\u00e9puration des eaux us\u00e9es | Thern\u00ae Winches &amp; Cranes\",\"isPartOf\":{\"@id\":\"https:\\\/\\\/thern.com\\\/fr\\\/#website\"},\"datePublished\":\"2023-08-25T17:36:56+00:00\",\"dateModified\":\"2023-10-05T22:32:23+00:00\",\"description\":\"Les treuils \u00e0 tamis \u00e0 barres Thern sont la solution id\u00e9ale et fiable pour ajuster et positionner les tamis et les filtres dans les usines de traitement de l'eau et des eaux us\u00e9es.\",\"breadcrumb\":{\"@id\":\"https:\\\/\\\/thern.com\\\/fr\\\/industries\\\/water-wastewater\\\/bar-screen-winches\\\/#breadcrumb\"},\"inLanguage\":\"fr-FR\",\"potentialAction\":[{\"@type\":\"ReadAction\",\"target\":[\"https:\\\/\\\/thern.com\\\/fr\\\/industries\\\/water-wastewater\\\/bar-screen-winches\\\/\"]}]},{\"@type\":\"BreadcrumbList\",\"@id\":\"https:\\\/\\\/thern.com\\\/fr\\\/industries\\\/water-wastewater\\\/bar-screen-winches\\\/#breadcrumb\",\"itemListElement\":[{\"@type\":\"ListItem\",\"position\":1,\"name\":\"Home\",\"item\":\"https:\\\/\\\/thern.com\\\/fr\\\/\"},{\"@type\":\"ListItem\",\"position\":2,\"name\":\"Industries\",\"item\":\"https:\\\/\\\/thern.com\\\/fr\\\/industries\\\/\"},{\"@type\":\"ListItem\",\"position\":3,\"name\":\"Water Wastewater\",\"item\":\"https:\\\/\\\/thern.com\\\/fr\\\/industries\\\/water-wastewater\\\/\"},{\"@type\":\"ListItem\",\"position\":4,\"name\":\"Bar Screen Winches\"}]},{\"@type\":\"WebSite\",\"@id\":\"https:\\\/\\\/thern.com\\\/fr\\\/#website\",\"url\":\"https:\\\/\\\/thern.com\\\/fr\\\/\",\"name\":\"Thern\u00ae Winches &amp; Cranes\",\"description\":\"Leave the Heavy Lifting to Us\",\"publisher\":{\"@id\":\"https:\\\/\\\/thern.com\\\/fr\\\/#organization\"},\"potentialAction\":[{\"@type\":\"SearchAction\",\"target\":{\"@type\":\"EntryPoint\",\"urlTemplate\":\"https:\\\/\\\/thern.com\\\/fr\\\/?s={search_term_string}\"},\"query-input\":{\"@type\":\"PropertyValueSpecification\",\"valueRequired\":true,\"valueName\":\"search_term_string\"}}],\"inLanguage\":\"fr-FR\"},{\"@type\":\"Organization\",\"@id\":\"https:\\\/\\\/thern.com\\\/fr\\\/#organization\",\"name\":\"Thern\u00ae Winches &amp; Cranes\",\"url\":\"https:\\\/\\\/thern.com\\\/fr\\\/\",\"logo\":{\"@type\":\"ImageObject\",\"inLanguage\":\"fr-FR\",\"@id\":\"https:\\\/\\\/thern.com\\\/fr\\\/#\\\/schema\\\/logo\\\/image\\\/\",\"url\":\"https:\\\/\\\/thern.com\\\/wp-content\\\/uploads\\\/2023\\\/11\\\/Logo_SaveForWeb-outline-FINAL-01.svg\",\"contentUrl\":\"https:\\\/\\\/thern.com\\\/wp-content\\\/uploads\\\/2023\\\/11\\\/Logo_SaveForWeb-outline-FINAL-01.svg\",\"caption\":\"Thern\u00ae Winches &amp; Cranes\"},\"image\":{\"@id\":\"https:\\\/\\\/thern.com\\\/fr\\\/#\\\/schema\\\/logo\\\/image\\\/\"},\"sameAs\":[\"https:\\\/\\\/www.facebook.com\\\/ThernInc\\\/\",\"https:\\\/\\\/www.linkedin.com\\\/company\\\/thern-inc-\\\/\",\"https:\\\/\\\/www.youtube.com\\\/user\\\/ThernStage\"]}]}<\/script>\n<!-- \/ Yoast SEO plugin. -->","yoast_head_json":{"title":"Treuils \u00e0 tamis \u00e0 barres - \u00c9quipement de levage pour stations d'\u00e9puration des eaux us\u00e9es | Thern\u00ae Winches &amp; Cranes","description":"Les treuils \u00e0 tamis \u00e0 barres Thern sont la solution id\u00e9ale et fiable pour ajuster et positionner les tamis et les filtres dans les usines de traitement de l'eau et des eaux us\u00e9es.","robots":{"index":"index","follow":"follow","max-snippet":"max-snippet:-1","max-image-preview":"max-image-preview:large","max-video-preview":"max-video-preview:-1"},"canonical":"https:\/\/thern.com\/fr\/industries\/water-wastewater\/bar-screen-winches\/","og_locale":"fr_FR","og_type":"article","og_title":"Treuils \u00e0 tamis \u00e0 barres - \u00c9quipement de levage pour stations d'\u00e9puration des eaux us\u00e9es | Thern\u00ae Winches &amp; Cranes","og_description":"Les treuils \u00e0 tamis \u00e0 barres Thern sont la solution id\u00e9ale et fiable pour ajuster et positionner les tamis et les filtres dans les usines de traitement de l'eau et des eaux us\u00e9es.","og_url":"https:\/\/thern.com\/fr\/industries\/water-wastewater\/bar-screen-winches\/","og_site_name":"Thern\u00ae Winches &amp; Cranes","article_publisher":"https:\/\/www.facebook.com\/ThernInc\/","article_modified_time":"2023-10-05T22:32:23+00:00","twitter_card":"summary_large_image","twitter_misc":{"Dur\u00e9e de lecture estim\u00e9e":"2 minutes"},"schema":{"@context":"https:\/\/schema.org","@graph":[{"@type":"WebPage","@id":"https:\/\/thern.com\/fr\/industries\/water-wastewater\/bar-screen-winches\/","url":"https:\/\/thern.com\/fr\/industries\/water-wastewater\/bar-screen-winches\/","name":"Treuils \u00e0 tamis \u00e0 barres - \u00c9quipement de levage pour stations d'\u00e9puration des eaux us\u00e9es | Thern\u00ae Winches &amp; Cranes","isPartOf":{"@id":"https:\/\/thern.com\/fr\/#website"},"datePublished":"2023-08-25T17:36:56+00:00","dateModified":"2023-10-05T22:32:23+00:00","description":"Les treuils \u00e0 tamis \u00e0 barres Thern sont la solution id\u00e9ale et fiable pour ajuster et positionner les tamis et les filtres dans les usines de traitement de l'eau et des eaux us\u00e9es.","breadcrumb":{"@id":"https:\/\/thern.com\/fr\/industries\/water-wastewater\/bar-screen-winches\/#breadcrumb"},"inLanguage":"fr-FR","potentialAction":[{"@type":"ReadAction","target":["https:\/\/thern.com\/fr\/industries\/water-wastewater\/bar-screen-winches\/"]}]},{"@type":"BreadcrumbList","@id":"https:\/\/thern.com\/fr\/industries\/water-wastewater\/bar-screen-winches\/#breadcrumb","itemListElement":[{"@type":"ListItem","position":1,"name":"Home","item":"https:\/\/thern.com\/fr\/"},{"@type":"ListItem","position":2,"name":"Industries","item":"https:\/\/thern.com\/fr\/industries\/"},{"@type":"ListItem","position":3,"name":"Water Wastewater","item":"https:\/\/thern.com\/fr\/industries\/water-wastewater\/"},{"@type":"ListItem","position":4,"name":"Bar Screen Winches"}]},{"@type":"WebSite","@id":"https:\/\/thern.com\/fr\/#website","url":"https:\/\/thern.com\/fr\/","name":"Thern\u00ae Winches &amp; Cranes","description":"Leave the Heavy Lifting to Us","publisher":{"@id":"https:\/\/thern.com\/fr\/#organization"},"potentialAction":[{"@type":"SearchAction","target":{"@type":"EntryPoint","urlTemplate":"https:\/\/thern.com\/fr\/?s={search_term_string}"},"query-input":{"@type":"PropertyValueSpecification","valueRequired":true,"valueName":"search_term_string"}}],"inLanguage":"fr-FR"},{"@type":"Organization","@id":"https:\/\/thern.com\/fr\/#organization","name":"Thern\u00ae Winches &amp; Cranes","url":"https:\/\/thern.com\/fr\/","logo":{"@type":"ImageObject","inLanguage":"fr-FR","@id":"https:\/\/thern.com\/fr\/#\/schema\/logo\/image\/","url":"https:\/\/thern.com\/wp-content\/uploads\/2023\/11\/Logo_SaveForWeb-outline-FINAL-01.svg","contentUrl":"https:\/\/thern.com\/wp-content\/uploads\/2023\/11\/Logo_SaveForWeb-outline-FINAL-01.svg","caption":"Thern\u00ae Winches &amp; Cranes"},"image":{"@id":"https:\/\/thern.com\/fr\/#\/schema\/logo\/image\/"},"sameAs":["https:\/\/www.facebook.com\/ThernInc\/","https:\/\/www.linkedin.com\/company\/thern-inc-\/","https:\/\/www.youtube.com\/user\/ThernStage"]}]}},"_links":{"self":[{"href":"https:\/\/thern.com\/fr\/wp-json\/wp\/v2\/pages\/31775","targetHints":{"allow":["GET"]}}],"collection":[{"href":"https:\/\/thern.com\/fr\/wp-json\/wp\/v2\/pages"}],"about":[{"href":"https:\/\/thern.com\/fr\/wp-json\/wp\/v2\/types\/page"}],"author":[{"embeddable":true,"href":"https:\/\/thern.com\/fr\/wp-json\/wp\/v2\/users\/1"}],"replies":[{"embeddable":true,"href":"https:\/\/thern.com\/fr\/wp-json\/wp\/v2\/comments?post=31775"}],"version-history":[{"count":0,"href":"https:\/\/thern.com\/fr\/wp-json\/wp\/v2\/pages\/31775\/revisions"}],"up":[{"embeddable":true,"href":"https:\/\/thern.com\/fr\/wp-json\/wp\/v2\/pages\/32354"}],"wp:attachment":[{"href":"https:\/\/thern.com\/fr\/wp-json\/wp\/v2\/media?parent=31775"}],"curies":[{"name":"wp","href":"https:\/\/api.w.org\/{rel}","templated":true}]}}