{"id":31732,"date":"2023-08-25T17:17:13","date_gmt":"2023-08-25T17:17:13","guid":{"rendered":"https:\/\/therninc.wpenginepowered.com\/pump-hoists\/"},"modified":"2023-10-05T22:21:09","modified_gmt":"2023-10-05T22:21:09","slug":"pump-hoists","status":"publish","type":"page","link":"https:\/\/thern.com\/fr\/industries\/water-wastewater\/pump-hoists\/","title":{"rendered":"Pump Hoists"},"content":{"rendered":"<div class=\"wpb-content-wrapper\"><p>[vc_section full_width=\u00a0\u00bbstretch_row\u00a0\u00bb content_placement=\u00a0\u00bbmiddle\u00a0\u00bb css=\u00a0\u00bb.vc_custom_1692983716171{padding-top: 0px !important;background: #dddddd url(https:\/\/thern.com\/wp-content\/uploads\/2023\/07\/Thern-Inc_About-Hero.jpg?id=343) !important;background-position: center !important;background-repeat: no-repeat !important;background-size: cover !important;}\u00a0\u00bb][vc_row full_width=\u00a0\u00bbstretch_row\u00a0\u00bb css=\u00a0\u00bb.vc_custom_1692983676181{padding-top: 50px !important;padding-bottom: 70px !important;background-color: rgba(0,0,0,0.5) !important;*background-color: rgb(0,0,0) !important;}\u00a0\u00bb][vc_column][vc_custom_heading text=\u00a0\u00bbPalans \u00e0 pompe\u00a0\u00bb font_container=\u00a0\u00bbtag:h1|text_align:left|color:%23ffffff\u00a0\u00bb use_theme_fonts=\u00a0\u00bbyes\u00a0\u00bb css_animation=\u00a0\u00bbfadeInLeft\u00a0\u00bb][\/vc_column][\/vc_row][\/vc_section][vc_row full_width=\u00a0\u00bbstretch_row\u00a0\u00bb equal_height=\u00a0\u00bbyes\u00a0\u00bb css=\u00a0\u00bb.vc_custom_1692985496191{padding-top: 65px !important;padding-bottom: 35px !important;}\u00a0\u00bb][vc_column css_animation=\u00a0\u00bbfadeInLeft\u00a0\u00bb width=\u00a0\u00bb1\/2&Prime;][vc_custom_heading text=\u00a0\u00bbQuelle grue est la meilleure pour soulever ma pompe \u00e0 eau\/eaux us\u00e9es ?\u00a0\u00bb font_container=\u00a0\u00bbtag:h4|text_align:left|color:%23900000&Prime; use_theme_fonts=\u00a0\u00bbyes\u00a0\u00bb][vc_column_text]La meilleure grue pour soulever une pompe \u00e0 eau\/eaux us\u00e9es est une grue \u00e0 bossoir, car elle est durable et conviviale, permettant un retrait et une installation s\u00fbrs et efficaces de l&rsquo;\u00e9quipement. Les grues \u00e0 bossoir peuvent \u00eatre modifi\u00e9es et adapt\u00e9es aux op\u00e9rations sp\u00e9cifiques des usines d&rsquo;eau\/eaux us\u00e9es si n\u00e9cessaire, ce qui en fait le meilleur choix pour soulever, abaisser et d\u00e9placer des pompes par rapport \u00e0 d&rsquo;autres palans pour pompes d&rsquo;eau\/eaux us\u00e9es ou des substituts temporaires.<\/p>\n<p>En tant que choix privil\u00e9gi\u00e9 parmi les installations de traitement des eaux us\u00e9es, les palans \u00e0 pompe sp\u00e9cialis\u00e9s de Thern sont \u00e9quip\u00e9s de grues \u00e0 bossoir portables ou fixes configur\u00e9es avec des treuils manuels ou \u00e9lectriques. Les treuils manuels offrent une solution de levage efficace lorsqu&rsquo;aucune source d&rsquo;\u00e9nergie n&rsquo;est disponible. Lorsqu&rsquo;il y a de l&rsquo;\u00e9nergie disponible, Thern propose un fonctionnement en courant alternatif, continu, pneumatique ou hydraulique pour soulever rapidement les pompes \u00e0 des fins d&rsquo;entretien ou de r\u00e9paration. Les grues \u00e0 bossoir portables sont faciles \u00e0 transporter et rapidement install\u00e9es aux stations de levage\u00a0; cependant, si votre chantier n\u00e9cessite une port\u00e9e plus longue, une grue \u00e0 bossoir stationnaire est un choix id\u00e9al. D\u00e9couvrez ci-dessous nos questions les plus fr\u00e9quemment pos\u00e9es et les r\u00e9ponses correspondantes. Nous sommes l\u00e0 pour vous aider, alors contactez-nous pour entamer une conversation\u00a0![\/vc_column_text][vc_btn title=\u00a0\u00bbRetour aux secteurs\u00a0\u00bb style=\u00a0\u00bbcustom\u00a0\u00bb custom_background=\u00a0\u00bb#c71a32&Prime; custom_text=\u00a0\u00bb#ffffff\u00a0\u00bb shape=\u00a0\u00bbsquare\u00a0\u00bb size=\u00a0\u00bblg\u00a0\u00bb align=\u00a0\u00bbleft\u00a0\u00bb i_icon_fontawesome=\u00a0\u00bbfas fa-angle-left\u00a0\u00bb add_icon=\u00a0\u00bbtrue\u00a0\u00bb link=\u00a0\u00bburl:%2Ffr%2Findustries%2F|title:Return%20to%20Industries\u00a0\u00bb][\/vc_column][vc_column css_animation=\u00a0\u00bbfadeInRight\u00a0\u00bb width=\u00a0\u00bb1\/2&Prime;][vc_single_image image=\u00a0\u00bb23373&Prime; img_size=\u00a0\u00bbfull\u00a0\u00bb][\/vc_column][\/vc_row][vc_row full_width=\u00a0\u00bbstretch_row\u00a0\u00bb css=\u00a0\u00bb.vc_custom_1692985479997{padding-top: 35px !important;padding-bottom: 35px !important;background-color: #efefef !important;}\u00a0\u00bb][vc_column css_animation=\u00a0\u00bbfadeInLeft\u00a0\u00bb width=\u00a0\u00bb1\/6&Prime;][vc_single_image image=\u00a0\u00bb23379&Prime; img_size=\u00a0\u00bbfull\u00a0\u00bb alignment=\u00a0\u00bbcenter\u00a0\u00bb][\/vc_column][vc_column css_animation=\u00a0\u00bbfadeInUp\u00a0\u00bb width=\u00a0\u00bb2\/3&Prime;][vc_custom_heading text=\u00a0\u00bbFAQ sur les palans \u00e0 pompe\u00a0\u00bb font_container=\u00a0\u00bbtag:h4|text_align:center|color:%23900000&Prime; use_theme_fonts=\u00a0\u00bbyes\u00a0\u00bb][vc_tta_accordion][vc_tta_section title=\u00a0\u00bbWhat crane is best for me to lift my water\/wastewater pump that weighs under 1,000 lbs?\u00a0\u00bb tab_id=\u00a0\u00bb1692984126546-6564ddb6-82dd\u00a0\u00bb][vc_column_text]Our First Mate, Ensign 500, and Commander 500 portable davit cranes with capacities of 500\u2013850 lbs are recommended for lifts under 1,000 lbs. Each of these models will provide users with features such as extra hook height, streamlined set-up\/disassembly, ergonomic operation, and more. Contact us for product suggestions that are customized to your unique requirements, technical specifications, and facility design.[\/vc_column_text][\/vc_tta_section][vc_tta_section title=\u00a0\u00bbWhat crane is best for me to lift my water\/wastewater pump that weighs over 1,000 lbs?\u00a0\u00bb tab_id=\u00a0\u00bb1692984179205-9de5cb33-02bb\u00a0\u00bb][vc_column_text]Our Ensign 1000, Commander 1000, and Commander 2000 portable davit cranes with capacities of 1,200\u20132,000 lbs are recommended for lifts over 1,000 lbs. Depending on the model, the cranes offer varying features such as multiple boom lengths\/angles, streamlined set-up\/disassembly, ergonomic operation, and more. Contact us for product suggestions that are customized to your unique requirements, technical specifications, and facility design.[\/vc_column_text][\/vc_tta_section][vc_tta_section title=\u00a0\u00bbWhat crane is best for me to lift my water\/wastewater pump that weighs over 2,000 lbs?\u00a0\u00bb tab_id=\u00a0\u00bb1692984195864-17c16340-135a\u00a0\u00bb][vc_column_text]For pump lifts of up to 3,000 lbs, our stationary Captain 2000, Captain 2500, and Admiral 3000 cranes are an ideal solution. Each of these models will provide users with features such as extended boom lengths, 360\u00b0 rotation, a quick-disconnect anchor, and more. Contact us for product suggestions that are customized to your unique requirements, technical specifications, and facility design.[\/vc_column_text][\/vc_tta_section][vc_tta_section title=\u00a0\u00bbI work at a small water\/wastewater facility, so which cranes provide the most economical solution for a lighter load?\u00a0\u00bb tab_id=\u00a0\u00bb1692984217880-cefba368-3b0e\u00a0\u00bb][vc_column_text]Our First Mate portable davit crane is affordable, lightweight, and perfect for a wide variety of simple jobs, up to 850 lbs, where adjustable reach is not required. Other economical options to lift a lighter load include our Ensign 500 and Commander 500 portable davit cranes with capacities of 500 lbs and 650 lbs, respectively. The Ensign 500 is specially designed for clearance, lift height, and ergonomic operation, while the Commander 500 is a popular lightweight model with an adjustable boom that\u2019s ideal for smaller loads. Contact us for product suggestions that are customized to your unique requirements, technical specifications, and facility design.[\/vc_column_text][\/vc_tta_section][vc_tta_section title=\u00a0\u00bbI work at a large water\/wastewater facility, so which cranes provide the most effective and cost-saving solution for lifting numerous pumps?\u00a0\u00bb tab_id=\u00a0\u00bb1692984230458-b4a6e878-478c\u00a0\u00bb][vc_column_text]Since this can be a complicated question that requires a more in-depth conversation, we encourage you to contact us directly. Depending on your situation, you may benefit from buying many bases and fewer cranes to meet your project goals and budget. Larger cranes may also be ideal based on the sizes of the pumps.[\/vc_column_text][\/vc_tta_section][vc_tta_section title=\u00a0\u00bbWhat cranes can effectively lift duplex or triplex pumps?\u00a0\u00bb tab_id=\u00a0\u00bb1692984245101-6ed28c45-d8a2&Prime;][vc_column_text]Start a conversation with us to discuss base placement and the reach required to lift each pump. We can provide product suggestions that are customized to your unique requirements, technical specifications, and facility design.[\/vc_column_text][\/vc_tta_section][vc_tta_section title=\u00a0\u00bbWhich cranes can be easily transported for quick set up at lift stations?\u00a0\u00bb tab_id=\u00a0\u00bb1692984259113-9bb2546a-9b51&Prime;][vc_column_text]Thern\u2019s entire collection of portable davit cranes offer easy assembly and quick disassembly for effortless transport from base to base or storage. Contact us for product suggestions that are customized to your unique requirements, technical specifications, and facility design.[\/vc_column_text][\/vc_tta_section][vc_tta_section title=\u00a0\u00bbDo you have cranes that feature extended booms and hook heights to accommodate lifts over tall railings or obstructions?\u00a0\u00bb tab_id=\u00a0\u00bb1692984275133-59ffbb8d-4cec\u00a0\u00bb][vc_column_text]Our economical Ensign 500 and Ensign 1000 portable davit cranes are specially designed for clearance, lift height, and ergonomic operation. Our Commander series also offers maximum flexibility with multiple boom lengths and angles to choose from. An optional base extension is available to provide additional hook height without affecting the rating of the crane for our First Mate and Commander Series. Contact us for product suggestions that are customized to your unique requirements, technical specifications, and facility design.[\/vc_column_text][\/vc_tta_section][\/vc_tta_accordion][\/vc_column][vc_column css_animation=\u00a0\u00bbfadeInRight\u00a0\u00bb width=\u00a0\u00bb1\/6&Prime;][vc_single_image image=\u00a0\u00bb23380&Prime; img_size=\u00a0\u00bbfull\u00a0\u00bb alignment=\u00a0\u00bbcenter\u00a0\u00bb][\/vc_column][\/vc_row][vc_row full_width=\u00a0\u00bbstretch_row\u00a0\u00bb css=\u00a0\u00bb.vc_custom_1692985441183{padding-top: 35px !important;padding-bottom: 35px !important;}\u00a0\u00bb][vc_column width=\u00a0\u00bb1\/6&Prime;][\/vc_column][vc_column css_animation=\u00a0\u00bbfadeInUp\u00a0\u00bb width=\u00a0\u00bb4\/6&Prime;][vc_custom_heading text=\u00a0\u00bbSiamo qui per aiutare\u00a0\u00bb font_container=\u00a0\u00bbtag:h2|text_align:center|color:%230a0a0a\u00a0\u00bb use_theme_fonts=\u00a0\u00bbyes\u00a0\u00bb css=\u00a0\u00bb.vc_custom_1696543236626{margin-bottom: 0px !important;}\u00a0\u00bb][vc_column_text]<\/p>\n<p style=\"text-align: center;\">Hai domande? Il personale di vendita e di assistenza amichevole e competente di Thern \u00e8 pronto ad assistervi.<\/p>\n<p>[\/vc_column_text][vc_btn title=\u00a0\u00bbContattaci\u00a0\u00bb style=\u00a0\u00bbcustom\u00a0\u00bb custom_background=\u00a0\u00bb#c71a32&Prime; custom_text=\u00a0\u00bb#ffffff\u00a0\u00bb shape=\u00a0\u00bbsquare\u00a0\u00bb size=\u00a0\u00bblg\u00a0\u00bb align=\u00a0\u00bbcenter\u00a0\u00bb i_align=\u00a0\u00bbright\u00a0\u00bb i_icon_fontawesome=\u00a0\u00bbfas fa-angle-right\u00a0\u00bb add_icon=\u00a0\u00bbtrue\u00a0\u00bb link=\u00a0\u00bburl:%2Fit%2Fcontact%2F|title:Contact\u00a0\u00bb][\/vc_column][vc_column width=\u00a0\u00bb1\/6&Prime;][\/vc_column][\/vc_row]<\/p>\n<\/div>","protected":false},"excerpt":{"rendered":"<p>[vc_section full_width=\u00a0\u00bbstretch_row\u00a0\u00bb content_placement=\u00a0\u00bbmiddle\u00a0\u00bb css=\u00a0\u00bb.vc_custom_1692983716171{padding-top: 0px !important;background: #dddddd url(https:\/\/thern.com\/wp-content\/uploads\/2023\/07\/Thern-Inc_About-Hero.jpg?id=343) !important;background-position: center !important;background-repeat: no-repeat !important;background-size: cover !important;}\u00a0\u00bb][vc_row full_width=\u00a0\u00bbstretch_row\u00a0\u00bb css=\u00a0\u00bb.vc_custom_1692983676181{padding-top: 50px !important;padding-bottom: 70px !important;background-color: rgba(0,0,0,0.5) !important;*background-color: rgb(0,0,0) !important;}\u00a0\u00bb][vc_column][vc_custom_heading text=\u00a0\u00bbPalans \u00e0 pompe\u00a0\u00bb font_container=\u00a0\u00bbtag:h1|text_align:left|color:%23ffffff\u00a0\u00bb use_theme_fonts=\u00a0\u00bbyes\u00a0\u00bb css_animation=\u00a0\u00bbfadeInLeft\u00a0\u00bb][\/vc_column][\/vc_row][\/vc_section][vc_row full_width=\u00a0\u00bbstretch_row\u00a0\u00bb equal_height=\u00a0\u00bbyes\u00a0\u00bb css=\u00a0\u00bb.vc_custom_1692985496191{padding-top: 65px !important;padding-bottom: 35px !important;}\u00a0\u00bb][vc_column css_animation=\u00a0\u00bbfadeInLeft\u00a0\u00bb width=\u00a0\u00bb1\/2&Prime;][vc_custom_heading text=\u00a0\u00bbQuelle grue est la meilleure pour soulever ma pompe \u00e0 eau\/eaux us\u00e9es ?\u00a0\u00bb font_container=\u00a0\u00bbtag:h4|text_align:left|color:%23900000&Prime; use_theme_fonts=\u00a0\u00bbyes\u00a0\u00bb][vc_column_text]La &#8230; <a title=\"Pump Hoists\" class=\"read-more\" href=\"https:\/\/thern.com\/fr\/industries\/water-wastewater\/pump-hoists\/\" aria-label=\"More on Pump Hoists\">Read more<\/a><\/p>\n","protected":false},"author":1,"featured_media":0,"parent":32354,"menu_order":0,"comment_status":"closed","ping_status":"closed","template":"","meta":{"footnotes":""},"class_list":["post-31732","page","type-page","status-publish"],"yoast_head":"<!-- This site is optimized with the Yoast SEO plugin v27.4 - https:\/\/yoast.com\/product\/yoast-seo-wordpress\/ -->\n<title>Pompe \u00e0 eau\/eaux us\u00e9es | Thern\u00ae Winches &amp; Cranes<\/title>\n<meta name=\"description\" content=\"Quelle grue est la meilleure pour soulever une pompe \u00e0 eau\/eaux us\u00e9es\u00a0? Une grue \u00e0 bossoir parce qu&#039;elle est durable, conviviale et peut \u00eatre personnalis\u00e9e pour n&#039;importe quelle application.\" \/>\n<meta name=\"robots\" content=\"index, follow, max-snippet:-1, max-image-preview:large, max-video-preview:-1\" \/>\n<link rel=\"canonical\" href=\"https:\/\/thern.com\/fr\/industries\/water-wastewater\/pump-hoists\/\" \/>\n<meta property=\"og:locale\" content=\"fr_FR\" \/>\n<meta property=\"og:type\" content=\"article\" \/>\n<meta property=\"og:title\" content=\"Pompe \u00e0 eau\/eaux us\u00e9es | Thern\u00ae Winches &amp; Cranes\" \/>\n<meta property=\"og:description\" content=\"Quelle grue est la meilleure pour soulever une pompe \u00e0 eau\/eaux us\u00e9es\u00a0? Une grue \u00e0 bossoir parce qu&#039;elle est durable, conviviale et peut \u00eatre personnalis\u00e9e pour n&#039;importe quelle application.\" \/>\n<meta property=\"og:url\" content=\"https:\/\/thern.com\/fr\/industries\/water-wastewater\/pump-hoists\/\" \/>\n<meta property=\"og:site_name\" content=\"Thern\u00ae Winches &amp; Cranes\" \/>\n<meta property=\"article:publisher\" content=\"https:\/\/www.facebook.com\/ThernInc\/\" \/>\n<meta property=\"article:modified_time\" content=\"2023-10-05T22:21:09+00:00\" \/>\n<meta name=\"twitter:card\" content=\"summary_large_image\" \/>\n<meta name=\"twitter:label1\" content=\"Dur\u00e9e de lecture estim\u00e9e\" \/>\n\t<meta name=\"twitter:data1\" content=\"5 minutes\" \/>\n<script type=\"application\/ld+json\" class=\"yoast-schema-graph\">{\"@context\":\"https:\\\/\\\/schema.org\",\"@graph\":[{\"@type\":\"WebPage\",\"@id\":\"https:\\\/\\\/thern.com\\\/fr\\\/industries\\\/water-wastewater\\\/pump-hoists\\\/\",\"url\":\"https:\\\/\\\/thern.com\\\/fr\\\/industries\\\/water-wastewater\\\/pump-hoists\\\/\",\"name\":\"Pompe \u00e0 eau\\\/eaux us\u00e9es | Thern\u00ae Winches &amp; Cranes\",\"isPartOf\":{\"@id\":\"https:\\\/\\\/thern.com\\\/fr\\\/#website\"},\"datePublished\":\"2023-08-25T17:17:13+00:00\",\"dateModified\":\"2023-10-05T22:21:09+00:00\",\"description\":\"Quelle grue est la meilleure pour soulever une pompe \u00e0 eau\\\/eaux us\u00e9es\u00a0? Une grue \u00e0 bossoir parce qu'elle est durable, conviviale et peut \u00eatre personnalis\u00e9e pour n'importe quelle application.\",\"breadcrumb\":{\"@id\":\"https:\\\/\\\/thern.com\\\/fr\\\/industries\\\/water-wastewater\\\/pump-hoists\\\/#breadcrumb\"},\"inLanguage\":\"fr-FR\",\"potentialAction\":[{\"@type\":\"ReadAction\",\"target\":[\"https:\\\/\\\/thern.com\\\/fr\\\/industries\\\/water-wastewater\\\/pump-hoists\\\/\"]}]},{\"@type\":\"BreadcrumbList\",\"@id\":\"https:\\\/\\\/thern.com\\\/fr\\\/industries\\\/water-wastewater\\\/pump-hoists\\\/#breadcrumb\",\"itemListElement\":[{\"@type\":\"ListItem\",\"position\":1,\"name\":\"Home\",\"item\":\"https:\\\/\\\/thern.com\\\/fr\\\/\"},{\"@type\":\"ListItem\",\"position\":2,\"name\":\"Industries\",\"item\":\"https:\\\/\\\/thern.com\\\/fr\\\/industries\\\/\"},{\"@type\":\"ListItem\",\"position\":3,\"name\":\"Water Wastewater\",\"item\":\"https:\\\/\\\/thern.com\\\/fr\\\/industries\\\/water-wastewater\\\/\"},{\"@type\":\"ListItem\",\"position\":4,\"name\":\"Pump Hoists\"}]},{\"@type\":\"WebSite\",\"@id\":\"https:\\\/\\\/thern.com\\\/fr\\\/#website\",\"url\":\"https:\\\/\\\/thern.com\\\/fr\\\/\",\"name\":\"Thern\u00ae Winches &amp; Cranes\",\"description\":\"Leave the Heavy Lifting to Us\",\"publisher\":{\"@id\":\"https:\\\/\\\/thern.com\\\/fr\\\/#organization\"},\"potentialAction\":[{\"@type\":\"SearchAction\",\"target\":{\"@type\":\"EntryPoint\",\"urlTemplate\":\"https:\\\/\\\/thern.com\\\/fr\\\/?s={search_term_string}\"},\"query-input\":{\"@type\":\"PropertyValueSpecification\",\"valueRequired\":true,\"valueName\":\"search_term_string\"}}],\"inLanguage\":\"fr-FR\"},{\"@type\":\"Organization\",\"@id\":\"https:\\\/\\\/thern.com\\\/fr\\\/#organization\",\"name\":\"Thern\u00ae Winches &amp; Cranes\",\"url\":\"https:\\\/\\\/thern.com\\\/fr\\\/\",\"logo\":{\"@type\":\"ImageObject\",\"inLanguage\":\"fr-FR\",\"@id\":\"https:\\\/\\\/thern.com\\\/fr\\\/#\\\/schema\\\/logo\\\/image\\\/\",\"url\":\"https:\\\/\\\/thern.com\\\/wp-content\\\/uploads\\\/2023\\\/11\\\/Logo_SaveForWeb-outline-FINAL-01.svg\",\"contentUrl\":\"https:\\\/\\\/thern.com\\\/wp-content\\\/uploads\\\/2023\\\/11\\\/Logo_SaveForWeb-outline-FINAL-01.svg\",\"caption\":\"Thern\u00ae Winches &amp; Cranes\"},\"image\":{\"@id\":\"https:\\\/\\\/thern.com\\\/fr\\\/#\\\/schema\\\/logo\\\/image\\\/\"},\"sameAs\":[\"https:\\\/\\\/www.facebook.com\\\/ThernInc\\\/\",\"https:\\\/\\\/www.linkedin.com\\\/company\\\/thern-inc-\\\/\",\"https:\\\/\\\/www.youtube.com\\\/user\\\/ThernStage\"]}]}<\/script>\n<!-- \/ Yoast SEO plugin. -->","yoast_head_json":{"title":"Pompe \u00e0 eau\/eaux us\u00e9es | Thern\u00ae Winches &amp; Cranes","description":"Quelle grue est la meilleure pour soulever une pompe \u00e0 eau\/eaux us\u00e9es\u00a0? Une grue \u00e0 bossoir parce qu'elle est durable, conviviale et peut \u00eatre personnalis\u00e9e pour n'importe quelle application.","robots":{"index":"index","follow":"follow","max-snippet":"max-snippet:-1","max-image-preview":"max-image-preview:large","max-video-preview":"max-video-preview:-1"},"canonical":"https:\/\/thern.com\/fr\/industries\/water-wastewater\/pump-hoists\/","og_locale":"fr_FR","og_type":"article","og_title":"Pompe \u00e0 eau\/eaux us\u00e9es | Thern\u00ae Winches &amp; Cranes","og_description":"Quelle grue est la meilleure pour soulever une pompe \u00e0 eau\/eaux us\u00e9es\u00a0? Une grue \u00e0 bossoir parce qu'elle est durable, conviviale et peut \u00eatre personnalis\u00e9e pour n'importe quelle application.","og_url":"https:\/\/thern.com\/fr\/industries\/water-wastewater\/pump-hoists\/","og_site_name":"Thern\u00ae Winches &amp; Cranes","article_publisher":"https:\/\/www.facebook.com\/ThernInc\/","article_modified_time":"2023-10-05T22:21:09+00:00","twitter_card":"summary_large_image","twitter_misc":{"Dur\u00e9e de lecture estim\u00e9e":"5 minutes"},"schema":{"@context":"https:\/\/schema.org","@graph":[{"@type":"WebPage","@id":"https:\/\/thern.com\/fr\/industries\/water-wastewater\/pump-hoists\/","url":"https:\/\/thern.com\/fr\/industries\/water-wastewater\/pump-hoists\/","name":"Pompe \u00e0 eau\/eaux us\u00e9es | Thern\u00ae Winches &amp; Cranes","isPartOf":{"@id":"https:\/\/thern.com\/fr\/#website"},"datePublished":"2023-08-25T17:17:13+00:00","dateModified":"2023-10-05T22:21:09+00:00","description":"Quelle grue est la meilleure pour soulever une pompe \u00e0 eau\/eaux us\u00e9es\u00a0? Une grue \u00e0 bossoir parce qu'elle est durable, conviviale et peut \u00eatre personnalis\u00e9e pour n'importe quelle application.","breadcrumb":{"@id":"https:\/\/thern.com\/fr\/industries\/water-wastewater\/pump-hoists\/#breadcrumb"},"inLanguage":"fr-FR","potentialAction":[{"@type":"ReadAction","target":["https:\/\/thern.com\/fr\/industries\/water-wastewater\/pump-hoists\/"]}]},{"@type":"BreadcrumbList","@id":"https:\/\/thern.com\/fr\/industries\/water-wastewater\/pump-hoists\/#breadcrumb","itemListElement":[{"@type":"ListItem","position":1,"name":"Home","item":"https:\/\/thern.com\/fr\/"},{"@type":"ListItem","position":2,"name":"Industries","item":"https:\/\/thern.com\/fr\/industries\/"},{"@type":"ListItem","position":3,"name":"Water Wastewater","item":"https:\/\/thern.com\/fr\/industries\/water-wastewater\/"},{"@type":"ListItem","position":4,"name":"Pump Hoists"}]},{"@type":"WebSite","@id":"https:\/\/thern.com\/fr\/#website","url":"https:\/\/thern.com\/fr\/","name":"Thern\u00ae Winches &amp; Cranes","description":"Leave the Heavy Lifting to Us","publisher":{"@id":"https:\/\/thern.com\/fr\/#organization"},"potentialAction":[{"@type":"SearchAction","target":{"@type":"EntryPoint","urlTemplate":"https:\/\/thern.com\/fr\/?s={search_term_string}"},"query-input":{"@type":"PropertyValueSpecification","valueRequired":true,"valueName":"search_term_string"}}],"inLanguage":"fr-FR"},{"@type":"Organization","@id":"https:\/\/thern.com\/fr\/#organization","name":"Thern\u00ae Winches &amp; Cranes","url":"https:\/\/thern.com\/fr\/","logo":{"@type":"ImageObject","inLanguage":"fr-FR","@id":"https:\/\/thern.com\/fr\/#\/schema\/logo\/image\/","url":"https:\/\/thern.com\/wp-content\/uploads\/2023\/11\/Logo_SaveForWeb-outline-FINAL-01.svg","contentUrl":"https:\/\/thern.com\/wp-content\/uploads\/2023\/11\/Logo_SaveForWeb-outline-FINAL-01.svg","caption":"Thern\u00ae Winches &amp; Cranes"},"image":{"@id":"https:\/\/thern.com\/fr\/#\/schema\/logo\/image\/"},"sameAs":["https:\/\/www.facebook.com\/ThernInc\/","https:\/\/www.linkedin.com\/company\/thern-inc-\/","https:\/\/www.youtube.com\/user\/ThernStage"]}]}},"_links":{"self":[{"href":"https:\/\/thern.com\/fr\/wp-json\/wp\/v2\/pages\/31732","targetHints":{"allow":["GET"]}}],"collection":[{"href":"https:\/\/thern.com\/fr\/wp-json\/wp\/v2\/pages"}],"about":[{"href":"https:\/\/thern.com\/fr\/wp-json\/wp\/v2\/types\/page"}],"author":[{"embeddable":true,"href":"https:\/\/thern.com\/fr\/wp-json\/wp\/v2\/users\/1"}],"replies":[{"embeddable":true,"href":"https:\/\/thern.com\/fr\/wp-json\/wp\/v2\/comments?post=31732"}],"version-history":[{"count":0,"href":"https:\/\/thern.com\/fr\/wp-json\/wp\/v2\/pages\/31732\/revisions"}],"up":[{"embeddable":true,"href":"https:\/\/thern.com\/fr\/wp-json\/wp\/v2\/pages\/32354"}],"wp:attachment":[{"href":"https:\/\/thern.com\/fr\/wp-json\/wp\/v2\/media?parent=31732"}],"curies":[{"name":"wp","href":"https:\/\/api.w.org\/{rel}","templated":true}]}}