{"id":31714,"date":"2023-08-17T14:39:48","date_gmt":"2023-08-17T14:39:48","guid":{"rendered":"https:\/\/therninc.wpenginepowered.com\/ropes-and-rigging\/vertical-lead-block\/"},"modified":"2023-10-05T19:59:51","modified_gmt":"2023-10-05T19:59:51","slug":"vertical-lead-block","status":"publish","type":"page","link":"https:\/\/thern.com\/fr\/ropes-and-rigging\/vertical-lead-block\/","title":{"rendered":"Vertical Lead Block"},"content":{"rendered":"<div class=\"wpb-content-wrapper\"><p>[vc_section full_width=\u00a0\u00bbstretch_row\u00a0\u00bb content_placement=\u00a0\u00bbmiddle\u00a0\u00bb css=\u00a0\u00bb.vc_custom_1692043564683{padding-top: 0px !important;background-image: url(https:\/\/thern.com\/wp-content\/uploads\/2023\/08\/Thern_Thern-Advantage-Difference.jpg?id=22385) !important;background-position: center !important;background-repeat: no-repeat !important;background-size: cover !important;}\u00a0\u00bb][vc_row full_width=\u00a0\u00bbstretch_row\u00a0\u00bb css=\u00a0\u00bb.vc_custom_1691686038929{padding-top: 50px !important;padding-bottom: 70px !important;background-color: rgba(0,0,0,0.35) !important;*background-color: rgb(0,0,0) !important;}\u00a0\u00bb][vc_column][vc_custom_heading text=\u00a0\u00bbRedline Vertical Lead Block S\u00e9rie\u00a0\u00bb font_container=\u00a0\u00bbtag:h1|text_align:left|color:%23ffffff\u00a0\u00bb use_theme_fonts=\u00a0\u00bbyes\u00a0\u00bb css_animation=\u00a0\u00bbfadeInLeft\u00a0\u00bb][\/vc_column][\/vc_row][\/vc_section][vc_row full_width=\u00a0\u00bbstretch_row\u00a0\u00bb css=\u00a0\u00bb.vc_custom_1692039753206{padding-top: 65px !important;padding-bottom: 35px !important;}\u00a0\u00bb][vc_column css_animation=\u00a0\u00bbfadeInLeft\u00a0\u00bb width=\u00a0\u00bb1\/2&Prime;][vc_column_text]<\/p>\n<h4>Pour les cordes entre 1\/4\u2033 et 1\/2\u2033 de diam\u00e8tre<\/h4>\n<p>La s\u00e9rie Redline est utilis\u00e9e pour changer la direction de la corde, de sorte que le treuil puisse \u00eatre mont\u00e9 dans un endroit pratique et le bloc de plomb Redline contr\u00f4lera le chemin de la corde pour \u00e9viter les obstacles, r\u00e9duire les risques et am\u00e9liorer l&rsquo;usure de la corde.[\/vc_column_text][vc_custom_heading text=\u00a0\u00bbFaits rapides\u00a0\u00bb font_container=\u00a0\u00bbtag:h4|text_align:left|color:%23000000&Prime; use_theme_fonts=\u00a0\u00bbyes\u00a0\u00bb][vc_column_text]<\/p>\n<ul>\n<li>Charge de ligne jusqu&rsquo;\u00e0 7 000 lb<\/li>\n<li>Passe-c\u00e2bles sur le dessus et les c\u00f4t\u00e9s de la poulie<\/li>\n<li>Cinq tailles pour diff\u00e9rents diam\u00e8tres de corde<\/li>\n<li>Roulement \u00e0 aiguilles scell\u00e9 avec graisseur<\/li>\n<li>Finition en poudre durable.<\/li>\n<li>Conception conforme \u00e0 ASME B30.26<\/li>\n<li>Garantie de deux ans<\/li>\n<\/ul>\n<p>[\/vc_column_text][vc_custom_heading text=\u00a0\u00bbMod\u00e8les de s\u00e9rie\u00a0\u00bb font_container=\u00a0\u00bbtag:h4|text_align:left|color:%23000000&Prime; use_theme_fonts=\u00a0\u00bbyes\u00a0\u00bb][vc_column_text]<\/p>\n<ul>\n<li>VLB-G25 \u2014 for 1\/4\u2033 Rope<\/li>\n<li>VLB-G31 \u2014 for 5\/16\u2033 Rope<\/li>\n<li>VLB-G38 \u2014 for 3\/8\u2033 Rope<\/li>\n<li>VLB-G44 \u2014 for 7\/16\u2033 Rope<\/li>\n<li>VLB-G50 \u2014 for 1\/2\u2033 Rope<\/li>\n<\/ul>\n<p>[\/vc_column_text][vc_custom_heading text=\u00a0\u00bbBesoin d&rsquo;un devis ?\u00a0\u00bb font_container=\u00a0\u00bbtag:h4|text_align:left|color:%23000000&Prime; use_theme_fonts=\u00a0\u00bbyes\u00a0\u00bb][vc_column_text]Si vous n&rsquo;\u00eates pas s\u00fbr du produit dont vous avez besoin et souhaitez un devis, veuillez remplir un formulaire de demande.[\/vc_column_text][vc_btn title=\u00a0\u00bbObtenez un devis\u00a0\u00bb style=\u00a0\u00bbcustom\u00a0\u00bb custom_background=\u00a0\u00bb#c71a32&Prime; custom_text=\u00a0\u00bb#ffffff\u00a0\u00bb shape=\u00a0\u00bbsquare\u00a0\u00bb size=\u00a0\u00bblg\u00a0\u00bb align=\u00a0\u00bbleft\u00a0\u00bb i_align=\u00a0\u00bbright\u00a0\u00bb i_icon_fontawesome=\u00a0\u00bbfas fa-angle-right\u00a0\u00bb add_icon=\u00a0\u00bbtrue\u00a0\u00bb link=\u00a0\u00bburl:%2Ffr%2Fcontact%2F%3Fquery_type%3Dcrane-inquiry|title:Crane%20Inquiry\u00a0\u00bb][\/vc_column][vc_column css_animation=\u00a0\u00bbfadeInRight\u00a0\u00bb width=\u00a0\u00bb1\/2&Prime;][vc_single_image image=\u00a0\u00bb22835&Prime; img_size=\u00a0\u00bbfull\u00a0\u00bb alignment=\u00a0\u00bbcenter\u00a0\u00bb][vc_row_inner][vc_column_inner width=\u00a0\u00bb1\/4&Prime;][vc_single_image image=\u00a0\u00bb22667&Prime; img_size=\u00a0\u00bbfull\u00a0\u00bb el_class=\u00a0\u00bbiso-img\u00a0\u00bb][\/vc_column_inner][vc_column_inner width=\u00a0\u00bb3\/4&Prime;][vc_column_text]<em><strong>Vertical Lead Block<\/strong> \u2014 <\/em><em style=\"font-size: inherit;\">Vertical Lead Block Famille, dimensionn\u00e9e pour les cordes de \u00bc\u00a0\u00bb \u00e0 \u00bd\u00a0\u00bb de diam\u00e8tre.<\/em>[\/vc_column_text][\/vc_column_inner][\/vc_row_inner][\/vc_column][\/vc_row][vc_row css_animation=\u00a0\u00bbfadeInUp\u00a0\u00bb][vc_column][vc_separator border_width=\u00a0\u00bb2&Prime;][\/vc_column][\/vc_row][vc_row css_animation=\u00a0\u00bbfadeInUp\u00a0\u00bb css=\u00a0\u00bb.vc_custom_1695068346973{padding-top: 35px !important;padding-bottom: 35px !important;}\u00a0\u00bb][vc_column][vc_tta_tabs section_title_tag=\u00a0\u00bbp\u00a0\u00bb shape=\u00a0\u00bbsquare\u00a0\u00bb color=\u00a0\u00bbwhite\u00a0\u00bb spacing=\u00a0\u00bb3&Prime; active_section=\u00a0\u00bb1&Prime; el_class=\u00a0\u00bbproduct-table\u00a0\u00bb][vc_tta_section title=\u00a0\u00bbFeatures\u00a0\u00bb tab_id=\u00a0\u00bb1692207850226-d4d67dc2-b36d\u00a0\u00bb][vc_raw_html]JTVCc3BfZWFzeWFjY29yZGlvbiUyMGlkJTNEJTIyMjI4MzMlMjIlNUQ=[\/vc_raw_html][\/vc_tta_section][vc_tta_section title=\u00a0\u00bbPerformance Specs\u00a0\u00bb tab_id=\u00a0\u00bb1692039789431-ca69a18a-2782&Prime;][vc_row_inner][vc_column_inner width=\u00a0\u00bb1\/2&Prime;][vc_single_image image=\u00a0\u00bb28912&Prime; img_size=\u00a0\u00bbfull\u00a0\u00bb alignment=\u00a0\u00bbcenter\u00a0\u00bb onclick=\u00a0\u00bbimg_link_large\u00a0\u00bb][\/vc_column_inner][vc_column_inner width=\u00a0\u00bb1\/2&Prime;][vc_single_image image=\u00a0\u00bb29757&Prime; img_size=\u00a0\u00bbfull\u00a0\u00bb alignment=\u00a0\u00bbcenter\u00a0\u00bb onclick=\u00a0\u00bbimg_link_large\u00a0\u00bb][\/vc_column_inner][\/vc_row_inner][vc_single_image image=\u00a0\u00bb29762&Prime; img_size=\u00a0\u00bbfull\u00a0\u00bb alignment=\u00a0\u00bbcenter\u00a0\u00bb onclick=\u00a0\u00bbimg_link_large\u00a0\u00bb][\/vc_tta_section][vc_tta_section title=\u00a0\u00bbDimensions\u00a0\u00bb tab_id=\u00a0\u00bb1692039955917-a587e6bc-620b\u00a0\u00bb][vc_column_text]<a href=\"\/wp-content\/uploads\/2023\/08\/VLB-G25_Dimension-Specs.pdf\" target=\"_blank\" rel=\"noopener noreferrer\">VLB-G25 Dimension Specs<\/a><\/p>\n<p><a href=\"\/wp-content\/uploads\/2023\/08\/VLB-G31_Dimension-Specs.pdf\" target=\"_blank\" rel=\"noopener noreferrer\">VLB-G31 Dimension Specs<\/a><\/p>\n<p><a href=\"\/wp-content\/uploads\/2023\/08\/VLB-G38_Dimension-Specs.pdf\" target=\"_blank\" rel=\"noopener noreferrer\">VLB-G38 Dimension Specs<\/a><\/p>\n<p><a href=\"\/wp-content\/uploads\/2023\/08\/VLB-G44_Dimension-Specs.pdf\" target=\"_blank\" rel=\"noopener noreferrer\">VLB-G44 Dimension Specs<\/a><\/p>\n<p><a href=\"\/wp-content\/uploads\/2023\/08\/VLB-G50_Dimension-Specs.pdf\" target=\"_blank\" rel=\"noopener noreferrer\">VLB-G50 Dimension Specs<\/a>[\/vc_column_text][\/vc_tta_section][vc_tta_section title=\u00a0\u00bbResources\u00a0\u00bb tab_id=\u00a0\u00bb1692039964442-bee59ceb-d9fb\u00a0\u00bb][vc_column_text]<\/p>\n<h4>Owner&rsquo;s Manual<\/h4>\n<p><a href=\"\/wp-content\/uploads\/2023\/08\/A23621-A-0819_VerticalLeadBlock.pdf\" target=\"_blank\" rel=\"noopener\">Vertical Lead Block (A23621-A-0819)<\/a><\/p>\n<h4>Product Sheet<\/h4>\n<p><a href=\"\/wp-content\/uploads\/2023\/08\/Vertical-Lead-Block-Product-Sheet_PSVLB-A-0221-1.pdf\" target=\"_blank\" rel=\"noopener\">Vertical Lead Block Product Sheet (PSVLB-A-0221)<\/a><\/p>\n<h4>At A Glance<\/h4>\n<p><a href=\"\/wp-content\/uploads\/2023\/08\/Thern-Winches-at-a-Glance_WAAG-A-0221.pdf\" target=\"_blank\" rel=\"noopener\">Thern Winches At A Glance<\/a><\/p>\n<h4>Industrial Brochure<\/h4>\n<p><a href=\"\/wp-content\/uploads\/2023\/08\/Thern-Industrial-Brochure_BRIN-A-0221.pdf\" target=\"_blank\" rel=\"noopener\">Thern Industrial Brochure (BRIN-A-0221)<\/a>[\/vc_column_text][\/vc_tta_section][\/vc_tta_tabs][\/vc_column][\/vc_row][vc_row full_width=\u00a0\u00bbstretch_row\u00a0\u00bb css=\u00a0\u00bb.vc_custom_1692043286515{padding-top: 35px !important;padding-bottom: 65px !important;background-color: #ececec !important;}\u00a0\u00bb el_class=\u00a0\u00bbfrequently-paired-with\u00a0\u00bb][vc_column][vc_custom_heading text=\u00a0\u00bbEmparejado frecuentemente con\u00a0\u00bb font_container=\u00a0\u00bbtag:h2|text_align:center|color:%23000000&Prime; use_theme_fonts=\u00a0\u00bbyes\u00a0\u00bb css_animation=\u00a0\u00bbfadeInUp\u00a0\u00bb css=\u00a0\u00bb.vc_custom_1696346217033{padding-bottom: 35px !important;}\u00a0\u00bb][\/vc_column][vc_column css_animation=\u00a0\u00bbfadeInUp\u00a0\u00bb width=\u00a0\u00bb1\/3&Prime;][vc_single_image image=\u00a0\u00bb22695&Prime; img_size=\u00a0\u00bbfull\u00a0\u00bb alignment=\u00a0\u00bbcenter\u00a0\u00bb onclick=\u00a0\u00bbcustom_link\u00a0\u00bb link=\u00a0\u00bb\/es\/custom-engineering-services\/\u00a0\u00bb][vc_custom_heading text=\u00a0\u00bbGr\u00faas y cabrestantes personalizados\u00a0\u00bb font_container=\u00a0\u00bbtag:h4|text_align:center|color:%23000000&Prime; use_theme_fonts=\u00a0\u00bbyes\u00a0\u00bb][\/vc_column][vc_column css_animation=\u00a0\u00bbfadeInUp\u00a0\u00bb width=\u00a0\u00bb1\/3&Prime;][vc_single_image image=\u00a0\u00bb22696&Prime; img_size=\u00a0\u00bbfull\u00a0\u00bb alignment=\u00a0\u00bbcenter\u00a0\u00bb onclick=\u00a0\u00bbcustom_link\u00a0\u00bb link=\u00a0\u00bb\/es\/winches\/electric-controls\/\u00a0\u00bb][vc_custom_heading text=\u00a0\u00bbControles el\u00e9ctricos\u00a0\u00bb font_container=\u00a0\u00bbtag:h4|text_align:center|color:%23000000&Prime; use_theme_fonts=\u00a0\u00bbyes\u00a0\u00bb][\/vc_column][vc_column css_animation=\u00a0\u00bbfadeInUp\u00a0\u00bb width=\u00a0\u00bb1\/3&Prime;][vc_single_image image=\u00a0\u00bb22697&Prime; img_size=\u00a0\u00bbfull\u00a0\u00bb alignment=\u00a0\u00bbcenter\u00a0\u00bb onclick=\u00a0\u00bbcustom_link\u00a0\u00bb link=\u00a0\u00bb\/es\/ropes-and-rigging\/\u00a0\u00bb][vc_custom_heading text=\u00a0\u00bbConjuntos de cables met\u00e1licos\u00a0\u00bb font_container=\u00a0\u00bbtag:h4|text_align:center|color:%23000000&Prime; use_theme_fonts=\u00a0\u00bbyes\u00a0\u00bb][\/vc_column][\/vc_row]<\/p>\n<\/div>","protected":false},"excerpt":{"rendered":"<p>[vc_section full_width=\u00a0\u00bbstretch_row\u00a0\u00bb content_placement=\u00a0\u00bbmiddle\u00a0\u00bb css=\u00a0\u00bb.vc_custom_1692043564683{padding-top: 0px !important;background-image: url(https:\/\/thern.com\/wp-content\/uploads\/2023\/08\/Thern_Thern-Advantage-Difference.jpg?id=22385) !important;background-position: center !important;background-repeat: no-repeat !important;background-size: cover !important;}\u00a0\u00bb][vc_row full_width=\u00a0\u00bbstretch_row\u00a0\u00bb css=\u00a0\u00bb.vc_custom_1691686038929{padding-top: 50px !important;padding-bottom: 70px !important;background-color: rgba(0,0,0,0.35) !important;*background-color: rgb(0,0,0) !important;}\u00a0\u00bb][vc_column][vc_custom_heading text=\u00a0\u00bbRedline Vertical Lead Block S\u00e9rie\u00a0\u00bb font_container=\u00a0\u00bbtag:h1|text_align:left|color:%23ffffff\u00a0\u00bb use_theme_fonts=\u00a0\u00bbyes\u00a0\u00bb css_animation=\u00a0\u00bbfadeInLeft\u00a0\u00bb][\/vc_column][\/vc_row][\/vc_section][vc_row full_width=\u00a0\u00bbstretch_row\u00a0\u00bb css=\u00a0\u00bb.vc_custom_1692039753206{padding-top: 65px !important;padding-bottom: 35px !important;}\u00a0\u00bb][vc_column css_animation=\u00a0\u00bbfadeInLeft\u00a0\u00bb width=\u00a0\u00bb1\/2&Prime;][vc_column_text] Pour les cordes entre 1\/4\u2033 et 1\/2\u2033 de diam\u00e8tre La s\u00e9rie Redline est utilis\u00e9e pour &#8230; <a title=\"Vertical Lead Block\" class=\"read-more\" href=\"https:\/\/thern.com\/fr\/ropes-and-rigging\/vertical-lead-block\/\" aria-label=\"More on Vertical Lead Block\">Read more<\/a><\/p>\n","protected":false},"author":1,"featured_media":0,"parent":31681,"menu_order":0,"comment_status":"closed","ping_status":"closed","template":"","meta":{"footnotes":""},"class_list":["post-31714","page","type-page","status-publish"],"yoast_head":"<!-- This site is optimized with the Yoast SEO plugin v27.3 - https:\/\/yoast.com\/product\/yoast-seo-wordpress\/ -->\n<title>Vertical Lead Block - pour cordes entre 1\/4&quot; et 1\/2&quot; | Thern\u00ae Winches &amp; Cranes<\/title>\n<meta name=\"description\" content=\"Utilis\u00e9 pour changer la direction de la corde, afin que le treuil puisse \u00eatre mont\u00e9 dans un endroit pratique et contr\u00f4lera le chemin de la corde pour \u00e9viter les dangers.\" \/>\n<meta name=\"robots\" content=\"index, follow, max-snippet:-1, max-image-preview:large, max-video-preview:-1\" \/>\n<link rel=\"canonical\" href=\"https:\/\/thern.com\/fr\/ropes-and-rigging\/vertical-lead-block\/\" \/>\n<meta property=\"og:locale\" content=\"fr_FR\" \/>\n<meta property=\"og:type\" content=\"article\" \/>\n<meta property=\"og:title\" content=\"Vertical Lead Block - pour cordes entre 1\/4&quot; et 1\/2&quot; | Thern\u00ae Winches &amp; Cranes\" \/>\n<meta property=\"og:description\" content=\"Utilis\u00e9 pour changer la direction de la corde, afin que le treuil puisse \u00eatre mont\u00e9 dans un endroit pratique et contr\u00f4lera le chemin de la corde pour \u00e9viter les dangers.\" \/>\n<meta property=\"og:url\" content=\"https:\/\/thern.com\/fr\/ropes-and-rigging\/vertical-lead-block\/\" \/>\n<meta property=\"og:site_name\" content=\"Thern\u00ae Winches &amp; Cranes\" \/>\n<meta property=\"article:publisher\" content=\"https:\/\/www.facebook.com\/ThernInc\/\" \/>\n<meta property=\"article:modified_time\" content=\"2023-10-05T19:59:51+00:00\" \/>\n<meta name=\"twitter:card\" content=\"summary_large_image\" \/>\n<meta name=\"twitter:label1\" content=\"Dur\u00e9e de lecture estim\u00e9e\" \/>\n\t<meta name=\"twitter:data1\" content=\"2 minutes\" \/>\n<script type=\"application\/ld+json\" class=\"yoast-schema-graph\">{\"@context\":\"https:\\\/\\\/schema.org\",\"@graph\":[{\"@type\":\"WebPage\",\"@id\":\"https:\\\/\\\/thern.com\\\/fr\\\/ropes-and-rigging\\\/vertical-lead-block\\\/\",\"url\":\"https:\\\/\\\/thern.com\\\/fr\\\/ropes-and-rigging\\\/vertical-lead-block\\\/\",\"name\":\"Vertical Lead Block - pour cordes entre 1\\\/4\\\" et 1\\\/2\\\" | Thern\u00ae Winches &amp; Cranes\",\"isPartOf\":{\"@id\":\"https:\\\/\\\/thern.com\\\/fr\\\/#website\"},\"datePublished\":\"2023-08-17T14:39:48+00:00\",\"dateModified\":\"2023-10-05T19:59:51+00:00\",\"description\":\"Utilis\u00e9 pour changer la direction de la corde, afin que le treuil puisse \u00eatre mont\u00e9 dans un endroit pratique et contr\u00f4lera le chemin de la corde pour \u00e9viter les dangers.\",\"breadcrumb\":{\"@id\":\"https:\\\/\\\/thern.com\\\/fr\\\/ropes-and-rigging\\\/vertical-lead-block\\\/#breadcrumb\"},\"inLanguage\":\"fr-FR\",\"potentialAction\":[{\"@type\":\"ReadAction\",\"target\":[\"https:\\\/\\\/thern.com\\\/fr\\\/ropes-and-rigging\\\/vertical-lead-block\\\/\"]}]},{\"@type\":\"BreadcrumbList\",\"@id\":\"https:\\\/\\\/thern.com\\\/fr\\\/ropes-and-rigging\\\/vertical-lead-block\\\/#breadcrumb\",\"itemListElement\":[{\"@type\":\"ListItem\",\"position\":1,\"name\":\"Home\",\"item\":\"https:\\\/\\\/thern.com\\\/fr\\\/\"},{\"@type\":\"ListItem\",\"position\":2,\"name\":\"Ropes &#038; Rigging\",\"item\":\"https:\\\/\\\/thern.com\\\/fr\\\/ropes-and-rigging\\\/\"},{\"@type\":\"ListItem\",\"position\":3,\"name\":\"Vertical Lead Block\"}]},{\"@type\":\"WebSite\",\"@id\":\"https:\\\/\\\/thern.com\\\/fr\\\/#website\",\"url\":\"https:\\\/\\\/thern.com\\\/fr\\\/\",\"name\":\"Thern\u00ae Winches &amp; Cranes\",\"description\":\"Leave the Heavy Lifting to Us\",\"publisher\":{\"@id\":\"https:\\\/\\\/thern.com\\\/fr\\\/#organization\"},\"potentialAction\":[{\"@type\":\"SearchAction\",\"target\":{\"@type\":\"EntryPoint\",\"urlTemplate\":\"https:\\\/\\\/thern.com\\\/fr\\\/?s={search_term_string}\"},\"query-input\":{\"@type\":\"PropertyValueSpecification\",\"valueRequired\":true,\"valueName\":\"search_term_string\"}}],\"inLanguage\":\"fr-FR\"},{\"@type\":\"Organization\",\"@id\":\"https:\\\/\\\/thern.com\\\/fr\\\/#organization\",\"name\":\"Thern\u00ae Winches &amp; Cranes\",\"url\":\"https:\\\/\\\/thern.com\\\/fr\\\/\",\"logo\":{\"@type\":\"ImageObject\",\"inLanguage\":\"fr-FR\",\"@id\":\"https:\\\/\\\/thern.com\\\/fr\\\/#\\\/schema\\\/logo\\\/image\\\/\",\"url\":\"https:\\\/\\\/thern.com\\\/wp-content\\\/uploads\\\/2023\\\/11\\\/Logo_SaveForWeb-outline-FINAL-01.svg\",\"contentUrl\":\"https:\\\/\\\/thern.com\\\/wp-content\\\/uploads\\\/2023\\\/11\\\/Logo_SaveForWeb-outline-FINAL-01.svg\",\"caption\":\"Thern\u00ae Winches &amp; Cranes\"},\"image\":{\"@id\":\"https:\\\/\\\/thern.com\\\/fr\\\/#\\\/schema\\\/logo\\\/image\\\/\"},\"sameAs\":[\"https:\\\/\\\/www.facebook.com\\\/ThernInc\\\/\",\"https:\\\/\\\/www.linkedin.com\\\/company\\\/thern-inc-\\\/\",\"https:\\\/\\\/www.youtube.com\\\/user\\\/ThernStage\"]}]}<\/script>\n<!-- \/ Yoast SEO plugin. -->","yoast_head_json":{"title":"Vertical Lead Block - pour cordes entre 1\/4\" et 1\/2\" | Thern\u00ae Winches &amp; Cranes","description":"Utilis\u00e9 pour changer la direction de la corde, afin que le treuil puisse \u00eatre mont\u00e9 dans un endroit pratique et contr\u00f4lera le chemin de la corde pour \u00e9viter les dangers.","robots":{"index":"index","follow":"follow","max-snippet":"max-snippet:-1","max-image-preview":"max-image-preview:large","max-video-preview":"max-video-preview:-1"},"canonical":"https:\/\/thern.com\/fr\/ropes-and-rigging\/vertical-lead-block\/","og_locale":"fr_FR","og_type":"article","og_title":"Vertical Lead Block - pour cordes entre 1\/4\" et 1\/2\" | Thern\u00ae Winches &amp; Cranes","og_description":"Utilis\u00e9 pour changer la direction de la corde, afin que le treuil puisse \u00eatre mont\u00e9 dans un endroit pratique et contr\u00f4lera le chemin de la corde pour \u00e9viter les dangers.","og_url":"https:\/\/thern.com\/fr\/ropes-and-rigging\/vertical-lead-block\/","og_site_name":"Thern\u00ae Winches &amp; Cranes","article_publisher":"https:\/\/www.facebook.com\/ThernInc\/","article_modified_time":"2023-10-05T19:59:51+00:00","twitter_card":"summary_large_image","twitter_misc":{"Dur\u00e9e de lecture estim\u00e9e":"2 minutes"},"schema":{"@context":"https:\/\/schema.org","@graph":[{"@type":"WebPage","@id":"https:\/\/thern.com\/fr\/ropes-and-rigging\/vertical-lead-block\/","url":"https:\/\/thern.com\/fr\/ropes-and-rigging\/vertical-lead-block\/","name":"Vertical Lead Block - pour cordes entre 1\/4\" et 1\/2\" | Thern\u00ae Winches &amp; Cranes","isPartOf":{"@id":"https:\/\/thern.com\/fr\/#website"},"datePublished":"2023-08-17T14:39:48+00:00","dateModified":"2023-10-05T19:59:51+00:00","description":"Utilis\u00e9 pour changer la direction de la corde, afin que le treuil puisse \u00eatre mont\u00e9 dans un endroit pratique et contr\u00f4lera le chemin de la corde pour \u00e9viter les dangers.","breadcrumb":{"@id":"https:\/\/thern.com\/fr\/ropes-and-rigging\/vertical-lead-block\/#breadcrumb"},"inLanguage":"fr-FR","potentialAction":[{"@type":"ReadAction","target":["https:\/\/thern.com\/fr\/ropes-and-rigging\/vertical-lead-block\/"]}]},{"@type":"BreadcrumbList","@id":"https:\/\/thern.com\/fr\/ropes-and-rigging\/vertical-lead-block\/#breadcrumb","itemListElement":[{"@type":"ListItem","position":1,"name":"Home","item":"https:\/\/thern.com\/fr\/"},{"@type":"ListItem","position":2,"name":"Ropes &#038; Rigging","item":"https:\/\/thern.com\/fr\/ropes-and-rigging\/"},{"@type":"ListItem","position":3,"name":"Vertical Lead Block"}]},{"@type":"WebSite","@id":"https:\/\/thern.com\/fr\/#website","url":"https:\/\/thern.com\/fr\/","name":"Thern\u00ae Winches &amp; Cranes","description":"Leave the Heavy Lifting to Us","publisher":{"@id":"https:\/\/thern.com\/fr\/#organization"},"potentialAction":[{"@type":"SearchAction","target":{"@type":"EntryPoint","urlTemplate":"https:\/\/thern.com\/fr\/?s={search_term_string}"},"query-input":{"@type":"PropertyValueSpecification","valueRequired":true,"valueName":"search_term_string"}}],"inLanguage":"fr-FR"},{"@type":"Organization","@id":"https:\/\/thern.com\/fr\/#organization","name":"Thern\u00ae Winches &amp; Cranes","url":"https:\/\/thern.com\/fr\/","logo":{"@type":"ImageObject","inLanguage":"fr-FR","@id":"https:\/\/thern.com\/fr\/#\/schema\/logo\/image\/","url":"https:\/\/thern.com\/wp-content\/uploads\/2023\/11\/Logo_SaveForWeb-outline-FINAL-01.svg","contentUrl":"https:\/\/thern.com\/wp-content\/uploads\/2023\/11\/Logo_SaveForWeb-outline-FINAL-01.svg","caption":"Thern\u00ae Winches &amp; Cranes"},"image":{"@id":"https:\/\/thern.com\/fr\/#\/schema\/logo\/image\/"},"sameAs":["https:\/\/www.facebook.com\/ThernInc\/","https:\/\/www.linkedin.com\/company\/thern-inc-\/","https:\/\/www.youtube.com\/user\/ThernStage"]}]}},"_links":{"self":[{"href":"https:\/\/thern.com\/fr\/wp-json\/wp\/v2\/pages\/31714","targetHints":{"allow":["GET"]}}],"collection":[{"href":"https:\/\/thern.com\/fr\/wp-json\/wp\/v2\/pages"}],"about":[{"href":"https:\/\/thern.com\/fr\/wp-json\/wp\/v2\/types\/page"}],"author":[{"embeddable":true,"href":"https:\/\/thern.com\/fr\/wp-json\/wp\/v2\/users\/1"}],"replies":[{"embeddable":true,"href":"https:\/\/thern.com\/fr\/wp-json\/wp\/v2\/comments?post=31714"}],"version-history":[{"count":0,"href":"https:\/\/thern.com\/fr\/wp-json\/wp\/v2\/pages\/31714\/revisions"}],"up":[{"embeddable":true,"href":"https:\/\/thern.com\/fr\/wp-json\/wp\/v2\/pages\/31681"}],"wp:attachment":[{"href":"https:\/\/thern.com\/fr\/wp-json\/wp\/v2\/media?parent=31714"}],"curies":[{"name":"wp","href":"https:\/\/api.w.org\/{rel}","templated":true}]}}