{"id":31648,"date":"2023-08-10T15:10:16","date_gmt":"2023-08-10T15:10:16","guid":{"rendered":"https:\/\/therninc.wpenginepowered.com\/financing\/"},"modified":"2023-10-05T18:55:18","modified_gmt":"2023-10-05T18:55:18","slug":"financing","status":"publish","type":"page","link":"https:\/\/thern.com\/fr\/financing\/","title":{"rendered":"Financing"},"content":{"rendered":"<div class=\"wpb-content-wrapper\"><p>[vc_section full_width=\u00a0\u00bbstretch_row\u00a0\u00bb content_placement=\u00a0\u00bbmiddle\u00a0\u00bb css=\u00a0\u00bb.vc_custom_1692820231742{padding-top: 0px !important;background-image: url(https:\/\/thern.com\/wp-content\/uploads\/2023\/08\/Thern_Financing-Hero-V2.jpg?id=22456) !important;background-position: center !important;background-repeat: no-repeat !important;background-size: cover !important;}\u00a0\u00bb][vc_row full_width=\u00a0\u00bbstretch_row\u00a0\u00bb css=\u00a0\u00bb.vc_custom_1692820238131{padding-top: 50px !important;padding-bottom: 70px !important;background-color: rgba(0,0,0,0.5) !important;*background-color: rgb(0,0,0) !important;}\u00a0\u00bb][vc_column][vc_custom_heading text=\u00a0\u00bbFinancement\u00a0\u00bb font_container=\u00a0\u00bbtag:h1|text_align:left|color:%23ffffff\u00a0\u00bb use_theme_fonts=\u00a0\u00bbyes\u00a0\u00bb css_animation=\u00a0\u00bbfadeInLeft\u00a0\u00bb][\/vc_column][\/vc_row][\/vc_section][vc_row full_width=\u00a0\u00bbstretch_row\u00a0\u00bb css=\u00a0\u00bb.vc_custom_1692820402687{padding-bottom: 35px !important;background-color: #c71a32 !important;}\u00a0\u00bb][vc_column][vc_custom_heading text=\u00a0\u00bbUn plan de financement flexible qui s&rsquo;adapte \u00e0 votre budget\u00a0\u00bb font_container=\u00a0\u00bbtag:h2|text_align:left|color:%23ffffff\u00a0\u00bb use_theme_fonts=\u00a0\u00bbyes\u00a0\u00bb css_animation=\u00a0\u00bbfadeInLeft\u00a0\u00bb css=\u00a0\u00bb.vc_custom_1696532046211{margin-bottom: 0px !important;}\u00a0\u00bb][\/vc_column][\/vc_row][vc_row equal_height=\u00a0\u00bbyes\u00a0\u00bb][vc_column css_animation=\u00a0\u00bbfadeInLeft\u00a0\u00bb width=\u00a0\u00bb1\/2&Prime;][vc_single_image image=\u00a0\u00bb22453&Prime; img_size=\u00a0\u00bbfull\u00a0\u00bb][vc_column_text]<strong>C&rsquo;est simple, s\u00e9curis\u00e9 et intelligent<\/strong><\/p>\n<p>Obtenez le mat\u00e9riel dont vous avez besoin quand vous en avez besoin\u00a0! Nous sommes heureux d&rsquo;offrir une option de financement qui vous permet d&rsquo;acheter maintenant et de payer plus tard selon un calendrier pratique et g\u00e9rable.<\/p>\n<p>First Western Equipment Finance, une division de First Western Bank &amp; Trust, est le partenaire financier officiel de Thern et expert en financement public et municipal. S&rsquo;associer \u00e0 First Western Equipment Finance pour vos besoins de financement de treuils et de grues signifie choisir un leader fiable de l&rsquo;industrie dot\u00e9 d&rsquo;un personnel engag\u00e9 et exp\u00e9riment\u00e9. First Western Equipment Finance propose un financement au taux bancaire et un processus simple, sans co\u00fbts cach\u00e9s ni gadgets, y compris une divulgation compl\u00e8te des taux et des conditions.[\/vc_column_text][\/vc_column][vc_column css_animation=\u00a0\u00bbfadeInRight\u00a0\u00bb width=\u00a0\u00bb1\/2&Prime;][vc_single_image image=\u00a0\u00bb22454&Prime; img_size=\u00a0\u00bbfull\u00a0\u00bb][\/vc_column][\/vc_row][vc_row full_width=\u00a0\u00bbstretch_row\u00a0\u00bb css=\u00a0\u00bb.vc_custom_1691680614320{padding-top: 35px !important;padding-bottom: 35px !important;background-color: #ececec !important;}\u00a0\u00bb el_class=\u00a0\u00bbapplication\u00a0\u00bb][vc_column][vc_custom_heading text=\u00a0\u00bbComment postuler en ligne\u00a0:\u00a0\u00bb font_container=\u00a0\u00bbtag:h2|text_align:left|color:%230a0a0a\u00a0\u00bb use_theme_fonts=\u00a0\u00bbyes\u00a0\u00bb css_animation=\u00a0\u00bbfadeInUp\u00a0\u00bb css=\u00a0\u00bb.vc_custom_1696532064741{margin-bottom: 0px !important;}\u00a0\u00bb][\/vc_column][vc_column css_animation=\u00a0\u00bbfadeInUp\u00a0\u00bb width=\u00a0\u00bb1\/3&Prime;][vc_custom_heading text=\u00a0\u00bb1&Prime; font_container=\u00a0\u00bbtag:h2|text_align:center|color:%23ffffff\u00a0\u00bb use_theme_fonts=\u00a0\u00bbyes\u00a0\u00bb css=\u00a0\u00bb.vc_custom_1692899644671{margin-bottom: 0px !important;}\u00a0\u00bb el_class=\u00a0\u00bbnumber\u00a0\u00bb][vc_custom_heading text=\u00a0\u00bbContactez-nous\u00a0\u00bb font_container=\u00a0\u00bbtag:h2|text_align:left|color:%23900000&Prime; use_theme_fonts=\u00a0\u00bbyes\u00a0\u00bb css=\u00a0\u00bb.vc_custom_1696532072201{margin-bottom: 0px !important;}\u00a0\u00bb][vc_column_text]Obtenez un paiement mensuel aupr\u00e8s de votre repr\u00e9sentant commercial Thern ou contactez First Western Equipment Finance au<br \/>\n<a style=\"color: #c71a32;\" href=\"tel:800-288-5088\">1-800-288-5088<\/a>.[\/vc_column_text][\/vc_column][vc_column css_animation=\u00a0\u00bbfadeInUp\u00a0\u00bb width=\u00a0\u00bb1\/3&Prime;][vc_custom_heading text=\u00a0\u00bb2&Prime; font_container=\u00a0\u00bbtag:h2|text_align:center|color:%23ffffff\u00a0\u00bb use_theme_fonts=\u00a0\u00bbyes\u00a0\u00bb css=\u00a0\u00bb.vc_custom_1692899651081{margin-bottom: 0px !important;}\u00a0\u00bb el_class=\u00a0\u00bbnumber\u00a0\u00bb][vc_custom_heading text=\u00a0\u00bbConfiguration simple\u00a0\u00bb font_container=\u00a0\u00bbtag:h2|text_align:left|color:%23900000&Prime; use_theme_fonts=\u00a0\u00bbyes\u00a0\u00bb css=\u00a0\u00bb.vc_custom_1696532085905{margin-bottom: 0px !important;}\u00a0\u00bb][vc_column_text]Postulez d\u00e8s aujourd\u2019hui \u2013 remplissez une simple demande d\u2019une page en ligne.[\/vc_column_text][\/vc_column][vc_column css_animation=\u00a0\u00bbfadeInUp\u00a0\u00bb width=\u00a0\u00bb1\/3&Prime;][vc_custom_heading text=\u00a0\u00bb3&Prime; font_container=\u00a0\u00bbtag:h2|text_align:center|color:%23ffffff\u00a0\u00bb use_theme_fonts=\u00a0\u00bbyes\u00a0\u00bb css=\u00a0\u00bb.vc_custom_1692899659909{margin-bottom: 0px !important;}\u00a0\u00bb el_class=\u00a0\u00bbnumber\u00a0\u00bb][vc_custom_heading text=\u00a0\u00bb\u00catre approuv\u00e9\u00a0\u00bb font_container=\u00a0\u00bbtag:h2|text_align:left|color:%23900000&Prime; use_theme_fonts=\u00a0\u00bbyes\u00a0\u00bb css=\u00a0\u00bb.vc_custom_1696532098121{margin-bottom: 0px !important;}\u00a0\u00bb][vc_column_text]Obtenez une approbation rapide\u00a0! Les demandes sont g\u00e9n\u00e9ralement trait\u00e9es dans les 30 minutes.[\/vc_column_text][\/vc_column][\/vc_row][vc_row css=\u00a0\u00bb.vc_custom_1689183432752{padding-top: 35px !important;padding-bottom: 35px !important;}\u00a0\u00bb][vc_column width=\u00a0\u00bb1\/6&Prime;][\/vc_column][vc_column css_animation=\u00a0\u00bbfadeInUp\u00a0\u00bb width=\u00a0\u00bb4\/6&Prime;][vc_custom_heading text=\u00a0\u00bbPostulez en ligne aujourd&rsquo;hui\u00a0\u00bb font_container=\u00a0\u00bbtag:h2|text_align:center|color:%230a0a0a\u00a0\u00bb use_theme_fonts=\u00a0\u00bbyes\u00a0\u00bb css=\u00a0\u00bb.vc_custom_1696532111412{margin-bottom: 25px !important;}\u00a0\u00bb][vc_btn title=\u00a0\u00bbAppliquer maintenant\u00a0\u00bb style=\u00a0\u00bbcustom\u00a0\u00bb custom_background=\u00a0\u00bb#c71a32&Prime; custom_text=\u00a0\u00bb#ffffff\u00a0\u00bb shape=\u00a0\u00bbsquare\u00a0\u00bb size=\u00a0\u00bblg\u00a0\u00bb align=\u00a0\u00bbcenter\u00a0\u00bb i_align=\u00a0\u00bbright\u00a0\u00bb i_icon_fontawesome=\u00a0\u00bbfas fa-angle-right\u00a0\u00bb add_icon=\u00a0\u00bbtrue\u00a0\u00bb link=\u00a0\u00bburl:https%3A%2F%2Fwww.all-linesleasing.com%2FCredit%2FApply%2FThern|title:Apply%20Now|target:_blank\u00a0\u00bb][\/vc_column][vc_column width=\u00a0\u00bb1\/6&Prime;][\/vc_column][\/vc_row]<\/p>\n<\/div>","protected":false},"excerpt":{"rendered":"<p>[vc_section full_width=\u00a0\u00bbstretch_row\u00a0\u00bb content_placement=\u00a0\u00bbmiddle\u00a0\u00bb css=\u00a0\u00bb.vc_custom_1692820231742{padding-top: 0px !important;background-image: url(https:\/\/thern.com\/wp-content\/uploads\/2023\/08\/Thern_Financing-Hero-V2.jpg?id=22456) !important;background-position: center !important;background-repeat: no-repeat !important;background-size: cover !important;}\u00a0\u00bb][vc_row full_width=\u00a0\u00bbstretch_row\u00a0\u00bb css=\u00a0\u00bb.vc_custom_1692820238131{padding-top: 50px !important;padding-bottom: 70px !important;background-color: rgba(0,0,0,0.5) !important;*background-color: rgb(0,0,0) !important;}\u00a0\u00bb][vc_column][vc_custom_heading text=\u00a0\u00bbFinancement\u00a0\u00bb font_container=\u00a0\u00bbtag:h1|text_align:left|color:%23ffffff\u00a0\u00bb use_theme_fonts=\u00a0\u00bbyes\u00a0\u00bb css_animation=\u00a0\u00bbfadeInLeft\u00a0\u00bb][\/vc_column][\/vc_row][\/vc_section][vc_row full_width=\u00a0\u00bbstretch_row\u00a0\u00bb css=\u00a0\u00bb.vc_custom_1692820402687{padding-bottom: 35px !important;background-color: #c71a32 !important;}\u00a0\u00bb][vc_column][vc_custom_heading text=\u00a0\u00bbUn plan de financement flexible qui s&rsquo;adapte \u00e0 votre budget\u00a0\u00bb font_container=\u00a0\u00bbtag:h2|text_align:left|color:%23ffffff\u00a0\u00bb use_theme_fonts=\u00a0\u00bbyes\u00a0\u00bb css_animation=\u00a0\u00bbfadeInLeft\u00a0\u00bb css=\u00a0\u00bb.vc_custom_1696532046211{margin-bottom: 0px !important;}\u00a0\u00bb][\/vc_column][\/vc_row][vc_row equal_height=\u00a0\u00bbyes\u00a0\u00bb][vc_column css_animation=\u00a0\u00bbfadeInLeft\u00a0\u00bb width=\u00a0\u00bb1\/2&Prime;][vc_single_image image=\u00a0\u00bb22453&Prime; img_size=\u00a0\u00bbfull\u00a0\u00bb][vc_column_text]C&rsquo;est &#8230; <a title=\"Financing\" class=\"read-more\" href=\"https:\/\/thern.com\/fr\/financing\/\" aria-label=\"More on Financing\">Read more<\/a><\/p>\n","protected":false},"author":1,"featured_media":0,"parent":0,"menu_order":0,"comment_status":"closed","ping_status":"closed","template":"","meta":{"footnotes":""},"class_list":["post-31648","page","type-page","status-publish"],"yoast_head":"<!-- This site is optimized with the Yoast SEO plugin v27.3 - https:\/\/yoast.com\/product\/yoast-seo-wordpress\/ -->\n<title>Financement d&#039;\u00e9quipement Thern | Thern\u00ae Winches &amp; Cranes<\/title>\n<meta name=\"description\" content=\"Obtenez l&#039;\u00e9quipement Thern\u00ae dont vous avez besoin quand vous en avez besoin gr\u00e2ce \u00e0 une option de financement qui vous permet d&#039;acheter maintenant et de payer plus tard selon un calendrier pratique et g\u00e9rable.\" \/>\n<meta name=\"robots\" content=\"index, follow, max-snippet:-1, max-image-preview:large, max-video-preview:-1\" \/>\n<link rel=\"canonical\" href=\"https:\/\/thern.com\/fr\/financing\/\" \/>\n<meta property=\"og:locale\" content=\"fr_FR\" \/>\n<meta property=\"og:type\" content=\"article\" \/>\n<meta property=\"og:title\" content=\"Financement d&#039;\u00e9quipement Thern | Thern\u00ae Winches &amp; Cranes\" \/>\n<meta property=\"og:description\" content=\"Obtenez l&#039;\u00e9quipement Thern\u00ae dont vous avez besoin quand vous en avez besoin gr\u00e2ce \u00e0 une option de financement qui vous permet d&#039;acheter maintenant et de payer plus tard selon un calendrier pratique et g\u00e9rable.\" \/>\n<meta property=\"og:url\" content=\"https:\/\/thern.com\/fr\/financing\/\" \/>\n<meta property=\"og:site_name\" content=\"Thern\u00ae Winches &amp; Cranes\" \/>\n<meta property=\"article:publisher\" content=\"https:\/\/www.facebook.com\/ThernInc\/\" \/>\n<meta property=\"article:modified_time\" content=\"2023-10-05T18:55:18+00:00\" \/>\n<meta name=\"twitter:card\" content=\"summary_large_image\" \/>\n<meta name=\"twitter:label1\" content=\"Dur\u00e9e de lecture estim\u00e9e\" \/>\n\t<meta name=\"twitter:data1\" content=\"2 minutes\" \/>\n<script type=\"application\/ld+json\" class=\"yoast-schema-graph\">{\"@context\":\"https:\\\/\\\/schema.org\",\"@graph\":[{\"@type\":\"WebPage\",\"@id\":\"https:\\\/\\\/thern.com\\\/fr\\\/financing\\\/\",\"url\":\"https:\\\/\\\/thern.com\\\/fr\\\/financing\\\/\",\"name\":\"Financement d'\u00e9quipement Thern | Thern\u00ae Winches &amp; Cranes\",\"isPartOf\":{\"@id\":\"https:\\\/\\\/thern.com\\\/fr\\\/#website\"},\"datePublished\":\"2023-08-10T15:10:16+00:00\",\"dateModified\":\"2023-10-05T18:55:18+00:00\",\"description\":\"Obtenez l'\u00e9quipement Thern\u00ae dont vous avez besoin quand vous en avez besoin gr\u00e2ce \u00e0 une option de financement qui vous permet d'acheter maintenant et de payer plus tard selon un calendrier pratique et g\u00e9rable.\",\"breadcrumb\":{\"@id\":\"https:\\\/\\\/thern.com\\\/fr\\\/financing\\\/#breadcrumb\"},\"inLanguage\":\"fr-FR\",\"potentialAction\":[{\"@type\":\"ReadAction\",\"target\":[\"https:\\\/\\\/thern.com\\\/fr\\\/financing\\\/\"]}]},{\"@type\":\"BreadcrumbList\",\"@id\":\"https:\\\/\\\/thern.com\\\/fr\\\/financing\\\/#breadcrumb\",\"itemListElement\":[{\"@type\":\"ListItem\",\"position\":1,\"name\":\"Home\",\"item\":\"https:\\\/\\\/thern.com\\\/fr\\\/\"},{\"@type\":\"ListItem\",\"position\":2,\"name\":\"Financing\"}]},{\"@type\":\"WebSite\",\"@id\":\"https:\\\/\\\/thern.com\\\/fr\\\/#website\",\"url\":\"https:\\\/\\\/thern.com\\\/fr\\\/\",\"name\":\"Thern\u00ae Winches &amp; Cranes\",\"description\":\"Leave the Heavy Lifting to Us\",\"publisher\":{\"@id\":\"https:\\\/\\\/thern.com\\\/fr\\\/#organization\"},\"potentialAction\":[{\"@type\":\"SearchAction\",\"target\":{\"@type\":\"EntryPoint\",\"urlTemplate\":\"https:\\\/\\\/thern.com\\\/fr\\\/?s={search_term_string}\"},\"query-input\":{\"@type\":\"PropertyValueSpecification\",\"valueRequired\":true,\"valueName\":\"search_term_string\"}}],\"inLanguage\":\"fr-FR\"},{\"@type\":\"Organization\",\"@id\":\"https:\\\/\\\/thern.com\\\/fr\\\/#organization\",\"name\":\"Thern\u00ae Winches &amp; Cranes\",\"url\":\"https:\\\/\\\/thern.com\\\/fr\\\/\",\"logo\":{\"@type\":\"ImageObject\",\"inLanguage\":\"fr-FR\",\"@id\":\"https:\\\/\\\/thern.com\\\/fr\\\/#\\\/schema\\\/logo\\\/image\\\/\",\"url\":\"https:\\\/\\\/thern.com\\\/wp-content\\\/uploads\\\/2023\\\/11\\\/Logo_SaveForWeb-outline-FINAL-01.svg\",\"contentUrl\":\"https:\\\/\\\/thern.com\\\/wp-content\\\/uploads\\\/2023\\\/11\\\/Logo_SaveForWeb-outline-FINAL-01.svg\",\"caption\":\"Thern\u00ae Winches &amp; Cranes\"},\"image\":{\"@id\":\"https:\\\/\\\/thern.com\\\/fr\\\/#\\\/schema\\\/logo\\\/image\\\/\"},\"sameAs\":[\"https:\\\/\\\/www.facebook.com\\\/ThernInc\\\/\",\"https:\\\/\\\/www.linkedin.com\\\/company\\\/thern-inc-\\\/\",\"https:\\\/\\\/www.youtube.com\\\/user\\\/ThernStage\"]}]}<\/script>\n<!-- \/ Yoast SEO plugin. -->","yoast_head_json":{"title":"Financement d'\u00e9quipement Thern | Thern\u00ae Winches &amp; Cranes","description":"Obtenez l'\u00e9quipement Thern\u00ae dont vous avez besoin quand vous en avez besoin gr\u00e2ce \u00e0 une option de financement qui vous permet d'acheter maintenant et de payer plus tard selon un calendrier pratique et g\u00e9rable.","robots":{"index":"index","follow":"follow","max-snippet":"max-snippet:-1","max-image-preview":"max-image-preview:large","max-video-preview":"max-video-preview:-1"},"canonical":"https:\/\/thern.com\/fr\/financing\/","og_locale":"fr_FR","og_type":"article","og_title":"Financement d'\u00e9quipement Thern | Thern\u00ae Winches &amp; Cranes","og_description":"Obtenez l'\u00e9quipement Thern\u00ae dont vous avez besoin quand vous en avez besoin gr\u00e2ce \u00e0 une option de financement qui vous permet d'acheter maintenant et de payer plus tard selon un calendrier pratique et g\u00e9rable.","og_url":"https:\/\/thern.com\/fr\/financing\/","og_site_name":"Thern\u00ae Winches &amp; Cranes","article_publisher":"https:\/\/www.facebook.com\/ThernInc\/","article_modified_time":"2023-10-05T18:55:18+00:00","twitter_card":"summary_large_image","twitter_misc":{"Dur\u00e9e de lecture estim\u00e9e":"2 minutes"},"schema":{"@context":"https:\/\/schema.org","@graph":[{"@type":"WebPage","@id":"https:\/\/thern.com\/fr\/financing\/","url":"https:\/\/thern.com\/fr\/financing\/","name":"Financement d'\u00e9quipement Thern | Thern\u00ae Winches &amp; Cranes","isPartOf":{"@id":"https:\/\/thern.com\/fr\/#website"},"datePublished":"2023-08-10T15:10:16+00:00","dateModified":"2023-10-05T18:55:18+00:00","description":"Obtenez l'\u00e9quipement Thern\u00ae dont vous avez besoin quand vous en avez besoin gr\u00e2ce \u00e0 une option de financement qui vous permet d'acheter maintenant et de payer plus tard selon un calendrier pratique et g\u00e9rable.","breadcrumb":{"@id":"https:\/\/thern.com\/fr\/financing\/#breadcrumb"},"inLanguage":"fr-FR","potentialAction":[{"@type":"ReadAction","target":["https:\/\/thern.com\/fr\/financing\/"]}]},{"@type":"BreadcrumbList","@id":"https:\/\/thern.com\/fr\/financing\/#breadcrumb","itemListElement":[{"@type":"ListItem","position":1,"name":"Home","item":"https:\/\/thern.com\/fr\/"},{"@type":"ListItem","position":2,"name":"Financing"}]},{"@type":"WebSite","@id":"https:\/\/thern.com\/fr\/#website","url":"https:\/\/thern.com\/fr\/","name":"Thern\u00ae Winches &amp; Cranes","description":"Leave the Heavy Lifting to Us","publisher":{"@id":"https:\/\/thern.com\/fr\/#organization"},"potentialAction":[{"@type":"SearchAction","target":{"@type":"EntryPoint","urlTemplate":"https:\/\/thern.com\/fr\/?s={search_term_string}"},"query-input":{"@type":"PropertyValueSpecification","valueRequired":true,"valueName":"search_term_string"}}],"inLanguage":"fr-FR"},{"@type":"Organization","@id":"https:\/\/thern.com\/fr\/#organization","name":"Thern\u00ae Winches &amp; Cranes","url":"https:\/\/thern.com\/fr\/","logo":{"@type":"ImageObject","inLanguage":"fr-FR","@id":"https:\/\/thern.com\/fr\/#\/schema\/logo\/image\/","url":"https:\/\/thern.com\/wp-content\/uploads\/2023\/11\/Logo_SaveForWeb-outline-FINAL-01.svg","contentUrl":"https:\/\/thern.com\/wp-content\/uploads\/2023\/11\/Logo_SaveForWeb-outline-FINAL-01.svg","caption":"Thern\u00ae Winches &amp; Cranes"},"image":{"@id":"https:\/\/thern.com\/fr\/#\/schema\/logo\/image\/"},"sameAs":["https:\/\/www.facebook.com\/ThernInc\/","https:\/\/www.linkedin.com\/company\/thern-inc-\/","https:\/\/www.youtube.com\/user\/ThernStage"]}]}},"_links":{"self":[{"href":"https:\/\/thern.com\/fr\/wp-json\/wp\/v2\/pages\/31648","targetHints":{"allow":["GET"]}}],"collection":[{"href":"https:\/\/thern.com\/fr\/wp-json\/wp\/v2\/pages"}],"about":[{"href":"https:\/\/thern.com\/fr\/wp-json\/wp\/v2\/types\/page"}],"author":[{"embeddable":true,"href":"https:\/\/thern.com\/fr\/wp-json\/wp\/v2\/users\/1"}],"replies":[{"embeddable":true,"href":"https:\/\/thern.com\/fr\/wp-json\/wp\/v2\/comments?post=31648"}],"version-history":[{"count":0,"href":"https:\/\/thern.com\/fr\/wp-json\/wp\/v2\/pages\/31648\/revisions"}],"wp:attachment":[{"href":"https:\/\/thern.com\/fr\/wp-json\/wp\/v2\/media?parent=31648"}],"curies":[{"name":"wp","href":"https:\/\/api.w.org\/{rel}","templated":true}]}}