{"id":31633,"date":"2023-08-24T17:30:42","date_gmt":"2023-08-24T17:30:42","guid":{"rendered":"https:\/\/therninc.wpenginepowered.com\/winches\/electric-controls\/"},"modified":"2023-10-05T18:44:00","modified_gmt":"2023-10-05T18:44:00","slug":"electric-controls","status":"publish","type":"page","link":"https:\/\/thern.com\/fr\/winches\/electric-controls\/","title":{"rendered":"Control Systems"},"content":{"rendered":"<div class=\"wpb-content-wrapper\"><p>[vc_section full_width=\u00a0\u00bbstretch_row\u00a0\u00bb content_placement=\u00a0\u00bbmiddle\u00a0\u00bb css=\u00a0\u00bb.vc_custom_1692898035275{padding-top: 0px !important;background-image: url(https:\/\/thern.com\/wp-content\/uploads\/2023\/07\/Asset-1.png?id=344) !important;background-position: center !important;background-repeat: no-repeat !important;background-size: cover !important;}\u00a0\u00bb][vc_row full_width=\u00a0\u00bbstretch_row\u00a0\u00bb css=\u00a0\u00bb.vc_custom_1692898018535{padding-top: 50px !important;padding-bottom: 70px !important;background-color: rgba(0,0,0,0.5) !important;*background-color: rgb(0,0,0) !important;}\u00a0\u00bb][vc_column][vc_custom_heading text=\u00a0\u00bbSyst\u00e8mes de contr\u00f4le\u00a0\u00bb font_container=\u00a0\u00bbtag:h1|text_align:left|color:%23ffffff\u00a0\u00bb use_theme_fonts=\u00a0\u00bbyes\u00a0\u00bb css_animation=\u00a0\u00bbfadeInLeft\u00a0\u00bb][\/vc_column][\/vc_row][\/vc_section][vc_row full_width=\u00a0\u00bbstretch_row\u00a0\u00bb css=\u00a0\u00bb.vc_custom_1692898264681{padding-top: 35px !important;}\u00a0\u00bb el_class=\u00a0\u00bbresource-btn-container\u00a0\u00bb][vc_column css_animation=\u00a0\u00bbfadeInUp\u00a0\u00bb][vc_custom_heading text=\u00a0\u00bbSyst\u00e8mes de commande \u00e9lectrique Thern pour treuils\u00a0\u00bb font_container=\u00a0\u00bbtag:h2|text_align:center|color:%23990000&Prime; use_theme_fonts=\u00a0\u00bbyes\u00a0\u00bb][vc_column_text]<\/p>\n<p style=\"text-align: center;\">Chaque projet est diff\u00e9rent et Thern, Inc. comprend la valeur d&rsquo;un syst\u00e8me sur mesure. En utilisant uniquement des composants UL de haute qualit\u00e9, nous pouvons concevoir et construire un syst\u00e8me de contr\u00f4le personnalis\u00e9 \u00e0 valeur ajout\u00e9e selon vos sp\u00e9cifications exactes et les exigences de votre projet.<\/p>\n<p style=\"text-align: center;\">Nous proposons une grande vari\u00e9t\u00e9 d&rsquo;options de commande, depuis les commandes de moteur de treuil \u00e9lectrique, les syst\u00e8mes de t\u00e9l\u00e9commande de treuil, les commandes de moteur \u00e0 vitesse unique pour les treuils et les commandes de moteur \u00e0 vitesse variable pour les treuils. Syst\u00e8mes de commande de treuil \u00e9lectrique avec interrupteurs et panneaux de commande qui permettent \u00e0 votre \u00e9quipe de contr\u00f4ler vos op\u00e9rations.<\/p>\n<p>[\/vc_column_text][\/vc_column][\/vc_row][vc_row full_width=\u00a0\u00bbstretch_row\u00a0\u00bb css=\u00a0\u00bb.vc_custom_1689106296317{padding-top: 35px !important;padding-bottom: 35px !important;}\u00a0\u00bb el_class=\u00a0\u00bbresource-btn-container\u00a0\u00bb][vc_column css_animation=\u00a0\u00bbfadeInLeft\u00a0\u00bb width=\u00a0\u00bb1\/2&Prime;][vc_btn title=\u00a0\u00bbCommandes de moteur \u00e0 vitesse unique\u00a0\u00bb shape=\u00a0\u00bbsquare\u00a0\u00bb color=\u00a0\u00bbwhite\u00a0\u00bb size=\u00a0\u00bblg\u00a0\u00bb align=\u00a0\u00bbcenter\u00a0\u00bb button_block=\u00a0\u00bbtrue\u00a0\u00bb link=\u00a0\u00bburl:%2Fwp-content%2Fuploads%2F2023%2F08%2FWireless-Controls-Product-Sheet.pdf|title:View%20Single-Speed%20Motor%20Controls|target:_blank\u00a0\u00bb el_class=\u00a0\u00bbwhite-btn\u00a0\u00bb][vc_btn title=\u00a0\u00bbCommandes de moteur sans fil \u00e0 une vitesse\u00a0\u00bb shape=\u00a0\u00bbsquare\u00a0\u00bb color=\u00a0\u00bbwhite\u00a0\u00bb size=\u00a0\u00bblg\u00a0\u00bb align=\u00a0\u00bbcenter\u00a0\u00bb button_block=\u00a0\u00bbtrue\u00a0\u00bb link=\u00a0\u00bburl:%2Fwp-content%2Fuploads%2F2023%2F08%2FWireless-Controls-Product-Sheet.pdf|title:View%20Wireless%20Single-Speed%20Motor%20Controls|target:_blank\u00a0\u00bb el_class=\u00a0\u00bbwhite-btn\u00a0\u00bb][\/vc_column][vc_column css_animation=\u00a0\u00bbfadeInRight\u00a0\u00bb width=\u00a0\u00bb1\/2&Prime;][vc_btn title=\u00a0\u00bbCommandes de moteur \u00e0 vitesse variable\u00a0\u00bb shape=\u00a0\u00bbsquare\u00a0\u00bb color=\u00a0\u00bbwhite\u00a0\u00bb size=\u00a0\u00bblg\u00a0\u00bb align=\u00a0\u00bbcenter\u00a0\u00bb button_block=\u00a0\u00bbtrue\u00a0\u00bb link=\u00a0\u00bburl:%2Fwp-content%2Fuploads%2F2023%2F08%2FWireless-Controls-Product-Sheet.pdf|title:View%20Variable-Speed%20Motor%20Controls|target:_blank\u00a0\u00bb el_class=\u00a0\u00bbwhite-btn\u00a0\u00bb][vc_btn title=\u00a0\u00bbSyst\u00e8mes de contr\u00f4le personnalis\u00e9s\u00a0\u00bb shape=\u00a0\u00bbsquare\u00a0\u00bb color=\u00a0\u00bbwhite\u00a0\u00bb size=\u00a0\u00bblg\u00a0\u00bb align=\u00a0\u00bbcenter\u00a0\u00bb button_block=\u00a0\u00bbtrue\u00a0\u00bb link=\u00a0\u00bburl:%2Fwp-content%2Fuploads%2F2023%2F08%2FWireless-Controls-Product-Sheet.pdf|title:View%20Custom%20Control%20Systems|target:_blank\u00a0\u00bb el_class=\u00a0\u00bbwhite-btn\u00a0\u00bb][\/vc_column][\/vc_row]<\/p>\n<\/div>","protected":false},"excerpt":{"rendered":"<p>[vc_section full_width=\u00a0\u00bbstretch_row\u00a0\u00bb content_placement=\u00a0\u00bbmiddle\u00a0\u00bb css=\u00a0\u00bb.vc_custom_1692898035275{padding-top: 0px !important;background-image: url(https:\/\/thern.com\/wp-content\/uploads\/2023\/07\/Asset-1.png?id=344) !important;background-position: center !important;background-repeat: no-repeat !important;background-size: cover !important;}\u00a0\u00bb][vc_row full_width=\u00a0\u00bbstretch_row\u00a0\u00bb css=\u00a0\u00bb.vc_custom_1692898018535{padding-top: 50px !important;padding-bottom: 70px !important;background-color: rgba(0,0,0,0.5) !important;*background-color: rgb(0,0,0) !important;}\u00a0\u00bb][vc_column][vc_custom_heading text=\u00a0\u00bbSyst\u00e8mes de contr\u00f4le\u00a0\u00bb font_container=\u00a0\u00bbtag:h1|text_align:left|color:%23ffffff\u00a0\u00bb use_theme_fonts=\u00a0\u00bbyes\u00a0\u00bb css_animation=\u00a0\u00bbfadeInLeft\u00a0\u00bb][\/vc_column][\/vc_row][\/vc_section][vc_row full_width=\u00a0\u00bbstretch_row\u00a0\u00bb css=\u00a0\u00bb.vc_custom_1692898264681{padding-top: 35px !important;}\u00a0\u00bb el_class=\u00a0\u00bbresource-btn-container\u00a0\u00bb][vc_column css_animation=\u00a0\u00bbfadeInUp\u00a0\u00bb][vc_custom_heading text=\u00a0\u00bbSyst\u00e8mes de commande \u00e9lectrique Thern pour treuils\u00a0\u00bb font_container=\u00a0\u00bbtag:h2|text_align:center|color:%23990000&Prime; use_theme_fonts=\u00a0\u00bbyes\u00a0\u00bb][vc_column_text] Chaque projet est diff\u00e9rent et Thern, Inc. comprend la valeur &#8230; <a title=\"Control Systems\" class=\"read-more\" href=\"https:\/\/thern.com\/fr\/winches\/electric-controls\/\" aria-label=\"More on Control Systems\">Read more<\/a><\/p>\n","protected":false},"author":1,"featured_media":0,"parent":30939,"menu_order":0,"comment_status":"closed","ping_status":"closed","template":"","meta":{"footnotes":""},"class_list":["post-31633","page","type-page","status-publish"],"yoast_head":"<!-- This site is optimized with the Yoast SEO plugin v27.4 - https:\/\/yoast.com\/product\/yoast-seo-wordpress\/ -->\n<title>Syst\u00e8mes de commande \u00e9lectrique pour treuils | Thern\u00ae Winches &amp; Cranes<\/title>\n<meta name=\"description\" content=\"Thern fournit des commandes de moteur de treuil \u00e9lectrique, des syst\u00e8mes de t\u00e9l\u00e9commande de treuil, des commandes de moteur \u00e0 vitesse unique et \u00e0 vitesse variable pour les treuils.\" \/>\n<meta name=\"robots\" content=\"index, follow, max-snippet:-1, max-image-preview:large, max-video-preview:-1\" \/>\n<link rel=\"canonical\" href=\"https:\/\/thern.com\/fr\/winches\/electric-controls\/\" \/>\n<meta property=\"og:locale\" content=\"fr_FR\" \/>\n<meta property=\"og:type\" content=\"article\" \/>\n<meta property=\"og:title\" content=\"Syst\u00e8mes de commande \u00e9lectrique pour treuils | Thern\u00ae Winches &amp; Cranes\" \/>\n<meta property=\"og:description\" content=\"Thern fournit des commandes de moteur de treuil \u00e9lectrique, des syst\u00e8mes de t\u00e9l\u00e9commande de treuil, des commandes de moteur \u00e0 vitesse unique et \u00e0 vitesse variable pour les treuils.\" \/>\n<meta property=\"og:url\" content=\"https:\/\/thern.com\/fr\/winches\/electric-controls\/\" \/>\n<meta property=\"og:site_name\" content=\"Thern\u00ae Winches &amp; Cranes\" \/>\n<meta property=\"article:publisher\" content=\"https:\/\/www.facebook.com\/ThernInc\/\" \/>\n<meta property=\"article:modified_time\" content=\"2023-10-05T18:44:00+00:00\" \/>\n<meta name=\"twitter:card\" content=\"summary_large_image\" \/>\n<meta name=\"twitter:label1\" content=\"Dur\u00e9e de lecture estim\u00e9e\" \/>\n\t<meta name=\"twitter:data1\" content=\"1 minute\" \/>\n<script type=\"application\/ld+json\" class=\"yoast-schema-graph\">{\"@context\":\"https:\\\/\\\/schema.org\",\"@graph\":[{\"@type\":\"WebPage\",\"@id\":\"https:\\\/\\\/thern.com\\\/fr\\\/winches\\\/electric-controls\\\/\",\"url\":\"https:\\\/\\\/thern.com\\\/fr\\\/winches\\\/electric-controls\\\/\",\"name\":\"Syst\u00e8mes de commande \u00e9lectrique pour treuils | Thern\u00ae Winches &amp; Cranes\",\"isPartOf\":{\"@id\":\"https:\\\/\\\/thern.com\\\/fr\\\/#website\"},\"datePublished\":\"2023-08-24T17:30:42+00:00\",\"dateModified\":\"2023-10-05T18:44:00+00:00\",\"description\":\"Thern fournit des commandes de moteur de treuil \u00e9lectrique, des syst\u00e8mes de t\u00e9l\u00e9commande de treuil, des commandes de moteur \u00e0 vitesse unique et \u00e0 vitesse variable pour les treuils.\",\"breadcrumb\":{\"@id\":\"https:\\\/\\\/thern.com\\\/fr\\\/winches\\\/electric-controls\\\/#breadcrumb\"},\"inLanguage\":\"fr-FR\",\"potentialAction\":[{\"@type\":\"ReadAction\",\"target\":[\"https:\\\/\\\/thern.com\\\/fr\\\/winches\\\/electric-controls\\\/\"]}]},{\"@type\":\"BreadcrumbList\",\"@id\":\"https:\\\/\\\/thern.com\\\/fr\\\/winches\\\/electric-controls\\\/#breadcrumb\",\"itemListElement\":[{\"@type\":\"ListItem\",\"position\":1,\"name\":\"Home\",\"item\":\"https:\\\/\\\/thern.com\\\/fr\\\/\"},{\"@type\":\"ListItem\",\"position\":2,\"name\":\"Winches\",\"item\":\"https:\\\/\\\/thern.com\\\/fr\\\/winches\\\/\"},{\"@type\":\"ListItem\",\"position\":3,\"name\":\"Control Systems\"}]},{\"@type\":\"WebSite\",\"@id\":\"https:\\\/\\\/thern.com\\\/fr\\\/#website\",\"url\":\"https:\\\/\\\/thern.com\\\/fr\\\/\",\"name\":\"Thern\u00ae Winches &amp; Cranes\",\"description\":\"Leave the Heavy Lifting to Us\",\"publisher\":{\"@id\":\"https:\\\/\\\/thern.com\\\/fr\\\/#organization\"},\"potentialAction\":[{\"@type\":\"SearchAction\",\"target\":{\"@type\":\"EntryPoint\",\"urlTemplate\":\"https:\\\/\\\/thern.com\\\/fr\\\/?s={search_term_string}\"},\"query-input\":{\"@type\":\"PropertyValueSpecification\",\"valueRequired\":true,\"valueName\":\"search_term_string\"}}],\"inLanguage\":\"fr-FR\"},{\"@type\":\"Organization\",\"@id\":\"https:\\\/\\\/thern.com\\\/fr\\\/#organization\",\"name\":\"Thern\u00ae Winches &amp; Cranes\",\"url\":\"https:\\\/\\\/thern.com\\\/fr\\\/\",\"logo\":{\"@type\":\"ImageObject\",\"inLanguage\":\"fr-FR\",\"@id\":\"https:\\\/\\\/thern.com\\\/fr\\\/#\\\/schema\\\/logo\\\/image\\\/\",\"url\":\"https:\\\/\\\/thern.com\\\/wp-content\\\/uploads\\\/2023\\\/11\\\/Logo_SaveForWeb-outline-FINAL-01.svg\",\"contentUrl\":\"https:\\\/\\\/thern.com\\\/wp-content\\\/uploads\\\/2023\\\/11\\\/Logo_SaveForWeb-outline-FINAL-01.svg\",\"caption\":\"Thern\u00ae Winches &amp; Cranes\"},\"image\":{\"@id\":\"https:\\\/\\\/thern.com\\\/fr\\\/#\\\/schema\\\/logo\\\/image\\\/\"},\"sameAs\":[\"https:\\\/\\\/www.facebook.com\\\/ThernInc\\\/\",\"https:\\\/\\\/www.linkedin.com\\\/company\\\/thern-inc-\\\/\",\"https:\\\/\\\/www.youtube.com\\\/user\\\/ThernStage\"]}]}<\/script>\n<!-- \/ Yoast SEO plugin. -->","yoast_head_json":{"title":"Syst\u00e8mes de commande \u00e9lectrique pour treuils | Thern\u00ae Winches &amp; Cranes","description":"Thern fournit des commandes de moteur de treuil \u00e9lectrique, des syst\u00e8mes de t\u00e9l\u00e9commande de treuil, des commandes de moteur \u00e0 vitesse unique et \u00e0 vitesse variable pour les treuils.","robots":{"index":"index","follow":"follow","max-snippet":"max-snippet:-1","max-image-preview":"max-image-preview:large","max-video-preview":"max-video-preview:-1"},"canonical":"https:\/\/thern.com\/fr\/winches\/electric-controls\/","og_locale":"fr_FR","og_type":"article","og_title":"Syst\u00e8mes de commande \u00e9lectrique pour treuils | Thern\u00ae Winches &amp; Cranes","og_description":"Thern fournit des commandes de moteur de treuil \u00e9lectrique, des syst\u00e8mes de t\u00e9l\u00e9commande de treuil, des commandes de moteur \u00e0 vitesse unique et \u00e0 vitesse variable pour les treuils.","og_url":"https:\/\/thern.com\/fr\/winches\/electric-controls\/","og_site_name":"Thern\u00ae Winches &amp; Cranes","article_publisher":"https:\/\/www.facebook.com\/ThernInc\/","article_modified_time":"2023-10-05T18:44:00+00:00","twitter_card":"summary_large_image","twitter_misc":{"Dur\u00e9e de lecture estim\u00e9e":"1 minute"},"schema":{"@context":"https:\/\/schema.org","@graph":[{"@type":"WebPage","@id":"https:\/\/thern.com\/fr\/winches\/electric-controls\/","url":"https:\/\/thern.com\/fr\/winches\/electric-controls\/","name":"Syst\u00e8mes de commande \u00e9lectrique pour treuils | Thern\u00ae Winches &amp; Cranes","isPartOf":{"@id":"https:\/\/thern.com\/fr\/#website"},"datePublished":"2023-08-24T17:30:42+00:00","dateModified":"2023-10-05T18:44:00+00:00","description":"Thern fournit des commandes de moteur de treuil \u00e9lectrique, des syst\u00e8mes de t\u00e9l\u00e9commande de treuil, des commandes de moteur \u00e0 vitesse unique et \u00e0 vitesse variable pour les treuils.","breadcrumb":{"@id":"https:\/\/thern.com\/fr\/winches\/electric-controls\/#breadcrumb"},"inLanguage":"fr-FR","potentialAction":[{"@type":"ReadAction","target":["https:\/\/thern.com\/fr\/winches\/electric-controls\/"]}]},{"@type":"BreadcrumbList","@id":"https:\/\/thern.com\/fr\/winches\/electric-controls\/#breadcrumb","itemListElement":[{"@type":"ListItem","position":1,"name":"Home","item":"https:\/\/thern.com\/fr\/"},{"@type":"ListItem","position":2,"name":"Winches","item":"https:\/\/thern.com\/fr\/winches\/"},{"@type":"ListItem","position":3,"name":"Control Systems"}]},{"@type":"WebSite","@id":"https:\/\/thern.com\/fr\/#website","url":"https:\/\/thern.com\/fr\/","name":"Thern\u00ae Winches &amp; Cranes","description":"Leave the Heavy Lifting to Us","publisher":{"@id":"https:\/\/thern.com\/fr\/#organization"},"potentialAction":[{"@type":"SearchAction","target":{"@type":"EntryPoint","urlTemplate":"https:\/\/thern.com\/fr\/?s={search_term_string}"},"query-input":{"@type":"PropertyValueSpecification","valueRequired":true,"valueName":"search_term_string"}}],"inLanguage":"fr-FR"},{"@type":"Organization","@id":"https:\/\/thern.com\/fr\/#organization","name":"Thern\u00ae Winches &amp; Cranes","url":"https:\/\/thern.com\/fr\/","logo":{"@type":"ImageObject","inLanguage":"fr-FR","@id":"https:\/\/thern.com\/fr\/#\/schema\/logo\/image\/","url":"https:\/\/thern.com\/wp-content\/uploads\/2023\/11\/Logo_SaveForWeb-outline-FINAL-01.svg","contentUrl":"https:\/\/thern.com\/wp-content\/uploads\/2023\/11\/Logo_SaveForWeb-outline-FINAL-01.svg","caption":"Thern\u00ae Winches &amp; Cranes"},"image":{"@id":"https:\/\/thern.com\/fr\/#\/schema\/logo\/image\/"},"sameAs":["https:\/\/www.facebook.com\/ThernInc\/","https:\/\/www.linkedin.com\/company\/thern-inc-\/","https:\/\/www.youtube.com\/user\/ThernStage"]}]}},"_links":{"self":[{"href":"https:\/\/thern.com\/fr\/wp-json\/wp\/v2\/pages\/31633","targetHints":{"allow":["GET"]}}],"collection":[{"href":"https:\/\/thern.com\/fr\/wp-json\/wp\/v2\/pages"}],"about":[{"href":"https:\/\/thern.com\/fr\/wp-json\/wp\/v2\/types\/page"}],"author":[{"embeddable":true,"href":"https:\/\/thern.com\/fr\/wp-json\/wp\/v2\/users\/1"}],"replies":[{"embeddable":true,"href":"https:\/\/thern.com\/fr\/wp-json\/wp\/v2\/comments?post=31633"}],"version-history":[{"count":0,"href":"https:\/\/thern.com\/fr\/wp-json\/wp\/v2\/pages\/31633\/revisions"}],"up":[{"embeddable":true,"href":"https:\/\/thern.com\/fr\/wp-json\/wp\/v2\/pages\/30939"}],"wp:attachment":[{"href":"https:\/\/thern.com\/fr\/wp-json\/wp\/v2\/media?parent=31633"}],"curies":[{"name":"wp","href":"https:\/\/api.w.org\/{rel}","templated":true}]}}