{"id":31515,"date":"2023-08-16T20:13:24","date_gmt":"2023-08-16T20:13:24","guid":{"rendered":"https:\/\/therninc.wpenginepowered.com\/rescue-rated-series\/"},"modified":"2023-12-06T18:38:05","modified_gmt":"2023-12-06T18:38:05","slug":"rescue-rated-series","status":"publish","type":"page","link":"https:\/\/thern.com\/fr\/cranes\/portable-davit-cranes\/rescue-rated-series\/","title":{"rendered":"Rescue-Rated Series"},"content":{"rendered":"<div class=\"wpb-content-wrapper\"><p>[vc_section full_width=\u00a0\u00bbstretch_row\u00a0\u00bb content_placement=\u00a0\u00bbmiddle\u00a0\u00bb css=\u00a0\u00bb.vc_custom_1692043564683{padding-top: 0px !important;background-image: url(https:\/\/thern.com\/wp-content\/uploads\/2023\/08\/Thern_Thern-Advantage-Difference.jpg?id=22385) !important;background-position: center !important;background-repeat: no-repeat !important;background-size: cover !important;}\u00a0\u00bb][vc_row full_width=\u00a0\u00bbstretch_row\u00a0\u00bb css=\u00a0\u00bb.vc_custom_1691686038929{padding-top: 50px !important;padding-bottom: 70px !important;background-color: rgba(0,0,0,0.35) !important;*background-color: rgb(0,0,0) !important;}\u00a0\u00bb][vc_column][vc_custom_heading text=\u00a0\u00bbRescue-Rated S\u00e9rie\u00a0\u00bb font_container=\u00a0\u00bbtag:h1|text_align:left|color:%23ffffff\u00a0\u00bb use_theme_fonts=\u00a0\u00bbyes\u00a0\u00bb css_animation=\u00a0\u00bbfadeInLeft\u00a0\u00bb][\/vc_column][\/vc_row][\/vc_section][vc_row full_width=\u00a0\u00bbstretch_row\u00a0\u00bb css=\u00a0\u00bb.vc_custom_1692039753206{padding-top: 65px !important;padding-bottom: 35px !important;}\u00a0\u00bb][vc_column css_animation=\u00a0\u00bbfadeInLeft\u00a0\u00bb width=\u00a0\u00bb1\/2&Prime;][vc_column_text]Conservant les m\u00eames avantages en mati\u00e8re de qualit\u00e9 et de manutention que la s\u00e9rie Commander\u00ae d&rsquo;origine, les grues de la s\u00e9rie Rescue\u2010Rated sont d\u00e9sormais disponibles dans de nouvelles configurations qui \u00e9tendent leurs performances sup\u00e9rieures \u00e0 l&rsquo;ar\u00e8ne de sauvetage du personnel.[\/vc_column_text][vc_custom_heading text=\u00a0\u00bbFaits rapides\u00a0\u00bb font_container=\u00a0\u00bbtag:h4|text_align:left|color:%23000000&Prime; use_theme_fonts=\u00a0\u00bbyes\u00a0\u00bb][vc_column_text]<\/p>\n<ul>\n<li>Capacit\u00e9s de charge jusqu&rsquo;\u00e0 2 000 lb (905 kg)<\/li>\n<li>Robuste et abordable<\/li>\n<li>Op\u00e9ration manuelle<\/li>\n<li>Pivote \u00e0 360\u00ba<\/li>\n<li>Portable<\/li>\n<li>Assemblage\/d\u00e9montage sans outils<\/li>\n<li>5 finitions r\u00e9sistantes \u00e0 la corrosion<\/li>\n<li>Vari\u00e9t\u00e9 de bases<\/li>\n<li>Garantie standard de 2 ans<\/li>\n<\/ul>\n<p>[\/vc_column_text][vc_custom_heading text=\u00a0\u00bbMod\u00e8les de s\u00e9rie\u00a0\u00bb font_container=\u00a0\u00bbtag:h4|text_align:left|color:%23000000&Prime; use_theme_fonts=\u00a0\u00bbyes\u00a0\u00bb][vc_column_text]<\/p>\n<ul>\n<li>5PT10R-M2R<\/li>\n<li>5PT10RS-M2R<\/li>\n<li>5PT10RS-M2RX<\/li>\n<li>5PT20R-M2R<\/li>\n<li>5PT20RS-M2R<\/li>\n<li>5PT20RS-M2RX<\/li>\n<\/ul>\n<p>[\/vc_column_text][vc_custom_heading text=\u00a0\u00bbBesoin d&rsquo;un devis ?\u00a0\u00bb font_container=\u00a0\u00bbtag:h4|text_align:left|color:%23000000&Prime; use_theme_fonts=\u00a0\u00bbyes\u00a0\u00bb][vc_column_text]Si vous n&rsquo;\u00eates pas s\u00fbr du produit dont vous avez besoin et souhaitez un devis, veuillez remplir un formulaire de demande.[\/vc_column_text][vc_btn title=\u00a0\u00bbObtenez un devis\u00a0\u00bb style=\u00a0\u00bbcustom\u00a0\u00bb custom_background=\u00a0\u00bb#c71a32&Prime; custom_text=\u00a0\u00bb#ffffff\u00a0\u00bb shape=\u00a0\u00bbsquare\u00a0\u00bb size=\u00a0\u00bblg\u00a0\u00bb align=\u00a0\u00bbleft\u00a0\u00bb i_align=\u00a0\u00bbright\u00a0\u00bb i_icon_fontawesome=\u00a0\u00bbfas fa-angle-right\u00a0\u00bb add_icon=\u00a0\u00bbtrue\u00a0\u00bb link=\u00a0\u00bburl:%2Ffr%2Fcontact%2F%3Fquery_type%3Dcrane-inquiry|title:Crane%20Inquiry\u00a0\u00bb][\/vc_column][vc_column css_animation=\u00a0\u00bbfadeInRight\u00a0\u00bb width=\u00a0\u00bb1\/2&Prime;][vc_single_image image=\u00a0\u00bb22790&Prime; img_size=\u00a0\u00bbfull\u00a0\u00bb alignment=\u00a0\u00bbcenter\u00a0\u00bb][vc_row_inner][vc_column_inner width=\u00a0\u00bb1\/4&Prime;][vc_single_image image=\u00a0\u00bb22667&Prime; img_size=\u00a0\u00bbfull\u00a0\u00bb el_class=\u00a0\u00bbiso-img\u00a0\u00bb][\/vc_column_inner][vc_column_inner width=\u00a0\u00bb3\/4&Prime;][vc_column_text]<em><strong>Rescue-Rated Series<\/strong> \u2014 Grue mod\u00e8le 5PT20R-M2R.<\/em>[\/vc_column_text][\/vc_column_inner][\/vc_row_inner][\/vc_column][\/vc_row][vc_row css_animation=\u00a0\u00bbfadeInUp\u00a0\u00bb][vc_column][vc_separator border_width=\u00a0\u00bb2&Prime;][\/vc_column][\/vc_row][vc_row css_animation=\u00a0\u00bbfadeInUp\u00a0\u00bb css=\u00a0\u00bb.vc_custom_1695053825712{padding-top: 35px !important;padding-bottom: 35px !important;}\u00a0\u00bb][vc_column][vc_tta_tabs section_title_tag=\u00a0\u00bbp\u00a0\u00bb shape=\u00a0\u00bbsquare\u00a0\u00bb color=\u00a0\u00bbwhite\u00a0\u00bb spacing=\u00a0\u00bb3&Prime; active_section=\u00a0\u00bb1&Prime; el_class=\u00a0\u00bbproduct-table\u00a0\u00bb][vc_tta_section title=\u00a0\u00bbConfigurations\u00a0\u00bb tab_id=\u00a0\u00bb1692039789424-f80bec7a-17bd\u00a0\u00bb][vc_single_image image=\u00a0\u00bb28482&Prime; img_size=\u00a0\u00bbfull\u00a0\u00bb alignment=\u00a0\u00bbcenter\u00a0\u00bb onclick=\u00a0\u00bbimg_link_large\u00a0\u00bb][\/vc_tta_section][vc_tta_section title=\u00a0\u00bbFeatures\u00a0\u00bb tab_id=\u00a0\u00bb1692207850226-d4d67dc2-b36d\u00a0\u00bb][vc_raw_html]JTVCc3BfZWFzeWFjY29yZGlvbiUyMGlkJTNEJTIyMjI3OTMlMjIlNUQ=[\/vc_raw_html][\/vc_tta_section][vc_tta_section title=\u00a0\u00bbPerformance Specs\u00a0\u00bb tab_id=\u00a0\u00bb1692039789431-ca69a18a-2782&Prime;][vc_single_image image=\u00a0\u00bb23333&Prime; img_size=\u00a0\u00bbfull\u00a0\u00bb alignment=\u00a0\u00bbcenter\u00a0\u00bb onclick=\u00a0\u00bbimg_link_large\u00a0\u00bb][vc_raw_html]JTVCc3BfZWFzeWFjY29yZGlvbiUyMGlkJTNEJTIyMjI3OTQlMjIlNUQ=[\/vc_raw_html][\/vc_tta_section][vc_tta_section title=\u00a0\u00bbDimensions\u00a0\u00bb tab_id=\u00a0\u00bb1692039955917-a587e6bc-620b\u00a0\u00bb][vc_raw_html]JTVCc3BfZWFzeWFjY29yZGlvbiUyMGlkJTNEJTIyMjI3OTYlMjIlNUQ=[\/vc_raw_html][\/vc_tta_section][vc_tta_section title=\u00a0\u00bbResources\u00a0\u00bb tab_id=\u00a0\u00bb1692039964442-bee59ceb-d9fb\u00a0\u00bb][vc_column_text]<\/p>\n<h4>Owner&rsquo;s Manual<\/h4>\n<p><a href=\"\/wp-content\/uploads\/2023\/08\/A30470-5PT-R-supplement.pdf\" target=\"_blank\" rel=\"noopener\">Rescue-Rated Series (A30470-5PT-R)<\/a><\/p>\n<h4>Product Sheet<\/h4>\n<p><a href=\"\/wp-content\/uploads\/2023\/08\/PSRRDC-A-0623.pdf\" target=\"_blank\" rel=\"noopener\">Rescue-Rated Series (PSRRDC-A-0623)<\/a><\/p>\n<h4>At A Glance<\/h4>\n<p><a href=\"\/wp-content\/uploads\/2023\/08\/Thern-Davit-Cranes-at-a-Glance_DAAG-A-0221.pdf\" target=\"_blank\" rel=\"noopener\">Thern Davit Cranes At A Glance<\/a><\/p>\n<h4>Industrial Brochure<\/h4>\n<p><a href=\"\/wp-content\/uploads\/2023\/08\/Thern-Industrial-Brochure_BRIN-A-0221.pdf\" target=\"_blank\" rel=\"noopener\">Thern Industrial Brochure (BRIN-A-0221)<\/a>[\/vc_column_text][\/vc_tta_section][\/vc_tta_tabs][\/vc_column][\/vc_row][vc_row full_width=\u00a0\u00bbstretch_row\u00a0\u00bb css=\u00a0\u00bb.vc_custom_1692043286515{padding-top: 35px !important;padding-bottom: 65px !important;background-color: #ececec !important;}\u00a0\u00bb el_class=\u00a0\u00bbfrequently-paired-with\u00a0\u00bb][vc_column][vc_custom_heading text=\u00a0\u00bbEmparejado frecuentemente con\u00a0\u00bb font_container=\u00a0\u00bbtag:h2|text_align:center|color:%23000000&Prime; use_theme_fonts=\u00a0\u00bbyes\u00a0\u00bb css_animation=\u00a0\u00bbfadeInUp\u00a0\u00bb css=\u00a0\u00bb.vc_custom_1696346217033{padding-bottom: 35px !important;}\u00a0\u00bb][\/vc_column][vc_column css_animation=\u00a0\u00bbfadeInUp\u00a0\u00bb width=\u00a0\u00bb1\/3&Prime;][vc_single_image image=\u00a0\u00bb22695&Prime; img_size=\u00a0\u00bbfull\u00a0\u00bb alignment=\u00a0\u00bbcenter\u00a0\u00bb onclick=\u00a0\u00bbcustom_link\u00a0\u00bb link=\u00a0\u00bb\/es\/custom-engineering-services\/\u00a0\u00bb][vc_custom_heading text=\u00a0\u00bbGr\u00faas y cabrestantes personalizados\u00a0\u00bb font_container=\u00a0\u00bbtag:h4|text_align:center|color:%23000000&Prime; use_theme_fonts=\u00a0\u00bbyes\u00a0\u00bb][\/vc_column][vc_column css_animation=\u00a0\u00bbfadeInUp\u00a0\u00bb width=\u00a0\u00bb1\/3&Prime;][vc_single_image image=\u00a0\u00bb22696&Prime; img_size=\u00a0\u00bbfull\u00a0\u00bb alignment=\u00a0\u00bbcenter\u00a0\u00bb onclick=\u00a0\u00bbcustom_link\u00a0\u00bb link=\u00a0\u00bb\/es\/winches\/electric-controls\/\u00a0\u00bb][vc_custom_heading text=\u00a0\u00bbControles el\u00e9ctricos\u00a0\u00bb font_container=\u00a0\u00bbtag:h4|text_align:center|color:%23000000&Prime; use_theme_fonts=\u00a0\u00bbyes\u00a0\u00bb][\/vc_column][vc_column css_animation=\u00a0\u00bbfadeInUp\u00a0\u00bb width=\u00a0\u00bb1\/3&Prime;][vc_single_image image=\u00a0\u00bb22697&Prime; img_size=\u00a0\u00bbfull\u00a0\u00bb alignment=\u00a0\u00bbcenter\u00a0\u00bb onclick=\u00a0\u00bbcustom_link\u00a0\u00bb link=\u00a0\u00bb\/es\/ropes-and-rigging\/\u00a0\u00bb][vc_custom_heading text=\u00a0\u00bbConjuntos de cables met\u00e1licos\u00a0\u00bb font_container=\u00a0\u00bbtag:h4|text_align:center|color:%23000000&Prime; use_theme_fonts=\u00a0\u00bbyes\u00a0\u00bb][\/vc_column][\/vc_row]<\/p>\n<\/div>","protected":false},"excerpt":{"rendered":"<p>[vc_section full_width=\u00a0\u00bbstretch_row\u00a0\u00bb content_placement=\u00a0\u00bbmiddle\u00a0\u00bb css=\u00a0\u00bb.vc_custom_1692043564683{padding-top: 0px !important;background-image: url(https:\/\/thern.com\/wp-content\/uploads\/2023\/08\/Thern_Thern-Advantage-Difference.jpg?id=22385) !important;background-position: center !important;background-repeat: no-repeat !important;background-size: cover !important;}\u00a0\u00bb][vc_row full_width=\u00a0\u00bbstretch_row\u00a0\u00bb css=\u00a0\u00bb.vc_custom_1691686038929{padding-top: 50px !important;padding-bottom: 70px !important;background-color: rgba(0,0,0,0.35) !important;*background-color: rgb(0,0,0) !important;}\u00a0\u00bb][vc_column][vc_custom_heading text=\u00a0\u00bbRescue-Rated S\u00e9rie\u00a0\u00bb font_container=\u00a0\u00bbtag:h1|text_align:left|color:%23ffffff\u00a0\u00bb use_theme_fonts=\u00a0\u00bbyes\u00a0\u00bb css_animation=\u00a0\u00bbfadeInLeft\u00a0\u00bb][\/vc_column][\/vc_row][\/vc_section][vc_row full_width=\u00a0\u00bbstretch_row\u00a0\u00bb css=\u00a0\u00bb.vc_custom_1692039753206{padding-top: 65px !important;padding-bottom: 35px !important;}\u00a0\u00bb][vc_column css_animation=\u00a0\u00bbfadeInLeft\u00a0\u00bb width=\u00a0\u00bb1\/2&Prime;][vc_column_text]Conservant les m\u00eames avantages en mati\u00e8re de qualit\u00e9 et de manutention que la s\u00e9rie Commander\u00ae d&rsquo;origine, les grues de &#8230; <a title=\"Rescue-Rated Series\" class=\"read-more\" href=\"https:\/\/thern.com\/fr\/cranes\/portable-davit-cranes\/rescue-rated-series\/\" aria-label=\"More on Rescue-Rated Series\">Read more<\/a><\/p>\n","protected":false},"author":1,"featured_media":0,"parent":32310,"menu_order":0,"comment_status":"closed","ping_status":"closed","template":"","meta":{"footnotes":""},"class_list":["post-31515","page","type-page","status-publish"],"yoast_head":"<!-- This site is optimized with the Yoast SEO plugin v27.5 - https:\/\/yoast.com\/product\/yoast-seo-wordpress\/ -->\n<title>s\u00e9rie class\u00e9e sauvetage | Thern\u00ae Winches &amp; Cranes<\/title>\n<meta name=\"description\" content=\"Conservant les m\u00eames avantages en mati\u00e8re de qualit\u00e9 et de manutention que la s\u00e9rie Commander\u00ae d&#039;origine, les grues de la s\u00e9rie Rescue\u2010Rated sont d\u00e9sormais disponibles dans de nouvelles configurations qui \u00e9tendent leurs performances sup\u00e9rieures \u00e0 l&#039;ar\u00e8ne de sauvetage du personnel.\" \/>\n<meta name=\"robots\" content=\"index, follow, max-snippet:-1, max-image-preview:large, max-video-preview:-1\" \/>\n<link rel=\"canonical\" href=\"https:\/\/thern.com\/fr\/cranes\/portable-davit-cranes\/rescue-rated-series\/\" \/>\n<meta property=\"og:locale\" content=\"fr_FR\" \/>\n<meta property=\"og:type\" content=\"article\" \/>\n<meta property=\"og:title\" content=\"s\u00e9rie class\u00e9e sauvetage | Thern\u00ae Winches &amp; Cranes\" \/>\n<meta property=\"og:description\" content=\"Conservant les m\u00eames avantages en mati\u00e8re de qualit\u00e9 et de manutention que la s\u00e9rie Commander\u00ae d&#039;origine, les grues de la s\u00e9rie Rescue\u2010Rated sont d\u00e9sormais disponibles dans de nouvelles configurations qui \u00e9tendent leurs performances sup\u00e9rieures \u00e0 l&#039;ar\u00e8ne de sauvetage du personnel.\" \/>\n<meta property=\"og:url\" content=\"https:\/\/thern.com\/fr\/cranes\/portable-davit-cranes\/rescue-rated-series\/\" \/>\n<meta property=\"og:site_name\" content=\"Thern\u00ae Winches &amp; Cranes\" \/>\n<meta property=\"article:publisher\" content=\"https:\/\/www.facebook.com\/ThernInc\/\" \/>\n<meta property=\"article:modified_time\" content=\"2023-12-06T18:38:05+00:00\" \/>\n<meta name=\"twitter:card\" content=\"summary_large_image\" \/>\n<meta name=\"twitter:label1\" content=\"Dur\u00e9e de lecture estim\u00e9e\" \/>\n\t<meta name=\"twitter:data1\" content=\"2 minutes\" \/>\n<script type=\"application\/ld+json\" class=\"yoast-schema-graph\">{\"@context\":\"https:\\\/\\\/schema.org\",\"@graph\":[{\"@type\":\"WebPage\",\"@id\":\"https:\\\/\\\/thern.com\\\/fr\\\/cranes\\\/portable-davit-cranes\\\/rescue-rated-series\\\/\",\"url\":\"https:\\\/\\\/thern.com\\\/fr\\\/cranes\\\/portable-davit-cranes\\\/rescue-rated-series\\\/\",\"name\":\"s\u00e9rie class\u00e9e sauvetage | Thern\u00ae Winches &amp; Cranes\",\"isPartOf\":{\"@id\":\"https:\\\/\\\/thern.com\\\/fr\\\/#website\"},\"datePublished\":\"2023-08-16T20:13:24+00:00\",\"dateModified\":\"2023-12-06T18:38:05+00:00\",\"description\":\"Conservant les m\u00eames avantages en mati\u00e8re de qualit\u00e9 et de manutention que la s\u00e9rie Commander\u00ae d'origine, les grues de la s\u00e9rie Rescue\u2010Rated sont d\u00e9sormais disponibles dans de nouvelles configurations qui \u00e9tendent leurs performances sup\u00e9rieures \u00e0 l'ar\u00e8ne de sauvetage du personnel.\",\"breadcrumb\":{\"@id\":\"https:\\\/\\\/thern.com\\\/fr\\\/cranes\\\/portable-davit-cranes\\\/rescue-rated-series\\\/#breadcrumb\"},\"inLanguage\":\"fr-FR\",\"potentialAction\":[{\"@type\":\"ReadAction\",\"target\":[\"https:\\\/\\\/thern.com\\\/fr\\\/cranes\\\/portable-davit-cranes\\\/rescue-rated-series\\\/\"]}]},{\"@type\":\"BreadcrumbList\",\"@id\":\"https:\\\/\\\/thern.com\\\/fr\\\/cranes\\\/portable-davit-cranes\\\/rescue-rated-series\\\/#breadcrumb\",\"itemListElement\":[{\"@type\":\"ListItem\",\"position\":1,\"name\":\"Home\",\"item\":\"https:\\\/\\\/thern.com\\\/fr\\\/\"},{\"@type\":\"ListItem\",\"position\":2,\"name\":\"Cranes\",\"item\":\"https:\\\/\\\/thern.com\\\/fr\\\/cranes\\\/\"},{\"@type\":\"ListItem\",\"position\":3,\"name\":\"Portable Davit Cranes\",\"item\":\"https:\\\/\\\/thern.com\\\/fr\\\/cranes\\\/portable-davit-cranes\\\/\"},{\"@type\":\"ListItem\",\"position\":4,\"name\":\"Rescue-Rated Series\"}]},{\"@type\":\"WebSite\",\"@id\":\"https:\\\/\\\/thern.com\\\/fr\\\/#website\",\"url\":\"https:\\\/\\\/thern.com\\\/fr\\\/\",\"name\":\"Thern\u00ae Winches &amp; Cranes\",\"description\":\"Leave the Heavy Lifting to Us\",\"publisher\":{\"@id\":\"https:\\\/\\\/thern.com\\\/fr\\\/#organization\"},\"potentialAction\":[{\"@type\":\"SearchAction\",\"target\":{\"@type\":\"EntryPoint\",\"urlTemplate\":\"https:\\\/\\\/thern.com\\\/fr\\\/?s={search_term_string}\"},\"query-input\":{\"@type\":\"PropertyValueSpecification\",\"valueRequired\":true,\"valueName\":\"search_term_string\"}}],\"inLanguage\":\"fr-FR\"},{\"@type\":\"Organization\",\"@id\":\"https:\\\/\\\/thern.com\\\/fr\\\/#organization\",\"name\":\"Thern\u00ae Winches &amp; Cranes\",\"url\":\"https:\\\/\\\/thern.com\\\/fr\\\/\",\"logo\":{\"@type\":\"ImageObject\",\"inLanguage\":\"fr-FR\",\"@id\":\"https:\\\/\\\/thern.com\\\/fr\\\/#\\\/schema\\\/logo\\\/image\\\/\",\"url\":\"https:\\\/\\\/thern.com\\\/wp-content\\\/uploads\\\/2023\\\/11\\\/Logo_SaveForWeb-outline-FINAL-01.svg\",\"contentUrl\":\"https:\\\/\\\/thern.com\\\/wp-content\\\/uploads\\\/2023\\\/11\\\/Logo_SaveForWeb-outline-FINAL-01.svg\",\"caption\":\"Thern\u00ae Winches &amp; Cranes\"},\"image\":{\"@id\":\"https:\\\/\\\/thern.com\\\/fr\\\/#\\\/schema\\\/logo\\\/image\\\/\"},\"sameAs\":[\"https:\\\/\\\/www.facebook.com\\\/ThernInc\\\/\",\"https:\\\/\\\/www.linkedin.com\\\/company\\\/thern-inc-\\\/\",\"https:\\\/\\\/www.youtube.com\\\/user\\\/ThernStage\"]}]}<\/script>\n<!-- \/ Yoast SEO plugin. -->","yoast_head_json":{"title":"s\u00e9rie class\u00e9e sauvetage | Thern\u00ae Winches &amp; Cranes","description":"Conservant les m\u00eames avantages en mati\u00e8re de qualit\u00e9 et de manutention que la s\u00e9rie Commander\u00ae d'origine, les grues de la s\u00e9rie Rescue\u2010Rated sont d\u00e9sormais disponibles dans de nouvelles configurations qui \u00e9tendent leurs performances sup\u00e9rieures \u00e0 l'ar\u00e8ne de sauvetage du personnel.","robots":{"index":"index","follow":"follow","max-snippet":"max-snippet:-1","max-image-preview":"max-image-preview:large","max-video-preview":"max-video-preview:-1"},"canonical":"https:\/\/thern.com\/fr\/cranes\/portable-davit-cranes\/rescue-rated-series\/","og_locale":"fr_FR","og_type":"article","og_title":"s\u00e9rie class\u00e9e sauvetage | Thern\u00ae Winches &amp; Cranes","og_description":"Conservant les m\u00eames avantages en mati\u00e8re de qualit\u00e9 et de manutention que la s\u00e9rie Commander\u00ae d'origine, les grues de la s\u00e9rie Rescue\u2010Rated sont d\u00e9sormais disponibles dans de nouvelles configurations qui \u00e9tendent leurs performances sup\u00e9rieures \u00e0 l'ar\u00e8ne de sauvetage du personnel.","og_url":"https:\/\/thern.com\/fr\/cranes\/portable-davit-cranes\/rescue-rated-series\/","og_site_name":"Thern\u00ae Winches &amp; Cranes","article_publisher":"https:\/\/www.facebook.com\/ThernInc\/","article_modified_time":"2023-12-06T18:38:05+00:00","twitter_card":"summary_large_image","twitter_misc":{"Dur\u00e9e de lecture estim\u00e9e":"2 minutes"},"schema":{"@context":"https:\/\/schema.org","@graph":[{"@type":"WebPage","@id":"https:\/\/thern.com\/fr\/cranes\/portable-davit-cranes\/rescue-rated-series\/","url":"https:\/\/thern.com\/fr\/cranes\/portable-davit-cranes\/rescue-rated-series\/","name":"s\u00e9rie class\u00e9e sauvetage | Thern\u00ae Winches &amp; Cranes","isPartOf":{"@id":"https:\/\/thern.com\/fr\/#website"},"datePublished":"2023-08-16T20:13:24+00:00","dateModified":"2023-12-06T18:38:05+00:00","description":"Conservant les m\u00eames avantages en mati\u00e8re de qualit\u00e9 et de manutention que la s\u00e9rie Commander\u00ae d'origine, les grues de la s\u00e9rie Rescue\u2010Rated sont d\u00e9sormais disponibles dans de nouvelles configurations qui \u00e9tendent leurs performances sup\u00e9rieures \u00e0 l'ar\u00e8ne de sauvetage du personnel.","breadcrumb":{"@id":"https:\/\/thern.com\/fr\/cranes\/portable-davit-cranes\/rescue-rated-series\/#breadcrumb"},"inLanguage":"fr-FR","potentialAction":[{"@type":"ReadAction","target":["https:\/\/thern.com\/fr\/cranes\/portable-davit-cranes\/rescue-rated-series\/"]}]},{"@type":"BreadcrumbList","@id":"https:\/\/thern.com\/fr\/cranes\/portable-davit-cranes\/rescue-rated-series\/#breadcrumb","itemListElement":[{"@type":"ListItem","position":1,"name":"Home","item":"https:\/\/thern.com\/fr\/"},{"@type":"ListItem","position":2,"name":"Cranes","item":"https:\/\/thern.com\/fr\/cranes\/"},{"@type":"ListItem","position":3,"name":"Portable Davit Cranes","item":"https:\/\/thern.com\/fr\/cranes\/portable-davit-cranes\/"},{"@type":"ListItem","position":4,"name":"Rescue-Rated Series"}]},{"@type":"WebSite","@id":"https:\/\/thern.com\/fr\/#website","url":"https:\/\/thern.com\/fr\/","name":"Thern\u00ae Winches &amp; Cranes","description":"Leave the Heavy Lifting to Us","publisher":{"@id":"https:\/\/thern.com\/fr\/#organization"},"potentialAction":[{"@type":"SearchAction","target":{"@type":"EntryPoint","urlTemplate":"https:\/\/thern.com\/fr\/?s={search_term_string}"},"query-input":{"@type":"PropertyValueSpecification","valueRequired":true,"valueName":"search_term_string"}}],"inLanguage":"fr-FR"},{"@type":"Organization","@id":"https:\/\/thern.com\/fr\/#organization","name":"Thern\u00ae Winches &amp; Cranes","url":"https:\/\/thern.com\/fr\/","logo":{"@type":"ImageObject","inLanguage":"fr-FR","@id":"https:\/\/thern.com\/fr\/#\/schema\/logo\/image\/","url":"https:\/\/thern.com\/wp-content\/uploads\/2023\/11\/Logo_SaveForWeb-outline-FINAL-01.svg","contentUrl":"https:\/\/thern.com\/wp-content\/uploads\/2023\/11\/Logo_SaveForWeb-outline-FINAL-01.svg","caption":"Thern\u00ae Winches &amp; Cranes"},"image":{"@id":"https:\/\/thern.com\/fr\/#\/schema\/logo\/image\/"},"sameAs":["https:\/\/www.facebook.com\/ThernInc\/","https:\/\/www.linkedin.com\/company\/thern-inc-\/","https:\/\/www.youtube.com\/user\/ThernStage"]}]}},"_links":{"self":[{"href":"https:\/\/thern.com\/fr\/wp-json\/wp\/v2\/pages\/31515","targetHints":{"allow":["GET"]}}],"collection":[{"href":"https:\/\/thern.com\/fr\/wp-json\/wp\/v2\/pages"}],"about":[{"href":"https:\/\/thern.com\/fr\/wp-json\/wp\/v2\/types\/page"}],"author":[{"embeddable":true,"href":"https:\/\/thern.com\/fr\/wp-json\/wp\/v2\/users\/1"}],"replies":[{"embeddable":true,"href":"https:\/\/thern.com\/fr\/wp-json\/wp\/v2\/comments?post=31515"}],"version-history":[{"count":0,"href":"https:\/\/thern.com\/fr\/wp-json\/wp\/v2\/pages\/31515\/revisions"}],"up":[{"embeddable":true,"href":"https:\/\/thern.com\/fr\/wp-json\/wp\/v2\/pages\/32310"}],"wp:attachment":[{"href":"https:\/\/thern.com\/fr\/wp-json\/wp\/v2\/media?parent=31515"}],"curies":[{"name":"wp","href":"https:\/\/api.w.org\/{rel}","templated":true}]}}