{"id":31347,"date":"2023-08-22T19:44:39","date_gmt":"2023-08-22T19:44:39","guid":{"rendered":"https:\/\/therninc.wpenginepowered.com\/big-red-legacy-series\/"},"modified":"2023-10-04T19:13:01","modified_gmt":"2023-10-04T19:13:01","slug":"big-red-legacy-series","status":"publish","type":"page","link":"https:\/\/thern.com\/fr\/winches\/air-winches\/big-red-legacy-series\/","title":{"rendered":"Big Red Legacy Series"},"content":{"rendered":"<div class=\"wpb-content-wrapper\"><p>[vc_section full_width=\u00a0\u00bbstretch_row\u00a0\u00bb content_placement=\u00a0\u00bbmiddle\u00a0\u00bb css=\u00a0\u00bb.vc_custom_1692043564683{padding-top: 0px !important;background-image: url(https:\/\/thern.com\/wp-content\/uploads\/2023\/08\/Thern_Thern-Advantage-Difference.jpg?id=22385) !important;background-position: center !important;background-repeat: no-repeat !important;background-size: cover !important;}\u00a0\u00bb][vc_row full_width=\u00a0\u00bbstretch_row\u00a0\u00bb css=\u00a0\u00bb.vc_custom_1691686038929{padding-top: 50px !important;padding-bottom: 70px !important;background-color: rgba(0,0,0,0.35) !important;*background-color: rgb(0,0,0) !important;}\u00a0\u00bb][vc_column][vc_custom_heading text=\u00a0\u00bbBig Red Legacy S\u00e9rie\u00a0\u00bb font_container=\u00a0\u00bbtag:h1|text_align:left|color:%23ffffff\u00a0\u00bb use_theme_fonts=\u00a0\u00bbyes\u00a0\u00bb css_animation=\u00a0\u00bbfadeInLeft\u00a0\u00bb][\/vc_column][\/vc_row][\/vc_section][vc_row full_width=\u00a0\u00bbstretch_row\u00a0\u00bb css=\u00a0\u00bb.vc_custom_1692039753206{padding-top: 65px !important;padding-bottom: 35px !important;}\u00a0\u00bb][vc_column css_animation=\u00a0\u00bbfadeInLeft\u00a0\u00bb width=\u00a0\u00bb1\/2&Prime;][vc_column_text]<\/p>\n<h4>Remorques pneumatiques utilitaires robustes<\/h4>\n<p>Les conditions difficiles exigent des treuils robustes, comme la s\u00e9rie Big Red Legacy TA de Thern. Bien plus que fiable, la s\u00e9rie Legacy TA vous permet de personnaliser votre treuil, vous offrant ainsi l&rsquo;outil id\u00e9al pour le travail.[\/vc_column_text][vc_custom_heading text=\u00a0\u00bbFaits rapides\u00a0\u00bb font_container=\u00a0\u00bbtag:h4|text_align:left|color:%23000000&Prime; use_theme_fonts=\u00a0\u00bbyes\u00a0\u00bb][vc_column_text]<\/p>\n<ul>\n<li class=\"li1\">Capacit\u00e9 jusqu&rsquo;\u00e0 15 700 lb<\/li>\n<li class=\"li1\">Moteur \u00e0 pistons radiaux<\/li>\n<li class=\"li1\">Vanne de contr\u00f4le pr\u00e9cise<\/li>\n<li class=\"li1\">Frein \u00e0 bande manuel<\/li>\n<li class=\"li1\">Engrenages plan\u00e9taires<\/li>\n<li class=\"li1\">R\u00e9pond aux exigences de l&rsquo;ASME<\/li>\n<li class=\"li1\">Garantie limit\u00e9e de 2 ans<\/li>\n<\/ul>\n<p>[\/vc_column_text][vc_custom_heading text=\u00a0\u00bbMod\u00e8les de s\u00e9rie\u00a0\u00bb font_container=\u00a0\u00bbtag:h4|text_align:left|color:%23000000&Prime; use_theme_fonts=\u00a0\u00bbyes\u00a0\u00bb][vc_column_text]<\/p>\n<ul>\n<li>TA2<\/li>\n<li>TA2H<\/li>\n<li>TA2.5<\/li>\n<li>TA5<\/li>\n<li>TA7<\/li>\n<li>TA10<\/li>\n<\/ul>\n<p>[\/vc_column_text][vc_custom_heading text=\u00a0\u00bbBesoin d&rsquo;un devis ?\u00a0\u00bb font_container=\u00a0\u00bbtag:h4|text_align:left|color:%23000000&Prime; use_theme_fonts=\u00a0\u00bbyes\u00a0\u00bb][vc_column_text]Si vous n&rsquo;\u00eates pas s\u00fbr du produit dont vous avez besoin et souhaitez un devis, veuillez remplir un formulaire de demande.[\/vc_column_text][vc_btn title=\u00a0\u00bbObtenez un devis\u00a0\u00bb style=\u00a0\u00bbcustom\u00a0\u00bb custom_background=\u00a0\u00bb#c71a32&Prime; custom_text=\u00a0\u00bb#ffffff\u00a0\u00bb shape=\u00a0\u00bbsquare\u00a0\u00bb size=\u00a0\u00bblg\u00a0\u00bb align=\u00a0\u00bbleft\u00a0\u00bb i_align=\u00a0\u00bbright\u00a0\u00bb i_icon_fontawesome=\u00a0\u00bbfas fa-angle-right\u00a0\u00bb add_icon=\u00a0\u00bbtrue\u00a0\u00bb link=\u00a0\u00bburl:%2Ffr%2Fcontact%2F%3Fquery_type%3Dwinch-inquiry|title:Crane%20Inquiry\u00a0\u00bb][\/vc_column][vc_column css_animation=\u00a0\u00bbfadeInRight\u00a0\u00bb width=\u00a0\u00bb1\/2&Prime;][vc_single_image image=\u00a0\u00bb23104&Prime; img_size=\u00a0\u00bbfull\u00a0\u00bb alignment=\u00a0\u00bbcenter\u00a0\u00bb][vc_row_inner][vc_column_inner width=\u00a0\u00bb1\/4&Prime;][vc_single_image image=\u00a0\u00bb22667&Prime; img_size=\u00a0\u00bbfull\u00a0\u00bb el_class=\u00a0\u00bbiso-img\u00a0\u00bb][\/vc_column_inner][vc_column_inner width=\u00a0\u00bb3\/4&Prime;][vc_column_text]<em><b>Big Red Legacy Series <\/b>\u2014 Mod\u00e8le TA2.5 Big Red Legacy Treuil pneumatique.<\/em>[\/vc_column_text][\/vc_column_inner][\/vc_row_inner][\/vc_column][\/vc_row][vc_row css_animation=\u00a0\u00bbfadeInUp\u00a0\u00bb][vc_column][vc_separator border_width=\u00a0\u00bb2&Prime;][\/vc_column][\/vc_row][vc_row css_animation=\u00a0\u00bbfadeInUp\u00a0\u00bb css=\u00a0\u00bb.vc_custom_1695053046771{padding-top: 35px !important;padding-bottom: 35px !important;}\u00a0\u00bb][vc_column][vc_tta_tabs section_title_tag=\u00a0\u00bbp\u00a0\u00bb shape=\u00a0\u00bbsquare\u00a0\u00bb color=\u00a0\u00bbwhite\u00a0\u00bb spacing=\u00a0\u00bb3&Prime; active_section=\u00a0\u00bb1&Prime; el_class=\u00a0\u00bbproduct-table\u00a0\u00bb][vc_tta_section title=\u00a0\u00bbFeatures\u00a0\u00bb tab_id=\u00a0\u00bb1692207850226-d4d67dc2-b36d\u00a0\u00bb][vc_raw_html]JTVCc3BfZWFzeWFjY29yZGlvbiUyMGlkJTNEJTIyMjMxMDUlMjIlNUQ=[\/vc_raw_html][\/vc_tta_section][vc_tta_section title=\u00a0\u00bbPerformance Specs\u00a0\u00bb tab_id=\u00a0\u00bb1692039789431-ca69a18a-2782&Prime;][vc_raw_html]JTVCc3BfZWFzeWFjY29yZGlvbiUyMGlkJTNEJTIyMjMxMDYlMjIlNUQ=[\/vc_raw_html][\/vc_tta_section][vc_tta_section title=\u00a0\u00bbAccessories\/Options\u00a0\u00bb tab_id=\u00a0\u00bb1692039948045-056967c6-6c73&Prime;][vc_raw_html]JTVCc3BfZWFzeWFjY29yZGlvbiUyMGlkJTNEJTIyMjMxMDclMjIlNUQ=[\/vc_raw_html][\/vc_tta_section][vc_tta_section title=\u00a0\u00bbDimensions\u00a0\u00bb tab_id=\u00a0\u00bb1692039955917-a587e6bc-620b\u00a0\u00bb][vc_raw_html]JTVCc3BfZWFzeWFjY29yZGlvbiUyMGlkJTNEJTIyMjMxMDglMjIlNUQ=[\/vc_raw_html][\/vc_tta_section][vc_tta_section title=\u00a0\u00bbResources\u00a0\u00bb tab_id=\u00a0\u00bb1692039964442-bee59ceb-d9fb\u00a0\u00bb][vc_column_text]<\/p>\n<h4>Owner&rsquo;s Manual<\/h4>\n<p><a href=\"\/wp-content\/uploads\/2023\/08\/A8344-E0514_Non-Rider.pdf\" target=\"_blank\" rel=\"noopener\">Big Red Legacy (A8344E-0514)<\/a><\/p>\n<h4>Product Sheet<\/h4>\n<p><a href=\"\/wp-content\/uploads\/2023\/08\/Big-Red-Product-Sheet_PSTA-A-0221.pdf\" target=\"_blank\" rel=\"noopener\">Big Red Product Sheet (PSTA-A-0221)<\/a><\/p>\n<h4>At A Glance<\/h4>\n<p><a href=\"\/wp-content\/uploads\/2023\/08\/Thern-Winches-at-a-Glance_WAAG-A-0221.pdf\" target=\"_blank\" rel=\"noopener\">Thern Winches At A Glance<\/a><\/p>\n<h4>Industrial Brochure<\/h4>\n<p><a href=\"\/wp-content\/uploads\/2023\/08\/Thern-Industrial-Brochure_BRIN-A-0221.pdf\" target=\"_blank\" rel=\"noopener\">Thern Industrial Brochure (BRIN-A-0221)<\/a>[\/vc_column_text][\/vc_tta_section][\/vc_tta_tabs][\/vc_column][\/vc_row][vc_row full_width=\u00a0\u00bbstretch_row\u00a0\u00bb css=\u00a0\u00bb.vc_custom_1692043286515{padding-top: 35px !important;padding-bottom: 65px !important;background-color: #ececec !important;}\u00a0\u00bb el_class=\u00a0\u00bbfrequently-paired-with\u00a0\u00bb][vc_column][vc_custom_heading text=\u00a0\u00bbEmparejado frecuentemente con\u00a0\u00bb font_container=\u00a0\u00bbtag:h2|text_align:center|color:%23000000&Prime; use_theme_fonts=\u00a0\u00bbyes\u00a0\u00bb css_animation=\u00a0\u00bbfadeInUp\u00a0\u00bb css=\u00a0\u00bb.vc_custom_1696346217033{padding-bottom: 35px !important;}\u00a0\u00bb][\/vc_column][vc_column css_animation=\u00a0\u00bbfadeInUp\u00a0\u00bb width=\u00a0\u00bb1\/3&Prime;][vc_single_image image=\u00a0\u00bb22695&Prime; img_size=\u00a0\u00bbfull\u00a0\u00bb alignment=\u00a0\u00bbcenter\u00a0\u00bb onclick=\u00a0\u00bbcustom_link\u00a0\u00bb link=\u00a0\u00bb\/es\/custom-engineering-services\/\u00a0\u00bb][vc_custom_heading text=\u00a0\u00bbGr\u00faas y cabrestantes personalizados\u00a0\u00bb font_container=\u00a0\u00bbtag:h4|text_align:center|color:%23000000&Prime; use_theme_fonts=\u00a0\u00bbyes\u00a0\u00bb][\/vc_column][vc_column css_animation=\u00a0\u00bbfadeInUp\u00a0\u00bb width=\u00a0\u00bb1\/3&Prime;][vc_single_image image=\u00a0\u00bb22696&Prime; img_size=\u00a0\u00bbfull\u00a0\u00bb alignment=\u00a0\u00bbcenter\u00a0\u00bb onclick=\u00a0\u00bbcustom_link\u00a0\u00bb link=\u00a0\u00bb\/es\/winches\/electric-controls\/\u00a0\u00bb][vc_custom_heading text=\u00a0\u00bbControles el\u00e9ctricos\u00a0\u00bb font_container=\u00a0\u00bbtag:h4|text_align:center|color:%23000000&Prime; use_theme_fonts=\u00a0\u00bbyes\u00a0\u00bb][\/vc_column][vc_column css_animation=\u00a0\u00bbfadeInUp\u00a0\u00bb width=\u00a0\u00bb1\/3&Prime;][vc_single_image image=\u00a0\u00bb22697&Prime; img_size=\u00a0\u00bbfull\u00a0\u00bb alignment=\u00a0\u00bbcenter\u00a0\u00bb onclick=\u00a0\u00bbcustom_link\u00a0\u00bb link=\u00a0\u00bb\/es\/ropes-and-rigging\/\u00a0\u00bb][vc_custom_heading text=\u00a0\u00bbConjuntos de cables met\u00e1licos\u00a0\u00bb font_container=\u00a0\u00bbtag:h4|text_align:center|color:%23000000&Prime; use_theme_fonts=\u00a0\u00bbyes\u00a0\u00bb][\/vc_column][\/vc_row]<\/p>\n<\/div>","protected":false},"excerpt":{"rendered":"<p>[vc_section full_width=\u00a0\u00bbstretch_row\u00a0\u00bb content_placement=\u00a0\u00bbmiddle\u00a0\u00bb css=\u00a0\u00bb.vc_custom_1692043564683{padding-top: 0px !important;background-image: url(https:\/\/thern.com\/wp-content\/uploads\/2023\/08\/Thern_Thern-Advantage-Difference.jpg?id=22385) !important;background-position: center !important;background-repeat: no-repeat !important;background-size: cover !important;}\u00a0\u00bb][vc_row full_width=\u00a0\u00bbstretch_row\u00a0\u00bb css=\u00a0\u00bb.vc_custom_1691686038929{padding-top: 50px !important;padding-bottom: 70px !important;background-color: rgba(0,0,0,0.35) !important;*background-color: rgb(0,0,0) !important;}\u00a0\u00bb][vc_column][vc_custom_heading text=\u00a0\u00bbBig Red Legacy S\u00e9rie\u00a0\u00bb font_container=\u00a0\u00bbtag:h1|text_align:left|color:%23ffffff\u00a0\u00bb use_theme_fonts=\u00a0\u00bbyes\u00a0\u00bb css_animation=\u00a0\u00bbfadeInLeft\u00a0\u00bb][\/vc_column][\/vc_row][\/vc_section][vc_row full_width=\u00a0\u00bbstretch_row\u00a0\u00bb css=\u00a0\u00bb.vc_custom_1692039753206{padding-top: 65px !important;padding-bottom: 35px !important;}\u00a0\u00bb][vc_column css_animation=\u00a0\u00bbfadeInLeft\u00a0\u00bb width=\u00a0\u00bb1\/2&Prime;][vc_column_text] Remorques pneumatiques utilitaires robustes Les conditions difficiles exigent des treuils robustes, comme la s\u00e9rie Big Red &#8230; <a title=\"Big Red Legacy Series\" class=\"read-more\" href=\"https:\/\/thern.com\/fr\/winches\/air-winches\/big-red-legacy-series\/\" aria-label=\"More on Big Red Legacy Series\">Read more<\/a><\/p>\n","protected":false},"author":1,"featured_media":0,"parent":32497,"menu_order":0,"comment_status":"closed","ping_status":"closed","template":"","meta":{"footnotes":""},"class_list":["post-31347","page","type-page","status-publish"],"yoast_head":"<!-- This site is optimized with the Yoast SEO plugin v27.3 - https:\/\/yoast.com\/product\/yoast-seo-wordpress\/ -->\n<title>Treuils pneumatiques de la s\u00e9rie Big Red | Thern\u00ae Winches &amp; Cranes<\/title>\n<meta name=\"description\" content=\"Les treuils pneumatiques de la s\u00e9rie Thern Big Red sont con\u00e7us pour durer, vous offrant un contr\u00f4le, une pr\u00e9cision et des performances ultimes. Fabriqu\u00e9 aux \u00c9tats-Unis!\" \/>\n<meta name=\"robots\" content=\"index, follow, max-snippet:-1, max-image-preview:large, max-video-preview:-1\" \/>\n<link rel=\"canonical\" href=\"https:\/\/thern.com\/fr\/winches\/air-winches\/big-red-legacy-series\/\" \/>\n<meta property=\"og:locale\" content=\"fr_FR\" \/>\n<meta property=\"og:type\" content=\"article\" \/>\n<meta property=\"og:title\" content=\"Treuils pneumatiques de la s\u00e9rie Big Red | Thern\u00ae Winches &amp; Cranes\" \/>\n<meta property=\"og:description\" content=\"Les treuils pneumatiques de la s\u00e9rie Thern Big Red sont con\u00e7us pour durer, vous offrant un contr\u00f4le, une pr\u00e9cision et des performances ultimes. Fabriqu\u00e9 aux \u00c9tats-Unis!\" \/>\n<meta property=\"og:url\" content=\"https:\/\/thern.com\/fr\/winches\/air-winches\/big-red-legacy-series\/\" \/>\n<meta property=\"og:site_name\" content=\"Thern\u00ae Winches &amp; Cranes\" \/>\n<meta property=\"article:publisher\" content=\"https:\/\/www.facebook.com\/ThernInc\/\" \/>\n<meta property=\"article:modified_time\" content=\"2023-10-04T19:13:01+00:00\" \/>\n<meta name=\"twitter:card\" content=\"summary_large_image\" \/>\n<meta name=\"twitter:label1\" content=\"Dur\u00e9e de lecture estim\u00e9e\" \/>\n\t<meta name=\"twitter:data1\" content=\"2 minutes\" \/>\n<script type=\"application\/ld+json\" class=\"yoast-schema-graph\">{\"@context\":\"https:\\\/\\\/schema.org\",\"@graph\":[{\"@type\":\"WebPage\",\"@id\":\"https:\\\/\\\/thern.com\\\/fr\\\/winches\\\/air-winches\\\/big-red-legacy-series\\\/\",\"url\":\"https:\\\/\\\/thern.com\\\/fr\\\/winches\\\/air-winches\\\/big-red-legacy-series\\\/\",\"name\":\"Treuils pneumatiques de la s\u00e9rie Big Red | Thern\u00ae Winches &amp; Cranes\",\"isPartOf\":{\"@id\":\"https:\\\/\\\/thern.com\\\/fr\\\/#website\"},\"datePublished\":\"2023-08-22T19:44:39+00:00\",\"dateModified\":\"2023-10-04T19:13:01+00:00\",\"description\":\"Les treuils pneumatiques de la s\u00e9rie Thern Big Red sont con\u00e7us pour durer, vous offrant un contr\u00f4le, une pr\u00e9cision et des performances ultimes. Fabriqu\u00e9 aux \u00c9tats-Unis!\",\"breadcrumb\":{\"@id\":\"https:\\\/\\\/thern.com\\\/fr\\\/winches\\\/air-winches\\\/big-red-legacy-series\\\/#breadcrumb\"},\"inLanguage\":\"fr-FR\",\"potentialAction\":[{\"@type\":\"ReadAction\",\"target\":[\"https:\\\/\\\/thern.com\\\/fr\\\/winches\\\/air-winches\\\/big-red-legacy-series\\\/\"]}]},{\"@type\":\"BreadcrumbList\",\"@id\":\"https:\\\/\\\/thern.com\\\/fr\\\/winches\\\/air-winches\\\/big-red-legacy-series\\\/#breadcrumb\",\"itemListElement\":[{\"@type\":\"ListItem\",\"position\":1,\"name\":\"Home\",\"item\":\"https:\\\/\\\/thern.com\\\/fr\\\/\"},{\"@type\":\"ListItem\",\"position\":2,\"name\":\"Winches\",\"item\":\"https:\\\/\\\/thern.com\\\/fr\\\/winches\\\/\"},{\"@type\":\"ListItem\",\"position\":3,\"name\":\"Air Winches\",\"item\":\"https:\\\/\\\/thern.com\\\/fr\\\/winches\\\/air-winches\\\/\"},{\"@type\":\"ListItem\",\"position\":4,\"name\":\"Big Red Legacy Series\"}]},{\"@type\":\"WebSite\",\"@id\":\"https:\\\/\\\/thern.com\\\/fr\\\/#website\",\"url\":\"https:\\\/\\\/thern.com\\\/fr\\\/\",\"name\":\"Thern\u00ae Winches &amp; Cranes\",\"description\":\"Leave the Heavy Lifting to Us\",\"publisher\":{\"@id\":\"https:\\\/\\\/thern.com\\\/fr\\\/#organization\"},\"potentialAction\":[{\"@type\":\"SearchAction\",\"target\":{\"@type\":\"EntryPoint\",\"urlTemplate\":\"https:\\\/\\\/thern.com\\\/fr\\\/?s={search_term_string}\"},\"query-input\":{\"@type\":\"PropertyValueSpecification\",\"valueRequired\":true,\"valueName\":\"search_term_string\"}}],\"inLanguage\":\"fr-FR\"},{\"@type\":\"Organization\",\"@id\":\"https:\\\/\\\/thern.com\\\/fr\\\/#organization\",\"name\":\"Thern\u00ae Winches &amp; Cranes\",\"url\":\"https:\\\/\\\/thern.com\\\/fr\\\/\",\"logo\":{\"@type\":\"ImageObject\",\"inLanguage\":\"fr-FR\",\"@id\":\"https:\\\/\\\/thern.com\\\/fr\\\/#\\\/schema\\\/logo\\\/image\\\/\",\"url\":\"https:\\\/\\\/thern.com\\\/wp-content\\\/uploads\\\/2023\\\/11\\\/Logo_SaveForWeb-outline-FINAL-01.svg\",\"contentUrl\":\"https:\\\/\\\/thern.com\\\/wp-content\\\/uploads\\\/2023\\\/11\\\/Logo_SaveForWeb-outline-FINAL-01.svg\",\"caption\":\"Thern\u00ae Winches &amp; Cranes\"},\"image\":{\"@id\":\"https:\\\/\\\/thern.com\\\/fr\\\/#\\\/schema\\\/logo\\\/image\\\/\"},\"sameAs\":[\"https:\\\/\\\/www.facebook.com\\\/ThernInc\\\/\",\"https:\\\/\\\/www.linkedin.com\\\/company\\\/thern-inc-\\\/\",\"https:\\\/\\\/www.youtube.com\\\/user\\\/ThernStage\"]}]}<\/script>\n<!-- \/ Yoast SEO plugin. -->","yoast_head_json":{"title":"Treuils pneumatiques de la s\u00e9rie Big Red | Thern\u00ae Winches &amp; Cranes","description":"Les treuils pneumatiques de la s\u00e9rie Thern Big Red sont con\u00e7us pour durer, vous offrant un contr\u00f4le, une pr\u00e9cision et des performances ultimes. Fabriqu\u00e9 aux \u00c9tats-Unis!","robots":{"index":"index","follow":"follow","max-snippet":"max-snippet:-1","max-image-preview":"max-image-preview:large","max-video-preview":"max-video-preview:-1"},"canonical":"https:\/\/thern.com\/fr\/winches\/air-winches\/big-red-legacy-series\/","og_locale":"fr_FR","og_type":"article","og_title":"Treuils pneumatiques de la s\u00e9rie Big Red | Thern\u00ae Winches &amp; Cranes","og_description":"Les treuils pneumatiques de la s\u00e9rie Thern Big Red sont con\u00e7us pour durer, vous offrant un contr\u00f4le, une pr\u00e9cision et des performances ultimes. Fabriqu\u00e9 aux \u00c9tats-Unis!","og_url":"https:\/\/thern.com\/fr\/winches\/air-winches\/big-red-legacy-series\/","og_site_name":"Thern\u00ae Winches &amp; Cranes","article_publisher":"https:\/\/www.facebook.com\/ThernInc\/","article_modified_time":"2023-10-04T19:13:01+00:00","twitter_card":"summary_large_image","twitter_misc":{"Dur\u00e9e de lecture estim\u00e9e":"2 minutes"},"schema":{"@context":"https:\/\/schema.org","@graph":[{"@type":"WebPage","@id":"https:\/\/thern.com\/fr\/winches\/air-winches\/big-red-legacy-series\/","url":"https:\/\/thern.com\/fr\/winches\/air-winches\/big-red-legacy-series\/","name":"Treuils pneumatiques de la s\u00e9rie Big Red | Thern\u00ae Winches &amp; Cranes","isPartOf":{"@id":"https:\/\/thern.com\/fr\/#website"},"datePublished":"2023-08-22T19:44:39+00:00","dateModified":"2023-10-04T19:13:01+00:00","description":"Les treuils pneumatiques de la s\u00e9rie Thern Big Red sont con\u00e7us pour durer, vous offrant un contr\u00f4le, une pr\u00e9cision et des performances ultimes. Fabriqu\u00e9 aux \u00c9tats-Unis!","breadcrumb":{"@id":"https:\/\/thern.com\/fr\/winches\/air-winches\/big-red-legacy-series\/#breadcrumb"},"inLanguage":"fr-FR","potentialAction":[{"@type":"ReadAction","target":["https:\/\/thern.com\/fr\/winches\/air-winches\/big-red-legacy-series\/"]}]},{"@type":"BreadcrumbList","@id":"https:\/\/thern.com\/fr\/winches\/air-winches\/big-red-legacy-series\/#breadcrumb","itemListElement":[{"@type":"ListItem","position":1,"name":"Home","item":"https:\/\/thern.com\/fr\/"},{"@type":"ListItem","position":2,"name":"Winches","item":"https:\/\/thern.com\/fr\/winches\/"},{"@type":"ListItem","position":3,"name":"Air Winches","item":"https:\/\/thern.com\/fr\/winches\/air-winches\/"},{"@type":"ListItem","position":4,"name":"Big Red Legacy Series"}]},{"@type":"WebSite","@id":"https:\/\/thern.com\/fr\/#website","url":"https:\/\/thern.com\/fr\/","name":"Thern\u00ae Winches &amp; Cranes","description":"Leave the Heavy Lifting to Us","publisher":{"@id":"https:\/\/thern.com\/fr\/#organization"},"potentialAction":[{"@type":"SearchAction","target":{"@type":"EntryPoint","urlTemplate":"https:\/\/thern.com\/fr\/?s={search_term_string}"},"query-input":{"@type":"PropertyValueSpecification","valueRequired":true,"valueName":"search_term_string"}}],"inLanguage":"fr-FR"},{"@type":"Organization","@id":"https:\/\/thern.com\/fr\/#organization","name":"Thern\u00ae Winches &amp; Cranes","url":"https:\/\/thern.com\/fr\/","logo":{"@type":"ImageObject","inLanguage":"fr-FR","@id":"https:\/\/thern.com\/fr\/#\/schema\/logo\/image\/","url":"https:\/\/thern.com\/wp-content\/uploads\/2023\/11\/Logo_SaveForWeb-outline-FINAL-01.svg","contentUrl":"https:\/\/thern.com\/wp-content\/uploads\/2023\/11\/Logo_SaveForWeb-outline-FINAL-01.svg","caption":"Thern\u00ae Winches &amp; Cranes"},"image":{"@id":"https:\/\/thern.com\/fr\/#\/schema\/logo\/image\/"},"sameAs":["https:\/\/www.facebook.com\/ThernInc\/","https:\/\/www.linkedin.com\/company\/thern-inc-\/","https:\/\/www.youtube.com\/user\/ThernStage"]}]}},"_links":{"self":[{"href":"https:\/\/thern.com\/fr\/wp-json\/wp\/v2\/pages\/31347","targetHints":{"allow":["GET"]}}],"collection":[{"href":"https:\/\/thern.com\/fr\/wp-json\/wp\/v2\/pages"}],"about":[{"href":"https:\/\/thern.com\/fr\/wp-json\/wp\/v2\/types\/page"}],"author":[{"embeddable":true,"href":"https:\/\/thern.com\/fr\/wp-json\/wp\/v2\/users\/1"}],"replies":[{"embeddable":true,"href":"https:\/\/thern.com\/fr\/wp-json\/wp\/v2\/comments?post=31347"}],"version-history":[{"count":0,"href":"https:\/\/thern.com\/fr\/wp-json\/wp\/v2\/pages\/31347\/revisions"}],"up":[{"embeddable":true,"href":"https:\/\/thern.com\/fr\/wp-json\/wp\/v2\/pages\/32497"}],"wp:attachment":[{"href":"https:\/\/thern.com\/fr\/wp-json\/wp\/v2\/media?parent=31347"}],"curies":[{"name":"wp","href":"https:\/\/api.w.org\/{rel}","templated":true}]}}