{"id":31308,"date":"2023-08-22T19:00:54","date_gmt":"2023-08-22T19:00:54","guid":{"rendered":"https:\/\/therninc.wpenginepowered.com\/c-series\/"},"modified":"2023-10-04T18:44:51","modified_gmt":"2023-10-04T18:44:51","slug":"c-series","status":"publish","type":"page","link":"https:\/\/thern.com\/fr\/winches\/air-winches\/c-series\/","title":{"rendered":"C Series"},"content":{"rendered":"<div class=\"wpb-content-wrapper\"><p>[vc_section full_width=\u00a0\u00bbstretch_row\u00a0\u00bb content_placement=\u00a0\u00bbmiddle\u00a0\u00bb css=\u00a0\u00bb.vc_custom_1692043564683{padding-top: 0px !important;background-image: url(https:\/\/thern.com\/wp-content\/uploads\/2023\/08\/Thern_Thern-Advantage-Difference.jpg?id=22385) !important;background-position: center !important;background-repeat: no-repeat !important;background-size: cover !important;}\u00a0\u00bb][vc_row full_width=\u00a0\u00bbstretch_row\u00a0\u00bb css=\u00a0\u00bb.vc_custom_1691686038929{padding-top: 50px !important;padding-bottom: 70px !important;background-color: rgba(0,0,0,0.35) !important;*background-color: rgb(0,0,0) !important;}\u00a0\u00bb][vc_column][vc_custom_heading text=\u00a0\u00bbC S\u00e9rie\u00a0\u00bb font_container=\u00a0\u00bbtag:h1|text_align:left|color:%23ffffff\u00a0\u00bb use_theme_fonts=\u00a0\u00bbyes\u00a0\u00bb css_animation=\u00a0\u00bbfadeInLeft\u00a0\u00bb][\/vc_column][\/vc_row][\/vc_section][vc_row full_width=\u00a0\u00bbstretch_row\u00a0\u00bb css=\u00a0\u00bb.vc_custom_1692039753206{padding-top: 65px !important;padding-bottom: 35px !important;}\u00a0\u00bb][vc_column css_animation=\u00a0\u00bbfadeInLeft\u00a0\u00bb width=\u00a0\u00bb1\/2&Prime;][vc_column_text]<\/p>\n<h4>Capacit\u00e9 jusqu&rsquo;\u00e0 10 tonnes<\/h4>\n<p>Con\u00e7us conform\u00e9ment aux normes DNV, les treuils pneumatiques de la s\u00e9rie C de Thern pr\u00e9sentent des innovations qui les rendent plus rapides, plus l\u00e9gers, plus s\u00fbrs, plus polyvalents et plus r\u00e9sistants \u00e0 la corrosion que jamais.[\/vc_column_text][vc_custom_heading text=\u00a0\u00bbFaits rapides\u00a0\u00bb font_container=\u00a0\u00bbtag:h4|text_align:left|color:%23000000&Prime; use_theme_fonts=\u00a0\u00bbyes\u00a0\u00bb][vc_column_text]<\/p>\n<ul>\n<li>Homologation de type DNV disponible<\/li>\n<li>Arr\u00eat d&rsquo;urgence de s\u00e9rie<\/li>\n<li>Vanne de commande de verrouillage neutre<\/li>\n<li>Protection de surcharge<\/li>\n<li>Rondelles NORD-LOCK<\/li>\n<li>Ancrage de c\u00e2ble \u00e0 coin double direction<\/li>\n<li>Haute r\u00e9sistance \u00e0 la corrosion<\/li>\n<li>\u0152illets de levage amovibles<\/li>\n<li>Conforme aux exigences ASME 30.7<\/li>\n<li>Forfaits CE disponibles<\/li>\n<li>Garantie limit\u00e9e de 2 ans<\/li>\n<\/ul>\n<p>[\/vc_column_text][vc_custom_heading text=\u00a0\u00bbMod\u00e8les de s\u00e9rie\u00a0\u00bb font_container=\u00a0\u00bbtag:h4|text_align:left|color:%23000000&Prime; use_theme_fonts=\u00a0\u00bbyes\u00a0\u00bb][vc_column_text]<\/p>\n<ul>\n<li>TA2.5C Series<\/li>\n<li>TA5C Series<\/li>\n<li>TA10C Series<\/li>\n<\/ul>\n<p>[\/vc_column_text][vc_custom_heading text=\u00a0\u00bbBesoin d&rsquo;un devis ?\u00a0\u00bb font_container=\u00a0\u00bbtag:h4|text_align:left|color:%23000000&Prime; use_theme_fonts=\u00a0\u00bbyes\u00a0\u00bb][vc_column_text]Si vous n&rsquo;\u00eates pas s\u00fbr du produit dont vous avez besoin et souhaitez un devis, veuillez remplir un formulaire de demande.[\/vc_column_text][vc_btn title=\u00a0\u00bbObtenez un devis\u00a0\u00bb style=\u00a0\u00bbcustom\u00a0\u00bb custom_background=\u00a0\u00bb#c71a32&Prime; custom_text=\u00a0\u00bb#ffffff\u00a0\u00bb shape=\u00a0\u00bbsquare\u00a0\u00bb size=\u00a0\u00bblg\u00a0\u00bb align=\u00a0\u00bbleft\u00a0\u00bb i_align=\u00a0\u00bbright\u00a0\u00bb i_icon_fontawesome=\u00a0\u00bbfas fa-angle-right\u00a0\u00bb add_icon=\u00a0\u00bbtrue\u00a0\u00bb link=\u00a0\u00bburl:%2Ffr%2Fcontact%2F%3Fquery_type%3Dwinch-inquiry|title:Crane%20Inquiry\u00a0\u00bb][\/vc_column][vc_column css_animation=\u00a0\u00bbfadeInRight\u00a0\u00bb width=\u00a0\u00bb1\/2&Prime;][vc_single_image image=\u00a0\u00bb23087&Prime; img_size=\u00a0\u00bbfull\u00a0\u00bb alignment=\u00a0\u00bbcenter\u00a0\u00bb][vc_row_inner][vc_column_inner width=\u00a0\u00bb1\/4&Prime;][vc_single_image image=\u00a0\u00bb22667&Prime; img_size=\u00a0\u00bbfull\u00a0\u00bb el_class=\u00a0\u00bbiso-img\u00a0\u00bb][\/vc_column_inner][vc_column_inner width=\u00a0\u00bb3\/4&Prime;][vc_column_text]<em><b>C Series <\/b>\u2014 Mod\u00e8le TA5C Series Treuil pneumatique.<\/em>[\/vc_column_text][\/vc_column_inner][\/vc_row_inner][\/vc_column][\/vc_row][vc_row css_animation=\u00a0\u00bbfadeInUp\u00a0\u00bb][vc_column][vc_separator border_width=\u00a0\u00bb2&Prime;][\/vc_column][\/vc_row][vc_row css_animation=\u00a0\u00bbfadeInUp\u00a0\u00bb css=\u00a0\u00bb.vc_custom_1695052883924{padding-top: 35px !important;padding-bottom: 35px !important;}\u00a0\u00bb][vc_column][vc_tta_tabs section_title_tag=\u00a0\u00bbp\u00a0\u00bb shape=\u00a0\u00bbsquare\u00a0\u00bb color=\u00a0\u00bbwhite\u00a0\u00bb spacing=\u00a0\u00bb3&Prime; active_section=\u00a0\u00bb1&Prime; el_class=\u00a0\u00bbproduct-table\u00a0\u00bb][vc_tta_section title=\u00a0\u00bbFeatures\u00a0\u00bb tab_id=\u00a0\u00bb1692207850226-d4d67dc2-b36d\u00a0\u00bb][vc_raw_html]JTVCc3BfZWFzeWFjY29yZGlvbiUyMGlkJTNEJTIyMjMwODglMjIlNUQ=[\/vc_raw_html][\/vc_tta_section][vc_tta_section title=\u00a0\u00bbPerformance Specs\u00a0\u00bb tab_id=\u00a0\u00bb1692039789431-ca69a18a-2782&Prime;][vc_raw_html]JTVCc3BfZWFzeWFjY29yZGlvbiUyMGlkJTNEJTIyMjk1NzAlMjIlNUQ=[\/vc_raw_html][\/vc_tta_section][vc_tta_section title=\u00a0\u00bbAccessories\/Options\u00a0\u00bb tab_id=\u00a0\u00bb1692039948045-056967c6-6c73&Prime;][vc_raw_html]JTVCc3BfZWFzeWFjY29yZGlvbiUyMGlkJTNEJTIyMjMwOTAlMjIlNUQ=[\/vc_raw_html][\/vc_tta_section][vc_tta_section title=\u00a0\u00bbDimensions\u00a0\u00bb tab_id=\u00a0\u00bb1692039955917-a587e6bc-620b\u00a0\u00bb][vc_raw_html]JTVCc3BfZWFzeWFjY29yZGlvbiUyMGlkJTNEJTIyMjk2NDIlMjIlNUQ=[\/vc_raw_html][\/vc_tta_section][vc_tta_section title=\u00a0\u00bbResources\u00a0\u00bb tab_id=\u00a0\u00bb1692039964442-bee59ceb-d9fb\u00a0\u00bb][vc_column_text]<\/p>\n<h4>Owner&rsquo;s Manual<\/h4>\n<p><a href=\"\/wp-content\/uploads\/2023\/08\/A12192-B0316_TAC-Series.pdf\" target=\"_blank\" rel=\"noopener\">TAC Series (A12192-B0316)<\/a><\/p>\n<h4>Product Sheet<\/h4>\n<p><a href=\"\/wp-content\/uploads\/2023\/08\/C-Series-Product-Sheet_PSTAC-A-0221.pdf\" target=\"_blank\" rel=\"noopener\">C Series Product Sheet (PSTAC-A-0221)<\/a><\/p>\n<h4>At A Glance<\/h4>\n<p><a href=\"\/wp-content\/uploads\/2023\/08\/Thern-Winches-at-a-Glance_WAAG-A-0221.pdf\" target=\"_blank\" rel=\"noopener\">Thern Winches At A Glance<\/a><\/p>\n<h4>Industrial Brochure<\/h4>\n<p><a href=\"\/wp-content\/uploads\/2023\/08\/Thern-Industrial-Brochure_BRIN-A-0221.pdf\" target=\"_blank\" rel=\"noopener\">Thern Industrial Brochure (BRIN-A-0221)<\/a>[\/vc_column_text][\/vc_tta_section][\/vc_tta_tabs][\/vc_column][\/vc_row][vc_row full_width=\u00a0\u00bbstretch_row\u00a0\u00bb css=\u00a0\u00bb.vc_custom_1692043286515{padding-top: 35px !important;padding-bottom: 65px !important;background-color: #ececec !important;}\u00a0\u00bb el_class=\u00a0\u00bbfrequently-paired-with\u00a0\u00bb][vc_column][vc_custom_heading text=\u00a0\u00bbEmparejado frecuentemente con\u00a0\u00bb font_container=\u00a0\u00bbtag:h2|text_align:center|color:%23000000&Prime; use_theme_fonts=\u00a0\u00bbyes\u00a0\u00bb css_animation=\u00a0\u00bbfadeInUp\u00a0\u00bb css=\u00a0\u00bb.vc_custom_1696346217033{padding-bottom: 35px !important;}\u00a0\u00bb][\/vc_column][vc_column css_animation=\u00a0\u00bbfadeInUp\u00a0\u00bb width=\u00a0\u00bb1\/3&Prime;][vc_single_image image=\u00a0\u00bb22695&Prime; img_size=\u00a0\u00bbfull\u00a0\u00bb alignment=\u00a0\u00bbcenter\u00a0\u00bb onclick=\u00a0\u00bbcustom_link\u00a0\u00bb link=\u00a0\u00bb\/es\/custom-engineering-services\/\u00a0\u00bb][vc_custom_heading text=\u00a0\u00bbGr\u00faas y cabrestantes personalizados\u00a0\u00bb font_container=\u00a0\u00bbtag:h4|text_align:center|color:%23000000&Prime; use_theme_fonts=\u00a0\u00bbyes\u00a0\u00bb][\/vc_column][vc_column css_animation=\u00a0\u00bbfadeInUp\u00a0\u00bb width=\u00a0\u00bb1\/3&Prime;][vc_single_image image=\u00a0\u00bb22696&Prime; img_size=\u00a0\u00bbfull\u00a0\u00bb alignment=\u00a0\u00bbcenter\u00a0\u00bb onclick=\u00a0\u00bbcustom_link\u00a0\u00bb link=\u00a0\u00bb\/es\/winches\/electric-controls\/\u00a0\u00bb][vc_custom_heading text=\u00a0\u00bbControles el\u00e9ctricos\u00a0\u00bb font_container=\u00a0\u00bbtag:h4|text_align:center|color:%23000000&Prime; use_theme_fonts=\u00a0\u00bbyes\u00a0\u00bb][\/vc_column][vc_column css_animation=\u00a0\u00bbfadeInUp\u00a0\u00bb width=\u00a0\u00bb1\/3&Prime;][vc_single_image image=\u00a0\u00bb22697&Prime; img_size=\u00a0\u00bbfull\u00a0\u00bb alignment=\u00a0\u00bbcenter\u00a0\u00bb onclick=\u00a0\u00bbcustom_link\u00a0\u00bb link=\u00a0\u00bb\/es\/ropes-and-rigging\/\u00a0\u00bb][vc_custom_heading text=\u00a0\u00bbConjuntos de cables met\u00e1licos\u00a0\u00bb font_container=\u00a0\u00bbtag:h4|text_align:center|color:%23000000&Prime; use_theme_fonts=\u00a0\u00bbyes\u00a0\u00bb][\/vc_column][\/vc_row]<\/p>\n<\/div>","protected":false},"excerpt":{"rendered":"<p>[vc_section full_width=\u00a0\u00bbstretch_row\u00a0\u00bb content_placement=\u00a0\u00bbmiddle\u00a0\u00bb css=\u00a0\u00bb.vc_custom_1692043564683{padding-top: 0px !important;background-image: url(https:\/\/thern.com\/wp-content\/uploads\/2023\/08\/Thern_Thern-Advantage-Difference.jpg?id=22385) !important;background-position: center !important;background-repeat: no-repeat !important;background-size: cover !important;}\u00a0\u00bb][vc_row full_width=\u00a0\u00bbstretch_row\u00a0\u00bb css=\u00a0\u00bb.vc_custom_1691686038929{padding-top: 50px !important;padding-bottom: 70px !important;background-color: rgba(0,0,0,0.35) !important;*background-color: rgb(0,0,0) !important;}\u00a0\u00bb][vc_column][vc_custom_heading text=\u00a0\u00bbC S\u00e9rie\u00a0\u00bb font_container=\u00a0\u00bbtag:h1|text_align:left|color:%23ffffff\u00a0\u00bb use_theme_fonts=\u00a0\u00bbyes\u00a0\u00bb css_animation=\u00a0\u00bbfadeInLeft\u00a0\u00bb][\/vc_column][\/vc_row][\/vc_section][vc_row full_width=\u00a0\u00bbstretch_row\u00a0\u00bb css=\u00a0\u00bb.vc_custom_1692039753206{padding-top: 65px !important;padding-bottom: 35px !important;}\u00a0\u00bb][vc_column css_animation=\u00a0\u00bbfadeInLeft\u00a0\u00bb width=\u00a0\u00bb1\/2&Prime;][vc_column_text] Capacit\u00e9 jusqu&rsquo;\u00e0 10 tonnes Con\u00e7us conform\u00e9ment aux normes DNV, les treuils pneumatiques de la s\u00e9rie C de Thern &#8230; <a title=\"C Series\" class=\"read-more\" href=\"https:\/\/thern.com\/fr\/winches\/air-winches\/c-series\/\" aria-label=\"More on C Series\">Read more<\/a><\/p>\n","protected":false},"author":1,"featured_media":0,"parent":32497,"menu_order":0,"comment_status":"closed","ping_status":"closed","template":"","meta":{"footnotes":""},"class_list":["post-31308","page","type-page","status-publish"],"yoast_head":"<!-- This site is optimized with the Yoast SEO plugin v27.3 - https:\/\/yoast.com\/product\/yoast-seo-wordpress\/ -->\n<title>Treuils pneumatiques s\u00e9rie C | Thern\u00ae Winches &amp; Cranes<\/title>\n<meta name=\"description\" content=\"Les treuils pneumatiques Thern de la s\u00e9rie C sont con\u00e7us pour durer, vous offrant un contr\u00f4le, une pr\u00e9cision et des performances ultimes. Fabriqu\u00e9 aux \u00c9tats-Unis!\" \/>\n<meta name=\"robots\" content=\"index, follow, max-snippet:-1, max-image-preview:large, max-video-preview:-1\" \/>\n<link rel=\"canonical\" href=\"https:\/\/thern.com\/fr\/winches\/air-winches\/c-series\/\" \/>\n<meta property=\"og:locale\" content=\"fr_FR\" \/>\n<meta property=\"og:type\" content=\"article\" \/>\n<meta property=\"og:title\" content=\"Treuils pneumatiques s\u00e9rie C | Thern\u00ae Winches &amp; Cranes\" \/>\n<meta property=\"og:description\" content=\"Les treuils pneumatiques Thern de la s\u00e9rie C sont con\u00e7us pour durer, vous offrant un contr\u00f4le, une pr\u00e9cision et des performances ultimes. Fabriqu\u00e9 aux \u00c9tats-Unis!\" \/>\n<meta property=\"og:url\" content=\"https:\/\/thern.com\/fr\/winches\/air-winches\/c-series\/\" \/>\n<meta property=\"og:site_name\" content=\"Thern\u00ae Winches &amp; Cranes\" \/>\n<meta property=\"article:publisher\" content=\"https:\/\/www.facebook.com\/ThernInc\/\" \/>\n<meta property=\"article:modified_time\" content=\"2023-10-04T18:44:51+00:00\" \/>\n<meta name=\"twitter:card\" content=\"summary_large_image\" \/>\n<meta name=\"twitter:label1\" content=\"Dur\u00e9e de lecture estim\u00e9e\" \/>\n\t<meta name=\"twitter:data1\" content=\"2 minutes\" \/>\n<script type=\"application\/ld+json\" class=\"yoast-schema-graph\">{\"@context\":\"https:\\\/\\\/schema.org\",\"@graph\":[{\"@type\":\"WebPage\",\"@id\":\"https:\\\/\\\/thern.com\\\/fr\\\/winches\\\/air-winches\\\/c-series\\\/\",\"url\":\"https:\\\/\\\/thern.com\\\/fr\\\/winches\\\/air-winches\\\/c-series\\\/\",\"name\":\"Treuils pneumatiques s\u00e9rie C | Thern\u00ae Winches &amp; Cranes\",\"isPartOf\":{\"@id\":\"https:\\\/\\\/thern.com\\\/fr\\\/#website\"},\"datePublished\":\"2023-08-22T19:00:54+00:00\",\"dateModified\":\"2023-10-04T18:44:51+00:00\",\"description\":\"Les treuils pneumatiques Thern de la s\u00e9rie C sont con\u00e7us pour durer, vous offrant un contr\u00f4le, une pr\u00e9cision et des performances ultimes. Fabriqu\u00e9 aux \u00c9tats-Unis!\",\"breadcrumb\":{\"@id\":\"https:\\\/\\\/thern.com\\\/fr\\\/winches\\\/air-winches\\\/c-series\\\/#breadcrumb\"},\"inLanguage\":\"fr-FR\",\"potentialAction\":[{\"@type\":\"ReadAction\",\"target\":[\"https:\\\/\\\/thern.com\\\/fr\\\/winches\\\/air-winches\\\/c-series\\\/\"]}]},{\"@type\":\"BreadcrumbList\",\"@id\":\"https:\\\/\\\/thern.com\\\/fr\\\/winches\\\/air-winches\\\/c-series\\\/#breadcrumb\",\"itemListElement\":[{\"@type\":\"ListItem\",\"position\":1,\"name\":\"Home\",\"item\":\"https:\\\/\\\/thern.com\\\/fr\\\/\"},{\"@type\":\"ListItem\",\"position\":2,\"name\":\"Winches\",\"item\":\"https:\\\/\\\/thern.com\\\/fr\\\/winches\\\/\"},{\"@type\":\"ListItem\",\"position\":3,\"name\":\"Air Winches\",\"item\":\"https:\\\/\\\/thern.com\\\/fr\\\/winches\\\/air-winches\\\/\"},{\"@type\":\"ListItem\",\"position\":4,\"name\":\"C Series\"}]},{\"@type\":\"WebSite\",\"@id\":\"https:\\\/\\\/thern.com\\\/fr\\\/#website\",\"url\":\"https:\\\/\\\/thern.com\\\/fr\\\/\",\"name\":\"Thern\u00ae Winches &amp; Cranes\",\"description\":\"Leave the Heavy Lifting to Us\",\"publisher\":{\"@id\":\"https:\\\/\\\/thern.com\\\/fr\\\/#organization\"},\"potentialAction\":[{\"@type\":\"SearchAction\",\"target\":{\"@type\":\"EntryPoint\",\"urlTemplate\":\"https:\\\/\\\/thern.com\\\/fr\\\/?s={search_term_string}\"},\"query-input\":{\"@type\":\"PropertyValueSpecification\",\"valueRequired\":true,\"valueName\":\"search_term_string\"}}],\"inLanguage\":\"fr-FR\"},{\"@type\":\"Organization\",\"@id\":\"https:\\\/\\\/thern.com\\\/fr\\\/#organization\",\"name\":\"Thern\u00ae Winches &amp; Cranes\",\"url\":\"https:\\\/\\\/thern.com\\\/fr\\\/\",\"logo\":{\"@type\":\"ImageObject\",\"inLanguage\":\"fr-FR\",\"@id\":\"https:\\\/\\\/thern.com\\\/fr\\\/#\\\/schema\\\/logo\\\/image\\\/\",\"url\":\"https:\\\/\\\/thern.com\\\/wp-content\\\/uploads\\\/2023\\\/11\\\/Logo_SaveForWeb-outline-FINAL-01.svg\",\"contentUrl\":\"https:\\\/\\\/thern.com\\\/wp-content\\\/uploads\\\/2023\\\/11\\\/Logo_SaveForWeb-outline-FINAL-01.svg\",\"caption\":\"Thern\u00ae Winches &amp; Cranes\"},\"image\":{\"@id\":\"https:\\\/\\\/thern.com\\\/fr\\\/#\\\/schema\\\/logo\\\/image\\\/\"},\"sameAs\":[\"https:\\\/\\\/www.facebook.com\\\/ThernInc\\\/\",\"https:\\\/\\\/www.linkedin.com\\\/company\\\/thern-inc-\\\/\",\"https:\\\/\\\/www.youtube.com\\\/user\\\/ThernStage\"]}]}<\/script>\n<!-- \/ Yoast SEO plugin. -->","yoast_head_json":{"title":"Treuils pneumatiques s\u00e9rie C | Thern\u00ae Winches &amp; Cranes","description":"Les treuils pneumatiques Thern de la s\u00e9rie C sont con\u00e7us pour durer, vous offrant un contr\u00f4le, une pr\u00e9cision et des performances ultimes. Fabriqu\u00e9 aux \u00c9tats-Unis!","robots":{"index":"index","follow":"follow","max-snippet":"max-snippet:-1","max-image-preview":"max-image-preview:large","max-video-preview":"max-video-preview:-1"},"canonical":"https:\/\/thern.com\/fr\/winches\/air-winches\/c-series\/","og_locale":"fr_FR","og_type":"article","og_title":"Treuils pneumatiques s\u00e9rie C | Thern\u00ae Winches &amp; Cranes","og_description":"Les treuils pneumatiques Thern de la s\u00e9rie C sont con\u00e7us pour durer, vous offrant un contr\u00f4le, une pr\u00e9cision et des performances ultimes. Fabriqu\u00e9 aux \u00c9tats-Unis!","og_url":"https:\/\/thern.com\/fr\/winches\/air-winches\/c-series\/","og_site_name":"Thern\u00ae Winches &amp; Cranes","article_publisher":"https:\/\/www.facebook.com\/ThernInc\/","article_modified_time":"2023-10-04T18:44:51+00:00","twitter_card":"summary_large_image","twitter_misc":{"Dur\u00e9e de lecture estim\u00e9e":"2 minutes"},"schema":{"@context":"https:\/\/schema.org","@graph":[{"@type":"WebPage","@id":"https:\/\/thern.com\/fr\/winches\/air-winches\/c-series\/","url":"https:\/\/thern.com\/fr\/winches\/air-winches\/c-series\/","name":"Treuils pneumatiques s\u00e9rie C | Thern\u00ae Winches &amp; Cranes","isPartOf":{"@id":"https:\/\/thern.com\/fr\/#website"},"datePublished":"2023-08-22T19:00:54+00:00","dateModified":"2023-10-04T18:44:51+00:00","description":"Les treuils pneumatiques Thern de la s\u00e9rie C sont con\u00e7us pour durer, vous offrant un contr\u00f4le, une pr\u00e9cision et des performances ultimes. Fabriqu\u00e9 aux \u00c9tats-Unis!","breadcrumb":{"@id":"https:\/\/thern.com\/fr\/winches\/air-winches\/c-series\/#breadcrumb"},"inLanguage":"fr-FR","potentialAction":[{"@type":"ReadAction","target":["https:\/\/thern.com\/fr\/winches\/air-winches\/c-series\/"]}]},{"@type":"BreadcrumbList","@id":"https:\/\/thern.com\/fr\/winches\/air-winches\/c-series\/#breadcrumb","itemListElement":[{"@type":"ListItem","position":1,"name":"Home","item":"https:\/\/thern.com\/fr\/"},{"@type":"ListItem","position":2,"name":"Winches","item":"https:\/\/thern.com\/fr\/winches\/"},{"@type":"ListItem","position":3,"name":"Air Winches","item":"https:\/\/thern.com\/fr\/winches\/air-winches\/"},{"@type":"ListItem","position":4,"name":"C Series"}]},{"@type":"WebSite","@id":"https:\/\/thern.com\/fr\/#website","url":"https:\/\/thern.com\/fr\/","name":"Thern\u00ae Winches &amp; Cranes","description":"Leave the Heavy Lifting to Us","publisher":{"@id":"https:\/\/thern.com\/fr\/#organization"},"potentialAction":[{"@type":"SearchAction","target":{"@type":"EntryPoint","urlTemplate":"https:\/\/thern.com\/fr\/?s={search_term_string}"},"query-input":{"@type":"PropertyValueSpecification","valueRequired":true,"valueName":"search_term_string"}}],"inLanguage":"fr-FR"},{"@type":"Organization","@id":"https:\/\/thern.com\/fr\/#organization","name":"Thern\u00ae Winches &amp; Cranes","url":"https:\/\/thern.com\/fr\/","logo":{"@type":"ImageObject","inLanguage":"fr-FR","@id":"https:\/\/thern.com\/fr\/#\/schema\/logo\/image\/","url":"https:\/\/thern.com\/wp-content\/uploads\/2023\/11\/Logo_SaveForWeb-outline-FINAL-01.svg","contentUrl":"https:\/\/thern.com\/wp-content\/uploads\/2023\/11\/Logo_SaveForWeb-outline-FINAL-01.svg","caption":"Thern\u00ae Winches &amp; Cranes"},"image":{"@id":"https:\/\/thern.com\/fr\/#\/schema\/logo\/image\/"},"sameAs":["https:\/\/www.facebook.com\/ThernInc\/","https:\/\/www.linkedin.com\/company\/thern-inc-\/","https:\/\/www.youtube.com\/user\/ThernStage"]}]}},"_links":{"self":[{"href":"https:\/\/thern.com\/fr\/wp-json\/wp\/v2\/pages\/31308","targetHints":{"allow":["GET"]}}],"collection":[{"href":"https:\/\/thern.com\/fr\/wp-json\/wp\/v2\/pages"}],"about":[{"href":"https:\/\/thern.com\/fr\/wp-json\/wp\/v2\/types\/page"}],"author":[{"embeddable":true,"href":"https:\/\/thern.com\/fr\/wp-json\/wp\/v2\/users\/1"}],"replies":[{"embeddable":true,"href":"https:\/\/thern.com\/fr\/wp-json\/wp\/v2\/comments?post=31308"}],"version-history":[{"count":0,"href":"https:\/\/thern.com\/fr\/wp-json\/wp\/v2\/pages\/31308\/revisions"}],"up":[{"embeddable":true,"href":"https:\/\/thern.com\/fr\/wp-json\/wp\/v2\/pages\/32497"}],"wp:attachment":[{"href":"https:\/\/thern.com\/fr\/wp-json\/wp\/v2\/media?parent=31308"}],"curies":[{"name":"wp","href":"https:\/\/api.w.org\/{rel}","templated":true}]}}