{"id":30590,"date":"2023-08-17T19:18:54","date_gmt":"2023-08-17T19:18:54","guid":{"rendered":"https:\/\/therninc.wpenginepowered.com\/testimonials\/dj-machinery-b25-recovery\/"},"modified":"2023-09-27T00:01:57","modified_gmt":"2023-09-27T00:01:57","slug":"dj-machinery-b25-recovery","status":"publish","type":"page","link":"https:\/\/thern.com\/fr\/testimonials\/dj-machinery-b25-recovery\/","title":{"rendered":"DJ Machinery B25 Recovery"},"content":{"rendered":"<div class=\"wpb-content-wrapper\"><p>[vc_section full_width=\u00a0\u00bbstretch_row\u00a0\u00bb content_placement=\u00a0\u00bbbottom\u00a0\u00bb css=\u00a0\u00bb.vc_custom_1692299549917{padding-top: 0px !important;background-image: url(https:\/\/thern.com\/wp-content\/uploads\/2023\/07\/Asset-1.png?id=344) !important;background-position: center !important;background-repeat: no-repeat !important;background-size: cover !important;}\u00a0\u00bb][vc_row full_width=\u00a0\u00bbstretch_row\u00a0\u00bb css=\u00a0\u00bb.vc_custom_1692299519679{padding-top: 50px !important;padding-bottom: 70px !important;background-color: rgba(0,0,0,0.5) !important;*background-color: rgb(0,0,0) !important;}\u00a0\u00bb][vc_column][vc_custom_heading text=\u00a0\u00bbDJ Machinery B25 Recovery\u00a0\u00bb font_container=\u00a0\u00bbtag:h1|text_align:left|color:%23ffffff\u00a0\u00bb use_theme_fonts=\u00a0\u00bbyes\u00a0\u00bb css_animation=\u00a0\u00bbfadeInLeft\u00a0\u00bb][\/vc_column][\/vc_row][\/vc_section][vc_row full_width=\u00a0\u00bbstretch_row\u00a0\u00bb equal_height=\u00a0\u00bbyes\u00a0\u00bb content_placement=\u00a0\u00bbmiddle\u00a0\u00bb css=\u00a0\u00bb.vc_custom_1689180629506{padding-bottom: 35px !important;background-color: #c71a32 !important;}\u00a0\u00bb][vc_column width=\u00a0\u00bb2\/3&Prime;][vc_custom_heading text=\u00a0\u00bbTHERN AIR TUGGER AIDE \u00c0 LA R\u00c9CUP\u00c9RATION DE L&rsquo;AVION B-25&Prime; font_container=\u00a0\u00bbtag:h2|text_align:left|color:%23ffffff\u00a0\u00bb use_theme_fonts=\u00a0\u00bbyes\u00a0\u00bb css_animation=\u00a0\u00bbfadeInLeft\u00a0\u00bb][\/vc_column][vc_column width=\u00a0\u00bb1\/3&Prime;][\/vc_column][\/vc_row][vc_row equal_height=\u00a0\u00bbyes\u00a0\u00bb css=\u00a0\u00bb.vc_custom_1692299451924{padding-bottom: 35px !important;}\u00a0\u00bb][vc_column css_animation=\u00a0\u00bbfadeInLeft\u00a0\u00bb width=\u00a0\u00bb1\/2&Prime;][vc_column_text]<\/p>\n<section class=\"av_textblock_section\">\n<div class=\"avia_textblock\">\n<p>\u00ab Je ne peux pas vous dire \u00e0 quel point Jon et moi \u00e9tions satisfaits de l&rsquo;Air Tugger. Il a jou\u00e9 \u00e0 merveille ! Avec la conduite en 4 parties, nous parvenions \u00e0 peine \u00e0 casser la valve et l&rsquo;avion commen\u00e7ait \u00e0 bouger. L&rsquo;\u00e9norme bande de frein vous fait vraiment sentir bien, surtout apr\u00e8s avoir fait remonter l&rsquo;avion \u00e0 la surface.<\/p>\n<p>Nous avons install\u00e9 des c\u00e2bles de s\u00e9curit\u00e9 en cas de probl\u00e8me pendant que nous transportions l&rsquo;avion sous l&rsquo;eau pendant environ 4 heures et demie. Le treuil a tenu la charge sans probl\u00e8me et les c\u00e2bles de s\u00e9curit\u00e9 n&rsquo;ont jamais jou\u00e9.<\/p>\n<p>Une fois en eau peu profonde, nous avons d\u00fb descendre des plongeurs pour nous assurer d&rsquo;\u00eatre le plus pr\u00e8s possible du fond de la barge sans entrer en contact avec elle. Cela nous permettrait de nous mettre \u00e0 port\u00e9e de la grue \u00e0 terre pour transf\u00e9rer la charge. Nous avons r\u00e9ussi \u00e0 placer l&rsquo;avion \u00e0 moins de deux pouces du fond de la barge, et c&rsquo;est sacr\u00e9ment bien dans l&rsquo;eau.<\/p>\n<p>Nous aimerions vous remercier pour votre aide et continuer votre bon travail. History Channel a film\u00e9 la r\u00e9cup\u00e9ration pour un prochain \u00e9pisode de l&rsquo;\u00e9mission t\u00e9l\u00e9vis\u00e9e Mega Movers pour Discovery Network. Nous vous tiendrons au courant de l\u2019heure \u00e0 laquelle il sera diffus\u00e9.<\/p>\n<p>Port de Darrell<br \/>\nPr\u00e9sident<br \/>\nJon Prosser<br \/>\nvice-pr\u00e9sident<br \/>\nD&amp;J Machines et gr\u00e9ements LLC<br \/>\nLexington, Caroline du Sud<\/p>\n<\/div>\n<\/section>\n<p>[\/vc_column_text][vc_btn title=\u00a0\u00bbRetour aux t\u00e9moignages\u00a0\u00bb style=\u00a0\u00bbcustom\u00a0\u00bb custom_background=\u00a0\u00bb#c71a32&Prime; custom_text=\u00a0\u00bb#ffffff\u00a0\u00bb shape=\u00a0\u00bbsquare\u00a0\u00bb size=\u00a0\u00bblg\u00a0\u00bb align=\u00a0\u00bbleft\u00a0\u00bb i_icon_fontawesome=\u00a0\u00bbfas fa-angle-left\u00a0\u00bb add_icon=\u00a0\u00bbtrue\u00a0\u00bb link=\u00a0\u00bburl:%2Ffr%2Ftestimonials%2F|title:Return%20to%20Testimonials\u00a0\u00bb][\/vc_column][vc_column css_animation=\u00a0\u00bbfadeInRight\u00a0\u00bb width=\u00a0\u00bb1\/2&Prime;][vc_single_image image=\u00a0\u00bb22901&Prime; img_size=\u00a0\u00bbfull\u00a0\u00bb alignment=\u00a0\u00bbcenter\u00a0\u00bb][\/vc_column][\/vc_row]<\/p>\n<\/div>","protected":false},"excerpt":{"rendered":"<p>[vc_section full_width=\u00a0\u00bbstretch_row\u00a0\u00bb content_placement=\u00a0\u00bbbottom\u00a0\u00bb css=\u00a0\u00bb.vc_custom_1692299549917{padding-top: 0px !important;background-image: url(https:\/\/thern.com\/wp-content\/uploads\/2023\/07\/Asset-1.png?id=344) !important;background-position: center !important;background-repeat: no-repeat !important;background-size: cover !important;}\u00a0\u00bb][vc_row full_width=\u00a0\u00bbstretch_row\u00a0\u00bb css=\u00a0\u00bb.vc_custom_1692299519679{padding-top: 50px !important;padding-bottom: 70px !important;background-color: rgba(0,0,0,0.5) !important;*background-color: rgb(0,0,0) !important;}\u00a0\u00bb][vc_column][vc_custom_heading text=\u00a0\u00bbDJ Machinery B25 Recovery\u00a0\u00bb font_container=\u00a0\u00bbtag:h1|text_align:left|color:%23ffffff\u00a0\u00bb use_theme_fonts=\u00a0\u00bbyes\u00a0\u00bb css_animation=\u00a0\u00bbfadeInLeft\u00a0\u00bb][\/vc_column][\/vc_row][\/vc_section][vc_row full_width=\u00a0\u00bbstretch_row\u00a0\u00bb equal_height=\u00a0\u00bbyes\u00a0\u00bb content_placement=\u00a0\u00bbmiddle\u00a0\u00bb css=\u00a0\u00bb.vc_custom_1689180629506{padding-bottom: 35px !important;background-color: #c71a32 !important;}\u00a0\u00bb][vc_column width=\u00a0\u00bb2\/3&Prime;][vc_custom_heading text=\u00a0\u00bbTHERN AIR TUGGER AIDE \u00c0 LA R\u00c9CUP\u00c9RATION DE L&rsquo;AVION B-25&Prime; font_container=\u00a0\u00bbtag:h2|text_align:left|color:%23ffffff\u00a0\u00bb use_theme_fonts=\u00a0\u00bbyes\u00a0\u00bb css_animation=\u00a0\u00bbfadeInLeft\u00a0\u00bb][\/vc_column][vc_column width=\u00a0\u00bb1\/3&Prime;][\/vc_column][\/vc_row][vc_row equal_height=\u00a0\u00bbyes\u00a0\u00bb &#8230; <a title=\"DJ Machinery B25 Recovery\" class=\"read-more\" href=\"https:\/\/thern.com\/fr\/testimonials\/dj-machinery-b25-recovery\/\" aria-label=\"More on DJ Machinery B25 Recovery\">Read more<\/a><\/p>\n","protected":false},"author":1,"featured_media":0,"parent":30063,"menu_order":0,"comment_status":"closed","ping_status":"closed","template":"","meta":{"footnotes":""},"class_list":["post-30590","page","type-page","status-publish"],"yoast_head":"<!-- This site is optimized with the Yoast SEO plugin v27.5 - https:\/\/yoast.com\/product\/yoast-seo-wordpress\/ -->\n<title>R\u00e9cup\u00e9ration de l&#039;avion B52 - Projets d&#039;ing\u00e9nierie personnalis\u00e9s | Thern, Inc.<\/title>\n<meta name=\"description\" content=\"Thern a fourni un treuil \u00e0 D&amp;J Machinery pour r\u00e9cup\u00e9rer un avion. La Cha\u00eene Histoire a film\u00e9 la r\u00e9cup\u00e9ration du moment historique !\" \/>\n<meta name=\"robots\" content=\"index, follow, max-snippet:-1, max-image-preview:large, max-video-preview:-1\" \/>\n<link rel=\"canonical\" href=\"https:\/\/thern.com\/fr\/testimonials\/dj-machinery-b25-recovery\/\" \/>\n<meta property=\"og:locale\" content=\"fr_FR\" \/>\n<meta property=\"og:type\" content=\"article\" \/>\n<meta property=\"og:title\" content=\"R\u00e9cup\u00e9ration de l&#039;avion B52 - Projets d&#039;ing\u00e9nierie personnalis\u00e9s | Thern, Inc.\" \/>\n<meta property=\"og:description\" content=\"Thern a fourni un treuil \u00e0 D&amp;J Machinery pour r\u00e9cup\u00e9rer un avion. La Cha\u00eene Histoire a film\u00e9 la r\u00e9cup\u00e9ration du moment historique !\" \/>\n<meta property=\"og:url\" content=\"https:\/\/thern.com\/fr\/testimonials\/dj-machinery-b25-recovery\/\" \/>\n<meta property=\"og:site_name\" content=\"Thern\u00ae Winches &amp; Cranes\" \/>\n<meta property=\"article:publisher\" content=\"https:\/\/www.facebook.com\/ThernInc\/\" \/>\n<meta property=\"article:modified_time\" content=\"2023-09-27T00:01:57+00:00\" \/>\n<meta name=\"twitter:card\" content=\"summary_large_image\" \/>\n<meta name=\"twitter:label1\" content=\"Dur\u00e9e de lecture estim\u00e9e\" \/>\n\t<meta name=\"twitter:data1\" content=\"2 minutes\" \/>\n<script type=\"application\/ld+json\" class=\"yoast-schema-graph\">{\"@context\":\"https:\\\/\\\/schema.org\",\"@graph\":[{\"@type\":\"WebPage\",\"@id\":\"https:\\\/\\\/thern.com\\\/fr\\\/testimonials\\\/dj-machinery-b25-recovery\\\/\",\"url\":\"https:\\\/\\\/thern.com\\\/fr\\\/testimonials\\\/dj-machinery-b25-recovery\\\/\",\"name\":\"R\u00e9cup\u00e9ration de l'avion B52 - Projets d'ing\u00e9nierie personnalis\u00e9s | Thern, Inc.\",\"isPartOf\":{\"@id\":\"https:\\\/\\\/thern.com\\\/fr\\\/#website\"},\"datePublished\":\"2023-08-17T19:18:54+00:00\",\"dateModified\":\"2023-09-27T00:01:57+00:00\",\"description\":\"Thern a fourni un treuil \u00e0 D&J Machinery pour r\u00e9cup\u00e9rer un avion. La Cha\u00eene Histoire a film\u00e9 la r\u00e9cup\u00e9ration du moment historique !\",\"breadcrumb\":{\"@id\":\"https:\\\/\\\/thern.com\\\/fr\\\/testimonials\\\/dj-machinery-b25-recovery\\\/#breadcrumb\"},\"inLanguage\":\"fr-FR\",\"potentialAction\":[{\"@type\":\"ReadAction\",\"target\":[\"https:\\\/\\\/thern.com\\\/fr\\\/testimonials\\\/dj-machinery-b25-recovery\\\/\"]}]},{\"@type\":\"BreadcrumbList\",\"@id\":\"https:\\\/\\\/thern.com\\\/fr\\\/testimonials\\\/dj-machinery-b25-recovery\\\/#breadcrumb\",\"itemListElement\":[{\"@type\":\"ListItem\",\"position\":1,\"name\":\"Home\",\"item\":\"https:\\\/\\\/thern.com\\\/fr\\\/\"},{\"@type\":\"ListItem\",\"position\":2,\"name\":\"Testimonials\",\"item\":\"https:\\\/\\\/thern.com\\\/fr\\\/testimonials\\\/\"},{\"@type\":\"ListItem\",\"position\":3,\"name\":\"DJ Machinery B25 Recovery\"}]},{\"@type\":\"WebSite\",\"@id\":\"https:\\\/\\\/thern.com\\\/fr\\\/#website\",\"url\":\"https:\\\/\\\/thern.com\\\/fr\\\/\",\"name\":\"Thern\u00ae Winches &amp; Cranes\",\"description\":\"Leave the Heavy Lifting to Us\",\"publisher\":{\"@id\":\"https:\\\/\\\/thern.com\\\/fr\\\/#organization\"},\"potentialAction\":[{\"@type\":\"SearchAction\",\"target\":{\"@type\":\"EntryPoint\",\"urlTemplate\":\"https:\\\/\\\/thern.com\\\/fr\\\/?s={search_term_string}\"},\"query-input\":{\"@type\":\"PropertyValueSpecification\",\"valueRequired\":true,\"valueName\":\"search_term_string\"}}],\"inLanguage\":\"fr-FR\"},{\"@type\":\"Organization\",\"@id\":\"https:\\\/\\\/thern.com\\\/fr\\\/#organization\",\"name\":\"Thern\u00ae Winches &amp; Cranes\",\"url\":\"https:\\\/\\\/thern.com\\\/fr\\\/\",\"logo\":{\"@type\":\"ImageObject\",\"inLanguage\":\"fr-FR\",\"@id\":\"https:\\\/\\\/thern.com\\\/fr\\\/#\\\/schema\\\/logo\\\/image\\\/\",\"url\":\"https:\\\/\\\/thern.com\\\/wp-content\\\/uploads\\\/2023\\\/11\\\/Logo_SaveForWeb-outline-FINAL-01.svg\",\"contentUrl\":\"https:\\\/\\\/thern.com\\\/wp-content\\\/uploads\\\/2023\\\/11\\\/Logo_SaveForWeb-outline-FINAL-01.svg\",\"caption\":\"Thern\u00ae Winches &amp; Cranes\"},\"image\":{\"@id\":\"https:\\\/\\\/thern.com\\\/fr\\\/#\\\/schema\\\/logo\\\/image\\\/\"},\"sameAs\":[\"https:\\\/\\\/www.facebook.com\\\/ThernInc\\\/\",\"https:\\\/\\\/www.linkedin.com\\\/company\\\/thern-inc-\\\/\",\"https:\\\/\\\/www.youtube.com\\\/user\\\/ThernStage\"]}]}<\/script>\n<!-- \/ Yoast SEO plugin. -->","yoast_head_json":{"title":"R\u00e9cup\u00e9ration de l'avion B52 - Projets d'ing\u00e9nierie personnalis\u00e9s | Thern, Inc.","description":"Thern a fourni un treuil \u00e0 D&J Machinery pour r\u00e9cup\u00e9rer un avion. La Cha\u00eene Histoire a film\u00e9 la r\u00e9cup\u00e9ration du moment historique !","robots":{"index":"index","follow":"follow","max-snippet":"max-snippet:-1","max-image-preview":"max-image-preview:large","max-video-preview":"max-video-preview:-1"},"canonical":"https:\/\/thern.com\/fr\/testimonials\/dj-machinery-b25-recovery\/","og_locale":"fr_FR","og_type":"article","og_title":"R\u00e9cup\u00e9ration de l'avion B52 - Projets d'ing\u00e9nierie personnalis\u00e9s | Thern, Inc.","og_description":"Thern a fourni un treuil \u00e0 D&J Machinery pour r\u00e9cup\u00e9rer un avion. La Cha\u00eene Histoire a film\u00e9 la r\u00e9cup\u00e9ration du moment historique !","og_url":"https:\/\/thern.com\/fr\/testimonials\/dj-machinery-b25-recovery\/","og_site_name":"Thern\u00ae Winches &amp; Cranes","article_publisher":"https:\/\/www.facebook.com\/ThernInc\/","article_modified_time":"2023-09-27T00:01:57+00:00","twitter_card":"summary_large_image","twitter_misc":{"Dur\u00e9e de lecture estim\u00e9e":"2 minutes"},"schema":{"@context":"https:\/\/schema.org","@graph":[{"@type":"WebPage","@id":"https:\/\/thern.com\/fr\/testimonials\/dj-machinery-b25-recovery\/","url":"https:\/\/thern.com\/fr\/testimonials\/dj-machinery-b25-recovery\/","name":"R\u00e9cup\u00e9ration de l'avion B52 - Projets d'ing\u00e9nierie personnalis\u00e9s | Thern, Inc.","isPartOf":{"@id":"https:\/\/thern.com\/fr\/#website"},"datePublished":"2023-08-17T19:18:54+00:00","dateModified":"2023-09-27T00:01:57+00:00","description":"Thern a fourni un treuil \u00e0 D&J Machinery pour r\u00e9cup\u00e9rer un avion. La Cha\u00eene Histoire a film\u00e9 la r\u00e9cup\u00e9ration du moment historique !","breadcrumb":{"@id":"https:\/\/thern.com\/fr\/testimonials\/dj-machinery-b25-recovery\/#breadcrumb"},"inLanguage":"fr-FR","potentialAction":[{"@type":"ReadAction","target":["https:\/\/thern.com\/fr\/testimonials\/dj-machinery-b25-recovery\/"]}]},{"@type":"BreadcrumbList","@id":"https:\/\/thern.com\/fr\/testimonials\/dj-machinery-b25-recovery\/#breadcrumb","itemListElement":[{"@type":"ListItem","position":1,"name":"Home","item":"https:\/\/thern.com\/fr\/"},{"@type":"ListItem","position":2,"name":"Testimonials","item":"https:\/\/thern.com\/fr\/testimonials\/"},{"@type":"ListItem","position":3,"name":"DJ Machinery B25 Recovery"}]},{"@type":"WebSite","@id":"https:\/\/thern.com\/fr\/#website","url":"https:\/\/thern.com\/fr\/","name":"Thern\u00ae Winches &amp; Cranes","description":"Leave the Heavy Lifting to Us","publisher":{"@id":"https:\/\/thern.com\/fr\/#organization"},"potentialAction":[{"@type":"SearchAction","target":{"@type":"EntryPoint","urlTemplate":"https:\/\/thern.com\/fr\/?s={search_term_string}"},"query-input":{"@type":"PropertyValueSpecification","valueRequired":true,"valueName":"search_term_string"}}],"inLanguage":"fr-FR"},{"@type":"Organization","@id":"https:\/\/thern.com\/fr\/#organization","name":"Thern\u00ae Winches &amp; Cranes","url":"https:\/\/thern.com\/fr\/","logo":{"@type":"ImageObject","inLanguage":"fr-FR","@id":"https:\/\/thern.com\/fr\/#\/schema\/logo\/image\/","url":"https:\/\/thern.com\/wp-content\/uploads\/2023\/11\/Logo_SaveForWeb-outline-FINAL-01.svg","contentUrl":"https:\/\/thern.com\/wp-content\/uploads\/2023\/11\/Logo_SaveForWeb-outline-FINAL-01.svg","caption":"Thern\u00ae Winches &amp; Cranes"},"image":{"@id":"https:\/\/thern.com\/fr\/#\/schema\/logo\/image\/"},"sameAs":["https:\/\/www.facebook.com\/ThernInc\/","https:\/\/www.linkedin.com\/company\/thern-inc-\/","https:\/\/www.youtube.com\/user\/ThernStage"]}]}},"_links":{"self":[{"href":"https:\/\/thern.com\/fr\/wp-json\/wp\/v2\/pages\/30590","targetHints":{"allow":["GET"]}}],"collection":[{"href":"https:\/\/thern.com\/fr\/wp-json\/wp\/v2\/pages"}],"about":[{"href":"https:\/\/thern.com\/fr\/wp-json\/wp\/v2\/types\/page"}],"author":[{"embeddable":true,"href":"https:\/\/thern.com\/fr\/wp-json\/wp\/v2\/users\/1"}],"replies":[{"embeddable":true,"href":"https:\/\/thern.com\/fr\/wp-json\/wp\/v2\/comments?post=30590"}],"version-history":[{"count":0,"href":"https:\/\/thern.com\/fr\/wp-json\/wp\/v2\/pages\/30590\/revisions"}],"up":[{"embeddable":true,"href":"https:\/\/thern.com\/fr\/wp-json\/wp\/v2\/pages\/30063"}],"wp:attachment":[{"href":"https:\/\/thern.com\/fr\/wp-json\/wp\/v2\/media?parent=30590"}],"curies":[{"name":"wp","href":"https:\/\/api.w.org\/{rel}","templated":true}]}}