{"id":30575,"date":"2023-08-17T19:15:26","date_gmt":"2023-08-17T19:15:26","guid":{"rendered":"https:\/\/therninc.wpenginepowered.com\/testimonials\/conexus-art-centre\/"},"modified":"2023-09-26T23:31:49","modified_gmt":"2023-09-26T23:31:49","slug":"conexus-art-centre","status":"publish","type":"page","link":"https:\/\/thern.com\/fr\/testimonials\/conexus-art-centre\/","title":{"rendered":"Conexus Art Centre"},"content":{"rendered":"<div class=\"wpb-content-wrapper\"><p>[vc_section full_width=\u00a0\u00bbstretch_row\u00a0\u00bb content_placement=\u00a0\u00bbbottom\u00a0\u00bb css=\u00a0\u00bb.vc_custom_1692299549917{padding-top: 0px !important;background-image: url(https:\/\/thern.com\/wp-content\/uploads\/2023\/07\/Asset-1.png?id=344) !important;background-position: center !important;background-repeat: no-repeat !important;background-size: cover !important;}\u00a0\u00bb][vc_row full_width=\u00a0\u00bbstretch_row\u00a0\u00bb css=\u00a0\u00bb.vc_custom_1692299519679{padding-top: 50px !important;padding-bottom: 70px !important;background-color: rgba(0,0,0,0.5) !important;*background-color: rgb(0,0,0) !important;}\u00a0\u00bb][vc_column][vc_custom_heading text=\u00a0\u00bbConexus Art Centre\u00a0\u00bb font_container=\u00a0\u00bbtag:h1|text_align:left|color:%23ffffff\u00a0\u00bb use_theme_fonts=\u00a0\u00bbyes\u00a0\u00bb css_animation=\u00a0\u00bbfadeInLeft\u00a0\u00bb][\/vc_column][\/vc_row][\/vc_section][vc_row full_width=\u00a0\u00bbstretch_row\u00a0\u00bb equal_height=\u00a0\u00bbyes\u00a0\u00bb content_placement=\u00a0\u00bbmiddle\u00a0\u00bb css=\u00a0\u00bb.vc_custom_1689180629506{padding-bottom: 35px !important;background-color: #c71a32 !important;}\u00a0\u00bb][vc_column css_animation=\u00a0\u00bbfadeInLeft\u00a0\u00bb width=\u00a0\u00bb1\/2&Prime;][vc_custom_heading text=\u00a0\u00bbSyst\u00e8me de mouche de sc\u00e8ne\u00a0\u00bb font_container=\u00a0\u00bbtag:h2|text_align:left|color:%23ffffff\u00a0\u00bb use_theme_fonts=\u00a0\u00bbyes\u00a0\u00bb css_animation=\u00a0\u00bbnone\u00a0\u00bb][\/vc_column][vc_column css_animation=\u00a0\u00bbfadeInRight\u00a0\u00bb width=\u00a0\u00bb1\/2&Prime;][vc_column_text]<span style=\"color: #ffffff;\">Le Conexus Arts Center avait besoin d&rsquo;un syst\u00e8me de mouche de sc\u00e8ne de remplacement. Thern a fourni une solution personnalis\u00e9e de qualit\u00e9 sup\u00e9rieure pour r\u00e9pondre aux besoins du projet.<\/span>[\/vc_column_text][\/vc_column][\/vc_row][vc_row equal_height=\u00a0\u00bbyes\u00a0\u00bb css=\u00a0\u00bb.vc_custom_1692299451924{padding-bottom: 35px !important;}\u00a0\u00bb][vc_column css_animation=\u00a0\u00bbfadeInLeft\u00a0\u00bb width=\u00a0\u00bb1\/2&Prime;][vc_column_text]<\/p>\n<section class=\"av_textblock_section\">\n<div class=\"avia_textblock\">\n<p><strong>Syst\u00e8me de mouche de sc\u00e8ne | Con\u00e7u et construit sur mesure pour le Conexus Art Center<\/strong><\/p>\n<p>\u00ab\u00a0En ao\u00fbt\u00a02011, le Conexus Arts Center a identifi\u00e9 des probl\u00e8mes avec le syst\u00e8me de mouche de sc\u00e8ne qui, selon nous, devaient \u00eatre r\u00e9solus. Il a \u00e9t\u00e9 d\u00e9cid\u00e9 que la meilleure approche serait de confier \u00e0 un consultant une \u00e9valuation de l&rsquo;ensemble du syst\u00e8me. Jay Glerum a \u00e9t\u00e9 engag\u00e9 pour terminer l\u2019inspection et fournir un rapport sur l\u2019\u00e9tat g\u00e9n\u00e9ral du syst\u00e8me de mouche du Centre. Le rapport de Jay concluait qu\u2019un remplacement complet du syst\u00e8me de mouche \u00e9tait n\u00e9cessaire.<\/p>\n<p>Avec l\u2019aide de Jay, les sp\u00e9cifications ont \u00e9t\u00e9 r\u00e9dig\u00e9es et le processus d\u2019appel d\u2019offres a \u00e9t\u00e9 lanc\u00e9, ce qui a donn\u00e9 lieu \u00e0 un certain nombre de propositions d\u2019entreprises int\u00e9ress\u00e9es. Apr\u00e8s avoir examin\u00e9 les propositions, nous avons estim\u00e9 que le syst\u00e8me BRICKHOUSE de Thern convenait le mieux \u00e0 nos besoins et le projet a \u00e9t\u00e9 retenu.<\/p>\n<p>Il a \u00e9t\u00e9 d\u00e9termin\u00e9 que la seule fen\u00eatre disponible pour le retrait et l&rsquo;installation d&rsquo;un nouveau syst\u00e8me serait le mois de juillet 2012. \u00c0 ce stade, il ne restait qu&rsquo;environ trois mois pour que l&rsquo;\u00e9quipement soit fabriqu\u00e9, assembl\u00e9, exp\u00e9di\u00e9 et pr\u00eat \u00e0 \u00eatre install\u00e9.<\/p>\n<p>Les discussions avec Thern, Jay Glerum et le Centre ont soulev\u00e9 d&rsquo;importantes pr\u00e9occupations concernant le temps limit\u00e9 disponible pour fabriquer et livrer l&rsquo;\u00e9quipement. Une autre pr\u00e9occupation majeure \u00e9tait le peu de temps disponible pour retirer l\u2019ancien syst\u00e8me et installer le nouveau. Nous \u00e9tions \u00e0 un point o\u00f9 nous pensions que le projet devait \u00eatre report\u00e9 \u00e0 une date ult\u00e9rieure car il semblait que le plan existant avait peu de chances de r\u00e9ussir.<\/p>\n<p>Michael Kunz de Thern s&rsquo;est fortement impliqu\u00e9 \u00e0 ce stade et a con\u00e7u un calendrier d\u00e9taill\u00e9 d\u00e9crivant l&rsquo;\u00e9tendue des travaux, les exigences en mati\u00e8re de main-d&rsquo;\u0153uvre et le temps allou\u00e9 pour chaque aspect du projet. Michael nous a assur\u00e9 qu&rsquo;il pouvait faire en sorte que ce plan fonctionne et que le projet soit termin\u00e9 \u00e0 temps. Une partie du plan de Michael \u00e9tait de venir \u00e0 Regina et de superviser personnellement le retrait du syst\u00e8me de mouches existant\u00a0; qui, selon l&rsquo;accord, relevait de la responsabilit\u00e9 du Conexus Arts Centre. Michael est venu \u00e0 Regina et a r\u00e9uni une \u00e9quipe locale\u00a0&#8211;\u00a0certains des meilleurs techniciens de sc\u00e8ne et monteurs du secteur\u00a0&#8211;\u00a0pour mener \u00e0 bien le projet.<\/p>\n<p>Gr\u00e2ce aux incroyables connaissances de Michael, \u00e0 ses comp\u00e9tences organisationnelles et \u00e0 sa capacit\u00e9 \u00e0 g\u00e9rer les gens, le projet s\u2019est d\u00e9roul\u00e9 sans probl\u00e8me du d\u00e9but \u00e0 la fin. L&rsquo;inspection finale, \u00e0 laquelle ont particip\u00e9 Michael Kunz et l&rsquo;\u00e9quipe de Thern ainsi que Jay Glerum, a \u00e9t\u00e9 effectu\u00e9e dans les d\u00e9lais et a n\u00e9cessit\u00e9 quelques ajustements mineurs au syst\u00e8me.<\/p>\n<p>Je recommande vivement Thern et son \u00e9quipe. Nous les avons trouv\u00e9s tr\u00e8s professionnels et leurs produits \u00e9taient de tr\u00e8s haute qualit\u00e9 \u00e0 tous \u00e9gards. En bref, nous sommes extr\u00eamement satisfaits du processus qui a permis de mener \u00e0 bien ce projet avec le r\u00e9sultat final. \u2013\u00a0Jim McCrum,\u00a0directeur ex\u00e9cutif | Centre des Arts Conexus<\/p>\n<\/div>\n<\/section>\n<p>[\/vc_column_text][vc_btn title=\u00a0\u00bbRetour aux t\u00e9moignages\u00a0\u00bb style=\u00a0\u00bbcustom\u00a0\u00bb custom_background=\u00a0\u00bb#c71a32&Prime; custom_text=\u00a0\u00bb#ffffff\u00a0\u00bb shape=\u00a0\u00bbsquare\u00a0\u00bb size=\u00a0\u00bblg\u00a0\u00bb align=\u00a0\u00bbleft\u00a0\u00bb i_icon_fontawesome=\u00a0\u00bbfas fa-angle-left\u00a0\u00bb add_icon=\u00a0\u00bbtrue\u00a0\u00bb link=\u00a0\u00bburl:%2Ffr%2Ftestimonials%2F|title:Return%20to%20Testimonials\u00a0\u00bb][\/vc_column][vc_column css_animation=\u00a0\u00bbfadeInRight\u00a0\u00bb width=\u00a0\u00bb1\/2&Prime;][vc_single_image image=\u00a0\u00bb22902&Prime; img_size=\u00a0\u00bbfull\u00a0\u00bb alignment=\u00a0\u00bbcenter\u00a0\u00bb][\/vc_column][\/vc_row]<\/p>\n<\/div>","protected":false},"excerpt":{"rendered":"<p>[vc_section full_width=\u00a0\u00bbstretch_row\u00a0\u00bb content_placement=\u00a0\u00bbbottom\u00a0\u00bb css=\u00a0\u00bb.vc_custom_1692299549917{padding-top: 0px !important;background-image: url(https:\/\/thern.com\/wp-content\/uploads\/2023\/07\/Asset-1.png?id=344) !important;background-position: center !important;background-repeat: no-repeat !important;background-size: cover !important;}\u00a0\u00bb][vc_row full_width=\u00a0\u00bbstretch_row\u00a0\u00bb css=\u00a0\u00bb.vc_custom_1692299519679{padding-top: 50px !important;padding-bottom: 70px !important;background-color: rgba(0,0,0,0.5) !important;*background-color: rgb(0,0,0) !important;}\u00a0\u00bb][vc_column][vc_custom_heading text=\u00a0\u00bbConexus Art Centre\u00a0\u00bb font_container=\u00a0\u00bbtag:h1|text_align:left|color:%23ffffff\u00a0\u00bb use_theme_fonts=\u00a0\u00bbyes\u00a0\u00bb css_animation=\u00a0\u00bbfadeInLeft\u00a0\u00bb][\/vc_column][\/vc_row][\/vc_section][vc_row full_width=\u00a0\u00bbstretch_row\u00a0\u00bb equal_height=\u00a0\u00bbyes\u00a0\u00bb content_placement=\u00a0\u00bbmiddle\u00a0\u00bb css=\u00a0\u00bb.vc_custom_1689180629506{padding-bottom: 35px !important;background-color: #c71a32 !important;}\u00a0\u00bb][vc_column css_animation=\u00a0\u00bbfadeInLeft\u00a0\u00bb width=\u00a0\u00bb1\/2&Prime;][vc_custom_heading text=\u00a0\u00bbSyst\u00e8me de mouche de sc\u00e8ne\u00a0\u00bb font_container=\u00a0\u00bbtag:h2|text_align:left|color:%23ffffff\u00a0\u00bb use_theme_fonts=\u00a0\u00bbyes\u00a0\u00bb css_animation=\u00a0\u00bbnone\u00a0\u00bb][\/vc_column][vc_column css_animation=\u00a0\u00bbfadeInRight\u00a0\u00bb width=\u00a0\u00bb1\/2&Prime;][vc_column_text]Le Conexus Arts Center avait besoin &#8230; <a title=\"Conexus Art Centre\" class=\"read-more\" href=\"https:\/\/thern.com\/fr\/testimonials\/conexus-art-centre\/\" aria-label=\"More on Conexus Art Centre\">Read more<\/a><\/p>\n","protected":false},"author":1,"featured_media":0,"parent":30063,"menu_order":0,"comment_status":"closed","ping_status":"closed","template":"","meta":{"footnotes":""},"class_list":["post-30575","page","type-page","status-publish"],"yoast_head":"<!-- This site is optimized with the Yoast SEO plugin v27.4 - https:\/\/yoast.com\/product\/yoast-seo-wordpress\/ -->\n<title>Stage Fly System - Projets d&#039;ing\u00e9nierie personnalis\u00e9s | Thern, Inc.<\/title>\n<meta name=\"description\" content=\"Le centre d\u2019art Conexus avait besoin d\u2019un syst\u00e8me de remplacement de sc\u00e8ne. Thern a fourni une solution personnalis\u00e9e de qualit\u00e9 sup\u00e9rieure pour r\u00e9pondre aux besoins du projet.\" \/>\n<meta name=\"robots\" content=\"index, follow, max-snippet:-1, max-image-preview:large, max-video-preview:-1\" \/>\n<link rel=\"canonical\" href=\"https:\/\/thern.com\/fr\/testimonials\/conexus-art-centre\/\" \/>\n<meta property=\"og:locale\" content=\"fr_FR\" \/>\n<meta property=\"og:type\" content=\"article\" \/>\n<meta property=\"og:title\" content=\"Stage Fly System - Projets d&#039;ing\u00e9nierie personnalis\u00e9s | Thern, Inc.\" \/>\n<meta property=\"og:description\" content=\"Le centre d\u2019art Conexus avait besoin d\u2019un syst\u00e8me de remplacement de sc\u00e8ne. Thern a fourni une solution personnalis\u00e9e de qualit\u00e9 sup\u00e9rieure pour r\u00e9pondre aux besoins du projet.\" \/>\n<meta property=\"og:url\" content=\"https:\/\/thern.com\/fr\/testimonials\/conexus-art-centre\/\" \/>\n<meta property=\"og:site_name\" content=\"Thern\u00ae Winches &amp; Cranes\" \/>\n<meta property=\"article:publisher\" content=\"https:\/\/www.facebook.com\/ThernInc\/\" \/>\n<meta property=\"article:modified_time\" content=\"2023-09-26T23:31:49+00:00\" \/>\n<meta name=\"twitter:card\" content=\"summary_large_image\" \/>\n<meta name=\"twitter:label1\" content=\"Dur\u00e9e de lecture estim\u00e9e\" \/>\n\t<meta name=\"twitter:data1\" content=\"3 minutes\" \/>\n<script type=\"application\/ld+json\" class=\"yoast-schema-graph\">{\"@context\":\"https:\\\/\\\/schema.org\",\"@graph\":[{\"@type\":\"WebPage\",\"@id\":\"https:\\\/\\\/thern.com\\\/fr\\\/testimonials\\\/conexus-art-centre\\\/\",\"url\":\"https:\\\/\\\/thern.com\\\/fr\\\/testimonials\\\/conexus-art-centre\\\/\",\"name\":\"Stage Fly System - Projets d'ing\u00e9nierie personnalis\u00e9s | Thern, Inc.\",\"isPartOf\":{\"@id\":\"https:\\\/\\\/thern.com\\\/fr\\\/#website\"},\"datePublished\":\"2023-08-17T19:15:26+00:00\",\"dateModified\":\"2023-09-26T23:31:49+00:00\",\"description\":\"Le centre d\u2019art Conexus avait besoin d\u2019un syst\u00e8me de remplacement de sc\u00e8ne. Thern a fourni une solution personnalis\u00e9e de qualit\u00e9 sup\u00e9rieure pour r\u00e9pondre aux besoins du projet.\",\"breadcrumb\":{\"@id\":\"https:\\\/\\\/thern.com\\\/fr\\\/testimonials\\\/conexus-art-centre\\\/#breadcrumb\"},\"inLanguage\":\"fr-FR\",\"potentialAction\":[{\"@type\":\"ReadAction\",\"target\":[\"https:\\\/\\\/thern.com\\\/fr\\\/testimonials\\\/conexus-art-centre\\\/\"]}]},{\"@type\":\"BreadcrumbList\",\"@id\":\"https:\\\/\\\/thern.com\\\/fr\\\/testimonials\\\/conexus-art-centre\\\/#breadcrumb\",\"itemListElement\":[{\"@type\":\"ListItem\",\"position\":1,\"name\":\"Home\",\"item\":\"https:\\\/\\\/thern.com\\\/fr\\\/\"},{\"@type\":\"ListItem\",\"position\":2,\"name\":\"Testimonials\",\"item\":\"https:\\\/\\\/thern.com\\\/fr\\\/testimonials\\\/\"},{\"@type\":\"ListItem\",\"position\":3,\"name\":\"Conexus Art Centre\"}]},{\"@type\":\"WebSite\",\"@id\":\"https:\\\/\\\/thern.com\\\/fr\\\/#website\",\"url\":\"https:\\\/\\\/thern.com\\\/fr\\\/\",\"name\":\"Thern\u00ae Winches &amp; Cranes\",\"description\":\"Leave the Heavy Lifting to Us\",\"publisher\":{\"@id\":\"https:\\\/\\\/thern.com\\\/fr\\\/#organization\"},\"potentialAction\":[{\"@type\":\"SearchAction\",\"target\":{\"@type\":\"EntryPoint\",\"urlTemplate\":\"https:\\\/\\\/thern.com\\\/fr\\\/?s={search_term_string}\"},\"query-input\":{\"@type\":\"PropertyValueSpecification\",\"valueRequired\":true,\"valueName\":\"search_term_string\"}}],\"inLanguage\":\"fr-FR\"},{\"@type\":\"Organization\",\"@id\":\"https:\\\/\\\/thern.com\\\/fr\\\/#organization\",\"name\":\"Thern\u00ae Winches &amp; Cranes\",\"url\":\"https:\\\/\\\/thern.com\\\/fr\\\/\",\"logo\":{\"@type\":\"ImageObject\",\"inLanguage\":\"fr-FR\",\"@id\":\"https:\\\/\\\/thern.com\\\/fr\\\/#\\\/schema\\\/logo\\\/image\\\/\",\"url\":\"https:\\\/\\\/thern.com\\\/wp-content\\\/uploads\\\/2023\\\/11\\\/Logo_SaveForWeb-outline-FINAL-01.svg\",\"contentUrl\":\"https:\\\/\\\/thern.com\\\/wp-content\\\/uploads\\\/2023\\\/11\\\/Logo_SaveForWeb-outline-FINAL-01.svg\",\"caption\":\"Thern\u00ae Winches &amp; Cranes\"},\"image\":{\"@id\":\"https:\\\/\\\/thern.com\\\/fr\\\/#\\\/schema\\\/logo\\\/image\\\/\"},\"sameAs\":[\"https:\\\/\\\/www.facebook.com\\\/ThernInc\\\/\",\"https:\\\/\\\/www.linkedin.com\\\/company\\\/thern-inc-\\\/\",\"https:\\\/\\\/www.youtube.com\\\/user\\\/ThernStage\"]}]}<\/script>\n<!-- \/ Yoast SEO plugin. -->","yoast_head_json":{"title":"Stage Fly System - Projets d'ing\u00e9nierie personnalis\u00e9s | Thern, Inc.","description":"Le centre d\u2019art Conexus avait besoin d\u2019un syst\u00e8me de remplacement de sc\u00e8ne. Thern a fourni une solution personnalis\u00e9e de qualit\u00e9 sup\u00e9rieure pour r\u00e9pondre aux besoins du projet.","robots":{"index":"index","follow":"follow","max-snippet":"max-snippet:-1","max-image-preview":"max-image-preview:large","max-video-preview":"max-video-preview:-1"},"canonical":"https:\/\/thern.com\/fr\/testimonials\/conexus-art-centre\/","og_locale":"fr_FR","og_type":"article","og_title":"Stage Fly System - Projets d'ing\u00e9nierie personnalis\u00e9s | Thern, Inc.","og_description":"Le centre d\u2019art Conexus avait besoin d\u2019un syst\u00e8me de remplacement de sc\u00e8ne. Thern a fourni une solution personnalis\u00e9e de qualit\u00e9 sup\u00e9rieure pour r\u00e9pondre aux besoins du projet.","og_url":"https:\/\/thern.com\/fr\/testimonials\/conexus-art-centre\/","og_site_name":"Thern\u00ae Winches &amp; Cranes","article_publisher":"https:\/\/www.facebook.com\/ThernInc\/","article_modified_time":"2023-09-26T23:31:49+00:00","twitter_card":"summary_large_image","twitter_misc":{"Dur\u00e9e de lecture estim\u00e9e":"3 minutes"},"schema":{"@context":"https:\/\/schema.org","@graph":[{"@type":"WebPage","@id":"https:\/\/thern.com\/fr\/testimonials\/conexus-art-centre\/","url":"https:\/\/thern.com\/fr\/testimonials\/conexus-art-centre\/","name":"Stage Fly System - Projets d'ing\u00e9nierie personnalis\u00e9s | Thern, Inc.","isPartOf":{"@id":"https:\/\/thern.com\/fr\/#website"},"datePublished":"2023-08-17T19:15:26+00:00","dateModified":"2023-09-26T23:31:49+00:00","description":"Le centre d\u2019art Conexus avait besoin d\u2019un syst\u00e8me de remplacement de sc\u00e8ne. Thern a fourni une solution personnalis\u00e9e de qualit\u00e9 sup\u00e9rieure pour r\u00e9pondre aux besoins du projet.","breadcrumb":{"@id":"https:\/\/thern.com\/fr\/testimonials\/conexus-art-centre\/#breadcrumb"},"inLanguage":"fr-FR","potentialAction":[{"@type":"ReadAction","target":["https:\/\/thern.com\/fr\/testimonials\/conexus-art-centre\/"]}]},{"@type":"BreadcrumbList","@id":"https:\/\/thern.com\/fr\/testimonials\/conexus-art-centre\/#breadcrumb","itemListElement":[{"@type":"ListItem","position":1,"name":"Home","item":"https:\/\/thern.com\/fr\/"},{"@type":"ListItem","position":2,"name":"Testimonials","item":"https:\/\/thern.com\/fr\/testimonials\/"},{"@type":"ListItem","position":3,"name":"Conexus Art Centre"}]},{"@type":"WebSite","@id":"https:\/\/thern.com\/fr\/#website","url":"https:\/\/thern.com\/fr\/","name":"Thern\u00ae Winches &amp; Cranes","description":"Leave the Heavy Lifting to Us","publisher":{"@id":"https:\/\/thern.com\/fr\/#organization"},"potentialAction":[{"@type":"SearchAction","target":{"@type":"EntryPoint","urlTemplate":"https:\/\/thern.com\/fr\/?s={search_term_string}"},"query-input":{"@type":"PropertyValueSpecification","valueRequired":true,"valueName":"search_term_string"}}],"inLanguage":"fr-FR"},{"@type":"Organization","@id":"https:\/\/thern.com\/fr\/#organization","name":"Thern\u00ae Winches &amp; Cranes","url":"https:\/\/thern.com\/fr\/","logo":{"@type":"ImageObject","inLanguage":"fr-FR","@id":"https:\/\/thern.com\/fr\/#\/schema\/logo\/image\/","url":"https:\/\/thern.com\/wp-content\/uploads\/2023\/11\/Logo_SaveForWeb-outline-FINAL-01.svg","contentUrl":"https:\/\/thern.com\/wp-content\/uploads\/2023\/11\/Logo_SaveForWeb-outline-FINAL-01.svg","caption":"Thern\u00ae Winches &amp; Cranes"},"image":{"@id":"https:\/\/thern.com\/fr\/#\/schema\/logo\/image\/"},"sameAs":["https:\/\/www.facebook.com\/ThernInc\/","https:\/\/www.linkedin.com\/company\/thern-inc-\/","https:\/\/www.youtube.com\/user\/ThernStage"]}]}},"_links":{"self":[{"href":"https:\/\/thern.com\/fr\/wp-json\/wp\/v2\/pages\/30575","targetHints":{"allow":["GET"]}}],"collection":[{"href":"https:\/\/thern.com\/fr\/wp-json\/wp\/v2\/pages"}],"about":[{"href":"https:\/\/thern.com\/fr\/wp-json\/wp\/v2\/types\/page"}],"author":[{"embeddable":true,"href":"https:\/\/thern.com\/fr\/wp-json\/wp\/v2\/users\/1"}],"replies":[{"embeddable":true,"href":"https:\/\/thern.com\/fr\/wp-json\/wp\/v2\/comments?post=30575"}],"version-history":[{"count":0,"href":"https:\/\/thern.com\/fr\/wp-json\/wp\/v2\/pages\/30575\/revisions"}],"up":[{"embeddable":true,"href":"https:\/\/thern.com\/fr\/wp-json\/wp\/v2\/pages\/30063"}],"wp:attachment":[{"href":"https:\/\/thern.com\/fr\/wp-json\/wp\/v2\/media?parent=30575"}],"curies":[{"name":"wp","href":"https:\/\/api.w.org\/{rel}","templated":true}]}}