{"id":30559,"date":"2023-08-17T19:10:29","date_gmt":"2023-08-17T19:10:29","guid":{"rendered":"https:\/\/therninc.wpenginepowered.com\/testimonials\/yorktown-mixer-hoist\/"},"modified":"2023-09-26T23:08:37","modified_gmt":"2023-09-26T23:08:37","slug":"yorktown-mixer-hoist","status":"publish","type":"page","link":"https:\/\/thern.com\/fr\/testimonials\/yorktown-mixer-hoist\/","title":{"rendered":"Yorktown Mixer Hoist"},"content":{"rendered":"<div class=\"wpb-content-wrapper\"><p>[vc_section full_width=\u00a0\u00bbstretch_row\u00a0\u00bb content_placement=\u00a0\u00bbbottom\u00a0\u00bb css=\u00a0\u00bb.vc_custom_1692299549917{padding-top: 0px !important;background-image: url(https:\/\/thern.com\/wp-content\/uploads\/2023\/07\/Asset-1.png?id=344) !important;background-position: center !important;background-repeat: no-repeat !important;background-size: cover !important;}\u00a0\u00bb][vc_row full_width=\u00a0\u00bbstretch_row\u00a0\u00bb css=\u00a0\u00bb.vc_custom_1692299519679{padding-top: 50px !important;padding-bottom: 70px !important;background-color: rgba(0,0,0,0.5) !important;*background-color: rgb(0,0,0) !important;}\u00a0\u00bb][vc_column][vc_custom_heading text=\u00a0\u00bbPalan m\u00e9langeur Yorktown\u00a0\u00bb font_container=\u00a0\u00bbtag:h1|text_align:left|color:%23ffffff\u00a0\u00bb use_theme_fonts=\u00a0\u00bbyes\u00a0\u00bb css_animation=\u00a0\u00bbfadeInLeft\u00a0\u00bb][\/vc_column][\/vc_row][\/vc_section][vc_row full_width=\u00a0\u00bbstretch_row\u00a0\u00bb equal_height=\u00a0\u00bbyes\u00a0\u00bb content_placement=\u00a0\u00bbmiddle\u00a0\u00bb css=\u00a0\u00bb.vc_custom_1689180629506{padding-bottom: 35px !important;background-color: #c71a32 !important;}\u00a0\u00bb][vc_column css_animation=\u00a0\u00bbfadeInLeft\u00a0\u00bb width=\u00a0\u00bb1\/2&Prime;][vc_custom_heading text=\u00a0\u00bbPalan m\u00e9langeur de r\u00e9servoir de digesteur ana\u00e9robie de Yorktown\u00a0\u00bb font_container=\u00a0\u00bbtag:h2|text_align:left|color:%23ffffff\u00a0\u00bb use_theme_fonts=\u00a0\u00bbyes\u00a0\u00bb][\/vc_column][vc_column css_animation=\u00a0\u00bbfadeInRight\u00a0\u00bb width=\u00a0\u00bb1\/2&Prime;][vc_column_text]<span style=\"color: #ffffff;\">Yorktown recherchait une solution pour sortir efficacement son m\u00e9langeur de son r\u00e9servoir de digestion ana\u00e9robie, qui se trouve \u00e0 pr\u00e8s de 30 pieds au-dessus du sol. Ils voulaient un palan capable de soulever le m\u00e9langeur hors du r\u00e9servoir, de le faire pivoter et de le d\u00e9poser \u00e0 l&rsquo;arri\u00e8re d&rsquo;un camion sans avoir \u00e0 poser le m\u00e9langeur pour repositionner le palan.<\/span>[\/vc_column_text][\/vc_column][\/vc_row][vc_row equal_height=\u00a0\u00bbyes\u00a0\u00bb css=\u00a0\u00bb.vc_custom_1692299451924{padding-bottom: 35px !important;}\u00a0\u00bb][vc_column css_animation=\u00a0\u00bbfadeInLeft\u00a0\u00bb width=\u00a0\u00bb1\/2&Prime;][vc_column_text]<\/p>\n<section class=\"av_textblock_section\">\n<div class=\"avia_textblock\">\n<p><strong>Palan m\u00e9langeur | Con\u00e7u et construit sur mesure pour le m\u00e9langeur de pompes et d&rsquo;\u00e9quipements BBC<\/strong><\/p>\n<p>Grant Kissel et l&rsquo;\u00e9quipe municipale de BBC Pump &amp; Equipment ont montr\u00e9 \u00e0 Yorktown une solution \u00e0 leur probl\u00e8me\u00a0: la grue \u00e0 bossoir Thern s\u00e9rie 5PT30 d&rsquo;une capacit\u00e9 de 3\u00a0000 lb et d&rsquo;une port\u00e9e de plus de 9 pieds. Le client \u00e9tait cat\u00e9gorique sur le fait qu\u2019il ne souhaitait pas sortir manuellement le m\u00e9langeur du r\u00e9servoir. La solution \u00e9tait un treuil \u00e9lectrique de 115 V avec une commande suspendue de 6 pieds pour une utilisation facile. Ils ont mont\u00e9 le pi\u00e9destal de 24\u2033x24\u2033 au-dessus du r\u00e9servoir de 18\u2032 de large et se sont assur\u00e9s que ce palan r\u00e9sisterait sur le long terme. Ils ont donc fabriqu\u00e9 une plaque de montage personnalis\u00e9e qui s&rsquo;\u00e9tendrait sur la petite plate-forme qu&rsquo;ils pourraient s\u00e9curiser. dans le mur \u00e0 l\u2019aide de corni\u00e8res en acier inoxydable. Ils ont mont\u00e9 les deux trous avant de la plaque de base dans le mur sup\u00e9rieur en b\u00e9ton avec des ancrages Hilti, puis ont fait passer un filetage en acier inoxydable de 5\/8\u2033 \u00e0 travers toute la paroi du r\u00e9servoir pour fixer leurs supports d&rsquo;angle en acier inoxydable. Yorktown-exteriorBBC Pump est fier de dire que Yorktown est extr\u00eamement satisfait du palan et de sa facilit\u00e9 d&rsquo;utilisation, ainsi que de la tranquillit\u00e9 d&rsquo;esprit que l&rsquo;utilisation du nouveau palan Thern sera beaucoup plus s\u00fbre et moins ch\u00e8re que la location d&rsquo;une grue pour tirer son m\u00e9langeur lorsque ils doivent l&rsquo;entretenir.<\/p>\n<\/div>\n<\/section>\n<p>[\/vc_column_text][vc_btn title=\u00a0\u00bbRetour aux t\u00e9moignages\u00a0\u00bb style=\u00a0\u00bbcustom\u00a0\u00bb custom_background=\u00a0\u00bb#c71a32&Prime; custom_text=\u00a0\u00bb#ffffff\u00a0\u00bb shape=\u00a0\u00bbsquare\u00a0\u00bb size=\u00a0\u00bblg\u00a0\u00bb align=\u00a0\u00bbleft\u00a0\u00bb i_icon_fontawesome=\u00a0\u00bbfas fa-angle-left\u00a0\u00bb add_icon=\u00a0\u00bbtrue\u00a0\u00bb link=\u00a0\u00bburl:%2Ffr%2Ftestimonials%2F|title:Return%20to%20Testimonials\u00a0\u00bb][\/vc_column][vc_column css_animation=\u00a0\u00bbfadeInRight\u00a0\u00bb width=\u00a0\u00bb1\/2&Prime;][vc_single_image image=\u00a0\u00bb22895&Prime; img_size=\u00a0\u00bbfull\u00a0\u00bb alignment=\u00a0\u00bbcenter\u00a0\u00bb][\/vc_column][\/vc_row]<\/p>\n<\/div>","protected":false},"excerpt":{"rendered":"<p>[vc_section full_width=\u00a0\u00bbstretch_row\u00a0\u00bb content_placement=\u00a0\u00bbbottom\u00a0\u00bb css=\u00a0\u00bb.vc_custom_1692299549917{padding-top: 0px !important;background-image: url(https:\/\/thern.com\/wp-content\/uploads\/2023\/07\/Asset-1.png?id=344) !important;background-position: center !important;background-repeat: no-repeat !important;background-size: cover !important;}\u00a0\u00bb][vc_row full_width=\u00a0\u00bbstretch_row\u00a0\u00bb css=\u00a0\u00bb.vc_custom_1692299519679{padding-top: 50px !important;padding-bottom: 70px !important;background-color: rgba(0,0,0,0.5) !important;*background-color: rgb(0,0,0) !important;}\u00a0\u00bb][vc_column][vc_custom_heading text=\u00a0\u00bbPalan m\u00e9langeur Yorktown\u00a0\u00bb font_container=\u00a0\u00bbtag:h1|text_align:left|color:%23ffffff\u00a0\u00bb use_theme_fonts=\u00a0\u00bbyes\u00a0\u00bb css_animation=\u00a0\u00bbfadeInLeft\u00a0\u00bb][\/vc_column][\/vc_row][\/vc_section][vc_row full_width=\u00a0\u00bbstretch_row\u00a0\u00bb equal_height=\u00a0\u00bbyes\u00a0\u00bb content_placement=\u00a0\u00bbmiddle\u00a0\u00bb css=\u00a0\u00bb.vc_custom_1689180629506{padding-bottom: 35px !important;background-color: #c71a32 !important;}\u00a0\u00bb][vc_column css_animation=\u00a0\u00bbfadeInLeft\u00a0\u00bb width=\u00a0\u00bb1\/2&Prime;][vc_custom_heading text=\u00a0\u00bbPalan m\u00e9langeur de r\u00e9servoir de digesteur ana\u00e9robie de Yorktown\u00a0\u00bb font_container=\u00a0\u00bbtag:h2|text_align:left|color:%23ffffff\u00a0\u00bb use_theme_fonts=\u00a0\u00bbyes\u00a0\u00bb][\/vc_column][vc_column css_animation=\u00a0\u00bbfadeInRight\u00a0\u00bb width=\u00a0\u00bb1\/2&Prime;][vc_column_text]Yorktown recherchait une &#8230; <a title=\"Yorktown Mixer Hoist\" class=\"read-more\" href=\"https:\/\/thern.com\/fr\/testimonials\/yorktown-mixer-hoist\/\" aria-label=\"More on Yorktown Mixer Hoist\">Read more<\/a><\/p>\n","protected":false},"author":1,"featured_media":0,"parent":30063,"menu_order":0,"comment_status":"closed","ping_status":"closed","template":"","meta":{"footnotes":""},"class_list":["post-30559","page","type-page","status-publish"],"yoast_head":"<!-- This site is optimized with the Yoast SEO plugin v27.3 - https:\/\/yoast.com\/product\/yoast-seo-wordpress\/ -->\n<title>Palan m\u00e9langeur Yorktown - Projets d&#039;ing\u00e9nierie personnalis\u00e9s | Thern, Inc.<\/title>\n<meta name=\"description\" content=\"Thern a fourni \u00e0 Yorktown une solution pour sortir efficacement son m\u00e9langeur de son r\u00e9servoir de digestion ana\u00e9robie, qui se trouve \u00e0 pr\u00e8s de 30 pieds au-dessus du sol.\" \/>\n<meta name=\"robots\" content=\"index, follow, max-snippet:-1, max-image-preview:large, max-video-preview:-1\" \/>\n<link rel=\"canonical\" href=\"https:\/\/thern.com\/fr\/testimonials\/yorktown-mixer-hoist\/\" \/>\n<meta property=\"og:locale\" content=\"fr_FR\" \/>\n<meta property=\"og:type\" content=\"article\" \/>\n<meta property=\"og:title\" content=\"Palan m\u00e9langeur Yorktown - Projets d&#039;ing\u00e9nierie personnalis\u00e9s | Thern, Inc.\" \/>\n<meta property=\"og:description\" content=\"Thern a fourni \u00e0 Yorktown une solution pour sortir efficacement son m\u00e9langeur de son r\u00e9servoir de digestion ana\u00e9robie, qui se trouve \u00e0 pr\u00e8s de 30 pieds au-dessus du sol.\" \/>\n<meta property=\"og:url\" content=\"https:\/\/thern.com\/fr\/testimonials\/yorktown-mixer-hoist\/\" \/>\n<meta property=\"og:site_name\" content=\"Thern\u00ae Winches &amp; Cranes\" \/>\n<meta property=\"article:publisher\" content=\"https:\/\/www.facebook.com\/ThernInc\/\" \/>\n<meta property=\"article:modified_time\" content=\"2023-09-26T23:08:37+00:00\" \/>\n<meta name=\"twitter:card\" content=\"summary_large_image\" \/>\n<meta name=\"twitter:label1\" content=\"Dur\u00e9e de lecture estim\u00e9e\" \/>\n\t<meta name=\"twitter:data1\" content=\"2 minutes\" \/>\n<script type=\"application\/ld+json\" class=\"yoast-schema-graph\">{\"@context\":\"https:\\\/\\\/schema.org\",\"@graph\":[{\"@type\":\"WebPage\",\"@id\":\"https:\\\/\\\/thern.com\\\/fr\\\/testimonials\\\/yorktown-mixer-hoist\\\/\",\"url\":\"https:\\\/\\\/thern.com\\\/fr\\\/testimonials\\\/yorktown-mixer-hoist\\\/\",\"name\":\"Palan m\u00e9langeur Yorktown - Projets d'ing\u00e9nierie personnalis\u00e9s | Thern, Inc.\",\"isPartOf\":{\"@id\":\"https:\\\/\\\/thern.com\\\/fr\\\/#website\"},\"datePublished\":\"2023-08-17T19:10:29+00:00\",\"dateModified\":\"2023-09-26T23:08:37+00:00\",\"description\":\"Thern a fourni \u00e0 Yorktown une solution pour sortir efficacement son m\u00e9langeur de son r\u00e9servoir de digestion ana\u00e9robie, qui se trouve \u00e0 pr\u00e8s de 30 pieds au-dessus du sol.\",\"breadcrumb\":{\"@id\":\"https:\\\/\\\/thern.com\\\/fr\\\/testimonials\\\/yorktown-mixer-hoist\\\/#breadcrumb\"},\"inLanguage\":\"fr-FR\",\"potentialAction\":[{\"@type\":\"ReadAction\",\"target\":[\"https:\\\/\\\/thern.com\\\/fr\\\/testimonials\\\/yorktown-mixer-hoist\\\/\"]}]},{\"@type\":\"BreadcrumbList\",\"@id\":\"https:\\\/\\\/thern.com\\\/fr\\\/testimonials\\\/yorktown-mixer-hoist\\\/#breadcrumb\",\"itemListElement\":[{\"@type\":\"ListItem\",\"position\":1,\"name\":\"Home\",\"item\":\"https:\\\/\\\/thern.com\\\/fr\\\/\"},{\"@type\":\"ListItem\",\"position\":2,\"name\":\"Testimonials\",\"item\":\"https:\\\/\\\/thern.com\\\/fr\\\/testimonials\\\/\"},{\"@type\":\"ListItem\",\"position\":3,\"name\":\"Yorktown Mixer Hoist\"}]},{\"@type\":\"WebSite\",\"@id\":\"https:\\\/\\\/thern.com\\\/fr\\\/#website\",\"url\":\"https:\\\/\\\/thern.com\\\/fr\\\/\",\"name\":\"Thern\u00ae Winches &amp; Cranes\",\"description\":\"Leave the Heavy Lifting to Us\",\"publisher\":{\"@id\":\"https:\\\/\\\/thern.com\\\/fr\\\/#organization\"},\"potentialAction\":[{\"@type\":\"SearchAction\",\"target\":{\"@type\":\"EntryPoint\",\"urlTemplate\":\"https:\\\/\\\/thern.com\\\/fr\\\/?s={search_term_string}\"},\"query-input\":{\"@type\":\"PropertyValueSpecification\",\"valueRequired\":true,\"valueName\":\"search_term_string\"}}],\"inLanguage\":\"fr-FR\"},{\"@type\":\"Organization\",\"@id\":\"https:\\\/\\\/thern.com\\\/fr\\\/#organization\",\"name\":\"Thern\u00ae Winches &amp; Cranes\",\"url\":\"https:\\\/\\\/thern.com\\\/fr\\\/\",\"logo\":{\"@type\":\"ImageObject\",\"inLanguage\":\"fr-FR\",\"@id\":\"https:\\\/\\\/thern.com\\\/fr\\\/#\\\/schema\\\/logo\\\/image\\\/\",\"url\":\"https:\\\/\\\/thern.com\\\/wp-content\\\/uploads\\\/2023\\\/11\\\/Logo_SaveForWeb-outline-FINAL-01.svg\",\"contentUrl\":\"https:\\\/\\\/thern.com\\\/wp-content\\\/uploads\\\/2023\\\/11\\\/Logo_SaveForWeb-outline-FINAL-01.svg\",\"caption\":\"Thern\u00ae Winches &amp; Cranes\"},\"image\":{\"@id\":\"https:\\\/\\\/thern.com\\\/fr\\\/#\\\/schema\\\/logo\\\/image\\\/\"},\"sameAs\":[\"https:\\\/\\\/www.facebook.com\\\/ThernInc\\\/\",\"https:\\\/\\\/www.linkedin.com\\\/company\\\/thern-inc-\\\/\",\"https:\\\/\\\/www.youtube.com\\\/user\\\/ThernStage\"]}]}<\/script>\n<!-- \/ Yoast SEO plugin. -->","yoast_head_json":{"title":"Palan m\u00e9langeur Yorktown - Projets d'ing\u00e9nierie personnalis\u00e9s | Thern, Inc.","description":"Thern a fourni \u00e0 Yorktown une solution pour sortir efficacement son m\u00e9langeur de son r\u00e9servoir de digestion ana\u00e9robie, qui se trouve \u00e0 pr\u00e8s de 30 pieds au-dessus du sol.","robots":{"index":"index","follow":"follow","max-snippet":"max-snippet:-1","max-image-preview":"max-image-preview:large","max-video-preview":"max-video-preview:-1"},"canonical":"https:\/\/thern.com\/fr\/testimonials\/yorktown-mixer-hoist\/","og_locale":"fr_FR","og_type":"article","og_title":"Palan m\u00e9langeur Yorktown - Projets d'ing\u00e9nierie personnalis\u00e9s | Thern, Inc.","og_description":"Thern a fourni \u00e0 Yorktown une solution pour sortir efficacement son m\u00e9langeur de son r\u00e9servoir de digestion ana\u00e9robie, qui se trouve \u00e0 pr\u00e8s de 30 pieds au-dessus du sol.","og_url":"https:\/\/thern.com\/fr\/testimonials\/yorktown-mixer-hoist\/","og_site_name":"Thern\u00ae Winches &amp; Cranes","article_publisher":"https:\/\/www.facebook.com\/ThernInc\/","article_modified_time":"2023-09-26T23:08:37+00:00","twitter_card":"summary_large_image","twitter_misc":{"Dur\u00e9e de lecture estim\u00e9e":"2 minutes"},"schema":{"@context":"https:\/\/schema.org","@graph":[{"@type":"WebPage","@id":"https:\/\/thern.com\/fr\/testimonials\/yorktown-mixer-hoist\/","url":"https:\/\/thern.com\/fr\/testimonials\/yorktown-mixer-hoist\/","name":"Palan m\u00e9langeur Yorktown - Projets d'ing\u00e9nierie personnalis\u00e9s | Thern, Inc.","isPartOf":{"@id":"https:\/\/thern.com\/fr\/#website"},"datePublished":"2023-08-17T19:10:29+00:00","dateModified":"2023-09-26T23:08:37+00:00","description":"Thern a fourni \u00e0 Yorktown une solution pour sortir efficacement son m\u00e9langeur de son r\u00e9servoir de digestion ana\u00e9robie, qui se trouve \u00e0 pr\u00e8s de 30 pieds au-dessus du sol.","breadcrumb":{"@id":"https:\/\/thern.com\/fr\/testimonials\/yorktown-mixer-hoist\/#breadcrumb"},"inLanguage":"fr-FR","potentialAction":[{"@type":"ReadAction","target":["https:\/\/thern.com\/fr\/testimonials\/yorktown-mixer-hoist\/"]}]},{"@type":"BreadcrumbList","@id":"https:\/\/thern.com\/fr\/testimonials\/yorktown-mixer-hoist\/#breadcrumb","itemListElement":[{"@type":"ListItem","position":1,"name":"Home","item":"https:\/\/thern.com\/fr\/"},{"@type":"ListItem","position":2,"name":"Testimonials","item":"https:\/\/thern.com\/fr\/testimonials\/"},{"@type":"ListItem","position":3,"name":"Yorktown Mixer Hoist"}]},{"@type":"WebSite","@id":"https:\/\/thern.com\/fr\/#website","url":"https:\/\/thern.com\/fr\/","name":"Thern\u00ae Winches &amp; Cranes","description":"Leave the Heavy Lifting to Us","publisher":{"@id":"https:\/\/thern.com\/fr\/#organization"},"potentialAction":[{"@type":"SearchAction","target":{"@type":"EntryPoint","urlTemplate":"https:\/\/thern.com\/fr\/?s={search_term_string}"},"query-input":{"@type":"PropertyValueSpecification","valueRequired":true,"valueName":"search_term_string"}}],"inLanguage":"fr-FR"},{"@type":"Organization","@id":"https:\/\/thern.com\/fr\/#organization","name":"Thern\u00ae Winches &amp; Cranes","url":"https:\/\/thern.com\/fr\/","logo":{"@type":"ImageObject","inLanguage":"fr-FR","@id":"https:\/\/thern.com\/fr\/#\/schema\/logo\/image\/","url":"https:\/\/thern.com\/wp-content\/uploads\/2023\/11\/Logo_SaveForWeb-outline-FINAL-01.svg","contentUrl":"https:\/\/thern.com\/wp-content\/uploads\/2023\/11\/Logo_SaveForWeb-outline-FINAL-01.svg","caption":"Thern\u00ae Winches &amp; Cranes"},"image":{"@id":"https:\/\/thern.com\/fr\/#\/schema\/logo\/image\/"},"sameAs":["https:\/\/www.facebook.com\/ThernInc\/","https:\/\/www.linkedin.com\/company\/thern-inc-\/","https:\/\/www.youtube.com\/user\/ThernStage"]}]}},"_links":{"self":[{"href":"https:\/\/thern.com\/fr\/wp-json\/wp\/v2\/pages\/30559","targetHints":{"allow":["GET"]}}],"collection":[{"href":"https:\/\/thern.com\/fr\/wp-json\/wp\/v2\/pages"}],"about":[{"href":"https:\/\/thern.com\/fr\/wp-json\/wp\/v2\/types\/page"}],"author":[{"embeddable":true,"href":"https:\/\/thern.com\/fr\/wp-json\/wp\/v2\/users\/1"}],"replies":[{"embeddable":true,"href":"https:\/\/thern.com\/fr\/wp-json\/wp\/v2\/comments?post=30559"}],"version-history":[{"count":0,"href":"https:\/\/thern.com\/fr\/wp-json\/wp\/v2\/pages\/30559\/revisions"}],"up":[{"embeddable":true,"href":"https:\/\/thern.com\/fr\/wp-json\/wp\/v2\/pages\/30063"}],"wp:attachment":[{"href":"https:\/\/thern.com\/fr\/wp-json\/wp\/v2\/media?parent=30559"}],"curies":[{"name":"wp","href":"https:\/\/api.w.org\/{rel}","templated":true}]}}