{"id":30386,"date":"2023-08-17T16:39:23","date_gmt":"2023-08-17T16:39:23","guid":{"rendered":"https:\/\/therninc.wpenginepowered.com\/portfolio\/barge-positioning\/"},"modified":"2023-09-26T18:47:42","modified_gmt":"2023-09-26T18:47:42","slug":"barge-positioning","status":"publish","type":"page","link":"https:\/\/thern.com\/fr\/portfolio\/barge-positioning\/","title":{"rendered":"Barge Positioning"},"content":{"rendered":"<div class=\"wpb-content-wrapper\"><p>[vc_section full_width=\u00a0\u00bbstretch_row\u00a0\u00bb content_placement=\u00a0\u00bbmiddle\u00a0\u00bb css=\u00a0\u00bb.vc_custom_1693343383304{padding-top: 0px !important;background-image: url(https:\/\/thern.com\/wp-content\/uploads\/2023\/07\/Thern-Inc_Portfolio-Hero.jpg?id=481) !important;background-position: center !important;background-repeat: no-repeat !important;background-size: cover !important;}\u00a0\u00bb][vc_row full_width=\u00a0\u00bbstretch_row\u00a0\u00bb css=\u00a0\u00bb.vc_custom_1693343396844{padding-top: 50px !important;padding-bottom: 70px !important;background-color: rgba(0,0,0,0.5) !important;*background-color: rgb(0,0,0) !important;}\u00a0\u00bb][vc_column][vc_custom_heading text=\u00a0\u00bbPortfolio\u00a0\u00bb font_container=\u00a0\u00bbtag:h1|text_align:left|color:%23ffffff\u00a0\u00bb use_theme_fonts=\u00a0\u00bbyes\u00a0\u00bb css_animation=\u00a0\u00bbfadeInLeft\u00a0\u00bb][\/vc_column][\/vc_row][\/vc_section][vc_row full_width=\u00a0\u00bbstretch_row\u00a0\u00bb equal_height=\u00a0\u00bbyes\u00a0\u00bb content_placement=\u00a0\u00bbmiddle\u00a0\u00bb css=\u00a0\u00bb.vc_custom_1689180629506{padding-bottom: 35px !important;background-color: #c71a32 !important;}\u00a0\u00bb][vc_column css_animation=\u00a0\u00bbfadeInLeft\u00a0\u00bb width=\u00a0\u00bb1\/2&Prime;][vc_custom_heading text=\u00a0\u00bbTreuil de positionnement de barge d&rsquo;exp\u00e9dition commerciale\u00a0\u00bb font_container=\u00a0\u00bbtag:h2|text_align:left|color:%23ffffff\u00a0\u00bb use_theme_fonts=\u00a0\u00bbyes\u00a0\u00bb css_animation=\u00a0\u00bbnone\u00a0\u00bb][\/vc_column][vc_column css_animation=\u00a0\u00bbfadeInRight\u00a0\u00bb width=\u00a0\u00bb1\/2&Prime;][vc_column_text]<span style=\"color: #ffffff;\">\u00c0 premi\u00e8re vue, le chargement d\u2019une barge est assez simple\u00a0: une barge monte, une goulotte descend et le grain entre dans la cale de la barge. Et ce serait aussi simple si les barges op\u00e9raient \u00e0 terre comme leurs homologues ferroviaires. Cependant, les barges flottent sur l\u2019eau et sont constamment soumises aux forces des courants fluviaux, du vent et de la flottabilit\u00e9. Thern a con\u00e7u et construit des syst\u00e8mes de treuil sp\u00e9cialement con\u00e7us pour faciliter le positionnement et le chargement des barges dans les terminaux c\u00e9r\u00e9aliers le long des voies de navigation commerciale am\u00e9ricaines.<\/span>[\/vc_column_text][\/vc_column][\/vc_row][vc_row equal_height=\u00a0\u00bbyes\u00a0\u00bb css=\u00a0\u00bb.vc_custom_1693343439629{padding-bottom: 35px !important;}\u00a0\u00bb][vc_column css_animation=\u00a0\u00bbfadeInLeft\u00a0\u00bb width=\u00a0\u00bb1\/2&Prime;][vc_column_text]<\/p>\n<section class=\"av_textblock_section\">\n<div class=\"avia_textblock\">\n<p><strong>Treuil de positionnement de barge | Con\u00e7u et construit sur mesure pour les voies de navigation commerciale et les terminaux de chargement de c\u00e9r\u00e9ales aux \u00c9tats-Unis<\/strong><\/p>\n<p>Les syst\u00e8mes de contr\u00f4le des barges de Thern utilisent des treuils \u00e9lectriques fonctionnant en tandem pour d\u00e9placer les barges en toute s\u00e9curit\u00e9 vers un terminal. En termes simples, les c\u00e2bles du treuil s&rsquo;attachent \u00e0 chaque extr\u00e9mit\u00e9 d&rsquo;une barge (ou d&rsquo;un groupe de barges) et, \u00e0 mesure qu&rsquo;ils se d\u00e9placent, un treuil d\u00e9roule le c\u00e2ble tendu tandis que l&rsquo;autre tire le c\u00e2ble. Les mouvements sont pr\u00e9cis, mais le syst\u00e8me prend en compte la d\u00e9rive de la barge due au courant et au vent pour aider \u00e0 att\u00e9nuer les contraintes sur le syst\u00e8me tout en gardant le contr\u00f4le. Les op\u00e9rateurs contr\u00f4lent le syst\u00e8me via une station de contr\u00f4le \u00e0 distance.<\/p>\n<p>Thern construit \u00e9galement des treuils con\u00e7us pour positionner les goulottes pendant le chargement. \u00c0 mesure que les barges se remplissent, leur orientation sur l&rsquo;eau change en fonction de la r\u00e9partition du poids et elles commencent \u00e0 descendre plus bas dans l&rsquo;eau \u00e0 mesure que leur flottabilit\u00e9 change. Pour \u00e9viter les d\u00e9versements, les op\u00e9rateurs doivent ajuster en permanence les goulottes en fonction de la position de la barge. De petits treuils \u00e9lectriques, \u00e9galement t\u00e9l\u00e9command\u00e9s, effectuent les r\u00e9glages n\u00e9cessaires en continu tout au long du processus de chargement.<\/p>\n<\/div>\n<\/section>\n<p>[\/vc_column_text][vc_btn title=\u00a0\u00bbRetour au portefeuille\u00a0\u00bb style=\u00a0\u00bbcustom\u00a0\u00bb custom_background=\u00a0\u00bb#c71a32&Prime; custom_text=\u00a0\u00bb#ffffff\u00a0\u00bb shape=\u00a0\u00bbsquare\u00a0\u00bb size=\u00a0\u00bblg\u00a0\u00bb align=\u00a0\u00bbleft\u00a0\u00bb i_icon_fontawesome=\u00a0\u00bbfas fa-angle-left\u00a0\u00bb add_icon=\u00a0\u00bbtrue\u00a0\u00bb link=\u00a0\u00bburl:https%3A%2F%2Fthern.com%2Ffr%2Fportfolio%2F|title:Portfolio\u00a0\u00bb][\/vc_column][vc_column css_animation=\u00a0\u00bbfadeInRight\u00a0\u00bb width=\u00a0\u00bb1\/2&Prime;][vc_gallery type=\u00a0\u00bbflexslider_slide\u00a0\u00bb interval=\u00a0\u00bb0&Prime; images=\u00a0\u00bb23819,23820,23821,23822&Prime; img_size=\u00a0\u00bbfull\u00a0\u00bb onclick=\u00a0\u00bb\u00a0\u00bb][vc_single_image image=\u00a0\u00bb22893&Prime; img_size=\u00a0\u00bbfull\u00a0\u00bb alignment=\u00a0\u00bbcenter\u00a0\u00bb][\/vc_column][\/vc_row][vc_row full_width=\u00a0\u00bbstretch_row\u00a0\u00bb css=\u00a0\u00bb.vc_custom_1693343447430{padding-top: 35px !important;padding-bottom: 35px !important;background-color: #efefef !important;}\u00a0\u00bb][vc_column width=\u00a0\u00bb1\/6&Prime;][\/vc_column][vc_column css_animation=\u00a0\u00bbfadeInUp\u00a0\u00bb width=\u00a0\u00bb4\/6&Prime;][vc_custom_heading text=\u00a0\u00bbNous sommes l\u00e0 pour vous aider\u00a0\u00bb font_container=\u00a0\u00bbtag:h2|text_align:center|color:%230a0a0a\u00a0\u00bb use_theme_fonts=\u00a0\u00bbyes\u00a0\u00bb css=\u00a0\u00bb.vc_custom_1695754029103{margin-bottom: 0px !important;}\u00a0\u00bb][vc_column_text]<\/p>\n<p style=\"text-align: center;\">Avoir des questions? Le personnel de vente et de service amical et comp\u00e9tent de Thern est impatient de vous aider.<\/p>\n<p>[\/vc_column_text][vc_btn title=\u00a0\u00bbContactez-nous\u00a0\u00bb style=\u00a0\u00bbcustom\u00a0\u00bb custom_background=\u00a0\u00bb#c71a32&Prime; custom_text=\u00a0\u00bb#ffffff\u00a0\u00bb shape=\u00a0\u00bbsquare\u00a0\u00bb size=\u00a0\u00bblg\u00a0\u00bb align=\u00a0\u00bbcenter\u00a0\u00bb i_align=\u00a0\u00bbright\u00a0\u00bb i_icon_fontawesome=\u00a0\u00bbfas fa-angle-right\u00a0\u00bb add_icon=\u00a0\u00bbtrue\u00a0\u00bb link=\u00a0\u00bburl:https%3A%2F%2Fthern.com%2Ffr%2Fcontact%2F|title:Contact\u00a0\u00bb][\/vc_column][vc_column width=\u00a0\u00bb1\/6&Prime;][\/vc_column][\/vc_row]<\/p>\n<\/div>","protected":false},"excerpt":{"rendered":"<p>[vc_section full_width=\u00a0\u00bbstretch_row\u00a0\u00bb content_placement=\u00a0\u00bbmiddle\u00a0\u00bb css=\u00a0\u00bb.vc_custom_1693343383304{padding-top: 0px !important;background-image: url(https:\/\/thern.com\/wp-content\/uploads\/2023\/07\/Thern-Inc_Portfolio-Hero.jpg?id=481) !important;background-position: center !important;background-repeat: no-repeat !important;background-size: cover !important;}\u00a0\u00bb][vc_row full_width=\u00a0\u00bbstretch_row\u00a0\u00bb css=\u00a0\u00bb.vc_custom_1693343396844{padding-top: 50px !important;padding-bottom: 70px !important;background-color: rgba(0,0,0,0.5) !important;*background-color: rgb(0,0,0) !important;}\u00a0\u00bb][vc_column][vc_custom_heading text=\u00a0\u00bbPortfolio\u00a0\u00bb font_container=\u00a0\u00bbtag:h1|text_align:left|color:%23ffffff\u00a0\u00bb use_theme_fonts=\u00a0\u00bbyes\u00a0\u00bb css_animation=\u00a0\u00bbfadeInLeft\u00a0\u00bb][\/vc_column][\/vc_row][\/vc_section][vc_row full_width=\u00a0\u00bbstretch_row\u00a0\u00bb equal_height=\u00a0\u00bbyes\u00a0\u00bb content_placement=\u00a0\u00bbmiddle\u00a0\u00bb css=\u00a0\u00bb.vc_custom_1689180629506{padding-bottom: 35px !important;background-color: #c71a32 !important;}\u00a0\u00bb][vc_column css_animation=\u00a0\u00bbfadeInLeft\u00a0\u00bb width=\u00a0\u00bb1\/2&Prime;][vc_custom_heading text=\u00a0\u00bbTreuil de positionnement de barge d&rsquo;exp\u00e9dition commerciale\u00a0\u00bb font_container=\u00a0\u00bbtag:h2|text_align:left|color:%23ffffff\u00a0\u00bb use_theme_fonts=\u00a0\u00bbyes\u00a0\u00bb css_animation=\u00a0\u00bbnone\u00a0\u00bb][\/vc_column][vc_column css_animation=\u00a0\u00bbfadeInRight\u00a0\u00bb width=\u00a0\u00bb1\/2&Prime;][vc_column_text]\u00c0 premi\u00e8re vue, le chargement d\u2019une &#8230; <a title=\"Barge Positioning\" class=\"read-more\" href=\"https:\/\/thern.com\/fr\/portfolio\/barge-positioning\/\" aria-label=\"More on Barge Positioning\">Read more<\/a><\/p>\n","protected":false},"author":1,"featured_media":0,"parent":30090,"menu_order":0,"comment_status":"closed","ping_status":"closed","template":"","meta":{"footnotes":""},"class_list":["post-30386","page","type-page","status-publish"],"yoast_head":"<!-- This site is optimized with the Yoast SEO plugin v27.4 - https:\/\/yoast.com\/product\/yoast-seo-wordpress\/ -->\n<title>Treuil de barge de transport commercial - Projets d&#039;ing\u00e9nierie sur mesure | Thern<\/title>\n<meta name=\"description\" content=\"Syst\u00e8mes de treuils personnalis\u00e9s Thern sp\u00e9cialement con\u00e7us pour faciliter le positionnement et le chargement des barges aux terminaux c\u00e9r\u00e9aliers le long des voies de navigation commerciales des \u00c9tats-Unis.\" \/>\n<meta name=\"robots\" content=\"index, follow, max-snippet:-1, max-image-preview:large, max-video-preview:-1\" \/>\n<link rel=\"canonical\" href=\"https:\/\/thern.com\/fr\/portfolio\/barge-positioning\/\" \/>\n<meta property=\"og:locale\" content=\"fr_FR\" \/>\n<meta property=\"og:type\" content=\"article\" \/>\n<meta property=\"og:title\" content=\"Treuil de barge de transport commercial - Projets d&#039;ing\u00e9nierie sur mesure | Thern\" \/>\n<meta property=\"og:description\" content=\"Syst\u00e8mes de treuils personnalis\u00e9s Thern sp\u00e9cialement con\u00e7us pour faciliter le positionnement et le chargement des barges aux terminaux c\u00e9r\u00e9aliers le long des voies de navigation commerciales des \u00c9tats-Unis.\" \/>\n<meta property=\"og:url\" content=\"https:\/\/thern.com\/fr\/portfolio\/barge-positioning\/\" \/>\n<meta property=\"og:site_name\" content=\"Thern\u00ae Winches &amp; Cranes\" \/>\n<meta property=\"article:publisher\" content=\"https:\/\/www.facebook.com\/ThernInc\/\" \/>\n<meta property=\"article:modified_time\" content=\"2023-09-26T18:47:42+00:00\" \/>\n<meta name=\"twitter:card\" content=\"summary_large_image\" \/>\n<meta name=\"twitter:label1\" content=\"Dur\u00e9e de lecture estim\u00e9e\" \/>\n\t<meta name=\"twitter:data1\" content=\"2 minutes\" \/>\n<script type=\"application\/ld+json\" class=\"yoast-schema-graph\">{\"@context\":\"https:\\\/\\\/schema.org\",\"@graph\":[{\"@type\":\"WebPage\",\"@id\":\"https:\\\/\\\/thern.com\\\/fr\\\/portfolio\\\/barge-positioning\\\/\",\"url\":\"https:\\\/\\\/thern.com\\\/fr\\\/portfolio\\\/barge-positioning\\\/\",\"name\":\"Treuil de barge de transport commercial - Projets d'ing\u00e9nierie sur mesure | Thern\",\"isPartOf\":{\"@id\":\"https:\\\/\\\/thern.com\\\/fr\\\/#website\"},\"datePublished\":\"2023-08-17T16:39:23+00:00\",\"dateModified\":\"2023-09-26T18:47:42+00:00\",\"description\":\"Syst\u00e8mes de treuils personnalis\u00e9s Thern sp\u00e9cialement con\u00e7us pour faciliter le positionnement et le chargement des barges aux terminaux c\u00e9r\u00e9aliers le long des voies de navigation commerciales des \u00c9tats-Unis.\",\"breadcrumb\":{\"@id\":\"https:\\\/\\\/thern.com\\\/fr\\\/portfolio\\\/barge-positioning\\\/#breadcrumb\"},\"inLanguage\":\"fr-FR\",\"potentialAction\":[{\"@type\":\"ReadAction\",\"target\":[\"https:\\\/\\\/thern.com\\\/fr\\\/portfolio\\\/barge-positioning\\\/\"]}]},{\"@type\":\"BreadcrumbList\",\"@id\":\"https:\\\/\\\/thern.com\\\/fr\\\/portfolio\\\/barge-positioning\\\/#breadcrumb\",\"itemListElement\":[{\"@type\":\"ListItem\",\"position\":1,\"name\":\"Home\",\"item\":\"https:\\\/\\\/thern.com\\\/fr\\\/\"},{\"@type\":\"ListItem\",\"position\":2,\"name\":\"Portfolio\",\"item\":\"https:\\\/\\\/thern.com\\\/fr\\\/portfolio\\\/\"},{\"@type\":\"ListItem\",\"position\":3,\"name\":\"Barge Positioning\"}]},{\"@type\":\"WebSite\",\"@id\":\"https:\\\/\\\/thern.com\\\/fr\\\/#website\",\"url\":\"https:\\\/\\\/thern.com\\\/fr\\\/\",\"name\":\"Thern\u00ae Winches &amp; Cranes\",\"description\":\"Leave the Heavy Lifting to Us\",\"publisher\":{\"@id\":\"https:\\\/\\\/thern.com\\\/fr\\\/#organization\"},\"potentialAction\":[{\"@type\":\"SearchAction\",\"target\":{\"@type\":\"EntryPoint\",\"urlTemplate\":\"https:\\\/\\\/thern.com\\\/fr\\\/?s={search_term_string}\"},\"query-input\":{\"@type\":\"PropertyValueSpecification\",\"valueRequired\":true,\"valueName\":\"search_term_string\"}}],\"inLanguage\":\"fr-FR\"},{\"@type\":\"Organization\",\"@id\":\"https:\\\/\\\/thern.com\\\/fr\\\/#organization\",\"name\":\"Thern\u00ae Winches &amp; Cranes\",\"url\":\"https:\\\/\\\/thern.com\\\/fr\\\/\",\"logo\":{\"@type\":\"ImageObject\",\"inLanguage\":\"fr-FR\",\"@id\":\"https:\\\/\\\/thern.com\\\/fr\\\/#\\\/schema\\\/logo\\\/image\\\/\",\"url\":\"https:\\\/\\\/thern.com\\\/wp-content\\\/uploads\\\/2023\\\/11\\\/Logo_SaveForWeb-outline-FINAL-01.svg\",\"contentUrl\":\"https:\\\/\\\/thern.com\\\/wp-content\\\/uploads\\\/2023\\\/11\\\/Logo_SaveForWeb-outline-FINAL-01.svg\",\"caption\":\"Thern\u00ae Winches &amp; Cranes\"},\"image\":{\"@id\":\"https:\\\/\\\/thern.com\\\/fr\\\/#\\\/schema\\\/logo\\\/image\\\/\"},\"sameAs\":[\"https:\\\/\\\/www.facebook.com\\\/ThernInc\\\/\",\"https:\\\/\\\/www.linkedin.com\\\/company\\\/thern-inc-\\\/\",\"https:\\\/\\\/www.youtube.com\\\/user\\\/ThernStage\"]}]}<\/script>\n<!-- \/ Yoast SEO plugin. -->","yoast_head_json":{"title":"Treuil de barge de transport commercial - Projets d'ing\u00e9nierie sur mesure | Thern","description":"Syst\u00e8mes de treuils personnalis\u00e9s Thern sp\u00e9cialement con\u00e7us pour faciliter le positionnement et le chargement des barges aux terminaux c\u00e9r\u00e9aliers le long des voies de navigation commerciales des \u00c9tats-Unis.","robots":{"index":"index","follow":"follow","max-snippet":"max-snippet:-1","max-image-preview":"max-image-preview:large","max-video-preview":"max-video-preview:-1"},"canonical":"https:\/\/thern.com\/fr\/portfolio\/barge-positioning\/","og_locale":"fr_FR","og_type":"article","og_title":"Treuil de barge de transport commercial - Projets d'ing\u00e9nierie sur mesure | Thern","og_description":"Syst\u00e8mes de treuils personnalis\u00e9s Thern sp\u00e9cialement con\u00e7us pour faciliter le positionnement et le chargement des barges aux terminaux c\u00e9r\u00e9aliers le long des voies de navigation commerciales des \u00c9tats-Unis.","og_url":"https:\/\/thern.com\/fr\/portfolio\/barge-positioning\/","og_site_name":"Thern\u00ae Winches &amp; Cranes","article_publisher":"https:\/\/www.facebook.com\/ThernInc\/","article_modified_time":"2023-09-26T18:47:42+00:00","twitter_card":"summary_large_image","twitter_misc":{"Dur\u00e9e de lecture estim\u00e9e":"2 minutes"},"schema":{"@context":"https:\/\/schema.org","@graph":[{"@type":"WebPage","@id":"https:\/\/thern.com\/fr\/portfolio\/barge-positioning\/","url":"https:\/\/thern.com\/fr\/portfolio\/barge-positioning\/","name":"Treuil de barge de transport commercial - Projets d'ing\u00e9nierie sur mesure | Thern","isPartOf":{"@id":"https:\/\/thern.com\/fr\/#website"},"datePublished":"2023-08-17T16:39:23+00:00","dateModified":"2023-09-26T18:47:42+00:00","description":"Syst\u00e8mes de treuils personnalis\u00e9s Thern sp\u00e9cialement con\u00e7us pour faciliter le positionnement et le chargement des barges aux terminaux c\u00e9r\u00e9aliers le long des voies de navigation commerciales des \u00c9tats-Unis.","breadcrumb":{"@id":"https:\/\/thern.com\/fr\/portfolio\/barge-positioning\/#breadcrumb"},"inLanguage":"fr-FR","potentialAction":[{"@type":"ReadAction","target":["https:\/\/thern.com\/fr\/portfolio\/barge-positioning\/"]}]},{"@type":"BreadcrumbList","@id":"https:\/\/thern.com\/fr\/portfolio\/barge-positioning\/#breadcrumb","itemListElement":[{"@type":"ListItem","position":1,"name":"Home","item":"https:\/\/thern.com\/fr\/"},{"@type":"ListItem","position":2,"name":"Portfolio","item":"https:\/\/thern.com\/fr\/portfolio\/"},{"@type":"ListItem","position":3,"name":"Barge Positioning"}]},{"@type":"WebSite","@id":"https:\/\/thern.com\/fr\/#website","url":"https:\/\/thern.com\/fr\/","name":"Thern\u00ae Winches &amp; Cranes","description":"Leave the Heavy Lifting to Us","publisher":{"@id":"https:\/\/thern.com\/fr\/#organization"},"potentialAction":[{"@type":"SearchAction","target":{"@type":"EntryPoint","urlTemplate":"https:\/\/thern.com\/fr\/?s={search_term_string}"},"query-input":{"@type":"PropertyValueSpecification","valueRequired":true,"valueName":"search_term_string"}}],"inLanguage":"fr-FR"},{"@type":"Organization","@id":"https:\/\/thern.com\/fr\/#organization","name":"Thern\u00ae Winches &amp; Cranes","url":"https:\/\/thern.com\/fr\/","logo":{"@type":"ImageObject","inLanguage":"fr-FR","@id":"https:\/\/thern.com\/fr\/#\/schema\/logo\/image\/","url":"https:\/\/thern.com\/wp-content\/uploads\/2023\/11\/Logo_SaveForWeb-outline-FINAL-01.svg","contentUrl":"https:\/\/thern.com\/wp-content\/uploads\/2023\/11\/Logo_SaveForWeb-outline-FINAL-01.svg","caption":"Thern\u00ae Winches &amp; Cranes"},"image":{"@id":"https:\/\/thern.com\/fr\/#\/schema\/logo\/image\/"},"sameAs":["https:\/\/www.facebook.com\/ThernInc\/","https:\/\/www.linkedin.com\/company\/thern-inc-\/","https:\/\/www.youtube.com\/user\/ThernStage"]}]}},"_links":{"self":[{"href":"https:\/\/thern.com\/fr\/wp-json\/wp\/v2\/pages\/30386","targetHints":{"allow":["GET"]}}],"collection":[{"href":"https:\/\/thern.com\/fr\/wp-json\/wp\/v2\/pages"}],"about":[{"href":"https:\/\/thern.com\/fr\/wp-json\/wp\/v2\/types\/page"}],"author":[{"embeddable":true,"href":"https:\/\/thern.com\/fr\/wp-json\/wp\/v2\/users\/1"}],"replies":[{"embeddable":true,"href":"https:\/\/thern.com\/fr\/wp-json\/wp\/v2\/comments?post=30386"}],"version-history":[{"count":0,"href":"https:\/\/thern.com\/fr\/wp-json\/wp\/v2\/pages\/30386\/revisions"}],"up":[{"embeddable":true,"href":"https:\/\/thern.com\/fr\/wp-json\/wp\/v2\/pages\/30090"}],"wp:attachment":[{"href":"https:\/\/thern.com\/fr\/wp-json\/wp\/v2\/media?parent=30386"}],"curies":[{"name":"wp","href":"https:\/\/api.w.org\/{rel}","templated":true}]}}