{"id":30117,"date":"2023-08-03T15:27:46","date_gmt":"2023-08-03T15:27:46","guid":{"rendered":"https:\/\/therninc.wpenginepowered.com\/portfolio\/times-square\/"},"modified":"2023-09-26T16:12:06","modified_gmt":"2023-09-26T16:12:06","slug":"times-square","status":"publish","type":"page","link":"https:\/\/thern.com\/fr\/portfolio\/times-square\/","title":{"rendered":"Times Square"},"content":{"rendered":"<div class=\"wpb-content-wrapper\"><p>[vc_section full_width=\u00a0\u00bbstretch_row\u00a0\u00bb content_placement=\u00a0\u00bbmiddle\u00a0\u00bb css=\u00a0\u00bb.vc_custom_1693341392838{padding-top: 0px !important;background-image: url(https:\/\/thern.com\/wp-content\/uploads\/2023\/07\/Thern-Inc_Portfolio-Hero.jpg?id=481) !important;background-position: center !important;background-repeat: no-repeat !important;background-size: cover !important;}\u00a0\u00bb][vc_row full_width=\u00a0\u00bbstretch_row\u00a0\u00bb css=\u00a0\u00bb.vc_custom_1693341400199{padding-top: 50px !important;padding-bottom: 70px !important;background-color: rgba(0,0,0,0.5) !important;*background-color: rgb(0,0,0) !important;}\u00a0\u00bb][vc_column][vc_custom_heading text=\u00a0\u00bbPORTEFEUILLE\u00a0\u00bb font_container=\u00a0\u00bbtag:h1|text_align:left|color:%23ffffff\u00a0\u00bb use_theme_fonts=\u00a0\u00bbyes\u00a0\u00bb css_animation=\u00a0\u00bbfadeInLeft\u00a0\u00bb][\/vc_column][\/vc_row][\/vc_section][vc_row full_width=\u00a0\u00bbstretch_row\u00a0\u00bb equal_height=\u00a0\u00bbyes\u00a0\u00bb content_placement=\u00a0\u00bbmiddle\u00a0\u00bb css=\u00a0\u00bb.vc_custom_1689180629506{padding-bottom: 35px !important;background-color: #c71a32 !important;}\u00a0\u00bb][vc_column width=\u00a0\u00bb2\/3&Prime;][vc_custom_heading text=\u00a0\u00bbCHUTE DE BILLE DE R\u00c9VEILLON DU NOUVEL AN \u00c0 TIMES SQUARE\u00a0\u00bb font_container=\u00a0\u00bbtag:h2|text_align:left|color:%23ffffff\u00a0\u00bb use_theme_fonts=\u00a0\u00bbyes\u00a0\u00bb css_animation=\u00a0\u00bbfadeInLeft\u00a0\u00bb][\/vc_column][vc_column width=\u00a0\u00bb1\/3&Prime;][\/vc_column][\/vc_row][vc_row equal_height=\u00a0\u00bbyes\u00a0\u00bb][vc_column css_animation=\u00a0\u00bbfadeInLeft\u00a0\u00bb width=\u00a0\u00bb1\/2&Prime;][vc_column_text]<\/p>\n<section class=\"av_textblock_section\">\n<div class=\"avia_textblock\">\n<p>Chaque r\u00e9veillon du nouvel an, plus d\u2019un milliard d\u2019ensembles d\u2019yeux concentrent leur attention sur le Times Square de New York comme la grande, illumin\u00e9e balle du nouvel an descend 141 pieds vers le bas d\u2019un p\u00f4le sp\u00e9cialement con\u00e7u, venant se reposer \u00e0 la base \u00e0 la course de minuit. Un tel spectacle de haut profil exige que tout fonctionne parfaitement, il n\u2019est donc pas surprenant qu\u2019un treuil Thern personnalis\u00e9 est responsable de l\u2019abaissement de la balle 11.875 livre sur la plus grande nuit de l\u2019ann\u00e9e.<\/p>\n<p>Le 4HPF40M-S8 treuil \u00e9lectrique est sp\u00e9cialement con\u00e7u pour le montage invers\u00e9 sous la plate-forme sur laquelle le m\u00e2t est mont\u00e9, la vitesse de ligne de pr\u00e9cision pour abaisser la balle en synchronisation avec le compte \u00e0 rebours, un syst\u00e8me de ligne en boucle ferm\u00e9e et un rainurage \u00e0 chevrons sur le tambour pour un maximum manipulation du c\u00e2ble de 3 \u2044 4 po qui se connecte \u00e0 la bille.<\/p>\n<\/div>\n<\/section>\n<p>[\/vc_column_text][vc_btn title=\u00a0\u00bbRETOUR AU PORTEFEUILLE ACCUEIL\u00a0\u00bb style=\u00a0\u00bbcustom\u00a0\u00bb custom_background=\u00a0\u00bb#c71a32&Prime; custom_text=\u00a0\u00bb#ffffff\u00a0\u00bb shape=\u00a0\u00bbsquare\u00a0\u00bb size=\u00a0\u00bblg\u00a0\u00bb align=\u00a0\u00bbleft\u00a0\u00bb i_icon_fontawesome=\u00a0\u00bbfas fa-angle-left\u00a0\u00bb add_icon=\u00a0\u00bbtrue\u00a0\u00bb link=\u00a0\u00bburl:https%3A%2F%2Fthern.com%2Fportfolio%2F|title:Portfolio\u00a0\u00bb][\/vc_column][vc_column css_animation=\u00a0\u00bbfadeInRight\u00a0\u00bb width=\u00a0\u00bb1\/2&Prime;][vc_gallery interval=\u00a0\u00bb0&Prime; images=\u00a0\u00bb23753,23752,23751&Prime; img_size=\u00a0\u00bbfull\u00a0\u00bb onclick=\u00a0\u00bb\u00a0\u00bb][vc_single_image image=\u00a0\u00bb22382&Prime; img_size=\u00a0\u00bbfull\u00a0\u00bb][\/vc_column][\/vc_row][vc_row full_width=\u00a0\u00bbstretch_row\u00a0\u00bb css=\u00a0\u00bb.vc_custom_1693341650892{padding-top: 35px !important;padding-bottom: 35px !important;background-color: #efefef !important;}\u00a0\u00bb][vc_column width=\u00a0\u00bb1\/6&Prime;][\/vc_column][vc_column css_animation=\u00a0\u00bbfadeInUp\u00a0\u00bb width=\u00a0\u00bb4\/6&Prime;][vc_custom_heading text=\u00a0\u00bbNous sommes l\u00e0 pour vous aider\u00a0\u00bb font_container=\u00a0\u00bbtag:h2|text_align:center|color:%230a0a0a\u00a0\u00bb use_theme_fonts=\u00a0\u00bbyes\u00a0\u00bb css=\u00a0\u00bb.vc_custom_1695744696137{margin-bottom: 0px !important;}\u00a0\u00bb][vc_column_text]<\/p>\n<p style=\"text-align: center;\">Avoir des questions? Le personnel de vente et de service amical et comp\u00e9tent de Thern est impatient de vous aider.<\/p>\n<p>[\/vc_column_text][vc_btn title=\u00a0\u00bbContactez-nous\u00a0\u00bb style=\u00a0\u00bbcustom\u00a0\u00bb custom_background=\u00a0\u00bb#c71a32&Prime; custom_text=\u00a0\u00bb#ffffff\u00a0\u00bb shape=\u00a0\u00bbsquare\u00a0\u00bb size=\u00a0\u00bblg\u00a0\u00bb align=\u00a0\u00bbcenter\u00a0\u00bb i_align=\u00a0\u00bbright\u00a0\u00bb i_icon_fontawesome=\u00a0\u00bbfas fa-angle-right\u00a0\u00bb add_icon=\u00a0\u00bbtrue\u00a0\u00bb link=\u00a0\u00bburl:%2Ffr%2Fcontact%2F|title:Contact\u00a0\u00bb][\/vc_column][vc_column width=\u00a0\u00bb1\/6&Prime;][\/vc_column][\/vc_row]<\/p>\n<\/div>","protected":false},"excerpt":{"rendered":"<p>[vc_section full_width=\u00a0\u00bbstretch_row\u00a0\u00bb content_placement=\u00a0\u00bbmiddle\u00a0\u00bb css=\u00a0\u00bb.vc_custom_1693341392838{padding-top: 0px !important;background-image: url(https:\/\/thern.com\/wp-content\/uploads\/2023\/07\/Thern-Inc_Portfolio-Hero.jpg?id=481) !important;background-position: center !important;background-repeat: no-repeat !important;background-size: cover !important;}\u00a0\u00bb][vc_row full_width=\u00a0\u00bbstretch_row\u00a0\u00bb css=\u00a0\u00bb.vc_custom_1693341400199{padding-top: 50px !important;padding-bottom: 70px !important;background-color: rgba(0,0,0,0.5) !important;*background-color: rgb(0,0,0) !important;}\u00a0\u00bb][vc_column][vc_custom_heading text=\u00a0\u00bbPORTEFEUILLE\u00a0\u00bb font_container=\u00a0\u00bbtag:h1|text_align:left|color:%23ffffff\u00a0\u00bb use_theme_fonts=\u00a0\u00bbyes\u00a0\u00bb css_animation=\u00a0\u00bbfadeInLeft\u00a0\u00bb][\/vc_column][\/vc_row][\/vc_section][vc_row full_width=\u00a0\u00bbstretch_row\u00a0\u00bb equal_height=\u00a0\u00bbyes\u00a0\u00bb content_placement=\u00a0\u00bbmiddle\u00a0\u00bb css=\u00a0\u00bb.vc_custom_1689180629506{padding-bottom: 35px !important;background-color: #c71a32 !important;}\u00a0\u00bb][vc_column width=\u00a0\u00bb2\/3&Prime;][vc_custom_heading text=\u00a0\u00bbCHUTE DE BILLE DE R\u00c9VEILLON DU NOUVEL AN \u00c0 TIMES SQUARE\u00a0\u00bb font_container=\u00a0\u00bbtag:h2|text_align:left|color:%23ffffff\u00a0\u00bb use_theme_fonts=\u00a0\u00bbyes\u00a0\u00bb css_animation=\u00a0\u00bbfadeInLeft\u00a0\u00bb][\/vc_column][vc_column width=\u00a0\u00bb1\/3&Prime;][\/vc_column][\/vc_row][vc_row equal_height=\u00a0\u00bbyes\u00a0\u00bb][vc_column css_animation=\u00a0\u00bbfadeInLeft\u00a0\u00bb width=\u00a0\u00bb1\/2&Prime;][vc_column_text] &#8230; <a title=\"Times Square\" class=\"read-more\" href=\"https:\/\/thern.com\/fr\/portfolio\/times-square\/\" aria-label=\"More on Times Square\">Read more<\/a><\/p>\n","protected":false},"author":1,"featured_media":0,"parent":30090,"menu_order":0,"comment_status":"closed","ping_status":"closed","template":"","meta":{"footnotes":""},"class_list":["post-30117","page","type-page","status-publish"],"yoast_head":"<!-- This site is optimized with the Yoast SEO plugin v27.4 - https:\/\/yoast.com\/product\/yoast-seo-wordpress\/ -->\n<title>Times Square Balle Tombe Treuil - Projets D&#039;ing\u00e9nierie Personnalis\u00e9s | Thern, Inc.<\/title>\n<meta name=\"description\" content=\"La chute de la balle le r\u00e9veillon du nouvel an \u00e0 Times Square, \u00e0 New York, est abaiss\u00e9e par un treuil industriel Thern, construit sur mesure pour l&#039;application!\" \/>\n<meta name=\"robots\" content=\"index, follow, max-snippet:-1, max-image-preview:large, max-video-preview:-1\" \/>\n<link rel=\"canonical\" href=\"https:\/\/thern.com\/fr\/portfolio\/times-square\/\" \/>\n<meta property=\"og:locale\" content=\"fr_FR\" \/>\n<meta property=\"og:type\" content=\"article\" \/>\n<meta property=\"og:title\" content=\"Times Square Balle Tombe Treuil - Projets D&#039;ing\u00e9nierie Personnalis\u00e9s | Thern, Inc.\" \/>\n<meta property=\"og:description\" content=\"La chute de la balle le r\u00e9veillon du nouvel an \u00e0 Times Square, \u00e0 New York, est abaiss\u00e9e par un treuil industriel Thern, construit sur mesure pour l&#039;application!\" \/>\n<meta property=\"og:url\" content=\"https:\/\/thern.com\/fr\/portfolio\/times-square\/\" \/>\n<meta property=\"og:site_name\" content=\"Thern\u00ae Winches &amp; Cranes\" \/>\n<meta property=\"article:publisher\" content=\"https:\/\/www.facebook.com\/ThernInc\/\" \/>\n<meta property=\"article:modified_time\" content=\"2023-09-26T16:12:06+00:00\" \/>\n<meta name=\"twitter:card\" content=\"summary_large_image\" \/>\n<meta name=\"twitter:label1\" content=\"Dur\u00e9e de lecture estim\u00e9e\" \/>\n\t<meta name=\"twitter:data1\" content=\"2 minutes\" \/>\n<script type=\"application\/ld+json\" class=\"yoast-schema-graph\">{\"@context\":\"https:\\\/\\\/schema.org\",\"@graph\":[{\"@type\":\"WebPage\",\"@id\":\"https:\\\/\\\/thern.com\\\/fr\\\/portfolio\\\/times-square\\\/\",\"url\":\"https:\\\/\\\/thern.com\\\/fr\\\/portfolio\\\/times-square\\\/\",\"name\":\"Times Square Balle Tombe Treuil - Projets D'ing\u00e9nierie Personnalis\u00e9s | Thern, Inc.\",\"isPartOf\":{\"@id\":\"https:\\\/\\\/thern.com\\\/fr\\\/#website\"},\"datePublished\":\"2023-08-03T15:27:46+00:00\",\"dateModified\":\"2023-09-26T16:12:06+00:00\",\"description\":\"La chute de la balle le r\u00e9veillon du nouvel an \u00e0 Times Square, \u00e0 New York, est abaiss\u00e9e par un treuil industriel Thern, construit sur mesure pour l'application!\",\"breadcrumb\":{\"@id\":\"https:\\\/\\\/thern.com\\\/fr\\\/portfolio\\\/times-square\\\/#breadcrumb\"},\"inLanguage\":\"fr-FR\",\"potentialAction\":[{\"@type\":\"ReadAction\",\"target\":[\"https:\\\/\\\/thern.com\\\/fr\\\/portfolio\\\/times-square\\\/\"]}]},{\"@type\":\"BreadcrumbList\",\"@id\":\"https:\\\/\\\/thern.com\\\/fr\\\/portfolio\\\/times-square\\\/#breadcrumb\",\"itemListElement\":[{\"@type\":\"ListItem\",\"position\":1,\"name\":\"Home\",\"item\":\"https:\\\/\\\/thern.com\\\/fr\\\/\"},{\"@type\":\"ListItem\",\"position\":2,\"name\":\"Portfolio\",\"item\":\"https:\\\/\\\/thern.com\\\/fr\\\/portfolio\\\/\"},{\"@type\":\"ListItem\",\"position\":3,\"name\":\"Times Square\"}]},{\"@type\":\"WebSite\",\"@id\":\"https:\\\/\\\/thern.com\\\/fr\\\/#website\",\"url\":\"https:\\\/\\\/thern.com\\\/fr\\\/\",\"name\":\"Thern\u00ae Winches &amp; Cranes\",\"description\":\"Leave the Heavy Lifting to Us\",\"publisher\":{\"@id\":\"https:\\\/\\\/thern.com\\\/fr\\\/#organization\"},\"potentialAction\":[{\"@type\":\"SearchAction\",\"target\":{\"@type\":\"EntryPoint\",\"urlTemplate\":\"https:\\\/\\\/thern.com\\\/fr\\\/?s={search_term_string}\"},\"query-input\":{\"@type\":\"PropertyValueSpecification\",\"valueRequired\":true,\"valueName\":\"search_term_string\"}}],\"inLanguage\":\"fr-FR\"},{\"@type\":\"Organization\",\"@id\":\"https:\\\/\\\/thern.com\\\/fr\\\/#organization\",\"name\":\"Thern\u00ae Winches &amp; Cranes\",\"url\":\"https:\\\/\\\/thern.com\\\/fr\\\/\",\"logo\":{\"@type\":\"ImageObject\",\"inLanguage\":\"fr-FR\",\"@id\":\"https:\\\/\\\/thern.com\\\/fr\\\/#\\\/schema\\\/logo\\\/image\\\/\",\"url\":\"https:\\\/\\\/thern.com\\\/wp-content\\\/uploads\\\/2023\\\/11\\\/Logo_SaveForWeb-outline-FINAL-01.svg\",\"contentUrl\":\"https:\\\/\\\/thern.com\\\/wp-content\\\/uploads\\\/2023\\\/11\\\/Logo_SaveForWeb-outline-FINAL-01.svg\",\"caption\":\"Thern\u00ae Winches &amp; Cranes\"},\"image\":{\"@id\":\"https:\\\/\\\/thern.com\\\/fr\\\/#\\\/schema\\\/logo\\\/image\\\/\"},\"sameAs\":[\"https:\\\/\\\/www.facebook.com\\\/ThernInc\\\/\",\"https:\\\/\\\/www.linkedin.com\\\/company\\\/thern-inc-\\\/\",\"https:\\\/\\\/www.youtube.com\\\/user\\\/ThernStage\"]}]}<\/script>\n<!-- \/ Yoast SEO plugin. -->","yoast_head_json":{"title":"Times Square Balle Tombe Treuil - Projets D'ing\u00e9nierie Personnalis\u00e9s | Thern, Inc.","description":"La chute de la balle le r\u00e9veillon du nouvel an \u00e0 Times Square, \u00e0 New York, est abaiss\u00e9e par un treuil industriel Thern, construit sur mesure pour l'application!","robots":{"index":"index","follow":"follow","max-snippet":"max-snippet:-1","max-image-preview":"max-image-preview:large","max-video-preview":"max-video-preview:-1"},"canonical":"https:\/\/thern.com\/fr\/portfolio\/times-square\/","og_locale":"fr_FR","og_type":"article","og_title":"Times Square Balle Tombe Treuil - Projets D'ing\u00e9nierie Personnalis\u00e9s | Thern, Inc.","og_description":"La chute de la balle le r\u00e9veillon du nouvel an \u00e0 Times Square, \u00e0 New York, est abaiss\u00e9e par un treuil industriel Thern, construit sur mesure pour l'application!","og_url":"https:\/\/thern.com\/fr\/portfolio\/times-square\/","og_site_name":"Thern\u00ae Winches &amp; Cranes","article_publisher":"https:\/\/www.facebook.com\/ThernInc\/","article_modified_time":"2023-09-26T16:12:06+00:00","twitter_card":"summary_large_image","twitter_misc":{"Dur\u00e9e de lecture estim\u00e9e":"2 minutes"},"schema":{"@context":"https:\/\/schema.org","@graph":[{"@type":"WebPage","@id":"https:\/\/thern.com\/fr\/portfolio\/times-square\/","url":"https:\/\/thern.com\/fr\/portfolio\/times-square\/","name":"Times Square Balle Tombe Treuil - Projets D'ing\u00e9nierie Personnalis\u00e9s | Thern, Inc.","isPartOf":{"@id":"https:\/\/thern.com\/fr\/#website"},"datePublished":"2023-08-03T15:27:46+00:00","dateModified":"2023-09-26T16:12:06+00:00","description":"La chute de la balle le r\u00e9veillon du nouvel an \u00e0 Times Square, \u00e0 New York, est abaiss\u00e9e par un treuil industriel Thern, construit sur mesure pour l'application!","breadcrumb":{"@id":"https:\/\/thern.com\/fr\/portfolio\/times-square\/#breadcrumb"},"inLanguage":"fr-FR","potentialAction":[{"@type":"ReadAction","target":["https:\/\/thern.com\/fr\/portfolio\/times-square\/"]}]},{"@type":"BreadcrumbList","@id":"https:\/\/thern.com\/fr\/portfolio\/times-square\/#breadcrumb","itemListElement":[{"@type":"ListItem","position":1,"name":"Home","item":"https:\/\/thern.com\/fr\/"},{"@type":"ListItem","position":2,"name":"Portfolio","item":"https:\/\/thern.com\/fr\/portfolio\/"},{"@type":"ListItem","position":3,"name":"Times Square"}]},{"@type":"WebSite","@id":"https:\/\/thern.com\/fr\/#website","url":"https:\/\/thern.com\/fr\/","name":"Thern\u00ae Winches &amp; Cranes","description":"Leave the Heavy Lifting to Us","publisher":{"@id":"https:\/\/thern.com\/fr\/#organization"},"potentialAction":[{"@type":"SearchAction","target":{"@type":"EntryPoint","urlTemplate":"https:\/\/thern.com\/fr\/?s={search_term_string}"},"query-input":{"@type":"PropertyValueSpecification","valueRequired":true,"valueName":"search_term_string"}}],"inLanguage":"fr-FR"},{"@type":"Organization","@id":"https:\/\/thern.com\/fr\/#organization","name":"Thern\u00ae Winches &amp; Cranes","url":"https:\/\/thern.com\/fr\/","logo":{"@type":"ImageObject","inLanguage":"fr-FR","@id":"https:\/\/thern.com\/fr\/#\/schema\/logo\/image\/","url":"https:\/\/thern.com\/wp-content\/uploads\/2023\/11\/Logo_SaveForWeb-outline-FINAL-01.svg","contentUrl":"https:\/\/thern.com\/wp-content\/uploads\/2023\/11\/Logo_SaveForWeb-outline-FINAL-01.svg","caption":"Thern\u00ae Winches &amp; Cranes"},"image":{"@id":"https:\/\/thern.com\/fr\/#\/schema\/logo\/image\/"},"sameAs":["https:\/\/www.facebook.com\/ThernInc\/","https:\/\/www.linkedin.com\/company\/thern-inc-\/","https:\/\/www.youtube.com\/user\/ThernStage"]}]}},"_links":{"self":[{"href":"https:\/\/thern.com\/fr\/wp-json\/wp\/v2\/pages\/30117","targetHints":{"allow":["GET"]}}],"collection":[{"href":"https:\/\/thern.com\/fr\/wp-json\/wp\/v2\/pages"}],"about":[{"href":"https:\/\/thern.com\/fr\/wp-json\/wp\/v2\/types\/page"}],"author":[{"embeddable":true,"href":"https:\/\/thern.com\/fr\/wp-json\/wp\/v2\/users\/1"}],"replies":[{"embeddable":true,"href":"https:\/\/thern.com\/fr\/wp-json\/wp\/v2\/comments?post=30117"}],"version-history":[{"count":0,"href":"https:\/\/thern.com\/fr\/wp-json\/wp\/v2\/pages\/30117\/revisions"}],"up":[{"embeddable":true,"href":"https:\/\/thern.com\/fr\/wp-json\/wp\/v2\/pages\/30090"}],"wp:attachment":[{"href":"https:\/\/thern.com\/fr\/wp-json\/wp\/v2\/media?parent=30117"}],"curies":[{"name":"wp","href":"https:\/\/api.w.org\/{rel}","templated":true}]}}