{"id":33139,"date":"2023-10-31T17:34:30","date_gmt":"2023-10-31T17:34:30","guid":{"rendered":"https:\/\/therninc.wpenginepowered.com\/industries\/ireland-atex-rated-zone\/"},"modified":"2023-10-31T17:46:21","modified_gmt":"2023-10-31T17:46:21","slug":"ireland-atex-rated-zone","status":"publish","type":"page","link":"https:\/\/thern.com\/es\/portfolio\/ireland-atex-rated-zone\/","title":{"rendered":"Ireland Atex Rated Zone"},"content":{"rendered":"<div class=\"wpb-content-wrapper\"><p>[vc_section full_width=\u00bbstretch_row\u00bb content_placement=\u00bbmiddle\u00bb css=\u00bb.vc_custom_1692983716171{padding-top: 0px !important;background: #dddddd url(https:\/\/thern.com\/wp-content\/uploads\/2023\/07\/Thern-Inc_About-Hero.jpg?id=343) !important;background-position: center !important;background-repeat: no-repeat !important;background-size: cover !important;}\u00bb][vc_row full_width=\u00bbstretch_row\u00bb css=\u00bb.vc_custom_1692983676181{padding-top: 50px !important;padding-bottom: 70px !important;background-color: rgba(0,0,0,0.5) !important;*background-color: rgb(0,0,0) !important;}\u00bb][vc_column][vc_custom_heading text=\u00bbCompa\u00f1\u00eda farmac\u00e9utica\u00bb font_container=\u00bbtag:h1|text_align:left|color:%23ffffff\u00bb use_theme_fonts=\u00bbyes\u00bb css_animation=\u00bbfadeInLeft\u00bb][\/vc_column][\/vc_row][\/vc_section][vc_row full_width=\u00bbstretch_row\u00bb equal_height=\u00bbyes\u00bb css=\u00bb.vc_custom_1692985496191{padding-top: 65px !important;padding-bottom: 35px !important;}\u00bb][vc_column css_animation=\u00bbfadeInLeft\u00bb width=\u00bb1\/2&#8243;][vc_custom_heading text=\u00bbDesaf\u00edo: cabrestantes que cumplen con Atex zona 1&#8243; font_container=\u00bbtag:h4|text_align:left|color:%23900000&#8243; use_theme_fonts=\u00bbyes\u00bb][vc_column_text]ATEX es el nombre com\u00fanmente dado a las dos Directivas Europeas para el control de atm\u00f3sferas explosivas. Es la abreviatura de la frase francesa, \u00abAtmosph\u00e8res Explosibles\u00bb. Un \u00e1rea peligrosa ATEX Zona 1, se clasifica como un lugar de atm\u00f3sfera explosiva que consiste en una mezcla de aire o sustancias inflamables en forma de gas, vapor o neblina, es probable que ocurra ocasionalmente durante las operaciones normales. Si no se gestiona correctamente, existe el riesgo de que la manipulaci\u00f3n de materiales en este tipo de entorno de trabajo pueda provocar una explosi\u00f3n, lo que podr\u00eda causar graves consecuencias para quienes est\u00e1n presentes en el sitio, la planta y el equipo, e incluso para los que est\u00e1n fuera del sitio.<\/p>\n<p>El cliente de Thern, una empresa farmac\u00e9utica con sede en Irlanda, necesitaba un medio seguro para abrir y cerrar las tapas de los tanques de los recipientes a presi\u00f3n. Los cabrestantes que estaba usando no cumpl\u00edan con los requisitos de la Zona 1 de ATEX. Para cumplir con los requisitos, mejorar la salud y la seguridad de los trabajadores potencialmente en riesgo por la atm\u00f3sfera explosiva, el cliente recurri\u00f3 a Thern en busca de alternativas.<br \/>\n[\/vc_column_text][vc_custom_heading text=\u00bbSoluci\u00f3n: cabrestantes dise\u00f1ados a medida para zona Atex 1&#8243; font_container=\u00bbtag:h4|text_align:left|color:%23900000&#8243; use_theme_fonts=\u00bbyes\u00bb][vc_column_text]Trabajando con socios de distribuci\u00f3n locales, Thern dise\u00f1\u00f3 y fabric\u00f3 47 cabrestantes manuales personalizados (engranaje helicoidal completamente cerrado) y con clasificaci\u00f3n ATEX para Zona 1. Los cabrestantes se fabricaron con piezas de acero inoxidable y aluminio y presentaban un acabado epoxi que ayuda a protegerlos de la sosa c\u00e1ustica presente en el entorno de la planta.[\/vc_column_text][vc_custom_heading text=\u00bbResultado\u00bb font_container=\u00bbtag:h4|text_align:left|color:%23900000&#8243; use_theme_fonts=\u00bbyes\u00bb][vc_column_text]Los cabrestantes dise\u00f1ados a medida de Thern permitieron al cliente cumplir con los requisitos de la Zona 1 de ATEX para proteger y salvaguardar al personal y al equipo.[\/vc_column_text][vc_btn title=\u00bbRegresar a Industrias\u00bb style=\u00bbcustom\u00bb custom_background=\u00bb#c71a32&#8243; custom_text=\u00bb#ffffff\u00bb shape=\u00bbsquare\u00bb size=\u00bblg\u00bb align=\u00bbleft\u00bb i_icon_fontawesome=\u00bbfas fa-angle-left\u00bb add_icon=\u00bbtrue\u00bb link=\u00bburl:%2Fes%2Findustries%2F|title:Return%20to%20Industries\u00bb][\/vc_column][vc_column css_animation=\u00bbfadeInRight\u00bb width=\u00bb1\/2&#8243;][vc_gallery interval=\u00bb0&#8243; images=\u00bb33122,33128&#8243; img_size=\u00bbfull\u00bb][\/vc_column][\/vc_row][vc_row full_width=\u00bbstretch_row\u00bb css=\u00bb.vc_custom_1692985441183{padding-top: 35px !important;padding-bottom: 35px !important;}\u00bb][vc_column width=\u00bb1\/6&#8243;][\/vc_column][vc_column css_animation=\u00bbfadeInUp\u00bb width=\u00bb4\/6&#8243;][vc_custom_heading text=\u00bbEstamos aqu\u00ed para ayudar\u00bb font_container=\u00bbtag:h2|text_align:center|color:%230a0a0a\u00bb use_theme_fonts=\u00bbyes\u00bb css=\u00bb.vc_custom_1696543088473{margin-bottom: 0px !important;}\u00bb][vc_column_text]<\/p>\n<p style=\"text-align: center;\">\u00bfTiene preguntas? El amable y experto personal de ventas y servicio de Thern est\u00e1 dispuesto a ayudarle.<\/p>\n<p>[\/vc_column_text][vc_btn title=\u00bbContacta con nosotros\u00bb style=\u00bbcustom\u00bb custom_background=\u00bb#c71a32&#8243; custom_text=\u00bb#ffffff\u00bb shape=\u00bbsquare\u00bb size=\u00bblg\u00bb align=\u00bbcenter\u00bb i_align=\u00bbright\u00bb i_icon_fontawesome=\u00bbfas fa-angle-right\u00bb add_icon=\u00bbtrue\u00bb link=\u00bburl:%2Fes%2Fcontact%2F|title:Contact\u00bb][\/vc_column][vc_column width=\u00bb1\/6&#8243;][\/vc_column][\/vc_row]<\/p>\n<\/div>","protected":false},"excerpt":{"rendered":"<p>[vc_section full_width=\u00bbstretch_row\u00bb content_placement=\u00bbmiddle\u00bb css=\u00bb.vc_custom_1692983716171{padding-top: 0px !important;background: #dddddd url(https:\/\/thern.com\/wp-content\/uploads\/2023\/07\/Thern-Inc_About-Hero.jpg?id=343) !important;background-position: center !important;background-repeat: no-repeat !important;background-size: cover !important;}\u00bb][vc_row full_width=\u00bbstretch_row\u00bb css=\u00bb.vc_custom_1692983676181{padding-top: 50px !important;padding-bottom: 70px !important;background-color: rgba(0,0,0,0.5) !important;*background-color: rgb(0,0,0) !important;}\u00bb][vc_column][vc_custom_heading text=\u00bbCompa\u00f1\u00eda farmac\u00e9utica\u00bb font_container=\u00bbtag:h1|text_align:left|color:%23ffffff\u00bb use_theme_fonts=\u00bbyes\u00bb css_animation=\u00bbfadeInLeft\u00bb][\/vc_column][\/vc_row][\/vc_section][vc_row full_width=\u00bbstretch_row\u00bb equal_height=\u00bbyes\u00bb css=\u00bb.vc_custom_1692985496191{padding-top: 65px !important;padding-bottom: 35px !important;}\u00bb][vc_column css_animation=\u00bbfadeInLeft\u00bb width=\u00bb1\/2&#8243;][vc_custom_heading text=\u00bbDesaf\u00edo: cabrestantes que cumplen con Atex zona 1&#8243; font_container=\u00bbtag:h4|text_align:left|color:%23900000&#8243; use_theme_fonts=\u00bbyes\u00bb][vc_column_text]ATEX es el nombre com\u00fanmente dado a &#8230; <a title=\"Ireland Atex Rated Zone\" class=\"read-more\" href=\"https:\/\/thern.com\/es\/portfolio\/ireland-atex-rated-zone\/\" aria-label=\"More on Ireland Atex Rated Zone\">Read more<\/a><\/p>\n","protected":false},"author":1,"featured_media":0,"parent":30094,"menu_order":0,"comment_status":"closed","ping_status":"closed","template":"","meta":{"footnotes":""},"class_list":["post-33139","page","type-page","status-publish"],"yoast_head":"<!-- This site is optimized with the Yoast SEO plugin v27.5 - https:\/\/yoast.com\/product\/yoast-seo-wordpress\/ -->\n<title>Compa\u00f1\u00eda farmac\u00e9utica | Thern\u00ae Winches &amp; Cranes<\/title>\n<meta name=\"description\" content=\"Cabrestantes manuales de zona 1 con clasificaci\u00f3n Atex para abrir y cerrar tapas de tanques en un recipiente a presi\u00f3n.\" \/>\n<meta name=\"robots\" content=\"index, follow, max-snippet:-1, max-image-preview:large, max-video-preview:-1\" \/>\n<link rel=\"canonical\" href=\"https:\/\/thern.com\/es\/portfolio\/ireland-atex-rated-zone\/\" \/>\n<meta property=\"og:locale\" content=\"es_ES\" \/>\n<meta property=\"og:type\" content=\"article\" \/>\n<meta property=\"og:title\" content=\"Compa\u00f1\u00eda farmac\u00e9utica | Thern\u00ae Winches &amp; Cranes\" \/>\n<meta property=\"og:description\" content=\"Cabrestantes manuales de zona 1 con clasificaci\u00f3n Atex para abrir y cerrar tapas de tanques en un recipiente a presi\u00f3n.\" \/>\n<meta property=\"og:url\" content=\"https:\/\/thern.com\/es\/portfolio\/ireland-atex-rated-zone\/\" \/>\n<meta property=\"og:site_name\" content=\"Thern\u00ae Winches &amp; Cranes\" \/>\n<meta property=\"article:publisher\" content=\"https:\/\/www.facebook.com\/ThernInc\/\" \/>\n<meta property=\"article:modified_time\" content=\"2023-10-31T17:46:21+00:00\" \/>\n<meta name=\"twitter:card\" content=\"summary_large_image\" \/>\n<meta name=\"twitter:label1\" content=\"Tiempo de lectura\" \/>\n\t<meta name=\"twitter:data1\" content=\"2 minutos\" \/>\n<script type=\"application\/ld+json\" class=\"yoast-schema-graph\">{\"@context\":\"https:\\\/\\\/schema.org\",\"@graph\":[{\"@type\":\"WebPage\",\"@id\":\"https:\\\/\\\/thern.com\\\/es\\\/portfolio\\\/ireland-atex-rated-zone\\\/\",\"url\":\"https:\\\/\\\/thern.com\\\/es\\\/portfolio\\\/ireland-atex-rated-zone\\\/\",\"name\":\"Compa\u00f1\u00eda farmac\u00e9utica | Thern\u00ae Winches &amp; Cranes\",\"isPartOf\":{\"@id\":\"https:\\\/\\\/thern.com\\\/es\\\/#website\"},\"datePublished\":\"2023-10-31T17:34:30+00:00\",\"dateModified\":\"2023-10-31T17:46:21+00:00\",\"description\":\"Cabrestantes manuales de zona 1 con clasificaci\u00f3n Atex para abrir y cerrar tapas de tanques en un recipiente a presi\u00f3n.\",\"breadcrumb\":{\"@id\":\"https:\\\/\\\/thern.com\\\/es\\\/portfolio\\\/ireland-atex-rated-zone\\\/#breadcrumb\"},\"inLanguage\":\"es\",\"potentialAction\":[{\"@type\":\"ReadAction\",\"target\":[\"https:\\\/\\\/thern.com\\\/es\\\/portfolio\\\/ireland-atex-rated-zone\\\/\"]}]},{\"@type\":\"BreadcrumbList\",\"@id\":\"https:\\\/\\\/thern.com\\\/es\\\/portfolio\\\/ireland-atex-rated-zone\\\/#breadcrumb\",\"itemListElement\":[{\"@type\":\"ListItem\",\"position\":1,\"name\":\"Home\",\"item\":\"https:\\\/\\\/thern.com\\\/es\\\/\"},{\"@type\":\"ListItem\",\"position\":2,\"name\":\"Portfolio\",\"item\":\"https:\\\/\\\/thern.com\\\/es\\\/portfolio\\\/\"},{\"@type\":\"ListItem\",\"position\":3,\"name\":\"Ireland Atex Rated Zone\"}]},{\"@type\":\"WebSite\",\"@id\":\"https:\\\/\\\/thern.com\\\/es\\\/#website\",\"url\":\"https:\\\/\\\/thern.com\\\/es\\\/\",\"name\":\"Thern\u00ae Winches &amp; Cranes\",\"description\":\"Leave the Heavy Lifting to Us\",\"publisher\":{\"@id\":\"https:\\\/\\\/thern.com\\\/es\\\/#organization\"},\"potentialAction\":[{\"@type\":\"SearchAction\",\"target\":{\"@type\":\"EntryPoint\",\"urlTemplate\":\"https:\\\/\\\/thern.com\\\/es\\\/?s={search_term_string}\"},\"query-input\":{\"@type\":\"PropertyValueSpecification\",\"valueRequired\":true,\"valueName\":\"search_term_string\"}}],\"inLanguage\":\"es\"},{\"@type\":\"Organization\",\"@id\":\"https:\\\/\\\/thern.com\\\/es\\\/#organization\",\"name\":\"Thern\u00ae Winches &amp; Cranes\",\"url\":\"https:\\\/\\\/thern.com\\\/es\\\/\",\"logo\":{\"@type\":\"ImageObject\",\"inLanguage\":\"es\",\"@id\":\"https:\\\/\\\/thern.com\\\/es\\\/#\\\/schema\\\/logo\\\/image\\\/\",\"url\":\"https:\\\/\\\/thern.com\\\/wp-content\\\/uploads\\\/2023\\\/11\\\/Logo_SaveForWeb-outline-FINAL-01.svg\",\"contentUrl\":\"https:\\\/\\\/thern.com\\\/wp-content\\\/uploads\\\/2023\\\/11\\\/Logo_SaveForWeb-outline-FINAL-01.svg\",\"caption\":\"Thern\u00ae Winches &amp; Cranes\"},\"image\":{\"@id\":\"https:\\\/\\\/thern.com\\\/es\\\/#\\\/schema\\\/logo\\\/image\\\/\"},\"sameAs\":[\"https:\\\/\\\/www.facebook.com\\\/ThernInc\\\/\",\"https:\\\/\\\/www.linkedin.com\\\/company\\\/thern-inc-\\\/\",\"https:\\\/\\\/www.youtube.com\\\/user\\\/ThernStage\"]}]}<\/script>\n<!-- \/ Yoast SEO plugin. -->","yoast_head_json":{"title":"Compa\u00f1\u00eda farmac\u00e9utica | Thern\u00ae Winches &amp; Cranes","description":"Cabrestantes manuales de zona 1 con clasificaci\u00f3n Atex para abrir y cerrar tapas de tanques en un recipiente a presi\u00f3n.","robots":{"index":"index","follow":"follow","max-snippet":"max-snippet:-1","max-image-preview":"max-image-preview:large","max-video-preview":"max-video-preview:-1"},"canonical":"https:\/\/thern.com\/es\/portfolio\/ireland-atex-rated-zone\/","og_locale":"es_ES","og_type":"article","og_title":"Compa\u00f1\u00eda farmac\u00e9utica | Thern\u00ae Winches &amp; Cranes","og_description":"Cabrestantes manuales de zona 1 con clasificaci\u00f3n Atex para abrir y cerrar tapas de tanques en un recipiente a presi\u00f3n.","og_url":"https:\/\/thern.com\/es\/portfolio\/ireland-atex-rated-zone\/","og_site_name":"Thern\u00ae Winches &amp; Cranes","article_publisher":"https:\/\/www.facebook.com\/ThernInc\/","article_modified_time":"2023-10-31T17:46:21+00:00","twitter_card":"summary_large_image","twitter_misc":{"Tiempo de lectura":"2 minutos"},"schema":{"@context":"https:\/\/schema.org","@graph":[{"@type":"WebPage","@id":"https:\/\/thern.com\/es\/portfolio\/ireland-atex-rated-zone\/","url":"https:\/\/thern.com\/es\/portfolio\/ireland-atex-rated-zone\/","name":"Compa\u00f1\u00eda farmac\u00e9utica | Thern\u00ae Winches &amp; Cranes","isPartOf":{"@id":"https:\/\/thern.com\/es\/#website"},"datePublished":"2023-10-31T17:34:30+00:00","dateModified":"2023-10-31T17:46:21+00:00","description":"Cabrestantes manuales de zona 1 con clasificaci\u00f3n Atex para abrir y cerrar tapas de tanques en un recipiente a presi\u00f3n.","breadcrumb":{"@id":"https:\/\/thern.com\/es\/portfolio\/ireland-atex-rated-zone\/#breadcrumb"},"inLanguage":"es","potentialAction":[{"@type":"ReadAction","target":["https:\/\/thern.com\/es\/portfolio\/ireland-atex-rated-zone\/"]}]},{"@type":"BreadcrumbList","@id":"https:\/\/thern.com\/es\/portfolio\/ireland-atex-rated-zone\/#breadcrumb","itemListElement":[{"@type":"ListItem","position":1,"name":"Home","item":"https:\/\/thern.com\/es\/"},{"@type":"ListItem","position":2,"name":"Portfolio","item":"https:\/\/thern.com\/es\/portfolio\/"},{"@type":"ListItem","position":3,"name":"Ireland Atex Rated Zone"}]},{"@type":"WebSite","@id":"https:\/\/thern.com\/es\/#website","url":"https:\/\/thern.com\/es\/","name":"Thern\u00ae Winches &amp; Cranes","description":"Leave the Heavy Lifting to Us","publisher":{"@id":"https:\/\/thern.com\/es\/#organization"},"potentialAction":[{"@type":"SearchAction","target":{"@type":"EntryPoint","urlTemplate":"https:\/\/thern.com\/es\/?s={search_term_string}"},"query-input":{"@type":"PropertyValueSpecification","valueRequired":true,"valueName":"search_term_string"}}],"inLanguage":"es"},{"@type":"Organization","@id":"https:\/\/thern.com\/es\/#organization","name":"Thern\u00ae Winches &amp; Cranes","url":"https:\/\/thern.com\/es\/","logo":{"@type":"ImageObject","inLanguage":"es","@id":"https:\/\/thern.com\/es\/#\/schema\/logo\/image\/","url":"https:\/\/thern.com\/wp-content\/uploads\/2023\/11\/Logo_SaveForWeb-outline-FINAL-01.svg","contentUrl":"https:\/\/thern.com\/wp-content\/uploads\/2023\/11\/Logo_SaveForWeb-outline-FINAL-01.svg","caption":"Thern\u00ae Winches &amp; Cranes"},"image":{"@id":"https:\/\/thern.com\/es\/#\/schema\/logo\/image\/"},"sameAs":["https:\/\/www.facebook.com\/ThernInc\/","https:\/\/www.linkedin.com\/company\/thern-inc-\/","https:\/\/www.youtube.com\/user\/ThernStage"]}]}},"_links":{"self":[{"href":"https:\/\/thern.com\/es\/wp-json\/wp\/v2\/pages\/33139","targetHints":{"allow":["GET"]}}],"collection":[{"href":"https:\/\/thern.com\/es\/wp-json\/wp\/v2\/pages"}],"about":[{"href":"https:\/\/thern.com\/es\/wp-json\/wp\/v2\/types\/page"}],"author":[{"embeddable":true,"href":"https:\/\/thern.com\/es\/wp-json\/wp\/v2\/users\/1"}],"replies":[{"embeddable":true,"href":"https:\/\/thern.com\/es\/wp-json\/wp\/v2\/comments?post=33139"}],"version-history":[{"count":0,"href":"https:\/\/thern.com\/es\/wp-json\/wp\/v2\/pages\/33139\/revisions"}],"up":[{"embeddable":true,"href":"https:\/\/thern.com\/es\/wp-json\/wp\/v2\/pages\/30094"}],"wp:attachment":[{"href":"https:\/\/thern.com\/es\/wp-json\/wp\/v2\/media?parent=33139"}],"curies":[{"name":"wp","href":"https:\/\/api.w.org\/{rel}","templated":true}]}}