{"id":33044,"date":"2023-10-31T16:46:49","date_gmt":"2023-10-31T16:46:49","guid":{"rendered":"https:\/\/therninc.wpenginepowered.com\/industries\/denmark-wastewater-treatment-aalborg\/"},"modified":"2023-10-31T16:56:14","modified_gmt":"2023-10-31T16:56:14","slug":"denmark-wastewater-treatment-aalborg","status":"publish","type":"page","link":"https:\/\/thern.com\/es\/portfolio\/denmark-wastewater-treatment-aalborg\/","title":{"rendered":"Denmark Wastewater Treatment Aalborg"},"content":{"rendered":"<div class=\"wpb-content-wrapper\"><p>[vc_section full_width=\u00bbstretch_row\u00bb content_placement=\u00bbmiddle\u00bb css=\u00bb.vc_custom_1692983716171{padding-top: 0px !important;background: #dddddd url(https:\/\/thern.com\/wp-content\/uploads\/2023\/07\/Thern-Inc_About-Hero.jpg?id=343) !important;background-position: center !important;background-repeat: no-repeat !important;background-size: cover !important;}\u00bb][vc_row full_width=\u00bbstretch_row\u00bb css=\u00bb.vc_custom_1692983676181{padding-top: 50px !important;padding-bottom: 70px !important;background-color: rgba(0,0,0,0.5) !important;*background-color: rgb(0,0,0) !important;}\u00bb][vc_column][vc_custom_heading text=\u00bbPlanta de tratamiento de aguas residuales Aalborg\u00bb font_container=\u00bbtag:h1|text_align:left|color:%23ffffff\u00bb use_theme_fonts=\u00bbyes\u00bb css_animation=\u00bbfadeInLeft\u00bb][\/vc_column][\/vc_row][\/vc_section][vc_row full_width=\u00bbstretch_row\u00bb equal_height=\u00bbyes\u00bb css=\u00bb.vc_custom_1692985496191{padding-top: 65px !important;padding-bottom: 35px !important;}\u00bb][vc_column css_animation=\u00bbfadeInLeft\u00bb width=\u00bb1\/2&#8243;][vc_custom_heading text=\u00bbDesaf\u00edo: reducir los costos de construcci\u00f3n de plantas\u00bb font_container=\u00bbtag:h4|text_align:left|color:%23900000&#8243; use_theme_fonts=\u00bbyes\u00bb][vc_column_text]Aalborg(Dinamarca) es una comunidad en crecimiento y tambi\u00e9n un destino tur\u00edstico. Ha dise\u00f1ado y construido dos nuevas estaciones depuradoras de aguas residuales en los \u00faltimos a\u00f1os. En una se trata las aguas residuales de los cruceros y en la otra se elimina macro y micro contaminantes de las aguas residuales generadas por el Hospital Universitario de Aalborg. Para ayudar a minimizar los costos de infraestructura para la \u00faltima planta de aguas residuales, el operador estaba abierto a explorar los medios m\u00e1s rentables para mantener y reparar sus bombas y mezcladores de tanques de tratamiento.[\/vc_column_text][vc_custom_heading text=\u00bbSoluci\u00f3n: 1 gr\u00faa en lugar de 8&#8243; font_container=\u00bbtag:h4|text_align:left|color:%23900000&#8243; use_theme_fonts=\u00bbyes\u00bb][vc_column_text]Thern trabaj\u00f3 con su socio de distribuci\u00f3n local para evaluar las necesidades de la instalaci\u00f3n de aguas residuales. Juntos, recomendaron una soluci\u00f3n rentable que inclu\u00eda la compra de solo una gr\u00faa pescante port\u00e1til de acero inoxidable y ocho bases de acero inoxidable, que podr\u00edan instalarse de forma permanente junto a los tanques de tratamiento. En lugar de comprar e instalar ocho gr\u00faas permanentes, el operador podr\u00eda mover la gr\u00faa port\u00e1til de base en base para izar las bombas y mezcladores de los tanques, para mantenimiento o servicio.[\/vc_column_text][vc_custom_heading text=\u00bbResultado\u00bb font_container=\u00bbtag:h4|text_align:left|color:%23900000&#8243; use_theme_fonts=\u00bbyes\u00bb][vc_column_text]El operador podr\u00eda reducir sus costos iniciales de infraestructura comprando una gr\u00faa y varias bases. Adem\u00e1s, el operador redujo la tarifa anual por inspeccionar y probar varias gr\u00faas.[\/vc_column_text][vc_btn title=\u00bbRegresar a Industrias\u00bb style=\u00bbcustom\u00bb custom_background=\u00bb#c71a32&#8243; custom_text=\u00bb#ffffff\u00bb shape=\u00bbsquare\u00bb size=\u00bblg\u00bb align=\u00bbleft\u00bb i_icon_fontawesome=\u00bbfas fa-angle-left\u00bb add_icon=\u00bbtrue\u00bb link=\u00bburl:%2Fes%2Findustries%2F|title:Return%20to%20Industries\u00bb][\/vc_column][vc_column css_animation=\u00bbfadeInRight\u00bb width=\u00bb1\/2&#8243;][vc_gallery interval=\u00bb0&#8243; images=\u00bb32997,33003,33009,33015,33021,33027,33033&#8243; img_size=\u00bbfull\u00bb][\/vc_column][\/vc_row][vc_row full_width=\u00bbstretch_row\u00bb css=\u00bb.vc_custom_1692985441183{padding-top: 35px !important;padding-bottom: 35px !important;}\u00bb][vc_column width=\u00bb1\/6&#8243;][\/vc_column][vc_column css_animation=\u00bbfadeInUp\u00bb width=\u00bb4\/6&#8243;][vc_custom_heading text=\u00bbEstamos aqu\u00ed para ayudar\u00bb font_container=\u00bbtag:h2|text_align:center|color:%230a0a0a\u00bb use_theme_fonts=\u00bbyes\u00bb css=\u00bb.vc_custom_1696543088473{margin-bottom: 0px !important;}\u00bb][vc_column_text]<\/p>\n<p style=\"text-align: center;\">\u00bfTiene preguntas? El amable y experto personal de ventas y servicio de Thern est\u00e1 dispuesto a ayudarle.<\/p>\n<p>[\/vc_column_text][vc_btn title=\u00bbContacta con nosotros\u00bb style=\u00bbcustom\u00bb custom_background=\u00bb#c71a32&#8243; custom_text=\u00bb#ffffff\u00bb shape=\u00bbsquare\u00bb size=\u00bblg\u00bb align=\u00bbcenter\u00bb i_align=\u00bbright\u00bb i_icon_fontawesome=\u00bbfas fa-angle-right\u00bb add_icon=\u00bbtrue\u00bb link=\u00bburl:%2Fes%2Fcontact%2F|title:Contact\u00bb][\/vc_column][vc_column width=\u00bb1\/6&#8243;][\/vc_column][\/vc_row]<\/p>\n<\/div>","protected":false},"excerpt":{"rendered":"<p>[vc_section full_width=\u00bbstretch_row\u00bb content_placement=\u00bbmiddle\u00bb css=\u00bb.vc_custom_1692983716171{padding-top: 0px !important;background: #dddddd url(https:\/\/thern.com\/wp-content\/uploads\/2023\/07\/Thern-Inc_About-Hero.jpg?id=343) !important;background-position: center !important;background-repeat: no-repeat !important;background-size: cover !important;}\u00bb][vc_row full_width=\u00bbstretch_row\u00bb css=\u00bb.vc_custom_1692983676181{padding-top: 50px !important;padding-bottom: 70px !important;background-color: rgba(0,0,0,0.5) !important;*background-color: rgb(0,0,0) !important;}\u00bb][vc_column][vc_custom_heading text=\u00bbPlanta de tratamiento de aguas residuales Aalborg\u00bb font_container=\u00bbtag:h1|text_align:left|color:%23ffffff\u00bb use_theme_fonts=\u00bbyes\u00bb css_animation=\u00bbfadeInLeft\u00bb][\/vc_column][\/vc_row][\/vc_section][vc_row full_width=\u00bbstretch_row\u00bb equal_height=\u00bbyes\u00bb css=\u00bb.vc_custom_1692985496191{padding-top: 65px !important;padding-bottom: 35px !important;}\u00bb][vc_column css_animation=\u00bbfadeInLeft\u00bb width=\u00bb1\/2&#8243;][vc_custom_heading text=\u00bbDesaf\u00edo: reducir los costos de construcci\u00f3n de plantas\u00bb font_container=\u00bbtag:h4|text_align:left|color:%23900000&#8243; use_theme_fonts=\u00bbyes\u00bb][vc_column_text]Aalborg(Dinamarca) es &#8230; <a title=\"Denmark Wastewater Treatment Aalborg\" class=\"read-more\" href=\"https:\/\/thern.com\/es\/portfolio\/denmark-wastewater-treatment-aalborg\/\" aria-label=\"More on Denmark Wastewater Treatment Aalborg\">Read more<\/a><\/p>\n","protected":false},"author":1,"featured_media":0,"parent":30094,"menu_order":0,"comment_status":"closed","ping_status":"closed","template":"","meta":{"footnotes":""},"class_list":["post-33044","page","type-page","status-publish"],"yoast_head":"<!-- This site is optimized with the Yoast SEO plugin v27.3 - https:\/\/yoast.com\/product\/yoast-seo-wordpress\/ -->\n<title>Planta de tratamiento de aguas residuales Aalborg | Thern\u00ae Winches &amp; Cranes<\/title>\n<meta name=\"description\" content=\"Gr\u00faas port\u00e1tiles pescante para izar bombas y mezcladores.\" \/>\n<meta name=\"robots\" content=\"index, follow, max-snippet:-1, max-image-preview:large, max-video-preview:-1\" \/>\n<link rel=\"canonical\" href=\"https:\/\/thern.com\/es\/portfolio\/denmark-wastewater-treatment-aalborg\/\" \/>\n<meta property=\"og:locale\" content=\"es_ES\" \/>\n<meta property=\"og:type\" content=\"article\" \/>\n<meta property=\"og:title\" content=\"Planta de tratamiento de aguas residuales Aalborg | Thern\u00ae Winches &amp; Cranes\" \/>\n<meta property=\"og:description\" content=\"Gr\u00faas port\u00e1tiles pescante para izar bombas y mezcladores.\" \/>\n<meta property=\"og:url\" content=\"https:\/\/thern.com\/es\/portfolio\/denmark-wastewater-treatment-aalborg\/\" \/>\n<meta property=\"og:site_name\" content=\"Thern\u00ae Winches &amp; Cranes\" \/>\n<meta property=\"article:publisher\" content=\"https:\/\/www.facebook.com\/ThernInc\/\" \/>\n<meta property=\"article:modified_time\" content=\"2023-10-31T16:56:14+00:00\" \/>\n<meta name=\"twitter:card\" content=\"summary_large_image\" \/>\n<meta name=\"twitter:label1\" content=\"Tiempo de lectura\" \/>\n\t<meta name=\"twitter:data1\" content=\"2 minutos\" \/>\n<script type=\"application\/ld+json\" class=\"yoast-schema-graph\">{\"@context\":\"https:\\\/\\\/schema.org\",\"@graph\":[{\"@type\":\"WebPage\",\"@id\":\"https:\\\/\\\/thern.com\\\/es\\\/portfolio\\\/denmark-wastewater-treatment-aalborg\\\/\",\"url\":\"https:\\\/\\\/thern.com\\\/es\\\/portfolio\\\/denmark-wastewater-treatment-aalborg\\\/\",\"name\":\"Planta de tratamiento de aguas residuales Aalborg | Thern\u00ae Winches &amp; Cranes\",\"isPartOf\":{\"@id\":\"https:\\\/\\\/thern.com\\\/es\\\/#website\"},\"datePublished\":\"2023-10-31T16:46:49+00:00\",\"dateModified\":\"2023-10-31T16:56:14+00:00\",\"description\":\"Gr\u00faas port\u00e1tiles pescante para izar bombas y mezcladores.\",\"breadcrumb\":{\"@id\":\"https:\\\/\\\/thern.com\\\/es\\\/portfolio\\\/denmark-wastewater-treatment-aalborg\\\/#breadcrumb\"},\"inLanguage\":\"es\",\"potentialAction\":[{\"@type\":\"ReadAction\",\"target\":[\"https:\\\/\\\/thern.com\\\/es\\\/portfolio\\\/denmark-wastewater-treatment-aalborg\\\/\"]}]},{\"@type\":\"BreadcrumbList\",\"@id\":\"https:\\\/\\\/thern.com\\\/es\\\/portfolio\\\/denmark-wastewater-treatment-aalborg\\\/#breadcrumb\",\"itemListElement\":[{\"@type\":\"ListItem\",\"position\":1,\"name\":\"Home\",\"item\":\"https:\\\/\\\/thern.com\\\/es\\\/\"},{\"@type\":\"ListItem\",\"position\":2,\"name\":\"Portfolio\",\"item\":\"https:\\\/\\\/thern.com\\\/es\\\/portfolio\\\/\"},{\"@type\":\"ListItem\",\"position\":3,\"name\":\"Denmark Wastewater Treatment Aalborg\"}]},{\"@type\":\"WebSite\",\"@id\":\"https:\\\/\\\/thern.com\\\/es\\\/#website\",\"url\":\"https:\\\/\\\/thern.com\\\/es\\\/\",\"name\":\"Thern\u00ae Winches &amp; Cranes\",\"description\":\"Leave the Heavy Lifting to Us\",\"publisher\":{\"@id\":\"https:\\\/\\\/thern.com\\\/es\\\/#organization\"},\"potentialAction\":[{\"@type\":\"SearchAction\",\"target\":{\"@type\":\"EntryPoint\",\"urlTemplate\":\"https:\\\/\\\/thern.com\\\/es\\\/?s={search_term_string}\"},\"query-input\":{\"@type\":\"PropertyValueSpecification\",\"valueRequired\":true,\"valueName\":\"search_term_string\"}}],\"inLanguage\":\"es\"},{\"@type\":\"Organization\",\"@id\":\"https:\\\/\\\/thern.com\\\/es\\\/#organization\",\"name\":\"Thern\u00ae Winches &amp; Cranes\",\"url\":\"https:\\\/\\\/thern.com\\\/es\\\/\",\"logo\":{\"@type\":\"ImageObject\",\"inLanguage\":\"es\",\"@id\":\"https:\\\/\\\/thern.com\\\/es\\\/#\\\/schema\\\/logo\\\/image\\\/\",\"url\":\"https:\\\/\\\/thern.com\\\/wp-content\\\/uploads\\\/2023\\\/11\\\/Logo_SaveForWeb-outline-FINAL-01.svg\",\"contentUrl\":\"https:\\\/\\\/thern.com\\\/wp-content\\\/uploads\\\/2023\\\/11\\\/Logo_SaveForWeb-outline-FINAL-01.svg\",\"caption\":\"Thern\u00ae Winches &amp; Cranes\"},\"image\":{\"@id\":\"https:\\\/\\\/thern.com\\\/es\\\/#\\\/schema\\\/logo\\\/image\\\/\"},\"sameAs\":[\"https:\\\/\\\/www.facebook.com\\\/ThernInc\\\/\",\"https:\\\/\\\/www.linkedin.com\\\/company\\\/thern-inc-\\\/\",\"https:\\\/\\\/www.youtube.com\\\/user\\\/ThernStage\"]}]}<\/script>\n<!-- \/ Yoast SEO plugin. -->","yoast_head_json":{"title":"Planta de tratamiento de aguas residuales Aalborg | Thern\u00ae Winches &amp; Cranes","description":"Gr\u00faas port\u00e1tiles pescante para izar bombas y mezcladores.","robots":{"index":"index","follow":"follow","max-snippet":"max-snippet:-1","max-image-preview":"max-image-preview:large","max-video-preview":"max-video-preview:-1"},"canonical":"https:\/\/thern.com\/es\/portfolio\/denmark-wastewater-treatment-aalborg\/","og_locale":"es_ES","og_type":"article","og_title":"Planta de tratamiento de aguas residuales Aalborg | Thern\u00ae Winches &amp; Cranes","og_description":"Gr\u00faas port\u00e1tiles pescante para izar bombas y mezcladores.","og_url":"https:\/\/thern.com\/es\/portfolio\/denmark-wastewater-treatment-aalborg\/","og_site_name":"Thern\u00ae Winches &amp; Cranes","article_publisher":"https:\/\/www.facebook.com\/ThernInc\/","article_modified_time":"2023-10-31T16:56:14+00:00","twitter_card":"summary_large_image","twitter_misc":{"Tiempo de lectura":"2 minutos"},"schema":{"@context":"https:\/\/schema.org","@graph":[{"@type":"WebPage","@id":"https:\/\/thern.com\/es\/portfolio\/denmark-wastewater-treatment-aalborg\/","url":"https:\/\/thern.com\/es\/portfolio\/denmark-wastewater-treatment-aalborg\/","name":"Planta de tratamiento de aguas residuales Aalborg | Thern\u00ae Winches &amp; Cranes","isPartOf":{"@id":"https:\/\/thern.com\/es\/#website"},"datePublished":"2023-10-31T16:46:49+00:00","dateModified":"2023-10-31T16:56:14+00:00","description":"Gr\u00faas port\u00e1tiles pescante para izar bombas y mezcladores.","breadcrumb":{"@id":"https:\/\/thern.com\/es\/portfolio\/denmark-wastewater-treatment-aalborg\/#breadcrumb"},"inLanguage":"es","potentialAction":[{"@type":"ReadAction","target":["https:\/\/thern.com\/es\/portfolio\/denmark-wastewater-treatment-aalborg\/"]}]},{"@type":"BreadcrumbList","@id":"https:\/\/thern.com\/es\/portfolio\/denmark-wastewater-treatment-aalborg\/#breadcrumb","itemListElement":[{"@type":"ListItem","position":1,"name":"Home","item":"https:\/\/thern.com\/es\/"},{"@type":"ListItem","position":2,"name":"Portfolio","item":"https:\/\/thern.com\/es\/portfolio\/"},{"@type":"ListItem","position":3,"name":"Denmark Wastewater Treatment Aalborg"}]},{"@type":"WebSite","@id":"https:\/\/thern.com\/es\/#website","url":"https:\/\/thern.com\/es\/","name":"Thern\u00ae Winches &amp; Cranes","description":"Leave the Heavy Lifting to Us","publisher":{"@id":"https:\/\/thern.com\/es\/#organization"},"potentialAction":[{"@type":"SearchAction","target":{"@type":"EntryPoint","urlTemplate":"https:\/\/thern.com\/es\/?s={search_term_string}"},"query-input":{"@type":"PropertyValueSpecification","valueRequired":true,"valueName":"search_term_string"}}],"inLanguage":"es"},{"@type":"Organization","@id":"https:\/\/thern.com\/es\/#organization","name":"Thern\u00ae Winches &amp; Cranes","url":"https:\/\/thern.com\/es\/","logo":{"@type":"ImageObject","inLanguage":"es","@id":"https:\/\/thern.com\/es\/#\/schema\/logo\/image\/","url":"https:\/\/thern.com\/wp-content\/uploads\/2023\/11\/Logo_SaveForWeb-outline-FINAL-01.svg","contentUrl":"https:\/\/thern.com\/wp-content\/uploads\/2023\/11\/Logo_SaveForWeb-outline-FINAL-01.svg","caption":"Thern\u00ae Winches &amp; Cranes"},"image":{"@id":"https:\/\/thern.com\/es\/#\/schema\/logo\/image\/"},"sameAs":["https:\/\/www.facebook.com\/ThernInc\/","https:\/\/www.linkedin.com\/company\/thern-inc-\/","https:\/\/www.youtube.com\/user\/ThernStage"]}]}},"_links":{"self":[{"href":"https:\/\/thern.com\/es\/wp-json\/wp\/v2\/pages\/33044","targetHints":{"allow":["GET"]}}],"collection":[{"href":"https:\/\/thern.com\/es\/wp-json\/wp\/v2\/pages"}],"about":[{"href":"https:\/\/thern.com\/es\/wp-json\/wp\/v2\/types\/page"}],"author":[{"embeddable":true,"href":"https:\/\/thern.com\/es\/wp-json\/wp\/v2\/users\/1"}],"replies":[{"embeddable":true,"href":"https:\/\/thern.com\/es\/wp-json\/wp\/v2\/comments?post=33044"}],"version-history":[{"count":0,"href":"https:\/\/thern.com\/es\/wp-json\/wp\/v2\/pages\/33044\/revisions"}],"up":[{"embeddable":true,"href":"https:\/\/thern.com\/es\/wp-json\/wp\/v2\/pages\/30094"}],"wp:attachment":[{"href":"https:\/\/thern.com\/es\/wp-json\/wp\/v2\/media?parent=33044"}],"curies":[{"name":"wp","href":"https:\/\/api.w.org\/{rel}","templated":true}]}}