{"id":32953,"date":"2023-10-31T16:06:57","date_gmt":"2023-10-31T16:06:57","guid":{"rendered":"https:\/\/therninc.wpenginepowered.com\/industries\/luxemburg-wastewater-nachtmanderscheid-putscheid\/"},"modified":"2023-10-31T16:16:55","modified_gmt":"2023-10-31T16:16:55","slug":"luxemburg-wastewater-nachtmanderscheid-putscheid","status":"publish","type":"page","link":"https:\/\/thern.com\/es\/portfolio\/luxemburg-wastewater-nachtmanderscheid-putscheid\/","title":{"rendered":"Luxemburg Wastewater Nachtmanderscheid and Putscheid"},"content":{"rendered":"<div class=\"wpb-content-wrapper\"><p>[vc_section full_width=\u00bbstretch_row\u00bb content_placement=\u00bbmiddle\u00bb css=\u00bb.vc_custom_1692983716171{padding-top: 0px !important;background: #dddddd url(https:\/\/thern.com\/wp-content\/uploads\/2023\/07\/Thern-Inc_About-Hero.jpg?id=343) !important;background-position: center !important;background-repeat: no-repeat !important;background-size: cover !important;}\u00bb][vc_row full_width=\u00bbstretch_row\u00bb css=\u00bb.vc_custom_1692983676181{padding-top: 50px !important;padding-bottom: 70px !important;background-color: rgba(0,0,0,0.5) !important;*background-color: rgb(0,0,0) !important;}\u00bb][vc_column][vc_custom_heading text=\u00bbPlanta de tratamiento de aguas residuales Nachtmanderscheid y Putscheid\u00bb font_container=\u00bbtag:h1|text_align:left|color:%23ffffff\u00bb use_theme_fonts=\u00bbyes\u00bb css_animation=\u00bbfadeInLeft\u00bb][\/vc_column][\/vc_row][\/vc_section][vc_row full_width=\u00bbstretch_row\u00bb equal_height=\u00bbyes\u00bb css=\u00bb.vc_custom_1692985496191{padding-top: 65px !important;padding-bottom: 35px !important;}\u00bb][vc_column css_animation=\u00bbfadeInLeft\u00bb width=\u00bb1\/2&#8243;][vc_custom_heading text=\u00bbReto: reducir los costes de mantenimiento\u00bb font_container=\u00bbtag:h4|text_align:left|color:%23900000&#8243; use_theme_fonts=\u00bbyes\u00bb][vc_column_text]La econom\u00eda de Luxemburgo contin\u00faa creciendo a pesar de las secuelas de la pandemia Covid-19. El gobierno de Luxemburgo est\u00e1 invirtiendo en innovaci\u00f3n, apoyando nuevas empresas y logrando un crecimiento sostenible al mismo tiempo que es consciente de su entorno natural. Para respaldar su continuo crecimiento y prosperidad, eligi\u00f3 construir dos plantas de tratamiento de aguas residuales relativamente peque\u00f1as.<\/p>\n<p>El operador quer\u00eda gestionar los gastos relativos a las infraestructuras de las plantas. Con este fin, prefiri\u00f3 usar gr\u00faas port\u00e1tiles en lugar de gr\u00faas instaladas permanentemente para ayudar a mantener y dar servicio a las bombas y mezcladores de los tanques de aguas residuales.<br \/>\n[\/vc_column_text][vc_custom_heading text=\u00bbSoluci\u00f3n: gr\u00faas port\u00e1tiles para reducir el tiempo de mantenimiento\u00bb font_container=\u00bbtag:h4|text_align:left|color:%23900000&#8243; use_theme_fonts=\u00bbyes\u00bb][vc_column_text]El operador seleccion\u00f3 una gr\u00faa de pescante port\u00e1til Thern para cada ubicaci\u00f3n. Tambi\u00e9n compr\u00f3 varias bases de gr\u00faas que se pod\u00edan anclar permanentemente en puntos estrat\u00e9gicos adyacentes a cada tanque de tratamiento. En consecuencia, una gr\u00faa podr\u00eda moverse de un lugar a otro f\u00e1cil y r\u00e1pidamente. El operador tambi\u00e9n especific\u00f3 un conjunto de cable de acero personalizado para cada bomba y mezclador en cada sitio.[\/vc_column_text][vc_custom_heading text=\u00bbResultado\u00bb font_container=\u00bbtag:h4|text_align:left|color:%23900000&#8243; use_theme_fonts=\u00bbyes\u00bb][vc_column_text]El operador qued\u00f3 encantado con las gr\u00faas pescantes port\u00e1tiles de Thern, que demostraron ser livianas, robustas y f\u00e1ciles de usar. La capacidad de emplear solo una gr\u00faa en cada ubicaci\u00f3n tambi\u00e9n redujo el costo anual de inspeccionar y probar m\u00faltiples gr\u00faas.<\/p>\n<p>El operador planea especificar gr\u00faas pescantes port\u00e1tiles Thern para operaciones existentes y futuras. El socio local de Thern instal\u00f3 y prob\u00f3 las gr\u00faas para la empresa de instalaci\u00f3n t\u00e9cnica para facilitar las aprobaciones.<br \/>\n[\/vc_column_text][vc_btn title=\u00bbRegresar a Industrias\u00bb style=\u00bbcustom\u00bb custom_background=\u00bb#c71a32&#8243; custom_text=\u00bb#ffffff\u00bb shape=\u00bbsquare\u00bb size=\u00bblg\u00bb align=\u00bbleft\u00bb i_icon_fontawesome=\u00bbfas fa-angle-left\u00bb add_icon=\u00bbtrue\u00bb link=\u00bburl:%2Fes%2Findustries%2F|title:Return%20to%20Industries\u00bb][\/vc_column][vc_column css_animation=\u00bbfadeInRight\u00bb width=\u00bb1\/2&#8243;][vc_gallery type=\u00bbnivo\u00bb interval=\u00bb0&#8243; images=\u00bb32875,32941,32935,32929,32923,32917,32911,32905,32899,32893,32887,32881&#8243; img_size=\u00bbfull\u00bb][\/vc_column][\/vc_row][vc_row full_width=\u00bbstretch_row\u00bb css=\u00bb.vc_custom_1692985441183{padding-top: 35px !important;padding-bottom: 35px !important;}\u00bb][vc_column width=\u00bb1\/6&#8243;][\/vc_column][vc_column css_animation=\u00bbfadeInUp\u00bb width=\u00bb4\/6&#8243;][vc_custom_heading text=\u00bbEstamos aqu\u00ed para ayudar\u00bb font_container=\u00bbtag:h2|text_align:center|color:%230a0a0a\u00bb use_theme_fonts=\u00bbyes\u00bb css=\u00bb.vc_custom_1696543088473{margin-bottom: 0px !important;}\u00bb][vc_column_text]<\/p>\n<p style=\"text-align: center;\">\u00bfTiene preguntas? El amable y experto personal de ventas y servicio de Thern est\u00e1 dispuesto a ayudarle.<\/p>\n<p>[\/vc_column_text][vc_btn title=\u00bbContacta con nosotros\u00bb style=\u00bbcustom\u00bb custom_background=\u00bb#c71a32&#8243; custom_text=\u00bb#ffffff\u00bb shape=\u00bbsquare\u00bb size=\u00bblg\u00bb align=\u00bbcenter\u00bb i_align=\u00bbright\u00bb i_icon_fontawesome=\u00bbfas fa-angle-right\u00bb add_icon=\u00bbtrue\u00bb link=\u00bburl:%2Fes%2Fcontact%2F|title:Contact\u00bb][\/vc_column][vc_column width=\u00bb1\/6&#8243;][\/vc_column][\/vc_row]<\/p>\n<\/div>","protected":false},"excerpt":{"rendered":"<p>[vc_section full_width=\u00bbstretch_row\u00bb content_placement=\u00bbmiddle\u00bb css=\u00bb.vc_custom_1692983716171{padding-top: 0px !important;background: #dddddd url(https:\/\/thern.com\/wp-content\/uploads\/2023\/07\/Thern-Inc_About-Hero.jpg?id=343) !important;background-position: center !important;background-repeat: no-repeat !important;background-size: cover !important;}\u00bb][vc_row full_width=\u00bbstretch_row\u00bb css=\u00bb.vc_custom_1692983676181{padding-top: 50px !important;padding-bottom: 70px !important;background-color: rgba(0,0,0,0.5) !important;*background-color: rgb(0,0,0) !important;}\u00bb][vc_column][vc_custom_heading text=\u00bbPlanta de tratamiento de aguas residuales Nachtmanderscheid y Putscheid\u00bb font_container=\u00bbtag:h1|text_align:left|color:%23ffffff\u00bb use_theme_fonts=\u00bbyes\u00bb css_animation=\u00bbfadeInLeft\u00bb][\/vc_column][\/vc_row][\/vc_section][vc_row full_width=\u00bbstretch_row\u00bb equal_height=\u00bbyes\u00bb css=\u00bb.vc_custom_1692985496191{padding-top: 65px !important;padding-bottom: 35px !important;}\u00bb][vc_column css_animation=\u00bbfadeInLeft\u00bb width=\u00bb1\/2&#8243;][vc_custom_heading text=\u00bbReto: reducir los costes de mantenimiento\u00bb font_container=\u00bbtag:h4|text_align:left|color:%23900000&#8243; use_theme_fonts=\u00bbyes\u00bb][vc_column_text]La econom\u00eda &#8230; <a title=\"Luxemburg Wastewater Nachtmanderscheid and Putscheid\" class=\"read-more\" href=\"https:\/\/thern.com\/es\/portfolio\/luxemburg-wastewater-nachtmanderscheid-putscheid\/\" aria-label=\"More on Luxemburg Wastewater Nachtmanderscheid and Putscheid\">Read more<\/a><\/p>\n","protected":false},"author":1,"featured_media":0,"parent":30094,"menu_order":0,"comment_status":"closed","ping_status":"closed","template":"","meta":{"footnotes":""},"class_list":["post-32953","page","type-page","status-publish"],"yoast_head":"<!-- This site is optimized with the Yoast SEO plugin v27.3 - https:\/\/yoast.com\/product\/yoast-seo-wordpress\/ -->\n<title>Planta de tratamiento de aguas residuales Nachtmanderscheid y Putscheid | Thern\u00ae Winches &amp; Cranes<\/title>\n<meta name=\"description\" content=\"Gr\u00faas port\u00e1tiles pescantes para cargar y descargar bombas de agua y mezcladores.\" \/>\n<meta name=\"robots\" content=\"noindex, nofollow\" \/>\n<meta property=\"og:locale\" content=\"es_ES\" \/>\n<meta property=\"og:type\" content=\"article\" \/>\n<meta property=\"og:title\" content=\"Planta de tratamiento de aguas residuales Nachtmanderscheid y Putscheid | Thern\u00ae Winches &amp; Cranes\" \/>\n<meta property=\"og:description\" content=\"Gr\u00faas port\u00e1tiles pescantes para cargar y descargar bombas de agua y mezcladores.\" \/>\n<meta property=\"og:url\" content=\"https:\/\/thern.com\/es\/portfolio\/luxemburg-wastewater-nachtmanderscheid-putscheid\/\" \/>\n<meta property=\"og:site_name\" content=\"Thern\u00ae Winches &amp; Cranes\" \/>\n<meta property=\"article:publisher\" content=\"https:\/\/www.facebook.com\/ThernInc\/\" \/>\n<meta property=\"article:modified_time\" content=\"2023-10-31T16:16:55+00:00\" \/>\n<meta name=\"twitter:card\" content=\"summary_large_image\" \/>\n<meta name=\"twitter:label1\" content=\"Tiempo de lectura\" \/>\n\t<meta name=\"twitter:data1\" content=\"2 minutos\" \/>\n<script type=\"application\/ld+json\" class=\"yoast-schema-graph\">{\"@context\":\"https:\\\/\\\/schema.org\",\"@graph\":[{\"@type\":\"WebPage\",\"@id\":\"https:\\\/\\\/thern.com\\\/es\\\/portfolio\\\/luxemburg-wastewater-nachtmanderscheid-putscheid\\\/\",\"url\":\"https:\\\/\\\/thern.com\\\/es\\\/portfolio\\\/luxemburg-wastewater-nachtmanderscheid-putscheid\\\/\",\"name\":\"Planta de tratamiento de aguas residuales Nachtmanderscheid y Putscheid | Thern\u00ae Winches &amp; Cranes\",\"isPartOf\":{\"@id\":\"https:\\\/\\\/thern.com\\\/es\\\/#website\"},\"datePublished\":\"2023-10-31T16:06:57+00:00\",\"dateModified\":\"2023-10-31T16:16:55+00:00\",\"description\":\"Gr\u00faas port\u00e1tiles pescantes para cargar y descargar bombas de agua y mezcladores.\",\"breadcrumb\":{\"@id\":\"https:\\\/\\\/thern.com\\\/es\\\/portfolio\\\/luxemburg-wastewater-nachtmanderscheid-putscheid\\\/#breadcrumb\"},\"inLanguage\":\"es\",\"potentialAction\":[{\"@type\":\"ReadAction\",\"target\":[\"https:\\\/\\\/thern.com\\\/es\\\/portfolio\\\/luxemburg-wastewater-nachtmanderscheid-putscheid\\\/\"]}]},{\"@type\":\"BreadcrumbList\",\"@id\":\"https:\\\/\\\/thern.com\\\/es\\\/portfolio\\\/luxemburg-wastewater-nachtmanderscheid-putscheid\\\/#breadcrumb\",\"itemListElement\":[{\"@type\":\"ListItem\",\"position\":1,\"name\":\"Home\",\"item\":\"https:\\\/\\\/thern.com\\\/es\\\/\"},{\"@type\":\"ListItem\",\"position\":2,\"name\":\"Portfolio\",\"item\":\"https:\\\/\\\/thern.com\\\/es\\\/portfolio\\\/\"},{\"@type\":\"ListItem\",\"position\":3,\"name\":\"Luxemburg Wastewater Nachtmanderscheid and Putscheid\"}]},{\"@type\":\"WebSite\",\"@id\":\"https:\\\/\\\/thern.com\\\/es\\\/#website\",\"url\":\"https:\\\/\\\/thern.com\\\/es\\\/\",\"name\":\"Thern\u00ae Winches &amp; Cranes\",\"description\":\"Leave the Heavy Lifting to Us\",\"publisher\":{\"@id\":\"https:\\\/\\\/thern.com\\\/es\\\/#organization\"},\"potentialAction\":[{\"@type\":\"SearchAction\",\"target\":{\"@type\":\"EntryPoint\",\"urlTemplate\":\"https:\\\/\\\/thern.com\\\/es\\\/?s={search_term_string}\"},\"query-input\":{\"@type\":\"PropertyValueSpecification\",\"valueRequired\":true,\"valueName\":\"search_term_string\"}}],\"inLanguage\":\"es\"},{\"@type\":\"Organization\",\"@id\":\"https:\\\/\\\/thern.com\\\/es\\\/#organization\",\"name\":\"Thern\u00ae Winches &amp; Cranes\",\"url\":\"https:\\\/\\\/thern.com\\\/es\\\/\",\"logo\":{\"@type\":\"ImageObject\",\"inLanguage\":\"es\",\"@id\":\"https:\\\/\\\/thern.com\\\/es\\\/#\\\/schema\\\/logo\\\/image\\\/\",\"url\":\"https:\\\/\\\/thern.com\\\/wp-content\\\/uploads\\\/2023\\\/11\\\/Logo_SaveForWeb-outline-FINAL-01.svg\",\"contentUrl\":\"https:\\\/\\\/thern.com\\\/wp-content\\\/uploads\\\/2023\\\/11\\\/Logo_SaveForWeb-outline-FINAL-01.svg\",\"caption\":\"Thern\u00ae Winches &amp; Cranes\"},\"image\":{\"@id\":\"https:\\\/\\\/thern.com\\\/es\\\/#\\\/schema\\\/logo\\\/image\\\/\"},\"sameAs\":[\"https:\\\/\\\/www.facebook.com\\\/ThernInc\\\/\",\"https:\\\/\\\/www.linkedin.com\\\/company\\\/thern-inc-\\\/\",\"https:\\\/\\\/www.youtube.com\\\/user\\\/ThernStage\"]}]}<\/script>\n<!-- \/ Yoast SEO plugin. -->","yoast_head_json":{"title":"Planta de tratamiento de aguas residuales Nachtmanderscheid y Putscheid | Thern\u00ae Winches &amp; Cranes","description":"Gr\u00faas port\u00e1tiles pescantes para cargar y descargar bombas de agua y mezcladores.","robots":{"index":"noindex","follow":"nofollow"},"og_locale":"es_ES","og_type":"article","og_title":"Planta de tratamiento de aguas residuales Nachtmanderscheid y Putscheid | Thern\u00ae Winches &amp; Cranes","og_description":"Gr\u00faas port\u00e1tiles pescantes para cargar y descargar bombas de agua y mezcladores.","og_url":"https:\/\/thern.com\/es\/portfolio\/luxemburg-wastewater-nachtmanderscheid-putscheid\/","og_site_name":"Thern\u00ae Winches &amp; Cranes","article_publisher":"https:\/\/www.facebook.com\/ThernInc\/","article_modified_time":"2023-10-31T16:16:55+00:00","twitter_card":"summary_large_image","twitter_misc":{"Tiempo de lectura":"2 minutos"},"schema":{"@context":"https:\/\/schema.org","@graph":[{"@type":"WebPage","@id":"https:\/\/thern.com\/es\/portfolio\/luxemburg-wastewater-nachtmanderscheid-putscheid\/","url":"https:\/\/thern.com\/es\/portfolio\/luxemburg-wastewater-nachtmanderscheid-putscheid\/","name":"Planta de tratamiento de aguas residuales Nachtmanderscheid y Putscheid | Thern\u00ae Winches &amp; Cranes","isPartOf":{"@id":"https:\/\/thern.com\/es\/#website"},"datePublished":"2023-10-31T16:06:57+00:00","dateModified":"2023-10-31T16:16:55+00:00","description":"Gr\u00faas port\u00e1tiles pescantes para cargar y descargar bombas de agua y mezcladores.","breadcrumb":{"@id":"https:\/\/thern.com\/es\/portfolio\/luxemburg-wastewater-nachtmanderscheid-putscheid\/#breadcrumb"},"inLanguage":"es","potentialAction":[{"@type":"ReadAction","target":["https:\/\/thern.com\/es\/portfolio\/luxemburg-wastewater-nachtmanderscheid-putscheid\/"]}]},{"@type":"BreadcrumbList","@id":"https:\/\/thern.com\/es\/portfolio\/luxemburg-wastewater-nachtmanderscheid-putscheid\/#breadcrumb","itemListElement":[{"@type":"ListItem","position":1,"name":"Home","item":"https:\/\/thern.com\/es\/"},{"@type":"ListItem","position":2,"name":"Portfolio","item":"https:\/\/thern.com\/es\/portfolio\/"},{"@type":"ListItem","position":3,"name":"Luxemburg Wastewater Nachtmanderscheid and Putscheid"}]},{"@type":"WebSite","@id":"https:\/\/thern.com\/es\/#website","url":"https:\/\/thern.com\/es\/","name":"Thern\u00ae Winches &amp; Cranes","description":"Leave the Heavy Lifting to Us","publisher":{"@id":"https:\/\/thern.com\/es\/#organization"},"potentialAction":[{"@type":"SearchAction","target":{"@type":"EntryPoint","urlTemplate":"https:\/\/thern.com\/es\/?s={search_term_string}"},"query-input":{"@type":"PropertyValueSpecification","valueRequired":true,"valueName":"search_term_string"}}],"inLanguage":"es"},{"@type":"Organization","@id":"https:\/\/thern.com\/es\/#organization","name":"Thern\u00ae Winches &amp; Cranes","url":"https:\/\/thern.com\/es\/","logo":{"@type":"ImageObject","inLanguage":"es","@id":"https:\/\/thern.com\/es\/#\/schema\/logo\/image\/","url":"https:\/\/thern.com\/wp-content\/uploads\/2023\/11\/Logo_SaveForWeb-outline-FINAL-01.svg","contentUrl":"https:\/\/thern.com\/wp-content\/uploads\/2023\/11\/Logo_SaveForWeb-outline-FINAL-01.svg","caption":"Thern\u00ae Winches &amp; Cranes"},"image":{"@id":"https:\/\/thern.com\/es\/#\/schema\/logo\/image\/"},"sameAs":["https:\/\/www.facebook.com\/ThernInc\/","https:\/\/www.linkedin.com\/company\/thern-inc-\/","https:\/\/www.youtube.com\/user\/ThernStage"]}]}},"_links":{"self":[{"href":"https:\/\/thern.com\/es\/wp-json\/wp\/v2\/pages\/32953","targetHints":{"allow":["GET"]}}],"collection":[{"href":"https:\/\/thern.com\/es\/wp-json\/wp\/v2\/pages"}],"about":[{"href":"https:\/\/thern.com\/es\/wp-json\/wp\/v2\/types\/page"}],"author":[{"embeddable":true,"href":"https:\/\/thern.com\/es\/wp-json\/wp\/v2\/users\/1"}],"replies":[{"embeddable":true,"href":"https:\/\/thern.com\/es\/wp-json\/wp\/v2\/comments?post=32953"}],"version-history":[{"count":0,"href":"https:\/\/thern.com\/es\/wp-json\/wp\/v2\/pages\/32953\/revisions"}],"up":[{"embeddable":true,"href":"https:\/\/thern.com\/es\/wp-json\/wp\/v2\/pages\/30094"}],"wp:attachment":[{"href":"https:\/\/thern.com\/es\/wp-json\/wp\/v2\/media?parent=32953"}],"curies":[{"name":"wp","href":"https:\/\/api.w.org\/{rel}","templated":true}]}}