{"id":32484,"date":"2023-08-22T20:26:05","date_gmt":"2023-08-22T20:26:05","guid":{"rendered":"https:\/\/therninc.wpenginepowered.com\/winches\/hand-winches\/"},"modified":"2023-10-10T19:55:35","modified_gmt":"2023-10-10T19:55:35","slug":"hand-winches","status":"publish","type":"page","link":"https:\/\/thern.com\/es\/winches\/hand-winches\/","title":{"rendered":"Hand Winches"},"content":{"rendered":"<div class=\"wpb-content-wrapper\"><p>[vc_section full_width=\u00bbstretch_row\u00bb content_placement=\u00bbmiddle\u00bb css=\u00bb.vc_custom_1692975222755{padding-top: 0px !important;background-image: url(https:\/\/thern.com\/wp-content\/uploads\/2023\/08\/Thern_Winches-Hero.jpg?id=22442) !important;background-position: center !important;background-repeat: no-repeat !important;background-size: cover !important;}\u00bb][vc_row full_width=\u00bbstretch_row\u00bb css=\u00bb.vc_custom_1692975215444{padding-top: 50px !important;padding-bottom: 70px !important;background-color: rgba(0,0,0,0.5) !important;*background-color: rgb(0,0,0) !important;}\u00bb][vc_column][vc_custom_heading text=\u00bbCabrestantes manuales\u00bb font_container=\u00bbtag:h1|text_align:left|color:%23ffffff\u00bb use_theme_fonts=\u00bbyes\u00bb css_animation=\u00bbfadeInLeft\u00bb][\/vc_column][\/vc_row][\/vc_section][vc_row full_width=\u00bbstretch_row\u00bb equal_height=\u00bbyes\u00bb content_placement=\u00bbmiddle\u00bb css=\u00bb.vc_custom_1689180629506{padding-bottom: 35px !important;background-color: #c71a32 !important;}\u00bb][vc_column css_animation=\u00bbfadeInLeft\u00bb width=\u00bb1\/2&#8243;][vc_custom_heading text=\u00bbThern Cabrestantes\u00bb font_container=\u00bbtag:h2|text_align:left|color:%23ffffff\u00bb use_theme_fonts=\u00bbyes\u00bb][vc_custom_heading text=\u00bbTire, levante, coloque y tense con confianza\u00bb font_container=\u00bbtag:h3|text_align:left|color:%23ffffff\u00bb use_theme_fonts=\u00bbyes\u00bb][\/vc_column][vc_column width=\u00bb1\/2&#8243; el_class=\u00bbdo-not-show\u00bb][\/vc_column][\/vc_row][vc_section el_id=\u00bbrotate-containers\u00bb css=\u00bb.vc_custom_1692817472416{padding-top: 35px !important;padding-bottom: 35px !important;}\u00bb][vc_row css=\u00bb.vc_custom_1692975134340{padding-bottom: 35px !important;}\u00bb][vc_column width=\u00bb1\/6&#8243; el_class=\u00bbdo-not-show\u00bb][\/vc_column][vc_column width=\u00bb2\/3&#8243;][vc_column_text css_animation=\u00bbfadeInUp\u00bb]<\/p>\n<p style=\"text-align: center;\">Cuando necesite levantar, bajar o colocar una carga pesada m\u00e1s r\u00e1pidamente, Thern est\u00e1 listo para echarle una mano con los cabrestantes manuales m\u00e1s confiables disponibles. Ofrecemos cabrestantes manuales de alta resistencia, cabrestantes manuales port\u00e1tiles y cabrestantes de manivela que le ayudan a trabajar de forma m\u00e1s r\u00e1pida y eficiente. Nuestros cabrestantes manuales con engranaje helicoidal y engranaje recto est\u00e1n dise\u00f1ados para funcionar mejor y durar m\u00e1s sin importar cu\u00e1l sea su aplicaci\u00f3n. Desde la construcci\u00f3n hasta el sector mar\u00edtimo, la fabricaci\u00f3n y m\u00e1s, nuestros cabrestantes manuales est\u00e1n fabricados de forma resistente para satisfacer las demandas del trabajo en cualquier entorno.<\/p>\n<p>[\/vc_column_text][\/vc_column][vc_column width=\u00bb1\/6&#8243; el_class=\u00bbdo-not-show\u00bb][\/vc_column][\/vc_row][vc_row el_id=\u00bbproduct-change\u00bb][vc_column css_animation=\u00bbfadeInUp\u00bb][vc_row_inner el_class=\u00bbheadline-container\u00bb][vc_column_inner width=\u00bb1\/4&#8243;][vc_custom_heading text=\u00bbSpur Gear Serie<br \/>\nHasta 2000 libras\u00bb font_container=\u00bbtag:h6|text_align:center|color:%23990000&#8243; use_theme_fonts=\u00bbyes\u00bb css=\u00bb.vc_custom_1696967524214{margin-bottom: 0px !important;}\u00bb el_class=\u00bbheadline-one active\u00bb][\/vc_column_inner][vc_column_inner width=\u00bb1\/4&#8243;][vc_custom_heading text=\u00bbSpur Gear Serie<br \/>\nHasta 10000 libras\u00bb font_container=\u00bbtag:h6|text_align:center|color:%23990000&#8243; use_theme_fonts=\u00bbyes\u00bb css=\u00bb.vc_custom_1696967533595{margin-bottom: 0px !important;}\u00bb el_class=\u00bbheadline-two\u00bb][\/vc_column_inner][vc_column_inner width=\u00bb1\/4&#8243;][vc_custom_heading text=\u00bbWorm Gear Serie<br \/>\nHasta 2000 libras\u00bb font_container=\u00bbtag:h6|text_align:center|color:%23990000&#8243; use_theme_fonts=\u00bbyes\u00bb css=\u00bb.vc_custom_1696967543818{margin-bottom: 0px !important;}\u00bb el_class=\u00bbheadline-three\u00bb][\/vc_column_inner][vc_column_inner width=\u00bb1\/4&#8243;][vc_custom_heading text=\u00bbWorm Gear Serie<br \/>\nHasta 4600 libras\u00bb font_container=\u00bbtag:h6|text_align:center|color:%23990000&#8243; use_theme_fonts=\u00bbyes\u00bb css=\u00bb.vc_custom_1696967556498{margin-bottom: 0px !important;}\u00bb el_class=\u00bbheadline-four\u00bb][\/vc_column_inner][\/vc_row_inner][\/vc_column][\/vc_row][vc_row css_animation=\u00bbfadeIn\u00bb el_class=\u00bbcontainer-one active\u00bb el_id=\u00bbcontainer-one\u00bb][vc_column][vc_single_image image=\u00bb23053&#8243; img_size=\u00bbfull\u00bb alignment=\u00bbcenter\u00bb][vc_row_inner][vc_column_inner width=\u00bb1\/2&#8243;][vc_column_text el_class=\u00bbcontent-one active\u00bb]<\/p>\n<h3><span style=\"color: #900000;\">M4022-PB &amp; M4312-PB Cabrestantes manuales<\/span><\/h3>\n<p><strong><span style=\"color: #900000;\">SPUR GEAR SERIE<\/span><\/strong><br \/>\n<strong><span style=\"color: #900000;\">Capacidad de hasta 2000 libras<\/span><\/strong>[\/vc_column_text][\/vc_column_inner][vc_column_inner width=\u00bb1\/2&#8243;][vc_btn title=\u00bbExplorar Spur Gear Serie\u00bb style=\u00bbcustom\u00bb custom_background=\u00bb#c71a32&#8243; custom_text=\u00bb#ffffff\u00bb shape=\u00bbsquare\u00bb size=\u00bblg\u00bb align=\u00bbcenter\u00bb i_align=\u00bbright\u00bb i_icon_fontawesome=\u00bbfas fa-angle-right\u00bb add_icon=\u00bbtrue\u00bb el_class=\u00bbbutton-one active\u00bb link=\u00bburl:%2Fes%2Fwinches%2Fhand-winches%2Fspur-gear-series-2000-lb%2F|title:Explore%20Spur%20Gear%20Series\u00bb][vc_btn title=\u00bbExplorar todos los cabrestantes\u00bb style=\u00bbcustom\u00bb custom_background=\u00bb#666666&#8243; custom_text=\u00bb#ffffff\u00bb shape=\u00bbsquare\u00bb size=\u00bblg\u00bb align=\u00bbcenter\u00bb i_align=\u00bbright\u00bb i_icon_fontawesome=\u00bbfas fa-angle-right\u00bb add_icon=\u00bbtrue\u00bb el_class=\u00bbbutton-one active grey-btn\u00bb link=\u00bburl:%2Fes%2Fwinches%2F|title:Hand%20Winches\u00bb][\/vc_column_inner][\/vc_row_inner][\/vc_column][\/vc_row][vc_row css_animation=\u00bbfadeIn\u00bb el_class=\u00bbcontainer-two\u00bb el_id=\u00bbcontainer-two\u00bb][vc_column][vc_single_image image=\u00bb23062&#8243; img_size=\u00bbfull\u00bb alignment=\u00bbcenter\u00bb][vc_row_inner][vc_column_inner width=\u00bb1\/2&#8243;][vc_column_text el_class=\u00bbcontent-one active\u00bb]<\/p>\n<h3><span style=\"color: #900000;\">M492 &amp; M452B Cabrestantes manuales<\/span><\/h3>\n<p><strong><span style=\"color: #900000;\">SPUR GEAR SERIE<\/span><\/strong><br \/>\n<strong><span style=\"color: #900000;\">Capacidad de hasta 10,000 lb<\/span><\/strong>[\/vc_column_text][\/vc_column_inner][vc_column_inner width=\u00bb1\/2&#8243;][vc_btn title=\u00bbExplorar Spur Gear Serie\u00bb style=\u00bbcustom\u00bb custom_background=\u00bb#c71a32&#8243; custom_text=\u00bb#ffffff\u00bb shape=\u00bbsquare\u00bb size=\u00bblg\u00bb align=\u00bbcenter\u00bb i_align=\u00bbright\u00bb i_icon_fontawesome=\u00bbfas fa-angle-right\u00bb add_icon=\u00bbtrue\u00bb el_class=\u00bbbutton-one active\u00bb link=\u00bburl:%2Fes%2Fwinches%2Fhand-winches%2Fspur-gear-series-10000-lb%2F|title:Explore%20Spur%20Gear%20Series\u00bb][vc_btn title=\u00bbExplorar todos los cabrestantes\u00bb style=\u00bbcustom\u00bb custom_background=\u00bb#666666&#8243; custom_text=\u00bb#ffffff\u00bb shape=\u00bbsquare\u00bb size=\u00bblg\u00bb align=\u00bbcenter\u00bb i_align=\u00bbright\u00bb i_icon_fontawesome=\u00bbfas fa-angle-right\u00bb add_icon=\u00bbtrue\u00bb el_class=\u00bbbutton-one active grey-btn\u00bb link=\u00bburl:%2Fes%2Fwinches%2F|title:Hand%20Winches\u00bb][\/vc_column_inner][\/vc_row_inner][\/vc_column][\/vc_row][vc_row css_animation=\u00bbfadeIn\u00bb el_class=\u00bbcontainer-three\u00bb el_id=\u00bbcontainer-three\u00bb][vc_column][vc_single_image image=\u00bb23069&#8243; img_size=\u00bbfull\u00bb alignment=\u00bbcenter\u00bb][vc_row_inner][vc_column_inner width=\u00bb1\/2&#8243;][vc_column_text el_class=\u00bbcontent-one active\u00bb]<\/p>\n<h3><span style=\"color: #900000;\">M465 &amp; 4WM2 Cabrestantes manuales<\/span><\/h3>\n<p><strong><span style=\"color: #900000;\">WORM GEAR SERIE<\/span><\/strong><br \/>\n<strong><span style=\"color: #900000;\">Capacidad de hasta 2000 libras<\/span><\/strong>[\/vc_column_text][\/vc_column_inner][vc_column_inner width=\u00bb1\/2&#8243;][vc_btn title=\u00bbExplorar Worm Gear Serie\u00bb style=\u00bbcustom\u00bb custom_background=\u00bb#c71a32&#8243; custom_text=\u00bb#ffffff\u00bb shape=\u00bbsquare\u00bb size=\u00bblg\u00bb align=\u00bbcenter\u00bb i_align=\u00bbright\u00bb i_icon_fontawesome=\u00bbfas fa-angle-right\u00bb add_icon=\u00bbtrue\u00bb el_class=\u00bbbutton-one active\u00bb link=\u00bburl:%2Fes%2Fwinches%2Fhand-winches%2Fworm-gear-series-2000-lb%2F|title:Explore%20Worm%20Gear%20Series\u00bb][vc_btn title=\u00bbExplorar todos los cabrestantes\u00bb style=\u00bbcustom\u00bb custom_background=\u00bb#666666&#8243; custom_text=\u00bb#ffffff\u00bb shape=\u00bbsquare\u00bb size=\u00bblg\u00bb align=\u00bbcenter\u00bb i_align=\u00bbright\u00bb i_icon_fontawesome=\u00bbfas fa-angle-right\u00bb add_icon=\u00bbtrue\u00bb el_class=\u00bbbutton-one active grey-btn\u00bb link=\u00bburl:%2Fes%2Fwinches%2F|title:Hand%20Winches\u00bb][\/vc_column_inner][\/vc_row_inner][\/vc_column][\/vc_row][vc_row css_animation=\u00bbfadeIn\u00bb el_class=\u00bbcontainer-four\u00bb el_id=\u00bbcontainer-four\u00bb][vc_column][vc_single_image image=\u00bb23079&#8243; img_size=\u00bbfull\u00bb alignment=\u00bbcenter\u00bb][vc_row_inner][vc_column_inner width=\u00bb1\/2&#8243;][vc_column_text el_class=\u00bbcontent-one active\u00bb]<\/p>\n<h3><span style=\"color: #900000;\">2W40 Cabrestante manual<\/span><\/h3>\n<p><strong><span style=\"color: #900000;\">WORM GEAR SERIE<\/span><\/strong><br \/>\n<strong><span style=\"color: #900000;\">Capacidad de hasta 4,600 lb<\/span><\/strong>[\/vc_column_text][\/vc_column_inner][vc_column_inner width=\u00bb1\/2&#8243;][vc_btn title=\u00bbExplorar Worm Gear Serie\u00bb style=\u00bbcustom\u00bb custom_background=\u00bb#c71a32&#8243; custom_text=\u00bb#ffffff\u00bb shape=\u00bbsquare\u00bb size=\u00bblg\u00bb align=\u00bbcenter\u00bb i_align=\u00bbright\u00bb i_icon_fontawesome=\u00bbfas fa-angle-right\u00bb add_icon=\u00bbtrue\u00bb el_class=\u00bbbutton-one active\u00bb link=\u00bburl:%2Fes%2Fwinches%2Fhand-winches%2Fworm-gear-series-4600-lb%2F|title:Explore%20Worm%20Gear%20Series\u00bb][vc_btn title=\u00bbExplorar todos los cabrestantes\u00bb style=\u00bbcustom\u00bb custom_background=\u00bb#666666&#8243; custom_text=\u00bb#ffffff\u00bb shape=\u00bbsquare\u00bb size=\u00bblg\u00bb align=\u00bbcenter\u00bb i_align=\u00bbright\u00bb i_icon_fontawesome=\u00bbfas fa-angle-right\u00bb add_icon=\u00bbtrue\u00bb el_class=\u00bbbutton-one active grey-btn\u00bb link=\u00bburl:%2Fes%2Fwinches%2F|title:Hand%20Winches\u00bb][\/vc_column_inner][\/vc_row_inner][\/vc_column][\/vc_row][\/vc_section][vc_row full_width=\u00bbstretch_row\u00bb css=\u00bb.vc_custom_1689696517169{padding-top: 35px !important;padding-bottom: 35px !important;background-color: #ececec !important;}\u00bb][vc_column][vc_custom_heading text=\u00bb\u00bfNo ves lo que est\u00e1s buscando?\u00bb font_container=\u00bbtag:h2|text_align:center|color:%230a0a0a\u00bb use_theme_fonts=\u00bbyes\u00bb css_animation=\u00bbfadeInUp\u00bb css=\u00bb.vc_custom_1696804726074{margin-bottom: 0px !important;}\u00bb][\/vc_column][vc_column width=\u00bb1\/6&#8243; el_class=\u00bbdo-not-show\u00bb][\/vc_column][vc_column css_animation=\u00bbfadeInUp\u00bb width=\u00bb2\/3&#8243;][vc_column_text]<\/p>\n<p style=\"text-align: center;\">Si tiene necesidades especiales de productos, \u00a1simplemente ll\u00e1menos! Nuestros equipos de ingenier\u00eda y producci\u00f3n son expertos en modificar modelos existentes y dise\u00f1ar un cabrestante personalizado para sus necesidades espec\u00edficas. De hecho, m\u00e1s del 60% de nuestro negocio involucra ingenier\u00eda personalizada, as\u00ed que no dude en contactarnos si no ve lo que desea en nuestro sitio o en nuestro cat\u00e1logo. Nos especializamos en entregar r\u00e1pidamente pedidos personalizados.<\/p>\n<p>[\/vc_column_text][vc_btn title=\u00bbServicios de ingenier\u00eda personalizados\u00bb style=\u00bbcustom\u00bb custom_background=\u00bb#c71a32&#8243; custom_text=\u00bb#ffffff\u00bb shape=\u00bbsquare\u00bb size=\u00bblg\u00bb align=\u00bbcenter\u00bb i_align=\u00bbright\u00bb i_icon_fontawesome=\u00bbfas fa-angle-right\u00bb add_icon=\u00bbtrue\u00bb link=\u00bburl:%2Fes%2Fcustom-engineering-services%2F|title:Custom%20Engineering%20Services\u00bb][\/vc_column][vc_column width=\u00bb1\/6&#8243; el_class=\u00bbdo-not-show\u00bb][\/vc_column][\/vc_row]<\/p>\n<\/div>","protected":false},"excerpt":{"rendered":"<p>[vc_section full_width=\u00bbstretch_row\u00bb content_placement=\u00bbmiddle\u00bb css=\u00bb.vc_custom_1692975222755{padding-top: 0px !important;background-image: url(https:\/\/thern.com\/wp-content\/uploads\/2023\/08\/Thern_Winches-Hero.jpg?id=22442) !important;background-position: center !important;background-repeat: no-repeat !important;background-size: cover !important;}\u00bb][vc_row full_width=\u00bbstretch_row\u00bb css=\u00bb.vc_custom_1692975215444{padding-top: 50px !important;padding-bottom: 70px !important;background-color: rgba(0,0,0,0.5) !important;*background-color: rgb(0,0,0) !important;}\u00bb][vc_column][vc_custom_heading text=\u00bbCabrestantes manuales\u00bb font_container=\u00bbtag:h1|text_align:left|color:%23ffffff\u00bb use_theme_fonts=\u00bbyes\u00bb css_animation=\u00bbfadeInLeft\u00bb][\/vc_column][\/vc_row][\/vc_section][vc_row full_width=\u00bbstretch_row\u00bb equal_height=\u00bbyes\u00bb content_placement=\u00bbmiddle\u00bb css=\u00bb.vc_custom_1689180629506{padding-bottom: 35px !important;background-color: #c71a32 !important;}\u00bb][vc_column css_animation=\u00bbfadeInLeft\u00bb width=\u00bb1\/2&#8243;][vc_custom_heading text=\u00bbThern Cabrestantes\u00bb font_container=\u00bbtag:h2|text_align:left|color:%23ffffff\u00bb use_theme_fonts=\u00bbyes\u00bb][vc_custom_heading text=\u00bbTire, levante, coloque y tense con confianza\u00bb font_container=\u00bbtag:h3|text_align:left|color:%23ffffff\u00bb use_theme_fonts=\u00bbyes\u00bb][\/vc_column][vc_column width=\u00bb1\/2&#8243; el_class=\u00bbdo-not-show\u00bb][\/vc_column][\/vc_row][vc_section el_id=\u00bbrotate-containers\u00bb &#8230; <a title=\"Hand Winches\" class=\"read-more\" href=\"https:\/\/thern.com\/es\/winches\/hand-winches\/\" aria-label=\"More on Hand Winches\">Read more<\/a><\/p>\n","protected":false},"author":1,"featured_media":0,"parent":30943,"menu_order":0,"comment_status":"closed","ping_status":"closed","template":"","meta":{"footnotes":""},"class_list":["post-32484","page","type-page","status-publish"],"yoast_head":"<!-- This site is optimized with the Yoast SEO plugin v27.3 - https:\/\/yoast.com\/product\/yoast-seo-wordpress\/ -->\n<title>Cabrestantes manuales - Thern Cabrestantes manuales de servicio pesado | Thern\u00ae Winches &amp; Cranes<\/title>\n<meta name=\"description\" content=\"Los cabrestantes manuales de alta resistencia de Thern est\u00e1n dise\u00f1ados para durar y le brindan el m\u00e1ximo control, precisi\u00f3n y rendimiento. \u00a1Hecho en EE.UU!\" \/>\n<meta name=\"robots\" content=\"index, follow, max-snippet:-1, max-image-preview:large, max-video-preview:-1\" \/>\n<link rel=\"canonical\" href=\"https:\/\/thern.com\/es\/winches\/hand-winches\/\" \/>\n<meta property=\"og:locale\" content=\"es_ES\" \/>\n<meta property=\"og:type\" content=\"article\" \/>\n<meta property=\"og:title\" content=\"Cabrestantes manuales - Thern Cabrestantes manuales de servicio pesado | Thern\u00ae Winches &amp; Cranes\" \/>\n<meta property=\"og:description\" content=\"Los cabrestantes manuales de alta resistencia de Thern est\u00e1n dise\u00f1ados para durar y le brindan el m\u00e1ximo control, precisi\u00f3n y rendimiento. \u00a1Hecho en EE.UU!\" \/>\n<meta property=\"og:url\" content=\"https:\/\/thern.com\/es\/winches\/hand-winches\/\" \/>\n<meta property=\"og:site_name\" content=\"Thern\u00ae Winches &amp; Cranes\" \/>\n<meta property=\"article:publisher\" content=\"https:\/\/www.facebook.com\/ThernInc\/\" \/>\n<meta property=\"article:modified_time\" content=\"2023-10-10T19:55:35+00:00\" \/>\n<meta name=\"twitter:card\" content=\"summary_large_image\" \/>\n<meta name=\"twitter:label1\" content=\"Tiempo de lectura\" \/>\n\t<meta name=\"twitter:data1\" content=\"3 minutos\" \/>\n<script type=\"application\/ld+json\" class=\"yoast-schema-graph\">{\"@context\":\"https:\\\/\\\/schema.org\",\"@graph\":[{\"@type\":\"WebPage\",\"@id\":\"https:\\\/\\\/thern.com\\\/es\\\/winches\\\/hand-winches\\\/\",\"url\":\"https:\\\/\\\/thern.com\\\/es\\\/winches\\\/hand-winches\\\/\",\"name\":\"Cabrestantes manuales - Thern Cabrestantes manuales de servicio pesado | Thern\u00ae Winches &amp; Cranes\",\"isPartOf\":{\"@id\":\"https:\\\/\\\/thern.com\\\/es\\\/#website\"},\"datePublished\":\"2023-08-22T20:26:05+00:00\",\"dateModified\":\"2023-10-10T19:55:35+00:00\",\"description\":\"Los cabrestantes manuales de alta resistencia de Thern est\u00e1n dise\u00f1ados para durar y le brindan el m\u00e1ximo control, precisi\u00f3n y rendimiento. \u00a1Hecho en EE.UU!\",\"breadcrumb\":{\"@id\":\"https:\\\/\\\/thern.com\\\/es\\\/winches\\\/hand-winches\\\/#breadcrumb\"},\"inLanguage\":\"es\",\"potentialAction\":[{\"@type\":\"ReadAction\",\"target\":[\"https:\\\/\\\/thern.com\\\/es\\\/winches\\\/hand-winches\\\/\"]}]},{\"@type\":\"BreadcrumbList\",\"@id\":\"https:\\\/\\\/thern.com\\\/es\\\/winches\\\/hand-winches\\\/#breadcrumb\",\"itemListElement\":[{\"@type\":\"ListItem\",\"position\":1,\"name\":\"Home\",\"item\":\"https:\\\/\\\/thern.com\\\/es\\\/\"},{\"@type\":\"ListItem\",\"position\":2,\"name\":\"Winches\",\"item\":\"https:\\\/\\\/thern.com\\\/es\\\/winches\\\/\"},{\"@type\":\"ListItem\",\"position\":3,\"name\":\"Hand Winches\"}]},{\"@type\":\"WebSite\",\"@id\":\"https:\\\/\\\/thern.com\\\/es\\\/#website\",\"url\":\"https:\\\/\\\/thern.com\\\/es\\\/\",\"name\":\"Thern\u00ae Winches &amp; Cranes\",\"description\":\"Leave the Heavy Lifting to Us\",\"publisher\":{\"@id\":\"https:\\\/\\\/thern.com\\\/es\\\/#organization\"},\"potentialAction\":[{\"@type\":\"SearchAction\",\"target\":{\"@type\":\"EntryPoint\",\"urlTemplate\":\"https:\\\/\\\/thern.com\\\/es\\\/?s={search_term_string}\"},\"query-input\":{\"@type\":\"PropertyValueSpecification\",\"valueRequired\":true,\"valueName\":\"search_term_string\"}}],\"inLanguage\":\"es\"},{\"@type\":\"Organization\",\"@id\":\"https:\\\/\\\/thern.com\\\/es\\\/#organization\",\"name\":\"Thern\u00ae Winches &amp; Cranes\",\"url\":\"https:\\\/\\\/thern.com\\\/es\\\/\",\"logo\":{\"@type\":\"ImageObject\",\"inLanguage\":\"es\",\"@id\":\"https:\\\/\\\/thern.com\\\/es\\\/#\\\/schema\\\/logo\\\/image\\\/\",\"url\":\"https:\\\/\\\/thern.com\\\/wp-content\\\/uploads\\\/2023\\\/11\\\/Logo_SaveForWeb-outline-FINAL-01.svg\",\"contentUrl\":\"https:\\\/\\\/thern.com\\\/wp-content\\\/uploads\\\/2023\\\/11\\\/Logo_SaveForWeb-outline-FINAL-01.svg\",\"caption\":\"Thern\u00ae Winches &amp; Cranes\"},\"image\":{\"@id\":\"https:\\\/\\\/thern.com\\\/es\\\/#\\\/schema\\\/logo\\\/image\\\/\"},\"sameAs\":[\"https:\\\/\\\/www.facebook.com\\\/ThernInc\\\/\",\"https:\\\/\\\/www.linkedin.com\\\/company\\\/thern-inc-\\\/\",\"https:\\\/\\\/www.youtube.com\\\/user\\\/ThernStage\"]}]}<\/script>\n<!-- \/ Yoast SEO plugin. -->","yoast_head_json":{"title":"Cabrestantes manuales - Thern Cabrestantes manuales de servicio pesado | Thern\u00ae Winches &amp; Cranes","description":"Los cabrestantes manuales de alta resistencia de Thern est\u00e1n dise\u00f1ados para durar y le brindan el m\u00e1ximo control, precisi\u00f3n y rendimiento. \u00a1Hecho en EE.UU!","robots":{"index":"index","follow":"follow","max-snippet":"max-snippet:-1","max-image-preview":"max-image-preview:large","max-video-preview":"max-video-preview:-1"},"canonical":"https:\/\/thern.com\/es\/winches\/hand-winches\/","og_locale":"es_ES","og_type":"article","og_title":"Cabrestantes manuales - Thern Cabrestantes manuales de servicio pesado | Thern\u00ae Winches &amp; Cranes","og_description":"Los cabrestantes manuales de alta resistencia de Thern est\u00e1n dise\u00f1ados para durar y le brindan el m\u00e1ximo control, precisi\u00f3n y rendimiento. \u00a1Hecho en EE.UU!","og_url":"https:\/\/thern.com\/es\/winches\/hand-winches\/","og_site_name":"Thern\u00ae Winches &amp; Cranes","article_publisher":"https:\/\/www.facebook.com\/ThernInc\/","article_modified_time":"2023-10-10T19:55:35+00:00","twitter_card":"summary_large_image","twitter_misc":{"Tiempo de lectura":"3 minutos"},"schema":{"@context":"https:\/\/schema.org","@graph":[{"@type":"WebPage","@id":"https:\/\/thern.com\/es\/winches\/hand-winches\/","url":"https:\/\/thern.com\/es\/winches\/hand-winches\/","name":"Cabrestantes manuales - Thern Cabrestantes manuales de servicio pesado | Thern\u00ae Winches &amp; Cranes","isPartOf":{"@id":"https:\/\/thern.com\/es\/#website"},"datePublished":"2023-08-22T20:26:05+00:00","dateModified":"2023-10-10T19:55:35+00:00","description":"Los cabrestantes manuales de alta resistencia de Thern est\u00e1n dise\u00f1ados para durar y le brindan el m\u00e1ximo control, precisi\u00f3n y rendimiento. \u00a1Hecho en EE.UU!","breadcrumb":{"@id":"https:\/\/thern.com\/es\/winches\/hand-winches\/#breadcrumb"},"inLanguage":"es","potentialAction":[{"@type":"ReadAction","target":["https:\/\/thern.com\/es\/winches\/hand-winches\/"]}]},{"@type":"BreadcrumbList","@id":"https:\/\/thern.com\/es\/winches\/hand-winches\/#breadcrumb","itemListElement":[{"@type":"ListItem","position":1,"name":"Home","item":"https:\/\/thern.com\/es\/"},{"@type":"ListItem","position":2,"name":"Winches","item":"https:\/\/thern.com\/es\/winches\/"},{"@type":"ListItem","position":3,"name":"Hand Winches"}]},{"@type":"WebSite","@id":"https:\/\/thern.com\/es\/#website","url":"https:\/\/thern.com\/es\/","name":"Thern\u00ae Winches &amp; Cranes","description":"Leave the Heavy Lifting to Us","publisher":{"@id":"https:\/\/thern.com\/es\/#organization"},"potentialAction":[{"@type":"SearchAction","target":{"@type":"EntryPoint","urlTemplate":"https:\/\/thern.com\/es\/?s={search_term_string}"},"query-input":{"@type":"PropertyValueSpecification","valueRequired":true,"valueName":"search_term_string"}}],"inLanguage":"es"},{"@type":"Organization","@id":"https:\/\/thern.com\/es\/#organization","name":"Thern\u00ae Winches &amp; Cranes","url":"https:\/\/thern.com\/es\/","logo":{"@type":"ImageObject","inLanguage":"es","@id":"https:\/\/thern.com\/es\/#\/schema\/logo\/image\/","url":"https:\/\/thern.com\/wp-content\/uploads\/2023\/11\/Logo_SaveForWeb-outline-FINAL-01.svg","contentUrl":"https:\/\/thern.com\/wp-content\/uploads\/2023\/11\/Logo_SaveForWeb-outline-FINAL-01.svg","caption":"Thern\u00ae Winches &amp; Cranes"},"image":{"@id":"https:\/\/thern.com\/es\/#\/schema\/logo\/image\/"},"sameAs":["https:\/\/www.facebook.com\/ThernInc\/","https:\/\/www.linkedin.com\/company\/thern-inc-\/","https:\/\/www.youtube.com\/user\/ThernStage"]}]}},"_links":{"self":[{"href":"https:\/\/thern.com\/es\/wp-json\/wp\/v2\/pages\/32484","targetHints":{"allow":["GET"]}}],"collection":[{"href":"https:\/\/thern.com\/es\/wp-json\/wp\/v2\/pages"}],"about":[{"href":"https:\/\/thern.com\/es\/wp-json\/wp\/v2\/types\/page"}],"author":[{"embeddable":true,"href":"https:\/\/thern.com\/es\/wp-json\/wp\/v2\/users\/1"}],"replies":[{"embeddable":true,"href":"https:\/\/thern.com\/es\/wp-json\/wp\/v2\/comments?post=32484"}],"version-history":[{"count":0,"href":"https:\/\/thern.com\/es\/wp-json\/wp\/v2\/pages\/32484\/revisions"}],"up":[{"embeddable":true,"href":"https:\/\/thern.com\/es\/wp-json\/wp\/v2\/pages\/30943"}],"wp:attachment":[{"href":"https:\/\/thern.com\/es\/wp-json\/wp\/v2\/media?parent=32484"}],"curies":[{"name":"wp","href":"https:\/\/api.w.org\/{rel}","templated":true}]}}