{"id":32381,"date":"2023-08-28T16:56:18","date_gmt":"2023-08-28T16:56:18","guid":{"rendered":"https:\/\/therninc.wpenginepowered.com\/industries\/bulk-material-handling\/"},"modified":"2023-10-09T19:31:48","modified_gmt":"2023-10-09T19:31:48","slug":"bulk-material-handling","status":"publish","type":"page","link":"https:\/\/thern.com\/es\/industries\/bulk-material-handling\/","title":{"rendered":"Bulk Material Handling"},"content":{"rendered":"<div class=\"wpb-content-wrapper\"><p>[vc_section full_width=\u00bbstretch_row\u00bb content_placement=\u00bbmiddle\u00bb css=\u00bb.vc_custom_1693243763362{padding-top: 0px !important;background-image: url(https:\/\/thern.com\/wp-content\/uploads\/2023\/08\/Thern-Industry-Header-Banners-Bulk-Handing-.jpg?id=23436) !important;background-position: center !important;background-repeat: no-repeat !important;background-size: cover !important;}\u00bb][vc_row full_width=\u00bbstretch_row\u00bb css=\u00bb.vc_custom_1691686038929{padding-top: 50px !important;padding-bottom: 70px !important;background-color: rgba(0,0,0,0.35) !important;*background-color: rgb(0,0,0) !important;}\u00bb][vc_column][vc_custom_heading text=\u00bbManejo de materiales a granel\u00bb font_container=\u00bbtag:h1|text_align:left|color:%23ffffff\u00bb use_theme_fonts=\u00bbyes\u00bb css_animation=\u00bbfadeInLeft\u00bb][\/vc_column][\/vc_row][\/vc_section][vc_row full_width=\u00bbstretch_row\u00bb equal_height=\u00bbyes\u00bb content_placement=\u00bbmiddle\u00bb css=\u00bb.vc_custom_1689180629506{padding-bottom: 35px !important;background-color: #c71a32 !important;}\u00bb][vc_column css_animation=\u00bbfadeInLeft\u00bb width=\u00bb2\/3&#8243;][vc_custom_heading text=\u00bbGr\u00faas y cabrestantes para manipulaci\u00f3n de materiales a granel\u00bb font_container=\u00bbtag:h2|text_align:left|color:%23ffffff\u00bb use_theme_fonts=\u00bbyes\u00bb][\/vc_column][vc_column width=\u00bb1\/3&#8243; el_class=\u00bbdo-not-show\u00bb][\/vc_column][\/vc_row][vc_row css=\u00bb.vc_custom_1691698080911{padding-top: 15px !important;}\u00bb][vc_column width=\u00bb1\/6&#8243; el_class=\u00bbdo-not-show\u00bb][\/vc_column][vc_column css_animation=\u00bbfadeInUp\u00bb width=\u00bb2\/3&#8243;][vc_column_text]<\/p>\n<p style=\"text-align: center;\">En patios ferroviarios, astilleros o donde se necesite equipo de elevaci\u00f3n de materiales a granel, los cabrestantes el\u00e9ctricos de Thern brindan la potencia y el control necesarios para un manejo confiable de cargas pesadas y materiales a granel. Nuestra amplia oferta de productos, incluidas gr\u00faas y cabrestantes para materiales a granel, brindan la mejor soluci\u00f3n para su aplicaci\u00f3n, lo que le ahorra a su operaci\u00f3n tiempo y dinero valiosos.<\/p>\n<p style=\"text-align: center;\">Explore las gr\u00faas y cabrestantes personalizados que hemos desarrollado para aplicaciones de manipulaci\u00f3n de materiales a granel a continuaci\u00f3n.<\/p>\n<p>[\/vc_column_text][\/vc_column][vc_column width=\u00bb1\/6&#8243; el_class=\u00bbdo-not-show\u00bb][\/vc_column][\/vc_row][vc_section el_id=\u00bbrotate-containers\u00bb css=\u00bb.vc_custom_1692817472416{padding-top: 35px !important;padding-bottom: 35px !important;}\u00bb][vc_row css_animation=\u00bbfadeInUp\u00bb el_id=\u00bbproduct-change\u00bb][vc_column][vc_row_inner el_class=\u00bbheadline-container\u00bb][vc_column_inner width=\u00bb1\/3&#8243;][vc_custom_heading text=\u00bbCabrestantes de recogida del transportador\u00bb font_container=\u00bbtag:h6|text_align:left|color:%23990000&#8243; use_theme_fonts=\u00bbyes\u00bb css=\u00bb.vc_custom_1696879739889{margin-bottom: 0px !important;}\u00bb el_class=\u00bbheadline-one active\u00bb][\/vc_column_inner][vc_column_inner width=\u00bb1\/3&#8243;][vc_custom_heading text=\u00bbCabrestantes de posicionamiento de barcazas\u00bb font_container=\u00bbtag:h6|text_align:left|color:%23990000&#8243; use_theme_fonts=\u00bbyes\u00bb css=\u00bb.vc_custom_1696879746347{margin-bottom: 0px !important;}\u00bb el_class=\u00bbheadline-two\u00bb][\/vc_column_inner][vc_column_inner width=\u00bb1\/3&#8243;][vc_custom_heading text=\u00bbCabrestantes de posicionamiento de vagones\u00bb font_container=\u00bbtag:h6|text_align:left|color:%23990000&#8243; use_theme_fonts=\u00bbyes\u00bb css=\u00bb.vc_custom_1696879752091{margin-bottom: 0px !important;}\u00bb el_class=\u00bbheadline-three\u00bb][\/vc_column_inner][vc_column_inner width=\u00bb1\/3&#8243;][vc_custom_heading text=\u00bbGr\u00faas utilitarias para silos de elevaci\u00f3n larga\u00bb font_container=\u00bbtag:h6|text_align:left|color:%23990000&#8243; use_theme_fonts=\u00bbyes\u00bb css=\u00bb.vc_custom_1696879758259{margin-bottom: 0px !important;}\u00bb el_class=\u00bbheadline-four\u00bb][\/vc_column_inner][vc_column_inner width=\u00bb1\/3&#8243;][vc_custom_heading text=\u00bbCabrestantes de rampa de carga\u00bb font_container=\u00bbtag:h6|text_align:left|color:%23990000&#8243; use_theme_fonts=\u00bbyes\u00bb css=\u00bb.vc_custom_1696879764562{margin-bottom: 0px !important;}\u00bb el_class=\u00bbheadline-five\u00bb][\/vc_column_inner][vc_column_inner width=\u00bb1\/3&#8243;][vc_custom_heading text=\u00bbCabrestantes apiladores radiales\u00bb font_container=\u00bbtag:h6|text_align:left|color:%23990000&#8243; use_theme_fonts=\u00bbyes\u00bb css=\u00bb.vc_custom_1696879769992{margin-bottom: 0px !important;}\u00bb el_class=\u00bbheadline-six\u00bb][\/vc_column_inner][\/vc_row_inner][\/vc_column][\/vc_row][vc_row css_animation=\u00bbfadeInUp\u00bb el_class=\u00bbcontainer-one active\u00bb el_id=\u00bbcontainer-one\u00bb][vc_column][vc_single_image image=\u00bb28783&#8243; img_size=\u00bbfull\u00bb alignment=\u00bbcenter\u00bb][vc_row_inner][vc_column_inner width=\u00bb1\/2&#8243;][vc_column_text el_class=\u00bbcontent-one active\u00bb]<\/p>\n<h3><span style=\"color: #900000;\">Cabrestante de recogida del transportador<\/span><\/h3>\n<p>[\/vc_column_text][\/vc_column_inner][vc_column_inner width=\u00bb1\/2&#8243;][vc_btn title=\u00bbAprende m\u00e1s\u00bb style=\u00bbcustom\u00bb custom_background=\u00bb#c71a32&#8243; custom_text=\u00bb#ffffff\u00bb shape=\u00bbsquare\u00bb size=\u00bblg\u00bb align=\u00bbcenter\u00bb i_align=\u00bbright\u00bb i_icon_fontawesome=\u00bbfas fa-angle-right\u00bb add_icon=\u00bbtrue\u00bb el_class=\u00bbbutton-one active\u00bb link=\u00bburl:%2Fes%2Findustries%2Fbulk-material-handling%2Fconveyor-take-up-winches%2F|title:Explore%20Conveyor%20Winches\u00bb][\/vc_column_inner][\/vc_row_inner][\/vc_column][\/vc_row][vc_row el_class=\u00bbcontainer-two\u00bb el_id=\u00bbcontainer-two\u00bb][vc_column][vc_single_image image=\u00bb23422&#8243; img_size=\u00bbfull\u00bb alignment=\u00bbcenter\u00bb][vc_row_inner][vc_column_inner width=\u00bb1\/2&#8243;][vc_column_text el_class=\u00bbcontent-one active\u00bb]<\/p>\n<h3><span style=\"color: #900000;\">Cabrestante de posicionamiento de barcazas<\/span><\/h3>\n<p>[\/vc_column_text][\/vc_column_inner][vc_column_inner width=\u00bb1\/2&#8243;][vc_btn title=\u00bbAprende m\u00e1s\u00bb style=\u00bbcustom\u00bb custom_background=\u00bb#c71a32&#8243; custom_text=\u00bb#ffffff\u00bb shape=\u00bbsquare\u00bb size=\u00bblg\u00bb align=\u00bbcenter\u00bb i_align=\u00bbright\u00bb i_icon_fontawesome=\u00bbfas fa-angle-right\u00bb add_icon=\u00bbtrue\u00bb el_class=\u00bbbutton-one active\u00bb link=\u00bburl:%2Fes%2Findustries%2Fbulk-material-handling%2Fbarge-positioning-winches%2F|title:Explore%20Barge%20Positioning%20Winches\u00bb][\/vc_column_inner][\/vc_row_inner][\/vc_column][\/vc_row][vc_row el_class=\u00bbcontainer-three\u00bb el_id=\u00bbcontainer-three\u00bb][vc_column][vc_single_image image=\u00bb23421&#8243; img_size=\u00bbfull\u00bb alignment=\u00bbcenter\u00bb][vc_row_inner][vc_column_inner width=\u00bb1\/2&#8243;][vc_column_text el_class=\u00bbcontent-one active\u00bb]<\/p>\n<h3><span style=\"color: #900000;\">Cabrestante de posicionamiento de vagones<\/span><\/h3>\n<p>[\/vc_column_text][\/vc_column_inner][vc_column_inner width=\u00bb1\/2&#8243;][vc_btn title=\u00bbAprende m\u00e1s\u00bb style=\u00bbcustom\u00bb custom_background=\u00bb#c71a32&#8243; custom_text=\u00bb#ffffff\u00bb shape=\u00bbsquare\u00bb size=\u00bblg\u00bb align=\u00bbcenter\u00bb i_align=\u00bbright\u00bb i_icon_fontawesome=\u00bbfas fa-angle-right\u00bb add_icon=\u00bbtrue\u00bb el_class=\u00bbbutton-one active\u00bb link=\u00bburl:%2Fes%2Findustries%2Fbulk-material-handling%2Frail-car-positioning%2F|title:Explore%20Railcar%20Positioning%20Winches\u00bb][\/vc_column_inner][\/vc_row_inner][\/vc_column][\/vc_row][vc_row el_class=\u00bbcontainer-four\u00bb el_id=\u00bbcontainer-four\u00bb][vc_column][vc_single_image image=\u00bb23420&#8243; img_size=\u00bbfull\u00bb alignment=\u00bbcenter\u00bb][vc_row_inner][vc_column_inner width=\u00bb1\/2&#8243;][vc_column_text el_class=\u00bbcontent-one active\u00bb]<\/p>\n<h3><span style=\"color: #900000;\">Gr\u00faa utilitaria para silo de elevaci\u00f3n larga<\/span><\/h3>\n<p>[\/vc_column_text][\/vc_column_inner][vc_column_inner width=\u00bb1\/2&#8243;][vc_btn title=\u00bbAprende m\u00e1s\u00bb style=\u00bbcustom\u00bb custom_background=\u00bb#c71a32&#8243; custom_text=\u00bb#ffffff\u00bb shape=\u00bbsquare\u00bb size=\u00bblg\u00bb align=\u00bbcenter\u00bb i_align=\u00bbright\u00bb i_icon_fontawesome=\u00bbfas fa-angle-right\u00bb add_icon=\u00bbtrue\u00bb el_class=\u00bbbutton-one active\u00bb link=\u00bburl:%2Fes%2Findustries%2Fbulk-material-handling%2Flong-lift-silo-utility-cranes%2F|title:Explore%20Long%20Lift%20Silo%20Utility%20Cranes\u00bb][\/vc_column_inner][\/vc_row_inner][\/vc_column][\/vc_row][vc_row el_class=\u00bbcontainer-five\u00bb el_id=\u00bbcontainer-five\u00bb][vc_column][vc_single_image image=\u00bb23459&#8243; img_size=\u00bbfull\u00bb alignment=\u00bbcenter\u00bb][vc_row_inner][vc_column_inner width=\u00bb1\/2&#8243;][vc_column_text el_class=\u00bbcontent-one active\u00bb]<\/p>\n<h3><span style=\"color: #900000;\">Cabrestante del conducto de carga<\/span><\/h3>\n<p>[\/vc_column_text][\/vc_column_inner][vc_column_inner width=\u00bb1\/2&#8243;][vc_btn title=\u00bbAprende m\u00e1s\u00bb style=\u00bbcustom\u00bb custom_background=\u00bb#c71a32&#8243; custom_text=\u00bb#ffffff\u00bb shape=\u00bbsquare\u00bb size=\u00bblg\u00bb align=\u00bbcenter\u00bb i_align=\u00bbright\u00bb i_icon_fontawesome=\u00bbfas fa-angle-right\u00bb add_icon=\u00bbtrue\u00bb el_class=\u00bbbutton-one active\u00bb link=\u00bburl:%2Fes%2Findustries%2Fbulk-material-handling%2Fload-out-chute-winches%2F|title:Explore%20Load-Out%20Chute%20Winches\u00bb][\/vc_column_inner][\/vc_row_inner][\/vc_column][\/vc_row][vc_row el_class=\u00bbcontainer-six\u00bb el_id=\u00bbcontainer-six\u00bb][vc_column][vc_single_image image=\u00bb23467&#8243; img_size=\u00bbfull\u00bb alignment=\u00bbcenter\u00bb][vc_row_inner][vc_column_inner width=\u00bb1\/2&#8243;][vc_column_text el_class=\u00bbcontent-one active\u00bb]<\/p>\n<h3><span style=\"color: #900000;\">Cabrestante apilador radial<\/span><\/h3>\n<p>[\/vc_column_text][\/vc_column_inner][vc_column_inner width=\u00bb1\/2&#8243;][vc_btn title=\u00bbAprende m\u00e1s\u00bb style=\u00bbcustom\u00bb custom_background=\u00bb#c71a32&#8243; custom_text=\u00bb#ffffff\u00bb shape=\u00bbsquare\u00bb size=\u00bblg\u00bb align=\u00bbcenter\u00bb i_align=\u00bbright\u00bb i_icon_fontawesome=\u00bbfas fa-angle-right\u00bb add_icon=\u00bbtrue\u00bb el_class=\u00bbbutton-one active\u00bb link=\u00bburl:%2Fes%2Findustries%2Fbulk-material-handling%2Fradial-stacker-winches%2F|title:Explore%20Radial%20Stacker%20Winches\u00bb][\/vc_column_inner][\/vc_row_inner][\/vc_column][\/vc_row][\/vc_section][vc_row full_width=\u00bbstretch_row\u00bb css=\u00bb.vc_custom_1689696517169{padding-top: 35px !important;padding-bottom: 35px !important;background-color: #ececec !important;}\u00bb][vc_column][vc_custom_heading text=\u00bb\u00bfNo ves lo que est\u00e1s buscando?\u00bb font_container=\u00bbtag:h2|text_align:center|color:%230a0a0a\u00bb use_theme_fonts=\u00bbyes\u00bb css_animation=\u00bbfadeInUp\u00bb css=\u00bb.vc_custom_1696804726074{margin-bottom: 0px !important;}\u00bb][\/vc_column][vc_column width=\u00bb1\/6&#8243; el_class=\u00bbdo-not-show\u00bb][\/vc_column][vc_column css_animation=\u00bbfadeInUp\u00bb width=\u00bb2\/3&#8243;][vc_column_text]<\/p>\n<p style=\"text-align: center;\">Si tiene necesidades especiales de productos, \u00a1simplemente ll\u00e1menos! Nuestros equipos de ingenier\u00eda y producci\u00f3n son expertos en modificar modelos existentes y dise\u00f1ar un cabrestante personalizado para sus necesidades espec\u00edficas. De hecho, m\u00e1s del 60% de nuestro negocio involucra ingenier\u00eda personalizada, as\u00ed que no dude en contactarnos si no ve lo que desea en nuestro sitio o en nuestro cat\u00e1logo. Nos especializamos en entregar r\u00e1pidamente pedidos personalizados.<\/p>\n<p>[\/vc_column_text][vc_btn title=\u00bbServicios de ingenier\u00eda personalizados\u00bb style=\u00bbcustom\u00bb custom_background=\u00bb#c71a32&#8243; custom_text=\u00bb#ffffff\u00bb shape=\u00bbsquare\u00bb size=\u00bblg\u00bb align=\u00bbcenter\u00bb i_align=\u00bbright\u00bb i_icon_fontawesome=\u00bbfas fa-angle-right\u00bb add_icon=\u00bbtrue\u00bb link=\u00bburl:%2Fes%2Fcustom-engineering-services%2F|title:Custom%20Engineering%20Services\u00bb][\/vc_column][vc_column width=\u00bb1\/6&#8243; el_class=\u00bbdo-not-show\u00bb][\/vc_column][\/vc_row]<\/p>\n<\/div>","protected":false},"excerpt":{"rendered":"<p>[vc_section full_width=\u00bbstretch_row\u00bb content_placement=\u00bbmiddle\u00bb css=\u00bb.vc_custom_1693243763362{padding-top: 0px !important;background-image: url(https:\/\/thern.com\/wp-content\/uploads\/2023\/08\/Thern-Industry-Header-Banners-Bulk-Handing-.jpg?id=23436) !important;background-position: center !important;background-repeat: no-repeat !important;background-size: cover !important;}\u00bb][vc_row full_width=\u00bbstretch_row\u00bb css=\u00bb.vc_custom_1691686038929{padding-top: 50px !important;padding-bottom: 70px !important;background-color: rgba(0,0,0,0.35) !important;*background-color: rgb(0,0,0) !important;}\u00bb][vc_column][vc_custom_heading text=\u00bbManejo de materiales a granel\u00bb font_container=\u00bbtag:h1|text_align:left|color:%23ffffff\u00bb use_theme_fonts=\u00bbyes\u00bb css_animation=\u00bbfadeInLeft\u00bb][\/vc_column][\/vc_row][\/vc_section][vc_row full_width=\u00bbstretch_row\u00bb equal_height=\u00bbyes\u00bb content_placement=\u00bbmiddle\u00bb css=\u00bb.vc_custom_1689180629506{padding-bottom: 35px !important;background-color: #c71a32 !important;}\u00bb][vc_column css_animation=\u00bbfadeInLeft\u00bb width=\u00bb2\/3&#8243;][vc_custom_heading text=\u00bbGr\u00faas y cabrestantes para manipulaci\u00f3n de materiales a granel\u00bb font_container=\u00bbtag:h2|text_align:left|color:%23ffffff\u00bb use_theme_fonts=\u00bbyes\u00bb][\/vc_column][vc_column width=\u00bb1\/3&#8243; el_class=\u00bbdo-not-show\u00bb][\/vc_column][\/vc_row][vc_row &#8230; <a title=\"Bulk Material Handling\" class=\"read-more\" href=\"https:\/\/thern.com\/es\/industries\/bulk-material-handling\/\" aria-label=\"More on Bulk Material Handling\">Read more<\/a><\/p>\n","protected":false},"author":1,"featured_media":0,"parent":30470,"menu_order":0,"comment_status":"closed","ping_status":"closed","template":"","meta":{"footnotes":""},"class_list":["post-32381","page","type-page","status-publish"],"yoast_head":"<!-- This site is optimized with the Yoast SEO plugin v27.3 - https:\/\/yoast.com\/product\/yoast-seo-wordpress\/ -->\n<title>Equipos de manipulaci\u00f3n de materiales a granel: gr\u00faas y cabrestantes | Thern\u00ae Winches &amp; Cranes<\/title>\n<meta name=\"description\" content=\"La amplia oferta de productos de Thern, incluidas gr\u00faas y cabrestantes para materiales a granel, proporciona la mejor soluci\u00f3n para ahorrarle a su operaci\u00f3n tiempo y dinero valiosos.\" \/>\n<meta name=\"robots\" content=\"index, follow, max-snippet:-1, max-image-preview:large, max-video-preview:-1\" \/>\n<link rel=\"canonical\" href=\"https:\/\/thern.com\/es\/industries\/bulk-material-handling\/\" \/>\n<meta property=\"og:locale\" content=\"es_ES\" \/>\n<meta property=\"og:type\" content=\"article\" \/>\n<meta property=\"og:title\" content=\"Equipos de manipulaci\u00f3n de materiales a granel: gr\u00faas y cabrestantes | Thern\u00ae Winches &amp; Cranes\" \/>\n<meta property=\"og:description\" content=\"La amplia oferta de productos de Thern, incluidas gr\u00faas y cabrestantes para materiales a granel, proporciona la mejor soluci\u00f3n para ahorrarle a su operaci\u00f3n tiempo y dinero valiosos.\" \/>\n<meta property=\"og:url\" content=\"https:\/\/thern.com\/es\/industries\/bulk-material-handling\/\" \/>\n<meta property=\"og:site_name\" content=\"Thern\u00ae Winches &amp; Cranes\" \/>\n<meta property=\"article:publisher\" content=\"https:\/\/www.facebook.com\/ThernInc\/\" \/>\n<meta property=\"article:modified_time\" content=\"2023-10-09T19:31:48+00:00\" \/>\n<meta name=\"twitter:card\" content=\"summary_large_image\" \/>\n<meta name=\"twitter:label1\" content=\"Tiempo de lectura\" \/>\n\t<meta name=\"twitter:data1\" content=\"3 minutos\" \/>\n<script type=\"application\/ld+json\" class=\"yoast-schema-graph\">{\"@context\":\"https:\\\/\\\/schema.org\",\"@graph\":[{\"@type\":\"WebPage\",\"@id\":\"https:\\\/\\\/thern.com\\\/es\\\/industries\\\/bulk-material-handling\\\/\",\"url\":\"https:\\\/\\\/thern.com\\\/es\\\/industries\\\/bulk-material-handling\\\/\",\"name\":\"Equipos de manipulaci\u00f3n de materiales a granel: gr\u00faas y cabrestantes | Thern\u00ae Winches &amp; Cranes\",\"isPartOf\":{\"@id\":\"https:\\\/\\\/thern.com\\\/es\\\/#website\"},\"datePublished\":\"2023-08-28T16:56:18+00:00\",\"dateModified\":\"2023-10-09T19:31:48+00:00\",\"description\":\"La amplia oferta de productos de Thern, incluidas gr\u00faas y cabrestantes para materiales a granel, proporciona la mejor soluci\u00f3n para ahorrarle a su operaci\u00f3n tiempo y dinero valiosos.\",\"breadcrumb\":{\"@id\":\"https:\\\/\\\/thern.com\\\/es\\\/industries\\\/bulk-material-handling\\\/#breadcrumb\"},\"inLanguage\":\"es\",\"potentialAction\":[{\"@type\":\"ReadAction\",\"target\":[\"https:\\\/\\\/thern.com\\\/es\\\/industries\\\/bulk-material-handling\\\/\"]}]},{\"@type\":\"BreadcrumbList\",\"@id\":\"https:\\\/\\\/thern.com\\\/es\\\/industries\\\/bulk-material-handling\\\/#breadcrumb\",\"itemListElement\":[{\"@type\":\"ListItem\",\"position\":1,\"name\":\"Home\",\"item\":\"https:\\\/\\\/thern.com\\\/es\\\/\"},{\"@type\":\"ListItem\",\"position\":2,\"name\":\"Industries\",\"item\":\"https:\\\/\\\/thern.com\\\/es\\\/industries\\\/\"},{\"@type\":\"ListItem\",\"position\":3,\"name\":\"Bulk Material Handling\"}]},{\"@type\":\"WebSite\",\"@id\":\"https:\\\/\\\/thern.com\\\/es\\\/#website\",\"url\":\"https:\\\/\\\/thern.com\\\/es\\\/\",\"name\":\"Thern\u00ae Winches &amp; Cranes\",\"description\":\"Leave the Heavy Lifting to Us\",\"publisher\":{\"@id\":\"https:\\\/\\\/thern.com\\\/es\\\/#organization\"},\"potentialAction\":[{\"@type\":\"SearchAction\",\"target\":{\"@type\":\"EntryPoint\",\"urlTemplate\":\"https:\\\/\\\/thern.com\\\/es\\\/?s={search_term_string}\"},\"query-input\":{\"@type\":\"PropertyValueSpecification\",\"valueRequired\":true,\"valueName\":\"search_term_string\"}}],\"inLanguage\":\"es\"},{\"@type\":\"Organization\",\"@id\":\"https:\\\/\\\/thern.com\\\/es\\\/#organization\",\"name\":\"Thern\u00ae Winches &amp; Cranes\",\"url\":\"https:\\\/\\\/thern.com\\\/es\\\/\",\"logo\":{\"@type\":\"ImageObject\",\"inLanguage\":\"es\",\"@id\":\"https:\\\/\\\/thern.com\\\/es\\\/#\\\/schema\\\/logo\\\/image\\\/\",\"url\":\"https:\\\/\\\/thern.com\\\/wp-content\\\/uploads\\\/2023\\\/11\\\/Logo_SaveForWeb-outline-FINAL-01.svg\",\"contentUrl\":\"https:\\\/\\\/thern.com\\\/wp-content\\\/uploads\\\/2023\\\/11\\\/Logo_SaveForWeb-outline-FINAL-01.svg\",\"caption\":\"Thern\u00ae Winches &amp; Cranes\"},\"image\":{\"@id\":\"https:\\\/\\\/thern.com\\\/es\\\/#\\\/schema\\\/logo\\\/image\\\/\"},\"sameAs\":[\"https:\\\/\\\/www.facebook.com\\\/ThernInc\\\/\",\"https:\\\/\\\/www.linkedin.com\\\/company\\\/thern-inc-\\\/\",\"https:\\\/\\\/www.youtube.com\\\/user\\\/ThernStage\"]}]}<\/script>\n<!-- \/ Yoast SEO plugin. -->","yoast_head_json":{"title":"Equipos de manipulaci\u00f3n de materiales a granel: gr\u00faas y cabrestantes | Thern\u00ae Winches &amp; Cranes","description":"La amplia oferta de productos de Thern, incluidas gr\u00faas y cabrestantes para materiales a granel, proporciona la mejor soluci\u00f3n para ahorrarle a su operaci\u00f3n tiempo y dinero valiosos.","robots":{"index":"index","follow":"follow","max-snippet":"max-snippet:-1","max-image-preview":"max-image-preview:large","max-video-preview":"max-video-preview:-1"},"canonical":"https:\/\/thern.com\/es\/industries\/bulk-material-handling\/","og_locale":"es_ES","og_type":"article","og_title":"Equipos de manipulaci\u00f3n de materiales a granel: gr\u00faas y cabrestantes | Thern\u00ae Winches &amp; Cranes","og_description":"La amplia oferta de productos de Thern, incluidas gr\u00faas y cabrestantes para materiales a granel, proporciona la mejor soluci\u00f3n para ahorrarle a su operaci\u00f3n tiempo y dinero valiosos.","og_url":"https:\/\/thern.com\/es\/industries\/bulk-material-handling\/","og_site_name":"Thern\u00ae Winches &amp; Cranes","article_publisher":"https:\/\/www.facebook.com\/ThernInc\/","article_modified_time":"2023-10-09T19:31:48+00:00","twitter_card":"summary_large_image","twitter_misc":{"Tiempo de lectura":"3 minutos"},"schema":{"@context":"https:\/\/schema.org","@graph":[{"@type":"WebPage","@id":"https:\/\/thern.com\/es\/industries\/bulk-material-handling\/","url":"https:\/\/thern.com\/es\/industries\/bulk-material-handling\/","name":"Equipos de manipulaci\u00f3n de materiales a granel: gr\u00faas y cabrestantes | Thern\u00ae Winches &amp; Cranes","isPartOf":{"@id":"https:\/\/thern.com\/es\/#website"},"datePublished":"2023-08-28T16:56:18+00:00","dateModified":"2023-10-09T19:31:48+00:00","description":"La amplia oferta de productos de Thern, incluidas gr\u00faas y cabrestantes para materiales a granel, proporciona la mejor soluci\u00f3n para ahorrarle a su operaci\u00f3n tiempo y dinero valiosos.","breadcrumb":{"@id":"https:\/\/thern.com\/es\/industries\/bulk-material-handling\/#breadcrumb"},"inLanguage":"es","potentialAction":[{"@type":"ReadAction","target":["https:\/\/thern.com\/es\/industries\/bulk-material-handling\/"]}]},{"@type":"BreadcrumbList","@id":"https:\/\/thern.com\/es\/industries\/bulk-material-handling\/#breadcrumb","itemListElement":[{"@type":"ListItem","position":1,"name":"Home","item":"https:\/\/thern.com\/es\/"},{"@type":"ListItem","position":2,"name":"Industries","item":"https:\/\/thern.com\/es\/industries\/"},{"@type":"ListItem","position":3,"name":"Bulk Material Handling"}]},{"@type":"WebSite","@id":"https:\/\/thern.com\/es\/#website","url":"https:\/\/thern.com\/es\/","name":"Thern\u00ae Winches &amp; Cranes","description":"Leave the Heavy Lifting to Us","publisher":{"@id":"https:\/\/thern.com\/es\/#organization"},"potentialAction":[{"@type":"SearchAction","target":{"@type":"EntryPoint","urlTemplate":"https:\/\/thern.com\/es\/?s={search_term_string}"},"query-input":{"@type":"PropertyValueSpecification","valueRequired":true,"valueName":"search_term_string"}}],"inLanguage":"es"},{"@type":"Organization","@id":"https:\/\/thern.com\/es\/#organization","name":"Thern\u00ae Winches &amp; Cranes","url":"https:\/\/thern.com\/es\/","logo":{"@type":"ImageObject","inLanguage":"es","@id":"https:\/\/thern.com\/es\/#\/schema\/logo\/image\/","url":"https:\/\/thern.com\/wp-content\/uploads\/2023\/11\/Logo_SaveForWeb-outline-FINAL-01.svg","contentUrl":"https:\/\/thern.com\/wp-content\/uploads\/2023\/11\/Logo_SaveForWeb-outline-FINAL-01.svg","caption":"Thern\u00ae Winches &amp; Cranes"},"image":{"@id":"https:\/\/thern.com\/es\/#\/schema\/logo\/image\/"},"sameAs":["https:\/\/www.facebook.com\/ThernInc\/","https:\/\/www.linkedin.com\/company\/thern-inc-\/","https:\/\/www.youtube.com\/user\/ThernStage"]}]}},"_links":{"self":[{"href":"https:\/\/thern.com\/es\/wp-json\/wp\/v2\/pages\/32381","targetHints":{"allow":["GET"]}}],"collection":[{"href":"https:\/\/thern.com\/es\/wp-json\/wp\/v2\/pages"}],"about":[{"href":"https:\/\/thern.com\/es\/wp-json\/wp\/v2\/types\/page"}],"author":[{"embeddable":true,"href":"https:\/\/thern.com\/es\/wp-json\/wp\/v2\/users\/1"}],"replies":[{"embeddable":true,"href":"https:\/\/thern.com\/es\/wp-json\/wp\/v2\/comments?post=32381"}],"version-history":[{"count":0,"href":"https:\/\/thern.com\/es\/wp-json\/wp\/v2\/pages\/32381\/revisions"}],"up":[{"embeddable":true,"href":"https:\/\/thern.com\/es\/wp-json\/wp\/v2\/pages\/30470"}],"wp:attachment":[{"href":"https:\/\/thern.com\/es\/wp-json\/wp\/v2\/media?parent=32381"}],"curies":[{"name":"wp","href":"https:\/\/api.w.org\/{rel}","templated":true}]}}