{"id":32181,"date":"2023-08-29T14:52:02","date_gmt":"2023-08-29T14:52:02","guid":{"rendered":"https:\/\/therninc.wpenginepowered.com\/dredge-barge-positioning-winches\/"},"modified":"2023-10-06T04:25:35","modified_gmt":"2023-10-06T04:25:35","slug":"dredge-barge-positioning-winches","status":"publish","type":"page","link":"https:\/\/thern.com\/es\/industries\/mining\/dredge-barge-positioning-winches\/","title":{"rendered":"Dredge &#038; Barge Positioning Winches"},"content":{"rendered":"<div class=\"wpb-content-wrapper\"><p>[vc_section full_width=\u00bbstretch_row\u00bb content_placement=\u00bbmiddle\u00bb css=\u00bb.vc_custom_1693320243905{padding-top: 0px !important;background-image: url(https:\/\/thern.com\/wp-content\/uploads\/2023\/08\/Thern-Industry-Header-Banners-mining.jpg?id=23602) !important;background-position: center !important;background-repeat: no-repeat !important;background-size: cover !important;}\u00bb][vc_row full_width=\u00bbstretch_row\u00bb css=\u00bb.vc_custom_1692983676181{padding-top: 50px !important;padding-bottom: 70px !important;background-color: rgba(0,0,0,0.5) !important;*background-color: rgb(0,0,0) !important;}\u00bb][vc_column][vc_custom_heading text=\u00bbCabrestantes de posicionamiento de dragas y barcazas\u00bb font_container=\u00bbtag:h1|text_align:left|color:%23ffffff\u00bb use_theme_fonts=\u00bbyes\u00bb css_animation=\u00bbfadeInLeft\u00bb][\/vc_column][\/vc_row][\/vc_section][vc_row equal_height=\u00bbyes\u00bb css=\u00bb.vc_custom_1692984692373{padding-top: 65px !important;padding-bottom: 35px !important;}\u00bb][vc_column css_animation=\u00bbfadeInLeft\u00bb width=\u00bb1\/2&#8243;][vc_column_text]Ya sea que su estanque sea grande o peque\u00f1o, dise\u00f1amos un sistema de cabrestante de posicionamiento de dragado adaptado a sus especificaciones, completo con sofisticados paquetes de control que brindan una precisi\u00f3n milim\u00e9trica.<\/p>\n<p>Cabrestantes de posicionamiento de dragado | Fabricado a medida para materiales Coram<\/p>\n<p>Thern suministr\u00f3 a Coram Materials cuatro cabrestantes 4 HS16M para posicionar y sostener una barcaza de 600 toneladas para dragar 1000 toneladas de arena por hora.<\/p>\n<p>\u201cTodo lo que utilizamos es un arrancador reversible de l\u00ednea cruzada. Lo tenemos configurado para que los cabrestantes puedan operarse mediante botones que se encuentran justo al lado de ellos o de forma remota desde los interruptores en la cabina de operaci\u00f3n\u201d. Los cabrestantes maniobran con precisi\u00f3n el equipo dondequiera que el operador requiera que est\u00e9 en el agua mientras suministran tensi\u00f3n constante para mantenerlo continuamente en posici\u00f3n segura. \u00abLos cabrestantes [han] funcionado como esper\u00e1bamos\u00bb, dijo Hoobler. \u201cEl factor m\u00e1s importante de su funcionamiento es la capacidad de retenci\u00f3n de los frenos, y nunca han sido dominados por el viento. En cuanto a la potencia de tracci\u00f3n, nos gusta la combinaci\u00f3n de velocidad y econom\u00eda de este cabrestante\u201d.<\/p>\n<p>Cabrestantes marinos y de manipulaci\u00f3n a granel<\/p>\n<p>Los cabrestantes el\u00e9ctricos proporcionan la potencia y el control necesarios para un manejo confiable de cargas pesadas. Desde el posicionamiento de barcazas hasta el arrastre de vagones, el posicionamiento de rampas de carga y equipos de elevaci\u00f3n, nuestros cabrestantes funcionan en todas las \u00e1reas del manejo mar\u00edtimo y a granel. Los cabrestantes Thern tambi\u00e9n se utilizan para subir y bajar pasarelas en barcos y plataformas petrol\u00edferas en alta mar.[\/vc_column_text][vc_btn title=\u00bbRegresar a Industrias\u00bb style=\u00bbcustom\u00bb custom_background=\u00bb#c71a32&#8243; custom_text=\u00bb#ffffff\u00bb shape=\u00bbsquare\u00bb size=\u00bblg\u00bb align=\u00bbleft\u00bb i_icon_fontawesome=\u00bbfas fa-angle-left\u00bb add_icon=\u00bbtrue\u00bb link=\u00bburl:%2Fes%2Findustries%2F|title:Return%20to%20Industries\u00bb][\/vc_column][vc_column css_animation=\u00bbfadeInRight\u00bb width=\u00bb1\/2&#8243;][vc_gallery type=\u00bbflexslider_slide\u00bb interval=\u00bb0&#8243; images=\u00bb23626,23627&#8243; img_size=\u00bbfull\u00bb onclick=\u00bb\u00bb][\/vc_column][\/vc_row][vc_row full_width=\u00bbstretch_row\u00bb css=\u00bb.vc_custom_1692985441183{padding-top: 35px !important;padding-bottom: 35px !important;}\u00bb][vc_column width=\u00bb1\/6&#8243;][\/vc_column][vc_column css_animation=\u00bbfadeInUp\u00bb width=\u00bb4\/6&#8243;][vc_custom_heading text=\u00bbEstamos aqu\u00ed para ayudar\u00bb font_container=\u00bbtag:h2|text_align:center|color:%230a0a0a\u00bb use_theme_fonts=\u00bbyes\u00bb css=\u00bb.vc_custom_1696543088473{margin-bottom: 0px !important;}\u00bb][vc_column_text]<\/p>\n<p style=\"text-align: center;\">\u00bfTiene preguntas? El amable y experto personal de ventas y servicio de Thern est\u00e1 dispuesto a ayudarle.<\/p>\n<p>[\/vc_column_text][vc_btn title=\u00bbContacta con nosotros\u00bb style=\u00bbcustom\u00bb custom_background=\u00bb#c71a32&#8243; custom_text=\u00bb#ffffff\u00bb shape=\u00bbsquare\u00bb size=\u00bblg\u00bb align=\u00bbcenter\u00bb i_align=\u00bbright\u00bb i_icon_fontawesome=\u00bbfas fa-angle-right\u00bb add_icon=\u00bbtrue\u00bb link=\u00bburl:%2Fes%2Fcontact%2F|title:Contact\u00bb][\/vc_column][vc_column width=\u00bb1\/6&#8243;][\/vc_column][\/vc_row]<\/p>\n<\/div>","protected":false},"excerpt":{"rendered":"<p>[vc_section full_width=\u00bbstretch_row\u00bb content_placement=\u00bbmiddle\u00bb css=\u00bb.vc_custom_1693320243905{padding-top: 0px !important;background-image: url(https:\/\/thern.com\/wp-content\/uploads\/2023\/08\/Thern-Industry-Header-Banners-mining.jpg?id=23602) !important;background-position: center !important;background-repeat: no-repeat !important;background-size: cover !important;}\u00bb][vc_row full_width=\u00bbstretch_row\u00bb css=\u00bb.vc_custom_1692983676181{padding-top: 50px !important;padding-bottom: 70px !important;background-color: rgba(0,0,0,0.5) !important;*background-color: rgb(0,0,0) !important;}\u00bb][vc_column][vc_custom_heading text=\u00bbCabrestantes de posicionamiento de dragas y barcazas\u00bb font_container=\u00bbtag:h1|text_align:left|color:%23ffffff\u00bb use_theme_fonts=\u00bbyes\u00bb css_animation=\u00bbfadeInLeft\u00bb][\/vc_column][\/vc_row][\/vc_section][vc_row equal_height=\u00bbyes\u00bb css=\u00bb.vc_custom_1692984692373{padding-top: 65px !important;padding-bottom: 35px !important;}\u00bb][vc_column css_animation=\u00bbfadeInLeft\u00bb width=\u00bb1\/2&#8243;][vc_column_text]Ya sea que su estanque sea grande o peque\u00f1o, dise\u00f1amos un sistema de cabrestante &#8230; <a title=\"Dredge &#038; Barge Positioning Winches\" class=\"read-more\" href=\"https:\/\/thern.com\/es\/industries\/mining\/dredge-barge-positioning-winches\/\" aria-label=\"More on Dredge &#038; Barge Positioning Winches\">Read more<\/a><\/p>\n","protected":false},"author":1,"featured_media":0,"parent":32465,"menu_order":0,"comment_status":"closed","ping_status":"closed","template":"","meta":{"footnotes":""},"class_list":["post-32181","page","type-page","status-publish"],"yoast_head":"<!-- This site is optimized with the Yoast SEO plugin v27.4 - https:\/\/yoast.com\/product\/yoast-seo-wordpress\/ -->\n<title>Cabrestantes de posicionamiento de dragas y barcazas - Equipos de elevaci\u00f3n para miner\u00eda | Thern\u00ae Winches &amp; Cranes<\/title>\n<meta name=\"description\" content=\"Los sistemas de cabrestante de posicionamiento de dragado de Thern se adaptan a sus especificaciones y se completan con paquetes de control sofisticados que brindan una precisi\u00f3n milim\u00e9trica.\" \/>\n<meta name=\"robots\" content=\"index, follow, max-snippet:-1, max-image-preview:large, max-video-preview:-1\" \/>\n<link rel=\"canonical\" href=\"https:\/\/thern.com\/es\/industries\/mining\/dredge-barge-positioning-winches\/\" \/>\n<meta property=\"og:locale\" content=\"es_ES\" \/>\n<meta property=\"og:type\" content=\"article\" \/>\n<meta property=\"og:title\" content=\"Cabrestantes de posicionamiento de dragas y barcazas - Equipos de elevaci\u00f3n para miner\u00eda | Thern\u00ae Winches &amp; Cranes\" \/>\n<meta property=\"og:description\" content=\"Los sistemas de cabrestante de posicionamiento de dragado de Thern se adaptan a sus especificaciones y se completan con paquetes de control sofisticados que brindan una precisi\u00f3n milim\u00e9trica.\" \/>\n<meta property=\"og:url\" content=\"https:\/\/thern.com\/es\/industries\/mining\/dredge-barge-positioning-winches\/\" \/>\n<meta property=\"og:site_name\" content=\"Thern\u00ae Winches &amp; Cranes\" \/>\n<meta property=\"article:publisher\" content=\"https:\/\/www.facebook.com\/ThernInc\/\" \/>\n<meta property=\"article:modified_time\" content=\"2023-10-06T04:25:35+00:00\" \/>\n<meta name=\"twitter:card\" content=\"summary_large_image\" \/>\n<meta name=\"twitter:label1\" content=\"Tiempo de lectura\" \/>\n\t<meta name=\"twitter:data1\" content=\"2 minutos\" \/>\n<script type=\"application\/ld+json\" class=\"yoast-schema-graph\">{\"@context\":\"https:\\\/\\\/schema.org\",\"@graph\":[{\"@type\":\"WebPage\",\"@id\":\"https:\\\/\\\/thern.com\\\/es\\\/industries\\\/mining\\\/dredge-barge-positioning-winches\\\/\",\"url\":\"https:\\\/\\\/thern.com\\\/es\\\/industries\\\/mining\\\/dredge-barge-positioning-winches\\\/\",\"name\":\"Cabrestantes de posicionamiento de dragas y barcazas - Equipos de elevaci\u00f3n para miner\u00eda | Thern\u00ae Winches &amp; Cranes\",\"isPartOf\":{\"@id\":\"https:\\\/\\\/thern.com\\\/es\\\/#website\"},\"datePublished\":\"2023-08-29T14:52:02+00:00\",\"dateModified\":\"2023-10-06T04:25:35+00:00\",\"description\":\"Los sistemas de cabrestante de posicionamiento de dragado de Thern se adaptan a sus especificaciones y se completan con paquetes de control sofisticados que brindan una precisi\u00f3n milim\u00e9trica.\",\"breadcrumb\":{\"@id\":\"https:\\\/\\\/thern.com\\\/es\\\/industries\\\/mining\\\/dredge-barge-positioning-winches\\\/#breadcrumb\"},\"inLanguage\":\"es\",\"potentialAction\":[{\"@type\":\"ReadAction\",\"target\":[\"https:\\\/\\\/thern.com\\\/es\\\/industries\\\/mining\\\/dredge-barge-positioning-winches\\\/\"]}]},{\"@type\":\"BreadcrumbList\",\"@id\":\"https:\\\/\\\/thern.com\\\/es\\\/industries\\\/mining\\\/dredge-barge-positioning-winches\\\/#breadcrumb\",\"itemListElement\":[{\"@type\":\"ListItem\",\"position\":1,\"name\":\"Home\",\"item\":\"https:\\\/\\\/thern.com\\\/es\\\/\"},{\"@type\":\"ListItem\",\"position\":2,\"name\":\"Industries\",\"item\":\"https:\\\/\\\/thern.com\\\/es\\\/industries\\\/\"},{\"@type\":\"ListItem\",\"position\":3,\"name\":\"Mining\",\"item\":\"https:\\\/\\\/thern.com\\\/es\\\/industries\\\/mining\\\/\"},{\"@type\":\"ListItem\",\"position\":4,\"name\":\"Dredge &#038; Barge Positioning Winches\"}]},{\"@type\":\"WebSite\",\"@id\":\"https:\\\/\\\/thern.com\\\/es\\\/#website\",\"url\":\"https:\\\/\\\/thern.com\\\/es\\\/\",\"name\":\"Thern\u00ae Winches &amp; Cranes\",\"description\":\"Leave the Heavy Lifting to Us\",\"publisher\":{\"@id\":\"https:\\\/\\\/thern.com\\\/es\\\/#organization\"},\"potentialAction\":[{\"@type\":\"SearchAction\",\"target\":{\"@type\":\"EntryPoint\",\"urlTemplate\":\"https:\\\/\\\/thern.com\\\/es\\\/?s={search_term_string}\"},\"query-input\":{\"@type\":\"PropertyValueSpecification\",\"valueRequired\":true,\"valueName\":\"search_term_string\"}}],\"inLanguage\":\"es\"},{\"@type\":\"Organization\",\"@id\":\"https:\\\/\\\/thern.com\\\/es\\\/#organization\",\"name\":\"Thern\u00ae Winches &amp; Cranes\",\"url\":\"https:\\\/\\\/thern.com\\\/es\\\/\",\"logo\":{\"@type\":\"ImageObject\",\"inLanguage\":\"es\",\"@id\":\"https:\\\/\\\/thern.com\\\/es\\\/#\\\/schema\\\/logo\\\/image\\\/\",\"url\":\"https:\\\/\\\/thern.com\\\/wp-content\\\/uploads\\\/2023\\\/11\\\/Logo_SaveForWeb-outline-FINAL-01.svg\",\"contentUrl\":\"https:\\\/\\\/thern.com\\\/wp-content\\\/uploads\\\/2023\\\/11\\\/Logo_SaveForWeb-outline-FINAL-01.svg\",\"caption\":\"Thern\u00ae Winches &amp; Cranes\"},\"image\":{\"@id\":\"https:\\\/\\\/thern.com\\\/es\\\/#\\\/schema\\\/logo\\\/image\\\/\"},\"sameAs\":[\"https:\\\/\\\/www.facebook.com\\\/ThernInc\\\/\",\"https:\\\/\\\/www.linkedin.com\\\/company\\\/thern-inc-\\\/\",\"https:\\\/\\\/www.youtube.com\\\/user\\\/ThernStage\"]}]}<\/script>\n<!-- \/ Yoast SEO plugin. -->","yoast_head_json":{"title":"Cabrestantes de posicionamiento de dragas y barcazas - Equipos de elevaci\u00f3n para miner\u00eda | Thern\u00ae Winches &amp; Cranes","description":"Los sistemas de cabrestante de posicionamiento de dragado de Thern se adaptan a sus especificaciones y se completan con paquetes de control sofisticados que brindan una precisi\u00f3n milim\u00e9trica.","robots":{"index":"index","follow":"follow","max-snippet":"max-snippet:-1","max-image-preview":"max-image-preview:large","max-video-preview":"max-video-preview:-1"},"canonical":"https:\/\/thern.com\/es\/industries\/mining\/dredge-barge-positioning-winches\/","og_locale":"es_ES","og_type":"article","og_title":"Cabrestantes de posicionamiento de dragas y barcazas - Equipos de elevaci\u00f3n para miner\u00eda | Thern\u00ae Winches &amp; Cranes","og_description":"Los sistemas de cabrestante de posicionamiento de dragado de Thern se adaptan a sus especificaciones y se completan con paquetes de control sofisticados que brindan una precisi\u00f3n milim\u00e9trica.","og_url":"https:\/\/thern.com\/es\/industries\/mining\/dredge-barge-positioning-winches\/","og_site_name":"Thern\u00ae Winches &amp; Cranes","article_publisher":"https:\/\/www.facebook.com\/ThernInc\/","article_modified_time":"2023-10-06T04:25:35+00:00","twitter_card":"summary_large_image","twitter_misc":{"Tiempo de lectura":"2 minutos"},"schema":{"@context":"https:\/\/schema.org","@graph":[{"@type":"WebPage","@id":"https:\/\/thern.com\/es\/industries\/mining\/dredge-barge-positioning-winches\/","url":"https:\/\/thern.com\/es\/industries\/mining\/dredge-barge-positioning-winches\/","name":"Cabrestantes de posicionamiento de dragas y barcazas - Equipos de elevaci\u00f3n para miner\u00eda | Thern\u00ae Winches &amp; Cranes","isPartOf":{"@id":"https:\/\/thern.com\/es\/#website"},"datePublished":"2023-08-29T14:52:02+00:00","dateModified":"2023-10-06T04:25:35+00:00","description":"Los sistemas de cabrestante de posicionamiento de dragado de Thern se adaptan a sus especificaciones y se completan con paquetes de control sofisticados que brindan una precisi\u00f3n milim\u00e9trica.","breadcrumb":{"@id":"https:\/\/thern.com\/es\/industries\/mining\/dredge-barge-positioning-winches\/#breadcrumb"},"inLanguage":"es","potentialAction":[{"@type":"ReadAction","target":["https:\/\/thern.com\/es\/industries\/mining\/dredge-barge-positioning-winches\/"]}]},{"@type":"BreadcrumbList","@id":"https:\/\/thern.com\/es\/industries\/mining\/dredge-barge-positioning-winches\/#breadcrumb","itemListElement":[{"@type":"ListItem","position":1,"name":"Home","item":"https:\/\/thern.com\/es\/"},{"@type":"ListItem","position":2,"name":"Industries","item":"https:\/\/thern.com\/es\/industries\/"},{"@type":"ListItem","position":3,"name":"Mining","item":"https:\/\/thern.com\/es\/industries\/mining\/"},{"@type":"ListItem","position":4,"name":"Dredge &#038; Barge Positioning Winches"}]},{"@type":"WebSite","@id":"https:\/\/thern.com\/es\/#website","url":"https:\/\/thern.com\/es\/","name":"Thern\u00ae Winches &amp; Cranes","description":"Leave the Heavy Lifting to Us","publisher":{"@id":"https:\/\/thern.com\/es\/#organization"},"potentialAction":[{"@type":"SearchAction","target":{"@type":"EntryPoint","urlTemplate":"https:\/\/thern.com\/es\/?s={search_term_string}"},"query-input":{"@type":"PropertyValueSpecification","valueRequired":true,"valueName":"search_term_string"}}],"inLanguage":"es"},{"@type":"Organization","@id":"https:\/\/thern.com\/es\/#organization","name":"Thern\u00ae Winches &amp; Cranes","url":"https:\/\/thern.com\/es\/","logo":{"@type":"ImageObject","inLanguage":"es","@id":"https:\/\/thern.com\/es\/#\/schema\/logo\/image\/","url":"https:\/\/thern.com\/wp-content\/uploads\/2023\/11\/Logo_SaveForWeb-outline-FINAL-01.svg","contentUrl":"https:\/\/thern.com\/wp-content\/uploads\/2023\/11\/Logo_SaveForWeb-outline-FINAL-01.svg","caption":"Thern\u00ae Winches &amp; Cranes"},"image":{"@id":"https:\/\/thern.com\/es\/#\/schema\/logo\/image\/"},"sameAs":["https:\/\/www.facebook.com\/ThernInc\/","https:\/\/www.linkedin.com\/company\/thern-inc-\/","https:\/\/www.youtube.com\/user\/ThernStage"]}]}},"_links":{"self":[{"href":"https:\/\/thern.com\/es\/wp-json\/wp\/v2\/pages\/32181","targetHints":{"allow":["GET"]}}],"collection":[{"href":"https:\/\/thern.com\/es\/wp-json\/wp\/v2\/pages"}],"about":[{"href":"https:\/\/thern.com\/es\/wp-json\/wp\/v2\/types\/page"}],"author":[{"embeddable":true,"href":"https:\/\/thern.com\/es\/wp-json\/wp\/v2\/users\/1"}],"replies":[{"embeddable":true,"href":"https:\/\/thern.com\/es\/wp-json\/wp\/v2\/comments?post=32181"}],"version-history":[{"count":0,"href":"https:\/\/thern.com\/es\/wp-json\/wp\/v2\/pages\/32181\/revisions"}],"up":[{"embeddable":true,"href":"https:\/\/thern.com\/es\/wp-json\/wp\/v2\/pages\/32465"}],"wp:attachment":[{"href":"https:\/\/thern.com\/es\/wp-json\/wp\/v2\/media?parent=32181"}],"curies":[{"name":"wp","href":"https:\/\/api.w.org\/{rel}","templated":true}]}}