{"id":32151,"date":"2023-08-29T14:49:57","date_gmt":"2023-08-29T14:49:57","guid":{"rendered":"https:\/\/therninc.wpenginepowered.com\/furnace-door-winches\/"},"modified":"2023-10-06T03:52:02","modified_gmt":"2023-10-06T03:52:02","slug":"furnace-door-winches","status":"publish","type":"page","link":"https:\/\/thern.com\/es\/industries\/mining\/furnace-door-winches\/","title":{"rendered":"Furnace Door Winches"},"content":{"rendered":"<div class=\"wpb-content-wrapper\"><p>[vc_section full_width=\u00bbstretch_row\u00bb content_placement=\u00bbmiddle\u00bb css=\u00bb.vc_custom_1693320243905{padding-top: 0px !important;background-image: url(https:\/\/thern.com\/wp-content\/uploads\/2023\/08\/Thern-Industry-Header-Banners-mining.jpg?id=23602) !important;background-position: center !important;background-repeat: no-repeat !important;background-size: cover !important;}\u00bb][vc_row full_width=\u00bbstretch_row\u00bb css=\u00bb.vc_custom_1692983676181{padding-top: 50px !important;padding-bottom: 70px !important;background-color: rgba(0,0,0,0.5) !important;*background-color: rgb(0,0,0) !important;}\u00bb][vc_column][vc_custom_heading text=\u00bbCabrestantes para puertas de hornos\u00bb font_container=\u00bbtag:h1|text_align:left|color:%23ffffff\u00bb use_theme_fonts=\u00bbyes\u00bb css_animation=\u00bbfadeInLeft\u00bb][\/vc_column][\/vc_row][\/vc_section][vc_row equal_height=\u00bbyes\u00bb css=\u00bb.vc_custom_1692984692373{padding-top: 65px !important;padding-bottom: 35px !important;}\u00bb][vc_column css_animation=\u00bbfadeInLeft\u00bb width=\u00bb1\/2&#8243;][vc_column_text]Cuando necesita abrir y cerrar puertas de calderas pesadas y calientes, los cabrestantes Thern son la soluci\u00f3n perfecta. Con opciones de montaje que brindan flexibilidad de instalaci\u00f3n, potencia de elevaci\u00f3n para manejar puertas pesadas y controles que permiten la operaci\u00f3n remota, las operaciones del calefactor nunca han sido tan f\u00e1ciles.<\/p>\n<p>Cabrestantes para puertas de hornos | Construcci\u00f3n personalizada para una planta de fundici\u00f3n de cobre<\/p>\n<p>Thern suministr\u00f3 cinco cabrestantes de la serie 4HP utilizados para abrir y cerrar cinco puertas de hornos en una planta de fundici\u00f3n de cobre. Una disposici\u00f3n de aparejo \u00fanica proporcion\u00f3 una soluci\u00f3n econ\u00f3mica con dos cables met\u00e1licos unidos a un solo tambor, lo que permiti\u00f3 que un cabrestante operara cada puerta. Se desarrollaron motores especializados para resistir el ambiente corrosivo.<\/p>\n<p>Se requiri\u00f3 un tir\u00f3n de l\u00ednea de 16,500 libras para operar las puertas a 20 pies por minuto y una distancia de recorrido de 15 pies.[\/vc_column_text][vc_btn title=\u00bbRegresar a Industrias\u00bb style=\u00bbcustom\u00bb custom_background=\u00bb#c71a32&#8243; custom_text=\u00bb#ffffff\u00bb shape=\u00bbsquare\u00bb size=\u00bblg\u00bb align=\u00bbleft\u00bb i_icon_fontawesome=\u00bbfas fa-angle-left\u00bb add_icon=\u00bbtrue\u00bb link=\u00bburl:%2Fes%2Findustries%2F|title:Return%20to%20Industries\u00bb][\/vc_column][vc_column css_animation=\u00bbfadeInRight\u00bb width=\u00bb1\/2&#8243;][vc_gallery type=\u00bbflexslider_slide\u00bb interval=\u00bb0&#8243; images=\u00bb23617,23618,23619&#8243; img_size=\u00bbfull\u00bb onclick=\u00bb\u00bb][\/vc_column][\/vc_row][vc_row full_width=\u00bbstretch_row\u00bb css=\u00bb.vc_custom_1692985441183{padding-top: 35px !important;padding-bottom: 35px !important;}\u00bb][vc_column width=\u00bb1\/6&#8243;][\/vc_column][vc_column css_animation=\u00bbfadeInUp\u00bb width=\u00bb4\/6&#8243;][vc_custom_heading text=\u00bbEstamos aqu\u00ed para ayudar\u00bb font_container=\u00bbtag:h2|text_align:center|color:%230a0a0a\u00bb use_theme_fonts=\u00bbyes\u00bb css=\u00bb.vc_custom_1696543088473{margin-bottom: 0px !important;}\u00bb][vc_column_text]<\/p>\n<p style=\"text-align: center;\">\u00bfTiene preguntas? El amable y experto personal de ventas y servicio de Thern est\u00e1 dispuesto a ayudarle.<\/p>\n<p>[\/vc_column_text][vc_btn title=\u00bbContacta con nosotros\u00bb style=\u00bbcustom\u00bb custom_background=\u00bb#c71a32&#8243; custom_text=\u00bb#ffffff\u00bb shape=\u00bbsquare\u00bb size=\u00bblg\u00bb align=\u00bbcenter\u00bb i_align=\u00bbright\u00bb i_icon_fontawesome=\u00bbfas fa-angle-right\u00bb add_icon=\u00bbtrue\u00bb link=\u00bburl:%2Fes%2Fcontact%2F|title:Contact\u00bb][\/vc_column][vc_column width=\u00bb1\/6&#8243;][\/vc_column][\/vc_row]<\/p>\n<\/div>","protected":false},"excerpt":{"rendered":"<p>[vc_section full_width=\u00bbstretch_row\u00bb content_placement=\u00bbmiddle\u00bb css=\u00bb.vc_custom_1693320243905{padding-top: 0px !important;background-image: url(https:\/\/thern.com\/wp-content\/uploads\/2023\/08\/Thern-Industry-Header-Banners-mining.jpg?id=23602) !important;background-position: center !important;background-repeat: no-repeat !important;background-size: cover !important;}\u00bb][vc_row full_width=\u00bbstretch_row\u00bb css=\u00bb.vc_custom_1692983676181{padding-top: 50px !important;padding-bottom: 70px !important;background-color: rgba(0,0,0,0.5) !important;*background-color: rgb(0,0,0) !important;}\u00bb][vc_column][vc_custom_heading text=\u00bbCabrestantes para puertas de hornos\u00bb font_container=\u00bbtag:h1|text_align:left|color:%23ffffff\u00bb use_theme_fonts=\u00bbyes\u00bb css_animation=\u00bbfadeInLeft\u00bb][\/vc_column][\/vc_row][\/vc_section][vc_row equal_height=\u00bbyes\u00bb css=\u00bb.vc_custom_1692984692373{padding-top: 65px !important;padding-bottom: 35px !important;}\u00bb][vc_column css_animation=\u00bbfadeInLeft\u00bb width=\u00bb1\/2&#8243;][vc_column_text]Cuando necesita abrir y cerrar puertas de calderas pesadas y calientes, los cabrestantes Thern son la &#8230; <a title=\"Furnace Door Winches\" class=\"read-more\" href=\"https:\/\/thern.com\/es\/industries\/mining\/furnace-door-winches\/\" aria-label=\"More on Furnace Door Winches\">Read more<\/a><\/p>\n","protected":false},"author":1,"featured_media":0,"parent":32465,"menu_order":0,"comment_status":"closed","ping_status":"closed","template":"","meta":{"footnotes":""},"class_list":["post-32151","page","type-page","status-publish"],"yoast_head":"<!-- This site is optimized with the Yoast SEO plugin v27.4 - https:\/\/yoast.com\/product\/yoast-seo-wordpress\/ -->\n<title>Cabrestantes para puertas de hornos - Equipos de elevaci\u00f3n para miner\u00eda | Thern\u00ae Winches &amp; Cranes<\/title>\n<meta name=\"description\" content=\"Cuando necesita abrir y cerrar puertas de hornos pesadas y calientes en plantas de fundici\u00f3n, los cabrestantes especializados de Thern son la soluci\u00f3n de elevaci\u00f3n perfecta.\" \/>\n<meta name=\"robots\" content=\"index, follow, max-snippet:-1, max-image-preview:large, max-video-preview:-1\" \/>\n<link rel=\"canonical\" href=\"https:\/\/thern.com\/es\/industries\/mining\/furnace-door-winches\/\" \/>\n<meta property=\"og:locale\" content=\"es_ES\" \/>\n<meta property=\"og:type\" content=\"article\" \/>\n<meta property=\"og:title\" content=\"Cabrestantes para puertas de hornos - Equipos de elevaci\u00f3n para miner\u00eda | Thern\u00ae Winches &amp; Cranes\" \/>\n<meta property=\"og:description\" content=\"Cuando necesita abrir y cerrar puertas de hornos pesadas y calientes en plantas de fundici\u00f3n, los cabrestantes especializados de Thern son la soluci\u00f3n de elevaci\u00f3n perfecta.\" \/>\n<meta property=\"og:url\" content=\"https:\/\/thern.com\/es\/industries\/mining\/furnace-door-winches\/\" \/>\n<meta property=\"og:site_name\" content=\"Thern\u00ae Winches &amp; Cranes\" \/>\n<meta property=\"article:publisher\" content=\"https:\/\/www.facebook.com\/ThernInc\/\" \/>\n<meta property=\"article:modified_time\" content=\"2023-10-06T03:52:02+00:00\" \/>\n<meta name=\"twitter:card\" content=\"summary_large_image\" \/>\n<meta name=\"twitter:label1\" content=\"Tiempo de lectura\" \/>\n\t<meta name=\"twitter:data1\" content=\"2 minutos\" \/>\n<script type=\"application\/ld+json\" class=\"yoast-schema-graph\">{\"@context\":\"https:\\\/\\\/schema.org\",\"@graph\":[{\"@type\":\"WebPage\",\"@id\":\"https:\\\/\\\/thern.com\\\/es\\\/industries\\\/mining\\\/furnace-door-winches\\\/\",\"url\":\"https:\\\/\\\/thern.com\\\/es\\\/industries\\\/mining\\\/furnace-door-winches\\\/\",\"name\":\"Cabrestantes para puertas de hornos - Equipos de elevaci\u00f3n para miner\u00eda | Thern\u00ae Winches &amp; Cranes\",\"isPartOf\":{\"@id\":\"https:\\\/\\\/thern.com\\\/es\\\/#website\"},\"datePublished\":\"2023-08-29T14:49:57+00:00\",\"dateModified\":\"2023-10-06T03:52:02+00:00\",\"description\":\"Cuando necesita abrir y cerrar puertas de hornos pesadas y calientes en plantas de fundici\u00f3n, los cabrestantes especializados de Thern son la soluci\u00f3n de elevaci\u00f3n perfecta.\",\"breadcrumb\":{\"@id\":\"https:\\\/\\\/thern.com\\\/es\\\/industries\\\/mining\\\/furnace-door-winches\\\/#breadcrumb\"},\"inLanguage\":\"es\",\"potentialAction\":[{\"@type\":\"ReadAction\",\"target\":[\"https:\\\/\\\/thern.com\\\/es\\\/industries\\\/mining\\\/furnace-door-winches\\\/\"]}]},{\"@type\":\"BreadcrumbList\",\"@id\":\"https:\\\/\\\/thern.com\\\/es\\\/industries\\\/mining\\\/furnace-door-winches\\\/#breadcrumb\",\"itemListElement\":[{\"@type\":\"ListItem\",\"position\":1,\"name\":\"Home\",\"item\":\"https:\\\/\\\/thern.com\\\/es\\\/\"},{\"@type\":\"ListItem\",\"position\":2,\"name\":\"Industries\",\"item\":\"https:\\\/\\\/thern.com\\\/es\\\/industries\\\/\"},{\"@type\":\"ListItem\",\"position\":3,\"name\":\"Mining\",\"item\":\"https:\\\/\\\/thern.com\\\/es\\\/industries\\\/mining\\\/\"},{\"@type\":\"ListItem\",\"position\":4,\"name\":\"Furnace Door Winches\"}]},{\"@type\":\"WebSite\",\"@id\":\"https:\\\/\\\/thern.com\\\/es\\\/#website\",\"url\":\"https:\\\/\\\/thern.com\\\/es\\\/\",\"name\":\"Thern\u00ae Winches &amp; Cranes\",\"description\":\"Leave the Heavy Lifting to Us\",\"publisher\":{\"@id\":\"https:\\\/\\\/thern.com\\\/es\\\/#organization\"},\"potentialAction\":[{\"@type\":\"SearchAction\",\"target\":{\"@type\":\"EntryPoint\",\"urlTemplate\":\"https:\\\/\\\/thern.com\\\/es\\\/?s={search_term_string}\"},\"query-input\":{\"@type\":\"PropertyValueSpecification\",\"valueRequired\":true,\"valueName\":\"search_term_string\"}}],\"inLanguage\":\"es\"},{\"@type\":\"Organization\",\"@id\":\"https:\\\/\\\/thern.com\\\/es\\\/#organization\",\"name\":\"Thern\u00ae Winches &amp; Cranes\",\"url\":\"https:\\\/\\\/thern.com\\\/es\\\/\",\"logo\":{\"@type\":\"ImageObject\",\"inLanguage\":\"es\",\"@id\":\"https:\\\/\\\/thern.com\\\/es\\\/#\\\/schema\\\/logo\\\/image\\\/\",\"url\":\"https:\\\/\\\/thern.com\\\/wp-content\\\/uploads\\\/2023\\\/11\\\/Logo_SaveForWeb-outline-FINAL-01.svg\",\"contentUrl\":\"https:\\\/\\\/thern.com\\\/wp-content\\\/uploads\\\/2023\\\/11\\\/Logo_SaveForWeb-outline-FINAL-01.svg\",\"caption\":\"Thern\u00ae Winches &amp; Cranes\"},\"image\":{\"@id\":\"https:\\\/\\\/thern.com\\\/es\\\/#\\\/schema\\\/logo\\\/image\\\/\"},\"sameAs\":[\"https:\\\/\\\/www.facebook.com\\\/ThernInc\\\/\",\"https:\\\/\\\/www.linkedin.com\\\/company\\\/thern-inc-\\\/\",\"https:\\\/\\\/www.youtube.com\\\/user\\\/ThernStage\"]}]}<\/script>\n<!-- \/ Yoast SEO plugin. -->","yoast_head_json":{"title":"Cabrestantes para puertas de hornos - Equipos de elevaci\u00f3n para miner\u00eda | Thern\u00ae Winches &amp; Cranes","description":"Cuando necesita abrir y cerrar puertas de hornos pesadas y calientes en plantas de fundici\u00f3n, los cabrestantes especializados de Thern son la soluci\u00f3n de elevaci\u00f3n perfecta.","robots":{"index":"index","follow":"follow","max-snippet":"max-snippet:-1","max-image-preview":"max-image-preview:large","max-video-preview":"max-video-preview:-1"},"canonical":"https:\/\/thern.com\/es\/industries\/mining\/furnace-door-winches\/","og_locale":"es_ES","og_type":"article","og_title":"Cabrestantes para puertas de hornos - Equipos de elevaci\u00f3n para miner\u00eda | Thern\u00ae Winches &amp; Cranes","og_description":"Cuando necesita abrir y cerrar puertas de hornos pesadas y calientes en plantas de fundici\u00f3n, los cabrestantes especializados de Thern son la soluci\u00f3n de elevaci\u00f3n perfecta.","og_url":"https:\/\/thern.com\/es\/industries\/mining\/furnace-door-winches\/","og_site_name":"Thern\u00ae Winches &amp; Cranes","article_publisher":"https:\/\/www.facebook.com\/ThernInc\/","article_modified_time":"2023-10-06T03:52:02+00:00","twitter_card":"summary_large_image","twitter_misc":{"Tiempo de lectura":"2 minutos"},"schema":{"@context":"https:\/\/schema.org","@graph":[{"@type":"WebPage","@id":"https:\/\/thern.com\/es\/industries\/mining\/furnace-door-winches\/","url":"https:\/\/thern.com\/es\/industries\/mining\/furnace-door-winches\/","name":"Cabrestantes para puertas de hornos - Equipos de elevaci\u00f3n para miner\u00eda | Thern\u00ae Winches &amp; Cranes","isPartOf":{"@id":"https:\/\/thern.com\/es\/#website"},"datePublished":"2023-08-29T14:49:57+00:00","dateModified":"2023-10-06T03:52:02+00:00","description":"Cuando necesita abrir y cerrar puertas de hornos pesadas y calientes en plantas de fundici\u00f3n, los cabrestantes especializados de Thern son la soluci\u00f3n de elevaci\u00f3n perfecta.","breadcrumb":{"@id":"https:\/\/thern.com\/es\/industries\/mining\/furnace-door-winches\/#breadcrumb"},"inLanguage":"es","potentialAction":[{"@type":"ReadAction","target":["https:\/\/thern.com\/es\/industries\/mining\/furnace-door-winches\/"]}]},{"@type":"BreadcrumbList","@id":"https:\/\/thern.com\/es\/industries\/mining\/furnace-door-winches\/#breadcrumb","itemListElement":[{"@type":"ListItem","position":1,"name":"Home","item":"https:\/\/thern.com\/es\/"},{"@type":"ListItem","position":2,"name":"Industries","item":"https:\/\/thern.com\/es\/industries\/"},{"@type":"ListItem","position":3,"name":"Mining","item":"https:\/\/thern.com\/es\/industries\/mining\/"},{"@type":"ListItem","position":4,"name":"Furnace Door Winches"}]},{"@type":"WebSite","@id":"https:\/\/thern.com\/es\/#website","url":"https:\/\/thern.com\/es\/","name":"Thern\u00ae Winches &amp; Cranes","description":"Leave the Heavy Lifting to Us","publisher":{"@id":"https:\/\/thern.com\/es\/#organization"},"potentialAction":[{"@type":"SearchAction","target":{"@type":"EntryPoint","urlTemplate":"https:\/\/thern.com\/es\/?s={search_term_string}"},"query-input":{"@type":"PropertyValueSpecification","valueRequired":true,"valueName":"search_term_string"}}],"inLanguage":"es"},{"@type":"Organization","@id":"https:\/\/thern.com\/es\/#organization","name":"Thern\u00ae Winches &amp; Cranes","url":"https:\/\/thern.com\/es\/","logo":{"@type":"ImageObject","inLanguage":"es","@id":"https:\/\/thern.com\/es\/#\/schema\/logo\/image\/","url":"https:\/\/thern.com\/wp-content\/uploads\/2023\/11\/Logo_SaveForWeb-outline-FINAL-01.svg","contentUrl":"https:\/\/thern.com\/wp-content\/uploads\/2023\/11\/Logo_SaveForWeb-outline-FINAL-01.svg","caption":"Thern\u00ae Winches &amp; Cranes"},"image":{"@id":"https:\/\/thern.com\/es\/#\/schema\/logo\/image\/"},"sameAs":["https:\/\/www.facebook.com\/ThernInc\/","https:\/\/www.linkedin.com\/company\/thern-inc-\/","https:\/\/www.youtube.com\/user\/ThernStage"]}]}},"_links":{"self":[{"href":"https:\/\/thern.com\/es\/wp-json\/wp\/v2\/pages\/32151","targetHints":{"allow":["GET"]}}],"collection":[{"href":"https:\/\/thern.com\/es\/wp-json\/wp\/v2\/pages"}],"about":[{"href":"https:\/\/thern.com\/es\/wp-json\/wp\/v2\/types\/page"}],"author":[{"embeddable":true,"href":"https:\/\/thern.com\/es\/wp-json\/wp\/v2\/users\/1"}],"replies":[{"embeddable":true,"href":"https:\/\/thern.com\/es\/wp-json\/wp\/v2\/comments?post=32151"}],"version-history":[{"count":0,"href":"https:\/\/thern.com\/es\/wp-json\/wp\/v2\/pages\/32151\/revisions"}],"up":[{"embeddable":true,"href":"https:\/\/thern.com\/es\/wp-json\/wp\/v2\/pages\/32465"}],"wp:attachment":[{"href":"https:\/\/thern.com\/es\/wp-json\/wp\/v2\/media?parent=32151"}],"curies":[{"name":"wp","href":"https:\/\/api.w.org\/{rel}","templated":true}]}}