{"id":32103,"date":"2023-08-29T14:45:19","date_gmt":"2023-08-29T14:45:19","guid":{"rendered":"https:\/\/therninc.wpenginepowered.com\/conveyer-tensioning-winches\/"},"modified":"2023-10-06T03:18:29","modified_gmt":"2023-10-06T03:18:29","slug":"conveyer-tensioning-winches","status":"publish","type":"page","link":"https:\/\/thern.com\/es\/industries\/mining\/conveyer-tensioning-winches\/","title":{"rendered":"Tensioning &#038; Conveyor Take-Up Winches"},"content":{"rendered":"<div class=\"wpb-content-wrapper\"><p>[vc_section full_width=\u00bbstretch_row\u00bb content_placement=\u00bbmiddle\u00bb css=\u00bb.vc_custom_1693320243905{padding-top: 0px !important;background-image: url(https:\/\/thern.com\/wp-content\/uploads\/2023\/08\/Thern-Industry-Header-Banners-mining.jpg?id=23602) !important;background-position: center !important;background-repeat: no-repeat !important;background-size: cover !important;}\u00bb][vc_row full_width=\u00bbstretch_row\u00bb css=\u00bb.vc_custom_1692983676181{padding-top: 50px !important;padding-bottom: 70px !important;background-color: rgba(0,0,0,0.5) !important;*background-color: rgb(0,0,0) !important;}\u00bb][vc_column][vc_custom_heading text=\u00bbCabrestantes tensores y transportadores\u00bb font_container=\u00bbtag:h1|text_align:left|color:%23ffffff\u00bb use_theme_fonts=\u00bbyes\u00bb css_animation=\u00bbfadeInLeft\u00bb][\/vc_column][\/vc_row][\/vc_section][vc_row equal_height=\u00bbyes\u00bb css=\u00bb.vc_custom_1692984692373{padding-top: 65px !important;padding-bottom: 35px !important;}\u00bb][vc_column css_animation=\u00bbfadeInLeft\u00bb width=\u00bb1\/2&#8243;][vc_column_text]Ideales para ajuste continuo de tensi\u00f3n y tensi\u00f3n, los cabrestantes el\u00e9ctricos para transportadores pueden proporcionar soluciones potentes y econ\u00f3micas en un solo paquete de cabrestante.<\/p>\n<p>Cabrestantes transportadores | Construido a medida para una mina de cobre y oro<\/p>\n<p>Thern proporcion\u00f3 15 cabrestantes hidr\u00e1ulicos de mantenimiento y recogida de contrapesos para una mina de cobre y oro en el norte de Per\u00fa.<\/p>\n<p>Utilizamos nuestro cabrestante de la serie 4HPF como modelo base y luego personalizamos los 20M, 25M, 40M, 70M y 80M para satisfacer las necesidades del proyecto. Se prev\u00e9 que la producci\u00f3n de la mina tenga una producci\u00f3n anual promedio de 580.000 a 680.000 onzas de oro y de 155 a 235 millones de libras de cobre durante sus primeros cinco a\u00f1os.<\/p>\n<p>Cabrestante de elevaci\u00f3n del tensor del transportador | Proyecto minero hecho a la medida para Per\u00fa<\/p>\n<p>Thern suministr\u00f3 un cabrestante de elevaci\u00f3n del tensor del transportador para una de las minas de cobre m\u00e1s grandes del mundo en Las Bambas, Per\u00fa. Cada uno de los dos nuevos transportadores terrestres en la mina de cobre Las Bambas tendr\u00e1 aproximadamente 2,5 kil\u00f3metros de largo y transportar\u00e1 el mineral desde la mina hasta la planta de procesamiento. Las correas tendr\u00e1n 1.830 mil\u00edmetros de ancho, viajar\u00e1n a 6,5 \u200b\u200bmetros por segundo y est\u00e1n dise\u00f1adas para transportar aproximadamente 9.400 toneladas m\u00e9tricas de material por hora.[\/vc_column_text][vc_btn title=\u00bbRegresar a Industrias\u00bb style=\u00bbcustom\u00bb custom_background=\u00bb#c71a32&#8243; custom_text=\u00bb#ffffff\u00bb shape=\u00bbsquare\u00bb size=\u00bblg\u00bb align=\u00bbleft\u00bb i_icon_fontawesome=\u00bbfas fa-angle-left\u00bb add_icon=\u00bbtrue\u00bb link=\u00bburl:%2Fes%2Findustries%2F|title:Return%20to%20Industries\u00bb][\/vc_column][vc_column css_animation=\u00bbfadeInRight\u00bb width=\u00bb1\/2&#8243;][vc_gallery type=\u00bbflexslider_slide\u00bb interval=\u00bb0&#8243; images=\u00bb23603,23605&#8243; img_size=\u00bbfull\u00bb onclick=\u00bb\u00bb][vc_single_image image=\u00bb23604&#8243; img_size=\u00bbfull\u00bb alignment=\u00bbcenter\u00bb][\/vc_column][\/vc_row][vc_row full_width=\u00bbstretch_row\u00bb css=\u00bb.vc_custom_1692985441183{padding-top: 35px !important;padding-bottom: 35px !important;}\u00bb][vc_column width=\u00bb1\/6&#8243;][\/vc_column][vc_column css_animation=\u00bbfadeInUp\u00bb width=\u00bb4\/6&#8243;][vc_custom_heading text=\u00bbEstamos aqu\u00ed para ayudar\u00bb font_container=\u00bbtag:h2|text_align:center|color:%230a0a0a\u00bb use_theme_fonts=\u00bbyes\u00bb css=\u00bb.vc_custom_1696543088473{margin-bottom: 0px !important;}\u00bb][vc_column_text]<\/p>\n<p style=\"text-align: center;\">\u00bfTiene preguntas? El amable y experto personal de ventas y servicio de Thern est\u00e1 dispuesto a ayudarle.<\/p>\n<p>[\/vc_column_text][vc_btn title=\u00bbContacta con nosotros\u00bb style=\u00bbcustom\u00bb custom_background=\u00bb#c71a32&#8243; custom_text=\u00bb#ffffff\u00bb shape=\u00bbsquare\u00bb size=\u00bblg\u00bb align=\u00bbcenter\u00bb i_align=\u00bbright\u00bb i_icon_fontawesome=\u00bbfas fa-angle-right\u00bb add_icon=\u00bbtrue\u00bb link=\u00bburl:%2Fes%2Fcontact%2F|title:Contact\u00bb][\/vc_column][vc_column width=\u00bb1\/6&#8243;][\/vc_column][\/vc_row]<\/p>\n<\/div>","protected":false},"excerpt":{"rendered":"<p>[vc_section full_width=\u00bbstretch_row\u00bb content_placement=\u00bbmiddle\u00bb css=\u00bb.vc_custom_1693320243905{padding-top: 0px !important;background-image: url(https:\/\/thern.com\/wp-content\/uploads\/2023\/08\/Thern-Industry-Header-Banners-mining.jpg?id=23602) !important;background-position: center !important;background-repeat: no-repeat !important;background-size: cover !important;}\u00bb][vc_row full_width=\u00bbstretch_row\u00bb css=\u00bb.vc_custom_1692983676181{padding-top: 50px !important;padding-bottom: 70px !important;background-color: rgba(0,0,0,0.5) !important;*background-color: rgb(0,0,0) !important;}\u00bb][vc_column][vc_custom_heading text=\u00bbCabrestantes tensores y transportadores\u00bb font_container=\u00bbtag:h1|text_align:left|color:%23ffffff\u00bb use_theme_fonts=\u00bbyes\u00bb css_animation=\u00bbfadeInLeft\u00bb][\/vc_column][\/vc_row][\/vc_section][vc_row equal_height=\u00bbyes\u00bb css=\u00bb.vc_custom_1692984692373{padding-top: 65px !important;padding-bottom: 35px !important;}\u00bb][vc_column css_animation=\u00bbfadeInLeft\u00bb width=\u00bb1\/2&#8243;][vc_column_text]Ideales para ajuste continuo de tensi\u00f3n y tensi\u00f3n, los cabrestantes el\u00e9ctricos para transportadores pueden proporcionar soluciones potentes &#8230; <a title=\"Tensioning &#038; Conveyor Take-Up Winches\" class=\"read-more\" href=\"https:\/\/thern.com\/es\/industries\/mining\/conveyer-tensioning-winches\/\" aria-label=\"More on Tensioning &#038; Conveyor Take-Up Winches\">Read more<\/a><\/p>\n","protected":false},"author":1,"featured_media":0,"parent":32465,"menu_order":0,"comment_status":"closed","ping_status":"closed","template":"","meta":{"footnotes":""},"class_list":["post-32103","page","type-page","status-publish"],"yoast_head":"<!-- This site is optimized with the Yoast SEO plugin v27.4 - https:\/\/yoast.com\/product\/yoast-seo-wordpress\/ -->\n<title>Cabrestantes tensores y transportadores - Equipos de elevaci\u00f3n para miner\u00eda | Thern\u00ae Winches &amp; Cranes<\/title>\n<meta name=\"description\" content=\"Los cabrestantes el\u00e9ctricos para transportadores de Thern proporcionan soluciones de elevaci\u00f3n potentes y econ\u00f3micas en un solo paquete de cabrestante, ideal para tensi\u00f3n y recogida continuas.\" \/>\n<meta name=\"robots\" content=\"index, follow, max-snippet:-1, max-image-preview:large, max-video-preview:-1\" \/>\n<link rel=\"canonical\" href=\"https:\/\/thern.com\/es\/industries\/mining\/conveyer-tensioning-winches\/\" \/>\n<meta property=\"og:locale\" content=\"es_ES\" \/>\n<meta property=\"og:type\" content=\"article\" \/>\n<meta property=\"og:title\" content=\"Cabrestantes tensores y transportadores - Equipos de elevaci\u00f3n para miner\u00eda | Thern\u00ae Winches &amp; Cranes\" \/>\n<meta property=\"og:description\" content=\"Los cabrestantes el\u00e9ctricos para transportadores de Thern proporcionan soluciones de elevaci\u00f3n potentes y econ\u00f3micas en un solo paquete de cabrestante, ideal para tensi\u00f3n y recogida continuas.\" \/>\n<meta property=\"og:url\" content=\"https:\/\/thern.com\/es\/industries\/mining\/conveyer-tensioning-winches\/\" \/>\n<meta property=\"og:site_name\" content=\"Thern\u00ae Winches &amp; Cranes\" \/>\n<meta property=\"article:publisher\" content=\"https:\/\/www.facebook.com\/ThernInc\/\" \/>\n<meta property=\"article:modified_time\" content=\"2023-10-06T03:18:29+00:00\" \/>\n<meta name=\"twitter:card\" content=\"summary_large_image\" \/>\n<meta name=\"twitter:label1\" content=\"Tiempo de lectura\" \/>\n\t<meta name=\"twitter:data1\" content=\"2 minutos\" \/>\n<script type=\"application\/ld+json\" class=\"yoast-schema-graph\">{\"@context\":\"https:\\\/\\\/schema.org\",\"@graph\":[{\"@type\":\"WebPage\",\"@id\":\"https:\\\/\\\/thern.com\\\/es\\\/industries\\\/mining\\\/conveyer-tensioning-winches\\\/\",\"url\":\"https:\\\/\\\/thern.com\\\/es\\\/industries\\\/mining\\\/conveyer-tensioning-winches\\\/\",\"name\":\"Cabrestantes tensores y transportadores - Equipos de elevaci\u00f3n para miner\u00eda | Thern\u00ae Winches &amp; Cranes\",\"isPartOf\":{\"@id\":\"https:\\\/\\\/thern.com\\\/es\\\/#website\"},\"datePublished\":\"2023-08-29T14:45:19+00:00\",\"dateModified\":\"2023-10-06T03:18:29+00:00\",\"description\":\"Los cabrestantes el\u00e9ctricos para transportadores de Thern proporcionan soluciones de elevaci\u00f3n potentes y econ\u00f3micas en un solo paquete de cabrestante, ideal para tensi\u00f3n y recogida continuas.\",\"breadcrumb\":{\"@id\":\"https:\\\/\\\/thern.com\\\/es\\\/industries\\\/mining\\\/conveyer-tensioning-winches\\\/#breadcrumb\"},\"inLanguage\":\"es\",\"potentialAction\":[{\"@type\":\"ReadAction\",\"target\":[\"https:\\\/\\\/thern.com\\\/es\\\/industries\\\/mining\\\/conveyer-tensioning-winches\\\/\"]}]},{\"@type\":\"BreadcrumbList\",\"@id\":\"https:\\\/\\\/thern.com\\\/es\\\/industries\\\/mining\\\/conveyer-tensioning-winches\\\/#breadcrumb\",\"itemListElement\":[{\"@type\":\"ListItem\",\"position\":1,\"name\":\"Home\",\"item\":\"https:\\\/\\\/thern.com\\\/es\\\/\"},{\"@type\":\"ListItem\",\"position\":2,\"name\":\"Industries\",\"item\":\"https:\\\/\\\/thern.com\\\/es\\\/industries\\\/\"},{\"@type\":\"ListItem\",\"position\":3,\"name\":\"Mining\",\"item\":\"https:\\\/\\\/thern.com\\\/es\\\/industries\\\/mining\\\/\"},{\"@type\":\"ListItem\",\"position\":4,\"name\":\"Tensioning &#038; Conveyor Take-Up Winches\"}]},{\"@type\":\"WebSite\",\"@id\":\"https:\\\/\\\/thern.com\\\/es\\\/#website\",\"url\":\"https:\\\/\\\/thern.com\\\/es\\\/\",\"name\":\"Thern\u00ae Winches &amp; Cranes\",\"description\":\"Leave the Heavy Lifting to Us\",\"publisher\":{\"@id\":\"https:\\\/\\\/thern.com\\\/es\\\/#organization\"},\"potentialAction\":[{\"@type\":\"SearchAction\",\"target\":{\"@type\":\"EntryPoint\",\"urlTemplate\":\"https:\\\/\\\/thern.com\\\/es\\\/?s={search_term_string}\"},\"query-input\":{\"@type\":\"PropertyValueSpecification\",\"valueRequired\":true,\"valueName\":\"search_term_string\"}}],\"inLanguage\":\"es\"},{\"@type\":\"Organization\",\"@id\":\"https:\\\/\\\/thern.com\\\/es\\\/#organization\",\"name\":\"Thern\u00ae Winches &amp; Cranes\",\"url\":\"https:\\\/\\\/thern.com\\\/es\\\/\",\"logo\":{\"@type\":\"ImageObject\",\"inLanguage\":\"es\",\"@id\":\"https:\\\/\\\/thern.com\\\/es\\\/#\\\/schema\\\/logo\\\/image\\\/\",\"url\":\"https:\\\/\\\/thern.com\\\/wp-content\\\/uploads\\\/2023\\\/11\\\/Logo_SaveForWeb-outline-FINAL-01.svg\",\"contentUrl\":\"https:\\\/\\\/thern.com\\\/wp-content\\\/uploads\\\/2023\\\/11\\\/Logo_SaveForWeb-outline-FINAL-01.svg\",\"caption\":\"Thern\u00ae Winches &amp; Cranes\"},\"image\":{\"@id\":\"https:\\\/\\\/thern.com\\\/es\\\/#\\\/schema\\\/logo\\\/image\\\/\"},\"sameAs\":[\"https:\\\/\\\/www.facebook.com\\\/ThernInc\\\/\",\"https:\\\/\\\/www.linkedin.com\\\/company\\\/thern-inc-\\\/\",\"https:\\\/\\\/www.youtube.com\\\/user\\\/ThernStage\"]}]}<\/script>\n<!-- \/ Yoast SEO plugin. -->","yoast_head_json":{"title":"Cabrestantes tensores y transportadores - Equipos de elevaci\u00f3n para miner\u00eda | Thern\u00ae Winches &amp; Cranes","description":"Los cabrestantes el\u00e9ctricos para transportadores de Thern proporcionan soluciones de elevaci\u00f3n potentes y econ\u00f3micas en un solo paquete de cabrestante, ideal para tensi\u00f3n y recogida continuas.","robots":{"index":"index","follow":"follow","max-snippet":"max-snippet:-1","max-image-preview":"max-image-preview:large","max-video-preview":"max-video-preview:-1"},"canonical":"https:\/\/thern.com\/es\/industries\/mining\/conveyer-tensioning-winches\/","og_locale":"es_ES","og_type":"article","og_title":"Cabrestantes tensores y transportadores - Equipos de elevaci\u00f3n para miner\u00eda | Thern\u00ae Winches &amp; Cranes","og_description":"Los cabrestantes el\u00e9ctricos para transportadores de Thern proporcionan soluciones de elevaci\u00f3n potentes y econ\u00f3micas en un solo paquete de cabrestante, ideal para tensi\u00f3n y recogida continuas.","og_url":"https:\/\/thern.com\/es\/industries\/mining\/conveyer-tensioning-winches\/","og_site_name":"Thern\u00ae Winches &amp; Cranes","article_publisher":"https:\/\/www.facebook.com\/ThernInc\/","article_modified_time":"2023-10-06T03:18:29+00:00","twitter_card":"summary_large_image","twitter_misc":{"Tiempo de lectura":"2 minutos"},"schema":{"@context":"https:\/\/schema.org","@graph":[{"@type":"WebPage","@id":"https:\/\/thern.com\/es\/industries\/mining\/conveyer-tensioning-winches\/","url":"https:\/\/thern.com\/es\/industries\/mining\/conveyer-tensioning-winches\/","name":"Cabrestantes tensores y transportadores - Equipos de elevaci\u00f3n para miner\u00eda | Thern\u00ae Winches &amp; Cranes","isPartOf":{"@id":"https:\/\/thern.com\/es\/#website"},"datePublished":"2023-08-29T14:45:19+00:00","dateModified":"2023-10-06T03:18:29+00:00","description":"Los cabrestantes el\u00e9ctricos para transportadores de Thern proporcionan soluciones de elevaci\u00f3n potentes y econ\u00f3micas en un solo paquete de cabrestante, ideal para tensi\u00f3n y recogida continuas.","breadcrumb":{"@id":"https:\/\/thern.com\/es\/industries\/mining\/conveyer-tensioning-winches\/#breadcrumb"},"inLanguage":"es","potentialAction":[{"@type":"ReadAction","target":["https:\/\/thern.com\/es\/industries\/mining\/conveyer-tensioning-winches\/"]}]},{"@type":"BreadcrumbList","@id":"https:\/\/thern.com\/es\/industries\/mining\/conveyer-tensioning-winches\/#breadcrumb","itemListElement":[{"@type":"ListItem","position":1,"name":"Home","item":"https:\/\/thern.com\/es\/"},{"@type":"ListItem","position":2,"name":"Industries","item":"https:\/\/thern.com\/es\/industries\/"},{"@type":"ListItem","position":3,"name":"Mining","item":"https:\/\/thern.com\/es\/industries\/mining\/"},{"@type":"ListItem","position":4,"name":"Tensioning &#038; Conveyor Take-Up Winches"}]},{"@type":"WebSite","@id":"https:\/\/thern.com\/es\/#website","url":"https:\/\/thern.com\/es\/","name":"Thern\u00ae Winches &amp; Cranes","description":"Leave the Heavy Lifting to Us","publisher":{"@id":"https:\/\/thern.com\/es\/#organization"},"potentialAction":[{"@type":"SearchAction","target":{"@type":"EntryPoint","urlTemplate":"https:\/\/thern.com\/es\/?s={search_term_string}"},"query-input":{"@type":"PropertyValueSpecification","valueRequired":true,"valueName":"search_term_string"}}],"inLanguage":"es"},{"@type":"Organization","@id":"https:\/\/thern.com\/es\/#organization","name":"Thern\u00ae Winches &amp; Cranes","url":"https:\/\/thern.com\/es\/","logo":{"@type":"ImageObject","inLanguage":"es","@id":"https:\/\/thern.com\/es\/#\/schema\/logo\/image\/","url":"https:\/\/thern.com\/wp-content\/uploads\/2023\/11\/Logo_SaveForWeb-outline-FINAL-01.svg","contentUrl":"https:\/\/thern.com\/wp-content\/uploads\/2023\/11\/Logo_SaveForWeb-outline-FINAL-01.svg","caption":"Thern\u00ae Winches &amp; Cranes"},"image":{"@id":"https:\/\/thern.com\/es\/#\/schema\/logo\/image\/"},"sameAs":["https:\/\/www.facebook.com\/ThernInc\/","https:\/\/www.linkedin.com\/company\/thern-inc-\/","https:\/\/www.youtube.com\/user\/ThernStage"]}]}},"_links":{"self":[{"href":"https:\/\/thern.com\/es\/wp-json\/wp\/v2\/pages\/32103","targetHints":{"allow":["GET"]}}],"collection":[{"href":"https:\/\/thern.com\/es\/wp-json\/wp\/v2\/pages"}],"about":[{"href":"https:\/\/thern.com\/es\/wp-json\/wp\/v2\/types\/page"}],"author":[{"embeddable":true,"href":"https:\/\/thern.com\/es\/wp-json\/wp\/v2\/users\/1"}],"replies":[{"embeddable":true,"href":"https:\/\/thern.com\/es\/wp-json\/wp\/v2\/comments?post=32103"}],"version-history":[{"count":0,"href":"https:\/\/thern.com\/es\/wp-json\/wp\/v2\/pages\/32103\/revisions"}],"up":[{"embeddable":true,"href":"https:\/\/thern.com\/es\/wp-json\/wp\/v2\/pages\/32465"}],"wp:attachment":[{"href":"https:\/\/thern.com\/es\/wp-json\/wp\/v2\/media?parent=32103"}],"curies":[{"name":"wp","href":"https:\/\/api.w.org\/{rel}","templated":true}]}}