{"id":31906,"date":"2023-08-28T17:26:15","date_gmt":"2023-08-28T17:26:15","guid":{"rendered":"https:\/\/therninc.wpenginepowered.com\/radial-stacker-winches\/"},"modified":"2023-10-06T00:47:15","modified_gmt":"2023-10-06T00:47:15","slug":"radial-stacker-winches","status":"publish","type":"page","link":"https:\/\/thern.com\/es\/industries\/bulk-material-handling\/radial-stacker-winches\/","title":{"rendered":"Radial Stacker Winches"},"content":{"rendered":"<div class=\"wpb-content-wrapper\"><p>[vc_section full_width=\u00bbstretch_row\u00bb content_placement=\u00bbmiddle\u00bb css=\u00bb.vc_custom_1693242578193{padding-top: 0px !important;background-image: url(https:\/\/thern.com\/wp-content\/uploads\/2023\/08\/Thern-Industry-Header-Banners-Bulk-Handing-.jpg?id=23436) !important;background-position: center !important;background-repeat: no-repeat !important;background-size: cover !important;}\u00bb][vc_row full_width=\u00bbstretch_row\u00bb css=\u00bb.vc_custom_1692983676181{padding-top: 50px !important;padding-bottom: 70px !important;background-color: rgba(0,0,0,0.5) !important;*background-color: rgb(0,0,0) !important;}\u00bb][vc_column][vc_custom_heading text=\u00bbCabrestantes apiladores radiales\u00bb font_container=\u00bbtag:h1|text_align:left|color:%23ffffff\u00bb use_theme_fonts=\u00bbyes\u00bb css_animation=\u00bbfadeInLeft\u00bb][\/vc_column][\/vc_row][\/vc_section][vc_row equal_height=\u00bbyes\u00bb css=\u00bb.vc_custom_1692984692373{padding-top: 65px !important;padding-bottom: 35px !important;}\u00bb][vc_column css_animation=\u00bbfadeInLeft\u00bb width=\u00bb1\/2&#8243;][vc_column_text]Incluso los trabajos m\u00e1s importantes se pueden realizar con el cabrestante adecuado. Un cabrestante el\u00e9ctrico hecho a medida puede ajustar de manera conveniente y eficiente los \u00e1ngulos de pago del apilador y brindar un servicio confiable y duradero, eliminando el tiempo de inactividad y reduciendo costos.<\/p>\n<p>Cabrestante apilador radial | Dise\u00f1ado a medida para tecnolog\u00edas imperiales<\/p>\n<p>\u00abEl apilador radial es un transportador que se asienta sobre un cami\u00f3n con ruedas\u00bb, explic\u00f3 Bruce Wagner, director de proyectos de Imperial. \u201cEl cami\u00f3n se asienta sobre una v\u00eda con barandillas que forma un semic\u00edrculo de 150 pies de radio alrededor del apilador. Lo dise\u00f1amos para manejar una carga m\u00e1xima de 3.000 toneladas de carb\u00f3n por hora\u201d.<\/p>\n<p>La ventaja del apilador radial es que le brinda al operador la opci\u00f3n de crear muchas pilas m\u00faltiples de material o una pila radial continua. Esto puede ser \u00fatil para clasificar materiales, pero tambi\u00e9n le brinda al operador m\u00e1s capacidad de apilamiento en comparaci\u00f3n con una gran pila de material directamente frente al transportador.<\/p>\n<p>El apilador es un transportador de 200 pies de largo que gira en un extremo y el otro extremo se puede subir y bajar. Colocado sobre una placa de montaje encima de la cinta transportadora cerca del extremo pivotante del apilador hay un cabrestante el\u00e9ctrico Thern 4WS26M26, que sirve como medio para subir y bajar la pendiente del apilador en el extremo opuesto.[\/vc_column_text][vc_btn title=\u00bbRegresar a Industrias\u00bb style=\u00bbcustom\u00bb custom_background=\u00bb#c71a32&#8243; custom_text=\u00bb#ffffff\u00bb shape=\u00bbsquare\u00bb size=\u00bblg\u00bb align=\u00bbleft\u00bb i_icon_fontawesome=\u00bbfas fa-angle-left\u00bb add_icon=\u00bbtrue\u00bb link=\u00bburl:%2Fes%2Findustries%2F|title:Return%20to%20Industries\u00bb][\/vc_column][vc_column css_animation=\u00bbfadeInRight\u00bb width=\u00bb1\/2&#8243;][vc_gallery type=\u00bbflexslider_slide\u00bb interval=\u00bb0&#8243; images=\u00bb23463,23464,23465&#8243; img_size=\u00bbfull\u00bb onclick=\u00bb\u00bb css=\u00bb.vc_custom_1693243582933{margin-bottom: 0px !important;}\u00bb][vc_single_image image=\u00bb23467&#8243; img_size=\u00bbfull\u00bb alignment=\u00bbcenter\u00bb][\/vc_column][\/vc_row][vc_row full_width=\u00bbstretch_row\u00bb css=\u00bb.vc_custom_1692985441183{padding-top: 35px !important;padding-bottom: 35px !important;}\u00bb][vc_column width=\u00bb1\/6&#8243;][\/vc_column][vc_column css_animation=\u00bbfadeInUp\u00bb width=\u00bb4\/6&#8243;][vc_custom_heading text=\u00bbEstamos aqu\u00ed para ayudar\u00bb font_container=\u00bbtag:h2|text_align:center|color:%230a0a0a\u00bb use_theme_fonts=\u00bbyes\u00bb css=\u00bb.vc_custom_1696543088473{margin-bottom: 0px !important;}\u00bb][vc_column_text]<\/p>\n<p style=\"text-align: center;\">\u00bfTiene preguntas? El amable y experto personal de ventas y servicio de Thern est\u00e1 dispuesto a ayudarle.<\/p>\n<p>[\/vc_column_text][vc_btn title=\u00bbContacta con nosotros\u00bb style=\u00bbcustom\u00bb custom_background=\u00bb#c71a32&#8243; custom_text=\u00bb#ffffff\u00bb shape=\u00bbsquare\u00bb size=\u00bblg\u00bb align=\u00bbcenter\u00bb i_align=\u00bbright\u00bb i_icon_fontawesome=\u00bbfas fa-angle-right\u00bb add_icon=\u00bbtrue\u00bb link=\u00bburl:%2Fes%2Fcontact%2F|title:Contact\u00bb][\/vc_column][vc_column width=\u00bb1\/6&#8243;][\/vc_column][\/vc_row]<\/p>\n<\/div>","protected":false},"excerpt":{"rendered":"<p>[vc_section full_width=\u00bbstretch_row\u00bb content_placement=\u00bbmiddle\u00bb css=\u00bb.vc_custom_1693242578193{padding-top: 0px !important;background-image: url(https:\/\/thern.com\/wp-content\/uploads\/2023\/08\/Thern-Industry-Header-Banners-Bulk-Handing-.jpg?id=23436) !important;background-position: center !important;background-repeat: no-repeat !important;background-size: cover !important;}\u00bb][vc_row full_width=\u00bbstretch_row\u00bb css=\u00bb.vc_custom_1692983676181{padding-top: 50px !important;padding-bottom: 70px !important;background-color: rgba(0,0,0,0.5) !important;*background-color: rgb(0,0,0) !important;}\u00bb][vc_column][vc_custom_heading text=\u00bbCabrestantes apiladores radiales\u00bb font_container=\u00bbtag:h1|text_align:left|color:%23ffffff\u00bb use_theme_fonts=\u00bbyes\u00bb css_animation=\u00bbfadeInLeft\u00bb][\/vc_column][\/vc_row][\/vc_section][vc_row equal_height=\u00bbyes\u00bb css=\u00bb.vc_custom_1692984692373{padding-top: 65px !important;padding-bottom: 35px !important;}\u00bb][vc_column css_animation=\u00bbfadeInLeft\u00bb width=\u00bb1\/2&#8243;][vc_column_text]Incluso los trabajos m\u00e1s importantes se pueden realizar con el cabrestante adecuado. Un cabrestante el\u00e9ctrico hecho a medida &#8230; <a title=\"Radial Stacker Winches\" class=\"read-more\" href=\"https:\/\/thern.com\/es\/industries\/bulk-material-handling\/radial-stacker-winches\/\" aria-label=\"More on Radial Stacker Winches\">Read more<\/a><\/p>\n","protected":false},"author":1,"featured_media":0,"parent":32381,"menu_order":0,"comment_status":"closed","ping_status":"closed","template":"","meta":{"footnotes":""},"class_list":["post-31906","page","type-page","status-publish"],"yoast_head":"<!-- This site is optimized with the Yoast SEO plugin v27.4 - https:\/\/yoast.com\/product\/yoast-seo-wordpress\/ -->\n<title>Cabrestantes apiladores radiales - Manipulaci\u00f3n de materiales a granel | Thern\u00ae Winches &amp; Cranes<\/title>\n<meta name=\"description\" content=\"Los cabrestantes radiales para apiladores hechos a medida de Thern ajustan de manera conveniente y eficiente los \u00e1ngulos de pago del apilador y brindan un servicio confiable para reducir costos.\" \/>\n<meta name=\"robots\" content=\"index, follow, max-snippet:-1, max-image-preview:large, max-video-preview:-1\" \/>\n<link rel=\"canonical\" href=\"https:\/\/thern.com\/es\/industries\/bulk-material-handling\/radial-stacker-winches\/\" \/>\n<meta property=\"og:locale\" content=\"es_ES\" \/>\n<meta property=\"og:type\" content=\"article\" \/>\n<meta property=\"og:title\" content=\"Cabrestantes apiladores radiales - Manipulaci\u00f3n de materiales a granel | Thern\u00ae Winches &amp; Cranes\" \/>\n<meta property=\"og:description\" content=\"Los cabrestantes radiales para apiladores hechos a medida de Thern ajustan de manera conveniente y eficiente los \u00e1ngulos de pago del apilador y brindan un servicio confiable para reducir costos.\" \/>\n<meta property=\"og:url\" content=\"https:\/\/thern.com\/es\/industries\/bulk-material-handling\/radial-stacker-winches\/\" \/>\n<meta property=\"og:site_name\" content=\"Thern\u00ae Winches &amp; Cranes\" \/>\n<meta property=\"article:publisher\" content=\"https:\/\/www.facebook.com\/ThernInc\/\" \/>\n<meta property=\"article:modified_time\" content=\"2023-10-06T00:47:15+00:00\" \/>\n<meta name=\"twitter:card\" content=\"summary_large_image\" \/>\n<meta name=\"twitter:label1\" content=\"Tiempo de lectura\" \/>\n\t<meta name=\"twitter:data1\" content=\"2 minutos\" \/>\n<script type=\"application\/ld+json\" class=\"yoast-schema-graph\">{\"@context\":\"https:\\\/\\\/schema.org\",\"@graph\":[{\"@type\":\"WebPage\",\"@id\":\"https:\\\/\\\/thern.com\\\/es\\\/industries\\\/bulk-material-handling\\\/radial-stacker-winches\\\/\",\"url\":\"https:\\\/\\\/thern.com\\\/es\\\/industries\\\/bulk-material-handling\\\/radial-stacker-winches\\\/\",\"name\":\"Cabrestantes apiladores radiales - Manipulaci\u00f3n de materiales a granel | Thern\u00ae Winches &amp; Cranes\",\"isPartOf\":{\"@id\":\"https:\\\/\\\/thern.com\\\/es\\\/#website\"},\"datePublished\":\"2023-08-28T17:26:15+00:00\",\"dateModified\":\"2023-10-06T00:47:15+00:00\",\"description\":\"Los cabrestantes radiales para apiladores hechos a medida de Thern ajustan de manera conveniente y eficiente los \u00e1ngulos de pago del apilador y brindan un servicio confiable para reducir costos.\",\"breadcrumb\":{\"@id\":\"https:\\\/\\\/thern.com\\\/es\\\/industries\\\/bulk-material-handling\\\/radial-stacker-winches\\\/#breadcrumb\"},\"inLanguage\":\"es\",\"potentialAction\":[{\"@type\":\"ReadAction\",\"target\":[\"https:\\\/\\\/thern.com\\\/es\\\/industries\\\/bulk-material-handling\\\/radial-stacker-winches\\\/\"]}]},{\"@type\":\"BreadcrumbList\",\"@id\":\"https:\\\/\\\/thern.com\\\/es\\\/industries\\\/bulk-material-handling\\\/radial-stacker-winches\\\/#breadcrumb\",\"itemListElement\":[{\"@type\":\"ListItem\",\"position\":1,\"name\":\"Home\",\"item\":\"https:\\\/\\\/thern.com\\\/es\\\/\"},{\"@type\":\"ListItem\",\"position\":2,\"name\":\"Industries\",\"item\":\"https:\\\/\\\/thern.com\\\/es\\\/industries\\\/\"},{\"@type\":\"ListItem\",\"position\":3,\"name\":\"Bulk Material Handling\",\"item\":\"https:\\\/\\\/thern.com\\\/es\\\/industries\\\/bulk-material-handling\\\/\"},{\"@type\":\"ListItem\",\"position\":4,\"name\":\"Radial Stacker Winches\"}]},{\"@type\":\"WebSite\",\"@id\":\"https:\\\/\\\/thern.com\\\/es\\\/#website\",\"url\":\"https:\\\/\\\/thern.com\\\/es\\\/\",\"name\":\"Thern\u00ae Winches &amp; Cranes\",\"description\":\"Leave the Heavy Lifting to Us\",\"publisher\":{\"@id\":\"https:\\\/\\\/thern.com\\\/es\\\/#organization\"},\"potentialAction\":[{\"@type\":\"SearchAction\",\"target\":{\"@type\":\"EntryPoint\",\"urlTemplate\":\"https:\\\/\\\/thern.com\\\/es\\\/?s={search_term_string}\"},\"query-input\":{\"@type\":\"PropertyValueSpecification\",\"valueRequired\":true,\"valueName\":\"search_term_string\"}}],\"inLanguage\":\"es\"},{\"@type\":\"Organization\",\"@id\":\"https:\\\/\\\/thern.com\\\/es\\\/#organization\",\"name\":\"Thern\u00ae Winches &amp; Cranes\",\"url\":\"https:\\\/\\\/thern.com\\\/es\\\/\",\"logo\":{\"@type\":\"ImageObject\",\"inLanguage\":\"es\",\"@id\":\"https:\\\/\\\/thern.com\\\/es\\\/#\\\/schema\\\/logo\\\/image\\\/\",\"url\":\"https:\\\/\\\/thern.com\\\/wp-content\\\/uploads\\\/2023\\\/11\\\/Logo_SaveForWeb-outline-FINAL-01.svg\",\"contentUrl\":\"https:\\\/\\\/thern.com\\\/wp-content\\\/uploads\\\/2023\\\/11\\\/Logo_SaveForWeb-outline-FINAL-01.svg\",\"caption\":\"Thern\u00ae Winches &amp; Cranes\"},\"image\":{\"@id\":\"https:\\\/\\\/thern.com\\\/es\\\/#\\\/schema\\\/logo\\\/image\\\/\"},\"sameAs\":[\"https:\\\/\\\/www.facebook.com\\\/ThernInc\\\/\",\"https:\\\/\\\/www.linkedin.com\\\/company\\\/thern-inc-\\\/\",\"https:\\\/\\\/www.youtube.com\\\/user\\\/ThernStage\"]}]}<\/script>\n<!-- \/ Yoast SEO plugin. -->","yoast_head_json":{"title":"Cabrestantes apiladores radiales - Manipulaci\u00f3n de materiales a granel | Thern\u00ae Winches &amp; Cranes","description":"Los cabrestantes radiales para apiladores hechos a medida de Thern ajustan de manera conveniente y eficiente los \u00e1ngulos de pago del apilador y brindan un servicio confiable para reducir costos.","robots":{"index":"index","follow":"follow","max-snippet":"max-snippet:-1","max-image-preview":"max-image-preview:large","max-video-preview":"max-video-preview:-1"},"canonical":"https:\/\/thern.com\/es\/industries\/bulk-material-handling\/radial-stacker-winches\/","og_locale":"es_ES","og_type":"article","og_title":"Cabrestantes apiladores radiales - Manipulaci\u00f3n de materiales a granel | Thern\u00ae Winches &amp; Cranes","og_description":"Los cabrestantes radiales para apiladores hechos a medida de Thern ajustan de manera conveniente y eficiente los \u00e1ngulos de pago del apilador y brindan un servicio confiable para reducir costos.","og_url":"https:\/\/thern.com\/es\/industries\/bulk-material-handling\/radial-stacker-winches\/","og_site_name":"Thern\u00ae Winches &amp; Cranes","article_publisher":"https:\/\/www.facebook.com\/ThernInc\/","article_modified_time":"2023-10-06T00:47:15+00:00","twitter_card":"summary_large_image","twitter_misc":{"Tiempo de lectura":"2 minutos"},"schema":{"@context":"https:\/\/schema.org","@graph":[{"@type":"WebPage","@id":"https:\/\/thern.com\/es\/industries\/bulk-material-handling\/radial-stacker-winches\/","url":"https:\/\/thern.com\/es\/industries\/bulk-material-handling\/radial-stacker-winches\/","name":"Cabrestantes apiladores radiales - Manipulaci\u00f3n de materiales a granel | Thern\u00ae Winches &amp; Cranes","isPartOf":{"@id":"https:\/\/thern.com\/es\/#website"},"datePublished":"2023-08-28T17:26:15+00:00","dateModified":"2023-10-06T00:47:15+00:00","description":"Los cabrestantes radiales para apiladores hechos a medida de Thern ajustan de manera conveniente y eficiente los \u00e1ngulos de pago del apilador y brindan un servicio confiable para reducir costos.","breadcrumb":{"@id":"https:\/\/thern.com\/es\/industries\/bulk-material-handling\/radial-stacker-winches\/#breadcrumb"},"inLanguage":"es","potentialAction":[{"@type":"ReadAction","target":["https:\/\/thern.com\/es\/industries\/bulk-material-handling\/radial-stacker-winches\/"]}]},{"@type":"BreadcrumbList","@id":"https:\/\/thern.com\/es\/industries\/bulk-material-handling\/radial-stacker-winches\/#breadcrumb","itemListElement":[{"@type":"ListItem","position":1,"name":"Home","item":"https:\/\/thern.com\/es\/"},{"@type":"ListItem","position":2,"name":"Industries","item":"https:\/\/thern.com\/es\/industries\/"},{"@type":"ListItem","position":3,"name":"Bulk Material Handling","item":"https:\/\/thern.com\/es\/industries\/bulk-material-handling\/"},{"@type":"ListItem","position":4,"name":"Radial Stacker Winches"}]},{"@type":"WebSite","@id":"https:\/\/thern.com\/es\/#website","url":"https:\/\/thern.com\/es\/","name":"Thern\u00ae Winches &amp; Cranes","description":"Leave the Heavy Lifting to Us","publisher":{"@id":"https:\/\/thern.com\/es\/#organization"},"potentialAction":[{"@type":"SearchAction","target":{"@type":"EntryPoint","urlTemplate":"https:\/\/thern.com\/es\/?s={search_term_string}"},"query-input":{"@type":"PropertyValueSpecification","valueRequired":true,"valueName":"search_term_string"}}],"inLanguage":"es"},{"@type":"Organization","@id":"https:\/\/thern.com\/es\/#organization","name":"Thern\u00ae Winches &amp; Cranes","url":"https:\/\/thern.com\/es\/","logo":{"@type":"ImageObject","inLanguage":"es","@id":"https:\/\/thern.com\/es\/#\/schema\/logo\/image\/","url":"https:\/\/thern.com\/wp-content\/uploads\/2023\/11\/Logo_SaveForWeb-outline-FINAL-01.svg","contentUrl":"https:\/\/thern.com\/wp-content\/uploads\/2023\/11\/Logo_SaveForWeb-outline-FINAL-01.svg","caption":"Thern\u00ae Winches &amp; Cranes"},"image":{"@id":"https:\/\/thern.com\/es\/#\/schema\/logo\/image\/"},"sameAs":["https:\/\/www.facebook.com\/ThernInc\/","https:\/\/www.linkedin.com\/company\/thern-inc-\/","https:\/\/www.youtube.com\/user\/ThernStage"]}]}},"_links":{"self":[{"href":"https:\/\/thern.com\/es\/wp-json\/wp\/v2\/pages\/31906","targetHints":{"allow":["GET"]}}],"collection":[{"href":"https:\/\/thern.com\/es\/wp-json\/wp\/v2\/pages"}],"about":[{"href":"https:\/\/thern.com\/es\/wp-json\/wp\/v2\/types\/page"}],"author":[{"embeddable":true,"href":"https:\/\/thern.com\/es\/wp-json\/wp\/v2\/users\/1"}],"replies":[{"embeddable":true,"href":"https:\/\/thern.com\/es\/wp-json\/wp\/v2\/comments?post=31906"}],"version-history":[{"count":0,"href":"https:\/\/thern.com\/es\/wp-json\/wp\/v2\/pages\/31906\/revisions"}],"up":[{"embeddable":true,"href":"https:\/\/thern.com\/es\/wp-json\/wp\/v2\/pages\/32381"}],"wp:attachment":[{"href":"https:\/\/thern.com\/es\/wp-json\/wp\/v2\/media?parent=31906"}],"curies":[{"name":"wp","href":"https:\/\/api.w.org\/{rel}","templated":true}]}}