{"id":31876,"date":"2023-08-28T17:17:09","date_gmt":"2023-08-28T17:17:09","guid":{"rendered":"https:\/\/therninc.wpenginepowered.com\/long-lift-silo-utility-cranes\/"},"modified":"2023-10-06T00:31:31","modified_gmt":"2023-10-06T00:31:31","slug":"long-lift-silo-utility-cranes","status":"publish","type":"page","link":"https:\/\/thern.com\/es\/industries\/bulk-material-handling\/long-lift-silo-utility-cranes\/","title":{"rendered":"Long Lift Silo Utility Cranes"},"content":{"rendered":"<div class=\"wpb-content-wrapper\"><p>[vc_section full_width=\u00bbstretch_row\u00bb content_placement=\u00bbmiddle\u00bb css=\u00bb.vc_custom_1693242578193{padding-top: 0px !important;background-image: url(https:\/\/thern.com\/wp-content\/uploads\/2023\/08\/Thern-Industry-Header-Banners-Bulk-Handing-.jpg?id=23436) !important;background-position: center !important;background-repeat: no-repeat !important;background-size: cover !important;}\u00bb][vc_row full_width=\u00bbstretch_row\u00bb css=\u00bb.vc_custom_1692983676181{padding-top: 50px !important;padding-bottom: 70px !important;background-color: rgba(0,0,0,0.5) !important;*background-color: rgb(0,0,0) !important;}\u00bb][vc_column][vc_custom_heading text=\u00bbGr\u00faas utilitarias para silos de elevaci\u00f3n larga\u00bb font_container=\u00bbtag:h1|text_align:left|color:%23ffffff\u00bb use_theme_fonts=\u00bbyes\u00bb css_animation=\u00bbfadeInLeft\u00bb][\/vc_column][\/vc_row][\/vc_section][vc_row equal_height=\u00bbyes\u00bb css=\u00bb.vc_custom_1692984692373{padding-top: 65px !important;padding-bottom: 35px !important;}\u00bb][vc_column css_animation=\u00bbfadeInLeft\u00bb width=\u00bb1\/2&#8243;][vc_column_text]Levante cargas de hasta 2000 libras a distancias de hasta 350 pies. Con operaci\u00f3n de cabrestante el\u00e9ctrico y acabado duradero resistente a la corrosi\u00f3n, estas gr\u00faas son perfectas para operaciones en silos exteriores, techos o torres.<\/p>\n<p>Caracter\u00edsticas de la gr\u00faa de elevaci\u00f3n larga<\/p>\n<ul>\n<li>Operaci\u00f3n del cabrestante el\u00e9ctrico de 115v<\/li>\n<li>Acabado resistente a la corrosi\u00f3n con recubrimiento en polvo.<\/li>\n<li>F\u00e1cil ajuste del brazo con trinquete<\/li>\n<li>F\u00e1cil montaje\/desmontaje<\/li>\n<\/ul>\n<p>[\/vc_column_text][vc_btn title=\u00bbRegresar a Industrias\u00bb style=\u00bbcustom\u00bb custom_background=\u00bb#c71a32&#8243; custom_text=\u00bb#ffffff\u00bb shape=\u00bbsquare\u00bb size=\u00bblg\u00bb align=\u00bbleft\u00bb i_icon_fontawesome=\u00bbfas fa-angle-left\u00bb add_icon=\u00bbtrue\u00bb link=\u00bburl:%2Fes%2Findustries%2F|title:Return%20to%20Industries\u00bb][\/vc_column][vc_column css_animation=\u00bbfadeInRight\u00bb width=\u00bb1\/2&#8243;][vc_gallery type=\u00bbflexslider_slide\u00bb interval=\u00bb0&#8243; images=\u00bb23452,23451&#8243; img_size=\u00bbfull\u00bb onclick=\u00bb\u00bb css=\u00bb.vc_custom_1693243037198{margin-bottom: 0px !important;}\u00bb][vc_single_image image=\u00bb23420&#8243; img_size=\u00bbfull\u00bb alignment=\u00bbcenter\u00bb][\/vc_column][\/vc_row][vc_row full_width=\u00bbstretch_row\u00bb css=\u00bb.vc_custom_1692985441183{padding-top: 35px !important;padding-bottom: 35px !important;}\u00bb][vc_column width=\u00bb1\/6&#8243;][\/vc_column][vc_column css_animation=\u00bbfadeInUp\u00bb width=\u00bb4\/6&#8243;][vc_custom_heading text=\u00bbEstamos aqu\u00ed para ayudar\u00bb font_container=\u00bbtag:h2|text_align:center|color:%230a0a0a\u00bb use_theme_fonts=\u00bbyes\u00bb css=\u00bb.vc_custom_1696543088473{margin-bottom: 0px !important;}\u00bb][vc_column_text]<\/p>\n<p style=\"text-align: center;\">\u00bfTiene preguntas? El amable y experto personal de ventas y servicio de Thern est\u00e1 dispuesto a ayudarle.<\/p>\n<p>[\/vc_column_text][vc_btn title=\u00bbContacta con nosotros\u00bb style=\u00bbcustom\u00bb custom_background=\u00bb#c71a32&#8243; custom_text=\u00bb#ffffff\u00bb shape=\u00bbsquare\u00bb size=\u00bblg\u00bb align=\u00bbcenter\u00bb i_align=\u00bbright\u00bb i_icon_fontawesome=\u00bbfas fa-angle-right\u00bb add_icon=\u00bbtrue\u00bb link=\u00bburl:%2Fes%2Fcontact%2F|title:Contact\u00bb][\/vc_column][vc_column width=\u00bb1\/6&#8243;][\/vc_column][\/vc_row]<\/p>\n<\/div>","protected":false},"excerpt":{"rendered":"<p>[vc_section full_width=\u00bbstretch_row\u00bb content_placement=\u00bbmiddle\u00bb css=\u00bb.vc_custom_1693242578193{padding-top: 0px !important;background-image: url(https:\/\/thern.com\/wp-content\/uploads\/2023\/08\/Thern-Industry-Header-Banners-Bulk-Handing-.jpg?id=23436) !important;background-position: center !important;background-repeat: no-repeat !important;background-size: cover !important;}\u00bb][vc_row full_width=\u00bbstretch_row\u00bb css=\u00bb.vc_custom_1692983676181{padding-top: 50px !important;padding-bottom: 70px !important;background-color: rgba(0,0,0,0.5) !important;*background-color: rgb(0,0,0) !important;}\u00bb][vc_column][vc_custom_heading text=\u00bbGr\u00faas utilitarias para silos de elevaci\u00f3n larga\u00bb font_container=\u00bbtag:h1|text_align:left|color:%23ffffff\u00bb use_theme_fonts=\u00bbyes\u00bb css_animation=\u00bbfadeInLeft\u00bb][\/vc_column][\/vc_row][\/vc_section][vc_row equal_height=\u00bbyes\u00bb css=\u00bb.vc_custom_1692984692373{padding-top: 65px !important;padding-bottom: 35px !important;}\u00bb][vc_column css_animation=\u00bbfadeInLeft\u00bb width=\u00bb1\/2&#8243;][vc_column_text]Levante cargas de hasta 2000 libras a distancias de hasta 350 pies. Con operaci\u00f3n &#8230; <a title=\"Long Lift Silo Utility Cranes\" class=\"read-more\" href=\"https:\/\/thern.com\/es\/industries\/bulk-material-handling\/long-lift-silo-utility-cranes\/\" aria-label=\"More on Long Lift Silo Utility Cranes\">Read more<\/a><\/p>\n","protected":false},"author":1,"featured_media":0,"parent":32381,"menu_order":0,"comment_status":"closed","ping_status":"closed","template":"","meta":{"footnotes":""},"class_list":["post-31876","page","type-page","status-publish"],"yoast_head":"<!-- This site is optimized with the Yoast SEO plugin v27.3 - https:\/\/yoast.com\/product\/yoast-seo-wordpress\/ -->\n<title>Gr\u00faas utilitarias para silos de elevaci\u00f3n larga: manipulaci\u00f3n de materiales a granel | Thern\u00ae Winches &amp; Cranes<\/title>\n<meta name=\"description\" content=\"Con operaci\u00f3n de cabrestante el\u00e9ctrico y acabado duradero resistente a la corrosi\u00f3n, las gr\u00faas utilitarias para silos Thern son perfectas para operaciones en silos exteriores, techos o torres.\" \/>\n<meta name=\"robots\" content=\"index, follow, max-snippet:-1, max-image-preview:large, max-video-preview:-1\" \/>\n<link rel=\"canonical\" href=\"https:\/\/thern.com\/es\/industries\/bulk-material-handling\/long-lift-silo-utility-cranes\/\" \/>\n<meta property=\"og:locale\" content=\"es_ES\" \/>\n<meta property=\"og:type\" content=\"article\" \/>\n<meta property=\"og:title\" content=\"Gr\u00faas utilitarias para silos de elevaci\u00f3n larga: manipulaci\u00f3n de materiales a granel | Thern\u00ae Winches &amp; Cranes\" \/>\n<meta property=\"og:description\" content=\"Con operaci\u00f3n de cabrestante el\u00e9ctrico y acabado duradero resistente a la corrosi\u00f3n, las gr\u00faas utilitarias para silos Thern son perfectas para operaciones en silos exteriores, techos o torres.\" \/>\n<meta property=\"og:url\" content=\"https:\/\/thern.com\/es\/industries\/bulk-material-handling\/long-lift-silo-utility-cranes\/\" \/>\n<meta property=\"og:site_name\" content=\"Thern\u00ae Winches &amp; Cranes\" \/>\n<meta property=\"article:publisher\" content=\"https:\/\/www.facebook.com\/ThernInc\/\" \/>\n<meta property=\"article:modified_time\" content=\"2023-10-06T00:31:31+00:00\" \/>\n<meta name=\"twitter:card\" content=\"summary_large_image\" \/>\n<meta name=\"twitter:label1\" content=\"Tiempo de lectura\" \/>\n\t<meta name=\"twitter:data1\" content=\"1 minuto\" \/>\n<script type=\"application\/ld+json\" class=\"yoast-schema-graph\">{\"@context\":\"https:\\\/\\\/schema.org\",\"@graph\":[{\"@type\":\"WebPage\",\"@id\":\"https:\\\/\\\/thern.com\\\/es\\\/industries\\\/bulk-material-handling\\\/long-lift-silo-utility-cranes\\\/\",\"url\":\"https:\\\/\\\/thern.com\\\/es\\\/industries\\\/bulk-material-handling\\\/long-lift-silo-utility-cranes\\\/\",\"name\":\"Gr\u00faas utilitarias para silos de elevaci\u00f3n larga: manipulaci\u00f3n de materiales a granel | Thern\u00ae Winches &amp; Cranes\",\"isPartOf\":{\"@id\":\"https:\\\/\\\/thern.com\\\/es\\\/#website\"},\"datePublished\":\"2023-08-28T17:17:09+00:00\",\"dateModified\":\"2023-10-06T00:31:31+00:00\",\"description\":\"Con operaci\u00f3n de cabrestante el\u00e9ctrico y acabado duradero resistente a la corrosi\u00f3n, las gr\u00faas utilitarias para silos Thern son perfectas para operaciones en silos exteriores, techos o torres.\",\"breadcrumb\":{\"@id\":\"https:\\\/\\\/thern.com\\\/es\\\/industries\\\/bulk-material-handling\\\/long-lift-silo-utility-cranes\\\/#breadcrumb\"},\"inLanguage\":\"es\",\"potentialAction\":[{\"@type\":\"ReadAction\",\"target\":[\"https:\\\/\\\/thern.com\\\/es\\\/industries\\\/bulk-material-handling\\\/long-lift-silo-utility-cranes\\\/\"]}]},{\"@type\":\"BreadcrumbList\",\"@id\":\"https:\\\/\\\/thern.com\\\/es\\\/industries\\\/bulk-material-handling\\\/long-lift-silo-utility-cranes\\\/#breadcrumb\",\"itemListElement\":[{\"@type\":\"ListItem\",\"position\":1,\"name\":\"Home\",\"item\":\"https:\\\/\\\/thern.com\\\/es\\\/\"},{\"@type\":\"ListItem\",\"position\":2,\"name\":\"Industries\",\"item\":\"https:\\\/\\\/thern.com\\\/es\\\/industries\\\/\"},{\"@type\":\"ListItem\",\"position\":3,\"name\":\"Bulk Material Handling\",\"item\":\"https:\\\/\\\/thern.com\\\/es\\\/industries\\\/bulk-material-handling\\\/\"},{\"@type\":\"ListItem\",\"position\":4,\"name\":\"Long Lift Silo Utility Cranes\"}]},{\"@type\":\"WebSite\",\"@id\":\"https:\\\/\\\/thern.com\\\/es\\\/#website\",\"url\":\"https:\\\/\\\/thern.com\\\/es\\\/\",\"name\":\"Thern\u00ae Winches &amp; Cranes\",\"description\":\"Leave the Heavy Lifting to Us\",\"publisher\":{\"@id\":\"https:\\\/\\\/thern.com\\\/es\\\/#organization\"},\"potentialAction\":[{\"@type\":\"SearchAction\",\"target\":{\"@type\":\"EntryPoint\",\"urlTemplate\":\"https:\\\/\\\/thern.com\\\/es\\\/?s={search_term_string}\"},\"query-input\":{\"@type\":\"PropertyValueSpecification\",\"valueRequired\":true,\"valueName\":\"search_term_string\"}}],\"inLanguage\":\"es\"},{\"@type\":\"Organization\",\"@id\":\"https:\\\/\\\/thern.com\\\/es\\\/#organization\",\"name\":\"Thern\u00ae Winches &amp; Cranes\",\"url\":\"https:\\\/\\\/thern.com\\\/es\\\/\",\"logo\":{\"@type\":\"ImageObject\",\"inLanguage\":\"es\",\"@id\":\"https:\\\/\\\/thern.com\\\/es\\\/#\\\/schema\\\/logo\\\/image\\\/\",\"url\":\"https:\\\/\\\/thern.com\\\/wp-content\\\/uploads\\\/2023\\\/11\\\/Logo_SaveForWeb-outline-FINAL-01.svg\",\"contentUrl\":\"https:\\\/\\\/thern.com\\\/wp-content\\\/uploads\\\/2023\\\/11\\\/Logo_SaveForWeb-outline-FINAL-01.svg\",\"caption\":\"Thern\u00ae Winches &amp; Cranes\"},\"image\":{\"@id\":\"https:\\\/\\\/thern.com\\\/es\\\/#\\\/schema\\\/logo\\\/image\\\/\"},\"sameAs\":[\"https:\\\/\\\/www.facebook.com\\\/ThernInc\\\/\",\"https:\\\/\\\/www.linkedin.com\\\/company\\\/thern-inc-\\\/\",\"https:\\\/\\\/www.youtube.com\\\/user\\\/ThernStage\"]}]}<\/script>\n<!-- \/ Yoast SEO plugin. -->","yoast_head_json":{"title":"Gr\u00faas utilitarias para silos de elevaci\u00f3n larga: manipulaci\u00f3n de materiales a granel | Thern\u00ae Winches &amp; Cranes","description":"Con operaci\u00f3n de cabrestante el\u00e9ctrico y acabado duradero resistente a la corrosi\u00f3n, las gr\u00faas utilitarias para silos Thern son perfectas para operaciones en silos exteriores, techos o torres.","robots":{"index":"index","follow":"follow","max-snippet":"max-snippet:-1","max-image-preview":"max-image-preview:large","max-video-preview":"max-video-preview:-1"},"canonical":"https:\/\/thern.com\/es\/industries\/bulk-material-handling\/long-lift-silo-utility-cranes\/","og_locale":"es_ES","og_type":"article","og_title":"Gr\u00faas utilitarias para silos de elevaci\u00f3n larga: manipulaci\u00f3n de materiales a granel | Thern\u00ae Winches &amp; Cranes","og_description":"Con operaci\u00f3n de cabrestante el\u00e9ctrico y acabado duradero resistente a la corrosi\u00f3n, las gr\u00faas utilitarias para silos Thern son perfectas para operaciones en silos exteriores, techos o torres.","og_url":"https:\/\/thern.com\/es\/industries\/bulk-material-handling\/long-lift-silo-utility-cranes\/","og_site_name":"Thern\u00ae Winches &amp; Cranes","article_publisher":"https:\/\/www.facebook.com\/ThernInc\/","article_modified_time":"2023-10-06T00:31:31+00:00","twitter_card":"summary_large_image","twitter_misc":{"Tiempo de lectura":"1 minuto"},"schema":{"@context":"https:\/\/schema.org","@graph":[{"@type":"WebPage","@id":"https:\/\/thern.com\/es\/industries\/bulk-material-handling\/long-lift-silo-utility-cranes\/","url":"https:\/\/thern.com\/es\/industries\/bulk-material-handling\/long-lift-silo-utility-cranes\/","name":"Gr\u00faas utilitarias para silos de elevaci\u00f3n larga: manipulaci\u00f3n de materiales a granel | Thern\u00ae Winches &amp; Cranes","isPartOf":{"@id":"https:\/\/thern.com\/es\/#website"},"datePublished":"2023-08-28T17:17:09+00:00","dateModified":"2023-10-06T00:31:31+00:00","description":"Con operaci\u00f3n de cabrestante el\u00e9ctrico y acabado duradero resistente a la corrosi\u00f3n, las gr\u00faas utilitarias para silos Thern son perfectas para operaciones en silos exteriores, techos o torres.","breadcrumb":{"@id":"https:\/\/thern.com\/es\/industries\/bulk-material-handling\/long-lift-silo-utility-cranes\/#breadcrumb"},"inLanguage":"es","potentialAction":[{"@type":"ReadAction","target":["https:\/\/thern.com\/es\/industries\/bulk-material-handling\/long-lift-silo-utility-cranes\/"]}]},{"@type":"BreadcrumbList","@id":"https:\/\/thern.com\/es\/industries\/bulk-material-handling\/long-lift-silo-utility-cranes\/#breadcrumb","itemListElement":[{"@type":"ListItem","position":1,"name":"Home","item":"https:\/\/thern.com\/es\/"},{"@type":"ListItem","position":2,"name":"Industries","item":"https:\/\/thern.com\/es\/industries\/"},{"@type":"ListItem","position":3,"name":"Bulk Material Handling","item":"https:\/\/thern.com\/es\/industries\/bulk-material-handling\/"},{"@type":"ListItem","position":4,"name":"Long Lift Silo Utility Cranes"}]},{"@type":"WebSite","@id":"https:\/\/thern.com\/es\/#website","url":"https:\/\/thern.com\/es\/","name":"Thern\u00ae Winches &amp; Cranes","description":"Leave the Heavy Lifting to Us","publisher":{"@id":"https:\/\/thern.com\/es\/#organization"},"potentialAction":[{"@type":"SearchAction","target":{"@type":"EntryPoint","urlTemplate":"https:\/\/thern.com\/es\/?s={search_term_string}"},"query-input":{"@type":"PropertyValueSpecification","valueRequired":true,"valueName":"search_term_string"}}],"inLanguage":"es"},{"@type":"Organization","@id":"https:\/\/thern.com\/es\/#organization","name":"Thern\u00ae Winches &amp; Cranes","url":"https:\/\/thern.com\/es\/","logo":{"@type":"ImageObject","inLanguage":"es","@id":"https:\/\/thern.com\/es\/#\/schema\/logo\/image\/","url":"https:\/\/thern.com\/wp-content\/uploads\/2023\/11\/Logo_SaveForWeb-outline-FINAL-01.svg","contentUrl":"https:\/\/thern.com\/wp-content\/uploads\/2023\/11\/Logo_SaveForWeb-outline-FINAL-01.svg","caption":"Thern\u00ae Winches &amp; Cranes"},"image":{"@id":"https:\/\/thern.com\/es\/#\/schema\/logo\/image\/"},"sameAs":["https:\/\/www.facebook.com\/ThernInc\/","https:\/\/www.linkedin.com\/company\/thern-inc-\/","https:\/\/www.youtube.com\/user\/ThernStage"]}]}},"_links":{"self":[{"href":"https:\/\/thern.com\/es\/wp-json\/wp\/v2\/pages\/31876","targetHints":{"allow":["GET"]}}],"collection":[{"href":"https:\/\/thern.com\/es\/wp-json\/wp\/v2\/pages"}],"about":[{"href":"https:\/\/thern.com\/es\/wp-json\/wp\/v2\/types\/page"}],"author":[{"embeddable":true,"href":"https:\/\/thern.com\/es\/wp-json\/wp\/v2\/users\/1"}],"replies":[{"embeddable":true,"href":"https:\/\/thern.com\/es\/wp-json\/wp\/v2\/comments?post=31876"}],"version-history":[{"count":0,"href":"https:\/\/thern.com\/es\/wp-json\/wp\/v2\/pages\/31876\/revisions"}],"up":[{"embeddable":true,"href":"https:\/\/thern.com\/es\/wp-json\/wp\/v2\/pages\/32381"}],"wp:attachment":[{"href":"https:\/\/thern.com\/es\/wp-json\/wp\/v2\/media?parent=31876"}],"curies":[{"name":"wp","href":"https:\/\/api.w.org\/{rel}","templated":true}]}}