{"id":31736,"date":"2023-08-25T17:17:13","date_gmt":"2023-08-25T17:17:13","guid":{"rendered":"https:\/\/therninc.wpenginepowered.com\/pump-hoists\/"},"modified":"2023-10-05T21:59:22","modified_gmt":"2023-10-05T21:59:22","slug":"pump-hoists","status":"publish","type":"page","link":"https:\/\/thern.com\/es\/industries\/water-wastewater\/pump-hoists\/","title":{"rendered":"Pump Hoists"},"content":{"rendered":"<div class=\"wpb-content-wrapper\"><p>[vc_section full_width=\u00bbstretch_row\u00bb content_placement=\u00bbmiddle\u00bb css=\u00bb.vc_custom_1692983716171{padding-top: 0px !important;background: #dddddd url(https:\/\/thern.com\/wp-content\/uploads\/2023\/07\/Thern-Inc_About-Hero.jpg?id=343) !important;background-position: center !important;background-repeat: no-repeat !important;background-size: cover !important;}\u00bb][vc_row full_width=\u00bbstretch_row\u00bb css=\u00bb.vc_custom_1692983676181{padding-top: 50px !important;padding-bottom: 70px !important;background-color: rgba(0,0,0,0.5) !important;*background-color: rgb(0,0,0) !important;}\u00bb][vc_column][vc_custom_heading text=\u00bbPolipastos de bomba\u00bb font_container=\u00bbtag:h1|text_align:left|color:%23ffffff\u00bb use_theme_fonts=\u00bbyes\u00bb css_animation=\u00bbfadeInLeft\u00bb][\/vc_column][\/vc_row][\/vc_section][vc_row full_width=\u00bbstretch_row\u00bb equal_height=\u00bbyes\u00bb css=\u00bb.vc_custom_1692985496191{padding-top: 65px !important;padding-bottom: 35px !important;}\u00bb][vc_column css_animation=\u00bbfadeInLeft\u00bb width=\u00bb1\/2&#8243;][vc_custom_heading text=\u00bb\u00bfQu\u00e9 gr\u00faa es mejor para levantar mi bomba de agua\/aguas residuales?\u00bb font_container=\u00bbtag:h4|text_align:left|color:%23900000&#8243; use_theme_fonts=\u00bbyes\u00bb][vc_column_text]La mejor gr\u00faa para levantar una bomba de agua\/aguas residuales es una gr\u00faa de pescante porque es duradera y f\u00e1cil de usar, lo que permite una extracci\u00f3n e instalaci\u00f3n segura y eficiente del equipo. Las gr\u00faas pescante se pueden modificar y personalizar para operaciones espec\u00edficas de plantas de agua\/aguas residuales cuando sea necesario, lo que las convierte en la mejor opci\u00f3n para levantar, bajar y mover bombas en comparaci\u00f3n con otros polipastos para bombas de agua\/aguas residuales o sustitutos temporales.<\/p>\n<p>Como opci\u00f3n preferida entre las instalaciones de tratamiento de aguas residuales, los polipastos de bomba especializados de Thern cuentan con gr\u00faas pescantes port\u00e1tiles o estacionarias configuradas con cabrestantes manuales o el\u00e9ctricos. Los cabrestantes manuales ofrecen una soluci\u00f3n de elevaci\u00f3n eficaz cuando no hay una fuente de energ\u00eda disponible. Cuando hay energ\u00eda disponible, Thern ofrece operaci\u00f3n de CA, CC, neum\u00e1tica o hidr\u00e1ulica para levantar r\u00e1pidamente las bombas para mantenimiento o reparaci\u00f3n. Las gr\u00faas pescantes port\u00e1tiles se transportan f\u00e1cilmente y se instalan r\u00e1pidamente en las estaciones de elevaci\u00f3n; sin embargo, si su sitio requiere un alcance mayor, una gr\u00faa pescante estacionaria es una opci\u00f3n ideal. Descubra nuestras preguntas m\u00e1s frecuentes y sus correspondientes respuestas a continuaci\u00f3n. Estamos aqu\u00ed para ayudar, \u00a1as\u00ed que p\u00f3ngase en contacto con nosotros para iniciar una conversaci\u00f3n![\/vc_column_text][vc_btn title=\u00bbRegresar a Industrias\u00bb style=\u00bbcustom\u00bb custom_background=\u00bb#c71a32&#8243; custom_text=\u00bb#ffffff\u00bb shape=\u00bbsquare\u00bb size=\u00bblg\u00bb align=\u00bbleft\u00bb i_icon_fontawesome=\u00bbfas fa-angle-left\u00bb add_icon=\u00bbtrue\u00bb link=\u00bburl:%2Fes%2Findustries%2F|title:Return%20to%20Industries\u00bb][\/vc_column][vc_column css_animation=\u00bbfadeInRight\u00bb width=\u00bb1\/2&#8243;][vc_single_image image=\u00bb23373&#8243; img_size=\u00bbfull\u00bb][\/vc_column][\/vc_row][vc_row full_width=\u00bbstretch_row\u00bb css=\u00bb.vc_custom_1692985479997{padding-top: 35px !important;padding-bottom: 35px !important;background-color: #efefef !important;}\u00bb][vc_column css_animation=\u00bbfadeInLeft\u00bb width=\u00bb1\/6&#8243;][vc_single_image image=\u00bb23379&#8243; img_size=\u00bbfull\u00bb alignment=\u00bbcenter\u00bb][\/vc_column][vc_column css_animation=\u00bbfadeInUp\u00bb width=\u00bb2\/3&#8243;][vc_custom_heading text=\u00bbPreguntas frecuentes sobre polipastos de bomba\u00bb font_container=\u00bbtag:h4|text_align:center|color:%23900000&#8243; use_theme_fonts=\u00bbyes\u00bb][vc_tta_accordion][vc_tta_section title=\u00bbWhat crane is best for me to lift my water\/wastewater pump that weighs under 1,000 lbs?\u00bb tab_id=\u00bb1692984126546-6564ddb6-82dd\u00bb][vc_column_text]Our First Mate, Ensign 500, and Commander 500 portable davit cranes with capacities of 500\u2013850 lbs are recommended for lifts under 1,000 lbs. Each of these models will provide users with features such as extra hook height, streamlined set-up\/disassembly, ergonomic operation, and more. Contact us for product suggestions that are customized to your unique requirements, technical specifications, and facility design.[\/vc_column_text][\/vc_tta_section][vc_tta_section title=\u00bbWhat crane is best for me to lift my water\/wastewater pump that weighs over 1,000 lbs?\u00bb tab_id=\u00bb1692984179205-9de5cb33-02bb\u00bb][vc_column_text]Our Ensign 1000, Commander 1000, and Commander 2000 portable davit cranes with capacities of 1,200\u20132,000 lbs are recommended for lifts over 1,000 lbs. Depending on the model, the cranes offer varying features such as multiple boom lengths\/angles, streamlined set-up\/disassembly, ergonomic operation, and more. Contact us for product suggestions that are customized to your unique requirements, technical specifications, and facility design.[\/vc_column_text][\/vc_tta_section][vc_tta_section title=\u00bbWhat crane is best for me to lift my water\/wastewater pump that weighs over 2,000 lbs?\u00bb tab_id=\u00bb1692984195864-17c16340-135a\u00bb][vc_column_text]For pump lifts of up to 3,000 lbs, our stationary Captain 2000, Captain 2500, and Admiral 3000 cranes are an ideal solution. Each of these models will provide users with features such as extended boom lengths, 360\u00b0 rotation, a quick-disconnect anchor, and more. Contact us for product suggestions that are customized to your unique requirements, technical specifications, and facility design.[\/vc_column_text][\/vc_tta_section][vc_tta_section title=\u00bbI work at a small water\/wastewater facility, so which cranes provide the most economical solution for a lighter load?\u00bb tab_id=\u00bb1692984217880-cefba368-3b0e\u00bb][vc_column_text]Our First Mate portable davit crane is affordable, lightweight, and perfect for a wide variety of simple jobs, up to 850 lbs, where adjustable reach is not required. Other economical options to lift a lighter load include our Ensign 500 and Commander 500 portable davit cranes with capacities of 500 lbs and 650 lbs, respectively. The Ensign 500 is specially designed for clearance, lift height, and ergonomic operation, while the Commander 500 is a popular lightweight model with an adjustable boom that\u2019s ideal for smaller loads. Contact us for product suggestions that are customized to your unique requirements, technical specifications, and facility design.[\/vc_column_text][\/vc_tta_section][vc_tta_section title=\u00bbI work at a large water\/wastewater facility, so which cranes provide the most effective and cost-saving solution for lifting numerous pumps?\u00bb tab_id=\u00bb1692984230458-b4a6e878-478c\u00bb][vc_column_text]Since this can be a complicated question that requires a more in-depth conversation, we encourage you to contact us directly. Depending on your situation, you may benefit from buying many bases and fewer cranes to meet your project goals and budget. Larger cranes may also be ideal based on the sizes of the pumps.[\/vc_column_text][\/vc_tta_section][vc_tta_section title=\u00bbWhat cranes can effectively lift duplex or triplex pumps?\u00bb tab_id=\u00bb1692984245101-6ed28c45-d8a2&#8243;][vc_column_text]Start a conversation with us to discuss base placement and the reach required to lift each pump. We can provide product suggestions that are customized to your unique requirements, technical specifications, and facility design.[\/vc_column_text][\/vc_tta_section][vc_tta_section title=\u00bbWhich cranes can be easily transported for quick set up at lift stations?\u00bb tab_id=\u00bb1692984259113-9bb2546a-9b51&#8243;][vc_column_text]Thern\u2019s entire collection of portable davit cranes offer easy assembly and quick disassembly for effortless transport from base to base or storage. Contact us for product suggestions that are customized to your unique requirements, technical specifications, and facility design.[\/vc_column_text][\/vc_tta_section][vc_tta_section title=\u00bbDo you have cranes that feature extended booms and hook heights to accommodate lifts over tall railings or obstructions?\u00bb tab_id=\u00bb1692984275133-59ffbb8d-4cec\u00bb][vc_column_text]Our economical Ensign 500 and Ensign 1000 portable davit cranes are specially designed for clearance, lift height, and ergonomic operation. Our Commander series also offers maximum flexibility with multiple boom lengths and angles to choose from. An optional base extension is available to provide additional hook height without affecting the rating of the crane for our First Mate and Commander Series. Contact us for product suggestions that are customized to your unique requirements, technical specifications, and facility design.[\/vc_column_text][\/vc_tta_section][\/vc_tta_accordion][\/vc_column][vc_column css_animation=\u00bbfadeInRight\u00bb width=\u00bb1\/6&#8243;][vc_single_image image=\u00bb23380&#8243; img_size=\u00bbfull\u00bb alignment=\u00bbcenter\u00bb][\/vc_column][\/vc_row][vc_row full_width=\u00bbstretch_row\u00bb css=\u00bb.vc_custom_1696543150240{padding-top: 35px !important;padding-bottom: 35px !important;}\u00bb][vc_column width=\u00bb1\/6&#8243;][\/vc_column][vc_column css_animation=\u00bbfadeInUp\u00bb width=\u00bb4\/6&#8243;][vc_custom_heading text=\u00bbEstamos aqu\u00ed para ayudar\u00bb font_container=\u00bbtag:h2|text_align:center|color:%230a0a0a\u00bb use_theme_fonts=\u00bbyes\u00bb css=\u00bb.vc_custom_1696543088473{margin-bottom: 0px !important;}\u00bb][vc_column_text]<\/p>\n<p style=\"text-align: center;\">\u00bfTiene preguntas? El amable y experto personal de ventas y servicio de Thern est\u00e1 dispuesto a ayudarle.<\/p>\n<p>[\/vc_column_text][vc_btn title=\u00bbContacta con nosotros\u00bb style=\u00bbcustom\u00bb custom_background=\u00bb#c71a32&#8243; custom_text=\u00bb#ffffff\u00bb shape=\u00bbsquare\u00bb size=\u00bblg\u00bb align=\u00bbcenter\u00bb i_align=\u00bbright\u00bb i_icon_fontawesome=\u00bbfas fa-angle-right\u00bb add_icon=\u00bbtrue\u00bb link=\u00bburl:%2Fes%2Fcontact%2F|title:Contact\u00bb][\/vc_column][vc_column width=\u00bb1\/6&#8243;][\/vc_column][\/vc_row]<\/p>\n<\/div>","protected":false},"excerpt":{"rendered":"<p>[vc_section full_width=\u00bbstretch_row\u00bb content_placement=\u00bbmiddle\u00bb css=\u00bb.vc_custom_1692983716171{padding-top: 0px !important;background: #dddddd url(https:\/\/thern.com\/wp-content\/uploads\/2023\/07\/Thern-Inc_About-Hero.jpg?id=343) !important;background-position: center !important;background-repeat: no-repeat !important;background-size: cover !important;}\u00bb][vc_row full_width=\u00bbstretch_row\u00bb css=\u00bb.vc_custom_1692983676181{padding-top: 50px !important;padding-bottom: 70px !important;background-color: rgba(0,0,0,0.5) !important;*background-color: rgb(0,0,0) !important;}\u00bb][vc_column][vc_custom_heading text=\u00bbPolipastos de bomba\u00bb font_container=\u00bbtag:h1|text_align:left|color:%23ffffff\u00bb use_theme_fonts=\u00bbyes\u00bb css_animation=\u00bbfadeInLeft\u00bb][\/vc_column][\/vc_row][\/vc_section][vc_row full_width=\u00bbstretch_row\u00bb equal_height=\u00bbyes\u00bb css=\u00bb.vc_custom_1692985496191{padding-top: 65px !important;padding-bottom: 35px !important;}\u00bb][vc_column css_animation=\u00bbfadeInLeft\u00bb width=\u00bb1\/2&#8243;][vc_custom_heading text=\u00bb\u00bfQu\u00e9 gr\u00faa es mejor para levantar mi bomba de agua\/aguas residuales?\u00bb font_container=\u00bbtag:h4|text_align:left|color:%23900000&#8243; use_theme_fonts=\u00bbyes\u00bb][vc_column_text]La mejor gr\u00faa &#8230; <a title=\"Pump Hoists\" class=\"read-more\" href=\"https:\/\/thern.com\/es\/industries\/water-wastewater\/pump-hoists\/\" aria-label=\"More on Pump Hoists\">Read more<\/a><\/p>\n","protected":false},"author":1,"featured_media":0,"parent":32358,"menu_order":0,"comment_status":"closed","ping_status":"closed","template":"","meta":{"footnotes":""},"class_list":["post-31736","page","type-page","status-publish"],"yoast_head":"<!-- This site is optimized with the Yoast SEO plugin v27.5 - https:\/\/yoast.com\/product\/yoast-seo-wordpress\/ -->\n<title>Bomba de agua\/aguas residuales | Thern\u00ae Winches &amp; Cranes<\/title>\n<meta name=\"description\" content=\"\u00bfQu\u00e9 gr\u00faa es mejor para levantar una bomba de agua\/aguas residuales? Una gr\u00faa pescante porque es duradera, f\u00e1cil de usar y puede personalizarse para cualquier aplicaci\u00f3n.\" \/>\n<meta name=\"robots\" content=\"index, follow, max-snippet:-1, max-image-preview:large, max-video-preview:-1\" \/>\n<link rel=\"canonical\" href=\"https:\/\/thern.com\/es\/industries\/water-wastewater\/pump-hoists\/\" \/>\n<meta property=\"og:locale\" content=\"es_ES\" \/>\n<meta property=\"og:type\" content=\"article\" \/>\n<meta property=\"og:title\" content=\"Bomba de agua\/aguas residuales | Thern\u00ae Winches &amp; Cranes\" \/>\n<meta property=\"og:description\" content=\"\u00bfQu\u00e9 gr\u00faa es mejor para levantar una bomba de agua\/aguas residuales? Una gr\u00faa pescante porque es duradera, f\u00e1cil de usar y puede personalizarse para cualquier aplicaci\u00f3n.\" \/>\n<meta property=\"og:url\" content=\"https:\/\/thern.com\/es\/industries\/water-wastewater\/pump-hoists\/\" \/>\n<meta property=\"og:site_name\" content=\"Thern\u00ae Winches &amp; Cranes\" \/>\n<meta property=\"article:publisher\" content=\"https:\/\/www.facebook.com\/ThernInc\/\" \/>\n<meta property=\"article:modified_time\" content=\"2023-10-05T21:59:22+00:00\" \/>\n<meta name=\"twitter:card\" content=\"summary_large_image\" \/>\n<meta name=\"twitter:label1\" content=\"Tiempo de lectura\" \/>\n\t<meta name=\"twitter:data1\" content=\"5 minutos\" \/>\n<script type=\"application\/ld+json\" class=\"yoast-schema-graph\">{\"@context\":\"https:\\\/\\\/schema.org\",\"@graph\":[{\"@type\":\"WebPage\",\"@id\":\"https:\\\/\\\/thern.com\\\/es\\\/industries\\\/water-wastewater\\\/pump-hoists\\\/\",\"url\":\"https:\\\/\\\/thern.com\\\/es\\\/industries\\\/water-wastewater\\\/pump-hoists\\\/\",\"name\":\"Bomba de agua\\\/aguas residuales | Thern\u00ae Winches &amp; Cranes\",\"isPartOf\":{\"@id\":\"https:\\\/\\\/thern.com\\\/es\\\/#website\"},\"datePublished\":\"2023-08-25T17:17:13+00:00\",\"dateModified\":\"2023-10-05T21:59:22+00:00\",\"description\":\"\u00bfQu\u00e9 gr\u00faa es mejor para levantar una bomba de agua\\\/aguas residuales? Una gr\u00faa pescante porque es duradera, f\u00e1cil de usar y puede personalizarse para cualquier aplicaci\u00f3n.\",\"breadcrumb\":{\"@id\":\"https:\\\/\\\/thern.com\\\/es\\\/industries\\\/water-wastewater\\\/pump-hoists\\\/#breadcrumb\"},\"inLanguage\":\"es\",\"potentialAction\":[{\"@type\":\"ReadAction\",\"target\":[\"https:\\\/\\\/thern.com\\\/es\\\/industries\\\/water-wastewater\\\/pump-hoists\\\/\"]}]},{\"@type\":\"BreadcrumbList\",\"@id\":\"https:\\\/\\\/thern.com\\\/es\\\/industries\\\/water-wastewater\\\/pump-hoists\\\/#breadcrumb\",\"itemListElement\":[{\"@type\":\"ListItem\",\"position\":1,\"name\":\"Home\",\"item\":\"https:\\\/\\\/thern.com\\\/es\\\/\"},{\"@type\":\"ListItem\",\"position\":2,\"name\":\"Industries\",\"item\":\"https:\\\/\\\/thern.com\\\/es\\\/industries\\\/\"},{\"@type\":\"ListItem\",\"position\":3,\"name\":\"Water Wastewater\",\"item\":\"https:\\\/\\\/thern.com\\\/es\\\/industries\\\/water-wastewater\\\/\"},{\"@type\":\"ListItem\",\"position\":4,\"name\":\"Pump Hoists\"}]},{\"@type\":\"WebSite\",\"@id\":\"https:\\\/\\\/thern.com\\\/es\\\/#website\",\"url\":\"https:\\\/\\\/thern.com\\\/es\\\/\",\"name\":\"Thern\u00ae Winches &amp; Cranes\",\"description\":\"Leave the Heavy Lifting to Us\",\"publisher\":{\"@id\":\"https:\\\/\\\/thern.com\\\/es\\\/#organization\"},\"potentialAction\":[{\"@type\":\"SearchAction\",\"target\":{\"@type\":\"EntryPoint\",\"urlTemplate\":\"https:\\\/\\\/thern.com\\\/es\\\/?s={search_term_string}\"},\"query-input\":{\"@type\":\"PropertyValueSpecification\",\"valueRequired\":true,\"valueName\":\"search_term_string\"}}],\"inLanguage\":\"es\"},{\"@type\":\"Organization\",\"@id\":\"https:\\\/\\\/thern.com\\\/es\\\/#organization\",\"name\":\"Thern\u00ae Winches &amp; Cranes\",\"url\":\"https:\\\/\\\/thern.com\\\/es\\\/\",\"logo\":{\"@type\":\"ImageObject\",\"inLanguage\":\"es\",\"@id\":\"https:\\\/\\\/thern.com\\\/es\\\/#\\\/schema\\\/logo\\\/image\\\/\",\"url\":\"https:\\\/\\\/thern.com\\\/wp-content\\\/uploads\\\/2023\\\/11\\\/Logo_SaveForWeb-outline-FINAL-01.svg\",\"contentUrl\":\"https:\\\/\\\/thern.com\\\/wp-content\\\/uploads\\\/2023\\\/11\\\/Logo_SaveForWeb-outline-FINAL-01.svg\",\"caption\":\"Thern\u00ae Winches &amp; Cranes\"},\"image\":{\"@id\":\"https:\\\/\\\/thern.com\\\/es\\\/#\\\/schema\\\/logo\\\/image\\\/\"},\"sameAs\":[\"https:\\\/\\\/www.facebook.com\\\/ThernInc\\\/\",\"https:\\\/\\\/www.linkedin.com\\\/company\\\/thern-inc-\\\/\",\"https:\\\/\\\/www.youtube.com\\\/user\\\/ThernStage\"]}]}<\/script>\n<!-- \/ Yoast SEO plugin. -->","yoast_head_json":{"title":"Bomba de agua\/aguas residuales | Thern\u00ae Winches &amp; Cranes","description":"\u00bfQu\u00e9 gr\u00faa es mejor para levantar una bomba de agua\/aguas residuales? Una gr\u00faa pescante porque es duradera, f\u00e1cil de usar y puede personalizarse para cualquier aplicaci\u00f3n.","robots":{"index":"index","follow":"follow","max-snippet":"max-snippet:-1","max-image-preview":"max-image-preview:large","max-video-preview":"max-video-preview:-1"},"canonical":"https:\/\/thern.com\/es\/industries\/water-wastewater\/pump-hoists\/","og_locale":"es_ES","og_type":"article","og_title":"Bomba de agua\/aguas residuales | Thern\u00ae Winches &amp; Cranes","og_description":"\u00bfQu\u00e9 gr\u00faa es mejor para levantar una bomba de agua\/aguas residuales? Una gr\u00faa pescante porque es duradera, f\u00e1cil de usar y puede personalizarse para cualquier aplicaci\u00f3n.","og_url":"https:\/\/thern.com\/es\/industries\/water-wastewater\/pump-hoists\/","og_site_name":"Thern\u00ae Winches &amp; Cranes","article_publisher":"https:\/\/www.facebook.com\/ThernInc\/","article_modified_time":"2023-10-05T21:59:22+00:00","twitter_card":"summary_large_image","twitter_misc":{"Tiempo de lectura":"5 minutos"},"schema":{"@context":"https:\/\/schema.org","@graph":[{"@type":"WebPage","@id":"https:\/\/thern.com\/es\/industries\/water-wastewater\/pump-hoists\/","url":"https:\/\/thern.com\/es\/industries\/water-wastewater\/pump-hoists\/","name":"Bomba de agua\/aguas residuales | Thern\u00ae Winches &amp; Cranes","isPartOf":{"@id":"https:\/\/thern.com\/es\/#website"},"datePublished":"2023-08-25T17:17:13+00:00","dateModified":"2023-10-05T21:59:22+00:00","description":"\u00bfQu\u00e9 gr\u00faa es mejor para levantar una bomba de agua\/aguas residuales? Una gr\u00faa pescante porque es duradera, f\u00e1cil de usar y puede personalizarse para cualquier aplicaci\u00f3n.","breadcrumb":{"@id":"https:\/\/thern.com\/es\/industries\/water-wastewater\/pump-hoists\/#breadcrumb"},"inLanguage":"es","potentialAction":[{"@type":"ReadAction","target":["https:\/\/thern.com\/es\/industries\/water-wastewater\/pump-hoists\/"]}]},{"@type":"BreadcrumbList","@id":"https:\/\/thern.com\/es\/industries\/water-wastewater\/pump-hoists\/#breadcrumb","itemListElement":[{"@type":"ListItem","position":1,"name":"Home","item":"https:\/\/thern.com\/es\/"},{"@type":"ListItem","position":2,"name":"Industries","item":"https:\/\/thern.com\/es\/industries\/"},{"@type":"ListItem","position":3,"name":"Water Wastewater","item":"https:\/\/thern.com\/es\/industries\/water-wastewater\/"},{"@type":"ListItem","position":4,"name":"Pump Hoists"}]},{"@type":"WebSite","@id":"https:\/\/thern.com\/es\/#website","url":"https:\/\/thern.com\/es\/","name":"Thern\u00ae Winches &amp; Cranes","description":"Leave the Heavy Lifting to Us","publisher":{"@id":"https:\/\/thern.com\/es\/#organization"},"potentialAction":[{"@type":"SearchAction","target":{"@type":"EntryPoint","urlTemplate":"https:\/\/thern.com\/es\/?s={search_term_string}"},"query-input":{"@type":"PropertyValueSpecification","valueRequired":true,"valueName":"search_term_string"}}],"inLanguage":"es"},{"@type":"Organization","@id":"https:\/\/thern.com\/es\/#organization","name":"Thern\u00ae Winches &amp; Cranes","url":"https:\/\/thern.com\/es\/","logo":{"@type":"ImageObject","inLanguage":"es","@id":"https:\/\/thern.com\/es\/#\/schema\/logo\/image\/","url":"https:\/\/thern.com\/wp-content\/uploads\/2023\/11\/Logo_SaveForWeb-outline-FINAL-01.svg","contentUrl":"https:\/\/thern.com\/wp-content\/uploads\/2023\/11\/Logo_SaveForWeb-outline-FINAL-01.svg","caption":"Thern\u00ae Winches &amp; Cranes"},"image":{"@id":"https:\/\/thern.com\/es\/#\/schema\/logo\/image\/"},"sameAs":["https:\/\/www.facebook.com\/ThernInc\/","https:\/\/www.linkedin.com\/company\/thern-inc-\/","https:\/\/www.youtube.com\/user\/ThernStage"]}]}},"_links":{"self":[{"href":"https:\/\/thern.com\/es\/wp-json\/wp\/v2\/pages\/31736","targetHints":{"allow":["GET"]}}],"collection":[{"href":"https:\/\/thern.com\/es\/wp-json\/wp\/v2\/pages"}],"about":[{"href":"https:\/\/thern.com\/es\/wp-json\/wp\/v2\/types\/page"}],"author":[{"embeddable":true,"href":"https:\/\/thern.com\/es\/wp-json\/wp\/v2\/users\/1"}],"replies":[{"embeddable":true,"href":"https:\/\/thern.com\/es\/wp-json\/wp\/v2\/comments?post=31736"}],"version-history":[{"count":0,"href":"https:\/\/thern.com\/es\/wp-json\/wp\/v2\/pages\/31736\/revisions"}],"up":[{"embeddable":true,"href":"https:\/\/thern.com\/es\/wp-json\/wp\/v2\/pages\/32358"}],"wp:attachment":[{"href":"https:\/\/thern.com\/es\/wp-json\/wp\/v2\/media?parent=31736"}],"curies":[{"name":"wp","href":"https:\/\/api.w.org\/{rel}","templated":true}]}}