{"id":31652,"date":"2023-08-10T15:10:16","date_gmt":"2023-08-10T15:10:16","guid":{"rendered":"https:\/\/therninc.wpenginepowered.com\/financing\/"},"modified":"2023-10-05T18:59:53","modified_gmt":"2023-10-05T18:59:53","slug":"financing","status":"publish","type":"page","link":"https:\/\/thern.com\/es\/financing\/","title":{"rendered":"Financing"},"content":{"rendered":"<div class=\"wpb-content-wrapper\"><p>[vc_section full_width=\u00bbstretch_row\u00bb content_placement=\u00bbmiddle\u00bb css=\u00bb.vc_custom_1692820231742{padding-top: 0px !important;background-image: url(https:\/\/thern.com\/wp-content\/uploads\/2023\/08\/Thern_Financing-Hero-V2.jpg?id=22456) !important;background-position: center !important;background-repeat: no-repeat !important;background-size: cover !important;}\u00bb][vc_row full_width=\u00bbstretch_row\u00bb css=\u00bb.vc_custom_1692820238131{padding-top: 50px !important;padding-bottom: 70px !important;background-color: rgba(0,0,0,0.5) !important;*background-color: rgb(0,0,0) !important;}\u00bb][vc_column][vc_custom_heading text=\u00bbFinanciaci\u00f3n\u00bb font_container=\u00bbtag:h1|text_align:left|color:%23ffffff\u00bb use_theme_fonts=\u00bbyes\u00bb css_animation=\u00bbfadeInLeft\u00bb][\/vc_column][\/vc_row][\/vc_section][vc_row full_width=\u00bbstretch_row\u00bb css=\u00bb.vc_custom_1692820402687{padding-bottom: 35px !important;background-color: #c71a32 !important;}\u00bb][vc_column][vc_custom_heading text=\u00bbUn plan de financiaci\u00f3n flexible que se adapta a su presupuesto\u00bb font_container=\u00bbtag:h2|text_align:left|color:%23ffffff\u00bb use_theme_fonts=\u00bbyes\u00bb css_animation=\u00bbfadeInLeft\u00bb css=\u00bb.vc_custom_1696532317233{margin-bottom: 0px !important;}\u00bb][\/vc_column][\/vc_row][vc_row equal_height=\u00bbyes\u00bb][vc_column css_animation=\u00bbfadeInLeft\u00bb width=\u00bb1\/2&#8243;][vc_single_image image=\u00bb22453&#8243; img_size=\u00bbfull\u00bb][vc_column_text]<strong>Es simple, seguro e inteligente<\/strong><\/p>\n<p>\u00a1Consigue el equipo que necesitas cuando lo necesitas! Nos complace ofrecer una opci\u00f3n de financiamiento que le permite comprar ahora y pagar m\u00e1s tarde en un cronograma conveniente y manejable.<\/p>\n<p>First Western Equipment Finance, una divisi\u00f3n de First Western Bank &amp; Trust, es el socio financiero oficial de Thern y es experto en financiaci\u00f3n p\u00fablica y municipal. Asociarse con First Western Equipment Finance para sus necesidades de financiamiento de cabrestantes y gr\u00faas significa elegir un l\u00edder confiable de la industria con un personal comprometido y experimentado. First Western Equipment Finance ofrece financiaci\u00f3n a tasa bancaria y un proceso sencillo sin costos ocultos ni trucos, incluida la divulgaci\u00f3n completa de tasas y t\u00e9rminos.[\/vc_column_text][\/vc_column][vc_column css_animation=\u00bbfadeInRight\u00bb width=\u00bb1\/2&#8243;][vc_single_image image=\u00bb22454&#8243; img_size=\u00bbfull\u00bb][\/vc_column][\/vc_row][vc_row full_width=\u00bbstretch_row\u00bb css=\u00bb.vc_custom_1691680614320{padding-top: 35px !important;padding-bottom: 35px !important;background-color: #ececec !important;}\u00bb el_class=\u00bbapplication\u00bb][vc_column][vc_custom_heading text=\u00bbC\u00f3mo presentar su solicitud en l\u00ednea:\u00bb font_container=\u00bbtag:h2|text_align:left|color:%230a0a0a\u00bb use_theme_fonts=\u00bbyes\u00bb css_animation=\u00bbfadeInUp\u00bb css=\u00bb.vc_custom_1696532342255{margin-bottom: 0px !important;}\u00bb][\/vc_column][vc_column css_animation=\u00bbfadeInUp\u00bb width=\u00bb1\/3&#8243;][vc_custom_heading text=\u00bb1&#8243; font_container=\u00bbtag:h2|text_align:center|color:%23ffffff\u00bb use_theme_fonts=\u00bbyes\u00bb css=\u00bb.vc_custom_1692899644671{margin-bottom: 0px !important;}\u00bb el_class=\u00bbnumber\u00bb][vc_custom_heading text=\u00bbContacta con nosotros\u00bb font_container=\u00bbtag:h2|text_align:left|color:%23900000&#8243; use_theme_fonts=\u00bbyes\u00bb css=\u00bb.vc_custom_1696532349115{margin-bottom: 0px !important;}\u00bb][vc_column_text]Obtenga un pago mensual de su representante de ventas de Thern o comun\u00edquese con First Western Equipment Finance al<br \/>\n<a style=\"color: #c71a32;\" href=\"tel:800-288-5088\">1-800-288-5088<\/a>.[\/vc_column_text][\/vc_column][vc_column css_animation=\u00bbfadeInUp\u00bb width=\u00bb1\/3&#8243;][vc_custom_heading text=\u00bb2&#8243; font_container=\u00bbtag:h2|text_align:center|color:%23ffffff\u00bb use_theme_fonts=\u00bbyes\u00bb css=\u00bb.vc_custom_1692899651081{margin-bottom: 0px !important;}\u00bb el_class=\u00bbnumber\u00bb][vc_custom_heading text=\u00bbConfiguraci\u00f3n sencilla\u00bb font_container=\u00bbtag:h2|text_align:left|color:%23900000&#8243; use_theme_fonts=\u00bbyes\u00bb css=\u00bb.vc_custom_1696532361068{margin-bottom: 0px !important;}\u00bb][vc_column_text]Solicite hoy: complete una solicitud simple de una p\u00e1gina en l\u00ednea.[\/vc_column_text][\/vc_column][vc_column css_animation=\u00bbfadeInUp\u00bb width=\u00bb1\/3&#8243;][vc_custom_heading text=\u00bb3&#8243; font_container=\u00bbtag:h2|text_align:center|color:%23ffffff\u00bb use_theme_fonts=\u00bbyes\u00bb css=\u00bb.vc_custom_1692899659909{margin-bottom: 0px !important;}\u00bb el_class=\u00bbnumber\u00bb][vc_custom_heading text=\u00bbObtener aprobaci\u00f3n\u00bb font_container=\u00bbtag:h2|text_align:left|color:%23900000&#8243; use_theme_fonts=\u00bbyes\u00bb css=\u00bb.vc_custom_1696532372780{margin-bottom: 0px !important;}\u00bb][vc_column_text]\u00a1Obtenga aprobaci\u00f3n r\u00e1pida! Las solicitudes normalmente se procesan en 30 minutos.[\/vc_column_text][\/vc_column][\/vc_row][vc_row css=\u00bb.vc_custom_1689183432752{padding-top: 35px !important;padding-bottom: 35px !important;}\u00bb][vc_column width=\u00bb1\/6&#8243;][\/vc_column][vc_column css_animation=\u00bbfadeInUp\u00bb width=\u00bb4\/6&#8243;][vc_custom_heading text=\u00bbSolicite en l\u00ednea hoy\u00bb font_container=\u00bbtag:h2|text_align:center|color:%230a0a0a\u00bb use_theme_fonts=\u00bbyes\u00bb css=\u00bb.vc_custom_1696532385293{margin-bottom: 25px !important;}\u00bb][vc_btn title=\u00bbAplica ya\u00bb style=\u00bbcustom\u00bb custom_background=\u00bb#c71a32&#8243; custom_text=\u00bb#ffffff\u00bb shape=\u00bbsquare\u00bb size=\u00bblg\u00bb align=\u00bbcenter\u00bb i_align=\u00bbright\u00bb i_icon_fontawesome=\u00bbfas fa-angle-right\u00bb add_icon=\u00bbtrue\u00bb link=\u00bburl:https%3A%2F%2Fwww.all-linesleasing.com%2FCredit%2FApply%2FThern|title:Apply%20Now|target:_blank\u00bb][\/vc_column][vc_column width=\u00bb1\/6&#8243;][\/vc_column][\/vc_row]<\/p>\n<\/div>","protected":false},"excerpt":{"rendered":"<p>[vc_section full_width=\u00bbstretch_row\u00bb content_placement=\u00bbmiddle\u00bb css=\u00bb.vc_custom_1692820231742{padding-top: 0px !important;background-image: url(https:\/\/thern.com\/wp-content\/uploads\/2023\/08\/Thern_Financing-Hero-V2.jpg?id=22456) !important;background-position: center !important;background-repeat: no-repeat !important;background-size: cover !important;}\u00bb][vc_row full_width=\u00bbstretch_row\u00bb css=\u00bb.vc_custom_1692820238131{padding-top: 50px !important;padding-bottom: 70px !important;background-color: rgba(0,0,0,0.5) !important;*background-color: rgb(0,0,0) !important;}\u00bb][vc_column][vc_custom_heading text=\u00bbFinanciaci\u00f3n\u00bb font_container=\u00bbtag:h1|text_align:left|color:%23ffffff\u00bb use_theme_fonts=\u00bbyes\u00bb css_animation=\u00bbfadeInLeft\u00bb][\/vc_column][\/vc_row][\/vc_section][vc_row full_width=\u00bbstretch_row\u00bb css=\u00bb.vc_custom_1692820402687{padding-bottom: 35px !important;background-color: #c71a32 !important;}\u00bb][vc_column][vc_custom_heading text=\u00bbUn plan de financiaci\u00f3n flexible que se adapta a su presupuesto\u00bb font_container=\u00bbtag:h2|text_align:left|color:%23ffffff\u00bb use_theme_fonts=\u00bbyes\u00bb css_animation=\u00bbfadeInLeft\u00bb css=\u00bb.vc_custom_1696532317233{margin-bottom: 0px !important;}\u00bb][\/vc_column][\/vc_row][vc_row equal_height=\u00bbyes\u00bb][vc_column css_animation=\u00bbfadeInLeft\u00bb width=\u00bb1\/2&#8243;][vc_single_image image=\u00bb22453&#8243; &#8230; <a title=\"Financing\" class=\"read-more\" href=\"https:\/\/thern.com\/es\/financing\/\" aria-label=\"More on Financing\">Read more<\/a><\/p>\n","protected":false},"author":1,"featured_media":0,"parent":0,"menu_order":0,"comment_status":"closed","ping_status":"closed","template":"","meta":{"footnotes":""},"class_list":["post-31652","page","type-page","status-publish"],"yoast_head":"<!-- This site is optimized with the Yoast SEO plugin v27.3 - https:\/\/yoast.com\/product\/yoast-seo-wordpress\/ -->\n<title>Thern Financiamiento de equipos | Thern\u00ae Winches &amp; Cranes<\/title>\n<meta name=\"description\" content=\"Obtenga el equipo Thern\u00ae que necesita cuando lo necesita con una opci\u00f3n de financiamiento que le permite comprar ahora y pagar m\u00e1s tarde en un cronograma conveniente y manejable.\" \/>\n<meta name=\"robots\" content=\"index, follow, max-snippet:-1, max-image-preview:large, max-video-preview:-1\" \/>\n<link rel=\"canonical\" href=\"https:\/\/thern.com\/es\/financing\/\" \/>\n<meta property=\"og:locale\" content=\"es_ES\" \/>\n<meta property=\"og:type\" content=\"article\" \/>\n<meta property=\"og:title\" content=\"Thern Financiamiento de equipos | Thern\u00ae Winches &amp; Cranes\" \/>\n<meta property=\"og:description\" content=\"Obtenga el equipo Thern\u00ae que necesita cuando lo necesita con una opci\u00f3n de financiamiento que le permite comprar ahora y pagar m\u00e1s tarde en un cronograma conveniente y manejable.\" \/>\n<meta property=\"og:url\" content=\"https:\/\/thern.com\/es\/financing\/\" \/>\n<meta property=\"og:site_name\" content=\"Thern\u00ae Winches &amp; Cranes\" \/>\n<meta property=\"article:publisher\" content=\"https:\/\/www.facebook.com\/ThernInc\/\" \/>\n<meta property=\"article:modified_time\" content=\"2023-10-05T18:59:53+00:00\" \/>\n<meta name=\"twitter:card\" content=\"summary_large_image\" \/>\n<meta name=\"twitter:label1\" content=\"Tiempo de lectura\" \/>\n\t<meta name=\"twitter:data1\" content=\"2 minutos\" \/>\n<script type=\"application\/ld+json\" class=\"yoast-schema-graph\">{\"@context\":\"https:\\\/\\\/schema.org\",\"@graph\":[{\"@type\":\"WebPage\",\"@id\":\"https:\\\/\\\/thern.com\\\/es\\\/financing\\\/\",\"url\":\"https:\\\/\\\/thern.com\\\/es\\\/financing\\\/\",\"name\":\"Thern Financiamiento de equipos | Thern\u00ae Winches &amp; Cranes\",\"isPartOf\":{\"@id\":\"https:\\\/\\\/thern.com\\\/es\\\/#website\"},\"datePublished\":\"2023-08-10T15:10:16+00:00\",\"dateModified\":\"2023-10-05T18:59:53+00:00\",\"description\":\"Obtenga el equipo Thern\u00ae que necesita cuando lo necesita con una opci\u00f3n de financiamiento que le permite comprar ahora y pagar m\u00e1s tarde en un cronograma conveniente y manejable.\",\"breadcrumb\":{\"@id\":\"https:\\\/\\\/thern.com\\\/es\\\/financing\\\/#breadcrumb\"},\"inLanguage\":\"es\",\"potentialAction\":[{\"@type\":\"ReadAction\",\"target\":[\"https:\\\/\\\/thern.com\\\/es\\\/financing\\\/\"]}]},{\"@type\":\"BreadcrumbList\",\"@id\":\"https:\\\/\\\/thern.com\\\/es\\\/financing\\\/#breadcrumb\",\"itemListElement\":[{\"@type\":\"ListItem\",\"position\":1,\"name\":\"Home\",\"item\":\"https:\\\/\\\/thern.com\\\/es\\\/\"},{\"@type\":\"ListItem\",\"position\":2,\"name\":\"Financing\"}]},{\"@type\":\"WebSite\",\"@id\":\"https:\\\/\\\/thern.com\\\/es\\\/#website\",\"url\":\"https:\\\/\\\/thern.com\\\/es\\\/\",\"name\":\"Thern\u00ae Winches &amp; Cranes\",\"description\":\"Leave the Heavy Lifting to Us\",\"publisher\":{\"@id\":\"https:\\\/\\\/thern.com\\\/es\\\/#organization\"},\"potentialAction\":[{\"@type\":\"SearchAction\",\"target\":{\"@type\":\"EntryPoint\",\"urlTemplate\":\"https:\\\/\\\/thern.com\\\/es\\\/?s={search_term_string}\"},\"query-input\":{\"@type\":\"PropertyValueSpecification\",\"valueRequired\":true,\"valueName\":\"search_term_string\"}}],\"inLanguage\":\"es\"},{\"@type\":\"Organization\",\"@id\":\"https:\\\/\\\/thern.com\\\/es\\\/#organization\",\"name\":\"Thern\u00ae Winches &amp; Cranes\",\"url\":\"https:\\\/\\\/thern.com\\\/es\\\/\",\"logo\":{\"@type\":\"ImageObject\",\"inLanguage\":\"es\",\"@id\":\"https:\\\/\\\/thern.com\\\/es\\\/#\\\/schema\\\/logo\\\/image\\\/\",\"url\":\"https:\\\/\\\/thern.com\\\/wp-content\\\/uploads\\\/2023\\\/11\\\/Logo_SaveForWeb-outline-FINAL-01.svg\",\"contentUrl\":\"https:\\\/\\\/thern.com\\\/wp-content\\\/uploads\\\/2023\\\/11\\\/Logo_SaveForWeb-outline-FINAL-01.svg\",\"caption\":\"Thern\u00ae Winches &amp; Cranes\"},\"image\":{\"@id\":\"https:\\\/\\\/thern.com\\\/es\\\/#\\\/schema\\\/logo\\\/image\\\/\"},\"sameAs\":[\"https:\\\/\\\/www.facebook.com\\\/ThernInc\\\/\",\"https:\\\/\\\/www.linkedin.com\\\/company\\\/thern-inc-\\\/\",\"https:\\\/\\\/www.youtube.com\\\/user\\\/ThernStage\"]}]}<\/script>\n<!-- \/ Yoast SEO plugin. -->","yoast_head_json":{"title":"Thern Financiamiento de equipos | Thern\u00ae Winches &amp; Cranes","description":"Obtenga el equipo Thern\u00ae que necesita cuando lo necesita con una opci\u00f3n de financiamiento que le permite comprar ahora y pagar m\u00e1s tarde en un cronograma conveniente y manejable.","robots":{"index":"index","follow":"follow","max-snippet":"max-snippet:-1","max-image-preview":"max-image-preview:large","max-video-preview":"max-video-preview:-1"},"canonical":"https:\/\/thern.com\/es\/financing\/","og_locale":"es_ES","og_type":"article","og_title":"Thern Financiamiento de equipos | Thern\u00ae Winches &amp; Cranes","og_description":"Obtenga el equipo Thern\u00ae que necesita cuando lo necesita con una opci\u00f3n de financiamiento que le permite comprar ahora y pagar m\u00e1s tarde en un cronograma conveniente y manejable.","og_url":"https:\/\/thern.com\/es\/financing\/","og_site_name":"Thern\u00ae Winches &amp; Cranes","article_publisher":"https:\/\/www.facebook.com\/ThernInc\/","article_modified_time":"2023-10-05T18:59:53+00:00","twitter_card":"summary_large_image","twitter_misc":{"Tiempo de lectura":"2 minutos"},"schema":{"@context":"https:\/\/schema.org","@graph":[{"@type":"WebPage","@id":"https:\/\/thern.com\/es\/financing\/","url":"https:\/\/thern.com\/es\/financing\/","name":"Thern Financiamiento de equipos | Thern\u00ae Winches &amp; Cranes","isPartOf":{"@id":"https:\/\/thern.com\/es\/#website"},"datePublished":"2023-08-10T15:10:16+00:00","dateModified":"2023-10-05T18:59:53+00:00","description":"Obtenga el equipo Thern\u00ae que necesita cuando lo necesita con una opci\u00f3n de financiamiento que le permite comprar ahora y pagar m\u00e1s tarde en un cronograma conveniente y manejable.","breadcrumb":{"@id":"https:\/\/thern.com\/es\/financing\/#breadcrumb"},"inLanguage":"es","potentialAction":[{"@type":"ReadAction","target":["https:\/\/thern.com\/es\/financing\/"]}]},{"@type":"BreadcrumbList","@id":"https:\/\/thern.com\/es\/financing\/#breadcrumb","itemListElement":[{"@type":"ListItem","position":1,"name":"Home","item":"https:\/\/thern.com\/es\/"},{"@type":"ListItem","position":2,"name":"Financing"}]},{"@type":"WebSite","@id":"https:\/\/thern.com\/es\/#website","url":"https:\/\/thern.com\/es\/","name":"Thern\u00ae Winches &amp; Cranes","description":"Leave the Heavy Lifting to Us","publisher":{"@id":"https:\/\/thern.com\/es\/#organization"},"potentialAction":[{"@type":"SearchAction","target":{"@type":"EntryPoint","urlTemplate":"https:\/\/thern.com\/es\/?s={search_term_string}"},"query-input":{"@type":"PropertyValueSpecification","valueRequired":true,"valueName":"search_term_string"}}],"inLanguage":"es"},{"@type":"Organization","@id":"https:\/\/thern.com\/es\/#organization","name":"Thern\u00ae Winches &amp; Cranes","url":"https:\/\/thern.com\/es\/","logo":{"@type":"ImageObject","inLanguage":"es","@id":"https:\/\/thern.com\/es\/#\/schema\/logo\/image\/","url":"https:\/\/thern.com\/wp-content\/uploads\/2023\/11\/Logo_SaveForWeb-outline-FINAL-01.svg","contentUrl":"https:\/\/thern.com\/wp-content\/uploads\/2023\/11\/Logo_SaveForWeb-outline-FINAL-01.svg","caption":"Thern\u00ae Winches &amp; Cranes"},"image":{"@id":"https:\/\/thern.com\/es\/#\/schema\/logo\/image\/"},"sameAs":["https:\/\/www.facebook.com\/ThernInc\/","https:\/\/www.linkedin.com\/company\/thern-inc-\/","https:\/\/www.youtube.com\/user\/ThernStage"]}]}},"_links":{"self":[{"href":"https:\/\/thern.com\/es\/wp-json\/wp\/v2\/pages\/31652","targetHints":{"allow":["GET"]}}],"collection":[{"href":"https:\/\/thern.com\/es\/wp-json\/wp\/v2\/pages"}],"about":[{"href":"https:\/\/thern.com\/es\/wp-json\/wp\/v2\/types\/page"}],"author":[{"embeddable":true,"href":"https:\/\/thern.com\/es\/wp-json\/wp\/v2\/users\/1"}],"replies":[{"embeddable":true,"href":"https:\/\/thern.com\/es\/wp-json\/wp\/v2\/comments?post=31652"}],"version-history":[{"count":0,"href":"https:\/\/thern.com\/es\/wp-json\/wp\/v2\/pages\/31652\/revisions"}],"wp:attachment":[{"href":"https:\/\/thern.com\/es\/wp-json\/wp\/v2\/media?parent=31652"}],"curies":[{"name":"wp","href":"https:\/\/api.w.org\/{rel}","templated":true}]}}